{"id":5565,"date":"2022-02-22T01:51:04","date_gmt":"2022-02-22T01:51:04","guid":{"rendered":"https:\/\/medicinasinc.com\/ro\/?post_type=product&#038;p=5565"},"modified":"2022-03-22T00:54:44","modified_gmt":"2022-03-22T00:54:44","slug":"cumpara-mdpv-metilendioxipirovalerona-pulbere","status":"publish","type":"product","link":"https:\/\/medicinasinc.com\/ro\/product\/cumpara-mdpv-metilendioxipirovalerona-pulbere\/","title":{"rendered":"Cump\u0103ra\u021bi pulbere MDPV (Metilendioxipirovaleron\u0103)."},"content":{"rendered":"<p>MDPV este disponibil pentru cump\u0103rare aici.<\/p>\n<p>cump\u0103ra\u021bi MDPV online pentru uz propriu sau pentru rev\u00e2nd. Putem garanta c\u0103 pulberea noastr\u0103 MDPV de v\u00e2nzare este de cea mai \u00eenalt\u0103 calitate disponibil\u0103 \u00een prezent pe pia\u021b\u0103. Western Union, MoneyGram \u0219i bitcoins se num\u0103r\u0103 printre metodele de plat\u0103 pe care le accept\u0103m. Avem, de asemenea, o mare varietate de diferite substan\u021be chimice de cercetare de v\u00e2nzare, inclusiv JWH-018. V\u0103 rug\u0103m s\u0103 re\u021bine\u021bi c\u0103 nu suntem responsabili pentru modul \u00een care MDPV-ul nostru de v\u00e2nzare \u00een Statele Unite este utilizat de c\u0103tre clien\u021bii no\u0219tri.<\/p>\n<p>Un stimulent din clasa catinonei, pulbere MDPV (metilendioxipirovaleron\u0103) poate fi achizi\u021bionat online. Este un inhibitor al recapt\u0103rii norepinefrinei-dopaminei \u0219i un stimulent psihotrop. \u00cen anii 1960, o echip\u0103 de la Boehringer Ingelheim l-a creat.<br \/> FORMA DE PUDR\u0102 DE MDPV (METILENEDIOXIPIROVALERON):<br \/> Din cauza texturii sale fine \u0219i a tendin\u021bei de a se lipi \u00eempreun\u0103 atunci c\u00e2nd este expus\u0103 la umiditate, sarea clorhidrat este adesea confundat\u0103 cu zah\u0103r pudr\u0103.<br \/> Propriet\u0103\u021bile stimulatoare ale MDPV au fost comparate cu cele ale cocainei, metilfenidatului \u0219i amfetaminelor.<\/p>\n<div class=\"entry-content gbtr_product_description\">\n<h3 class=\"fusion-responsive-typography-calculated \" data-fontsize=\"16\" data-lineheight=\"24px\"><\/h3>\n<\/p><\/div>\n","protected":false},"excerpt":{"rendered":"<div class=\"woocommerce-product-details__short-description\">\n<p>Cump\u0103ra\u021bi MDPV de v\u00e2nzare online \u00een Marea Britanie, Europa aici, la Bestglobalmeds.com. Achizi\u021bionarea online a substan\u021belor chimice de cercetare Metilendioxipirovalerone este foarte dificil\u0103. Dar putem oferi MDPV de calitate superioar\u0103 spre v\u00e2nzare la pre\u021buri foarte mici. Nimic bun nu vine cu u\u0219urin\u021b\u0103 \u0219i ne necesit\u0103 mult\u0103 munc\u0103 pentru a avea MDPV de cea mai bun\u0103 calitate de v\u00e2nzare.<\/p>\n<p><b>Metilendioxipirovalerona<\/b>\u00a0(MDPV) este un stimulent din clasa catinonei care ac\u021bioneaz\u0103 ca un inhibitor al recapt\u0103rii norepinefrinei-dopaminei (NDRI). A fost dezvoltat pentru prima dat\u0103 \u00een anii 1960 de o echip\u0103 de la Boehringer Ingelheim.<\/p>\n<h3 class=\"fusion-responsive-typography-calculated\" data-fontsize=\"16\" data-lineheight=\"24px\">MDPV (Methylenedioxypyrovalerone) pulberea este un stimulent al clasei catinone.<\/h3>\n<\/p><\/div>\n","protected":false},"featured_media":5576,"comment_status":"open","ping_status":"closed","template":"","meta":[],"product_brand":[],"product_cat":[2014],"product_tag":[3139,3140,3141,3142,3147,3148,3149,3150,3154,3155,3160,3161,3162,3144,3143,3153,3145,3146,3151,3138,3152,3137,3157,3158,3159,3156,3189,3164,3165,3166,3169,3167,3171,3172,3177,3178,3179,3180,3182,3163,3168,3187,3188,3184,3185,3186,3170,3173,3175,3176,3174,3181,3183,3136],"class_list":{"0":"post-5565","1":"product","2":"type-product","3":"status-publish","4":"has-post-thumbnail","6":"product_cat-cumprare-cercetare-chimice","7":"product_tag-buy-mdpv-1g","8":"product_tag-buy-mdpv-cheap","9":"product_tag-buy-mdpv-europe","10":"product_tag-buy-mdpv-online","11":"product_tag-buy-mdpv-powdera-online","12":"product_tag-buy-mdpv-powdera-online-casino","13":"product_tag-buy-mdpv-powdera-online-ecouter","14":"product_tag-buy-mdpv-powdera-online-fr","15":"product_tag-buy-methylenedioxypyrovalerone-powder-online-indonesia","16":"product_tag-buy-methylenedioxypyrovalerone-powder-online-review","17":"product_tag-buy-methylenedioxypyrovalerone-powdera-online-fr","18":"product_tag-buy-methylenedioxypyrovalerone-power-online","19":"product_tag-cum-se-cumpr-mdpv","20":"product_tag-buy-mdpv-plant-food","21":"product_tag-buy-mdpv-online-usa","22":"product_tag-buy-mdpv-usa","23":"product_tag-cumpara-mdpv-pudra-online-2019","24":"product_tag-buy-mdpv-powder-online-free","25":"product_tag-buy-mdpv-power-online","26":"product_tag-buy-mdpv","27":"product_tag-buy-mdpv-uk","28":"product_tag-cumpr-dextrometorfan-pulbere-online","29":"product_tag-cumpara-metilendioxipirovalerona-pulbere-online","30":"product_tag-cumpr-metilendioxipirovaleron-pulbere-online-ecouter","31":"product_tag-cumpara-methylenedioxypyrovalerone-powdera-online-com","32":"product_tag-cumpr-methylenedioxypyrovalerone-powder-online-recenzii","33":"product_tag-unde-sa-cumparam-mdpv","34":"product_tag-mdpv-bath-salts-buy-online","35":"product_tag-mdpv-bath-salts-for-sale","36":"product_tag-mdpv-buy-uk","37":"product_tag-mdpv-online-buy","38":"product_tag-mdpv-buy-usa","39":"product_tag-mdpv-powder-for-sale-2019","40":"product_tag-mdpv-powder-for-sale-amazon","41":"product_tag-mdpv-powder-for-sale-near-me","42":"product_tag-mdpv-powder-for-sale-uk","43":"product_tag-mdpv-powder-for-sale-united-states","44":"product_tag-mdpv-powder-for-sale-usa","45":"product_tag-mdpv-pulbere-de-vanzare-fara","46":"product_tag-mdpv-sruri-de-baie-cumprare","47":"product_tag-mdpv-medicament","48":"product_tag-methylenedioxypyrovalerone-powder-foundation","49":"product_tag-methylenedioxypyrovalerone-powder-review","50":"product_tag-metilendioxipirovaleron-cumprare","51":"product_tag-metilendioxipirovaleron-cumprare-online","52":"product_tag-pulbere-de-metilendioxipirovaleron","53":"product_tag-mdpv-pulbere-de-vanzare","54":"product_tag-mdpv-pulbere-de-vanzare-craigslist","55":"product_tag-mdpv-pulbere-de-vanzare-florida","56":"product_tag-mdpv-pulbere-de-vanzare-michigan","57":"product_tag-mdpv-pulbere-de-vanzare-ebay","58":"product_tag-mdpv-pulbere-de-vanzare-walmart","59":"product_tag-mdpv-pulberi","60":"product_tag-sare-de-baie-de-vnzare","62":"first","63":"instock","64":"shipping-taxable","65":"purchasable","66":"product-type-variable","67":"has-default-attributes"},"yoast_head":"<!-- This site is optimized with the Yoast SEO plugin v27.3 - https:\/\/yoast.com\/product\/yoast-seo-wordpress\/ -->\n<title>Cump\u0103ra\u021bi pulbere MDPV (Metilendioxipirovaleron\u0103) - Cele mai bune medicamente globale<\/title>\n<meta name=\"description\" content=\"Cump\u0103ra\u021bi MDPV de v\u00e2nzare online \u00een Marea Britanie, Europa aici, la Bestglobalmeds. Achizi\u021bionarea online a substan\u021belor chimice de cercetare Metilendioxipirovalerone este foarte dificil\u0103. Dar putem oferi MDPV de calitate superioar\u0103 spre v\u00e2nzare la pre\u021buri foarte mici.\" \/>\n<meta name=\"robots\" content=\"index, follow, max-snippet:-1, max-image-preview:large, max-video-preview:-1\" \/>\n<link rel=\"canonical\" href=\"https:\/\/medicinasinc.com\/ro\/product\/cumpara-mdpv-metilendioxipirovalerona-pulbere\/\" \/>\n<meta property=\"og:locale\" content=\"en_US\" \/>\n<meta property=\"og:type\" content=\"article\" \/>\n<meta property=\"og:title\" content=\"Cump\u0103ra\u021bi pulbere MDPV (Metilendioxipirovaleron\u0103) - Cele mai bune medicamente globale\" \/>\n<meta property=\"og:description\" content=\"Cump\u0103ra\u021bi MDPV de v\u00e2nzare online \u00een Marea Britanie, Europa aici, la Bestglobalmeds. Achizi\u021bionarea online a substan\u021belor chimice de cercetare Metilendioxipirovalerone este foarte dificil\u0103. Dar putem oferi MDPV de calitate superioar\u0103 spre v\u00e2nzare la pre\u021buri foarte mici.\" \/>\n<meta property=\"og:url\" content=\"https:\/\/medicinasinc.com\/ro\/product\/cumpara-mdpv-metilendioxipirovalerona-pulbere\/\" \/>\n<meta property=\"og:site_name\" content=\"Medicinas Inc\" \/>\n<meta property=\"article:modified_time\" content=\"2022-03-22T00:54:44+00:00\" \/>\n<meta property=\"og:image\" content=\"https:\/\/medicinasinc.com\/ro\/wp-content\/uploads\/sites\/11\/2022\/02\/buy-methylenedioxypyrovalerone.jpg\" \/>\n\t<meta property=\"og:image:width\" content=\"1400\" \/>\n\t<meta property=\"og:image:height\" content=\"700\" \/>\n\t<meta property=\"og:image:type\" content=\"image\/jpeg\" \/>\n<meta name=\"twitter:card\" content=\"summary_large_image\" \/>\n<meta name=\"twitter:label1\" content=\"Est. reading time\" \/>\n\t<meta name=\"twitter:data1\" content=\"1 minute\" \/>\n<script type=\"application\/ld+json\" class=\"yoast-schema-graph\">{\"@context\":\"https:\\\/\\\/schema.org\",\"@graph\":[{\"@type\":\"WebPage\",\"@id\":\"https:\\\/\\\/medicinasinc.com\\\/ro\\\/product\\\/cumpara-mdpv-metilendioxipirovalerona-pulbere\\\/\",\"url\":\"https:\\\/\\\/medicinasinc.com\\\/ro\\\/product\\\/cumpara-mdpv-metilendioxipirovalerona-pulbere\\\/\",\"name\":\"Cump\u0103ra\u021bi pulbere MDPV (Metilendioxipirovaleron\u0103) - Cele mai bune medicamente globale\",\"isPartOf\":{\"@id\":\"https:\\\/\\\/medicinasinc.com\\\/ro\\\/#website\"},\"primaryImageOfPage\":{\"@id\":\"https:\\\/\\\/medicinasinc.com\\\/ro\\\/product\\\/cumpara-mdpv-metilendioxipirovalerona-pulbere\\\/#primaryimage\"},\"image\":{\"@id\":\"https:\\\/\\\/medicinasinc.com\\\/ro\\\/product\\\/cumpara-mdpv-metilendioxipirovalerona-pulbere\\\/#primaryimage\"},\"thumbnailUrl\":\"https:\\\/\\\/medicinasinc.com\\\/ro\\\/wp-content\\\/uploads\\\/sites\\\/11\\\/2022\\\/02\\\/buy-methylenedioxypyrovalerone.jpg\",\"datePublished\":\"2022-02-22T01:51:04+00:00\",\"dateModified\":\"2022-03-22T00:54:44+00:00\",\"description\":\"Cump\u0103ra\u021bi MDPV de v\u00e2nzare online \u00een Marea Britanie, Europa aici, la Bestglobalmeds. Achizi\u021bionarea online a substan\u021belor chimice de cercetare Metilendioxipirovalerone este foarte dificil\u0103. Dar putem oferi MDPV de calitate superioar\u0103 spre v\u00e2nzare la pre\u021buri foarte mici.\",\"breadcrumb\":{\"@id\":\"https:\\\/\\\/medicinasinc.com\\\/ro\\\/product\\\/cumpara-mdpv-metilendioxipirovalerona-pulbere\\\/#breadcrumb\"},\"inLanguage\":\"en-US\",\"potentialAction\":[{\"@type\":\"ReadAction\",\"target\":[\"https:\\\/\\\/medicinasinc.com\\\/ro\\\/product\\\/cumpara-mdpv-metilendioxipirovalerona-pulbere\\\/\"]}]},{\"@type\":\"ImageObject\",\"inLanguage\":\"en-US\",\"@id\":\"https:\\\/\\\/medicinasinc.com\\\/ro\\\/product\\\/cumpara-mdpv-metilendioxipirovalerona-pulbere\\\/#primaryimage\",\"url\":\"https:\\\/\\\/medicinasinc.com\\\/ro\\\/wp-content\\\/uploads\\\/sites\\\/11\\\/2022\\\/02\\\/buy-methylenedioxypyrovalerone.jpg\",\"contentUrl\":\"https:\\\/\\\/medicinasinc.com\\\/ro\\\/wp-content\\\/uploads\\\/sites\\\/11\\\/2022\\\/02\\\/buy-methylenedioxypyrovalerone.jpg\",\"width\":1400,\"height\":700},{\"@type\":\"BreadcrumbList\",\"@id\":\"https:\\\/\\\/medicinasinc.com\\\/ro\\\/product\\\/cumpara-mdpv-metilendioxipirovalerona-pulbere\\\/#breadcrumb\",\"itemListElement\":[{\"@type\":\"ListItem\",\"position\":1,\"name\":\"Magazin\",\"item\":\"https:\\\/\\\/medicinasinc.com\\\/ro\\\/magazin\\\/\"},{\"@type\":\"ListItem\",\"position\":2,\"name\":\"Cump\u0103ra\u021bi pulbere MDPV (Metilendioxipirovaleron\u0103).\"}]},{\"@type\":\"WebSite\",\"@id\":\"https:\\\/\\\/medicinasinc.com\\\/ro\\\/#website\",\"url\":\"https:\\\/\\\/medicinasinc.com\\\/ro\\\/\",\"name\":\"Medicinas Inc\",\"description\":\"Health Medical Clinic\",\"potentialAction\":[{\"@type\":\"SearchAction\",\"target\":{\"@type\":\"EntryPoint\",\"urlTemplate\":\"https:\\\/\\\/medicinasinc.com\\\/ro\\\/?s={search_term_string}\"},\"query-input\":{\"@type\":\"PropertyValueSpecification\",\"valueRequired\":true,\"valueName\":\"search_term_string\"}}],\"inLanguage\":\"en-US\"}]}<\/script>\n<!-- \/ Yoast SEO plugin. -->","yoast_head_json":{"title":"Cump\u0103ra\u021bi pulbere MDPV (Metilendioxipirovaleron\u0103) - Cele mai bune medicamente globale","description":"Cump\u0103ra\u021bi MDPV de v\u00e2nzare online \u00een Marea Britanie, Europa aici, la Bestglobalmeds. Achizi\u021bionarea online a substan\u021belor chimice de cercetare Metilendioxipirovalerone este foarte dificil\u0103. Dar putem oferi MDPV de calitate superioar\u0103 spre v\u00e2nzare la pre\u021buri foarte mici.","robots":{"index":"index","follow":"follow","max-snippet":"max-snippet:-1","max-image-preview":"max-image-preview:large","max-video-preview":"max-video-preview:-1"},"canonical":"https:\/\/medicinasinc.com\/ro\/product\/cumpara-mdpv-metilendioxipirovalerona-pulbere\/","og_locale":"en_US","og_type":"article","og_title":"Cump\u0103ra\u021bi pulbere MDPV (Metilendioxipirovaleron\u0103) - Cele mai bune medicamente globale","og_description":"Cump\u0103ra\u021bi MDPV de v\u00e2nzare online \u00een Marea Britanie, Europa aici, la Bestglobalmeds. Achizi\u021bionarea online a substan\u021belor chimice de cercetare Metilendioxipirovalerone este foarte dificil\u0103. Dar putem oferi MDPV de calitate superioar\u0103 spre v\u00e2nzare la pre\u021buri foarte mici.","og_url":"https:\/\/medicinasinc.com\/ro\/product\/cumpara-mdpv-metilendioxipirovalerona-pulbere\/","og_site_name":"Medicinas Inc","article_modified_time":"2022-03-22T00:54:44+00:00","og_image":[{"width":1400,"height":700,"url":"https:\/\/medicinasinc.com\/ro\/wp-content\/uploads\/sites\/11\/2022\/02\/buy-methylenedioxypyrovalerone.jpg","type":"image\/jpeg"}],"twitter_card":"summary_large_image","twitter_misc":{"Est. reading time":"1 minute"},"schema":{"@context":"https:\/\/schema.org","@graph":[{"@type":"WebPage","@id":"https:\/\/medicinasinc.com\/ro\/product\/cumpara-mdpv-metilendioxipirovalerona-pulbere\/","url":"https:\/\/medicinasinc.com\/ro\/product\/cumpara-mdpv-metilendioxipirovalerona-pulbere\/","name":"Cump\u0103ra\u021bi pulbere MDPV (Metilendioxipirovaleron\u0103) - Cele mai bune medicamente globale","isPartOf":{"@id":"https:\/\/medicinasinc.com\/ro\/#website"},"primaryImageOfPage":{"@id":"https:\/\/medicinasinc.com\/ro\/product\/cumpara-mdpv-metilendioxipirovalerona-pulbere\/#primaryimage"},"image":{"@id":"https:\/\/medicinasinc.com\/ro\/product\/cumpara-mdpv-metilendioxipirovalerona-pulbere\/#primaryimage"},"thumbnailUrl":"https:\/\/medicinasinc.com\/ro\/wp-content\/uploads\/sites\/11\/2022\/02\/buy-methylenedioxypyrovalerone.jpg","datePublished":"2022-02-22T01:51:04+00:00","dateModified":"2022-03-22T00:54:44+00:00","description":"Cump\u0103ra\u021bi MDPV de v\u00e2nzare online \u00een Marea Britanie, Europa aici, la Bestglobalmeds. Achizi\u021bionarea online a substan\u021belor chimice de cercetare Metilendioxipirovalerone este foarte dificil\u0103. Dar putem oferi MDPV de calitate superioar\u0103 spre v\u00e2nzare la pre\u021buri foarte mici.","breadcrumb":{"@id":"https:\/\/medicinasinc.com\/ro\/product\/cumpara-mdpv-metilendioxipirovalerona-pulbere\/#breadcrumb"},"inLanguage":"en-US","potentialAction":[{"@type":"ReadAction","target":["https:\/\/medicinasinc.com\/ro\/product\/cumpara-mdpv-metilendioxipirovalerona-pulbere\/"]}]},{"@type":"ImageObject","inLanguage":"en-US","@id":"https:\/\/medicinasinc.com\/ro\/product\/cumpara-mdpv-metilendioxipirovalerona-pulbere\/#primaryimage","url":"https:\/\/medicinasinc.com\/ro\/wp-content\/uploads\/sites\/11\/2022\/02\/buy-methylenedioxypyrovalerone.jpg","contentUrl":"https:\/\/medicinasinc.com\/ro\/wp-content\/uploads\/sites\/11\/2022\/02\/buy-methylenedioxypyrovalerone.jpg","width":1400,"height":700},{"@type":"BreadcrumbList","@id":"https:\/\/medicinasinc.com\/ro\/product\/cumpara-mdpv-metilendioxipirovalerona-pulbere\/#breadcrumb","itemListElement":[{"@type":"ListItem","position":1,"name":"Magazin","item":"https:\/\/medicinasinc.com\/ro\/magazin\/"},{"@type":"ListItem","position":2,"name":"Cump\u0103ra\u021bi pulbere MDPV (Metilendioxipirovaleron\u0103)."}]},{"@type":"WebSite","@id":"https:\/\/medicinasinc.com\/ro\/#website","url":"https:\/\/medicinasinc.com\/ro\/","name":"Medicinas Inc","description":"Health Medical Clinic","potentialAction":[{"@type":"SearchAction","target":{"@type":"EntryPoint","urlTemplate":"https:\/\/medicinasinc.com\/ro\/?s={search_term_string}"},"query-input":{"@type":"PropertyValueSpecification","valueRequired":true,"valueName":"search_term_string"}}],"inLanguage":"en-US"}]}},"_links":{"self":[{"href":"https:\/\/medicinasinc.com\/ro\/wp-json\/wp\/v2\/product\/5565","targetHints":{"allow":["GET"]}}],"collection":[{"href":"https:\/\/medicinasinc.com\/ro\/wp-json\/wp\/v2\/product"}],"about":[{"href":"https:\/\/medicinasinc.com\/ro\/wp-json\/wp\/v2\/types\/product"}],"replies":[{"embeddable":true,"href":"https:\/\/medicinasinc.com\/ro\/wp-json\/wp\/v2\/comments?post=5565"}],"wp:featuredmedia":[{"embeddable":true,"href":"https:\/\/medicinasinc.com\/ro\/wp-json\/wp\/v2\/media\/5576"}],"wp:attachment":[{"href":"https:\/\/medicinasinc.com\/ro\/wp-json\/wp\/v2\/media?parent=5565"}],"wp:term":[{"taxonomy":"product_brand","embeddable":true,"href":"https:\/\/medicinasinc.com\/ro\/wp-json\/wp\/v2\/product_brand?post=5565"},{"taxonomy":"product_cat","embeddable":true,"href":"https:\/\/medicinasinc.com\/ro\/wp-json\/wp\/v2\/product_cat?post=5565"},{"taxonomy":"product_tag","embeddable":true,"href":"https:\/\/medicinasinc.com\/ro\/wp-json\/wp\/v2\/product_tag?post=5565"}],"curies":[{"name":"wp","href":"https:\/\/api.w.org\/{rel}","templated":true}]}}