{"id":5564,"date":"2022-02-22T01:48:50","date_gmt":"2022-02-22T01:48:50","guid":{"rendered":"https:\/\/medicinasinc.com\/ro\/?post_type=product&#038;p=5564"},"modified":"2022-03-22T00:54:53","modified_gmt":"2022-03-22T00:54:53","slug":"buy-mdai-crystal-powder","status":"publish","type":"product","link":"https:\/\/medicinasinc.com\/ro\/product\/buy-mdai-crystal-powder\/","title":{"rendered":"Cump\u0103ra\u021bi MDAI Crystal &amp; Pudra"},"content":{"rendered":"<p>Cump\u0103ra\u021bi online cristale \u0219i pulberi MDAI.<\/p>\n<p>Cristale \u0219i pulberi MDAI de v\u00e2nzare la pre\u021buri reduse.<\/p>\n<p>Cump\u0103ra\u021bi MDAI de la noi.<\/p>\n<p>Obiectivul nostru principal este de a oferi clien\u021bilor informa\u021bii de ultim\u0103 or\u0103 \u0219i servicii de prim\u0103 clas\u0103. Grupurile de explorare \u0219i unit\u0103\u021bile de produc\u021bie la scar\u0103 larg\u0103 pot g\u0103si RC \u00een cantit\u0103\u021bile \u0219i calitatea de care au nevoie. O prezentare general\u0103 a RC care se adreseaz\u0103 tuturor intereselor \u0219i obiectivelor dvs. poate fi g\u0103sit\u0103 chiar aici. Firma noastr\u0103 propune produse chimice de conducere din lume pe baza celor mai recente progrese tehnologice. Toate elementele din aceast\u0103 list\u0103 nu au nicio utilizare practic\u0103 pentru oameni.<\/p>\n<p>Ar trebui \u00eencurajat\u0103 utilizarea medicamentelor \u00een laborator, \u00een scopuri \u0219tiin\u021bifice \u0219i pentru studiu. Chimicalele \u00eenregistrate pot fi folosite numai pentru explor\u0103ri, \u00eencerc\u0103ri \u0219i teste. Pachetele produse recent de cele mai importante unit\u0103\u021bi de cercetare din China pe pia\u021ba RC sunt acum disponibile.<\/p>\n<p>Dac\u0103 face\u021bi o afacere acum, v\u0103 vom livra pachetul oriunde \u00een Statele Unite, Europa sau \u00een lume. Pentru a v\u0103 satisface nevoile, colabor\u0103m cu o serie de laboratoare globale de top care inten\u021bioneaz\u0103 s\u0103 creeze RC, iar cererea dvs. este de cea mai mare importan\u021b\u0103 pentru firma noastr\u0103.<\/p>\n<p>V\u00e2nz\u0103torul nostru are sediul \u00een Statele Unite ale Americii \u0219i opereaz\u0103 \u00een \u00eentreaga lume. Pe site, consumatorii pot verifica cu u\u0219urin\u021b\u0103 estimarea \u0219i accesibilitatea RC pentru propriile nevoi. Clien\u021bi. V\u0103 rug\u0103m s\u0103 contacta\u021bi serviciul nostru pentru clien\u021bi prietenos \u0219i multilingv pentru a afla cum s\u0103 face\u021bi o solicitare. Dac\u0103 sunte\u021bi interesat s\u0103 c\u0103uta\u021bi substan\u021be amestecate sau reduse, v\u0103 rug\u0103m s\u0103 ne contacta\u021bi pentru mai multe informa\u021bii. Dac\u0103 nu g\u0103si\u021bi ceea ce c\u0103uta\u021bi pe site-ul nostru, nu ezita\u021bi s\u0103 ne contacta\u021bi pentru asisten\u021b\u0103. Calitatea este cel mai important aspect la ob\u021binerea de substan\u021be chimice pentru studiu.<\/p>\n","protected":false},"excerpt":{"rendered":"<p>Cump\u0103ra\u021bi MDAI Crystal &amp; Pulbere De v\u00e2nzare \u00een Marea Britanie, Europa ieftin online. MDAI sau 5,6-metilendioxi-2-aminoindan Cump\u0103ra\u021bi MDAI sau 5,6-metilendioxi-2-aminoindan .<\/p>\n","protected":false},"featured_media":5574,"comment_status":"open","ping_status":"closed","template":"","meta":[],"product_brand":[],"product_cat":[2014],"product_tag":[3093,3094,3096,3097,3101,3102,3103,2525,2530,2532,3104,3105,3107,3121,3113,3125,3126,3127,3128,3130,3131,3132,3129,3108,2522,3106,3099,3100,3098,3118,3135,3109,3110,3112,3111,3116,3114,3115,3117,3120,3119,517,2549,3123,3122,3124,3133,3095,3134],"class_list":{"0":"post-5564","1":"product","2":"type-product","3":"status-publish","4":"has-post-thumbnail","6":"product_cat-cumprare-cercetare-chimice","7":"product_tag-4mmc-de-vnzare","8":"product_tag-amfetamine-de-vnzare","9":"product_tag-buy-amphetamine-speed","10":"product_tag-buy-bath-salts","11":"product_tag-buy-mdai-crystal","12":"product_tag-buy-mdai-powder","13":"product_tag-buy-meow-meow","14":"product_tag-buy-mephedrone","15":"product_tag-buy-mephedrone-online","16":"product_tag-buy-mephedrone-plant-food","17":"product_tag-buy-methylone","18":"product_tag-buy-mkat","19":"product_tag-buy-tryptamine","20":"product_tag-mdai-pulbere-comanda","21":"product_tag-mdai-crystal-order","22":"product_tag-ordine-mdai-cristal","23":"product_tag-comanda-mdma","24":"product_tag-porunci-miau-miau","25":"product_tag-ordin-mefedron","26":"product_tag-comand-meth-online","27":"product_tag-ordin-metilon","28":"product_tag-ordin-mkat","29":"product_tag-comanda-mefedrona-planta-hrana","30":"product_tag-crystal-meth-for-sale","31":"product_tag-cumpr-4mmc","32":"product_tag-cumpr-fenetilamin","33":"product_tag-cumpr-lsd","34":"product_tag-buy-mdai","35":"product_tag-cumpr-crystal-meth","36":"product_tag-mdai-pudra-cumpara","37":"product_tag-de-unde-se-cumpara-mdai-pudra","38":"product_tag-lsd-de-vnzare","39":"product_tag-mdai-crystal-buy","40":"product_tag-mdai-crystal-de-vanzare","41":"product_tag-mdai-crystal-effect","42":"product_tag-mdai-cristal-en-gros","43":"product_tag-mdai-crystal-reddit","44":"product_tag-mdai-crystal-retail","45":"product_tag-mdai-de-vanzare","46":"product_tag-mdai-powder-online","47":"product_tag-mdai-pudra-de-vanzare","48":"product_tag-mdma-de-vnzare","49":"product_tag-mefedron-de-vnzare","50":"product_tag-methylone-for-sale","51":"product_tag-miau-miau-vanzare","52":"product_tag-mkat-de-vnzare","53":"product_tag-phenethylamine-for-sale","54":"product_tag-sruri-de-baie-de-vnzare","55":"product_tag-triptamina-de-vanzare","57":"first","58":"instock","59":"shipping-taxable","60":"purchasable","61":"product-type-variable","62":"has-default-attributes"},"yoast_head":"<!-- This site is optimized with the Yoast SEO plugin v27.3 - https:\/\/yoast.com\/product\/yoast-seo-wordpress\/ -->\n<title>Cump\u0103ra\u021bi MDAI Crystal &amp; Pudr\u0103 ieftin\u0103 online - Cele mai bune medicamente globale<\/title>\n<meta name=\"description\" content=\"Cump\u0103ra\u021bi MDAI Crystal &amp; Pulbere De v\u00e2nzare \u00een Marea Britanie, Europa ieftin online. MDAI sau 5,6-metilendioxi-2-aminoindan Cump\u0103ra\u021bi MDAI sau 5,6-metilendioxi-2-aminoindan.\" \/>\n<meta name=\"robots\" content=\"index, follow, max-snippet:-1, max-image-preview:large, max-video-preview:-1\" \/>\n<link rel=\"canonical\" href=\"https:\/\/medicinasinc.com\/ro\/product\/buy-mdai-crystal-powder\/\" \/>\n<meta property=\"og:locale\" content=\"en_US\" \/>\n<meta property=\"og:type\" content=\"article\" \/>\n<meta property=\"og:title\" content=\"Cump\u0103ra\u021bi MDAI Crystal &amp; Pudr\u0103 ieftin\u0103 online - Cele mai bune medicamente globale\" \/>\n<meta property=\"og:description\" content=\"Cump\u0103ra\u021bi MDAI Crystal &amp; Pulbere De v\u00e2nzare \u00een Marea Britanie, Europa ieftin online. MDAI sau 5,6-metilendioxi-2-aminoindan Cump\u0103ra\u021bi MDAI sau 5,6-metilendioxi-2-aminoindan.\" \/>\n<meta property=\"og:url\" content=\"https:\/\/medicinasinc.com\/ro\/product\/buy-mdai-crystal-powder\/\" \/>\n<meta property=\"og:site_name\" content=\"Medicinas Inc\" \/>\n<meta property=\"article:modified_time\" content=\"2022-03-22T00:54:53+00:00\" \/>\n<meta property=\"og:image\" content=\"https:\/\/medicinasinc.com\/ro\/wp-content\/uploads\/sites\/11\/2022\/02\/buy-mdai-crystal-powder-cheap-online.jpg\" \/>\n\t<meta property=\"og:image:width\" content=\"600\" \/>\n\t<meta property=\"og:image:height\" content=\"600\" \/>\n\t<meta property=\"og:image:type\" content=\"image\/jpeg\" \/>\n<meta name=\"twitter:card\" content=\"summary_large_image\" \/>\n<meta name=\"twitter:label1\" content=\"Est. reading time\" \/>\n\t<meta name=\"twitter:data1\" content=\"2 minutes\" \/>\n<script type=\"application\/ld+json\" class=\"yoast-schema-graph\">{\"@context\":\"https:\\\/\\\/schema.org\",\"@graph\":[{\"@type\":\"WebPage\",\"@id\":\"https:\\\/\\\/medicinasinc.com\\\/ro\\\/product\\\/buy-mdai-crystal-powder\\\/\",\"url\":\"https:\\\/\\\/medicinasinc.com\\\/ro\\\/product\\\/buy-mdai-crystal-powder\\\/\",\"name\":\"Cump\u0103ra\u021bi MDAI Crystal &amp; Pudr\u0103 ieftin\u0103 online - Cele mai bune medicamente globale\",\"isPartOf\":{\"@id\":\"https:\\\/\\\/medicinasinc.com\\\/ro\\\/#website\"},\"primaryImageOfPage\":{\"@id\":\"https:\\\/\\\/medicinasinc.com\\\/ro\\\/product\\\/buy-mdai-crystal-powder\\\/#primaryimage\"},\"image\":{\"@id\":\"https:\\\/\\\/medicinasinc.com\\\/ro\\\/product\\\/buy-mdai-crystal-powder\\\/#primaryimage\"},\"thumbnailUrl\":\"https:\\\/\\\/medicinasinc.com\\\/ro\\\/wp-content\\\/uploads\\\/sites\\\/11\\\/2022\\\/02\\\/buy-mdai-crystal-powder-cheap-online.jpg\",\"datePublished\":\"2022-02-22T01:48:50+00:00\",\"dateModified\":\"2022-03-22T00:54:53+00:00\",\"description\":\"Cump\u0103ra\u021bi MDAI Crystal &amp; Pulbere De v\u00e2nzare \u00een Marea Britanie, Europa ieftin online. MDAI sau 5,6-metilendioxi-2-aminoindan Cump\u0103ra\u021bi MDAI sau 5,6-metilendioxi-2-aminoindan.\",\"breadcrumb\":{\"@id\":\"https:\\\/\\\/medicinasinc.com\\\/ro\\\/product\\\/buy-mdai-crystal-powder\\\/#breadcrumb\"},\"inLanguage\":\"en-US\",\"potentialAction\":[{\"@type\":\"ReadAction\",\"target\":[\"https:\\\/\\\/medicinasinc.com\\\/ro\\\/product\\\/buy-mdai-crystal-powder\\\/\"]}]},{\"@type\":\"ImageObject\",\"inLanguage\":\"en-US\",\"@id\":\"https:\\\/\\\/medicinasinc.com\\\/ro\\\/product\\\/buy-mdai-crystal-powder\\\/#primaryimage\",\"url\":\"https:\\\/\\\/medicinasinc.com\\\/ro\\\/wp-content\\\/uploads\\\/sites\\\/11\\\/2022\\\/02\\\/buy-mdai-crystal-powder-cheap-online.jpg\",\"contentUrl\":\"https:\\\/\\\/medicinasinc.com\\\/ro\\\/wp-content\\\/uploads\\\/sites\\\/11\\\/2022\\\/02\\\/buy-mdai-crystal-powder-cheap-online.jpg\",\"width\":600,\"height\":600},{\"@type\":\"BreadcrumbList\",\"@id\":\"https:\\\/\\\/medicinasinc.com\\\/ro\\\/product\\\/buy-mdai-crystal-powder\\\/#breadcrumb\",\"itemListElement\":[{\"@type\":\"ListItem\",\"position\":1,\"name\":\"Magazin\",\"item\":\"https:\\\/\\\/medicinasinc.com\\\/ro\\\/magazin\\\/\"},{\"@type\":\"ListItem\",\"position\":2,\"name\":\"Cump\u0103ra\u021bi MDAI Crystal &amp; Pudra\"}]},{\"@type\":\"WebSite\",\"@id\":\"https:\\\/\\\/medicinasinc.com\\\/ro\\\/#website\",\"url\":\"https:\\\/\\\/medicinasinc.com\\\/ro\\\/\",\"name\":\"Medicinas Inc\",\"description\":\"Health Medical Clinic\",\"potentialAction\":[{\"@type\":\"SearchAction\",\"target\":{\"@type\":\"EntryPoint\",\"urlTemplate\":\"https:\\\/\\\/medicinasinc.com\\\/ro\\\/?s={search_term_string}\"},\"query-input\":{\"@type\":\"PropertyValueSpecification\",\"valueRequired\":true,\"valueName\":\"search_term_string\"}}],\"inLanguage\":\"en-US\"}]}<\/script>\n<!-- \/ Yoast SEO plugin. -->","yoast_head_json":{"title":"Cump\u0103ra\u021bi MDAI Crystal &amp; Pudr\u0103 ieftin\u0103 online - Cele mai bune medicamente globale","description":"Cump\u0103ra\u021bi MDAI Crystal &amp; Pulbere De v\u00e2nzare \u00een Marea Britanie, Europa ieftin online. MDAI sau 5,6-metilendioxi-2-aminoindan Cump\u0103ra\u021bi MDAI sau 5,6-metilendioxi-2-aminoindan.","robots":{"index":"index","follow":"follow","max-snippet":"max-snippet:-1","max-image-preview":"max-image-preview:large","max-video-preview":"max-video-preview:-1"},"canonical":"https:\/\/medicinasinc.com\/ro\/product\/buy-mdai-crystal-powder\/","og_locale":"en_US","og_type":"article","og_title":"Cump\u0103ra\u021bi MDAI Crystal &amp; Pudr\u0103 ieftin\u0103 online - Cele mai bune medicamente globale","og_description":"Cump\u0103ra\u021bi MDAI Crystal &amp; Pulbere De v\u00e2nzare \u00een Marea Britanie, Europa ieftin online. MDAI sau 5,6-metilendioxi-2-aminoindan Cump\u0103ra\u021bi MDAI sau 5,6-metilendioxi-2-aminoindan.","og_url":"https:\/\/medicinasinc.com\/ro\/product\/buy-mdai-crystal-powder\/","og_site_name":"Medicinas Inc","article_modified_time":"2022-03-22T00:54:53+00:00","og_image":[{"width":600,"height":600,"url":"https:\/\/medicinasinc.com\/ro\/wp-content\/uploads\/sites\/11\/2022\/02\/buy-mdai-crystal-powder-cheap-online.jpg","type":"image\/jpeg"}],"twitter_card":"summary_large_image","twitter_misc":{"Est. reading time":"2 minutes"},"schema":{"@context":"https:\/\/schema.org","@graph":[{"@type":"WebPage","@id":"https:\/\/medicinasinc.com\/ro\/product\/buy-mdai-crystal-powder\/","url":"https:\/\/medicinasinc.com\/ro\/product\/buy-mdai-crystal-powder\/","name":"Cump\u0103ra\u021bi MDAI Crystal &amp; Pudr\u0103 ieftin\u0103 online - Cele mai bune medicamente globale","isPartOf":{"@id":"https:\/\/medicinasinc.com\/ro\/#website"},"primaryImageOfPage":{"@id":"https:\/\/medicinasinc.com\/ro\/product\/buy-mdai-crystal-powder\/#primaryimage"},"image":{"@id":"https:\/\/medicinasinc.com\/ro\/product\/buy-mdai-crystal-powder\/#primaryimage"},"thumbnailUrl":"https:\/\/medicinasinc.com\/ro\/wp-content\/uploads\/sites\/11\/2022\/02\/buy-mdai-crystal-powder-cheap-online.jpg","datePublished":"2022-02-22T01:48:50+00:00","dateModified":"2022-03-22T00:54:53+00:00","description":"Cump\u0103ra\u021bi MDAI Crystal &amp; Pulbere De v\u00e2nzare \u00een Marea Britanie, Europa ieftin online. MDAI sau 5,6-metilendioxi-2-aminoindan Cump\u0103ra\u021bi MDAI sau 5,6-metilendioxi-2-aminoindan.","breadcrumb":{"@id":"https:\/\/medicinasinc.com\/ro\/product\/buy-mdai-crystal-powder\/#breadcrumb"},"inLanguage":"en-US","potentialAction":[{"@type":"ReadAction","target":["https:\/\/medicinasinc.com\/ro\/product\/buy-mdai-crystal-powder\/"]}]},{"@type":"ImageObject","inLanguage":"en-US","@id":"https:\/\/medicinasinc.com\/ro\/product\/buy-mdai-crystal-powder\/#primaryimage","url":"https:\/\/medicinasinc.com\/ro\/wp-content\/uploads\/sites\/11\/2022\/02\/buy-mdai-crystal-powder-cheap-online.jpg","contentUrl":"https:\/\/medicinasinc.com\/ro\/wp-content\/uploads\/sites\/11\/2022\/02\/buy-mdai-crystal-powder-cheap-online.jpg","width":600,"height":600},{"@type":"BreadcrumbList","@id":"https:\/\/medicinasinc.com\/ro\/product\/buy-mdai-crystal-powder\/#breadcrumb","itemListElement":[{"@type":"ListItem","position":1,"name":"Magazin","item":"https:\/\/medicinasinc.com\/ro\/magazin\/"},{"@type":"ListItem","position":2,"name":"Cump\u0103ra\u021bi MDAI Crystal &amp; Pudra"}]},{"@type":"WebSite","@id":"https:\/\/medicinasinc.com\/ro\/#website","url":"https:\/\/medicinasinc.com\/ro\/","name":"Medicinas Inc","description":"Health Medical Clinic","potentialAction":[{"@type":"SearchAction","target":{"@type":"EntryPoint","urlTemplate":"https:\/\/medicinasinc.com\/ro\/?s={search_term_string}"},"query-input":{"@type":"PropertyValueSpecification","valueRequired":true,"valueName":"search_term_string"}}],"inLanguage":"en-US"}]}},"_links":{"self":[{"href":"https:\/\/medicinasinc.com\/ro\/wp-json\/wp\/v2\/product\/5564","targetHints":{"allow":["GET"]}}],"collection":[{"href":"https:\/\/medicinasinc.com\/ro\/wp-json\/wp\/v2\/product"}],"about":[{"href":"https:\/\/medicinasinc.com\/ro\/wp-json\/wp\/v2\/types\/product"}],"replies":[{"embeddable":true,"href":"https:\/\/medicinasinc.com\/ro\/wp-json\/wp\/v2\/comments?post=5564"}],"wp:featuredmedia":[{"embeddable":true,"href":"https:\/\/medicinasinc.com\/ro\/wp-json\/wp\/v2\/media\/5574"}],"wp:attachment":[{"href":"https:\/\/medicinasinc.com\/ro\/wp-json\/wp\/v2\/media?parent=5564"}],"wp:term":[{"taxonomy":"product_brand","embeddable":true,"href":"https:\/\/medicinasinc.com\/ro\/wp-json\/wp\/v2\/product_brand?post=5564"},{"taxonomy":"product_cat","embeddable":true,"href":"https:\/\/medicinasinc.com\/ro\/wp-json\/wp\/v2\/product_cat?post=5564"},{"taxonomy":"product_tag","embeddable":true,"href":"https:\/\/medicinasinc.com\/ro\/wp-json\/wp\/v2\/product_tag?post=5564"}],"curies":[{"name":"wp","href":"https:\/\/api.w.org\/{rel}","templated":true}]}}