{"id":5563,"date":"2022-02-22T01:47:13","date_gmt":"2022-02-22T01:47:13","guid":{"rendered":"https:\/\/medicinasinc.com\/ro\/?post_type=product&#038;p=5563"},"modified":"2022-03-22T00:55:01","modified_gmt":"2022-03-22T00:55:01","slug":"cumpara-fildes-unda-sare-de-baie","status":"publish","type":"product","link":"https:\/\/medicinasinc.com\/ro\/product\/cumpara-fildes-unda-sare-de-baie\/","title":{"rendered":"Cump\u0103ra\u021bi sare de baie ivory Wave"},"content":{"rendered":"<p>S\u0103rurile de baie de la Best Global Meds sunt de cea mai bun\u0103 calitate \u0219i v\u0103 vor l\u0103sa s\u0103 v\u0103 sim\u021bi\u021bi curat \u0219i \u00eemprosp\u0103tat dup\u0103 o \u00eenmuiere relaxant\u0103. Deoarece vindem numai produse de cea mai \u00eenalt\u0103 calitate, po\u021bi fi sigur \u0219tiind c\u0103 achizi\u021bia ta \u201ecump\u0103r\u0103 online s\u0103ruri de baie cu val de filde\u0219\u201d va ajunge \u00een stare perfect\u0103. De asemenea, la pre\u021buri rezonabile, \u00een vrac \u0219i cu am\u0103nuntul, sunt disponibile mai multe tipuri de s\u0103ruri de baie concentrate.<\/p>\n<p>Parfumul s\u0103rurilor noastre de baie umple camera!<\/p>\n<p>S\u0103rurile de baie Ivory Wave pot fi achizi\u021bionate online.<\/p>\n<p>De unde pute\u021bi achizi\u021biona s\u0103ruri de baie Ivory Wave prin internet? S\u0103rurile de baie cu val de filde\u0219 pot fi achizi\u021bionate online de la Chemicals Lab f\u0103r\u0103 niciun efort sau st\u00e2ngaci. De fiecare dat\u0103 c\u00e2nd cump\u0103ra\u021bi s\u0103ruri de baie cu val de filde\u0219 de la farmacia noastr\u0103 online, facem tot posibilul pentru a ne asigura c\u0103 ob\u021bine\u021bi cel mai bun pre\u021b posibil. Misiunea noastr\u0103 la Best Global Meds este de a reduce costurile clien\u021bilor no\u0219tri, \u00een timp ce cre\u0219tem valoarea pe care o primesc.<\/p>\n","protected":false},"excerpt":{"rendered":"<div class=\"woocommerce-product-details__short-description\">\n<p>Pl\u0103ti\u021bi \u00een exces pentru s\u0103rurile de baie cu val de filde\u0219 online? Cump\u0103ra\u021bi s\u0103ruri de baie cu val de filde\u0219 de v\u00e2nzare \u00een Marea Britanie, Europa online la Best Global Meds. Afla\u021bi mai multe despre s\u0103rurile de baie cu val de filde\u0219 de v\u00e2nzare<\/p>\n<p>&nbsp;<\/p>\n<\/p><\/div>\n","protected":false},"featured_media":5572,"comment_status":"open","ping_status":"closed","template":"","meta":[],"product_brand":[],"product_cat":[2014],"product_tag":[3082,3089,3091,3090,3081,3092,3086,3084,3087,3085,3088,3083],"class_list":{"0":"post-5563","1":"product","2":"type-product","3":"status-publish","4":"has-post-thumbnail","6":"product_cat-cumprare-cercetare-chimice","7":"product_tag-buy-lvory-wave-bath-salt","8":"product_tag-lvory-val-bath-sare-order","9":"product_tag-comand-online-sruri-de-baie-ivory-wave","10":"product_tag-lvory-val-bath-sare-en-gros","11":"product_tag-cumpr-online-sruri-de-baie-ivory-wave","12":"product_tag-unde-se-cumpr-sruri-de-baie-unde-filde","13":"product_tag-lvory-val-bath-sare-efect","14":"product_tag-ivory-wave-bath-salts-for-sale","15":"product_tag-lvory-wave-bath-salt-europe","16":"product_tag-lvory-val-bath-sare-buy","17":"product_tag-lvory-wave-bath-sare-online","18":"product_tag-sruri-de-baie-unde-filde","20":"first","21":"instock","22":"shipping-taxable","23":"purchasable","24":"product-type-variable"},"yoast_head":"<!-- This site is optimized with the Yoast SEO plugin v27.3 - https:\/\/yoast.com\/product\/yoast-seo-wordpress\/ -->\n<title>Cump\u0103ra\u021bi sare de baie Ivory Wave - Sare de baie Lvory Wave - Cele mai bune medicamente globale<\/title>\n<meta name=\"description\" content=\"Pl\u0103ti\u021bi \u00een exces pentru s\u0103rurile de baie cu val de filde\u0219 online? Cump\u0103ra\u021bi s\u0103ruri de baie cu val de filde\u0219 de v\u00e2nzare \u00een Marea Britanie, Europa online la Best Global Meds. Afla\u021bi mai multe despre s\u0103rurile de baie cu val de filde\u0219 de v\u00e2nzare\" \/>\n<meta name=\"robots\" content=\"index, follow, max-snippet:-1, max-image-preview:large, max-video-preview:-1\" \/>\n<link rel=\"canonical\" href=\"https:\/\/medicinasinc.com\/ro\/product\/cumpara-fildes-unda-sare-de-baie\/\" \/>\n<meta property=\"og:locale\" content=\"en_US\" \/>\n<meta property=\"og:type\" content=\"article\" \/>\n<meta property=\"og:title\" content=\"Cump\u0103ra\u021bi sare de baie Ivory Wave - Sare de baie Lvory Wave - Cele mai bune medicamente globale\" \/>\n<meta property=\"og:description\" content=\"Pl\u0103ti\u021bi \u00een exces pentru s\u0103rurile de baie cu val de filde\u0219 online? Cump\u0103ra\u021bi s\u0103ruri de baie cu val de filde\u0219 de v\u00e2nzare \u00een Marea Britanie, Europa online la Best Global Meds. Afla\u021bi mai multe despre s\u0103rurile de baie cu val de filde\u0219 de v\u00e2nzare\" \/>\n<meta property=\"og:url\" content=\"https:\/\/medicinasinc.com\/ro\/product\/cumpara-fildes-unda-sare-de-baie\/\" \/>\n<meta property=\"og:site_name\" content=\"Medicinas Inc\" \/>\n<meta property=\"article:modified_time\" content=\"2022-03-22T00:55:01+00:00\" \/>\n<meta property=\"og:image\" content=\"https:\/\/medicinasinc.com\/ro\/wp-content\/uploads\/sites\/11\/2022\/02\/Buy-Lvory-Wave-Bath-Salt.jpg\" \/>\n\t<meta property=\"og:image:width\" content=\"450\" \/>\n\t<meta property=\"og:image:height\" content=\"316\" \/>\n\t<meta property=\"og:image:type\" content=\"image\/jpeg\" \/>\n<meta name=\"twitter:card\" content=\"summary_large_image\" \/>\n<meta name=\"twitter:label1\" content=\"Est. reading time\" \/>\n\t<meta name=\"twitter:data1\" content=\"1 minute\" \/>\n<script type=\"application\/ld+json\" class=\"yoast-schema-graph\">{\"@context\":\"https:\\\/\\\/schema.org\",\"@graph\":[{\"@type\":\"WebPage\",\"@id\":\"https:\\\/\\\/medicinasinc.com\\\/ro\\\/product\\\/cumpara-fildes-unda-sare-de-baie\\\/\",\"url\":\"https:\\\/\\\/medicinasinc.com\\\/ro\\\/product\\\/cumpara-fildes-unda-sare-de-baie\\\/\",\"name\":\"Cump\u0103ra\u021bi sare de baie Ivory Wave - Sare de baie Lvory Wave - Cele mai bune medicamente globale\",\"isPartOf\":{\"@id\":\"https:\\\/\\\/medicinasinc.com\\\/ro\\\/#website\"},\"primaryImageOfPage\":{\"@id\":\"https:\\\/\\\/medicinasinc.com\\\/ro\\\/product\\\/cumpara-fildes-unda-sare-de-baie\\\/#primaryimage\"},\"image\":{\"@id\":\"https:\\\/\\\/medicinasinc.com\\\/ro\\\/product\\\/cumpara-fildes-unda-sare-de-baie\\\/#primaryimage\"},\"thumbnailUrl\":\"https:\\\/\\\/medicinasinc.com\\\/ro\\\/wp-content\\\/uploads\\\/sites\\\/11\\\/2022\\\/02\\\/Buy-Lvory-Wave-Bath-Salt.jpg\",\"datePublished\":\"2022-02-22T01:47:13+00:00\",\"dateModified\":\"2022-03-22T00:55:01+00:00\",\"description\":\"Pl\u0103ti\u021bi \u00een exces pentru s\u0103rurile de baie cu val de filde\u0219 online? Cump\u0103ra\u021bi s\u0103ruri de baie cu val de filde\u0219 de v\u00e2nzare \u00een Marea Britanie, Europa online la Best Global Meds. Afla\u021bi mai multe despre s\u0103rurile de baie cu val de filde\u0219 de v\u00e2nzare\",\"breadcrumb\":{\"@id\":\"https:\\\/\\\/medicinasinc.com\\\/ro\\\/product\\\/cumpara-fildes-unda-sare-de-baie\\\/#breadcrumb\"},\"inLanguage\":\"en-US\",\"potentialAction\":[{\"@type\":\"ReadAction\",\"target\":[\"https:\\\/\\\/medicinasinc.com\\\/ro\\\/product\\\/cumpara-fildes-unda-sare-de-baie\\\/\"]}]},{\"@type\":\"ImageObject\",\"inLanguage\":\"en-US\",\"@id\":\"https:\\\/\\\/medicinasinc.com\\\/ro\\\/product\\\/cumpara-fildes-unda-sare-de-baie\\\/#primaryimage\",\"url\":\"https:\\\/\\\/medicinasinc.com\\\/ro\\\/wp-content\\\/uploads\\\/sites\\\/11\\\/2022\\\/02\\\/Buy-Lvory-Wave-Bath-Salt.jpg\",\"contentUrl\":\"https:\\\/\\\/medicinasinc.com\\\/ro\\\/wp-content\\\/uploads\\\/sites\\\/11\\\/2022\\\/02\\\/Buy-Lvory-Wave-Bath-Salt.jpg\",\"width\":450,\"height\":316},{\"@type\":\"BreadcrumbList\",\"@id\":\"https:\\\/\\\/medicinasinc.com\\\/ro\\\/product\\\/cumpara-fildes-unda-sare-de-baie\\\/#breadcrumb\",\"itemListElement\":[{\"@type\":\"ListItem\",\"position\":1,\"name\":\"Magazin\",\"item\":\"https:\\\/\\\/medicinasinc.com\\\/ro\\\/magazin\\\/\"},{\"@type\":\"ListItem\",\"position\":2,\"name\":\"Cump\u0103ra\u021bi sare de baie ivory Wave\"}]},{\"@type\":\"WebSite\",\"@id\":\"https:\\\/\\\/medicinasinc.com\\\/ro\\\/#website\",\"url\":\"https:\\\/\\\/medicinasinc.com\\\/ro\\\/\",\"name\":\"Medicinas Inc\",\"description\":\"Health Medical Clinic\",\"potentialAction\":[{\"@type\":\"SearchAction\",\"target\":{\"@type\":\"EntryPoint\",\"urlTemplate\":\"https:\\\/\\\/medicinasinc.com\\\/ro\\\/?s={search_term_string}\"},\"query-input\":{\"@type\":\"PropertyValueSpecification\",\"valueRequired\":true,\"valueName\":\"search_term_string\"}}],\"inLanguage\":\"en-US\"}]}<\/script>\n<!-- \/ Yoast SEO plugin. -->","yoast_head_json":{"title":"Cump\u0103ra\u021bi sare de baie Ivory Wave - Sare de baie Lvory Wave - Cele mai bune medicamente globale","description":"Pl\u0103ti\u021bi \u00een exces pentru s\u0103rurile de baie cu val de filde\u0219 online? Cump\u0103ra\u021bi s\u0103ruri de baie cu val de filde\u0219 de v\u00e2nzare \u00een Marea Britanie, Europa online la Best Global Meds. Afla\u021bi mai multe despre s\u0103rurile de baie cu val de filde\u0219 de v\u00e2nzare","robots":{"index":"index","follow":"follow","max-snippet":"max-snippet:-1","max-image-preview":"max-image-preview:large","max-video-preview":"max-video-preview:-1"},"canonical":"https:\/\/medicinasinc.com\/ro\/product\/cumpara-fildes-unda-sare-de-baie\/","og_locale":"en_US","og_type":"article","og_title":"Cump\u0103ra\u021bi sare de baie Ivory Wave - Sare de baie Lvory Wave - Cele mai bune medicamente globale","og_description":"Pl\u0103ti\u021bi \u00een exces pentru s\u0103rurile de baie cu val de filde\u0219 online? Cump\u0103ra\u021bi s\u0103ruri de baie cu val de filde\u0219 de v\u00e2nzare \u00een Marea Britanie, Europa online la Best Global Meds. Afla\u021bi mai multe despre s\u0103rurile de baie cu val de filde\u0219 de v\u00e2nzare","og_url":"https:\/\/medicinasinc.com\/ro\/product\/cumpara-fildes-unda-sare-de-baie\/","og_site_name":"Medicinas Inc","article_modified_time":"2022-03-22T00:55:01+00:00","og_image":[{"width":450,"height":316,"url":"https:\/\/medicinasinc.com\/ro\/wp-content\/uploads\/sites\/11\/2022\/02\/Buy-Lvory-Wave-Bath-Salt.jpg","type":"image\/jpeg"}],"twitter_card":"summary_large_image","twitter_misc":{"Est. reading time":"1 minute"},"schema":{"@context":"https:\/\/schema.org","@graph":[{"@type":"WebPage","@id":"https:\/\/medicinasinc.com\/ro\/product\/cumpara-fildes-unda-sare-de-baie\/","url":"https:\/\/medicinasinc.com\/ro\/product\/cumpara-fildes-unda-sare-de-baie\/","name":"Cump\u0103ra\u021bi sare de baie Ivory Wave - Sare de baie Lvory Wave - Cele mai bune medicamente globale","isPartOf":{"@id":"https:\/\/medicinasinc.com\/ro\/#website"},"primaryImageOfPage":{"@id":"https:\/\/medicinasinc.com\/ro\/product\/cumpara-fildes-unda-sare-de-baie\/#primaryimage"},"image":{"@id":"https:\/\/medicinasinc.com\/ro\/product\/cumpara-fildes-unda-sare-de-baie\/#primaryimage"},"thumbnailUrl":"https:\/\/medicinasinc.com\/ro\/wp-content\/uploads\/sites\/11\/2022\/02\/Buy-Lvory-Wave-Bath-Salt.jpg","datePublished":"2022-02-22T01:47:13+00:00","dateModified":"2022-03-22T00:55:01+00:00","description":"Pl\u0103ti\u021bi \u00een exces pentru s\u0103rurile de baie cu val de filde\u0219 online? Cump\u0103ra\u021bi s\u0103ruri de baie cu val de filde\u0219 de v\u00e2nzare \u00een Marea Britanie, Europa online la Best Global Meds. Afla\u021bi mai multe despre s\u0103rurile de baie cu val de filde\u0219 de v\u00e2nzare","breadcrumb":{"@id":"https:\/\/medicinasinc.com\/ro\/product\/cumpara-fildes-unda-sare-de-baie\/#breadcrumb"},"inLanguage":"en-US","potentialAction":[{"@type":"ReadAction","target":["https:\/\/medicinasinc.com\/ro\/product\/cumpara-fildes-unda-sare-de-baie\/"]}]},{"@type":"ImageObject","inLanguage":"en-US","@id":"https:\/\/medicinasinc.com\/ro\/product\/cumpara-fildes-unda-sare-de-baie\/#primaryimage","url":"https:\/\/medicinasinc.com\/ro\/wp-content\/uploads\/sites\/11\/2022\/02\/Buy-Lvory-Wave-Bath-Salt.jpg","contentUrl":"https:\/\/medicinasinc.com\/ro\/wp-content\/uploads\/sites\/11\/2022\/02\/Buy-Lvory-Wave-Bath-Salt.jpg","width":450,"height":316},{"@type":"BreadcrumbList","@id":"https:\/\/medicinasinc.com\/ro\/product\/cumpara-fildes-unda-sare-de-baie\/#breadcrumb","itemListElement":[{"@type":"ListItem","position":1,"name":"Magazin","item":"https:\/\/medicinasinc.com\/ro\/magazin\/"},{"@type":"ListItem","position":2,"name":"Cump\u0103ra\u021bi sare de baie ivory Wave"}]},{"@type":"WebSite","@id":"https:\/\/medicinasinc.com\/ro\/#website","url":"https:\/\/medicinasinc.com\/ro\/","name":"Medicinas Inc","description":"Health Medical Clinic","potentialAction":[{"@type":"SearchAction","target":{"@type":"EntryPoint","urlTemplate":"https:\/\/medicinasinc.com\/ro\/?s={search_term_string}"},"query-input":{"@type":"PropertyValueSpecification","valueRequired":true,"valueName":"search_term_string"}}],"inLanguage":"en-US"}]}},"_links":{"self":[{"href":"https:\/\/medicinasinc.com\/ro\/wp-json\/wp\/v2\/product\/5563","targetHints":{"allow":["GET"]}}],"collection":[{"href":"https:\/\/medicinasinc.com\/ro\/wp-json\/wp\/v2\/product"}],"about":[{"href":"https:\/\/medicinasinc.com\/ro\/wp-json\/wp\/v2\/types\/product"}],"replies":[{"embeddable":true,"href":"https:\/\/medicinasinc.com\/ro\/wp-json\/wp\/v2\/comments?post=5563"}],"wp:featuredmedia":[{"embeddable":true,"href":"https:\/\/medicinasinc.com\/ro\/wp-json\/wp\/v2\/media\/5572"}],"wp:attachment":[{"href":"https:\/\/medicinasinc.com\/ro\/wp-json\/wp\/v2\/media?parent=5563"}],"wp:term":[{"taxonomy":"product_brand","embeddable":true,"href":"https:\/\/medicinasinc.com\/ro\/wp-json\/wp\/v2\/product_brand?post=5563"},{"taxonomy":"product_cat","embeddable":true,"href":"https:\/\/medicinasinc.com\/ro\/wp-json\/wp\/v2\/product_cat?post=5563"},{"taxonomy":"product_tag","embeddable":true,"href":"https:\/\/medicinasinc.com\/ro\/wp-json\/wp\/v2\/product_tag?post=5563"}],"curies":[{"name":"wp","href":"https:\/\/api.w.org\/{rel}","templated":true}]}}