{"id":5549,"date":"2022-02-22T01:34:03","date_gmt":"2022-02-22T01:34:03","guid":{"rendered":"https:\/\/medicinasinc.com\/ro\/?post_type=product&#038;p=5549"},"modified":"2022-03-22T00:55:10","modified_gmt":"2022-03-22T00:55:10","slug":"cumpara-jwh-210-pulbere-chimica","status":"publish","type":"product","link":"https:\/\/medicinasinc.com\/ro\/product\/cumpara-jwh-210-pulbere-chimica\/","title":{"rendered":"Cump\u0103ra\u021bi pulbere chimic\u0103 JWH-210"},"content":{"rendered":"<p>Pudra chimic\u0103 JWH-210 poate fi achizi\u021bionat\u0103 online.<\/p>\n<p>Cump\u0103ra\u021bi pulberea chimic\u0103 JWH-210 de pe internet. Unul dintre cele mai frecvent utilizate antidepresive \u00een Statele Unite este JWH-210. Canabinoidul are un efect puternic.<\/p>\n<p>pulbere online WH-210<\/p>\n<p>Pentru ameliorarea durerii, pulberea JWH-210 din familia naftoilindolului func\u021bioneaz\u0103 ca un agonist canabinoid la nivelul receptorilor CB1 \u0219i CB2. , cu o valoare Ki de 0,46 nM pentru CB1 \u0219i 0,69 nM pentru CB2. Ca derivat de naftoil 4-substituit, are o afinitate de legare mai puternic\u0103 (adic\u0103 Ki mai sc\u0103zut) la CB1 dec\u00e2t omologii s\u0103i 4-metil \u0219i 4-N-propil, JWH-122 (CB1 Ki 0,69 nM), precum \u0219i JWH-182 (CB1 Ki 0,65 nM) \u0219i molecula 4-metoxi JWH-081 (CB1 Ki 1,2 nM). John W. Huffman, cel care a f\u0103cut descoperirea, a fost onorat cu onoarea c\u0103 descoperirea sa a fost numit\u0103 dup\u0103 el.<\/p>\n<p>Exist\u0103 dou\u0103 tipuri de receptori de canabinoizi \u00een organism: CB1 \u0219i CB2. JWH-210 este analgezic \u0219i func\u021bioneaz\u0103 ca agonist pentru ambele. CB1 Ki este la 0,46 nM \u0219i CB2 Ki la 0,69 nM. Un puternic derivat de naftoil 4-substituit din seria naftoilindolului, are o afinitate mai mare pentru legarea CB1 dec\u00e2t JWH-122, JWH-182 \u0219i JWH-081 din prima genera\u021bie de canabinoizi sintetici (1).<\/p>\n<p> C\u0103i metabolice: JWH-210 are c\u00e2\u021biva metaboli\u021bi cunoscu\u021bi, inclusiv metabolitul acidului N-pentanoic (detectabil \u00een urin\u0103), metabolitul N-(4-hidroxipentil) (detectabil \u00een urin\u0103 \u0219i ser), metabolitul N-(5-hidroxipentil) (detectabil \u00een urin\u0103 \u0219i ser) \u0219i 5 metabolit hidroxiindol (detectabil \u00een urin\u0103 \u0219i ser) (detectabil \u00een urin\u0103 \u0219i ser). S-a mai spus c\u0103 inelul naptoil a fost hidroxilat (2).<\/p>\n<p>Atunci c\u00e2nd este pulverizat pe plante, JWH-210 are acelea\u0219i efecte \u0219i toxicitate ca \u0219i marijuana, potrivit utilizatorilor. \u00cen 2-5 minute de la injectare, efectele \u00eencep s\u0103 se simt\u0103. Se \u0219tie pu\u021bin despre efectele JWH-210 \u00een monoterapie, cu toate acestea, canabinoizii sintetici provoac\u0103 \u00een mod obi\u0219nuit schimb\u0103ri de dispozi\u021bie \u0219i percep\u021bie, atacuri de panic\u0103 \u0219i agita\u021bie, un nivel similar cu cel al canabisului \u0219i efecte halucinogene minore (vizuale \u0219i auditive).<\/p>\n","protected":false},"excerpt":{"rendered":"<p>Cump\u0103ra\u021bi pulbere chimic\u0103 JWH-210 de v\u00e2nzare online \u00een Marea Britanie, Europa, UE. Pulberea chimic\u0103 JWH-210 este o substan\u021b\u0103 chimic\u0103 analgezic\u0103 din familia naftoilindolului. <\/p>\n<h3 class=\"product_title\"> Pulbere JWH-210 online cump\u0103r\u0103 JWH-210 original cu puritate 99% <\/h3>\n","protected":false},"featured_media":5560,"comment_status":"open","ping_status":"closed","template":"","meta":[],"product_brand":[],"product_cat":[2014],"product_tag":[3071,3072,3073,3077,3070,3075,3034,3074,3078,3079,3076,3047,3080],"class_list":{"0":"post-5549","1":"product","2":"type-product","3":"status-publish","4":"has-post-thumbnail","6":"product_cat-cumprare-cercetare-chimice","7":"product_tag-buy-jwh-210-europe","8":"product_tag-buy-jwh-210-uk","9":"product_tag-buy-jwh-210-usa","10":"product_tag-jwh-210-ordin","11":"product_tag-cump-c4-83r-c4-83-jwh-210","12":"product_tag-jwh-210-doza","13":"product_tag-jwh-018","14":"product_tag-jwh-210-buy","15":"product_tag-jwh-210-psychonaut","16":"product_tag-jwh-210-reddit","17":"product_tag-jwh-210-legal-status-usa","18":"product_tag-jwh-250","19":"product_tag-jwh-210-review","21":"first","22":"instock","23":"shipping-taxable","24":"purchasable","25":"product-type-variable","26":"has-default-attributes"},"yoast_head":"<!-- This site is optimized with the Yoast SEO plugin v27.3 - https:\/\/yoast.com\/product\/yoast-seo-wordpress\/ -->\n<title>Cump\u0103ra\u021bi pulbere chimic\u0103 JWH-210 - Cele mai bune medicamente globale<\/title>\n<meta name=\"description\" content=\"Cump\u0103ra\u021bi pulbere chimic\u0103 JWH-210 de v\u00e2nzare online \u00een Marea Britanie, Europa. Pulberea chimic\u0103 JWH-210 este o substan\u021b\u0103 chimic\u0103 analgezic\u0103 din familia naftoilindolului.\" \/>\n<meta name=\"robots\" content=\"index, follow, max-snippet:-1, max-image-preview:large, max-video-preview:-1\" \/>\n<link rel=\"canonical\" href=\"https:\/\/medicinasinc.com\/ro\/product\/cumpara-jwh-210-pulbere-chimica\/\" \/>\n<meta property=\"og:locale\" content=\"en_US\" \/>\n<meta property=\"og:type\" content=\"article\" \/>\n<meta property=\"og:title\" content=\"Cump\u0103ra\u021bi pulbere chimic\u0103 JWH-210 - Cele mai bune medicamente globale\" \/>\n<meta property=\"og:description\" content=\"Cump\u0103ra\u021bi pulbere chimic\u0103 JWH-210 de v\u00e2nzare online \u00een Marea Britanie, Europa. Pulberea chimic\u0103 JWH-210 este o substan\u021b\u0103 chimic\u0103 analgezic\u0103 din familia naftoilindolului.\" \/>\n<meta property=\"og:url\" content=\"https:\/\/medicinasinc.com\/ro\/product\/cumpara-jwh-210-pulbere-chimica\/\" \/>\n<meta property=\"og:site_name\" content=\"Medicinas Inc\" \/>\n<meta property=\"article:modified_time\" content=\"2022-03-22T00:55:10+00:00\" \/>\n<meta property=\"og:image\" content=\"https:\/\/medicinasinc.com\/ro\/wp-content\/uploads\/sites\/11\/2022\/02\/Buy-JWH-210-Chemical-Powder-Online.jpg\" \/>\n\t<meta property=\"og:image:width\" content=\"600\" \/>\n\t<meta property=\"og:image:height\" content=\"600\" \/>\n\t<meta property=\"og:image:type\" content=\"image\/jpeg\" \/>\n<meta name=\"twitter:card\" content=\"summary_large_image\" \/>\n<meta name=\"twitter:label1\" content=\"Est. reading time\" \/>\n\t<meta name=\"twitter:data1\" content=\"2 minutes\" \/>\n<script type=\"application\/ld+json\" class=\"yoast-schema-graph\">{\"@context\":\"https:\\\/\\\/schema.org\",\"@graph\":[{\"@type\":\"WebPage\",\"@id\":\"https:\\\/\\\/medicinasinc.com\\\/ro\\\/product\\\/cumpara-jwh-210-pulbere-chimica\\\/\",\"url\":\"https:\\\/\\\/medicinasinc.com\\\/ro\\\/product\\\/cumpara-jwh-210-pulbere-chimica\\\/\",\"name\":\"Cump\u0103ra\u021bi pulbere chimic\u0103 JWH-210 - Cele mai bune medicamente globale\",\"isPartOf\":{\"@id\":\"https:\\\/\\\/medicinasinc.com\\\/ro\\\/#website\"},\"primaryImageOfPage\":{\"@id\":\"https:\\\/\\\/medicinasinc.com\\\/ro\\\/product\\\/cumpara-jwh-210-pulbere-chimica\\\/#primaryimage\"},\"image\":{\"@id\":\"https:\\\/\\\/medicinasinc.com\\\/ro\\\/product\\\/cumpara-jwh-210-pulbere-chimica\\\/#primaryimage\"},\"thumbnailUrl\":\"https:\\\/\\\/medicinasinc.com\\\/ro\\\/wp-content\\\/uploads\\\/sites\\\/11\\\/2022\\\/02\\\/Buy-JWH-210-Chemical-Powder-Online.jpg\",\"datePublished\":\"2022-02-22T01:34:03+00:00\",\"dateModified\":\"2022-03-22T00:55:10+00:00\",\"description\":\"Cump\u0103ra\u021bi pulbere chimic\u0103 JWH-210 de v\u00e2nzare online \u00een Marea Britanie, Europa. Pulberea chimic\u0103 JWH-210 este o substan\u021b\u0103 chimic\u0103 analgezic\u0103 din familia naftoilindolului.\",\"breadcrumb\":{\"@id\":\"https:\\\/\\\/medicinasinc.com\\\/ro\\\/product\\\/cumpara-jwh-210-pulbere-chimica\\\/#breadcrumb\"},\"inLanguage\":\"en-US\",\"potentialAction\":[{\"@type\":\"ReadAction\",\"target\":[\"https:\\\/\\\/medicinasinc.com\\\/ro\\\/product\\\/cumpara-jwh-210-pulbere-chimica\\\/\"]}]},{\"@type\":\"ImageObject\",\"inLanguage\":\"en-US\",\"@id\":\"https:\\\/\\\/medicinasinc.com\\\/ro\\\/product\\\/cumpara-jwh-210-pulbere-chimica\\\/#primaryimage\",\"url\":\"https:\\\/\\\/medicinasinc.com\\\/ro\\\/wp-content\\\/uploads\\\/sites\\\/11\\\/2022\\\/02\\\/Buy-JWH-210-Chemical-Powder-Online.jpg\",\"contentUrl\":\"https:\\\/\\\/medicinasinc.com\\\/ro\\\/wp-content\\\/uploads\\\/sites\\\/11\\\/2022\\\/02\\\/Buy-JWH-210-Chemical-Powder-Online.jpg\",\"width\":600,\"height\":600},{\"@type\":\"BreadcrumbList\",\"@id\":\"https:\\\/\\\/medicinasinc.com\\\/ro\\\/product\\\/cumpara-jwh-210-pulbere-chimica\\\/#breadcrumb\",\"itemListElement\":[{\"@type\":\"ListItem\",\"position\":1,\"name\":\"Magazin\",\"item\":\"https:\\\/\\\/medicinasinc.com\\\/ro\\\/magazin\\\/\"},{\"@type\":\"ListItem\",\"position\":2,\"name\":\"Cump\u0103ra\u021bi pulbere chimic\u0103 JWH-210\"}]},{\"@type\":\"WebSite\",\"@id\":\"https:\\\/\\\/medicinasinc.com\\\/ro\\\/#website\",\"url\":\"https:\\\/\\\/medicinasinc.com\\\/ro\\\/\",\"name\":\"Medicinas Inc\",\"description\":\"Health Medical Clinic\",\"potentialAction\":[{\"@type\":\"SearchAction\",\"target\":{\"@type\":\"EntryPoint\",\"urlTemplate\":\"https:\\\/\\\/medicinasinc.com\\\/ro\\\/?s={search_term_string}\"},\"query-input\":{\"@type\":\"PropertyValueSpecification\",\"valueRequired\":true,\"valueName\":\"search_term_string\"}}],\"inLanguage\":\"en-US\"}]}<\/script>\n<!-- \/ Yoast SEO plugin. -->","yoast_head_json":{"title":"Cump\u0103ra\u021bi pulbere chimic\u0103 JWH-210 - Cele mai bune medicamente globale","description":"Cump\u0103ra\u021bi pulbere chimic\u0103 JWH-210 de v\u00e2nzare online \u00een Marea Britanie, Europa. Pulberea chimic\u0103 JWH-210 este o substan\u021b\u0103 chimic\u0103 analgezic\u0103 din familia naftoilindolului.","robots":{"index":"index","follow":"follow","max-snippet":"max-snippet:-1","max-image-preview":"max-image-preview:large","max-video-preview":"max-video-preview:-1"},"canonical":"https:\/\/medicinasinc.com\/ro\/product\/cumpara-jwh-210-pulbere-chimica\/","og_locale":"en_US","og_type":"article","og_title":"Cump\u0103ra\u021bi pulbere chimic\u0103 JWH-210 - Cele mai bune medicamente globale","og_description":"Cump\u0103ra\u021bi pulbere chimic\u0103 JWH-210 de v\u00e2nzare online \u00een Marea Britanie, Europa. Pulberea chimic\u0103 JWH-210 este o substan\u021b\u0103 chimic\u0103 analgezic\u0103 din familia naftoilindolului.","og_url":"https:\/\/medicinasinc.com\/ro\/product\/cumpara-jwh-210-pulbere-chimica\/","og_site_name":"Medicinas Inc","article_modified_time":"2022-03-22T00:55:10+00:00","og_image":[{"width":600,"height":600,"url":"https:\/\/medicinasinc.com\/ro\/wp-content\/uploads\/sites\/11\/2022\/02\/Buy-JWH-210-Chemical-Powder-Online.jpg","type":"image\/jpeg"}],"twitter_card":"summary_large_image","twitter_misc":{"Est. reading time":"2 minutes"},"schema":{"@context":"https:\/\/schema.org","@graph":[{"@type":"WebPage","@id":"https:\/\/medicinasinc.com\/ro\/product\/cumpara-jwh-210-pulbere-chimica\/","url":"https:\/\/medicinasinc.com\/ro\/product\/cumpara-jwh-210-pulbere-chimica\/","name":"Cump\u0103ra\u021bi pulbere chimic\u0103 JWH-210 - Cele mai bune medicamente globale","isPartOf":{"@id":"https:\/\/medicinasinc.com\/ro\/#website"},"primaryImageOfPage":{"@id":"https:\/\/medicinasinc.com\/ro\/product\/cumpara-jwh-210-pulbere-chimica\/#primaryimage"},"image":{"@id":"https:\/\/medicinasinc.com\/ro\/product\/cumpara-jwh-210-pulbere-chimica\/#primaryimage"},"thumbnailUrl":"https:\/\/medicinasinc.com\/ro\/wp-content\/uploads\/sites\/11\/2022\/02\/Buy-JWH-210-Chemical-Powder-Online.jpg","datePublished":"2022-02-22T01:34:03+00:00","dateModified":"2022-03-22T00:55:10+00:00","description":"Cump\u0103ra\u021bi pulbere chimic\u0103 JWH-210 de v\u00e2nzare online \u00een Marea Britanie, Europa. Pulberea chimic\u0103 JWH-210 este o substan\u021b\u0103 chimic\u0103 analgezic\u0103 din familia naftoilindolului.","breadcrumb":{"@id":"https:\/\/medicinasinc.com\/ro\/product\/cumpara-jwh-210-pulbere-chimica\/#breadcrumb"},"inLanguage":"en-US","potentialAction":[{"@type":"ReadAction","target":["https:\/\/medicinasinc.com\/ro\/product\/cumpara-jwh-210-pulbere-chimica\/"]}]},{"@type":"ImageObject","inLanguage":"en-US","@id":"https:\/\/medicinasinc.com\/ro\/product\/cumpara-jwh-210-pulbere-chimica\/#primaryimage","url":"https:\/\/medicinasinc.com\/ro\/wp-content\/uploads\/sites\/11\/2022\/02\/Buy-JWH-210-Chemical-Powder-Online.jpg","contentUrl":"https:\/\/medicinasinc.com\/ro\/wp-content\/uploads\/sites\/11\/2022\/02\/Buy-JWH-210-Chemical-Powder-Online.jpg","width":600,"height":600},{"@type":"BreadcrumbList","@id":"https:\/\/medicinasinc.com\/ro\/product\/cumpara-jwh-210-pulbere-chimica\/#breadcrumb","itemListElement":[{"@type":"ListItem","position":1,"name":"Magazin","item":"https:\/\/medicinasinc.com\/ro\/magazin\/"},{"@type":"ListItem","position":2,"name":"Cump\u0103ra\u021bi pulbere chimic\u0103 JWH-210"}]},{"@type":"WebSite","@id":"https:\/\/medicinasinc.com\/ro\/#website","url":"https:\/\/medicinasinc.com\/ro\/","name":"Medicinas Inc","description":"Health Medical Clinic","potentialAction":[{"@type":"SearchAction","target":{"@type":"EntryPoint","urlTemplate":"https:\/\/medicinasinc.com\/ro\/?s={search_term_string}"},"query-input":{"@type":"PropertyValueSpecification","valueRequired":true,"valueName":"search_term_string"}}],"inLanguage":"en-US"}]}},"_links":{"self":[{"href":"https:\/\/medicinasinc.com\/ro\/wp-json\/wp\/v2\/product\/5549","targetHints":{"allow":["GET"]}}],"collection":[{"href":"https:\/\/medicinasinc.com\/ro\/wp-json\/wp\/v2\/product"}],"about":[{"href":"https:\/\/medicinasinc.com\/ro\/wp-json\/wp\/v2\/types\/product"}],"replies":[{"embeddable":true,"href":"https:\/\/medicinasinc.com\/ro\/wp-json\/wp\/v2\/comments?post=5549"}],"wp:featuredmedia":[{"embeddable":true,"href":"https:\/\/medicinasinc.com\/ro\/wp-json\/wp\/v2\/media\/5560"}],"wp:attachment":[{"href":"https:\/\/medicinasinc.com\/ro\/wp-json\/wp\/v2\/media?parent=5549"}],"wp:term":[{"taxonomy":"product_brand","embeddable":true,"href":"https:\/\/medicinasinc.com\/ro\/wp-json\/wp\/v2\/product_brand?post=5549"},{"taxonomy":"product_cat","embeddable":true,"href":"https:\/\/medicinasinc.com\/ro\/wp-json\/wp\/v2\/product_cat?post=5549"},{"taxonomy":"product_tag","embeddable":true,"href":"https:\/\/medicinasinc.com\/ro\/wp-json\/wp\/v2\/product_tag?post=5549"}],"curies":[{"name":"wp","href":"https:\/\/api.w.org\/{rel}","templated":true}]}}