{"id":5548,"date":"2022-02-22T01:32:32","date_gmt":"2022-02-22T01:32:32","guid":{"rendered":"https:\/\/medicinasinc.com\/ro\/?post_type=product&#038;p=5548"},"modified":"2022-03-22T00:55:23","modified_gmt":"2022-03-22T00:55:23","slug":"cumpara-jwh-018-chimic","status":"publish","type":"product","link":"https:\/\/medicinasinc.com\/ro\/product\/cumpara-jwh-018-chimic\/","title":{"rendered":"Cump\u0103ra\u021bi JWH-018 Chemical"},"content":{"rendered":"<p>Pudra JWH-018 poate fi achizi\u021bionat\u0103 folosind western union\/MoneyGram sau bitcoins chiar aici, pe site-ul nostru. Se garanteaz\u0103 c\u0103 este pur\u0103 \u00een propor\u021bie de cel pu\u021bin 99,8%. Orice lot de substan\u021be chimice de cercetare poate fi furnizat cu un certificat de analiz\u0103 (COA).<\/p>\n<p>Un gram de JWH-018 fiecare unitate de comand\u0103 con\u021bine minim 99,8% JWH-018 pur.<\/p>\n<p>De v\u00e2nzare este spray-ul JWH 018.<\/p>\n<p>\u00cenainte de a intra \u00een JWH-018, am dori s\u0103 v\u0103 oferim o scurt\u0103 introducere \u00een CBD.<br \/> Potrivit Bibliotecii Publice de Medicin\u0103 din SUA, CBD, prescurtare de la canabidiol, este o substan\u021b\u0103 chimic\u0103 sintetic\u0103 derivat\u0103 din planta Cannabis sativa, uneori cunoscut\u0103 sub numele de canabis sau ajutor.<br \/> \u00cen produse precum uleiurile \u0219i comestibile, este folosit pentru a induce un sentiment de calm \u0219i relaxare. La fel ca \u0219i v\u0103rul s\u0103u, THC (delta-9-tetrahidrocannabinoizi), CBD nu are un efect psihotrop asupra organismului.<br \/> Amestecul de cas\u0103 de la Zest \u201eZest\u201d con\u021bine un canabinoid artificial cunoscut sub numele de JWH-018. Datorit\u0103 efectelor sale intoxicante similare cu 9-THC, acest canabinoid Zest este folosit ilegal. \u00cen timp ce JWH-018 este vizibil mai puternic dec\u00e2t m\u0103sur\u0103torile echivalente de canabis, prezint\u0103, de asemenea, provoc\u0103ri enorme pentru detectarea prin studiile standard de testare a 9-THC. JWH-018<br \/> JWH-018 a fost ad\u0103ugat la lista DEA a medicamentelor \u0219i sintetice de interes \u00een iulie 2009. Unele jurisdic\u021bii au luat m\u0103suri pentru a interzice v\u00e2nzarea sau de\u021binerea Flavour (JWH-018), inclusiv Alabama, Arkansas. , Georgia, Kansas, Kentucky, Dakota de Nord \u0219i Tennessee, \u00een ciuda capturilor raportate de Flavour \u00een Ohio \u0219i Florida.<br \/> C\u00e2nd vine vorba de spray-ul jwh-018, a\u021bi ajuns la site-ul potrivit dac\u0103 dori\u021bi ce este mai bun. Livr\u0103m produse de \u00eenalt\u0103 calitate \u00een cantit\u0103\u021bi mari \u00een toat\u0103 lumea. Spray-ul jwh-018 poate fi al t\u0103u \u00een urm\u0103toarele cinci zile lucr\u0103toare dac\u0103 comanzi acum. Achizi\u021bie online jwh-018.<\/p>\n","protected":false},"excerpt":{"rendered":"<div class=\"woocommerce-product-details__short-description\">\n<p>Avem JWH-018 de v\u00e2nzare pe site-ul nostru web. Cheltuieli nemaiv\u0103zute p\u00e2n\u0103 acum. O versiune spray \u0219i pudr\u0103 a Best JWH-018 Essence sunt acum disponibile pentru achizi\u021bie. Bestglobalmeds.com este locul unde pute\u021bi cump\u0103ra JWH-018 online.<\/p>\n<p>Achizi\u021biona\u021bi JWH-018 de la un comerciant cu am\u0103nuntul de renume online. Dori\u021bi s\u0103 cump\u0103ra\u021bi jwh-018 de \u00eenalt\u0103 calitate la un pre\u021b ieftin. Comanda\u021bi de la noi \u0219i al\u0103tura\u021bi-v\u0103 r\u00e2ndurilor clien\u021bilor mul\u021bumi\u021bi.<\/p>\n<p>JWH-018<\/p>\n<p>Produsul este nou-nou\u021b.<\/p>\n<p>Cump\u0103ra\u021bi JWH-018<\/p>\n<p>Substan\u021b\u0103 activ\u0103:<br \/> Activ dup\u0103:<br \/> Timp activ:<br \/> O unitate de comand\u0103:<\/p>\n<p>JWH-018<br \/> 20-30 min. dup\u0103 utilizare<br \/> 4-5 ore<br \/> 1g min 99<\/p>\n<\/p><\/div>\n","protected":false},"featured_media":5558,"comment_status":"open","ping_status":"closed","template":"","meta":[],"product_brand":[],"product_cat":[2014],"product_tag":[3050,3051,3052,3059,3053,3055,3056,3058,3057,3067,3060,3063,3062,3064,3066,3068,3061,3069,3054,3065],"class_list":{"0":"post-5548","1":"product","2":"type-product","3":"status-publish","4":"has-post-thumbnail","6":"product_cat-cumprare-cercetare-chimice","7":"product_tag-buy-jwh-018","8":"product_tag-buy-jwh-018-chemical","9":"product_tag-buy-jwh-018-powder","10":"product_tag-jwh-018-comanda","11":"product_tag-cum-se-face-jwh-018-spray","12":"product_tag-jwh-018-alternative","13":"product_tag-jwh-018-buy","14":"product_tag-jwh-018-online-buy","15":"product_tag-jwh-018-de-vnzare","16":"product_tag-jwh-018-en-gros","17":"product_tag-jwh-018-pret-pulbere","18":"product_tag-jwh-018-review","19":"product_tag-jwh-018-reddit","20":"product_tag-jwh-018-sale","21":"product_tag-jwh-018-walmart","22":"product_tag-jwh-250-spray","23":"product_tag-jwh-018-pre-c8-9b","24":"product_tag-produse-care-conin-jwh-018","25":"product_tag-jwh-pulbere","26":"product_tag-jwh-018-spray-de-vanzare-uk","28":"first","29":"instock","30":"shipping-taxable","31":"purchasable","32":"product-type-variable","33":"has-default-attributes"},"yoast_head":"<!-- This site is optimized with the Yoast SEO plugin v27.3 - https:\/\/yoast.com\/product\/yoast-seo-wordpress\/ -->\n<title>Cump\u0103ra\u021bi JWH-018 Chemical - JWH-018 Chemical Online - Cele mai bune medicamente globale<\/title>\n<meta name=\"description\" content=\"Cump\u0103ra\u021bi pulbere chimic\u0103 JWH-018 Marea Britanie, Emiratele Arabe Unite, Europa, China \u00een magazinul nostru online Bestglobalmeds.com cu livrare rapid\u0103 \u00een \u00eentreaga lume! Cel mai bun JWH-018 pentru comand\u0103 \u00eel g\u0103si\u021bi aici!\" \/>\n<meta name=\"robots\" content=\"index, follow, max-snippet:-1, max-image-preview:large, max-video-preview:-1\" \/>\n<link rel=\"canonical\" href=\"https:\/\/medicinasinc.com\/ro\/product\/cumpara-jwh-018-chimic\/\" \/>\n<meta property=\"og:locale\" content=\"en_US\" \/>\n<meta property=\"og:type\" content=\"article\" \/>\n<meta property=\"og:title\" content=\"Cump\u0103ra\u021bi JWH-018 Chemical - JWH-018 Chemical Online - Cele mai bune medicamente globale\" \/>\n<meta property=\"og:description\" content=\"Cump\u0103ra\u021bi pulbere chimic\u0103 JWH-018 Marea Britanie, Emiratele Arabe Unite, Europa, China \u00een magazinul nostru online Bestglobalmeds.com cu livrare rapid\u0103 \u00een \u00eentreaga lume! Cel mai bun JWH-018 pentru comand\u0103 \u00eel g\u0103si\u021bi aici!\" \/>\n<meta property=\"og:url\" content=\"https:\/\/medicinasinc.com\/ro\/product\/cumpara-jwh-018-chimic\/\" \/>\n<meta property=\"og:site_name\" content=\"Medicinas Inc\" \/>\n<meta property=\"article:modified_time\" content=\"2022-03-22T00:55:23+00:00\" \/>\n<meta property=\"og:image\" content=\"https:\/\/medicinasinc.com\/ro\/wp-content\/uploads\/sites\/11\/2022\/02\/Buy-JWH-018-Chemical.jpg\" \/>\n\t<meta property=\"og:image:width\" content=\"593\" \/>\n\t<meta property=\"og:image:height\" content=\"400\" \/>\n\t<meta property=\"og:image:type\" content=\"image\/jpeg\" \/>\n<meta name=\"twitter:card\" content=\"summary_large_image\" \/>\n<meta name=\"twitter:label1\" content=\"Est. reading time\" \/>\n\t<meta name=\"twitter:data1\" content=\"2 minutes\" \/>\n<script type=\"application\/ld+json\" class=\"yoast-schema-graph\">{\"@context\":\"https:\\\/\\\/schema.org\",\"@graph\":[{\"@type\":\"WebPage\",\"@id\":\"https:\\\/\\\/medicinasinc.com\\\/ro\\\/product\\\/cumpara-jwh-018-chimic\\\/\",\"url\":\"https:\\\/\\\/medicinasinc.com\\\/ro\\\/product\\\/cumpara-jwh-018-chimic\\\/\",\"name\":\"Cump\u0103ra\u021bi JWH-018 Chemical - JWH-018 Chemical Online - Cele mai bune medicamente globale\",\"isPartOf\":{\"@id\":\"https:\\\/\\\/medicinasinc.com\\\/ro\\\/#website\"},\"primaryImageOfPage\":{\"@id\":\"https:\\\/\\\/medicinasinc.com\\\/ro\\\/product\\\/cumpara-jwh-018-chimic\\\/#primaryimage\"},\"image\":{\"@id\":\"https:\\\/\\\/medicinasinc.com\\\/ro\\\/product\\\/cumpara-jwh-018-chimic\\\/#primaryimage\"},\"thumbnailUrl\":\"https:\\\/\\\/medicinasinc.com\\\/ro\\\/wp-content\\\/uploads\\\/sites\\\/11\\\/2022\\\/02\\\/Buy-JWH-018-Chemical.jpg\",\"datePublished\":\"2022-02-22T01:32:32+00:00\",\"dateModified\":\"2022-03-22T00:55:23+00:00\",\"description\":\"Cump\u0103ra\u021bi pulbere chimic\u0103 JWH-018 Marea Britanie, Emiratele Arabe Unite, Europa, China \u00een magazinul nostru online Bestglobalmeds.com cu livrare rapid\u0103 \u00een \u00eentreaga lume! Cel mai bun JWH-018 pentru comand\u0103 \u00eel g\u0103si\u021bi aici!\",\"breadcrumb\":{\"@id\":\"https:\\\/\\\/medicinasinc.com\\\/ro\\\/product\\\/cumpara-jwh-018-chimic\\\/#breadcrumb\"},\"inLanguage\":\"en-US\",\"potentialAction\":[{\"@type\":\"ReadAction\",\"target\":[\"https:\\\/\\\/medicinasinc.com\\\/ro\\\/product\\\/cumpara-jwh-018-chimic\\\/\"]}]},{\"@type\":\"ImageObject\",\"inLanguage\":\"en-US\",\"@id\":\"https:\\\/\\\/medicinasinc.com\\\/ro\\\/product\\\/cumpara-jwh-018-chimic\\\/#primaryimage\",\"url\":\"https:\\\/\\\/medicinasinc.com\\\/ro\\\/wp-content\\\/uploads\\\/sites\\\/11\\\/2022\\\/02\\\/Buy-JWH-018-Chemical.jpg\",\"contentUrl\":\"https:\\\/\\\/medicinasinc.com\\\/ro\\\/wp-content\\\/uploads\\\/sites\\\/11\\\/2022\\\/02\\\/Buy-JWH-018-Chemical.jpg\",\"width\":593,\"height\":400},{\"@type\":\"BreadcrumbList\",\"@id\":\"https:\\\/\\\/medicinasinc.com\\\/ro\\\/product\\\/cumpara-jwh-018-chimic\\\/#breadcrumb\",\"itemListElement\":[{\"@type\":\"ListItem\",\"position\":1,\"name\":\"Magazin\",\"item\":\"https:\\\/\\\/medicinasinc.com\\\/ro\\\/magazin\\\/\"},{\"@type\":\"ListItem\",\"position\":2,\"name\":\"Cump\u0103ra\u021bi JWH-018 Chemical\"}]},{\"@type\":\"WebSite\",\"@id\":\"https:\\\/\\\/medicinasinc.com\\\/ro\\\/#website\",\"url\":\"https:\\\/\\\/medicinasinc.com\\\/ro\\\/\",\"name\":\"Medicinas Inc\",\"description\":\"Health Medical Clinic\",\"potentialAction\":[{\"@type\":\"SearchAction\",\"target\":{\"@type\":\"EntryPoint\",\"urlTemplate\":\"https:\\\/\\\/medicinasinc.com\\\/ro\\\/?s={search_term_string}\"},\"query-input\":{\"@type\":\"PropertyValueSpecification\",\"valueRequired\":true,\"valueName\":\"search_term_string\"}}],\"inLanguage\":\"en-US\"}]}<\/script>\n<!-- \/ Yoast SEO plugin. -->","yoast_head_json":{"title":"Cump\u0103ra\u021bi JWH-018 Chemical - JWH-018 Chemical Online - Cele mai bune medicamente globale","description":"Cump\u0103ra\u021bi pulbere chimic\u0103 JWH-018 Marea Britanie, Emiratele Arabe Unite, Europa, China \u00een magazinul nostru online Bestglobalmeds.com cu livrare rapid\u0103 \u00een \u00eentreaga lume! Cel mai bun JWH-018 pentru comand\u0103 \u00eel g\u0103si\u021bi aici!","robots":{"index":"index","follow":"follow","max-snippet":"max-snippet:-1","max-image-preview":"max-image-preview:large","max-video-preview":"max-video-preview:-1"},"canonical":"https:\/\/medicinasinc.com\/ro\/product\/cumpara-jwh-018-chimic\/","og_locale":"en_US","og_type":"article","og_title":"Cump\u0103ra\u021bi JWH-018 Chemical - JWH-018 Chemical Online - Cele mai bune medicamente globale","og_description":"Cump\u0103ra\u021bi pulbere chimic\u0103 JWH-018 Marea Britanie, Emiratele Arabe Unite, Europa, China \u00een magazinul nostru online Bestglobalmeds.com cu livrare rapid\u0103 \u00een \u00eentreaga lume! Cel mai bun JWH-018 pentru comand\u0103 \u00eel g\u0103si\u021bi aici!","og_url":"https:\/\/medicinasinc.com\/ro\/product\/cumpara-jwh-018-chimic\/","og_site_name":"Medicinas Inc","article_modified_time":"2022-03-22T00:55:23+00:00","og_image":[{"width":593,"height":400,"url":"https:\/\/medicinasinc.com\/ro\/wp-content\/uploads\/sites\/11\/2022\/02\/Buy-JWH-018-Chemical.jpg","type":"image\/jpeg"}],"twitter_card":"summary_large_image","twitter_misc":{"Est. reading time":"2 minutes"},"schema":{"@context":"https:\/\/schema.org","@graph":[{"@type":"WebPage","@id":"https:\/\/medicinasinc.com\/ro\/product\/cumpara-jwh-018-chimic\/","url":"https:\/\/medicinasinc.com\/ro\/product\/cumpara-jwh-018-chimic\/","name":"Cump\u0103ra\u021bi JWH-018 Chemical - JWH-018 Chemical Online - Cele mai bune medicamente globale","isPartOf":{"@id":"https:\/\/medicinasinc.com\/ro\/#website"},"primaryImageOfPage":{"@id":"https:\/\/medicinasinc.com\/ro\/product\/cumpara-jwh-018-chimic\/#primaryimage"},"image":{"@id":"https:\/\/medicinasinc.com\/ro\/product\/cumpara-jwh-018-chimic\/#primaryimage"},"thumbnailUrl":"https:\/\/medicinasinc.com\/ro\/wp-content\/uploads\/sites\/11\/2022\/02\/Buy-JWH-018-Chemical.jpg","datePublished":"2022-02-22T01:32:32+00:00","dateModified":"2022-03-22T00:55:23+00:00","description":"Cump\u0103ra\u021bi pulbere chimic\u0103 JWH-018 Marea Britanie, Emiratele Arabe Unite, Europa, China \u00een magazinul nostru online Bestglobalmeds.com cu livrare rapid\u0103 \u00een \u00eentreaga lume! Cel mai bun JWH-018 pentru comand\u0103 \u00eel g\u0103si\u021bi aici!","breadcrumb":{"@id":"https:\/\/medicinasinc.com\/ro\/product\/cumpara-jwh-018-chimic\/#breadcrumb"},"inLanguage":"en-US","potentialAction":[{"@type":"ReadAction","target":["https:\/\/medicinasinc.com\/ro\/product\/cumpara-jwh-018-chimic\/"]}]},{"@type":"ImageObject","inLanguage":"en-US","@id":"https:\/\/medicinasinc.com\/ro\/product\/cumpara-jwh-018-chimic\/#primaryimage","url":"https:\/\/medicinasinc.com\/ro\/wp-content\/uploads\/sites\/11\/2022\/02\/Buy-JWH-018-Chemical.jpg","contentUrl":"https:\/\/medicinasinc.com\/ro\/wp-content\/uploads\/sites\/11\/2022\/02\/Buy-JWH-018-Chemical.jpg","width":593,"height":400},{"@type":"BreadcrumbList","@id":"https:\/\/medicinasinc.com\/ro\/product\/cumpara-jwh-018-chimic\/#breadcrumb","itemListElement":[{"@type":"ListItem","position":1,"name":"Magazin","item":"https:\/\/medicinasinc.com\/ro\/magazin\/"},{"@type":"ListItem","position":2,"name":"Cump\u0103ra\u021bi JWH-018 Chemical"}]},{"@type":"WebSite","@id":"https:\/\/medicinasinc.com\/ro\/#website","url":"https:\/\/medicinasinc.com\/ro\/","name":"Medicinas Inc","description":"Health Medical Clinic","potentialAction":[{"@type":"SearchAction","target":{"@type":"EntryPoint","urlTemplate":"https:\/\/medicinasinc.com\/ro\/?s={search_term_string}"},"query-input":{"@type":"PropertyValueSpecification","valueRequired":true,"valueName":"search_term_string"}}],"inLanguage":"en-US"}]}},"_links":{"self":[{"href":"https:\/\/medicinasinc.com\/ro\/wp-json\/wp\/v2\/product\/5548","targetHints":{"allow":["GET"]}}],"collection":[{"href":"https:\/\/medicinasinc.com\/ro\/wp-json\/wp\/v2\/product"}],"about":[{"href":"https:\/\/medicinasinc.com\/ro\/wp-json\/wp\/v2\/types\/product"}],"replies":[{"embeddable":true,"href":"https:\/\/medicinasinc.com\/ro\/wp-json\/wp\/v2\/comments?post=5548"}],"wp:featuredmedia":[{"embeddable":true,"href":"https:\/\/medicinasinc.com\/ro\/wp-json\/wp\/v2\/media\/5558"}],"wp:attachment":[{"href":"https:\/\/medicinasinc.com\/ro\/wp-json\/wp\/v2\/media?parent=5548"}],"wp:term":[{"taxonomy":"product_brand","embeddable":true,"href":"https:\/\/medicinasinc.com\/ro\/wp-json\/wp\/v2\/product_brand?post=5548"},{"taxonomy":"product_cat","embeddable":true,"href":"https:\/\/medicinasinc.com\/ro\/wp-json\/wp\/v2\/product_cat?post=5548"},{"taxonomy":"product_tag","embeddable":true,"href":"https:\/\/medicinasinc.com\/ro\/wp-json\/wp\/v2\/product_tag?post=5548"}],"curies":[{"name":"wp","href":"https:\/\/api.w.org\/{rel}","templated":true}]}}