{"id":5547,"date":"2022-02-22T01:30:48","date_gmt":"2022-02-22T01:30:48","guid":{"rendered":"https:\/\/medicinasinc.com\/ro\/?post_type=product&#038;p=5547"},"modified":"2022-03-22T00:55:34","modified_gmt":"2022-03-22T00:55:34","slug":"cumpara-jwh-200-chimic","status":"publish","type":"product","link":"https:\/\/medicinasinc.com\/ro\/product\/cumpara-jwh-200-chimic\/","title":{"rendered":"Cump\u0103ra\u021bi JWH-200 Chemical"},"content":{"rendered":"<p>Solicita\u021bi informa\u021bii despre achizi\u021bionarea substan\u021bei chimice JWH-200<\/p>\n<p>\u00cen familia naftoilindolului, AM-678 (1-pentil-3-(1-naftoil)indol) este un analgezic care este un agonist complet la at\u00e2t receptorii canabinoizi CB1 c\u00e2t \u0219i CB2, cu o u\u0219oar\u0103 preferin\u021b\u0103 pentru receptorul CB2. Este folosit \u00een produsele de canabis sintetice v\u00e2ndute legal ca \u201eamestecuri de t\u0103m\u00e2ie\u201d \u00een unele \u021b\u0103ri, deoarece are efecte asupra animalelor care sunt comparabile cu cele ale tetrahidrocanabinolului (THC), un canabinoid care se g\u0103se\u0219te \u00een mod natural \u00een canabis. Research Chemicals JWH-200<\/p>\n<p>Folosind \u0219obolani Wistar c\u0103rora li s-a administrat un extract etanolic care con\u021bine JWH-200, a fost studiat\u0103 activitatea metabolic\u0103 a medicamentului. Aceasta a fost urmat\u0103 de extrac\u021bia metaboli\u021bilor JWH-200 din probe de urin\u0103 de 24 de ore utiliz\u00e2nd at\u00e2t fazele lichide, c\u00e2t \u0219i fazele solide de separare. Substan\u021bele chimice extrase au fost separate \u0219i identificate folosind GC-MS. Semnalul major a fost metaboli\u021bii N-dealchila\u021bi hidroxila\u021bi, nu JWH-200 sau metabolitul s\u0103u N-dealchilat. Schimbarea de mas\u0103 observat\u0103 sugereaz\u0103 c\u0103 grup\u0103rile hidroxil naftalen\u0103 \u0219i indol ale moleculei sunt susceptibile de a suferi hidroxilare. Metaboli\u021bii hidroxila\u021bi au fost conjuga\u021bi pe scar\u0103 larg\u0103 cu glucuronida la oameni, de\u0219i inelul indolic \u0219i lan\u021bul lateral pentil au fost locurile principale ale metabolismului.<\/p>\n<p>Utilizarea chimic\u0103 a JWH-200 de cercetare<\/p>\n<p>Media a avut a raportat cel pu\u021bin un caz de dependen\u021b\u0103 de JWH-200. Timp de opt luni, utilizatorul a b\u0103ut JWH-018 zilnic. \u00cen compara\u021bie cu efectele dependen\u021bei de canabis, simptomele de sevraj au fost mai severe aici. Dup\u0103 tratament, s-a demonstrat c\u0103 JWH-200 genereaz\u0103 modific\u0103ri semnificative ale densit\u0103\u021bii receptorilor CB1. Mai pu\u021bin rapid dec\u00e2t canabinoizii comparabili, provoac\u0103 toleran\u021b\u0103 la efectele sale.<\/p>\n","protected":false},"excerpt":{"rendered":"<div class=\"woocommerce-product-details__short-description\">\n<p>Cump\u0103ra\u021bi pulbere chimic\u0103 JWH-200\u00a0 de v\u00e2nzare \u00een Marea Britanie, Europa online. (1-(2-morfolin-4-iletil)indol-3-il)-naftalen-1-ilmetanona este o alt\u0103 denumire. Vino \u0219i cump\u0103r\u0103 acum!. Avem cea mai bun\u0103 metod\u0103 discret\u0103 de ambalare \u0219i expediere.<\/p>\n<\/p><\/div>\n","protected":false},"featured_media":5556,"comment_status":"open","ping_status":"closed","template":"","meta":[],"product_brand":[],"product_cat":[2014],"product_tag":[3048,3029,3040,3033,3031,3030,3032,3049,3037,3038,3043,3034,3035,3036,3039,3042,3041,3045,3046,3047,3044],"class_list":{"0":"post-5547","1":"product","2":"type-product","3":"status-publish","4":"has-post-thumbnail","6":"product_cat-cumprare-cercetare-chimice","7":"product_tag-cumprare-jwh-200-cercetare-chimice","8":"product_tag-am-2233","9":"product_tag-jwh-200-comanda","10":"product_tag-cum-se-comand-jwh-200-online","11":"product_tag-cump-c4-83r-c4-83-jwh-200-online","12":"product_tag-cumpr-jwh-200-chimic","13":"product_tag-cumpara-jwh-200-cercetare-chimicale","14":"product_tag-unde-a-comanda-jwh-200-cercetare-chimicale","15":"product_tag-efect-jwh-200","16":"product_tag-jwh-200-efecte","17":"product_tag-jwh-200-review","18":"product_tag-jwh-018","19":"product_tag-jwh-073","20":"product_tag-jwh-200-buy","21":"product_tag-jwh-200-de-vnzare","22":"product_tag-jwh-200-retail","23":"product_tag-jwh-200-reddit","24":"product_tag-jwh-200-sell","25":"product_tag-jwh-200-wholesale","26":"product_tag-jwh-250","27":"product_tag-jwh-200-sale","29":"first","30":"instock","31":"shipping-taxable","32":"purchasable","33":"product-type-variable","34":"has-default-attributes"},"yoast_head":"<!-- This site is optimized with the Yoast SEO plugin v27.3 - https:\/\/yoast.com\/product\/yoast-seo-wordpress\/ -->\n<title>Cump\u0103ra\u021bi JWH-200 Chemical - JWH-200 Chemical - Cele mai bune medicamente globale<\/title>\n<meta name=\"description\" content=\"Cump\u0103ra\u021bi pulbere chimic\u0103 JWH-200\u00a0 de v\u00e2nzare \u00een Marea Britanie, Europa online. (1-(2-morfolin-4-iletil)indol-3-il)-naftalen-1-ilmetanona este o alt\u0103 denumire. Vino \u0219i cump\u0103r\u0103 acum!. Avem cea mai bun\u0103 metod\u0103 de ambalare \u0219i livrare discret\u0103.\" \/>\n<meta name=\"robots\" content=\"index, follow, max-snippet:-1, max-image-preview:large, max-video-preview:-1\" \/>\n<link rel=\"canonical\" href=\"https:\/\/medicinasinc.com\/ro\/product\/cumpara-jwh-200-chimic\/\" \/>\n<meta property=\"og:locale\" content=\"en_US\" \/>\n<meta property=\"og:type\" content=\"article\" \/>\n<meta property=\"og:title\" content=\"Cump\u0103ra\u021bi JWH-200 Chemical - JWH-200 Chemical - Cele mai bune medicamente globale\" \/>\n<meta property=\"og:description\" content=\"Cump\u0103ra\u021bi pulbere chimic\u0103 JWH-200\u00a0 de v\u00e2nzare \u00een Marea Britanie, Europa online. (1-(2-morfolin-4-iletil)indol-3-il)-naftalen-1-ilmetanona este o alt\u0103 denumire. Vino \u0219i cump\u0103r\u0103 acum!. Avem cea mai bun\u0103 metod\u0103 de ambalare \u0219i livrare discret\u0103.\" \/>\n<meta property=\"og:url\" content=\"https:\/\/medicinasinc.com\/ro\/product\/cumpara-jwh-200-chimic\/\" \/>\n<meta property=\"og:site_name\" content=\"Medicinas Inc\" \/>\n<meta property=\"article:modified_time\" content=\"2022-03-22T00:55:34+00:00\" \/>\n<meta property=\"og:image\" content=\"https:\/\/medicinasinc.com\/ro\/wp-content\/uploads\/sites\/11\/2022\/02\/Buy-JWH-200-Chemical.jpg\" \/>\n\t<meta property=\"og:image:width\" content=\"458\" \/>\n\t<meta property=\"og:image:height\" content=\"458\" \/>\n\t<meta property=\"og:image:type\" content=\"image\/jpeg\" \/>\n<meta name=\"twitter:card\" content=\"summary_large_image\" \/>\n<meta name=\"twitter:label1\" content=\"Est. reading time\" \/>\n\t<meta name=\"twitter:data1\" content=\"2 minutes\" \/>\n<script type=\"application\/ld+json\" class=\"yoast-schema-graph\">{\"@context\":\"https:\\\/\\\/schema.org\",\"@graph\":[{\"@type\":\"WebPage\",\"@id\":\"https:\\\/\\\/medicinasinc.com\\\/ro\\\/product\\\/cumpara-jwh-200-chimic\\\/\",\"url\":\"https:\\\/\\\/medicinasinc.com\\\/ro\\\/product\\\/cumpara-jwh-200-chimic\\\/\",\"name\":\"Cump\u0103ra\u021bi JWH-200 Chemical - JWH-200 Chemical - Cele mai bune medicamente globale\",\"isPartOf\":{\"@id\":\"https:\\\/\\\/medicinasinc.com\\\/ro\\\/#website\"},\"primaryImageOfPage\":{\"@id\":\"https:\\\/\\\/medicinasinc.com\\\/ro\\\/product\\\/cumpara-jwh-200-chimic\\\/#primaryimage\"},\"image\":{\"@id\":\"https:\\\/\\\/medicinasinc.com\\\/ro\\\/product\\\/cumpara-jwh-200-chimic\\\/#primaryimage\"},\"thumbnailUrl\":\"https:\\\/\\\/medicinasinc.com\\\/ro\\\/wp-content\\\/uploads\\\/sites\\\/11\\\/2022\\\/02\\\/Buy-JWH-200-Chemical.jpg\",\"datePublished\":\"2022-02-22T01:30:48+00:00\",\"dateModified\":\"2022-03-22T00:55:34+00:00\",\"description\":\"Cump\u0103ra\u021bi pulbere chimic\u0103 JWH-200\u00a0 de v\u00e2nzare \u00een Marea Britanie, Europa online. (1-(2-morfolin-4-iletil)indol-3-il)-naftalen-1-ilmetanona este o alt\u0103 denumire. Vino \u0219i cump\u0103r\u0103 acum!. Avem cea mai bun\u0103 metod\u0103 de ambalare \u0219i livrare discret\u0103.\",\"breadcrumb\":{\"@id\":\"https:\\\/\\\/medicinasinc.com\\\/ro\\\/product\\\/cumpara-jwh-200-chimic\\\/#breadcrumb\"},\"inLanguage\":\"en-US\",\"potentialAction\":[{\"@type\":\"ReadAction\",\"target\":[\"https:\\\/\\\/medicinasinc.com\\\/ro\\\/product\\\/cumpara-jwh-200-chimic\\\/\"]}]},{\"@type\":\"ImageObject\",\"inLanguage\":\"en-US\",\"@id\":\"https:\\\/\\\/medicinasinc.com\\\/ro\\\/product\\\/cumpara-jwh-200-chimic\\\/#primaryimage\",\"url\":\"https:\\\/\\\/medicinasinc.com\\\/ro\\\/wp-content\\\/uploads\\\/sites\\\/11\\\/2022\\\/02\\\/Buy-JWH-200-Chemical.jpg\",\"contentUrl\":\"https:\\\/\\\/medicinasinc.com\\\/ro\\\/wp-content\\\/uploads\\\/sites\\\/11\\\/2022\\\/02\\\/Buy-JWH-200-Chemical.jpg\",\"width\":458,\"height\":458},{\"@type\":\"BreadcrumbList\",\"@id\":\"https:\\\/\\\/medicinasinc.com\\\/ro\\\/product\\\/cumpara-jwh-200-chimic\\\/#breadcrumb\",\"itemListElement\":[{\"@type\":\"ListItem\",\"position\":1,\"name\":\"Magazin\",\"item\":\"https:\\\/\\\/medicinasinc.com\\\/ro\\\/magazin\\\/\"},{\"@type\":\"ListItem\",\"position\":2,\"name\":\"Cump\u0103ra\u021bi JWH-200 Chemical\"}]},{\"@type\":\"WebSite\",\"@id\":\"https:\\\/\\\/medicinasinc.com\\\/ro\\\/#website\",\"url\":\"https:\\\/\\\/medicinasinc.com\\\/ro\\\/\",\"name\":\"Medicinas Inc\",\"description\":\"Health Medical Clinic\",\"potentialAction\":[{\"@type\":\"SearchAction\",\"target\":{\"@type\":\"EntryPoint\",\"urlTemplate\":\"https:\\\/\\\/medicinasinc.com\\\/ro\\\/?s={search_term_string}\"},\"query-input\":{\"@type\":\"PropertyValueSpecification\",\"valueRequired\":true,\"valueName\":\"search_term_string\"}}],\"inLanguage\":\"en-US\"}]}<\/script>\n<!-- \/ Yoast SEO plugin. -->","yoast_head_json":{"title":"Cump\u0103ra\u021bi JWH-200 Chemical - JWH-200 Chemical - Cele mai bune medicamente globale","description":"Cump\u0103ra\u021bi pulbere chimic\u0103 JWH-200\u00a0 de v\u00e2nzare \u00een Marea Britanie, Europa online. (1-(2-morfolin-4-iletil)indol-3-il)-naftalen-1-ilmetanona este o alt\u0103 denumire. Vino \u0219i cump\u0103r\u0103 acum!. Avem cea mai bun\u0103 metod\u0103 de ambalare \u0219i livrare discret\u0103.","robots":{"index":"index","follow":"follow","max-snippet":"max-snippet:-1","max-image-preview":"max-image-preview:large","max-video-preview":"max-video-preview:-1"},"canonical":"https:\/\/medicinasinc.com\/ro\/product\/cumpara-jwh-200-chimic\/","og_locale":"en_US","og_type":"article","og_title":"Cump\u0103ra\u021bi JWH-200 Chemical - JWH-200 Chemical - Cele mai bune medicamente globale","og_description":"Cump\u0103ra\u021bi pulbere chimic\u0103 JWH-200\u00a0 de v\u00e2nzare \u00een Marea Britanie, Europa online. (1-(2-morfolin-4-iletil)indol-3-il)-naftalen-1-ilmetanona este o alt\u0103 denumire. Vino \u0219i cump\u0103r\u0103 acum!. Avem cea mai bun\u0103 metod\u0103 de ambalare \u0219i livrare discret\u0103.","og_url":"https:\/\/medicinasinc.com\/ro\/product\/cumpara-jwh-200-chimic\/","og_site_name":"Medicinas Inc","article_modified_time":"2022-03-22T00:55:34+00:00","og_image":[{"width":458,"height":458,"url":"https:\/\/medicinasinc.com\/ro\/wp-content\/uploads\/sites\/11\/2022\/02\/Buy-JWH-200-Chemical.jpg","type":"image\/jpeg"}],"twitter_card":"summary_large_image","twitter_misc":{"Est. reading time":"2 minutes"},"schema":{"@context":"https:\/\/schema.org","@graph":[{"@type":"WebPage","@id":"https:\/\/medicinasinc.com\/ro\/product\/cumpara-jwh-200-chimic\/","url":"https:\/\/medicinasinc.com\/ro\/product\/cumpara-jwh-200-chimic\/","name":"Cump\u0103ra\u021bi JWH-200 Chemical - JWH-200 Chemical - Cele mai bune medicamente globale","isPartOf":{"@id":"https:\/\/medicinasinc.com\/ro\/#website"},"primaryImageOfPage":{"@id":"https:\/\/medicinasinc.com\/ro\/product\/cumpara-jwh-200-chimic\/#primaryimage"},"image":{"@id":"https:\/\/medicinasinc.com\/ro\/product\/cumpara-jwh-200-chimic\/#primaryimage"},"thumbnailUrl":"https:\/\/medicinasinc.com\/ro\/wp-content\/uploads\/sites\/11\/2022\/02\/Buy-JWH-200-Chemical.jpg","datePublished":"2022-02-22T01:30:48+00:00","dateModified":"2022-03-22T00:55:34+00:00","description":"Cump\u0103ra\u021bi pulbere chimic\u0103 JWH-200\u00a0 de v\u00e2nzare \u00een Marea Britanie, Europa online. (1-(2-morfolin-4-iletil)indol-3-il)-naftalen-1-ilmetanona este o alt\u0103 denumire. Vino \u0219i cump\u0103r\u0103 acum!. Avem cea mai bun\u0103 metod\u0103 de ambalare \u0219i livrare discret\u0103.","breadcrumb":{"@id":"https:\/\/medicinasinc.com\/ro\/product\/cumpara-jwh-200-chimic\/#breadcrumb"},"inLanguage":"en-US","potentialAction":[{"@type":"ReadAction","target":["https:\/\/medicinasinc.com\/ro\/product\/cumpara-jwh-200-chimic\/"]}]},{"@type":"ImageObject","inLanguage":"en-US","@id":"https:\/\/medicinasinc.com\/ro\/product\/cumpara-jwh-200-chimic\/#primaryimage","url":"https:\/\/medicinasinc.com\/ro\/wp-content\/uploads\/sites\/11\/2022\/02\/Buy-JWH-200-Chemical.jpg","contentUrl":"https:\/\/medicinasinc.com\/ro\/wp-content\/uploads\/sites\/11\/2022\/02\/Buy-JWH-200-Chemical.jpg","width":458,"height":458},{"@type":"BreadcrumbList","@id":"https:\/\/medicinasinc.com\/ro\/product\/cumpara-jwh-200-chimic\/#breadcrumb","itemListElement":[{"@type":"ListItem","position":1,"name":"Magazin","item":"https:\/\/medicinasinc.com\/ro\/magazin\/"},{"@type":"ListItem","position":2,"name":"Cump\u0103ra\u021bi JWH-200 Chemical"}]},{"@type":"WebSite","@id":"https:\/\/medicinasinc.com\/ro\/#website","url":"https:\/\/medicinasinc.com\/ro\/","name":"Medicinas Inc","description":"Health Medical Clinic","potentialAction":[{"@type":"SearchAction","target":{"@type":"EntryPoint","urlTemplate":"https:\/\/medicinasinc.com\/ro\/?s={search_term_string}"},"query-input":{"@type":"PropertyValueSpecification","valueRequired":true,"valueName":"search_term_string"}}],"inLanguage":"en-US"}]}},"_links":{"self":[{"href":"https:\/\/medicinasinc.com\/ro\/wp-json\/wp\/v2\/product\/5547","targetHints":{"allow":["GET"]}}],"collection":[{"href":"https:\/\/medicinasinc.com\/ro\/wp-json\/wp\/v2\/product"}],"about":[{"href":"https:\/\/medicinasinc.com\/ro\/wp-json\/wp\/v2\/types\/product"}],"replies":[{"embeddable":true,"href":"https:\/\/medicinasinc.com\/ro\/wp-json\/wp\/v2\/comments?post=5547"}],"wp:featuredmedia":[{"embeddable":true,"href":"https:\/\/medicinasinc.com\/ro\/wp-json\/wp\/v2\/media\/5556"}],"wp:attachment":[{"href":"https:\/\/medicinasinc.com\/ro\/wp-json\/wp\/v2\/media?parent=5547"}],"wp:term":[{"taxonomy":"product_brand","embeddable":true,"href":"https:\/\/medicinasinc.com\/ro\/wp-json\/wp\/v2\/product_brand?post=5547"},{"taxonomy":"product_cat","embeddable":true,"href":"https:\/\/medicinasinc.com\/ro\/wp-json\/wp\/v2\/product_cat?post=5547"},{"taxonomy":"product_tag","embeddable":true,"href":"https:\/\/medicinasinc.com\/ro\/wp-json\/wp\/v2\/product_tag?post=5547"}],"curies":[{"name":"wp","href":"https:\/\/api.w.org\/{rel}","templated":true}]}}