{"id":5523,"date":"2022-02-22T01:06:52","date_gmt":"2022-02-22T01:06:52","guid":{"rendered":"https:\/\/medicinasinc.com\/ro\/?post_type=product&#038;p=5523"},"modified":"2022-03-22T00:55:43","modified_gmt":"2022-03-22T00:55:43","slug":"buy-hdep-28-novel-etilnaftidat","status":"publish","type":"product","link":"https:\/\/medicinasinc.com\/ro\/product\/buy-hdep-28-novel-etilnaftidat\/","title":{"rendered":"Cump\u0103ra\u021bi hdep-28 Novel Ethylnaphthidate"},"content":{"rendered":"<p>Etilnaftidat HDEP-28 de v\u00e2nzare<\/p>\n<p>3,4-metilendioxi-N-etilcatinona este frecvent citat\u0103 ca un energizant entactogen. 1-(1,3-Benzodioxol-5-il)-2-(etilamino)-1-propanona este numele dat Ethylonei. Masa obi\u0219nuit\u0103 a C12H15NO3 este de 221,251999 Da, \u00een timp ce masa monoizotopic\u0103 este de 221,104996 Da. Aceasta este formula subnuclear\u0103. Cump\u0103ra\u021bi etilen\u0103 chinezeasc\u0103. Ethylone este o piatr\u0103 pre\u021bioas\u0103 de nepre\u021buit care poate fi achizi\u021bionat\u0103. Pietrele pre\u021bioase de etilen\u0103 pot fi cump\u0103rate. Furnizor de Ethylone. Ethylone este la v\u00e2nzare. rabat Ethylone<\/p>\n<p>ACD\/Labs \u0219i ChemAxon au colaborat pentru a efectua o evaluare a Ethylone. \u00cen ceea ce prive\u0219te propriet\u0103\u021bile pe care ACD\/Labs le-a prezis, au g\u0103sit patru acceptoare de securitate #H, patru titluri de valoare #Freely turning, un record de refrac\u021bie la 1,54 cu un factor de presare a suprafe\u021bei de 44,3470001220703dyne\/cm, o motiva\u021bie de explozie de 172,845\u00b0C \u0219i o restric\u021bie de 362,188\u00b0C la 760 mmHg.<\/p>\n<p>Acesta este o \u00eent\u00e2mplare comun\u0103 \u00een software-ul logic \u0219i \u0219tiin\u021bific.<\/p>\n<p>Acest produs a fost dezvoltat \u00eentr-un efort de a \u00eendeplini cerin\u021bele ISO17025:2005 \u0219i Ghid 34:2009.<\/p>\n<p>Pute\u021bi conta pe noi pentru a face treaba rapid \u0219i eficient, deoarece suntem cea mai bun\u0103 organiza\u021bie din lume. Clien\u021bii se pot a\u0219tepta doar la produse de cea mai bun\u0103 calitate de la noi! \u00centr-un mod care este \u00een esen\u021b\u0103 \u00een concordan\u021b\u0103 cu ceea ce ne a\u0219tept\u0103m adesea atunci c\u00e2nd cump\u0103r\u0103m orice<\/p>\n<p>A\u0219a c\u0103 putem achizi\u021biona produse de cea mai \u00eenalt\u0103 calitate la pre\u021burile cele mai rezonabile \u0219i v\u0103 putem transfera economiile!<\/p>\n<p>Ca urmare, solicit\u0103m tuturor clien\u021bilor no\u0219tri s\u0103-\u0219i GC\/MS articolele pentru a asigura acurate\u021bea \u0219i legalitatea. Deoarece ne pas\u0103 de clien\u021bii no\u0219tri \u0219i de satisfac\u021bia lor, efectu\u0103m propriile noastre teste pentru fiecare transport pentru a verifica dac\u0103 calitatea pieselor r\u0103mase este la 100%.<\/p>\n<p>Viitorul companiei noastre depinde de faptul c\u0103 r\u0103spundem la solicitarea dvs. \u00een \u00eentr-un mod prietenos, oric\u00e2t de urgent ar fi. Indiferent de situa\u021bie, pute\u021bi conta oric\u00e2nd pe noi pentru a v\u0103 oferi cele mai bune medicamente \u0219i artificii delicate la cele mai bune pre\u021buri, toate livrate \u00een cel mai discret mod imaginabil! Dac\u0103 nu este prea mult\u0103 problem\u0103, ave\u021bi \u00eencredere \u0219i pune\u021bi-v\u0103 cererea cu convingere!<\/p>\n<p>Datorit\u0103 puterii noastre demonstrate, pute\u021bi s\u0103 v\u0103 pune\u021bi \u00eencrederea \u00een noi \u0219i s\u0103 continua\u021bi s\u0103 face\u021bi afaceri cu noi oric\u00e2nd alege\u021bi, at\u00e2ta timp c\u00e2t noi esti prin preajma. C\u0103derea dvs. nu va fi tolerat\u0103.<\/p>\n<p>Urm\u0103rirea c\u0103l\u0103toriei pachetului dvs. este simpl\u0103 datorit\u0103 numerelor de \u00eenso\u021bire pe care le includem \u00eempreun\u0103 cu expedierea dvs.<\/p>\n","protected":false},"excerpt":{"rendered":"<p>Cump\u0103ra\u021bi Ethylnaphthidate HDEP-28 pentru v\u00e2nzare \u00een Marea Britanie, Europa. Acetat de etil 2-(naftalen-2-il)-2-(piperidin-2-il). \u00centreba\u021bi despre hdep-28, noul etilnaftidat.<\/p>\n<p>Cump\u0103ra\u021bi hdep-28 Novel Ethylnaphthidate 1 oz de pe Amazon.com<\/p>\n<p>Ethylnaphthidate, sau HDEP-28, este un \u00eenlocuitor pentru fenidatul interzis seria.<\/p>\n<p>Clien\u021bii pot cump\u0103ra acum etilnaftidat.<br \/> HDEP-28, cunoscut \u0219i sub denumirea de etilnaftidat, este destinat s\u0103 preia rolul noii serii chimice de fenidat, proscris\u0103.<br \/> \u00cen compara\u021bie cu &amp; #8216;Fenida\u021bi,&#8217; Clien\u021bii care folosesc acest produs \u00een laborator ar trebui s\u0103 se a\u0219tepte la un spectru similar de rezultate.<br \/> IUPAC prezice c\u0103 cercet\u0103torii vor g\u0103si HDEP 28 \/ Ethylnaphhidate a fi un \u00eenlocuitor excelent pentru etilfenidat. 2-(naftalen-2-il)-2-(piperidin-2-il)acetat<br \/> N\/A<br \/> Formula C19H23NO2<br \/> Greutatea molecular\u0103 este 297,40<\/p>\n","protected":false},"featured_media":5535,"comment_status":"open","ping_status":"closed","template":"","meta":[],"product_brand":[],"product_cat":[2014],"product_tag":[],"class_list":{"0":"post-5523","1":"product","2":"type-product","3":"status-publish","4":"has-post-thumbnail","6":"product_cat-cumprare-cercetare-chimice","8":"first","9":"instock","10":"shipping-taxable","11":"purchasable","12":"product-type-variable","13":"has-default-attributes"},"yoast_head":"<!-- This site is optimized with the Yoast SEO plugin v27.3 - https:\/\/yoast.com\/product\/yoast-seo-wordpress\/ -->\n<title>Cump\u0103ra\u021bi hdep-28 Novel Ethylnaphthidate - Cele mai bune medicamente globale<\/title>\n<meta name=\"description\" content=\"Cump\u0103ra\u021bi hdep-28 Novel Ethylnaphthidate de v\u00e2nzare \u00een Marea Britanie, Europa online. IUPAC: 2-(naftalen-2-il)-2-(piperidin-2-il)acetat de etil. Comanda hdep-28 Novel Ethylnaphthidate\" \/>\n<meta name=\"robots\" content=\"index, follow, max-snippet:-1, max-image-preview:large, max-video-preview:-1\" \/>\n<link rel=\"canonical\" href=\"https:\/\/medicinasinc.com\/ro\/product\/buy-hdep-28-novel-etilnaftidat\/\" \/>\n<meta property=\"og:locale\" content=\"en_US\" \/>\n<meta property=\"og:type\" content=\"article\" \/>\n<meta property=\"og:title\" content=\"Cump\u0103ra\u021bi hdep-28 Novel Ethylnaphthidate - Cele mai bune medicamente globale\" \/>\n<meta property=\"og:description\" content=\"Cump\u0103ra\u021bi hdep-28 Novel Ethylnaphthidate de v\u00e2nzare \u00een Marea Britanie, Europa online. IUPAC: 2-(naftalen-2-il)-2-(piperidin-2-il)acetat de etil. Comanda hdep-28 Novel Ethylnaphthidate\" \/>\n<meta property=\"og:url\" content=\"https:\/\/medicinasinc.com\/ro\/product\/buy-hdep-28-novel-etilnaftidat\/\" \/>\n<meta property=\"og:site_name\" content=\"Medicinas Inc\" \/>\n<meta property=\"article:modified_time\" content=\"2022-03-22T00:55:43+00:00\" \/>\n<meta property=\"og:image\" content=\"https:\/\/medicinasinc.com\/ro\/wp-content\/uploads\/sites\/11\/2022\/02\/Buy-hdep-28-Novel-Ethylnaphthidate.jpg\" \/>\n\t<meta property=\"og:image:width\" content=\"600\" \/>\n\t<meta property=\"og:image:height\" content=\"600\" \/>\n\t<meta property=\"og:image:type\" content=\"image\/jpeg\" \/>\n<meta name=\"twitter:card\" content=\"summary_large_image\" \/>\n<meta name=\"twitter:label1\" content=\"Est. reading time\" \/>\n\t<meta name=\"twitter:data1\" content=\"2 minutes\" \/>\n<script type=\"application\/ld+json\" class=\"yoast-schema-graph\">{\"@context\":\"https:\\\/\\\/schema.org\",\"@graph\":[{\"@type\":\"WebPage\",\"@id\":\"https:\\\/\\\/medicinasinc.com\\\/ro\\\/product\\\/buy-hdep-28-novel-etilnaftidat\\\/\",\"url\":\"https:\\\/\\\/medicinasinc.com\\\/ro\\\/product\\\/buy-hdep-28-novel-etilnaftidat\\\/\",\"name\":\"Cump\u0103ra\u021bi hdep-28 Novel Ethylnaphthidate - Cele mai bune medicamente globale\",\"isPartOf\":{\"@id\":\"https:\\\/\\\/medicinasinc.com\\\/ro\\\/#website\"},\"primaryImageOfPage\":{\"@id\":\"https:\\\/\\\/medicinasinc.com\\\/ro\\\/product\\\/buy-hdep-28-novel-etilnaftidat\\\/#primaryimage\"},\"image\":{\"@id\":\"https:\\\/\\\/medicinasinc.com\\\/ro\\\/product\\\/buy-hdep-28-novel-etilnaftidat\\\/#primaryimage\"},\"thumbnailUrl\":\"https:\\\/\\\/medicinasinc.com\\\/ro\\\/wp-content\\\/uploads\\\/sites\\\/11\\\/2022\\\/02\\\/Buy-hdep-28-Novel-Ethylnaphthidate.jpg\",\"datePublished\":\"2022-02-22T01:06:52+00:00\",\"dateModified\":\"2022-03-22T00:55:43+00:00\",\"description\":\"Cump\u0103ra\u021bi hdep-28 Novel Ethylnaphthidate de v\u00e2nzare \u00een Marea Britanie, Europa online. IUPAC: 2-(naftalen-2-il)-2-(piperidin-2-il)acetat de etil. Comanda hdep-28 Novel Ethylnaphthidate\",\"breadcrumb\":{\"@id\":\"https:\\\/\\\/medicinasinc.com\\\/ro\\\/product\\\/buy-hdep-28-novel-etilnaftidat\\\/#breadcrumb\"},\"inLanguage\":\"en-US\",\"potentialAction\":[{\"@type\":\"ReadAction\",\"target\":[\"https:\\\/\\\/medicinasinc.com\\\/ro\\\/product\\\/buy-hdep-28-novel-etilnaftidat\\\/\"]}]},{\"@type\":\"ImageObject\",\"inLanguage\":\"en-US\",\"@id\":\"https:\\\/\\\/medicinasinc.com\\\/ro\\\/product\\\/buy-hdep-28-novel-etilnaftidat\\\/#primaryimage\",\"url\":\"https:\\\/\\\/medicinasinc.com\\\/ro\\\/wp-content\\\/uploads\\\/sites\\\/11\\\/2022\\\/02\\\/Buy-hdep-28-Novel-Ethylnaphthidate.jpg\",\"contentUrl\":\"https:\\\/\\\/medicinasinc.com\\\/ro\\\/wp-content\\\/uploads\\\/sites\\\/11\\\/2022\\\/02\\\/Buy-hdep-28-Novel-Ethylnaphthidate.jpg\",\"width\":600,\"height\":600},{\"@type\":\"BreadcrumbList\",\"@id\":\"https:\\\/\\\/medicinasinc.com\\\/ro\\\/product\\\/buy-hdep-28-novel-etilnaftidat\\\/#breadcrumb\",\"itemListElement\":[{\"@type\":\"ListItem\",\"position\":1,\"name\":\"Magazin\",\"item\":\"https:\\\/\\\/medicinasinc.com\\\/ro\\\/magazin\\\/\"},{\"@type\":\"ListItem\",\"position\":2,\"name\":\"Cump\u0103ra\u021bi hdep-28 Novel Ethylnaphthidate\"}]},{\"@type\":\"WebSite\",\"@id\":\"https:\\\/\\\/medicinasinc.com\\\/ro\\\/#website\",\"url\":\"https:\\\/\\\/medicinasinc.com\\\/ro\\\/\",\"name\":\"Medicinas Inc\",\"description\":\"Health Medical Clinic\",\"potentialAction\":[{\"@type\":\"SearchAction\",\"target\":{\"@type\":\"EntryPoint\",\"urlTemplate\":\"https:\\\/\\\/medicinasinc.com\\\/ro\\\/?s={search_term_string}\"},\"query-input\":{\"@type\":\"PropertyValueSpecification\",\"valueRequired\":true,\"valueName\":\"search_term_string\"}}],\"inLanguage\":\"en-US\"}]}<\/script>\n<!-- \/ Yoast SEO plugin. -->","yoast_head_json":{"title":"Cump\u0103ra\u021bi hdep-28 Novel Ethylnaphthidate - Cele mai bune medicamente globale","description":"Cump\u0103ra\u021bi hdep-28 Novel Ethylnaphthidate de v\u00e2nzare \u00een Marea Britanie, Europa online. IUPAC: 2-(naftalen-2-il)-2-(piperidin-2-il)acetat de etil. Comanda hdep-28 Novel Ethylnaphthidate","robots":{"index":"index","follow":"follow","max-snippet":"max-snippet:-1","max-image-preview":"max-image-preview:large","max-video-preview":"max-video-preview:-1"},"canonical":"https:\/\/medicinasinc.com\/ro\/product\/buy-hdep-28-novel-etilnaftidat\/","og_locale":"en_US","og_type":"article","og_title":"Cump\u0103ra\u021bi hdep-28 Novel Ethylnaphthidate - Cele mai bune medicamente globale","og_description":"Cump\u0103ra\u021bi hdep-28 Novel Ethylnaphthidate de v\u00e2nzare \u00een Marea Britanie, Europa online. IUPAC: 2-(naftalen-2-il)-2-(piperidin-2-il)acetat de etil. Comanda hdep-28 Novel Ethylnaphthidate","og_url":"https:\/\/medicinasinc.com\/ro\/product\/buy-hdep-28-novel-etilnaftidat\/","og_site_name":"Medicinas Inc","article_modified_time":"2022-03-22T00:55:43+00:00","og_image":[{"width":600,"height":600,"url":"https:\/\/medicinasinc.com\/ro\/wp-content\/uploads\/sites\/11\/2022\/02\/Buy-hdep-28-Novel-Ethylnaphthidate.jpg","type":"image\/jpeg"}],"twitter_card":"summary_large_image","twitter_misc":{"Est. reading time":"2 minutes"},"schema":{"@context":"https:\/\/schema.org","@graph":[{"@type":"WebPage","@id":"https:\/\/medicinasinc.com\/ro\/product\/buy-hdep-28-novel-etilnaftidat\/","url":"https:\/\/medicinasinc.com\/ro\/product\/buy-hdep-28-novel-etilnaftidat\/","name":"Cump\u0103ra\u021bi hdep-28 Novel Ethylnaphthidate - Cele mai bune medicamente globale","isPartOf":{"@id":"https:\/\/medicinasinc.com\/ro\/#website"},"primaryImageOfPage":{"@id":"https:\/\/medicinasinc.com\/ro\/product\/buy-hdep-28-novel-etilnaftidat\/#primaryimage"},"image":{"@id":"https:\/\/medicinasinc.com\/ro\/product\/buy-hdep-28-novel-etilnaftidat\/#primaryimage"},"thumbnailUrl":"https:\/\/medicinasinc.com\/ro\/wp-content\/uploads\/sites\/11\/2022\/02\/Buy-hdep-28-Novel-Ethylnaphthidate.jpg","datePublished":"2022-02-22T01:06:52+00:00","dateModified":"2022-03-22T00:55:43+00:00","description":"Cump\u0103ra\u021bi hdep-28 Novel Ethylnaphthidate de v\u00e2nzare \u00een Marea Britanie, Europa online. IUPAC: 2-(naftalen-2-il)-2-(piperidin-2-il)acetat de etil. Comanda hdep-28 Novel Ethylnaphthidate","breadcrumb":{"@id":"https:\/\/medicinasinc.com\/ro\/product\/buy-hdep-28-novel-etilnaftidat\/#breadcrumb"},"inLanguage":"en-US","potentialAction":[{"@type":"ReadAction","target":["https:\/\/medicinasinc.com\/ro\/product\/buy-hdep-28-novel-etilnaftidat\/"]}]},{"@type":"ImageObject","inLanguage":"en-US","@id":"https:\/\/medicinasinc.com\/ro\/product\/buy-hdep-28-novel-etilnaftidat\/#primaryimage","url":"https:\/\/medicinasinc.com\/ro\/wp-content\/uploads\/sites\/11\/2022\/02\/Buy-hdep-28-Novel-Ethylnaphthidate.jpg","contentUrl":"https:\/\/medicinasinc.com\/ro\/wp-content\/uploads\/sites\/11\/2022\/02\/Buy-hdep-28-Novel-Ethylnaphthidate.jpg","width":600,"height":600},{"@type":"BreadcrumbList","@id":"https:\/\/medicinasinc.com\/ro\/product\/buy-hdep-28-novel-etilnaftidat\/#breadcrumb","itemListElement":[{"@type":"ListItem","position":1,"name":"Magazin","item":"https:\/\/medicinasinc.com\/ro\/magazin\/"},{"@type":"ListItem","position":2,"name":"Cump\u0103ra\u021bi hdep-28 Novel Ethylnaphthidate"}]},{"@type":"WebSite","@id":"https:\/\/medicinasinc.com\/ro\/#website","url":"https:\/\/medicinasinc.com\/ro\/","name":"Medicinas Inc","description":"Health Medical Clinic","potentialAction":[{"@type":"SearchAction","target":{"@type":"EntryPoint","urlTemplate":"https:\/\/medicinasinc.com\/ro\/?s={search_term_string}"},"query-input":{"@type":"PropertyValueSpecification","valueRequired":true,"valueName":"search_term_string"}}],"inLanguage":"en-US"}]}},"_links":{"self":[{"href":"https:\/\/medicinasinc.com\/ro\/wp-json\/wp\/v2\/product\/5523","targetHints":{"allow":["GET"]}}],"collection":[{"href":"https:\/\/medicinasinc.com\/ro\/wp-json\/wp\/v2\/product"}],"about":[{"href":"https:\/\/medicinasinc.com\/ro\/wp-json\/wp\/v2\/types\/product"}],"replies":[{"embeddable":true,"href":"https:\/\/medicinasinc.com\/ro\/wp-json\/wp\/v2\/comments?post=5523"}],"wp:featuredmedia":[{"embeddable":true,"href":"https:\/\/medicinasinc.com\/ro\/wp-json\/wp\/v2\/media\/5535"}],"wp:attachment":[{"href":"https:\/\/medicinasinc.com\/ro\/wp-json\/wp\/v2\/media?parent=5523"}],"wp:term":[{"taxonomy":"product_brand","embeddable":true,"href":"https:\/\/medicinasinc.com\/ro\/wp-json\/wp\/v2\/product_brand?post=5523"},{"taxonomy":"product_cat","embeddable":true,"href":"https:\/\/medicinasinc.com\/ro\/wp-json\/wp\/v2\/product_cat?post=5523"},{"taxonomy":"product_tag","embeddable":true,"href":"https:\/\/medicinasinc.com\/ro\/wp-json\/wp\/v2\/product_tag?post=5523"}],"curies":[{"name":"wp","href":"https:\/\/api.w.org\/{rel}","templated":true}]}}