{"id":5522,"date":"2022-02-22T01:05:36","date_gmt":"2022-02-22T01:05:36","guid":{"rendered":"https:\/\/medicinasinc.com\/ro\/?post_type=product&#038;p=5522"},"modified":"2022-03-22T00:55:54","modified_gmt":"2022-03-22T00:55:54","slug":"buy-fub-akb48-pudra","status":"publish","type":"product","link":"https:\/\/medicinasinc.com\/ro\/product\/buy-fub-akb48-pudra\/","title":{"rendered":"Cump\u0103ra\u021bi pudr\u0103 Fub Akb48"},"content":{"rendered":"<p>Pure Fub Akb48 Pudr\u0103 de cump\u0103rat<\/p>\n<p>Dac\u0103 dori\u021bi s\u0103 afla\u021bi mai multe despre efectele FUB-AKB48 (cunoscut \u0219i ca AFUBINACA sau FUB-APINACA) asupra receptorului CB1, acesta este sintetic canabinoid pentru tine.<\/p>\n<p>Pentru formula chimic\u0103, utiliza\u021bi urm\u0103toarele: C25H26FN3O.<br \/> \u00cen nomenclatura IUPAC: N-[(4-fluorofenil)metil]-1-adamantan-1-il<br \/> -1H-indazol<br \/> -3-carboxamid\u0103<br \/> Aspect:<br \/> Puritate:<\/p>\n","protected":false},"excerpt":{"rendered":"<p>Pl\u0103ti\u021bi cu Bitcoin pentru livrarea de pulbere FUB-AKB48 \u00een Europa. Cump\u0103ra\u021bi pulbere FUB-AKB48 \u00een Europa de la un furnizor din Marea Britanie la un pre\u021b mic. Un magazin european de pulbere FUB-AKB48, unde pute\u021bi ob\u021bine pulbere FUB-AKB48 cu o puritate de 99 la sut\u0103.<\/p>\n<p>Achizi\u021biona\u021bi 1 oz. de Pure Fub Akb48 Powder de la noi ast\u0103zi! Ieriana fals\u0103 este un indol care a fost folosit \u00een crearea de medicamente \u0219i este acum disponibil pentru v\u00e2nzare cu componente active combinate de marijuana sintetic\u0103.<\/p>\n<p>Cu Bitcoin, pute\u021bi ob\u021bine online pudr\u0103 FUB-AKB48 pur\u0103 \u0219i de \u00eenalt\u0103 calitate, ca precum \u0219i medicamente legale, substan\u021be chimice de cercetare \u0219i pulberi medicinale brute.<\/p>\n","protected":false},"featured_media":5533,"comment_status":"open","ping_status":"closed","template":"","meta":[],"product_brand":[],"product_cat":[2596],"product_tag":[3013,3023,3014,3016,3015,3017,3020,3021,3022,3019,3024,3018,3025,3028,3027,3026],"class_list":{"0":"post-5522","1":"product","2":"type-product","3":"status-publish","4":"has-post-thumbnail","6":"product_cat-canabinoizi-de-vnzare","7":"product_tag-buy-fub-akb48-eu","8":"product_tag-fub-akb48-pulbere-comanda","9":"product_tag-buy-fub-akb48-pudra","10":"product_tag-fub-akb48-efect","11":"product_tag-fub-akb48-china-supplier","12":"product_tag-fub-akb48-de-vnzare","13":"product_tag-fub-akb48-powder-effect","14":"product_tag-fub-akb48-powder-for-sale","15":"product_tag-fub-akb48-powder-online","16":"product_tag-fub-akb48-pudra-cumpara","17":"product_tag-fub-akb48-pulbere-renduri","18":"product_tag-fub-akb48-frumos","19":"product_tag-fub-akb48-rendeaz","20":"product_tag-fub-akb48-wholesale","21":"product_tag-fub-akb48-livrare","22":"product_tag-fub-akb48-review","24":"first","25":"instock","26":"shipping-taxable","27":"purchasable","28":"product-type-variable","29":"has-default-attributes"},"yoast_head":"<!-- This site is optimized with the Yoast SEO plugin v27.3 - https:\/\/yoast.com\/product\/yoast-seo-wordpress\/ -->\n<title>Cump\u0103ra\u021bi Pudr\u0103 Fub Akb48 - Fub Akb48 Online - Cele mai bune medicamente globale<\/title>\n<meta name=\"description\" content=\"Cump\u0103ra\u021bi pulbere FUB-AKB48 de v\u00e2nzare Livrare UE, plat\u0103 Bitcoin. Furnizor ieftin de pulbere FUB-AKB48 din Marea Britanie - cump\u0103ra\u021bi produse chimice de cercetare \u00een Europa. FUB-AKB48 Magazin de pulbere \u00een Europa\" \/>\n<meta name=\"robots\" content=\"index, follow, max-snippet:-1, max-image-preview:large, max-video-preview:-1\" \/>\n<link rel=\"canonical\" href=\"https:\/\/medicinasinc.com\/ro\/product\/buy-fub-akb48-pudra\/\" \/>\n<meta property=\"og:locale\" content=\"en_US\" \/>\n<meta property=\"og:type\" content=\"article\" \/>\n<meta property=\"og:title\" content=\"Cump\u0103ra\u021bi Pudr\u0103 Fub Akb48 - Fub Akb48 Online - Cele mai bune medicamente globale\" \/>\n<meta property=\"og:description\" content=\"Cump\u0103ra\u021bi pulbere FUB-AKB48 de v\u00e2nzare Livrare UE, plat\u0103 Bitcoin. Furnizor ieftin de pulbere FUB-AKB48 din Marea Britanie - cump\u0103ra\u021bi produse chimice de cercetare \u00een Europa. FUB-AKB48 Magazin de pulbere \u00een Europa\" \/>\n<meta property=\"og:url\" content=\"https:\/\/medicinasinc.com\/ro\/product\/buy-fub-akb48-pudra\/\" \/>\n<meta property=\"og:site_name\" content=\"Medicinas Inc\" \/>\n<meta property=\"article:modified_time\" content=\"2022-03-22T00:55:54+00:00\" \/>\n<meta property=\"og:image\" content=\"https:\/\/medicinasinc.com\/ro\/wp-content\/uploads\/sites\/11\/2022\/02\/Buy-Fub-Akb48-Powder.jpeg\" \/>\n\t<meta property=\"og:image:width\" content=\"800\" \/>\n\t<meta property=\"og:image:height\" content=\"438\" \/>\n\t<meta property=\"og:image:type\" content=\"image\/jpeg\" \/>\n<meta name=\"twitter:card\" content=\"summary_large_image\" \/>\n<meta name=\"twitter:label1\" content=\"Est. reading time\" \/>\n\t<meta name=\"twitter:data1\" content=\"1 minute\" \/>\n<script type=\"application\/ld+json\" class=\"yoast-schema-graph\">{\"@context\":\"https:\\\/\\\/schema.org\",\"@graph\":[{\"@type\":\"WebPage\",\"@id\":\"https:\\\/\\\/medicinasinc.com\\\/ro\\\/product\\\/buy-fub-akb48-pudra\\\/\",\"url\":\"https:\\\/\\\/medicinasinc.com\\\/ro\\\/product\\\/buy-fub-akb48-pudra\\\/\",\"name\":\"Cump\u0103ra\u021bi Pudr\u0103 Fub Akb48 - Fub Akb48 Online - Cele mai bune medicamente globale\",\"isPartOf\":{\"@id\":\"https:\\\/\\\/medicinasinc.com\\\/ro\\\/#website\"},\"primaryImageOfPage\":{\"@id\":\"https:\\\/\\\/medicinasinc.com\\\/ro\\\/product\\\/buy-fub-akb48-pudra\\\/#primaryimage\"},\"image\":{\"@id\":\"https:\\\/\\\/medicinasinc.com\\\/ro\\\/product\\\/buy-fub-akb48-pudra\\\/#primaryimage\"},\"thumbnailUrl\":\"https:\\\/\\\/medicinasinc.com\\\/ro\\\/wp-content\\\/uploads\\\/sites\\\/11\\\/2022\\\/02\\\/Buy-Fub-Akb48-Powder.jpeg\",\"datePublished\":\"2022-02-22T01:05:36+00:00\",\"dateModified\":\"2022-03-22T00:55:54+00:00\",\"description\":\"Cump\u0103ra\u021bi pulbere FUB-AKB48 de v\u00e2nzare Livrare UE, plat\u0103 Bitcoin. Furnizor ieftin de pulbere FUB-AKB48 din Marea Britanie - cump\u0103ra\u021bi produse chimice de cercetare \u00een Europa. FUB-AKB48 Magazin de pulbere \u00een Europa\",\"breadcrumb\":{\"@id\":\"https:\\\/\\\/medicinasinc.com\\\/ro\\\/product\\\/buy-fub-akb48-pudra\\\/#breadcrumb\"},\"inLanguage\":\"en-US\",\"potentialAction\":[{\"@type\":\"ReadAction\",\"target\":[\"https:\\\/\\\/medicinasinc.com\\\/ro\\\/product\\\/buy-fub-akb48-pudra\\\/\"]}]},{\"@type\":\"ImageObject\",\"inLanguage\":\"en-US\",\"@id\":\"https:\\\/\\\/medicinasinc.com\\\/ro\\\/product\\\/buy-fub-akb48-pudra\\\/#primaryimage\",\"url\":\"https:\\\/\\\/medicinasinc.com\\\/ro\\\/wp-content\\\/uploads\\\/sites\\\/11\\\/2022\\\/02\\\/Buy-Fub-Akb48-Powder.jpeg\",\"contentUrl\":\"https:\\\/\\\/medicinasinc.com\\\/ro\\\/wp-content\\\/uploads\\\/sites\\\/11\\\/2022\\\/02\\\/Buy-Fub-Akb48-Powder.jpeg\",\"width\":800,\"height\":438},{\"@type\":\"BreadcrumbList\",\"@id\":\"https:\\\/\\\/medicinasinc.com\\\/ro\\\/product\\\/buy-fub-akb48-pudra\\\/#breadcrumb\",\"itemListElement\":[{\"@type\":\"ListItem\",\"position\":1,\"name\":\"Magazin\",\"item\":\"https:\\\/\\\/medicinasinc.com\\\/ro\\\/magazin\\\/\"},{\"@type\":\"ListItem\",\"position\":2,\"name\":\"Cump\u0103ra\u021bi pudr\u0103 Fub Akb48\"}]},{\"@type\":\"WebSite\",\"@id\":\"https:\\\/\\\/medicinasinc.com\\\/ro\\\/#website\",\"url\":\"https:\\\/\\\/medicinasinc.com\\\/ro\\\/\",\"name\":\"Medicinas Inc\",\"description\":\"Health Medical Clinic\",\"potentialAction\":[{\"@type\":\"SearchAction\",\"target\":{\"@type\":\"EntryPoint\",\"urlTemplate\":\"https:\\\/\\\/medicinasinc.com\\\/ro\\\/?s={search_term_string}\"},\"query-input\":{\"@type\":\"PropertyValueSpecification\",\"valueRequired\":true,\"valueName\":\"search_term_string\"}}],\"inLanguage\":\"en-US\"}]}<\/script>\n<!-- \/ Yoast SEO plugin. -->","yoast_head_json":{"title":"Cump\u0103ra\u021bi Pudr\u0103 Fub Akb48 - Fub Akb48 Online - Cele mai bune medicamente globale","description":"Cump\u0103ra\u021bi pulbere FUB-AKB48 de v\u00e2nzare Livrare UE, plat\u0103 Bitcoin. Furnizor ieftin de pulbere FUB-AKB48 din Marea Britanie - cump\u0103ra\u021bi produse chimice de cercetare \u00een Europa. FUB-AKB48 Magazin de pulbere \u00een Europa","robots":{"index":"index","follow":"follow","max-snippet":"max-snippet:-1","max-image-preview":"max-image-preview:large","max-video-preview":"max-video-preview:-1"},"canonical":"https:\/\/medicinasinc.com\/ro\/product\/buy-fub-akb48-pudra\/","og_locale":"en_US","og_type":"article","og_title":"Cump\u0103ra\u021bi Pudr\u0103 Fub Akb48 - Fub Akb48 Online - Cele mai bune medicamente globale","og_description":"Cump\u0103ra\u021bi pulbere FUB-AKB48 de v\u00e2nzare Livrare UE, plat\u0103 Bitcoin. Furnizor ieftin de pulbere FUB-AKB48 din Marea Britanie - cump\u0103ra\u021bi produse chimice de cercetare \u00een Europa. FUB-AKB48 Magazin de pulbere \u00een Europa","og_url":"https:\/\/medicinasinc.com\/ro\/product\/buy-fub-akb48-pudra\/","og_site_name":"Medicinas Inc","article_modified_time":"2022-03-22T00:55:54+00:00","og_image":[{"width":800,"height":438,"url":"https:\/\/medicinasinc.com\/ro\/wp-content\/uploads\/sites\/11\/2022\/02\/Buy-Fub-Akb48-Powder.jpeg","type":"image\/jpeg"}],"twitter_card":"summary_large_image","twitter_misc":{"Est. reading time":"1 minute"},"schema":{"@context":"https:\/\/schema.org","@graph":[{"@type":"WebPage","@id":"https:\/\/medicinasinc.com\/ro\/product\/buy-fub-akb48-pudra\/","url":"https:\/\/medicinasinc.com\/ro\/product\/buy-fub-akb48-pudra\/","name":"Cump\u0103ra\u021bi Pudr\u0103 Fub Akb48 - Fub Akb48 Online - Cele mai bune medicamente globale","isPartOf":{"@id":"https:\/\/medicinasinc.com\/ro\/#website"},"primaryImageOfPage":{"@id":"https:\/\/medicinasinc.com\/ro\/product\/buy-fub-akb48-pudra\/#primaryimage"},"image":{"@id":"https:\/\/medicinasinc.com\/ro\/product\/buy-fub-akb48-pudra\/#primaryimage"},"thumbnailUrl":"https:\/\/medicinasinc.com\/ro\/wp-content\/uploads\/sites\/11\/2022\/02\/Buy-Fub-Akb48-Powder.jpeg","datePublished":"2022-02-22T01:05:36+00:00","dateModified":"2022-03-22T00:55:54+00:00","description":"Cump\u0103ra\u021bi pulbere FUB-AKB48 de v\u00e2nzare Livrare UE, plat\u0103 Bitcoin. Furnizor ieftin de pulbere FUB-AKB48 din Marea Britanie - cump\u0103ra\u021bi produse chimice de cercetare \u00een Europa. FUB-AKB48 Magazin de pulbere \u00een Europa","breadcrumb":{"@id":"https:\/\/medicinasinc.com\/ro\/product\/buy-fub-akb48-pudra\/#breadcrumb"},"inLanguage":"en-US","potentialAction":[{"@type":"ReadAction","target":["https:\/\/medicinasinc.com\/ro\/product\/buy-fub-akb48-pudra\/"]}]},{"@type":"ImageObject","inLanguage":"en-US","@id":"https:\/\/medicinasinc.com\/ro\/product\/buy-fub-akb48-pudra\/#primaryimage","url":"https:\/\/medicinasinc.com\/ro\/wp-content\/uploads\/sites\/11\/2022\/02\/Buy-Fub-Akb48-Powder.jpeg","contentUrl":"https:\/\/medicinasinc.com\/ro\/wp-content\/uploads\/sites\/11\/2022\/02\/Buy-Fub-Akb48-Powder.jpeg","width":800,"height":438},{"@type":"BreadcrumbList","@id":"https:\/\/medicinasinc.com\/ro\/product\/buy-fub-akb48-pudra\/#breadcrumb","itemListElement":[{"@type":"ListItem","position":1,"name":"Magazin","item":"https:\/\/medicinasinc.com\/ro\/magazin\/"},{"@type":"ListItem","position":2,"name":"Cump\u0103ra\u021bi pudr\u0103 Fub Akb48"}]},{"@type":"WebSite","@id":"https:\/\/medicinasinc.com\/ro\/#website","url":"https:\/\/medicinasinc.com\/ro\/","name":"Medicinas Inc","description":"Health Medical Clinic","potentialAction":[{"@type":"SearchAction","target":{"@type":"EntryPoint","urlTemplate":"https:\/\/medicinasinc.com\/ro\/?s={search_term_string}"},"query-input":{"@type":"PropertyValueSpecification","valueRequired":true,"valueName":"search_term_string"}}],"inLanguage":"en-US"}]}},"_links":{"self":[{"href":"https:\/\/medicinasinc.com\/ro\/wp-json\/wp\/v2\/product\/5522","targetHints":{"allow":["GET"]}}],"collection":[{"href":"https:\/\/medicinasinc.com\/ro\/wp-json\/wp\/v2\/product"}],"about":[{"href":"https:\/\/medicinasinc.com\/ro\/wp-json\/wp\/v2\/types\/product"}],"replies":[{"embeddable":true,"href":"https:\/\/medicinasinc.com\/ro\/wp-json\/wp\/v2\/comments?post=5522"}],"wp:featuredmedia":[{"embeddable":true,"href":"https:\/\/medicinasinc.com\/ro\/wp-json\/wp\/v2\/media\/5533"}],"wp:attachment":[{"href":"https:\/\/medicinasinc.com\/ro\/wp-json\/wp\/v2\/media?parent=5522"}],"wp:term":[{"taxonomy":"product_brand","embeddable":true,"href":"https:\/\/medicinasinc.com\/ro\/wp-json\/wp\/v2\/product_brand?post=5522"},{"taxonomy":"product_cat","embeddable":true,"href":"https:\/\/medicinasinc.com\/ro\/wp-json\/wp\/v2\/product_cat?post=5522"},{"taxonomy":"product_tag","embeddable":true,"href":"https:\/\/medicinasinc.com\/ro\/wp-json\/wp\/v2\/product_tag?post=5522"}],"curies":[{"name":"wp","href":"https:\/\/api.w.org\/{rel}","templated":true}]}}