{"id":5521,"date":"2022-02-22T01:04:16","date_gmt":"2022-02-22T01:04:16","guid":{"rendered":"https:\/\/medicinasinc.com\/ro\/?post_type=product&#038;p=5521"},"modified":"2022-03-22T00:56:06","modified_gmt":"2022-03-22T00:56:06","slug":"cumpara-flubromazepam-4mg-pelete","status":"publish","type":"product","link":"https:\/\/medicinasinc.com\/ro\/product\/cumpara-flubromazepam-4mg-pelete\/","title":{"rendered":"Cump\u0103ra\u021bi Pelete Flubromazepam 4mg"},"content":{"rendered":"<p>PELETE ACCESIBILE DE FLUBROMAZEPAM 4MG LIVRATE \u00ceN UE<\/p>\n<p>Pele\u021bii de Flubromazepam 4mg sunt disponibile pentru cump\u0103rare \u00een Europa de la aceast\u0103 loca\u021bie.<\/p>\n<p>Pute\u021bi folosi Bitcoin pentru a pl\u0103ti pentru Pelete de Flubromazepam 4 mg. <\/p>\n<p>Derivat de benzodiazepin\u0103 Flubromazepam este primul de acest fel. 7-Bromo-5-(2-fluorfenil)-1,3-dihidro-1,4-benzodiazepin-2-ona este denumirea chimic\u0103 complet\u0103. Acest medicament este similar din punct de vedere structural cu Bromazepam, un sedativ, anti-anxietate \u0219i somnifer, cunoscut \u0219i sub denumirea de benzodiazepin\u0103.<\/p>\n<p>Aspectul de culoare portocalie indic\u0103 prezen\u021ba 7-bromo-5-(2). -fluorofenil)-1,3-dihidro-1,4 benzodiazepin-2-on\u0103.<\/p>\n<p>Flubromazepam 4mg Pelete pot fi achizi\u021bionate online folosind o adres\u0103 Bitcoin.<\/p>\n<p>4mg Pelete de Flubromazepam pt. Reducere<\/p>\n<p>&nbsp;<\/p>\n<p>Flubromazepam 4mg Pelete pot fi achizi\u021bionate de pe internet.<br \/> Pentru ce se utilizeaz\u0103 Flubromazepam?<\/p>\n<p>Un derivat de benzodiazepin\u0103, flubromazepam are exist\u0103 din 1960, c\u00e2nd a fost fabricat pentru prima dat\u0103. P\u00e2n\u0103 \u00een 2012, c\u00e2nd a \u00eenceput s\u0103 fie promovat ca material de examinare, nu a fost niciodat\u0103 promovat ca medicament, iar mul\u021bi \u00eel uitaser\u0103 p\u00e2n\u0103 \u00een 2012. Formula flubromazepamului este practic identic\u0103 cu cea a fenazepamului, o alt\u0103 benzodiazepin\u0103 care a fost popularizat\u0103 de companiile farmaceutice. \u00een mai multe \u021b\u0103ri.<\/p>\n","protected":false},"excerpt":{"rendered":"<div class=\"woocommerce-product-details__short-description\">\n<p>Cump\u0103ra\u021bi pelete Flubromazepam 4mg de v\u00e2nzare UE, Marea Britanie, transport maritim, plat\u0103 Bitcoin. Furnizor ieftin de pelete Flubromazepam 4mg &#8211; cump\u0103ra\u021bi produse chimice de cercetare \u00een Europa.<\/p>\n<p><em>Cump\u0103ra\u021bi Flubromazepam<\/em>\u00a0(<em>4mg<\/em>)\u00a0<em>Pelete<\/em>\u00a0la cel mai bun pre\u021b. Garant\u0103m transport \u00een toat\u0103 lumea \u00een siguran\u021b\u0103 \u0219i securizat.<\/p>\n<p>Cump\u0103ra\u021bi Pelete Flubromazepam 4mg online. Flubromazepam este comercializat sub form\u0103 de pelete de 4 mg, de culoare galben str\u0103lucitor, o nuan\u021b\u0103 de galben u\u0219or diferit\u0103 fa\u021b\u0103 de lotul actual de Pyrazolam disponibil \u00een prezent \u00een SUA.<\/p>\n<\/p><\/div>\n","protected":false},"featured_media":5531,"comment_status":"open","ping_status":"closed","template":"","meta":[],"product_brand":[],"product_cat":[2014],"product_tag":[2998,2999,3009,3012,3004,3000,3001,3002,3003,3010,3005,3006,3008,3011,3007],"class_list":{"0":"post-5521","1":"product","2":"type-product","3":"status-publish","4":"has-post-thumbnail","6":"product_cat-cumprare-cercetare-chimice","7":"product_tag-buy-flubromazepam","8":"product_tag-buy-flubromazepam-pellets","9":"product_tag-comanda-flubromazepam","10":"product_tag-de-unde-s-cumprm-cumprm-flubromazepam-pelete","11":"product_tag-flubromazepam-efect","12":"product_tag-flubromazepam","13":"product_tag-flubromazepam-4-mg","14":"product_tag-flubromazepam-4mg","15":"product_tag-flubromazepam-4mg-de-vnzare","16":"product_tag-calitate-flubromazepam-4mg","17":"product_tag-flubromazepam-europe-buy","18":"product_tag-flubromazepam-google","19":"product_tag-flubromazepam-reddit","20":"product_tag-transport-flubromazepam-4mg-palet","21":"product_tag-flubromazepam-pelete","23":"first","24":"instock","25":"shipping-taxable","26":"purchasable","27":"product-type-variable","28":"has-default-attributes"},"yoast_head":"<!-- This site is optimized with the Yoast SEO plugin v27.3 - https:\/\/yoast.com\/product\/yoast-seo-wordpress\/ -->\n<title>Cump\u0103ra\u021bi pelete Flubromazepam 4mg - Cele mai bune medicamente globale<\/title>\n<meta name=\"description\" content=\"Cump\u0103ra\u021bi pelete Flubromazepam 4mg de v\u00e2nzare \u00een UE, Marea Britanie, transport \u00een Europa, plat\u0103 Bitcoin. Furnizor de pelete Flubromazepam 4mg ieftin - cump\u0103ra\u021bi produse chimice de cercetare \u00een Europa.\" \/>\n<meta name=\"robots\" content=\"index, follow, max-snippet:-1, max-image-preview:large, max-video-preview:-1\" \/>\n<link rel=\"canonical\" href=\"https:\/\/medicinasinc.com\/ro\/product\/cumpara-flubromazepam-4mg-pelete\/\" \/>\n<meta property=\"og:locale\" content=\"en_US\" \/>\n<meta property=\"og:type\" content=\"article\" \/>\n<meta property=\"og:title\" content=\"Cump\u0103ra\u021bi pelete Flubromazepam 4mg - Cele mai bune medicamente globale\" \/>\n<meta property=\"og:description\" content=\"Cump\u0103ra\u021bi pelete Flubromazepam 4mg de v\u00e2nzare \u00een UE, Marea Britanie, transport \u00een Europa, plat\u0103 Bitcoin. Furnizor de pelete Flubromazepam 4mg ieftin - cump\u0103ra\u021bi produse chimice de cercetare \u00een Europa.\" \/>\n<meta property=\"og:url\" content=\"https:\/\/medicinasinc.com\/ro\/product\/cumpara-flubromazepam-4mg-pelete\/\" \/>\n<meta property=\"og:site_name\" content=\"Medicinas Inc\" \/>\n<meta property=\"article:modified_time\" content=\"2022-03-22T00:56:06+00:00\" \/>\n<meta property=\"og:image\" content=\"https:\/\/medicinasinc.com\/ro\/wp-content\/uploads\/sites\/11\/2022\/02\/Buy-Flubromazepam-4mg-Pellets-1.jpg\" \/>\n\t<meta property=\"og:image:width\" content=\"350\" \/>\n\t<meta property=\"og:image:height\" content=\"350\" \/>\n\t<meta property=\"og:image:type\" content=\"image\/jpeg\" \/>\n<meta name=\"twitter:card\" content=\"summary_large_image\" \/>\n<meta name=\"twitter:label1\" content=\"Est. reading time\" \/>\n\t<meta name=\"twitter:data1\" content=\"1 minute\" \/>\n<script type=\"application\/ld+json\" class=\"yoast-schema-graph\">{\"@context\":\"https:\\\/\\\/schema.org\",\"@graph\":[{\"@type\":\"WebPage\",\"@id\":\"https:\\\/\\\/medicinasinc.com\\\/ro\\\/product\\\/cumpara-flubromazepam-4mg-pelete\\\/\",\"url\":\"https:\\\/\\\/medicinasinc.com\\\/ro\\\/product\\\/cumpara-flubromazepam-4mg-pelete\\\/\",\"name\":\"Cump\u0103ra\u021bi pelete Flubromazepam 4mg - Cele mai bune medicamente globale\",\"isPartOf\":{\"@id\":\"https:\\\/\\\/medicinasinc.com\\\/ro\\\/#website\"},\"primaryImageOfPage\":{\"@id\":\"https:\\\/\\\/medicinasinc.com\\\/ro\\\/product\\\/cumpara-flubromazepam-4mg-pelete\\\/#primaryimage\"},\"image\":{\"@id\":\"https:\\\/\\\/medicinasinc.com\\\/ro\\\/product\\\/cumpara-flubromazepam-4mg-pelete\\\/#primaryimage\"},\"thumbnailUrl\":\"https:\\\/\\\/medicinasinc.com\\\/ro\\\/wp-content\\\/uploads\\\/sites\\\/11\\\/2022\\\/02\\\/Buy-Flubromazepam-4mg-Pellets-1.jpg\",\"datePublished\":\"2022-02-22T01:04:16+00:00\",\"dateModified\":\"2022-03-22T00:56:06+00:00\",\"description\":\"Cump\u0103ra\u021bi pelete Flubromazepam 4mg de v\u00e2nzare \u00een UE, Marea Britanie, transport \u00een Europa, plat\u0103 Bitcoin. Furnizor de pelete Flubromazepam 4mg ieftin - cump\u0103ra\u021bi produse chimice de cercetare \u00een Europa.\",\"breadcrumb\":{\"@id\":\"https:\\\/\\\/medicinasinc.com\\\/ro\\\/product\\\/cumpara-flubromazepam-4mg-pelete\\\/#breadcrumb\"},\"inLanguage\":\"en-US\",\"potentialAction\":[{\"@type\":\"ReadAction\",\"target\":[\"https:\\\/\\\/medicinasinc.com\\\/ro\\\/product\\\/cumpara-flubromazepam-4mg-pelete\\\/\"]}]},{\"@type\":\"ImageObject\",\"inLanguage\":\"en-US\",\"@id\":\"https:\\\/\\\/medicinasinc.com\\\/ro\\\/product\\\/cumpara-flubromazepam-4mg-pelete\\\/#primaryimage\",\"url\":\"https:\\\/\\\/medicinasinc.com\\\/ro\\\/wp-content\\\/uploads\\\/sites\\\/11\\\/2022\\\/02\\\/Buy-Flubromazepam-4mg-Pellets-1.jpg\",\"contentUrl\":\"https:\\\/\\\/medicinasinc.com\\\/ro\\\/wp-content\\\/uploads\\\/sites\\\/11\\\/2022\\\/02\\\/Buy-Flubromazepam-4mg-Pellets-1.jpg\",\"width\":350,\"height\":350},{\"@type\":\"BreadcrumbList\",\"@id\":\"https:\\\/\\\/medicinasinc.com\\\/ro\\\/product\\\/cumpara-flubromazepam-4mg-pelete\\\/#breadcrumb\",\"itemListElement\":[{\"@type\":\"ListItem\",\"position\":1,\"name\":\"Magazin\",\"item\":\"https:\\\/\\\/medicinasinc.com\\\/ro\\\/magazin\\\/\"},{\"@type\":\"ListItem\",\"position\":2,\"name\":\"Cump\u0103ra\u021bi Pelete Flubromazepam 4mg\"}]},{\"@type\":\"WebSite\",\"@id\":\"https:\\\/\\\/medicinasinc.com\\\/ro\\\/#website\",\"url\":\"https:\\\/\\\/medicinasinc.com\\\/ro\\\/\",\"name\":\"Medicinas Inc\",\"description\":\"Health Medical Clinic\",\"potentialAction\":[{\"@type\":\"SearchAction\",\"target\":{\"@type\":\"EntryPoint\",\"urlTemplate\":\"https:\\\/\\\/medicinasinc.com\\\/ro\\\/?s={search_term_string}\"},\"query-input\":{\"@type\":\"PropertyValueSpecification\",\"valueRequired\":true,\"valueName\":\"search_term_string\"}}],\"inLanguage\":\"en-US\"}]}<\/script>\n<!-- \/ Yoast SEO plugin. -->","yoast_head_json":{"title":"Cump\u0103ra\u021bi pelete Flubromazepam 4mg - Cele mai bune medicamente globale","description":"Cump\u0103ra\u021bi pelete Flubromazepam 4mg de v\u00e2nzare \u00een UE, Marea Britanie, transport \u00een Europa, plat\u0103 Bitcoin. Furnizor de pelete Flubromazepam 4mg ieftin - cump\u0103ra\u021bi produse chimice de cercetare \u00een Europa.","robots":{"index":"index","follow":"follow","max-snippet":"max-snippet:-1","max-image-preview":"max-image-preview:large","max-video-preview":"max-video-preview:-1"},"canonical":"https:\/\/medicinasinc.com\/ro\/product\/cumpara-flubromazepam-4mg-pelete\/","og_locale":"en_US","og_type":"article","og_title":"Cump\u0103ra\u021bi pelete Flubromazepam 4mg - Cele mai bune medicamente globale","og_description":"Cump\u0103ra\u021bi pelete Flubromazepam 4mg de v\u00e2nzare \u00een UE, Marea Britanie, transport \u00een Europa, plat\u0103 Bitcoin. Furnizor de pelete Flubromazepam 4mg ieftin - cump\u0103ra\u021bi produse chimice de cercetare \u00een Europa.","og_url":"https:\/\/medicinasinc.com\/ro\/product\/cumpara-flubromazepam-4mg-pelete\/","og_site_name":"Medicinas Inc","article_modified_time":"2022-03-22T00:56:06+00:00","og_image":[{"width":350,"height":350,"url":"https:\/\/medicinasinc.com\/ro\/wp-content\/uploads\/sites\/11\/2022\/02\/Buy-Flubromazepam-4mg-Pellets-1.jpg","type":"image\/jpeg"}],"twitter_card":"summary_large_image","twitter_misc":{"Est. reading time":"1 minute"},"schema":{"@context":"https:\/\/schema.org","@graph":[{"@type":"WebPage","@id":"https:\/\/medicinasinc.com\/ro\/product\/cumpara-flubromazepam-4mg-pelete\/","url":"https:\/\/medicinasinc.com\/ro\/product\/cumpara-flubromazepam-4mg-pelete\/","name":"Cump\u0103ra\u021bi pelete Flubromazepam 4mg - Cele mai bune medicamente globale","isPartOf":{"@id":"https:\/\/medicinasinc.com\/ro\/#website"},"primaryImageOfPage":{"@id":"https:\/\/medicinasinc.com\/ro\/product\/cumpara-flubromazepam-4mg-pelete\/#primaryimage"},"image":{"@id":"https:\/\/medicinasinc.com\/ro\/product\/cumpara-flubromazepam-4mg-pelete\/#primaryimage"},"thumbnailUrl":"https:\/\/medicinasinc.com\/ro\/wp-content\/uploads\/sites\/11\/2022\/02\/Buy-Flubromazepam-4mg-Pellets-1.jpg","datePublished":"2022-02-22T01:04:16+00:00","dateModified":"2022-03-22T00:56:06+00:00","description":"Cump\u0103ra\u021bi pelete Flubromazepam 4mg de v\u00e2nzare \u00een UE, Marea Britanie, transport \u00een Europa, plat\u0103 Bitcoin. Furnizor de pelete Flubromazepam 4mg ieftin - cump\u0103ra\u021bi produse chimice de cercetare \u00een Europa.","breadcrumb":{"@id":"https:\/\/medicinasinc.com\/ro\/product\/cumpara-flubromazepam-4mg-pelete\/#breadcrumb"},"inLanguage":"en-US","potentialAction":[{"@type":"ReadAction","target":["https:\/\/medicinasinc.com\/ro\/product\/cumpara-flubromazepam-4mg-pelete\/"]}]},{"@type":"ImageObject","inLanguage":"en-US","@id":"https:\/\/medicinasinc.com\/ro\/product\/cumpara-flubromazepam-4mg-pelete\/#primaryimage","url":"https:\/\/medicinasinc.com\/ro\/wp-content\/uploads\/sites\/11\/2022\/02\/Buy-Flubromazepam-4mg-Pellets-1.jpg","contentUrl":"https:\/\/medicinasinc.com\/ro\/wp-content\/uploads\/sites\/11\/2022\/02\/Buy-Flubromazepam-4mg-Pellets-1.jpg","width":350,"height":350},{"@type":"BreadcrumbList","@id":"https:\/\/medicinasinc.com\/ro\/product\/cumpara-flubromazepam-4mg-pelete\/#breadcrumb","itemListElement":[{"@type":"ListItem","position":1,"name":"Magazin","item":"https:\/\/medicinasinc.com\/ro\/magazin\/"},{"@type":"ListItem","position":2,"name":"Cump\u0103ra\u021bi Pelete Flubromazepam 4mg"}]},{"@type":"WebSite","@id":"https:\/\/medicinasinc.com\/ro\/#website","url":"https:\/\/medicinasinc.com\/ro\/","name":"Medicinas Inc","description":"Health Medical Clinic","potentialAction":[{"@type":"SearchAction","target":{"@type":"EntryPoint","urlTemplate":"https:\/\/medicinasinc.com\/ro\/?s={search_term_string}"},"query-input":{"@type":"PropertyValueSpecification","valueRequired":true,"valueName":"search_term_string"}}],"inLanguage":"en-US"}]}},"_links":{"self":[{"href":"https:\/\/medicinasinc.com\/ro\/wp-json\/wp\/v2\/product\/5521","targetHints":{"allow":["GET"]}}],"collection":[{"href":"https:\/\/medicinasinc.com\/ro\/wp-json\/wp\/v2\/product"}],"about":[{"href":"https:\/\/medicinasinc.com\/ro\/wp-json\/wp\/v2\/types\/product"}],"replies":[{"embeddable":true,"href":"https:\/\/medicinasinc.com\/ro\/wp-json\/wp\/v2\/comments?post=5521"}],"wp:featuredmedia":[{"embeddable":true,"href":"https:\/\/medicinasinc.com\/ro\/wp-json\/wp\/v2\/media\/5531"}],"wp:attachment":[{"href":"https:\/\/medicinasinc.com\/ro\/wp-json\/wp\/v2\/media?parent=5521"}],"wp:term":[{"taxonomy":"product_brand","embeddable":true,"href":"https:\/\/medicinasinc.com\/ro\/wp-json\/wp\/v2\/product_brand?post=5521"},{"taxonomy":"product_cat","embeddable":true,"href":"https:\/\/medicinasinc.com\/ro\/wp-json\/wp\/v2\/product_cat?post=5521"},{"taxonomy":"product_tag","embeddable":true,"href":"https:\/\/medicinasinc.com\/ro\/wp-json\/wp\/v2\/product_tag?post=5521"}],"curies":[{"name":"wp","href":"https:\/\/api.w.org\/{rel}","templated":true}]}}