{"id":5520,"date":"2022-02-22T01:02:44","date_gmt":"2022-02-22T01:02:44","guid":{"rendered":"https:\/\/medicinasinc.com\/ro\/?post_type=product&#038;p=5520"},"modified":"2022-03-22T00:56:15","modified_gmt":"2022-03-22T00:56:15","slug":"cumpara-fentanil-tablete","status":"publish","type":"product","link":"https:\/\/medicinasinc.com\/ro\/product\/cumpara-fentanil-tablete\/","title":{"rendered":"Cump\u0103ra\u021bi tablete de fentanil"},"content":{"rendered":"<p>Fentanyl Pills, cunoscut \u0219i sub numele de fentanil, este un analgezic opioid sintetic foarte puternic, cu o durat\u0103 scurt\u0103 de ac\u021biune \u0219i cu debut rapid. Receptorii opioizi sunt puternic stimula\u021bi de acest medicament. Se spune c\u0103 eficacitatea fentanilului este de 50-100 de ori mai mare dec\u00e2t cea a morfinei.<\/p>\n<p>Formate \u00een 1960, pastilele de fentanil ale lui Paul Janssen au avut un succes imediat, merg\u00e2nd pe urmele petidinei lui Demerol. Fentanilul a fost creat prin testarea analogilor substan\u021bei opioide active petidin\u0103, care este legat\u0103 structural de fentanil.<\/p>\n<p>Citrat de fentanil (citrat de fentanil, care este sarea generat\u0103 prin amestecarea fentanilului \u0219i acidului citric cu o propor\u021bie de 1:1). ratio) a ajuns pe pia\u021ba medical\u0103 la \u00eenceputul anilor \u201960 sub denumirea comercial\u0103 Sublimaze datorit\u0103 utiliz\u0103rii sale extinse. Sufentanilul, alfentanilul, remifentanilul \u0219i lofentanilul sunt doar c\u00e2\u021biva dintre numero\u0219ii analogi de fentanil care de atunci au fost crea\u021bi \u0219i pu\u0219i \u00een uz clinic.<\/p>\n<p>Pilule care con\u021bin fentanil Utilizarea paliativ\u0103 a fentanilului a \u00eenceput la mijlocul anilor 1990, cu dezvoltarea plasturelui de fentanil, care a fost urmat rapid de pastile de fentanil, tablete de dizolvare \u0219i spray sublingual, care sunt toate absorbite prin suprafa\u021ba gurii. Fentanilul a fost cel mai frecvent prescris opioid sintetic \u00een Statele Unite \u00een 2012. La nivel mondial, s-a estimat c\u0103 1700 kg de plastic au fost consumate \u00een 2013.<\/p>\n<p>Utilizarea recreativ\u0103 a fentanilului a dus la mii de decese prin supradoz\u0103 per fiecare. an. Utilizarea medical\u0103 inadecvat\u0103 a dus \u0219i la decese. Datorit\u0103 indicelui s\u0103u terapeutic ridicat (270), fentanilul este un anestezic chirurgical foarte sigur atunci c\u00e2nd este administrat sub supraveghere atent\u0103; dar, din cauza rezisten\u021bei sale extraordinare, sunt necesare m\u0103sur\u0103tori precise ale solu\u021biei extrem de diluate.<\/p>\n<p>o doz\u0103 eficient\u0103 \u0219i o doz\u0103 letal\u0103 de fentanil sub form\u0103 de pulbere ar fi dificil sau imposibil de distins cu ochiul liber dac\u0103 ar fi plasate l\u00e2ng\u0103 fiecare; Acesta este motivul pentru care nu este practic s\u0103 cuantifica\u021bi cu precizie o doz\u0103 de pudr\u0103 de fentanil pur f\u0103r\u0103 echipament \u0219tiin\u021bific modern.<\/p>\n<p>Comanda\u021bi online pastile, pudr\u0103, plasturi \u0219i lichide de fentanil acum!<\/p>\n<div class=\"produs -next-previous\">\n<div class=\"product-prev\"><\/div><\/div>\n","protected":false},"excerpt":{"rendered":"<p>Afacerea noastr\u0103 online vinde tablete de fentanil spre v\u00e2nzare \u00een Marea Britanie, UE \u0219i Europa, cu livrare rapid\u0103 \u00een \u00eentreaga lume! Aici ve\u021bi g\u0103si cel mai bun Fentanyl pentru cump\u0103rare online!<\/p>\n<p>Cump\u0103ra\u021bi pastile de Fentanyl online \u00een Marea Britanie, Europa \u0219i \u00een restul lumii cu livrare interna\u021bional\u0103 rapid\u0103 de la farmacia noastr\u0103 online de ast\u0103zi! Aici ve\u021bi g\u0103si cel mai bun fentanil pentru achizi\u021bionare online! \u00centreba\u021bi de unde s\u0103 achizi\u021biona\u021bi tablete de fentanil.<\/p>\n<p>Pilule care con\u021bin fentanil Plasturele de fentanil a fost oferit pentru prima dat\u0103 pentru utilizare paliativ\u0103 la mijlocul anilor 1990, iar acadea de fentanil, pastilele de dizolvare \u0219i spray-ul sublingual au fost toate lansate \u00een urm\u0103toarele deceniu prin absorb\u021bie prin pielea din gur\u0103.<\/p>\n","protected":false},"featured_media":5529,"comment_status":"open","ping_status":"closed","template":"","meta":[],"product_brand":[],"product_cat":[2014],"product_tag":[2973,2841,2976,2977,2979,2996,2991,2990,2992,2988,2975,2978,2843,2974,2993,2997,2980,2981,2984,2850,2995,2982,2983,2985,2986,2987,2989,2994],"class_list":{"0":"post-5520","1":"product","2":"type-product","3":"status-publish","4":"has-post-thumbnail","6":"product_cat-cumprare-cercetare-chimice","7":"product_tag-buy-fentanyl-citrate-online","8":"product_tag-buy-fentanyl-online","9":"product_tag-buy-fentanyl-online-uk","10":"product_tag-buy-fentanyl-powder","11":"product_tag-carfentanil-for-sale","12":"product_tag-cel-mai-bun-loc-pentru-a-cumpra-fentanil-lichid-online","13":"product_tag-comanda-fentanil-online","14":"product_tag-comanda-fentanil-lichid-online","15":"product_tag-comanda-fentanil-plasturi-online","16":"product_tag-cum-s-cumprm-lichid-fentanil-online","17":"product_tag-cumpr-fentanil-fr-prescripie-medical","18":"product_tag-cumprare-fentanil-online","19":"product_tag-cumpara-pudra-fentanil-online","20":"product_tag-cumpr-fentanil-lichid-online","21":"product_tag-cumprare-fentanil-lichid-online","22":"product_tag-unde-se-cumpr-lichid-fentanil-online","23":"product_tag-fentanil-cumprare-online","24":"product_tag-fentanil-de-vnzare","25":"product_tag-fentanil-patch-farmacie-online","26":"product_tag-fentanil-pulbere-de-vnzare","27":"product_tag-pur-fentanil","28":"product_tag-fentanyl-for-sale-online","29":"product_tag-fentanil-lichid-de-vanzare","30":"product_tag-fentanyl-patches-for-sale","31":"product_tag-pastile-de-fentanil-de-vanzare","32":"product_tag-fentanil-pulbere-pret","33":"product_tag-opiacee-cercetare-chimicale-de-vanzare","34":"product_tag-purchase-fentanyl-online","36":"first","37":"instock","38":"shipping-taxable","39":"purchasable","40":"product-type-variable","41":"has-default-attributes"},"yoast_head":"<!-- This site is optimized with the Yoast SEO plugin v27.3 - https:\/\/yoast.com\/product\/yoast-seo-wordpress\/ -->\n<title>Cump\u0103ra\u021bi tablete de fentanil - pastile de fentanil - cele mai bune medicamente globale<\/title>\n<meta name=\"description\" content=\"Cump\u0103ra\u021bi tablete de Fentanyl de v\u00e2nzare \u00een Marea Britanie, UE Europa \u00een magazinul nostru online cu livrare rapid\u0103 \u00een toat\u0103 lumea! Cel mai bun fentanil pentru comand\u0103 \u00eel g\u0103si\u021bi aici!\" \/>\n<meta name=\"robots\" content=\"index, follow, max-snippet:-1, max-image-preview:large, max-video-preview:-1\" \/>\n<link rel=\"canonical\" href=\"https:\/\/medicinasinc.com\/ro\/product\/cumpara-fentanil-tablete\/\" \/>\n<meta property=\"og:locale\" content=\"en_US\" \/>\n<meta property=\"og:type\" content=\"article\" \/>\n<meta property=\"og:title\" content=\"Cump\u0103ra\u021bi tablete de fentanil - pastile de fentanil - cele mai bune medicamente globale\" \/>\n<meta property=\"og:description\" content=\"Cump\u0103ra\u021bi tablete de Fentanyl de v\u00e2nzare \u00een Marea Britanie, UE Europa \u00een magazinul nostru online cu livrare rapid\u0103 \u00een toat\u0103 lumea! Cel mai bun fentanil pentru comand\u0103 \u00eel g\u0103si\u021bi aici!\" \/>\n<meta property=\"og:url\" content=\"https:\/\/medicinasinc.com\/ro\/product\/cumpara-fentanil-tablete\/\" \/>\n<meta property=\"og:site_name\" content=\"Medicinas Inc\" \/>\n<meta property=\"article:modified_time\" content=\"2022-03-22T00:56:15+00:00\" \/>\n<meta property=\"og:image\" content=\"https:\/\/medicinasinc.com\/ro\/wp-content\/uploads\/sites\/11\/2022\/02\/Buy-Fentanyl-Tablets.jpg\" \/>\n\t<meta property=\"og:image:width\" content=\"600\" \/>\n\t<meta property=\"og:image:height\" content=\"600\" \/>\n\t<meta property=\"og:image:type\" content=\"image\/jpeg\" \/>\n<meta name=\"twitter:card\" content=\"summary_large_image\" \/>\n<meta name=\"twitter:label1\" content=\"Est. reading time\" \/>\n\t<meta name=\"twitter:data1\" content=\"2 minutes\" \/>\n<script type=\"application\/ld+json\" class=\"yoast-schema-graph\">{\"@context\":\"https:\\\/\\\/schema.org\",\"@graph\":[{\"@type\":\"WebPage\",\"@id\":\"https:\\\/\\\/medicinasinc.com\\\/ro\\\/product\\\/cumpara-fentanil-tablete\\\/\",\"url\":\"https:\\\/\\\/medicinasinc.com\\\/ro\\\/product\\\/cumpara-fentanil-tablete\\\/\",\"name\":\"Cump\u0103ra\u021bi tablete de fentanil - pastile de fentanil - cele mai bune medicamente globale\",\"isPartOf\":{\"@id\":\"https:\\\/\\\/medicinasinc.com\\\/ro\\\/#website\"},\"primaryImageOfPage\":{\"@id\":\"https:\\\/\\\/medicinasinc.com\\\/ro\\\/product\\\/cumpara-fentanil-tablete\\\/#primaryimage\"},\"image\":{\"@id\":\"https:\\\/\\\/medicinasinc.com\\\/ro\\\/product\\\/cumpara-fentanil-tablete\\\/#primaryimage\"},\"thumbnailUrl\":\"https:\\\/\\\/medicinasinc.com\\\/ro\\\/wp-content\\\/uploads\\\/sites\\\/11\\\/2022\\\/02\\\/Buy-Fentanyl-Tablets.jpg\",\"datePublished\":\"2022-02-22T01:02:44+00:00\",\"dateModified\":\"2022-03-22T00:56:15+00:00\",\"description\":\"Cump\u0103ra\u021bi tablete de Fentanyl de v\u00e2nzare \u00een Marea Britanie, UE Europa \u00een magazinul nostru online cu livrare rapid\u0103 \u00een toat\u0103 lumea! Cel mai bun fentanil pentru comand\u0103 \u00eel g\u0103si\u021bi aici!\",\"breadcrumb\":{\"@id\":\"https:\\\/\\\/medicinasinc.com\\\/ro\\\/product\\\/cumpara-fentanil-tablete\\\/#breadcrumb\"},\"inLanguage\":\"en-US\",\"potentialAction\":[{\"@type\":\"ReadAction\",\"target\":[\"https:\\\/\\\/medicinasinc.com\\\/ro\\\/product\\\/cumpara-fentanil-tablete\\\/\"]}]},{\"@type\":\"ImageObject\",\"inLanguage\":\"en-US\",\"@id\":\"https:\\\/\\\/medicinasinc.com\\\/ro\\\/product\\\/cumpara-fentanil-tablete\\\/#primaryimage\",\"url\":\"https:\\\/\\\/medicinasinc.com\\\/ro\\\/wp-content\\\/uploads\\\/sites\\\/11\\\/2022\\\/02\\\/Buy-Fentanyl-Tablets.jpg\",\"contentUrl\":\"https:\\\/\\\/medicinasinc.com\\\/ro\\\/wp-content\\\/uploads\\\/sites\\\/11\\\/2022\\\/02\\\/Buy-Fentanyl-Tablets.jpg\",\"width\":600,\"height\":600},{\"@type\":\"BreadcrumbList\",\"@id\":\"https:\\\/\\\/medicinasinc.com\\\/ro\\\/product\\\/cumpara-fentanil-tablete\\\/#breadcrumb\",\"itemListElement\":[{\"@type\":\"ListItem\",\"position\":1,\"name\":\"Magazin\",\"item\":\"https:\\\/\\\/medicinasinc.com\\\/ro\\\/magazin\\\/\"},{\"@type\":\"ListItem\",\"position\":2,\"name\":\"Cump\u0103ra\u021bi tablete de fentanil\"}]},{\"@type\":\"WebSite\",\"@id\":\"https:\\\/\\\/medicinasinc.com\\\/ro\\\/#website\",\"url\":\"https:\\\/\\\/medicinasinc.com\\\/ro\\\/\",\"name\":\"Medicinas Inc\",\"description\":\"Health Medical Clinic\",\"potentialAction\":[{\"@type\":\"SearchAction\",\"target\":{\"@type\":\"EntryPoint\",\"urlTemplate\":\"https:\\\/\\\/medicinasinc.com\\\/ro\\\/?s={search_term_string}\"},\"query-input\":{\"@type\":\"PropertyValueSpecification\",\"valueRequired\":true,\"valueName\":\"search_term_string\"}}],\"inLanguage\":\"en-US\"}]}<\/script>\n<!-- \/ Yoast SEO plugin. -->","yoast_head_json":{"title":"Cump\u0103ra\u021bi tablete de fentanil - pastile de fentanil - cele mai bune medicamente globale","description":"Cump\u0103ra\u021bi tablete de Fentanyl de v\u00e2nzare \u00een Marea Britanie, UE Europa \u00een magazinul nostru online cu livrare rapid\u0103 \u00een toat\u0103 lumea! Cel mai bun fentanil pentru comand\u0103 \u00eel g\u0103si\u021bi aici!","robots":{"index":"index","follow":"follow","max-snippet":"max-snippet:-1","max-image-preview":"max-image-preview:large","max-video-preview":"max-video-preview:-1"},"canonical":"https:\/\/medicinasinc.com\/ro\/product\/cumpara-fentanil-tablete\/","og_locale":"en_US","og_type":"article","og_title":"Cump\u0103ra\u021bi tablete de fentanil - pastile de fentanil - cele mai bune medicamente globale","og_description":"Cump\u0103ra\u021bi tablete de Fentanyl de v\u00e2nzare \u00een Marea Britanie, UE Europa \u00een magazinul nostru online cu livrare rapid\u0103 \u00een toat\u0103 lumea! Cel mai bun fentanil pentru comand\u0103 \u00eel g\u0103si\u021bi aici!","og_url":"https:\/\/medicinasinc.com\/ro\/product\/cumpara-fentanil-tablete\/","og_site_name":"Medicinas Inc","article_modified_time":"2022-03-22T00:56:15+00:00","og_image":[{"width":600,"height":600,"url":"https:\/\/medicinasinc.com\/ro\/wp-content\/uploads\/sites\/11\/2022\/02\/Buy-Fentanyl-Tablets.jpg","type":"image\/jpeg"}],"twitter_card":"summary_large_image","twitter_misc":{"Est. reading time":"2 minutes"},"schema":{"@context":"https:\/\/schema.org","@graph":[{"@type":"WebPage","@id":"https:\/\/medicinasinc.com\/ro\/product\/cumpara-fentanil-tablete\/","url":"https:\/\/medicinasinc.com\/ro\/product\/cumpara-fentanil-tablete\/","name":"Cump\u0103ra\u021bi tablete de fentanil - pastile de fentanil - cele mai bune medicamente globale","isPartOf":{"@id":"https:\/\/medicinasinc.com\/ro\/#website"},"primaryImageOfPage":{"@id":"https:\/\/medicinasinc.com\/ro\/product\/cumpara-fentanil-tablete\/#primaryimage"},"image":{"@id":"https:\/\/medicinasinc.com\/ro\/product\/cumpara-fentanil-tablete\/#primaryimage"},"thumbnailUrl":"https:\/\/medicinasinc.com\/ro\/wp-content\/uploads\/sites\/11\/2022\/02\/Buy-Fentanyl-Tablets.jpg","datePublished":"2022-02-22T01:02:44+00:00","dateModified":"2022-03-22T00:56:15+00:00","description":"Cump\u0103ra\u021bi tablete de Fentanyl de v\u00e2nzare \u00een Marea Britanie, UE Europa \u00een magazinul nostru online cu livrare rapid\u0103 \u00een toat\u0103 lumea! Cel mai bun fentanil pentru comand\u0103 \u00eel g\u0103si\u021bi aici!","breadcrumb":{"@id":"https:\/\/medicinasinc.com\/ro\/product\/cumpara-fentanil-tablete\/#breadcrumb"},"inLanguage":"en-US","potentialAction":[{"@type":"ReadAction","target":["https:\/\/medicinasinc.com\/ro\/product\/cumpara-fentanil-tablete\/"]}]},{"@type":"ImageObject","inLanguage":"en-US","@id":"https:\/\/medicinasinc.com\/ro\/product\/cumpara-fentanil-tablete\/#primaryimage","url":"https:\/\/medicinasinc.com\/ro\/wp-content\/uploads\/sites\/11\/2022\/02\/Buy-Fentanyl-Tablets.jpg","contentUrl":"https:\/\/medicinasinc.com\/ro\/wp-content\/uploads\/sites\/11\/2022\/02\/Buy-Fentanyl-Tablets.jpg","width":600,"height":600},{"@type":"BreadcrumbList","@id":"https:\/\/medicinasinc.com\/ro\/product\/cumpara-fentanil-tablete\/#breadcrumb","itemListElement":[{"@type":"ListItem","position":1,"name":"Magazin","item":"https:\/\/medicinasinc.com\/ro\/magazin\/"},{"@type":"ListItem","position":2,"name":"Cump\u0103ra\u021bi tablete de fentanil"}]},{"@type":"WebSite","@id":"https:\/\/medicinasinc.com\/ro\/#website","url":"https:\/\/medicinasinc.com\/ro\/","name":"Medicinas Inc","description":"Health Medical Clinic","potentialAction":[{"@type":"SearchAction","target":{"@type":"EntryPoint","urlTemplate":"https:\/\/medicinasinc.com\/ro\/?s={search_term_string}"},"query-input":{"@type":"PropertyValueSpecification","valueRequired":true,"valueName":"search_term_string"}}],"inLanguage":"en-US"}]}},"_links":{"self":[{"href":"https:\/\/medicinasinc.com\/ro\/wp-json\/wp\/v2\/product\/5520","targetHints":{"allow":["GET"]}}],"collection":[{"href":"https:\/\/medicinasinc.com\/ro\/wp-json\/wp\/v2\/product"}],"about":[{"href":"https:\/\/medicinasinc.com\/ro\/wp-json\/wp\/v2\/types\/product"}],"replies":[{"embeddable":true,"href":"https:\/\/medicinasinc.com\/ro\/wp-json\/wp\/v2\/comments?post=5520"}],"wp:featuredmedia":[{"embeddable":true,"href":"https:\/\/medicinasinc.com\/ro\/wp-json\/wp\/v2\/media\/5529"}],"wp:attachment":[{"href":"https:\/\/medicinasinc.com\/ro\/wp-json\/wp\/v2\/media?parent=5520"}],"wp:term":[{"taxonomy":"product_brand","embeddable":true,"href":"https:\/\/medicinasinc.com\/ro\/wp-json\/wp\/v2\/product_brand?post=5520"},{"taxonomy":"product_cat","embeddable":true,"href":"https:\/\/medicinasinc.com\/ro\/wp-json\/wp\/v2\/product_cat?post=5520"},{"taxonomy":"product_tag","embeddable":true,"href":"https:\/\/medicinasinc.com\/ro\/wp-json\/wp\/v2\/product_tag?post=5520"}],"curies":[{"name":"wp","href":"https:\/\/api.w.org\/{rel}","templated":true}]}}