{"id":5497,"date":"2022-02-22T00:36:43","date_gmt":"2022-02-22T00:36:43","guid":{"rendered":"https:\/\/medicinasinc.com\/ro\/?post_type=product&#038;p=5497"},"modified":"2022-03-22T00:56:24","modified_gmt":"2022-03-22T00:56:24","slug":"cumpara-etizolam-pulbere","status":"publish","type":"product","link":"https:\/\/medicinasinc.com\/ro\/product\/cumpara-etizolam-pulbere\/","title":{"rendered":"Cump\u0103ra\u021bi Etizolam pudr\u0103"},"content":{"rendered":"<p>Chimia etizolamului<\/p>\n<p>Numele chimic al etizolamului este \u201e4-(2-Clorfenil)-2-etil-9-metil-6H-tieno[3,2-f][1,2,4] triazolo[4,3-a][1,4]diazepin\u0103\u201d. Greutatea molecular\u0103 a acestui medicament a fost determinat\u0103 a fi de 342,07 g\/mol, iar puritatea sa a fost estimat\u0103 la 99,5% sau mai mare \u00een formele sale cele mai fine. S-a dovedit c\u0103 molecula acestui medicament este stabil\u0103 timp de cel pu\u021bin doi sau trei ani la temperatura camerei sau \u00eentre 20oC \u0219i 25oC, care este temperatura recomandat\u0103 de p\u0103strare. \u00cen ciuda statutului s\u0103u de substan\u021b\u0103 chimic\u0103 de cercetare, medicii au prescris Etizolam pentru a trata pacien\u021bii cu anxietate.<\/p>\n<p>Originile \u0219i dezvoltarea Etizolamului<\/p>\n<p>O substan\u021b\u0103 chimic\u0103 de cercetare gri, etizolam \u0219i-a f\u0103cut debutul \u00een 2011 ca un supra- contra-sedativ. Datorit\u0103 costului s\u0103u ieftin, a selec\u021biei mari de produse \u0219i a numeroaselor aplica\u021bii, a devenit ulterior o alegere popular\u0103 pentru mul\u021bi oameni. Nu se \u0219tie de unde provine formula, totu\u0219i a fost legat\u0103 de cercet\u0103rile din anii 1990.<\/p>\n<p>Pentru a trata ceea ce v\u0103 sufer\u0103, se poate prescrie Etizolam.<\/p>\n<p>Antidepresiv , efecte de relaxare muscular\u0103 \u0219i anti-anxietate sunt cunoscute c\u0103 apar atunci c\u00e2nd se administreaz\u0103 Etizolam \u0219i a fost prescris pentru uz medical \u00een astfel de cazuri. De\u0219i acest efect nu se manifest\u0103 la to\u021bi utilizatorii, medicamentul are poten\u021bialul de a cre\u0219te foamea. Reducerea stresului \u0219i reorganizarea memoriei sunt alte dou\u0103 utiliz\u0103ri bine documentate pentru acest medicament. Din motive recrea\u021bionale, se \u0219tie c\u0103 medicamentul provoac\u0103 efecte precum umflarea ego-ului, reprimarea emo\u021bional\u0103 \u0219i un sentiment crescut de sobrietate, printre altele. Oamenii l-au folosit \u0219i \u00een scopuri recreative.<\/p>\n<p>Ce face Etizolam organismului t\u0103u<\/p>\n<p>O mare varietate de oameni, de la oameni de \u0219tiin\u021b\u0103 p\u00e2n\u0103 la publicul larg, au folosit medicamentul. Atunci c\u00e2nd este utilizat, medicamentul are o varietate de efecte asupra corpului, min\u021bii \u0219i percep\u021biile asupra propriei persoane. Medicamentul v\u0103 face s\u0103 v\u0103 sim\u021bi\u021bi slab \u0219i incapabil s\u0103 v\u0103 regla\u021bi corpul. Exist\u0103 o cre\u0219tere a capacit\u0103\u021bii persoanei de a respira liber, precum \u0219i a beatitudinii fizice. Somnolen\u021ba \u0219i privarea de somn pot ap\u0103rea \u0219i ca efect secundar al medicamentului. \u00cen plus, substan\u021ba are efecte cognitive, deoarece afecteaz\u0103 capacitatea organismului de a finaliza opera\u021biunile regulate, interfer\u00e2nd cu func\u021bionarea nervului motor. Regiunea hipocampal\u0103 a creierului poate fi afectat\u0103, ceea ce poate duce la pierderea memoriei pe termen scurt.<\/p>\n<p>De asemenea, medicamentul reduce motiva\u021bia \u0219i nivelul de energie al cuiva \u0219i are, de asemenea, un efect asupra capacit\u0103\u021bii creierului de a \u00een\u021belege g\u00e2ndurile. .<\/p>\n<p>Toxicitatea poate fi cauzat\u0103 \u0219i de prezen\u021ba contaminan\u021bilor \u00een medicament.<\/p>\n<p>Etizolam: dozaj recomandat \u0219i efecte adverse \u00een practica clinic\u0103<\/p>\n<p>De la 0,2 mg p\u00e2n\u0103 la 5mg, op\u021biunile de doz\u0103 ale medicamentului sunt variate. Dozele u\u0219oare ale medicamentului sunt cuprinse \u00eentre 0,2 mg \u0219i 1 mg, \u00een timp ce cantitatea cel mai de obicei prescris\u0103 este \u00eentre 1-2 mg. O doz\u0103 mare este una care dep\u0103\u0219e\u0219te sau este egal\u0103 cu 5 miligrame.<\/p>\n<p>Ca urmare, mul\u021bi oameni ajung s\u0103 ia o doz\u0103 mai mare pentru a experimenta \u00eentregul spectru de efecte favorabile pentru care medicamentul a fost enumerat. . O doz\u0103 mai mare poate avea o gam\u0103 mai larg\u0103 de efecte, dar are \u0219i efecte secundare mai periculoase, cum ar fi daune majore sau deces \u00een cele mai extreme circumstan\u021be.<\/p>\n<p>Este legal s\u0103 lua\u021bi Etizolam<\/p>\n<p>\u00cen ciuda clasific\u0103rii sale ca substan\u021b\u0103 controlat\u0103 \u0219i programat\u0103 I, fabricarea, furnizarea \u0219i de\u021binerea medicamentului nu sunt interzise \u00een majoritatea \u021b\u0103rilor.<\/p>\n<p>\u0218ti\u021bi de unde s\u0103 ob\u021bine\u021bi pulbere de Etizolam?<\/p>\n<p>Pentru laboratoare, farmacii, institu\u021bii de cercetare \u0219i oameni, magazinul nostru online de medicamente ofer\u0103 FUB \u2013 AKB48 de \u00eenalt\u0103 calitate la un pre\u021b corect.<\/p>\n","protected":false},"excerpt":{"rendered":"<div class=\"woocommerce-product-details__short-description\">\n<p>Cump\u0103ra\u021bi pudr\u0103 de Etizolam de v\u00e2nzare \u00een Marea Britanie, UE, Europa\u00a0disponibil\u0103 la cel mai mic pre\u021b. Pudra de etizolam este utilizat\u0103 ca medicament pentru tratarea anxiet\u0103\u021bii, insomniei \u0219i atacurilor de panic\u0103.<\/p>\n<p>Pudra de etizolam poate fi achizi\u021bionat\u0103 online. De unde s\u0103 cump\u0103ra\u021bi Etizolam pudr\u0103 online?<\/p>\n<p>Etizolam Powder de cea mai \u00eenalt\u0103 calitate este disponibil\u0103 de la BestGlobalMeds.com, cea mai de \u00eencredere farmacie de internet.<\/p>\n<p>Pe l\u00e2ng\u0103 Etizolam, alte nume de marc\u0103 pentru aceasta. includ Etilaam \u0219i Etizest. Etizolam este un analog de designer sintetic al tienodiazepinei care are propriet\u0103\u021bi depresive comparabile cu benzodiazepinele \u00een ceea ce prive\u0219te reducerea anxiet\u0103\u021bii, stresul \u0219i promovarea relax\u0103rii musculare. Pe l\u00e2ng\u0103 tablete, pulbere \u0219i solu\u021bie, este o substan\u021b\u0103 chimic\u0103 de cercetare popular\u0103.<\/p>\n<\/p><\/div>\n","protected":false},"featured_media":5509,"comment_status":"open","ping_status":"closed","template":"","meta":[],"product_brand":[],"product_cat":[2014],"product_tag":[2898,2904,2905,2906,2907,2912,2913,2925,2968,2963,2965,2955,2966,2967,2957,2900,2914,2901,2902,2903,2908,2911,2899,2909,2910,2969,2971,2970,2917,2959,2915,2916,2918,2919,2921,2926,2927,2928,2933,2934,2935,2936,2941,2942,2943,2944,2949,2950,2951,2952,2948,2946,2947,2922,2923,2930,2929,2924,2956,2958,2962,2964,2937,2938,2931,2932,2939,2920,2961,2945,2960,2953,2940,2972,2954],"class_list":{"0":"post-5497","1":"product","2":"type-product","3":"status-publish","4":"has-post-thumbnail","6":"product_cat-cumprare-cercetare-chimice","7":"product_tag-etizolam-pulbere-1g","8":"product_tag-buy-etizolam-powder-by-the-gram-usa","9":"product_tag-buy-etizolam-powder-online","10":"product_tag-buy-etizolam-powder-uk","11":"product_tag-buy-etizolam-powder-usa","12":"product_tag-buy-etizolam-usa-overnight-delivery","13":"product_tag-buy-etizolam-with-paypal","14":"product_tag-etizolam-pulbere-card-de-credit","15":"product_tag-care-este-importana-etizolam-lichid","16":"product_tag-care-snt-solvenii-utilizai-pentru-conversia-etizolamului","17":"product_tag-ce-are-gust-pudra-etizolam","18":"product_tag-etizolam-tablete","19":"product_tag-cum-este-etizolamul","20":"product_tag-ce-este-tizolamul-acum","21":"product_tag-cum-se-ingera-etizolam-pulbere","22":"product_tag-cumpr-etizolam-japonez","23":"product_tag-cumpr-lichid-etizolam-usa","24":"product_tag-cumpara-etizolam-online-statele-americane","25":"product_tag-cumpara-etizolam-online-usa","26":"product_tag-cumpara-etizolam-pulbere","27":"product_tag-cumpr-etizolam-pulbere-s-a-s-a-cu-card-de-credit","28":"product_tag-buy-etizolam-usa-domestic","29":"product_tag-cumpara-aniracetam-pulbere","30":"product_tag-cumpara-etizolam-pulberi","31":"product_tag-cumpara-etizolam-putere","32":"product_tag-de-unde-s-cumpr-etizolam","33":"product_tag-de-unde-s-cumpr-pudra-de-etizolam","34":"product_tag-de-unde-s-cumprm-etizolam-online","35":"product_tag-etizolam-dozaj","36":"product_tag-este-etizolam-sigur","37":"product_tag-etizolam-1","38":"product_tag-etizolam-30ml","39":"product_tag-etizolam-de-vanzare-sua","40":"product_tag-etizolam-lichid","41":"product_tag-etizolam-powder-buy","42":"product_tag-etizolam-powder-dosage","43":"product_tag-etizolam-powder-dose","44":"product_tag-etizolam-powder-dosing","45":"product_tag-etizolam-powder-for-sale-reviews","46":"product_tag-etizolam-powder-high","47":"product_tag-etizolam-powder-measurement","48":"product_tag-etizolam-powder-online","49":"product_tag-etizolam-powder-site","50":"product_tag-etizolam-powder-solubility","51":"product_tag-etizolam-powder-taste","52":"product_tag-etizolam-powder-to-solution","53":"product_tag-etizolam-powder-usa-vendor","54":"product_tag-etizolam-powder-uses","55":"product_tag-etizolam-powder-vendor","56":"product_tag-etizolam-powder-wholesale","57":"product_tag-etizolam-pulbere-usa-furnizor","58":"product_tag-etizolam-pulbere-ne","59":"product_tag-etizolam-pulbere-usa","60":"product_tag-etizolam-pulbere-canada","61":"product_tag-etizolam-pulbere-china","62":"product_tag-etizolam-pulbere-europa","63":"product_tag-etizolam-pulbere-eu","64":"product_tag-etizolam-pulbere-ora","65":"product_tag-etizolam-xanax-pulbere","66":"product_tag-este-etizolam-dependen-i-de-ce-este-etizolam-abuzat","67":"product_tag-reddit-etizolam-vnztori","68":"product_tag-pentru-ce-folosesc-oamenii-de-obicei-etizolam","69":"product_tag-etizolam-pulbere-pret","70":"product_tag-etizolam-pulbere-preturi","71":"product_tag-etizolam-pulbere-de-vnzare","72":"product_tag-etizolam-pulbere-de-vanzare-china","73":"product_tag-etizolam-pulbere-reddit","74":"product_tag-etizolam-pulbere-australia","75":"product_tag-pur-etizolam-pulbere","76":"product_tag-etizolam-pulbere-uk","77":"product_tag-pulbere-ntr-o-soluie","78":"product_tag-etizolam-pulberi","79":"product_tag-etizolam-pulbere-review","80":"product_tag-va-etizolam-pulbere-dizolvat-n-ulei-de-msline","81":"product_tag-etizolam-solutie-cumpara","83":"first","84":"instock","85":"shipping-taxable","86":"purchasable","87":"product-type-variable","88":"has-default-attributes"},"yoast_head":"<!-- This site is optimized with the Yoast SEO plugin v27.3 - https:\/\/yoast.com\/product\/yoast-seo-wordpress\/ -->\n<title>Cump\u0103ra\u021bi Etizolam pudr\u0103 - Etizolam powder Europe- Best Global Meds<\/title>\n<meta name=\"description\" content=\"Cump\u0103ra\u021bi pulbere de Etizolam de v\u00e2nzare \u00een Marea Britanie, UE, Europa\u00a0disponibil\u0103 la cel mai mic pre\u021b. Pudra de etizolam este utilizat\u0103 ca medicament pentru a trata anxietatea, insomnia \u0219i atacurile de panic\u0103.\" \/>\n<meta name=\"robots\" content=\"index, follow, max-snippet:-1, max-image-preview:large, max-video-preview:-1\" \/>\n<link rel=\"canonical\" href=\"https:\/\/medicinasinc.com\/ro\/product\/cumpara-etizolam-pulbere\/\" \/>\n<meta property=\"og:locale\" content=\"en_US\" \/>\n<meta property=\"og:type\" content=\"article\" \/>\n<meta property=\"og:title\" content=\"Cump\u0103ra\u021bi Etizolam pudr\u0103 - Etizolam powder Europe- Best Global Meds\" \/>\n<meta property=\"og:description\" content=\"Cump\u0103ra\u021bi pulbere de Etizolam de v\u00e2nzare \u00een Marea Britanie, UE, Europa\u00a0disponibil\u0103 la cel mai mic pre\u021b. Pudra de etizolam este utilizat\u0103 ca medicament pentru a trata anxietatea, insomnia \u0219i atacurile de panic\u0103.\" \/>\n<meta property=\"og:url\" content=\"https:\/\/medicinasinc.com\/ro\/product\/cumpara-etizolam-pulbere\/\" \/>\n<meta property=\"og:site_name\" content=\"Medicinas Inc\" \/>\n<meta property=\"article:modified_time\" content=\"2022-03-22T00:56:24+00:00\" \/>\n<meta property=\"og:image\" content=\"https:\/\/medicinasinc.com\/ro\/wp-content\/uploads\/sites\/11\/2022\/02\/Buy_Etizolam_powder.jpg\" \/>\n\t<meta property=\"og:image:width\" content=\"500\" \/>\n\t<meta property=\"og:image:height\" content=\"500\" \/>\n\t<meta property=\"og:image:type\" content=\"image\/jpeg\" \/>\n<meta name=\"twitter:card\" content=\"summary_large_image\" \/>\n<meta name=\"twitter:label1\" content=\"Est. reading time\" \/>\n\t<meta name=\"twitter:data1\" content=\"3 minutes\" \/>\n<script type=\"application\/ld+json\" class=\"yoast-schema-graph\">{\"@context\":\"https:\\\/\\\/schema.org\",\"@graph\":[{\"@type\":\"WebPage\",\"@id\":\"https:\\\/\\\/medicinasinc.com\\\/ro\\\/product\\\/cumpara-etizolam-pulbere\\\/\",\"url\":\"https:\\\/\\\/medicinasinc.com\\\/ro\\\/product\\\/cumpara-etizolam-pulbere\\\/\",\"name\":\"Cump\u0103ra\u021bi Etizolam pudr\u0103 - Etizolam powder Europe- Best Global Meds\",\"isPartOf\":{\"@id\":\"https:\\\/\\\/medicinasinc.com\\\/ro\\\/#website\"},\"primaryImageOfPage\":{\"@id\":\"https:\\\/\\\/medicinasinc.com\\\/ro\\\/product\\\/cumpara-etizolam-pulbere\\\/#primaryimage\"},\"image\":{\"@id\":\"https:\\\/\\\/medicinasinc.com\\\/ro\\\/product\\\/cumpara-etizolam-pulbere\\\/#primaryimage\"},\"thumbnailUrl\":\"https:\\\/\\\/medicinasinc.com\\\/ro\\\/wp-content\\\/uploads\\\/sites\\\/11\\\/2022\\\/02\\\/Buy_Etizolam_powder.jpg\",\"datePublished\":\"2022-02-22T00:36:43+00:00\",\"dateModified\":\"2022-03-22T00:56:24+00:00\",\"description\":\"Cump\u0103ra\u021bi pulbere de Etizolam de v\u00e2nzare \u00een Marea Britanie, UE, Europa\u00a0disponibil\u0103 la cel mai mic pre\u021b. Pudra de etizolam este utilizat\u0103 ca medicament pentru a trata anxietatea, insomnia \u0219i atacurile de panic\u0103.\",\"breadcrumb\":{\"@id\":\"https:\\\/\\\/medicinasinc.com\\\/ro\\\/product\\\/cumpara-etizolam-pulbere\\\/#breadcrumb\"},\"inLanguage\":\"en-US\",\"potentialAction\":[{\"@type\":\"ReadAction\",\"target\":[\"https:\\\/\\\/medicinasinc.com\\\/ro\\\/product\\\/cumpara-etizolam-pulbere\\\/\"]}]},{\"@type\":\"ImageObject\",\"inLanguage\":\"en-US\",\"@id\":\"https:\\\/\\\/medicinasinc.com\\\/ro\\\/product\\\/cumpara-etizolam-pulbere\\\/#primaryimage\",\"url\":\"https:\\\/\\\/medicinasinc.com\\\/ro\\\/wp-content\\\/uploads\\\/sites\\\/11\\\/2022\\\/02\\\/Buy_Etizolam_powder.jpg\",\"contentUrl\":\"https:\\\/\\\/medicinasinc.com\\\/ro\\\/wp-content\\\/uploads\\\/sites\\\/11\\\/2022\\\/02\\\/Buy_Etizolam_powder.jpg\",\"width\":500,\"height\":500},{\"@type\":\"BreadcrumbList\",\"@id\":\"https:\\\/\\\/medicinasinc.com\\\/ro\\\/product\\\/cumpara-etizolam-pulbere\\\/#breadcrumb\",\"itemListElement\":[{\"@type\":\"ListItem\",\"position\":1,\"name\":\"Magazin\",\"item\":\"https:\\\/\\\/medicinasinc.com\\\/ro\\\/magazin\\\/\"},{\"@type\":\"ListItem\",\"position\":2,\"name\":\"Cump\u0103ra\u021bi Etizolam pudr\u0103\"}]},{\"@type\":\"WebSite\",\"@id\":\"https:\\\/\\\/medicinasinc.com\\\/ro\\\/#website\",\"url\":\"https:\\\/\\\/medicinasinc.com\\\/ro\\\/\",\"name\":\"Medicinas Inc\",\"description\":\"Health Medical Clinic\",\"potentialAction\":[{\"@type\":\"SearchAction\",\"target\":{\"@type\":\"EntryPoint\",\"urlTemplate\":\"https:\\\/\\\/medicinasinc.com\\\/ro\\\/?s={search_term_string}\"},\"query-input\":{\"@type\":\"PropertyValueSpecification\",\"valueRequired\":true,\"valueName\":\"search_term_string\"}}],\"inLanguage\":\"en-US\"}]}<\/script>\n<!-- \/ Yoast SEO plugin. -->","yoast_head_json":{"title":"Cump\u0103ra\u021bi Etizolam pudr\u0103 - Etizolam powder Europe- Best Global Meds","description":"Cump\u0103ra\u021bi pulbere de Etizolam de v\u00e2nzare \u00een Marea Britanie, UE, Europa\u00a0disponibil\u0103 la cel mai mic pre\u021b. Pudra de etizolam este utilizat\u0103 ca medicament pentru a trata anxietatea, insomnia \u0219i atacurile de panic\u0103.","robots":{"index":"index","follow":"follow","max-snippet":"max-snippet:-1","max-image-preview":"max-image-preview:large","max-video-preview":"max-video-preview:-1"},"canonical":"https:\/\/medicinasinc.com\/ro\/product\/cumpara-etizolam-pulbere\/","og_locale":"en_US","og_type":"article","og_title":"Cump\u0103ra\u021bi Etizolam pudr\u0103 - Etizolam powder Europe- Best Global Meds","og_description":"Cump\u0103ra\u021bi pulbere de Etizolam de v\u00e2nzare \u00een Marea Britanie, UE, Europa\u00a0disponibil\u0103 la cel mai mic pre\u021b. Pudra de etizolam este utilizat\u0103 ca medicament pentru a trata anxietatea, insomnia \u0219i atacurile de panic\u0103.","og_url":"https:\/\/medicinasinc.com\/ro\/product\/cumpara-etizolam-pulbere\/","og_site_name":"Medicinas Inc","article_modified_time":"2022-03-22T00:56:24+00:00","og_image":[{"width":500,"height":500,"url":"https:\/\/medicinasinc.com\/ro\/wp-content\/uploads\/sites\/11\/2022\/02\/Buy_Etizolam_powder.jpg","type":"image\/jpeg"}],"twitter_card":"summary_large_image","twitter_misc":{"Est. reading time":"3 minutes"},"schema":{"@context":"https:\/\/schema.org","@graph":[{"@type":"WebPage","@id":"https:\/\/medicinasinc.com\/ro\/product\/cumpara-etizolam-pulbere\/","url":"https:\/\/medicinasinc.com\/ro\/product\/cumpara-etizolam-pulbere\/","name":"Cump\u0103ra\u021bi Etizolam pudr\u0103 - Etizolam powder Europe- Best Global Meds","isPartOf":{"@id":"https:\/\/medicinasinc.com\/ro\/#website"},"primaryImageOfPage":{"@id":"https:\/\/medicinasinc.com\/ro\/product\/cumpara-etizolam-pulbere\/#primaryimage"},"image":{"@id":"https:\/\/medicinasinc.com\/ro\/product\/cumpara-etizolam-pulbere\/#primaryimage"},"thumbnailUrl":"https:\/\/medicinasinc.com\/ro\/wp-content\/uploads\/sites\/11\/2022\/02\/Buy_Etizolam_powder.jpg","datePublished":"2022-02-22T00:36:43+00:00","dateModified":"2022-03-22T00:56:24+00:00","description":"Cump\u0103ra\u021bi pulbere de Etizolam de v\u00e2nzare \u00een Marea Britanie, UE, Europa\u00a0disponibil\u0103 la cel mai mic pre\u021b. Pudra de etizolam este utilizat\u0103 ca medicament pentru a trata anxietatea, insomnia \u0219i atacurile de panic\u0103.","breadcrumb":{"@id":"https:\/\/medicinasinc.com\/ro\/product\/cumpara-etizolam-pulbere\/#breadcrumb"},"inLanguage":"en-US","potentialAction":[{"@type":"ReadAction","target":["https:\/\/medicinasinc.com\/ro\/product\/cumpara-etizolam-pulbere\/"]}]},{"@type":"ImageObject","inLanguage":"en-US","@id":"https:\/\/medicinasinc.com\/ro\/product\/cumpara-etizolam-pulbere\/#primaryimage","url":"https:\/\/medicinasinc.com\/ro\/wp-content\/uploads\/sites\/11\/2022\/02\/Buy_Etizolam_powder.jpg","contentUrl":"https:\/\/medicinasinc.com\/ro\/wp-content\/uploads\/sites\/11\/2022\/02\/Buy_Etizolam_powder.jpg","width":500,"height":500},{"@type":"BreadcrumbList","@id":"https:\/\/medicinasinc.com\/ro\/product\/cumpara-etizolam-pulbere\/#breadcrumb","itemListElement":[{"@type":"ListItem","position":1,"name":"Magazin","item":"https:\/\/medicinasinc.com\/ro\/magazin\/"},{"@type":"ListItem","position":2,"name":"Cump\u0103ra\u021bi Etizolam pudr\u0103"}]},{"@type":"WebSite","@id":"https:\/\/medicinasinc.com\/ro\/#website","url":"https:\/\/medicinasinc.com\/ro\/","name":"Medicinas Inc","description":"Health Medical Clinic","potentialAction":[{"@type":"SearchAction","target":{"@type":"EntryPoint","urlTemplate":"https:\/\/medicinasinc.com\/ro\/?s={search_term_string}"},"query-input":{"@type":"PropertyValueSpecification","valueRequired":true,"valueName":"search_term_string"}}],"inLanguage":"en-US"}]}},"_links":{"self":[{"href":"https:\/\/medicinasinc.com\/ro\/wp-json\/wp\/v2\/product\/5497","targetHints":{"allow":["GET"]}}],"collection":[{"href":"https:\/\/medicinasinc.com\/ro\/wp-json\/wp\/v2\/product"}],"about":[{"href":"https:\/\/medicinasinc.com\/ro\/wp-json\/wp\/v2\/types\/product"}],"replies":[{"embeddable":true,"href":"https:\/\/medicinasinc.com\/ro\/wp-json\/wp\/v2\/comments?post=5497"}],"wp:featuredmedia":[{"embeddable":true,"href":"https:\/\/medicinasinc.com\/ro\/wp-json\/wp\/v2\/media\/5509"}],"wp:attachment":[{"href":"https:\/\/medicinasinc.com\/ro\/wp-json\/wp\/v2\/media?parent=5497"}],"wp:term":[{"taxonomy":"product_brand","embeddable":true,"href":"https:\/\/medicinasinc.com\/ro\/wp-json\/wp\/v2\/product_brand?post=5497"},{"taxonomy":"product_cat","embeddable":true,"href":"https:\/\/medicinasinc.com\/ro\/wp-json\/wp\/v2\/product_cat?post=5497"},{"taxonomy":"product_tag","embeddable":true,"href":"https:\/\/medicinasinc.com\/ro\/wp-json\/wp\/v2\/product_tag?post=5497"}],"curies":[{"name":"wp","href":"https:\/\/api.w.org\/{rel}","templated":true}]}}