{"id":5496,"date":"2022-02-22T00:34:51","date_gmt":"2022-02-22T00:34:51","guid":{"rendered":"https:\/\/medicinasinc.com\/ro\/?post_type=product&#038;p=5496"},"modified":"2022-03-22T00:56:34","modified_gmt":"2022-03-22T00:56:34","slug":"cumpara-fentanil-citrat-injectie","status":"publish","type":"product","link":"https:\/\/medicinasinc.com\/ro\/product\/cumpara-fentanil-citrat-injectie\/","title":{"rendered":"Cump\u0103ra\u021bi injec\u021bie cu citrat de fentanil"},"content":{"rendered":"<p>Con\u021bine un citrat de fentanil echivalent cu o doz\u0103 de 50 micrograme pe mililitru.<\/p>\n<p>Citratul de fentanil, 100 micrograme per fiol\u0103 de 2 ml, este ingredientul activ din fiecare fiol\u0103.<\/p>\n<p> Aproximativ 500 micrograme de fentanil citrat sunt con\u021binute \u00een fiecare fiol\u0103 de 10 ml.<\/p>\n<p>Citrat de fentanil, 2500 micrograme per flacon, este con\u021binut \u00een fiecare flacon.<\/p>\n<p>&nbsp;<\/p>\n<p> Urm\u0103toarele sunt \u00een acest medicament:<\/p>\n<p>\u2022 Fiecare fiol\u0103 de 2 ml con\u021bine 7,1 mg (sau 0,31 mmol) de sodiu, ceea ce o face practic \u201ef\u0103r\u0103 sodiu\u201d.<\/p>\n<p>Fiecare fiol\u0103 de 10 ml con\u021bine 35,4 mg (sau 1,54 mmol) de sodiu, ceea ce este similar cu 2% din doza zilnic\u0103 maxim\u0103 recomandat\u0103 de OMS pentru un adult de 2 g de sodiu.<\/p>\n<p>9% din consumul zilnic maxim recomandat de Organiza\u021bia Mondial\u0103 a S\u0103n\u0103t\u0103\u021bii. de 2 grame de sodiu pentru un adult se g\u0103se\u0219te \u00eentr-un flacon de 50 ml care con\u021bine 177 mg de sodiu.<\/p>\n<p>Fentanilul analgezic opioid este utilizat:<\/p>\n<p>&#8211; \u00een doze modeste pentru proceduri chirurgicale scurte pentru furnizeaz\u0103 analgezic<\/p>\n<p>\u00een timpul vie\u021bii &#8211; salvarea tratamentului pentru pacien\u021bii dependen\u021bi de ventilatoare<\/p>\n<p>folosind neuroleptice ca parte a abord\u0103rii neuroleptanalgeziei<\/p>\n<p>simptomele dureroase ale infarctului miocardic pot fi ameliorate prin utilizarea opioidelor<\/p>\n<p>Discuta\u021bi cu pacien\u021bii necesitatea unei strategii de \u00eencheiere a tratamentului cu fentanil \u00eenainte de a \u00eencepe tratamentul cu opioide, pentru a minimiza riscul de dependen\u021b\u0103 \u0219i sindrom de sevraj (vezi pct. 4.4).<\/p>\n<p>Bolus sau perfuzie intravenoas\u0103 administrare.<\/p>\n<p>Injec\u021bie subcutanat\u0103.<\/p>\n<p>At\u00e2ta timp c\u00e2t c\u0103ile respiratorii ale pacientului pot fi reglate, fentanilul trebuie administrat numai \u00eentr-un mediu controlat (vezi pct. 4.4 Aten\u021bion\u0103ri \u0219i precau\u021bii speciale pentru utilizare). <\/p>\n<p>Se sugereaz\u0103 ca o doz\u0103 scurt\u0103 intravenoas\u0103 de anticolinergic s\u0103 fie administrat\u0103 chiar \u00eenainte de inducerea anesteziei pentru a evita bradicardia.<\/p>\n<p>Se recomand\u0103 purtarea m\u0103nu\u0219ilor \u00een timpul deschiderii fiolei.<\/p>\n","protected":false},"excerpt":{"rendered":"<p>Cump\u0103ra\u021bi Citrat de Fentanil Injec\u021bie 50 micrograme\/ml Injec\u021bie de v\u00e2nzare de la cele mai bune laboratoare de cercetare din Marea Britanie, Europa, China, UE. Livrare discret\u0103 pentru toate comenzile cu garan\u021bie de 100%, Comanda\u021bi Fentanyl 50ml<\/p>\n<p>Achizi\u021biona\u021bi 50 micrograme\/ml Fentanil Citrat injectabil de la cele mai importante laboratoare de cercetare din Marea Britanie, Europa, China \u0219i UE. Comanda\u021bi fentanil 50 mg cu deplin\u0103 \u00eencredere \u0219tiind c\u0103 pachetul dvs. va ajunge discret.<\/p>\n<p>Injectarea de fentanil 50 micrograme\/ml.<br \/> Injec\u021bie de fentanil, 100 micrograme \u00een 2 mililitri de lichid<br \/> Injec\u021bie de Fentanil 250 micrograme\/ml.<br \/> Injec\u021bie de fentanil 500 micrograme\/10ml<br \/> Injec\u021bie de fentanil 1000 micrograme\/20ml<br \/> Injec\u021bie de fentanil 2500 micrograme\/50 ml<\/p>\n<p>Con\u021bine un Citrat de fentanil echivalent cu o doz\u0103 de 50 micrograme pe mililitru.<\/p>\n<p>Citratul de fentanil, 100 micrograme per fiol\u0103 de 2 ml, este ingredientul activ din fiecare fiol\u0103.<\/p>\n<p>Aproximativ 500 micrograme de citrat de fentanil sunt con\u021binute \u00een fiecare fiol\u0103 de 10 ml.<\/p>\n<p>Citrat de fentanil, 2500 micrograme per flacon, este con\u021binut \u00een fiecare flacon.<\/p>\n","protected":false},"featured_media":5507,"comment_status":"open","ping_status":"closed","template":"","meta":[],"product_brand":[],"product_cat":[2014],"product_tag":[2869,2870,2871,2872,2877,2878,2879,2892,2893,2891,2890,2867,2873,2876,2875,2868,2874,2897,2895,2896,2880,2881,2882,2884,2886,2887,2883,2885,2888,2889,2894],"class_list":{"0":"post-5496","1":"product","2":"type-product","3":"status-publish","4":"has-post-thumbnail","6":"product_cat-cumprare-cercetare-chimice","7":"product_tag-buy-fentanyl-1000-microgram-20ml-injection","8":"product_tag-buy-fentanyl-1000-microgram-20ml-injection-online","9":"product_tag-buy-fentanyl-250-microgram-5ml-injection","10":"product_tag-buy-fentanyl-250-microgram-5ml-injection-online","11":"product_tag-buy-fentanyl-500-microgram-10ml-injection-online","12":"product_tag-buy-fentanyl-citrate-injection","13":"product_tag-buy-fentanyl-citrate-injection-online","14":"product_tag-comanda-fentanil-citrat-injectare","15":"product_tag-comanda-fentanil-citrat-injectare-online","16":"product_tag-cum-se-comand-injectare-citrat-fentanil-online","17":"product_tag-cum-se-cumpr-injectare-fentanil-citrat-online","18":"product_tag-cumpr-fentanil-100-micrograme-2ml-injecie","19":"product_tag-cumpr-fentanil-2500-micrograme-50ml-injecie","20":"product_tag-cumpr-fentanil-500-micrograme-10ml-injecie","21":"product_tag-cumprai-fentanil-50-micrograme-ml-injectare-online","22":"product_tag-cumpara-fentanil-100-micrograme-2ml-injectabil-online","23":"product_tag-cumpara-fentanil-2500-micrograme-50ml-injectabil-online","24":"product_tag-unde-a-comanda-injectare-citrat-fentanil-online","25":"product_tag-de-unde-s-cumpr-injecie-cu-citrat-de-fentanil","26":"product_tag-unde-se-cumpr-injectare-citrat-de-fentanil-online","27":"product_tag-fentanil-100-micrograme-2ml-injectabil","28":"product_tag-fentanil-1000-micrograme-20ml-injectabil","29":"product_tag-fentanil-250-micrograme-5ml-injectabil","30":"product_tag-fentanil-50-micrograme-ml-injectabil","31":"product_tag-fentanil-50-micrograme-ml-soluie-injectabil","32":"product_tag-fentanil-500-micrograme-10ml-injectabil","33":"product_tag-fentanyl-2500-microgram-50ml-injection","34":"product_tag-fentanyl-50-micrograms-ml-injection","35":"product_tag-fentanil-citrat-injectare","36":"product_tag-fentanil-citrat-injectare-preturi","37":"product_tag-preuri-injecie-cu-citrat-de-fentanil","39":"first","40":"instock","41":"shipping-taxable","42":"purchasable","43":"product-type-variable"},"yoast_head":"<!-- This site is optimized with the Yoast SEO plugin v27.3 - https:\/\/yoast.com\/product\/yoast-seo-wordpress\/ -->\n<title>Cump\u0103ra\u021bi injec\u021bie cu citrat de fentanil - Cele mai bune medicamente globale<\/title>\n<meta name=\"description\" content=\"Cump\u0103ra\u021bi Citrat de Fentanil Injec\u021bie 50 micrograme\/ml Injec\u021bie de v\u00e2nzare de la cele mai bune laboratoare de cercetare din Marea Britanie, Europa, China, UE. Livrare discret\u0103 la toate comenzile 0 garan\u021bie, Comanda\u021bi Fentanyl 50ml\" \/>\n<meta name=\"robots\" content=\"index, follow, max-snippet:-1, max-image-preview:large, max-video-preview:-1\" \/>\n<link rel=\"canonical\" href=\"https:\/\/medicinasinc.com\/ro\/product\/cumpara-fentanil-citrat-injectie\/\" \/>\n<meta property=\"og:locale\" content=\"en_US\" \/>\n<meta property=\"og:type\" content=\"article\" \/>\n<meta property=\"og:title\" content=\"Cump\u0103ra\u021bi injec\u021bie cu citrat de fentanil - Cele mai bune medicamente globale\" \/>\n<meta property=\"og:description\" content=\"Cump\u0103ra\u021bi Citrat de Fentanil Injec\u021bie 50 micrograme\/ml Injec\u021bie de v\u00e2nzare de la cele mai bune laboratoare de cercetare din Marea Britanie, Europa, China, UE. Livrare discret\u0103 la toate comenzile 0 garan\u021bie, Comanda\u021bi Fentanyl 50ml\" \/>\n<meta property=\"og:url\" content=\"https:\/\/medicinasinc.com\/ro\/product\/cumpara-fentanil-citrat-injectie\/\" \/>\n<meta property=\"og:site_name\" content=\"Medicinas Inc\" \/>\n<meta property=\"article:modified_time\" content=\"2022-03-22T00:56:34+00:00\" \/>\n<meta property=\"og:image\" content=\"https:\/\/medicinasinc.com\/ro\/wp-content\/uploads\/sites\/11\/2022\/02\/Fentanyl-50-microgram.jpg\" \/>\n\t<meta property=\"og:image:width\" content=\"1996\" \/>\n\t<meta property=\"og:image:height\" content=\"1128\" \/>\n\t<meta property=\"og:image:type\" content=\"image\/jpeg\" \/>\n<meta name=\"twitter:card\" content=\"summary_large_image\" \/>\n<meta name=\"twitter:label1\" content=\"Est. reading time\" \/>\n\t<meta name=\"twitter:data1\" content=\"2 minutes\" \/>\n<script type=\"application\/ld+json\" class=\"yoast-schema-graph\">{\"@context\":\"https:\\\/\\\/schema.org\",\"@graph\":[{\"@type\":\"WebPage\",\"@id\":\"https:\\\/\\\/medicinasinc.com\\\/ro\\\/product\\\/cumpara-fentanil-citrat-injectie\\\/\",\"url\":\"https:\\\/\\\/medicinasinc.com\\\/ro\\\/product\\\/cumpara-fentanil-citrat-injectie\\\/\",\"name\":\"Cump\u0103ra\u021bi injec\u021bie cu citrat de fentanil - Cele mai bune medicamente globale\",\"isPartOf\":{\"@id\":\"https:\\\/\\\/medicinasinc.com\\\/ro\\\/#website\"},\"primaryImageOfPage\":{\"@id\":\"https:\\\/\\\/medicinasinc.com\\\/ro\\\/product\\\/cumpara-fentanil-citrat-injectie\\\/#primaryimage\"},\"image\":{\"@id\":\"https:\\\/\\\/medicinasinc.com\\\/ro\\\/product\\\/cumpara-fentanil-citrat-injectie\\\/#primaryimage\"},\"thumbnailUrl\":\"https:\\\/\\\/medicinasinc.com\\\/ro\\\/wp-content\\\/uploads\\\/sites\\\/11\\\/2022\\\/02\\\/Fentanyl-50-microgram.jpg\",\"datePublished\":\"2022-02-22T00:34:51+00:00\",\"dateModified\":\"2022-03-22T00:56:34+00:00\",\"description\":\"Cump\u0103ra\u021bi Citrat de Fentanil Injec\u021bie 50 micrograme\\\/ml Injec\u021bie de v\u00e2nzare de la cele mai bune laboratoare de cercetare din Marea Britanie, Europa, China, UE. Livrare discret\u0103 la toate comenzile 0 garan\u021bie, Comanda\u021bi Fentanyl 50ml\",\"breadcrumb\":{\"@id\":\"https:\\\/\\\/medicinasinc.com\\\/ro\\\/product\\\/cumpara-fentanil-citrat-injectie\\\/#breadcrumb\"},\"inLanguage\":\"en-US\",\"potentialAction\":[{\"@type\":\"ReadAction\",\"target\":[\"https:\\\/\\\/medicinasinc.com\\\/ro\\\/product\\\/cumpara-fentanil-citrat-injectie\\\/\"]}]},{\"@type\":\"ImageObject\",\"inLanguage\":\"en-US\",\"@id\":\"https:\\\/\\\/medicinasinc.com\\\/ro\\\/product\\\/cumpara-fentanil-citrat-injectie\\\/#primaryimage\",\"url\":\"https:\\\/\\\/medicinasinc.com\\\/ro\\\/wp-content\\\/uploads\\\/sites\\\/11\\\/2022\\\/02\\\/Fentanyl-50-microgram.jpg\",\"contentUrl\":\"https:\\\/\\\/medicinasinc.com\\\/ro\\\/wp-content\\\/uploads\\\/sites\\\/11\\\/2022\\\/02\\\/Fentanyl-50-microgram.jpg\",\"width\":1996,\"height\":1128},{\"@type\":\"BreadcrumbList\",\"@id\":\"https:\\\/\\\/medicinasinc.com\\\/ro\\\/product\\\/cumpara-fentanil-citrat-injectie\\\/#breadcrumb\",\"itemListElement\":[{\"@type\":\"ListItem\",\"position\":1,\"name\":\"Magazin\",\"item\":\"https:\\\/\\\/medicinasinc.com\\\/ro\\\/magazin\\\/\"},{\"@type\":\"ListItem\",\"position\":2,\"name\":\"Cump\u0103ra\u021bi injec\u021bie cu citrat de fentanil\"}]},{\"@type\":\"WebSite\",\"@id\":\"https:\\\/\\\/medicinasinc.com\\\/ro\\\/#website\",\"url\":\"https:\\\/\\\/medicinasinc.com\\\/ro\\\/\",\"name\":\"Medicinas Inc\",\"description\":\"Health Medical Clinic\",\"potentialAction\":[{\"@type\":\"SearchAction\",\"target\":{\"@type\":\"EntryPoint\",\"urlTemplate\":\"https:\\\/\\\/medicinasinc.com\\\/ro\\\/?s={search_term_string}\"},\"query-input\":{\"@type\":\"PropertyValueSpecification\",\"valueRequired\":true,\"valueName\":\"search_term_string\"}}],\"inLanguage\":\"en-US\"}]}<\/script>\n<!-- \/ Yoast SEO plugin. -->","yoast_head_json":{"title":"Cump\u0103ra\u021bi injec\u021bie cu citrat de fentanil - Cele mai bune medicamente globale","description":"Cump\u0103ra\u021bi Citrat de Fentanil Injec\u021bie 50 micrograme\/ml Injec\u021bie de v\u00e2nzare de la cele mai bune laboratoare de cercetare din Marea Britanie, Europa, China, UE. Livrare discret\u0103 la toate comenzile 0 garan\u021bie, Comanda\u021bi Fentanyl 50ml","robots":{"index":"index","follow":"follow","max-snippet":"max-snippet:-1","max-image-preview":"max-image-preview:large","max-video-preview":"max-video-preview:-1"},"canonical":"https:\/\/medicinasinc.com\/ro\/product\/cumpara-fentanil-citrat-injectie\/","og_locale":"en_US","og_type":"article","og_title":"Cump\u0103ra\u021bi injec\u021bie cu citrat de fentanil - Cele mai bune medicamente globale","og_description":"Cump\u0103ra\u021bi Citrat de Fentanil Injec\u021bie 50 micrograme\/ml Injec\u021bie de v\u00e2nzare de la cele mai bune laboratoare de cercetare din Marea Britanie, Europa, China, UE. Livrare discret\u0103 la toate comenzile 0 garan\u021bie, Comanda\u021bi Fentanyl 50ml","og_url":"https:\/\/medicinasinc.com\/ro\/product\/cumpara-fentanil-citrat-injectie\/","og_site_name":"Medicinas Inc","article_modified_time":"2022-03-22T00:56:34+00:00","og_image":[{"width":1996,"height":1128,"url":"https:\/\/medicinasinc.com\/ro\/wp-content\/uploads\/sites\/11\/2022\/02\/Fentanyl-50-microgram.jpg","type":"image\/jpeg"}],"twitter_card":"summary_large_image","twitter_misc":{"Est. reading time":"2 minutes"},"schema":{"@context":"https:\/\/schema.org","@graph":[{"@type":"WebPage","@id":"https:\/\/medicinasinc.com\/ro\/product\/cumpara-fentanil-citrat-injectie\/","url":"https:\/\/medicinasinc.com\/ro\/product\/cumpara-fentanil-citrat-injectie\/","name":"Cump\u0103ra\u021bi injec\u021bie cu citrat de fentanil - Cele mai bune medicamente globale","isPartOf":{"@id":"https:\/\/medicinasinc.com\/ro\/#website"},"primaryImageOfPage":{"@id":"https:\/\/medicinasinc.com\/ro\/product\/cumpara-fentanil-citrat-injectie\/#primaryimage"},"image":{"@id":"https:\/\/medicinasinc.com\/ro\/product\/cumpara-fentanil-citrat-injectie\/#primaryimage"},"thumbnailUrl":"https:\/\/medicinasinc.com\/ro\/wp-content\/uploads\/sites\/11\/2022\/02\/Fentanyl-50-microgram.jpg","datePublished":"2022-02-22T00:34:51+00:00","dateModified":"2022-03-22T00:56:34+00:00","description":"Cump\u0103ra\u021bi Citrat de Fentanil Injec\u021bie 50 micrograme\/ml Injec\u021bie de v\u00e2nzare de la cele mai bune laboratoare de cercetare din Marea Britanie, Europa, China, UE. Livrare discret\u0103 la toate comenzile 0 garan\u021bie, Comanda\u021bi Fentanyl 50ml","breadcrumb":{"@id":"https:\/\/medicinasinc.com\/ro\/product\/cumpara-fentanil-citrat-injectie\/#breadcrumb"},"inLanguage":"en-US","potentialAction":[{"@type":"ReadAction","target":["https:\/\/medicinasinc.com\/ro\/product\/cumpara-fentanil-citrat-injectie\/"]}]},{"@type":"ImageObject","inLanguage":"en-US","@id":"https:\/\/medicinasinc.com\/ro\/product\/cumpara-fentanil-citrat-injectie\/#primaryimage","url":"https:\/\/medicinasinc.com\/ro\/wp-content\/uploads\/sites\/11\/2022\/02\/Fentanyl-50-microgram.jpg","contentUrl":"https:\/\/medicinasinc.com\/ro\/wp-content\/uploads\/sites\/11\/2022\/02\/Fentanyl-50-microgram.jpg","width":1996,"height":1128},{"@type":"BreadcrumbList","@id":"https:\/\/medicinasinc.com\/ro\/product\/cumpara-fentanil-citrat-injectie\/#breadcrumb","itemListElement":[{"@type":"ListItem","position":1,"name":"Magazin","item":"https:\/\/medicinasinc.com\/ro\/magazin\/"},{"@type":"ListItem","position":2,"name":"Cump\u0103ra\u021bi injec\u021bie cu citrat de fentanil"}]},{"@type":"WebSite","@id":"https:\/\/medicinasinc.com\/ro\/#website","url":"https:\/\/medicinasinc.com\/ro\/","name":"Medicinas Inc","description":"Health Medical Clinic","potentialAction":[{"@type":"SearchAction","target":{"@type":"EntryPoint","urlTemplate":"https:\/\/medicinasinc.com\/ro\/?s={search_term_string}"},"query-input":{"@type":"PropertyValueSpecification","valueRequired":true,"valueName":"search_term_string"}}],"inLanguage":"en-US"}]}},"_links":{"self":[{"href":"https:\/\/medicinasinc.com\/ro\/wp-json\/wp\/v2\/product\/5496","targetHints":{"allow":["GET"]}}],"collection":[{"href":"https:\/\/medicinasinc.com\/ro\/wp-json\/wp\/v2\/product"}],"about":[{"href":"https:\/\/medicinasinc.com\/ro\/wp-json\/wp\/v2\/types\/product"}],"replies":[{"embeddable":true,"href":"https:\/\/medicinasinc.com\/ro\/wp-json\/wp\/v2\/comments?post=5496"}],"wp:featuredmedia":[{"embeddable":true,"href":"https:\/\/medicinasinc.com\/ro\/wp-json\/wp\/v2\/media\/5507"}],"wp:attachment":[{"href":"https:\/\/medicinasinc.com\/ro\/wp-json\/wp\/v2\/media?parent=5496"}],"wp:term":[{"taxonomy":"product_brand","embeddable":true,"href":"https:\/\/medicinasinc.com\/ro\/wp-json\/wp\/v2\/product_brand?post=5496"},{"taxonomy":"product_cat","embeddable":true,"href":"https:\/\/medicinasinc.com\/ro\/wp-json\/wp\/v2\/product_cat?post=5496"},{"taxonomy":"product_tag","embeddable":true,"href":"https:\/\/medicinasinc.com\/ro\/wp-json\/wp\/v2\/product_tag?post=5496"}],"curies":[{"name":"wp","href":"https:\/\/api.w.org\/{rel}","templated":true}]}}