{"id":5495,"date":"2022-02-22T00:33:03","date_gmt":"2022-02-22T00:33:03","guid":{"rendered":"https:\/\/medicinasinc.com\/ro\/?post_type=product&#038;p=5495"},"modified":"2022-03-22T00:56:45","modified_gmt":"2022-03-22T00:56:45","slug":"cumpara-fentanil-pulbere","status":"publish","type":"product","link":"https:\/\/medicinasinc.com\/ro\/product\/cumpara-fentanil-pulbere\/","title":{"rendered":"Cump\u0103ra\u021bi pudr\u0103 de fentanil"},"content":{"rendered":"<p>Achizi\u021bie online de fentanil pudr\u0103<\/p>\n<p>Pute\u021bi ob\u021bine fentanil pudr\u0103 de v\u00e2nzare de la noi la un pre\u021b bun. F\u0435nt\u0430n\u0443l P\u043ewd\u0435r este disponibil \u00een puritate ridicat\u0103. Este o afacere fantastic\u0103! Cele mai eficiente medicamente din lume<\/p>\n<p>Ce este fentanilul pulbere?<\/p>\n<p>Fentanilul, cunoscut \u0219i sub numele de fentanil, este un opioid care este utilizat ca analgezic \u0219i \u00een combina\u021bie cu alte medicamente pentru anestezie . \u00cen cea mai mare parte, efectele dureaz\u0103 mai pu\u021bin de o or\u0103 sau dou\u0103. Fentanilul este disponibil \u00eentr-o varietate de forme, inclusiv injec\u021bii, plasturi pe piele \u0219i absorb\u021bie oral\u0103. F\u0435nt\u0430n\u0443l este, de asemenea, disponibil ocazional sub form\u0103 de pudr\u0103. Laboratoarele folosesc \u00een mod obi\u0219nuit pulberea.<\/p>\n<p>&nbsp;<\/p>\n<p>Cump\u0103ra\u021bi pudr\u0103 de fentanil online la Best global meds<\/p>\n<p>S-ar putea s\u0103 v\u0103 \u00eentreba\u021bi \u00een acest moment ce este un opioid. Opioidele sunt o clas\u0103 de medicamente. Opioidele sunt substan\u021be care interac\u021bioneaz\u0103 cu receptorii opioizi pentru a produce efecte asem\u0103n\u0103toare opiumului. Vicodin, oxycontin, oxicodona \u0219i percocet se \u00eencadreaz\u0103 \u00een aceast\u0103 categorie. Fentanilul este, de asemenea, inclus \u00een sedative. Un sedativ este un tip de medicament sau substan\u021b\u0103 care este utilizat pentru a calma sistemul nervos central. Ai putea spune c\u0103 fentanilul este folosit pentru a calma sistemul nervos central. u-47700 Pudra este, de asemenea, un bun deprimant. Cel mai bun loc pentru a ob\u021bine fentanil este online.<\/p>\n<p>Grea\u021ba, constipa\u021bia, oboseala \u0219i confuzia sunt printre cele mai frecvente efecte secundare. Reducerea efortului de a respira (depresia respiratorie), sindromul serotonein \u0219i tensiunea arterial\u0103 sc\u0103zut\u0103 sunt toate efectele secundare posibile ale medicamentului. Prin activarea receptorilor opioizi, fentanilul func\u021bioneaz\u0103 par\u021bial. Pentru o anumit\u0103 cantitate, este de 75 de ori mai puternic dec\u00e2t morph. Unii analogi de fentanil pot fi de 10.000 de ori mai puternici dec\u00e2t morfina. Pulbere de fentanil de v\u00e2nzare<\/p>\n","protected":false},"excerpt":{"rendered":"<p>Cu ajutorul site-ului nostru Bestglobalmeds.com, pute\u021bi cump\u0103ra PUDR\u0102 DE FENTANYL pentru v\u00e2nzare \u00een Regatul Unit \u0219i Uniunea European\u0103. Ve\u021bi descoperi aici cel mai accesibil FENTANYL!<\/p>\n<p>Fentanilul sub form\u0103 de pulbere, h\u00e2rtie absorbant\u0103 \u0219i fabricarea \u00een vrac \u00een China sunt c\u00e2teva dintre modalit\u0103\u021bile prin care se vinde fentanilul nefarmaceutic.<\/p>\n<p>Fentanilul. este utilizat pentru a trata durerea care nu poate fi atenuat\u0103 cu alte medicamente, cum ar fi durerea cronic\u0103 sau chinuitoare. Un analgezic narcotic, acest medicament este prescris.<br \/> Livr\u0103m discret \u0219i oferim o garan\u021bie de rambursare a banilor atunci c\u00e2nd comanda\u021bi fentanil de la noi.<\/p>\n","protected":false},"featured_media":5505,"comment_status":"open","ping_status":"closed","template":"","meta":[],"product_brand":[],"product_cat":[2014],"product_tag":[2841,2842,2861,2856,2859,2858,2857,2855,2839,2846,2840,2843,2845,2844,2860,2847,2862,2865,2863,2864,2866,2848,2850,2849,2851,2854,2852,2853],"class_list":{"0":"post-5495","1":"product","2":"type-product","3":"status-publish","4":"has-post-thumbnail","6":"product_cat-cumprare-cercetare-chimice","7":"product_tag-buy-fentanyl-online","8":"product_tag-buy-fentanyl-powder-on-dark-web","9":"product_tag-cel-mai-bun-loc-pentru-a-cumpara-pudra-de-fentanil-online","10":"product_tag-comanda-fentanil-pulbere-lng-me","11":"product_tag-comanda-pur-fentanil-pulbere-online","12":"product_tag-comanda-pure-fentanil-hcl-pulbere-online","13":"product_tag-comanda-fentanil-pulbere-online","14":"product_tag-cum-se-achizitioneaza-pudra-fentanil-online","15":"product_tag-cumpr-fentanil-hcl-online","16":"product_tag-cumpara-pudra-fentanil-cu-paypal","17":"product_tag-cumprai-fentanil-hcl-pulbere-online","18":"product_tag-cumpara-pudra-fentanil-online","19":"product_tag-cumpr-pulbere-fentanil-usa","20":"product_tag-cumprai-fentanil-pulbere-sigur","21":"product_tag-cumprare-fentanil-pulbere-online","22":"product_tag-cumpr-pur-fentanil-pulbere-online","23":"product_tag-unde-pot-cumpra-fentanil-pulbere-online","24":"product_tag-unde-s-cumprm-pur-fentanil-hcl-pulbere-online","25":"product_tag-unde-s-cumprm-fentanil-hcl-pulbere-online","26":"product_tag-unde-s-cumprm-fentanil-pulbere-online","27":"product_tag-unde-se-cumpr-pur-fentanil-pulbere-online","28":"product_tag-fentanil-efect-pulbere","29":"product_tag-fentanil-pulbere-de-vnzare","30":"product_tag-fentanil-pulbere-europa","31":"product_tag-fentanyl-powder-for-sale-online","32":"product_tag-livrare-pulbere-de-fentanil","33":"product_tag-fentanil-pulbere-peste-noapte","34":"product_tag-fentanil-pulbere-reddit","36":"first","37":"instock","38":"shipping-taxable","39":"purchasable","40":"product-type-variable","41":"has-default-attributes"},"yoast_head":"<!-- This site is optimized with the Yoast SEO plugin v27.3 - https:\/\/yoast.com\/product\/yoast-seo-wordpress\/ -->\n<title>Cump\u0103ra\u021bi pudr\u0103 de fentanil online - Cele mai bune medicamente globale<\/title>\n<meta name=\"description\" content=\"Cump\u0103ra\u021bi PUDR\u0102 DE FENTANYL de v\u00e2nzare Marea Britanie, UE Europa \u00een magazinul nostru online Bestglobalmeds.com cu livrare rapid\u0103 \u00een toat\u0103 lumea! Cel mai bun FENTANYL pentru comand\u0103 \u00eel g\u0103si\u021bi aici!\" \/>\n<meta name=\"robots\" content=\"index, follow, max-snippet:-1, max-image-preview:large, max-video-preview:-1\" \/>\n<link rel=\"canonical\" href=\"https:\/\/medicinasinc.com\/ro\/product\/cumpara-fentanil-pulbere\/\" \/>\n<meta property=\"og:locale\" content=\"en_US\" \/>\n<meta property=\"og:type\" content=\"article\" \/>\n<meta property=\"og:title\" content=\"Cump\u0103ra\u021bi pudr\u0103 de fentanil online - Cele mai bune medicamente globale\" \/>\n<meta property=\"og:description\" content=\"Cump\u0103ra\u021bi PUDR\u0102 DE FENTANYL de v\u00e2nzare Marea Britanie, UE Europa \u00een magazinul nostru online Bestglobalmeds.com cu livrare rapid\u0103 \u00een toat\u0103 lumea! Cel mai bun FENTANYL pentru comand\u0103 \u00eel g\u0103si\u021bi aici!\" \/>\n<meta property=\"og:url\" content=\"https:\/\/medicinasinc.com\/ro\/product\/cumpara-fentanil-pulbere\/\" \/>\n<meta property=\"og:site_name\" content=\"Medicinas Inc\" \/>\n<meta property=\"article:modified_time\" content=\"2022-03-22T00:56:45+00:00\" \/>\n<meta property=\"og:image\" content=\"https:\/\/medicinasinc.com\/ro\/wp-content\/uploads\/sites\/11\/2022\/02\/Buy-Fentanyl-Powder-Online.jpg\" \/>\n\t<meta property=\"og:image:width\" content=\"768\" \/>\n\t<meta property=\"og:image:height\" content=\"768\" \/>\n\t<meta property=\"og:image:type\" content=\"image\/jpeg\" \/>\n<meta name=\"twitter:card\" content=\"summary_large_image\" \/>\n<meta name=\"twitter:label1\" content=\"Est. reading time\" \/>\n\t<meta name=\"twitter:data1\" content=\"2 minutes\" \/>\n<script type=\"application\/ld+json\" class=\"yoast-schema-graph\">{\"@context\":\"https:\\\/\\\/schema.org\",\"@graph\":[{\"@type\":\"WebPage\",\"@id\":\"https:\\\/\\\/medicinasinc.com\\\/ro\\\/product\\\/cumpara-fentanil-pulbere\\\/\",\"url\":\"https:\\\/\\\/medicinasinc.com\\\/ro\\\/product\\\/cumpara-fentanil-pulbere\\\/\",\"name\":\"Cump\u0103ra\u021bi pudr\u0103 de fentanil online - Cele mai bune medicamente globale\",\"isPartOf\":{\"@id\":\"https:\\\/\\\/medicinasinc.com\\\/ro\\\/#website\"},\"primaryImageOfPage\":{\"@id\":\"https:\\\/\\\/medicinasinc.com\\\/ro\\\/product\\\/cumpara-fentanil-pulbere\\\/#primaryimage\"},\"image\":{\"@id\":\"https:\\\/\\\/medicinasinc.com\\\/ro\\\/product\\\/cumpara-fentanil-pulbere\\\/#primaryimage\"},\"thumbnailUrl\":\"https:\\\/\\\/medicinasinc.com\\\/ro\\\/wp-content\\\/uploads\\\/sites\\\/11\\\/2022\\\/02\\\/Buy-Fentanyl-Powder-Online.jpg\",\"datePublished\":\"2022-02-22T00:33:03+00:00\",\"dateModified\":\"2022-03-22T00:56:45+00:00\",\"description\":\"Cump\u0103ra\u021bi PUDR\u0102 DE FENTANYL de v\u00e2nzare Marea Britanie, UE Europa \u00een magazinul nostru online Bestglobalmeds.com cu livrare rapid\u0103 \u00een toat\u0103 lumea! Cel mai bun FENTANYL pentru comand\u0103 \u00eel g\u0103si\u021bi aici!\",\"breadcrumb\":{\"@id\":\"https:\\\/\\\/medicinasinc.com\\\/ro\\\/product\\\/cumpara-fentanil-pulbere\\\/#breadcrumb\"},\"inLanguage\":\"en-US\",\"potentialAction\":[{\"@type\":\"ReadAction\",\"target\":[\"https:\\\/\\\/medicinasinc.com\\\/ro\\\/product\\\/cumpara-fentanil-pulbere\\\/\"]}]},{\"@type\":\"ImageObject\",\"inLanguage\":\"en-US\",\"@id\":\"https:\\\/\\\/medicinasinc.com\\\/ro\\\/product\\\/cumpara-fentanil-pulbere\\\/#primaryimage\",\"url\":\"https:\\\/\\\/medicinasinc.com\\\/ro\\\/wp-content\\\/uploads\\\/sites\\\/11\\\/2022\\\/02\\\/Buy-Fentanyl-Powder-Online.jpg\",\"contentUrl\":\"https:\\\/\\\/medicinasinc.com\\\/ro\\\/wp-content\\\/uploads\\\/sites\\\/11\\\/2022\\\/02\\\/Buy-Fentanyl-Powder-Online.jpg\",\"width\":768,\"height\":768},{\"@type\":\"BreadcrumbList\",\"@id\":\"https:\\\/\\\/medicinasinc.com\\\/ro\\\/product\\\/cumpara-fentanil-pulbere\\\/#breadcrumb\",\"itemListElement\":[{\"@type\":\"ListItem\",\"position\":1,\"name\":\"Magazin\",\"item\":\"https:\\\/\\\/medicinasinc.com\\\/ro\\\/magazin\\\/\"},{\"@type\":\"ListItem\",\"position\":2,\"name\":\"Cump\u0103ra\u021bi pudr\u0103 de fentanil\"}]},{\"@type\":\"WebSite\",\"@id\":\"https:\\\/\\\/medicinasinc.com\\\/ro\\\/#website\",\"url\":\"https:\\\/\\\/medicinasinc.com\\\/ro\\\/\",\"name\":\"Medicinas Inc\",\"description\":\"Health Medical Clinic\",\"potentialAction\":[{\"@type\":\"SearchAction\",\"target\":{\"@type\":\"EntryPoint\",\"urlTemplate\":\"https:\\\/\\\/medicinasinc.com\\\/ro\\\/?s={search_term_string}\"},\"query-input\":{\"@type\":\"PropertyValueSpecification\",\"valueRequired\":true,\"valueName\":\"search_term_string\"}}],\"inLanguage\":\"en-US\"}]}<\/script>\n<!-- \/ Yoast SEO plugin. -->","yoast_head_json":{"title":"Cump\u0103ra\u021bi pudr\u0103 de fentanil online - Cele mai bune medicamente globale","description":"Cump\u0103ra\u021bi PUDR\u0102 DE FENTANYL de v\u00e2nzare Marea Britanie, UE Europa \u00een magazinul nostru online Bestglobalmeds.com cu livrare rapid\u0103 \u00een toat\u0103 lumea! Cel mai bun FENTANYL pentru comand\u0103 \u00eel g\u0103si\u021bi aici!","robots":{"index":"index","follow":"follow","max-snippet":"max-snippet:-1","max-image-preview":"max-image-preview:large","max-video-preview":"max-video-preview:-1"},"canonical":"https:\/\/medicinasinc.com\/ro\/product\/cumpara-fentanil-pulbere\/","og_locale":"en_US","og_type":"article","og_title":"Cump\u0103ra\u021bi pudr\u0103 de fentanil online - Cele mai bune medicamente globale","og_description":"Cump\u0103ra\u021bi PUDR\u0102 DE FENTANYL de v\u00e2nzare Marea Britanie, UE Europa \u00een magazinul nostru online Bestglobalmeds.com cu livrare rapid\u0103 \u00een toat\u0103 lumea! Cel mai bun FENTANYL pentru comand\u0103 \u00eel g\u0103si\u021bi aici!","og_url":"https:\/\/medicinasinc.com\/ro\/product\/cumpara-fentanil-pulbere\/","og_site_name":"Medicinas Inc","article_modified_time":"2022-03-22T00:56:45+00:00","og_image":[{"width":768,"height":768,"url":"https:\/\/medicinasinc.com\/ro\/wp-content\/uploads\/sites\/11\/2022\/02\/Buy-Fentanyl-Powder-Online.jpg","type":"image\/jpeg"}],"twitter_card":"summary_large_image","twitter_misc":{"Est. reading time":"2 minutes"},"schema":{"@context":"https:\/\/schema.org","@graph":[{"@type":"WebPage","@id":"https:\/\/medicinasinc.com\/ro\/product\/cumpara-fentanil-pulbere\/","url":"https:\/\/medicinasinc.com\/ro\/product\/cumpara-fentanil-pulbere\/","name":"Cump\u0103ra\u021bi pudr\u0103 de fentanil online - Cele mai bune medicamente globale","isPartOf":{"@id":"https:\/\/medicinasinc.com\/ro\/#website"},"primaryImageOfPage":{"@id":"https:\/\/medicinasinc.com\/ro\/product\/cumpara-fentanil-pulbere\/#primaryimage"},"image":{"@id":"https:\/\/medicinasinc.com\/ro\/product\/cumpara-fentanil-pulbere\/#primaryimage"},"thumbnailUrl":"https:\/\/medicinasinc.com\/ro\/wp-content\/uploads\/sites\/11\/2022\/02\/Buy-Fentanyl-Powder-Online.jpg","datePublished":"2022-02-22T00:33:03+00:00","dateModified":"2022-03-22T00:56:45+00:00","description":"Cump\u0103ra\u021bi PUDR\u0102 DE FENTANYL de v\u00e2nzare Marea Britanie, UE Europa \u00een magazinul nostru online Bestglobalmeds.com cu livrare rapid\u0103 \u00een toat\u0103 lumea! Cel mai bun FENTANYL pentru comand\u0103 \u00eel g\u0103si\u021bi aici!","breadcrumb":{"@id":"https:\/\/medicinasinc.com\/ro\/product\/cumpara-fentanil-pulbere\/#breadcrumb"},"inLanguage":"en-US","potentialAction":[{"@type":"ReadAction","target":["https:\/\/medicinasinc.com\/ro\/product\/cumpara-fentanil-pulbere\/"]}]},{"@type":"ImageObject","inLanguage":"en-US","@id":"https:\/\/medicinasinc.com\/ro\/product\/cumpara-fentanil-pulbere\/#primaryimage","url":"https:\/\/medicinasinc.com\/ro\/wp-content\/uploads\/sites\/11\/2022\/02\/Buy-Fentanyl-Powder-Online.jpg","contentUrl":"https:\/\/medicinasinc.com\/ro\/wp-content\/uploads\/sites\/11\/2022\/02\/Buy-Fentanyl-Powder-Online.jpg","width":768,"height":768},{"@type":"BreadcrumbList","@id":"https:\/\/medicinasinc.com\/ro\/product\/cumpara-fentanil-pulbere\/#breadcrumb","itemListElement":[{"@type":"ListItem","position":1,"name":"Magazin","item":"https:\/\/medicinasinc.com\/ro\/magazin\/"},{"@type":"ListItem","position":2,"name":"Cump\u0103ra\u021bi pudr\u0103 de fentanil"}]},{"@type":"WebSite","@id":"https:\/\/medicinasinc.com\/ro\/#website","url":"https:\/\/medicinasinc.com\/ro\/","name":"Medicinas Inc","description":"Health Medical Clinic","potentialAction":[{"@type":"SearchAction","target":{"@type":"EntryPoint","urlTemplate":"https:\/\/medicinasinc.com\/ro\/?s={search_term_string}"},"query-input":{"@type":"PropertyValueSpecification","valueRequired":true,"valueName":"search_term_string"}}],"inLanguage":"en-US"}]}},"_links":{"self":[{"href":"https:\/\/medicinasinc.com\/ro\/wp-json\/wp\/v2\/product\/5495","targetHints":{"allow":["GET"]}}],"collection":[{"href":"https:\/\/medicinasinc.com\/ro\/wp-json\/wp\/v2\/product"}],"about":[{"href":"https:\/\/medicinasinc.com\/ro\/wp-json\/wp\/v2\/types\/product"}],"replies":[{"embeddable":true,"href":"https:\/\/medicinasinc.com\/ro\/wp-json\/wp\/v2\/comments?post=5495"}],"wp:featuredmedia":[{"embeddable":true,"href":"https:\/\/medicinasinc.com\/ro\/wp-json\/wp\/v2\/media\/5505"}],"wp:attachment":[{"href":"https:\/\/medicinasinc.com\/ro\/wp-json\/wp\/v2\/media?parent=5495"}],"wp:term":[{"taxonomy":"product_brand","embeddable":true,"href":"https:\/\/medicinasinc.com\/ro\/wp-json\/wp\/v2\/product_brand?post=5495"},{"taxonomy":"product_cat","embeddable":true,"href":"https:\/\/medicinasinc.com\/ro\/wp-json\/wp\/v2\/product_cat?post=5495"},{"taxonomy":"product_tag","embeddable":true,"href":"https:\/\/medicinasinc.com\/ro\/wp-json\/wp\/v2\/product_tag?post=5495"}],"curies":[{"name":"wp","href":"https:\/\/api.w.org\/{rel}","templated":true}]}}