{"id":5494,"date":"2022-02-22T00:31:52","date_gmt":"2022-02-22T00:31:52","guid":{"rendered":"https:\/\/medicinasinc.com\/ro\/?post_type=product&#038;p=5494"},"modified":"2022-03-22T00:56:54","modified_gmt":"2022-03-22T00:56:54","slug":"cumpara-diclazepam-2-mg-pelete","status":"publish","type":"product","link":"https:\/\/medicinasinc.com\/ro\/product\/cumpara-diclazepam-2-mg-pelete\/","title":{"rendered":"Cumpara Diclazepam 2 mg pelete"},"content":{"rendered":"<p><strong>UNDE POT OB\u021aIN PELETE DE DICLAZEPAM 2MG \u00ceN UE?<\/strong><\/p>\n<p>2 mg de Diclazepam \u00cen Europa, este posibil s\u0103 g\u0103si\u021bi o unitate care depoziteaz\u0103 pelete. Bitcoin poate fi folosit pentru a cump\u0103ra online pelete de 2 mg de Diclazepam.<\/p>\n<p>Una dintre cele mai recente benzodiazepine care vor fi puse la dispozi\u021bie pentru \u00eencercare este diclazepamul sau clorodiazepamul. De asemenea, aceast\u0103 substan\u021b\u0103 este omologul 1-metil al diazepamului \u0219i declorazepamului. Denumirea sa chimic\u0103 complet\u0103 este 7-clor-5-(2-clorofenil)-1-metil-1,3-dihidro-2H-1,4-benzodiazepin-2-on\u0103. Deoarece aceast\u0103 molecul\u0103 este at\u00e2t de nou\u0103, exist\u0103 numeroase c\u0103i de cercetare.<\/p>\n<p>Nomenclatura IUPAC pentru acest compus arat\u0103 dup\u0103 cum urmeaz\u0103: 7,5-Clor-5-(2-clorfenil)-1-metil-1 ,3-dihidro-2H-1,4-benzodiazepin-2-on\u0103<br \/> Num\u0103r CAS: 2894-68-0 0<br \/> Sinonime: Benzodiazepin\u0103 clorodiazepoxid (2\u2032-cloro-diazepoxid)<br \/> Aceasta este formula chimic\u0103 pentru C16H12Cl2-N2O<br \/> 95,8 la sut\u0103 din forma sa original\u0103.<br \/> Pele\u021bii albi sunt cea mai comun\u0103 culoare.<\/p>\n<p>Achizi\u021bionarea online a peletelor de Diclazepam 2mg cu Bitcoin este u\u0219or.<\/p>\n<p>Costul peletelor de Diclazepam 2mg<\/p>\n","protected":false},"excerpt":{"rendered":"<p>Cump\u0103ra\u021bi Diclazepam Pellet, Diclazepam 2mg Pelete de v\u00e2nzare Marea Britanie, Europa, Cump\u0103ra\u021bi Diclazepam de \u00eenalt\u0103 calitate \u00een Marea Britanie Livrare peste noapte, Pre\u021b Diclazepam.<\/p>\n<p>Achizi\u021biona\u021bi Diclazepam 2mg Pelete cu transport gratuit \u00een Uniunea European\u0103. Cel mai mare retailer din Europa de Diclazepam 2mg Pelete. Pelete de 2 mg de Diclazepam pot fi achizi\u021bionate online folosind Bitcoin.<\/p>\n<p>Diclazepam este de obicei oferit online de &#8216;headshop-uri&#8217; sau&#8217;chimic de cercetare&#8217; v\u00e2nz\u0103tori sub form\u0103 de pelete albe de 1 mg \u0219i, mai rar, mov, granule de 2 mg.<\/p>\n<p>Cump\u0103ra\u021bi online pelete Diclazepam 2 mg este un termen colocvial pentru 7-cloro-5-1-metil-1 ,3-dihidro-2H-1,4-benzodiazepin-2-on\u0103.<\/p>\n<p>Achizi\u021bie online de Diclazepam Pelete 2mg. Diclazepam (cunoscut \u0219i sub numele de clorodiazepam) este un deprimant sintetic de benzodiazepin\u0103 care, atunci c\u00e2nd este administrat, prezint\u0103 efecte comparabile cu diazepamul, inclusiv suprimarea anxiet\u0103\u021bii, dezinhibarea, anticonvulsivante, hipnotic\u0103, relaxare muscular\u0103 \u0219i amnezie. [2<\/p>\n","protected":false},"featured_media":5503,"comment_status":"open","ping_status":"closed","template":"","meta":[],"product_brand":[],"product_cat":[1117],"product_tag":[2836,2834,2838,2835,2837],"class_list":{"0":"post-5494","1":"product","2":"type-product","3":"status-publish","4":"has-post-thumbnail","6":"product_cat-cumparati-pastile-pentru-durere-somn-sex","7":"product_tag-comanda-diclazepam-2-mg","8":"product_tag-cumpara-diclazepam-2-mg-pelete","9":"product_tag-de-unde-s-cumprm-diclazepam-2-mg-pelete","10":"product_tag-diclazepam-2-mg","11":"product_tag-quality-diclazepam-2-mg","13":"first","14":"instock","15":"shipping-taxable","16":"purchasable","17":"product-type-variable","18":"has-default-attributes"},"yoast_head":"<!-- This site is optimized with the Yoast SEO plugin v27.3 - https:\/\/yoast.com\/product\/yoast-seo-wordpress\/ -->\n<title>Cump\u0103ra\u021bi granule de Diclazepam 2 mg - Diclazepam de v\u00e2nzare - Cele mai bune medicamente globale<\/title>\n<meta name=\"description\" content=\"Cump\u0103ra\u021bi Diclazepam Pellet, Diclazepam 2mg Pellet ieftine de v\u00e2nzare Marea Britanie, Europa, Cump\u0103ra\u021bi Diclazepam de \u00eenalt\u0103 calitate \u00een Marea Britanie Livrare peste noapte, Pre\u021b Diclazepam.\" \/>\n<meta name=\"robots\" content=\"index, follow, max-snippet:-1, max-image-preview:large, max-video-preview:-1\" \/>\n<link rel=\"canonical\" href=\"https:\/\/medicinasinc.com\/ro\/product\/cumpara-diclazepam-2-mg-pelete\/\" \/>\n<meta property=\"og:locale\" content=\"en_US\" \/>\n<meta property=\"og:type\" content=\"article\" \/>\n<meta property=\"og:title\" content=\"Cump\u0103ra\u021bi granule de Diclazepam 2 mg - Diclazepam de v\u00e2nzare - Cele mai bune medicamente globale\" \/>\n<meta property=\"og:description\" content=\"Cump\u0103ra\u021bi Diclazepam Pellet, Diclazepam 2mg Pellet ieftine de v\u00e2nzare Marea Britanie, Europa, Cump\u0103ra\u021bi Diclazepam de \u00eenalt\u0103 calitate \u00een Marea Britanie Livrare peste noapte, Pre\u021b Diclazepam.\" \/>\n<meta property=\"og:url\" content=\"https:\/\/medicinasinc.com\/ro\/product\/cumpara-diclazepam-2-mg-pelete\/\" \/>\n<meta property=\"og:site_name\" content=\"Medicinas Inc\" \/>\n<meta property=\"article:modified_time\" content=\"2022-03-22T00:56:54+00:00\" \/>\n<meta property=\"og:image\" content=\"https:\/\/medicinasinc.com\/ro\/wp-content\/uploads\/sites\/11\/2022\/02\/Buy-Diclazepam-Pellets-2mg.jpg\" \/>\n\t<meta property=\"og:image:width\" content=\"566\" \/>\n\t<meta property=\"og:image:height\" content=\"462\" \/>\n\t<meta property=\"og:image:type\" content=\"image\/jpeg\" \/>\n<meta name=\"twitter:card\" content=\"summary_large_image\" \/>\n<meta name=\"twitter:label1\" content=\"Est. reading time\" \/>\n\t<meta name=\"twitter:data1\" content=\"1 minute\" \/>\n<script type=\"application\/ld+json\" class=\"yoast-schema-graph\">{\"@context\":\"https:\\\/\\\/schema.org\",\"@graph\":[{\"@type\":\"WebPage\",\"@id\":\"https:\\\/\\\/medicinasinc.com\\\/ro\\\/product\\\/cumpara-diclazepam-2-mg-pelete\\\/\",\"url\":\"https:\\\/\\\/medicinasinc.com\\\/ro\\\/product\\\/cumpara-diclazepam-2-mg-pelete\\\/\",\"name\":\"Cump\u0103ra\u021bi granule de Diclazepam 2 mg - Diclazepam de v\u00e2nzare - Cele mai bune medicamente globale\",\"isPartOf\":{\"@id\":\"https:\\\/\\\/medicinasinc.com\\\/ro\\\/#website\"},\"primaryImageOfPage\":{\"@id\":\"https:\\\/\\\/medicinasinc.com\\\/ro\\\/product\\\/cumpara-diclazepam-2-mg-pelete\\\/#primaryimage\"},\"image\":{\"@id\":\"https:\\\/\\\/medicinasinc.com\\\/ro\\\/product\\\/cumpara-diclazepam-2-mg-pelete\\\/#primaryimage\"},\"thumbnailUrl\":\"https:\\\/\\\/medicinasinc.com\\\/ro\\\/wp-content\\\/uploads\\\/sites\\\/11\\\/2022\\\/02\\\/Buy-Diclazepam-Pellets-2mg.jpg\",\"datePublished\":\"2022-02-22T00:31:52+00:00\",\"dateModified\":\"2022-03-22T00:56:54+00:00\",\"description\":\"Cump\u0103ra\u021bi Diclazepam Pellet, Diclazepam 2mg Pellet ieftine de v\u00e2nzare Marea Britanie, Europa, Cump\u0103ra\u021bi Diclazepam de \u00eenalt\u0103 calitate \u00een Marea Britanie Livrare peste noapte, Pre\u021b Diclazepam.\",\"breadcrumb\":{\"@id\":\"https:\\\/\\\/medicinasinc.com\\\/ro\\\/product\\\/cumpara-diclazepam-2-mg-pelete\\\/#breadcrumb\"},\"inLanguage\":\"en-US\",\"potentialAction\":[{\"@type\":\"ReadAction\",\"target\":[\"https:\\\/\\\/medicinasinc.com\\\/ro\\\/product\\\/cumpara-diclazepam-2-mg-pelete\\\/\"]}]},{\"@type\":\"ImageObject\",\"inLanguage\":\"en-US\",\"@id\":\"https:\\\/\\\/medicinasinc.com\\\/ro\\\/product\\\/cumpara-diclazepam-2-mg-pelete\\\/#primaryimage\",\"url\":\"https:\\\/\\\/medicinasinc.com\\\/ro\\\/wp-content\\\/uploads\\\/sites\\\/11\\\/2022\\\/02\\\/Buy-Diclazepam-Pellets-2mg.jpg\",\"contentUrl\":\"https:\\\/\\\/medicinasinc.com\\\/ro\\\/wp-content\\\/uploads\\\/sites\\\/11\\\/2022\\\/02\\\/Buy-Diclazepam-Pellets-2mg.jpg\",\"width\":566,\"height\":462},{\"@type\":\"BreadcrumbList\",\"@id\":\"https:\\\/\\\/medicinasinc.com\\\/ro\\\/product\\\/cumpara-diclazepam-2-mg-pelete\\\/#breadcrumb\",\"itemListElement\":[{\"@type\":\"ListItem\",\"position\":1,\"name\":\"Magazin\",\"item\":\"https:\\\/\\\/medicinasinc.com\\\/ro\\\/magazin\\\/\"},{\"@type\":\"ListItem\",\"position\":2,\"name\":\"Cumpara Diclazepam 2 mg pelete\"}]},{\"@type\":\"WebSite\",\"@id\":\"https:\\\/\\\/medicinasinc.com\\\/ro\\\/#website\",\"url\":\"https:\\\/\\\/medicinasinc.com\\\/ro\\\/\",\"name\":\"Medicinas Inc\",\"description\":\"Health Medical Clinic\",\"potentialAction\":[{\"@type\":\"SearchAction\",\"target\":{\"@type\":\"EntryPoint\",\"urlTemplate\":\"https:\\\/\\\/medicinasinc.com\\\/ro\\\/?s={search_term_string}\"},\"query-input\":{\"@type\":\"PropertyValueSpecification\",\"valueRequired\":true,\"valueName\":\"search_term_string\"}}],\"inLanguage\":\"en-US\"}]}<\/script>\n<!-- \/ Yoast SEO plugin. -->","yoast_head_json":{"title":"Cump\u0103ra\u021bi granule de Diclazepam 2 mg - Diclazepam de v\u00e2nzare - Cele mai bune medicamente globale","description":"Cump\u0103ra\u021bi Diclazepam Pellet, Diclazepam 2mg Pellet ieftine de v\u00e2nzare Marea Britanie, Europa, Cump\u0103ra\u021bi Diclazepam de \u00eenalt\u0103 calitate \u00een Marea Britanie Livrare peste noapte, Pre\u021b Diclazepam.","robots":{"index":"index","follow":"follow","max-snippet":"max-snippet:-1","max-image-preview":"max-image-preview:large","max-video-preview":"max-video-preview:-1"},"canonical":"https:\/\/medicinasinc.com\/ro\/product\/cumpara-diclazepam-2-mg-pelete\/","og_locale":"en_US","og_type":"article","og_title":"Cump\u0103ra\u021bi granule de Diclazepam 2 mg - Diclazepam de v\u00e2nzare - Cele mai bune medicamente globale","og_description":"Cump\u0103ra\u021bi Diclazepam Pellet, Diclazepam 2mg Pellet ieftine de v\u00e2nzare Marea Britanie, Europa, Cump\u0103ra\u021bi Diclazepam de \u00eenalt\u0103 calitate \u00een Marea Britanie Livrare peste noapte, Pre\u021b Diclazepam.","og_url":"https:\/\/medicinasinc.com\/ro\/product\/cumpara-diclazepam-2-mg-pelete\/","og_site_name":"Medicinas Inc","article_modified_time":"2022-03-22T00:56:54+00:00","og_image":[{"width":566,"height":462,"url":"https:\/\/medicinasinc.com\/ro\/wp-content\/uploads\/sites\/11\/2022\/02\/Buy-Diclazepam-Pellets-2mg.jpg","type":"image\/jpeg"}],"twitter_card":"summary_large_image","twitter_misc":{"Est. reading time":"1 minute"},"schema":{"@context":"https:\/\/schema.org","@graph":[{"@type":"WebPage","@id":"https:\/\/medicinasinc.com\/ro\/product\/cumpara-diclazepam-2-mg-pelete\/","url":"https:\/\/medicinasinc.com\/ro\/product\/cumpara-diclazepam-2-mg-pelete\/","name":"Cump\u0103ra\u021bi granule de Diclazepam 2 mg - Diclazepam de v\u00e2nzare - Cele mai bune medicamente globale","isPartOf":{"@id":"https:\/\/medicinasinc.com\/ro\/#website"},"primaryImageOfPage":{"@id":"https:\/\/medicinasinc.com\/ro\/product\/cumpara-diclazepam-2-mg-pelete\/#primaryimage"},"image":{"@id":"https:\/\/medicinasinc.com\/ro\/product\/cumpara-diclazepam-2-mg-pelete\/#primaryimage"},"thumbnailUrl":"https:\/\/medicinasinc.com\/ro\/wp-content\/uploads\/sites\/11\/2022\/02\/Buy-Diclazepam-Pellets-2mg.jpg","datePublished":"2022-02-22T00:31:52+00:00","dateModified":"2022-03-22T00:56:54+00:00","description":"Cump\u0103ra\u021bi Diclazepam Pellet, Diclazepam 2mg Pellet ieftine de v\u00e2nzare Marea Britanie, Europa, Cump\u0103ra\u021bi Diclazepam de \u00eenalt\u0103 calitate \u00een Marea Britanie Livrare peste noapte, Pre\u021b Diclazepam.","breadcrumb":{"@id":"https:\/\/medicinasinc.com\/ro\/product\/cumpara-diclazepam-2-mg-pelete\/#breadcrumb"},"inLanguage":"en-US","potentialAction":[{"@type":"ReadAction","target":["https:\/\/medicinasinc.com\/ro\/product\/cumpara-diclazepam-2-mg-pelete\/"]}]},{"@type":"ImageObject","inLanguage":"en-US","@id":"https:\/\/medicinasinc.com\/ro\/product\/cumpara-diclazepam-2-mg-pelete\/#primaryimage","url":"https:\/\/medicinasinc.com\/ro\/wp-content\/uploads\/sites\/11\/2022\/02\/Buy-Diclazepam-Pellets-2mg.jpg","contentUrl":"https:\/\/medicinasinc.com\/ro\/wp-content\/uploads\/sites\/11\/2022\/02\/Buy-Diclazepam-Pellets-2mg.jpg","width":566,"height":462},{"@type":"BreadcrumbList","@id":"https:\/\/medicinasinc.com\/ro\/product\/cumpara-diclazepam-2-mg-pelete\/#breadcrumb","itemListElement":[{"@type":"ListItem","position":1,"name":"Magazin","item":"https:\/\/medicinasinc.com\/ro\/magazin\/"},{"@type":"ListItem","position":2,"name":"Cumpara Diclazepam 2 mg pelete"}]},{"@type":"WebSite","@id":"https:\/\/medicinasinc.com\/ro\/#website","url":"https:\/\/medicinasinc.com\/ro\/","name":"Medicinas Inc","description":"Health Medical Clinic","potentialAction":[{"@type":"SearchAction","target":{"@type":"EntryPoint","urlTemplate":"https:\/\/medicinasinc.com\/ro\/?s={search_term_string}"},"query-input":{"@type":"PropertyValueSpecification","valueRequired":true,"valueName":"search_term_string"}}],"inLanguage":"en-US"}]}},"_links":{"self":[{"href":"https:\/\/medicinasinc.com\/ro\/wp-json\/wp\/v2\/product\/5494","targetHints":{"allow":["GET"]}}],"collection":[{"href":"https:\/\/medicinasinc.com\/ro\/wp-json\/wp\/v2\/product"}],"about":[{"href":"https:\/\/medicinasinc.com\/ro\/wp-json\/wp\/v2\/types\/product"}],"replies":[{"embeddable":true,"href":"https:\/\/medicinasinc.com\/ro\/wp-json\/wp\/v2\/comments?post=5494"}],"wp:featuredmedia":[{"embeddable":true,"href":"https:\/\/medicinasinc.com\/ro\/wp-json\/wp\/v2\/media\/5503"}],"wp:attachment":[{"href":"https:\/\/medicinasinc.com\/ro\/wp-json\/wp\/v2\/media?parent=5494"}],"wp:term":[{"taxonomy":"product_brand","embeddable":true,"href":"https:\/\/medicinasinc.com\/ro\/wp-json\/wp\/v2\/product_brand?post=5494"},{"taxonomy":"product_cat","embeddable":true,"href":"https:\/\/medicinasinc.com\/ro\/wp-json\/wp\/v2\/product_cat?post=5494"},{"taxonomy":"product_tag","embeddable":true,"href":"https:\/\/medicinasinc.com\/ro\/wp-json\/wp\/v2\/product_tag?post=5494"}],"curies":[{"name":"wp","href":"https:\/\/api.w.org\/{rel}","templated":true}]}}