{"id":5471,"date":"2022-02-22T00:08:30","date_gmt":"2022-02-22T00:08:30","guid":{"rendered":"https:\/\/medicinasinc.com\/ro\/?post_type=product&#038;p=5471"},"modified":"2022-03-22T00:57:03","modified_gmt":"2022-03-22T00:57:03","slug":"cumpara-crystal-meth-metanfetamina","status":"publish","type":"product","link":"https:\/\/medicinasinc.com\/ro\/product\/cumpara-crystal-meth-metanfetamina\/","title":{"rendered":"Cump\u0103ra\u021bi Crystal Meth (metanfetamina)"},"content":{"rendered":"<p><strong>De unde s\u0103 cump\u0103ra\u021bi Crystal Meth &#8211; Metamfetamina<\/strong><\/p>\n<p>Dispus s\u0103 cump\u0103ra\u021bi Crystal Meth, adesea cunoscut sub numele de metanfetamina din piatr\u0103 pre\u021bioas\u0103, este un medicament stimulator al sistemului nervos central (SNC) care are un efect semnificativ asem\u0103n\u0103ri cu amfetaminele, a doua cea mai popular\u0103 clas\u0103 de medicamente ilegale din lume, \u00een spatele maryjane.<br \/> Ca \u0219i \u00een cazul amfetaminei, aceasta promoveaz\u0103 cre\u0219terea activit\u0103\u021bii, sc\u0103derea apetitului \u0219i un sentiment general de bun\u0103stare.<\/p>\n<p>Exist\u0103. sunt c\u00e2teva utiliz\u0103ri farmaceutice recunoscute pentru Crystal Meth \u2013 Metamfetamina, inclusiv tratamentul narcolepsiei, lipsa capacit\u0103\u021bii de a se concentra \u00een mod regulat \u0219i pentru utilizare tranzitorie, cum ar fi robuste\u021bea; cu toate acestea, aceste utiliz\u0103ri medicinale sunt limitate.<\/p>\n<p>Crystal Meth, precum cocaina, poate fi fumat. Chemical Inc. vinde Crystal Meth &#8211; Metamfetamin\u0103.<\/p>\n<p>Ce caracteristici are Crystal Meth \u2013 Metamfetaminele?<\/p>\n<p>Metanfetaminele sunt folosite pentru a trata urm\u0103toarele afec\u021biuni:<\/p>\n<p>ADHDNarcolepsia<\/p>\n<p>Aplica\u021biile medicale sunt limitate.<\/p>\n<p>Crystal Meth &#8211; Metamfetamina, precum cocaina, poate fi fumat\u0103.<\/p>\n<figure class=\"wp-caption alignleft\"><img loading=\"lazy\" decoding=\"async\" class=\" n3VNCb\" src=\"https:\/\/www.detoxplusuk.com\/wp-content\/uploads\/sites\/11\/2019\/01\/Crystal-meth-e1546508093797.png\" alt=\"Crystal Meth - Metamfetamina | chemical Inc\" width=\"600\" height=\"351\" data-iml=\"71374\" \/><figcaption class=\"wp-caption-text\">Cump\u0103ra\u021bi Crystal Meth cu Bitcoins<\/figcaption><\/figure>\n<h2><strong>Ce sunt caracteristicile metamfetaminelor?<\/strong><\/h2>\n<p><span class=\"tagify__tag-text\">Crystal Meth \u2013 Metamfetamine<\/span>\u00a0sunt pentru tratamentul:<\/p>\n<ul>\n<li> ADHD Narcolepsie<\/li>\n<li>Obezitatea Astfel, provoac\u0103 ac\u021biune extins\u0103, diminuare a foametei \u0219i senza\u021bie general\u0103 de prosperitate. \u00cen momentul \u00een care este utilizat \u00een supraabunden\u021b\u0103, are un impact progresiv distructiv asupra sistemului senzorial focal.<\/li>\n<\/ul>\n<h2><\/h2>\n<h2><\/h2>\n<h2><strong>Care sunt Precau\u021bii pentru\u00a0<\/strong>Crystal Meth<strong>?<\/strong><\/h2>\n<ul>\n<li>Dac\u0103 crede\u021bi c\u0103 a\u021bi dovedit c\u0103 sunte\u021bi gravid\u0103 \u00een timp ce utiliza\u021bi medicamentul, spune\u021bi imediat specialistului dvs. pentru a men\u021bine un distan\u021ba strategic\u0103 fa\u021b\u0103 de dificult\u0103\u021bi.<\/li>\n<li>Dac\u0103 v\u0103 confrunta\u021bi cu boli cardiace,<\/li>\n<\/ul>\n<h2><strong>Care sunt efectele secundare ale\u00a0<\/strong>Crystal Meth<strong>? <\/strong><\/h2>\n<p>Efectele neprietenoase ale metamfetaminelor includ:<\/p>\n<ul>\n<li>O cre\u0219tere a pulsului<\/li>\n<li>Cre\u0219terea temperaturii corpului<\/li>\n<li>O cre\u0219tere \u00een ritmul relax\u0103rii<\/li>\n<li>Studen\u021bi dilata\u021bi<\/li>\n<li>Tremur\u0103ri Sentimente de r\u0103pire<\/li>\n<li>Anxietate crescut\u0103<\/li>\n<li>Iritabilitate<\/li>\n<li>Paranoia<\/li>\n<li>Conduita violent\u0103 \u0219i fugar\u0103<\/li>\n<li>Hiperactivitate temporar\u0103 C\u0103uta\u021bi un specialist pentru considera\u021bie terapeutic\u0103.<\/li>\n<\/ul>\n<h2><strong>Ce se \u00eent\u00e2mpl\u0103. n dac\u0103 omite\u021bi sau supradoza\u021bi\u00a0<\/strong>Crystal Meth<strong>?<\/strong><\/h2>\n<p>\u00cenchiderea unei por\u021bii de metamfetamine este orice altceva dec\u00e2t o \u00eencercare major\u0103, dar v\u0103 pute\u021bi lua chiar timp \u00een care v\u0103 aminti\u021bi despre asta, totu\u0219i ar trebui s\u0103 se ab\u021bin\u0103 de la a lua dou\u0103 m\u0103sur\u0103tori.<\/p>\n<p>&nbsp;<\/p>\n<p><span class=\"tagify__tag-text\">Metanfetamina<\/span>\u00a0se propune s\u0103 men\u021bin\u0103 centrul, ori de c\u00e2te ori este supradozat, ar putea provoca cu u\u0219urin\u021b\u0103 afec\u021biuni medicinale autentice, a\u0219a c\u0103 c\u0103utarea asisten\u021bei de criz\u0103 de la speciali\u0219ti exper\u021bi \u00een s\u0103n\u0103tate este cea mai bun\u0103 alegere. <span class=\"tagify__tag-text\"><a href=\"https:\/\/www.bestglobalmeds.com\/product\/research-chemicals\/buy-crystal-meth\/\">Comanda\u021bi Crystal Meth<\/a>\u00a0\u2013 Metamfetamina online<\/span>\u00a0la Chemical Inc<\/p>\n<h2><strong>Cum se depoziteaz\u0103 metamfetaminele?<\/strong><\/h2>\n<p>\u00cen plus, acolo unde nu exist\u0103 lumin\u0103 \u0219i c\u0103ldur\u0103, p\u0103stra\u021bi metamfetaminele acolo la temperatura camerei. De asemenea, nu sp\u0103la\u021bi acest medicament. Copiii \u0219i animalele dvs. de companie nu trebuie s\u0103 conecteze acest medicament cu nicio posibilitate.<\/p>\n<h2><strong>De unde s\u0103 cump\u0103ra\u021bi\u00a0<\/strong>Crystal Meth\u00a0<strong>online?<\/strong><\/h2>\n<p>Cu toate acestea, pute\u021bi cump\u0103ra Crystal Meth \u2013 Metamfetamina online de la cel mai cunoscut magazin online \u2013 Chemical Inc.<\/p>\n<p>Achizi\u021biona\u021bi metamfetamine f\u0103r\u0103 remediu, metamfetamine disponibile pentru a fi achizi\u021bionate online, costul cel mai bun scenariu.<br \/> Cump\u0103ra\u021bi cel mai bun caz. medicamente aici \u00een acest moment! <span class=\"tagify__tag-text\">Cump\u0103ra\u021bi Crystal Meth online<\/span><\/p>\n<h3><b>Utilizatorii de metanfetamina nu ar trebui s\u0103 a\u0219tepte s\u0103 caute tratament<\/b><\/h3>\n<p>\u00cen timp ce mul\u021bi fizici simptomele pot fi inversate cu un tratament adecvat, efectele avansate de \u00eemb\u0103tr\u00e2nire \u0219i cariile dentare sunt greu de inversat, iar daunele sunt adesea permanente.<\/p>\n<p>\u00cen plus, consumul de metamfetamin\u0103 poate provoca psihoz\u0103 sau comportament psihotic, \u00een care utilizatorii pierd contactul. cu realitate \u0219i experimenteaz\u0103 iluzii puternice, paranoia, halucina\u021bii \u0219i comportament obsesiv care \u00eei \u00eempiedic\u0103 s\u0103-\u0219i dea seama cu adev\u0103rat de r\u0103ul pe care \u0219i-l fac ei \u00een\u0219i\u0219i.<\/p>\n<p>Este imperativ ca dependentul s\u0103 ajung\u0103 \u0219i s\u0103 g\u0103seasc\u0103 ajutor imediat sau s\u0103 sufere acestea. efecte fizice \u0219i psihologice \u0219i alte simptome comune, cum ar fi rela\u021biile distruse, lipsa financiar\u0103 \u0219i acuza\u021biile penale.<\/p>\n<p>Dependen\u021ba afecteaz\u0103 aproape fiecare familie, distrug\u00e2nd s\u0103n\u0103tatea fizic\u0103 \u0219i mental\u0103, rela\u021biile \u0219i finan\u021bele personale. Mame, ta\u021bi, fra\u021bi, surori, fiice \u0219i fii.<\/p>\n<p>Nimeni nu este imun la impactul \u00eensp\u0103im\u00e2nt\u0103tor pe termen lung al abuzului de droguri dure.<br \/> Ceea ce urmeaz\u0103 este o descriere atr\u0103g\u0103toare a unor indivizi adev\u0103ra\u021bi.<\/p>\n<p>V-am c\u0103zut victimele tenta\u021biei consumului de droguri \u2013 \u00een acest caz, Metamfetamina \u2013 cu efectele ei devastatoare sunt prea evidente.<br \/> Dac\u0103 dumneavoastr\u0103 sau o persoan\u0103 drag\u0103 suferi\u021bi de o dependen\u021b\u0103 de metamfetamine, sau dac\u0103 dori\u021bi s\u0103 afla\u021bi mai multe, v\u0103 rug\u0103m s\u0103 consulta\u021bi urm\u0103toarele site-uri web pentru ajutor pentru a ob\u021bine asisten\u021b\u0103 pentru recuperare.<\/p>\n","protected":false},"excerpt":{"rendered":"<div class=\"woocommerce-product-details__short-description\">\n<p>Cump\u0103ra\u021bi Crystal Meth de v\u00e2nzare Marea Britanie, UE, Europa, SUA, China pentru a trata cancerul cu ajutorul bestglobalmeds.com. Cel mai bun loc de unde pute\u021bi cump\u0103ra metamfetamina online ieftin.<\/p>\n<p>Achizi\u021biona\u021bi online Crystal Meth la pre\u021b redus F\u0103r\u0103 prescrip\u021bie medical\u0103, vindem Crystal Meth online \u0219i trimitem la nivel global \u00een 24\/48 de ore. Comanda acum.<\/p>\n<p>Termenul &#8220;crystal meth&#8221; se refer\u0103 la metamfetamina de cristal, un stimulent puternic \u0219i puternic care provoac\u0103 dependen\u021b\u0103, care afecteaz\u0103 sistemul nervos central.<\/p>\n<p>Acum pute\u021bi cump\u0103ra metamfetamina de cristal online \u0219i vi se livreaz\u0103 a doua zi. Cea mai actual\u0103 sau cea mai pur\u0103 form\u0103 de cristal metamfetamin\u0103 este aproape pur\u0103. Este inodor \u0219i non-toxic.<\/p>\n<p>Meth\u0430m\u0440h\u0435t\u0430mn\u0435 Sunt un puternic stimulent nervos central pe care l-am folosit \u00een mare parte ca un medicament recreator \u0219i am continuat<\/em>d-am continuat.<\/p>\n","protected":false},"featured_media":5483,"comment_status":"open","ping_status":"closed","template":"","meta":[],"product_brand":[],"product_cat":[2014],"product_tag":[2801,2825,2805,2803,2806,2808,2810,2813,2811,2812,2802,2799,2800,2814,2817,2815,2807,2823,2816,2820,2818,2819,2821,2822,2809,2824,2828,2826,2827,2804,2829,2830,2831,2832,2833],"class_list":{"0":"post-5471","1":"product","2":"type-product","3":"status-publish","4":"has-post-thumbnail","6":"product_cat-cumprare-cercetare-chimice","7":"product_tag-bu-rtl-meth-on-deepweb","8":"product_tag-combustibil-pentru-racheta","9":"product_tag-crank","10":"product_tag-chlk","11":"product_tag-crystal-mth-australia","12":"product_tag-cristal-mth-europe","13":"product_tag-cristal-mth-germania","14":"product_tag-cristal-mth-uk","15":"product_tag-crystal-mth-reddit","16":"product_tag-crystal-mth-shipping","17":"product_tag-chr-d1-96-d1-95t-d1-96n-d0-b0","18":"product_tag-cumpara-crystal-med-in-australiaale-lnga-voastra","19":"product_tag-bu-crystal-mth-nln","20":"product_tag-ck","21":"product_tag-du-te-repede","22":"product_tag-scufundare","23":"product_tag-cristal-mth-efect","24":"product_tag-n-dz","25":"product_tag-fr","26":"product_tag-ghea","27":"product_tag-go-go-ju","28":"product_tag-gk","29":"product_tag-l-a-gl","30":"product_tag-metanfetamina","31":"product_tag-cristal-mth-de-vnzare","32":"product_tag-pk","33":"product_tag-n-d0-b0-d1-95h","34":"product_tag-sb-snacks","35":"product_tag-tweek","36":"product_tag-vat-c4-83-de-zah-c4-83r","37":"product_tag-rdr-crystal-mth-n-tr","38":"product_tag-rdr-rtl-mth-n-drknt","39":"product_tag-rtl-meth-h","40":"product_tag-rtl-m-a-pentru-l-online","41":"product_tag-rtl-mth-vndr-n-usa","43":"first","44":"instock","45":"shipping-taxable","46":"purchasable","47":"product-type-variable","48":"has-default-attributes"},"yoast_head":"<!-- This site is optimized with the Yoast SEO plugin v27.3 - https:\/\/yoast.com\/product\/yoast-seo-wordpress\/ -->\n<title>Cump\u0103ra\u021bi Crystal Meth (metamfetamina) - Cele mai bune medicamente globale<\/title>\n<meta name=\"description\" content=\"Cump\u0103ra\u021bi Crystal Meth de v\u00e2nzare Marea Britanie, UE, Europa, SUA, China pentru a trata cancerul cu ajutorul bestglobalmeds.com. Cel mai bun loc de unde po\u021bi cump\u0103ra metamfetamina online ieftin.\" \/>\n<meta name=\"robots\" content=\"index, follow, max-snippet:-1, max-image-preview:large, max-video-preview:-1\" \/>\n<link rel=\"canonical\" href=\"https:\/\/medicinasinc.com\/ro\/product\/cumpara-crystal-meth-metanfetamina\/\" \/>\n<meta property=\"og:locale\" content=\"en_US\" \/>\n<meta property=\"og:type\" content=\"article\" \/>\n<meta property=\"og:title\" content=\"Cump\u0103ra\u021bi Crystal Meth (metamfetamina) - Cele mai bune medicamente globale\" \/>\n<meta property=\"og:description\" content=\"Cump\u0103ra\u021bi Crystal Meth de v\u00e2nzare Marea Britanie, UE, Europa, SUA, China pentru a trata cancerul cu ajutorul bestglobalmeds.com. Cel mai bun loc de unde po\u021bi cump\u0103ra metamfetamina online ieftin.\" \/>\n<meta property=\"og:url\" content=\"https:\/\/medicinasinc.com\/ro\/product\/cumpara-crystal-meth-metanfetamina\/\" \/>\n<meta property=\"og:site_name\" content=\"Medicinas Inc\" \/>\n<meta property=\"article:modified_time\" content=\"2022-03-22T00:57:03+00:00\" \/>\n<meta property=\"og:image\" content=\"https:\/\/medicinasinc.com\/ro\/wp-content\/uploads\/sites\/11\/2022\/02\/Buy-Crystal-Meth.jpg\" \/>\n\t<meta property=\"og:image:width\" content=\"1024\" \/>\n\t<meta property=\"og:image:height\" content=\"768\" \/>\n\t<meta property=\"og:image:type\" content=\"image\/jpeg\" \/>\n<meta name=\"twitter:card\" content=\"summary_large_image\" \/>\n<meta name=\"twitter:label1\" content=\"Est. reading time\" \/>\n\t<meta name=\"twitter:data1\" content=\"3 minutes\" \/>\n<script type=\"application\/ld+json\" class=\"yoast-schema-graph\">{\"@context\":\"https:\\\/\\\/schema.org\",\"@graph\":[{\"@type\":\"WebPage\",\"@id\":\"https:\\\/\\\/medicinasinc.com\\\/ro\\\/product\\\/cumpara-crystal-meth-metanfetamina\\\/\",\"url\":\"https:\\\/\\\/medicinasinc.com\\\/ro\\\/product\\\/cumpara-crystal-meth-metanfetamina\\\/\",\"name\":\"Cump\u0103ra\u021bi Crystal Meth (metamfetamina) - Cele mai bune medicamente globale\",\"isPartOf\":{\"@id\":\"https:\\\/\\\/medicinasinc.com\\\/ro\\\/#website\"},\"primaryImageOfPage\":{\"@id\":\"https:\\\/\\\/medicinasinc.com\\\/ro\\\/product\\\/cumpara-crystal-meth-metanfetamina\\\/#primaryimage\"},\"image\":{\"@id\":\"https:\\\/\\\/medicinasinc.com\\\/ro\\\/product\\\/cumpara-crystal-meth-metanfetamina\\\/#primaryimage\"},\"thumbnailUrl\":\"https:\\\/\\\/medicinasinc.com\\\/ro\\\/wp-content\\\/uploads\\\/sites\\\/11\\\/2022\\\/02\\\/Buy-Crystal-Meth.jpg\",\"datePublished\":\"2022-02-22T00:08:30+00:00\",\"dateModified\":\"2022-03-22T00:57:03+00:00\",\"description\":\"Cump\u0103ra\u021bi Crystal Meth de v\u00e2nzare Marea Britanie, UE, Europa, SUA, China pentru a trata cancerul cu ajutorul bestglobalmeds.com. Cel mai bun loc de unde po\u021bi cump\u0103ra metamfetamina online ieftin.\",\"breadcrumb\":{\"@id\":\"https:\\\/\\\/medicinasinc.com\\\/ro\\\/product\\\/cumpara-crystal-meth-metanfetamina\\\/#breadcrumb\"},\"inLanguage\":\"en-US\",\"potentialAction\":[{\"@type\":\"ReadAction\",\"target\":[\"https:\\\/\\\/medicinasinc.com\\\/ro\\\/product\\\/cumpara-crystal-meth-metanfetamina\\\/\"]}]},{\"@type\":\"ImageObject\",\"inLanguage\":\"en-US\",\"@id\":\"https:\\\/\\\/medicinasinc.com\\\/ro\\\/product\\\/cumpara-crystal-meth-metanfetamina\\\/#primaryimage\",\"url\":\"https:\\\/\\\/medicinasinc.com\\\/ro\\\/wp-content\\\/uploads\\\/sites\\\/11\\\/2022\\\/02\\\/Buy-Crystal-Meth.jpg\",\"contentUrl\":\"https:\\\/\\\/medicinasinc.com\\\/ro\\\/wp-content\\\/uploads\\\/sites\\\/11\\\/2022\\\/02\\\/Buy-Crystal-Meth.jpg\",\"width\":1024,\"height\":768},{\"@type\":\"BreadcrumbList\",\"@id\":\"https:\\\/\\\/medicinasinc.com\\\/ro\\\/product\\\/cumpara-crystal-meth-metanfetamina\\\/#breadcrumb\",\"itemListElement\":[{\"@type\":\"ListItem\",\"position\":1,\"name\":\"Magazin\",\"item\":\"https:\\\/\\\/medicinasinc.com\\\/ro\\\/magazin\\\/\"},{\"@type\":\"ListItem\",\"position\":2,\"name\":\"Cump\u0103ra\u021bi Crystal Meth (metanfetamina)\"}]},{\"@type\":\"WebSite\",\"@id\":\"https:\\\/\\\/medicinasinc.com\\\/ro\\\/#website\",\"url\":\"https:\\\/\\\/medicinasinc.com\\\/ro\\\/\",\"name\":\"Medicinas Inc\",\"description\":\"Health Medical Clinic\",\"potentialAction\":[{\"@type\":\"SearchAction\",\"target\":{\"@type\":\"EntryPoint\",\"urlTemplate\":\"https:\\\/\\\/medicinasinc.com\\\/ro\\\/?s={search_term_string}\"},\"query-input\":{\"@type\":\"PropertyValueSpecification\",\"valueRequired\":true,\"valueName\":\"search_term_string\"}}],\"inLanguage\":\"en-US\"}]}<\/script>\n<!-- \/ Yoast SEO plugin. -->","yoast_head_json":{"title":"Cump\u0103ra\u021bi Crystal Meth (metamfetamina) - Cele mai bune medicamente globale","description":"Cump\u0103ra\u021bi Crystal Meth de v\u00e2nzare Marea Britanie, UE, Europa, SUA, China pentru a trata cancerul cu ajutorul bestglobalmeds.com. Cel mai bun loc de unde po\u021bi cump\u0103ra metamfetamina online ieftin.","robots":{"index":"index","follow":"follow","max-snippet":"max-snippet:-1","max-image-preview":"max-image-preview:large","max-video-preview":"max-video-preview:-1"},"canonical":"https:\/\/medicinasinc.com\/ro\/product\/cumpara-crystal-meth-metanfetamina\/","og_locale":"en_US","og_type":"article","og_title":"Cump\u0103ra\u021bi Crystal Meth (metamfetamina) - Cele mai bune medicamente globale","og_description":"Cump\u0103ra\u021bi Crystal Meth de v\u00e2nzare Marea Britanie, UE, Europa, SUA, China pentru a trata cancerul cu ajutorul bestglobalmeds.com. Cel mai bun loc de unde po\u021bi cump\u0103ra metamfetamina online ieftin.","og_url":"https:\/\/medicinasinc.com\/ro\/product\/cumpara-crystal-meth-metanfetamina\/","og_site_name":"Medicinas Inc","article_modified_time":"2022-03-22T00:57:03+00:00","og_image":[{"width":1024,"height":768,"url":"https:\/\/medicinasinc.com\/ro\/wp-content\/uploads\/sites\/11\/2022\/02\/Buy-Crystal-Meth.jpg","type":"image\/jpeg"}],"twitter_card":"summary_large_image","twitter_misc":{"Est. reading time":"3 minutes"},"schema":{"@context":"https:\/\/schema.org","@graph":[{"@type":"WebPage","@id":"https:\/\/medicinasinc.com\/ro\/product\/cumpara-crystal-meth-metanfetamina\/","url":"https:\/\/medicinasinc.com\/ro\/product\/cumpara-crystal-meth-metanfetamina\/","name":"Cump\u0103ra\u021bi Crystal Meth (metamfetamina) - Cele mai bune medicamente globale","isPartOf":{"@id":"https:\/\/medicinasinc.com\/ro\/#website"},"primaryImageOfPage":{"@id":"https:\/\/medicinasinc.com\/ro\/product\/cumpara-crystal-meth-metanfetamina\/#primaryimage"},"image":{"@id":"https:\/\/medicinasinc.com\/ro\/product\/cumpara-crystal-meth-metanfetamina\/#primaryimage"},"thumbnailUrl":"https:\/\/medicinasinc.com\/ro\/wp-content\/uploads\/sites\/11\/2022\/02\/Buy-Crystal-Meth.jpg","datePublished":"2022-02-22T00:08:30+00:00","dateModified":"2022-03-22T00:57:03+00:00","description":"Cump\u0103ra\u021bi Crystal Meth de v\u00e2nzare Marea Britanie, UE, Europa, SUA, China pentru a trata cancerul cu ajutorul bestglobalmeds.com. Cel mai bun loc de unde po\u021bi cump\u0103ra metamfetamina online ieftin.","breadcrumb":{"@id":"https:\/\/medicinasinc.com\/ro\/product\/cumpara-crystal-meth-metanfetamina\/#breadcrumb"},"inLanguage":"en-US","potentialAction":[{"@type":"ReadAction","target":["https:\/\/medicinasinc.com\/ro\/product\/cumpara-crystal-meth-metanfetamina\/"]}]},{"@type":"ImageObject","inLanguage":"en-US","@id":"https:\/\/medicinasinc.com\/ro\/product\/cumpara-crystal-meth-metanfetamina\/#primaryimage","url":"https:\/\/medicinasinc.com\/ro\/wp-content\/uploads\/sites\/11\/2022\/02\/Buy-Crystal-Meth.jpg","contentUrl":"https:\/\/medicinasinc.com\/ro\/wp-content\/uploads\/sites\/11\/2022\/02\/Buy-Crystal-Meth.jpg","width":1024,"height":768},{"@type":"BreadcrumbList","@id":"https:\/\/medicinasinc.com\/ro\/product\/cumpara-crystal-meth-metanfetamina\/#breadcrumb","itemListElement":[{"@type":"ListItem","position":1,"name":"Magazin","item":"https:\/\/medicinasinc.com\/ro\/magazin\/"},{"@type":"ListItem","position":2,"name":"Cump\u0103ra\u021bi Crystal Meth (metanfetamina)"}]},{"@type":"WebSite","@id":"https:\/\/medicinasinc.com\/ro\/#website","url":"https:\/\/medicinasinc.com\/ro\/","name":"Medicinas Inc","description":"Health Medical Clinic","potentialAction":[{"@type":"SearchAction","target":{"@type":"EntryPoint","urlTemplate":"https:\/\/medicinasinc.com\/ro\/?s={search_term_string}"},"query-input":{"@type":"PropertyValueSpecification","valueRequired":true,"valueName":"search_term_string"}}],"inLanguage":"en-US"}]}},"_links":{"self":[{"href":"https:\/\/medicinasinc.com\/ro\/wp-json\/wp\/v2\/product\/5471","targetHints":{"allow":["GET"]}}],"collection":[{"href":"https:\/\/medicinasinc.com\/ro\/wp-json\/wp\/v2\/product"}],"about":[{"href":"https:\/\/medicinasinc.com\/ro\/wp-json\/wp\/v2\/types\/product"}],"replies":[{"embeddable":true,"href":"https:\/\/medicinasinc.com\/ro\/wp-json\/wp\/v2\/comments?post=5471"}],"wp:featuredmedia":[{"embeddable":true,"href":"https:\/\/medicinasinc.com\/ro\/wp-json\/wp\/v2\/media\/5483"}],"wp:attachment":[{"href":"https:\/\/medicinasinc.com\/ro\/wp-json\/wp\/v2\/media?parent=5471"}],"wp:term":[{"taxonomy":"product_brand","embeddable":true,"href":"https:\/\/medicinasinc.com\/ro\/wp-json\/wp\/v2\/product_brand?post=5471"},{"taxonomy":"product_cat","embeddable":true,"href":"https:\/\/medicinasinc.com\/ro\/wp-json\/wp\/v2\/product_cat?post=5471"},{"taxonomy":"product_tag","embeddable":true,"href":"https:\/\/medicinasinc.com\/ro\/wp-json\/wp\/v2\/product_tag?post=5471"}],"curies":[{"name":"wp","href":"https:\/\/api.w.org\/{rel}","templated":true}]}}