{"id":5470,"date":"2022-02-22T00:06:57","date_gmt":"2022-02-22T00:06:57","guid":{"rendered":"https:\/\/medicinasinc.com\/ro\/?post_type=product&#038;p=5470"},"modified":"2022-03-22T00:57:13","modified_gmt":"2022-03-22T00:57:13","slug":"cumpara-al-lea-cristal-pvp","status":"publish","type":"product","link":"https:\/\/medicinasinc.com\/ro\/product\/cumpara-al-lea-cristal-pvp\/","title":{"rendered":"Cump\u0103ra\u021bi TH-PVP Crystal"},"content":{"rendered":"<p>Cump\u0103ra\u021bi cristal TH-PVP cu reducere online.<\/p>\n<p>Cump\u0103ra\u021bi cristal TH-PVP cu reducere online.<\/p>\n<p>Cump\u0103ra\u021bi online TH-PVP de la cea mai reputat\u0103 companie de transport de birou din lume .<\/p>\n<p>TH-PVP, ca \u0219i PVP, este un energizant. Se cunosc pu\u021bine lucruri despre aceast\u0103 substan\u021b\u0103 chimic\u0103 \u00een acest sens, cre\u00e2nd o oportunitate enorm\u0103 pentru cercetare.<\/p>\n<p>Suntem cel mai bun furnizor de TH-PVP din China \u0219i suntem considera\u021bi pe scar\u0103 larg\u0103 drept cel mai bun dealer TH-PVP Reddit. Dac\u0103 sunte\u021bi \u00een c\u0103utarea unui v\u00e2nz\u0103tor legitim de chilipiruri TH-PVP, nu merge\u021bi mai departe dec\u00e2t noi.<\/p>\n<p>CUMP\u0102R\u0102 TH-PVP ONLINE DIN MAGAZINUL NOSTRU<\/p>\n<p>Dac\u0103 sunte\u021bi \u00een c\u0103utarea unui TH -Magazin PVP pe web care v\u0103 permite s\u0103 cump\u0103ra\u021bi \u00een siguran\u021b\u0103 o bijuterie TH-PVP, Classicarabians este cel mai bun pariu. Avem la \u00eendem\u00e2n\u0103 o varietate de diverse materiale sintetice \u00een scopuri de cercetare, \u00eempreun\u0103 cu TH-PVP \u0219i al\u021bi echivalenti TH-PVP. Tehnica noastr\u0103 este destul de clar\u0103 \u0219i necomplicat\u0103 pentru a utiliza intrarea avansat\u0103 pentru a ob\u021bine pietre pre\u021bioase TH-PVP online la pre\u021buri reduse de la produc\u0103tori \u0219i furnizori din China.<\/p>\n<p>Dac\u0103 locui\u021bi \u00een Statele Unite ale Americii, Canada, Regatul Unit, Australia sau Europa \u0219i ave\u021bi nevoie urgent\u0103 de un articol, oferim livrare \u00een \u00eentreaga lume. Indiferent, v\u0103 recomand\u0103m s\u0103 v\u0103 familiariza\u021bi cu utiliz\u0103rile \u0219i simptomele TH-PVP \u00eenainte de a solicita. \u00cen plus, ar trebui s\u0103 fi\u021bi con\u0219tien\u021bi de anumite consecin\u021be reale asociate cu achizi\u021bionarea de pietre pre\u021bioase TH-PVP online f\u0103r\u0103 un tratament \u00een statul dumneavoastr\u0103. Classicarabians este cel mai mare v\u00e2nz\u0103tor de TH-PVP online, permi\u021b\u00e2ndu-v\u0103 s\u0103 v\u0103 completa\u021bi investiga\u021bia logic\u0103 cu cele mai u\u0219or accesibile materiale substan\u021be. Indiferent, v\u0103 recomand\u0103m s\u0103 v\u0103 familiariza\u021bi cu utiliz\u0103rile \u0219i simptomele TH-PVP \u00eenainte de a solicita. \u00cen plus, ar trebui s\u0103 fi\u021bi con\u0219tien\u021bi de anumite consecin\u021be reale asociate cu achizi\u021bionarea de pietre pre\u021bioase TH-PVP online f\u0103r\u0103 un tratament \u00een statul dumneavoastr\u0103.<\/p>\n<p>Oferim cea mai mare cantitate \u0219i calitate de lucruri. F\u0103 un efort s\u0103 nu-\u021bi irose\u0219ti timpul. Trimite\u021bi cererea acum \u0219i articolul v\u0103 va fi livrat acas\u0103. \u00cen plus, avem cear\u0103 de stea mor\u021bii.<\/p>\n","protected":false},"excerpt":{"rendered":"<div class=\"woocommerce-product-details__short-description\">\n<div class=\"char\">SPECIFICA\u021aII<\/div>\n<div class=\"specification\">\n<div class=\"sprow\"><span class=\"spname\">Numele produsului:<\/span><span class=\"sptext\">TH-PVP<\/span><\/div>\n<div class=\"sprow\"><span class=\"spname\">Nume IUPAC:<\/span> <span class=\"sptext\">2-(pirolidin-1-il)-1-(5,6,7,8-tetrahidronaftalen-2-il)pentan-1-on\u0103<\/span><\/div>\n<div class=\"sprow\"><span class=\"spname\">Alte nume:<\/span><span class=\"sptext\">TH-\u03b1-PVP<\/span><\/div>\n<div class=\"sprow\"> <span class=\"spname\">Num\u0103r CAS:<\/span><span class=\"sptext\">583123-2-1<\/span><\/div>\n<div class=\"sprow\"><span class=\"spname \">Formul\u0103 molecular\u0103:<\/span><span class=\"sptext\">C19H27NO<\/span><\/div>\n<div class=\"sprow\"><span class=\"spname\">Efect:<\/span><span class=\"sptext\">stimulant, psihedelic<\/span><\/div>\n<div class=\"sprow\"><span class=\"spname\">Puritatea substan\u021bei:<\/span><span class=\"sptext\"> 99,9%<\/span><\/div>\n<div class=\"sprow\"><\/div>\n<\/p><\/div>\n<p><em>Cump\u0103ra\u021bi<\/em>\u00a0de \u00eenalt\u0103 calitate\u00a0<em>TH pvp pe linie<\/em>\u00a0la pre\u021b cu ridicata China\u00a0<em>TH pvp<\/em>\u00a0furnizor. &#8230; de unde po\u021bi\u00a0<em>cump\u0103ra<\/em>\u00a0th-pvp\u00a0<em>crystal online ieftin<\/em>\u00a0la pre\u021buri cu ridicata\u00a0<em><\/em><\/p>\n<p><em>Cump\u0103r\u0103 TH<\/em> &#8211;<em>PVP<\/em>\u00a0Rock\u00a0<em>Crystal<\/em> de la Approved Drug Supplies la cel mai bun pre\u021b la Bestglobalmeds.com<\/p>\n<p>Cump\u0103ra\u021bi TH-PVP Crystal la cel mai mic pre\u021b online. Livrarea \u00een \u00eentreaga lume este garantat\u0103 a fi sigur\u0103 \u0219i sigur\u0103 cu noi. th-pvp\u00a0review<\/p>\n<p>De unde s\u0103 cump\u0103ra\u021bi cristale TH-PVP ieftine?<\/p>\n<p>Cristale de v\u00e2nzare | Cump\u0103ra\u021bi TH-PVP Crystal online | Cump\u0103ra\u021bi pulbere de cristal TH-PVP de v\u00e2nzare | Cump\u0103ra\u021bi ieftin TH-PVP Crystal pudr\u0103 | De unde s\u0103 cump\u0103r online pulbere de cristal TH-PVP | Real TH-PVP Crystal online.<\/p>\n<\/p><\/div>\n","protected":false},"featured_media":5481,"comment_status":"open","ping_status":"closed","template":"","meta":[],"product_brand":[],"product_cat":[2014],"product_tag":[2786,2781,2785,2783,2784,2778,2779,2780,2798,2796,2782,2788,2789,2790,2791,2787,2792,2793,2795,2794,2797],"class_list":{"0":"post-5470","1":"product","2":"type-product","3":"status-publish","4":"has-post-thumbnail","6":"product_cat-cumprare-cercetare-chimice","7":"product_tag-achizitionat-al-lea-pvp-cristal-de-roca","8":"product_tag-buy-th-pvp-rock-crystal-usa","9":"product_tag-comanda-al-lea-pvp-cristal-de-roca-online","10":"product_tag-comanda-al-lea-pvp-cristal-de-roca","11":"product_tag-order-th-pvp-rock-crystal-eu","12":"product_tag-cumpr-al-lea-pvp-cristal-de-roc","13":"product_tag-cumpr-th-pvp-rock-crystal-online","14":"product_tag-cumpr-th-pvp-stimulante-cu-cristale-de-roc","15":"product_tag-de-unde-s-cumprm-al-lea-pvp-cristal-de-roca","16":"product_tag-th-pvp-furnizor-cristale-de-roca","17":"product_tag-mail-th-pvp-cristal-de-roca","18":"product_tag-th-pvp-cristal-de-roca-australia","19":"product_tag-th-pvp-cristal-de-roca-de-vanzare","20":"product_tag-th-pvp-cristal-de-roca-de-vnzare-uk","21":"product_tag-th-pvp-rock-crystal-online","22":"product_tag-th-pvp-cristal-de-roc","23":"product_tag-th-pvp-rock-crystal-reddit","24":"product_tag-th-pvp-rock-crystal-review","25":"product_tag-th-pvp-rock-crystal-stimulants-for-sale","26":"product_tag-th-pvp-stimulente-cu-cristale-de-roc","27":"product_tag-th-pvp-vnztor-de-cristale-de-roc","29":"first","30":"instock","31":"shipping-taxable","32":"purchasable","33":"product-type-variable","34":"has-default-attributes"},"yoast_head":"<!-- This site is optimized with the Yoast SEO plugin v27.3 - https:\/\/yoast.com\/product\/yoast-seo-wordpress\/ -->\n<title>Cump\u0103ra\u021bi cristale TH-PVP ieftine online - Best Global Medicine<\/title>\n<meta name=\"description\" content=\"Cump\u0103ra\u021bi online cristale TH-PVP ieftine. Cristal real TH-PVP online \u2013 Cristal TH-PVP de v\u00e2nzare | Cump\u0103ra\u021bi TH-PVP Crystal online | Cump\u0103ra\u021bi pulbere de cristal TH-PVP de v\u00e2nzare| Cump\u0103ra\u021bi ieftin TH-PVP Crystal pudr\u0103 | De unde s\u0103 cump\u0103ra\u021bi pulbere de cristal TH-PVP online.\" \/>\n<meta name=\"robots\" content=\"index, follow, max-snippet:-1, max-image-preview:large, max-video-preview:-1\" \/>\n<link rel=\"canonical\" href=\"https:\/\/medicinasinc.com\/ro\/product\/cumpara-al-lea-cristal-pvp\/\" \/>\n<meta property=\"og:locale\" content=\"en_US\" \/>\n<meta property=\"og:type\" content=\"article\" \/>\n<meta property=\"og:title\" content=\"Cump\u0103ra\u021bi cristale TH-PVP ieftine online - Best Global Medicine\" \/>\n<meta property=\"og:description\" content=\"Cump\u0103ra\u021bi online cristale TH-PVP ieftine. Cristal real TH-PVP online \u2013 Cristal TH-PVP de v\u00e2nzare | Cump\u0103ra\u021bi TH-PVP Crystal online | Cump\u0103ra\u021bi pulbere de cristal TH-PVP de v\u00e2nzare| Cump\u0103ra\u021bi ieftin TH-PVP Crystal pudr\u0103 | De unde s\u0103 cump\u0103ra\u021bi pulbere de cristal TH-PVP online.\" \/>\n<meta property=\"og:url\" content=\"https:\/\/medicinasinc.com\/ro\/product\/cumpara-al-lea-cristal-pvp\/\" \/>\n<meta property=\"og:site_name\" content=\"Medicinas Inc\" \/>\n<meta property=\"article:modified_time\" content=\"2022-03-22T00:57:13+00:00\" \/>\n<meta property=\"og:image\" content=\"https:\/\/medicinasinc.com\/ro\/wp-content\/uploads\/sites\/11\/2022\/02\/buy-cheap-th-pvp-crystal-online.jpg\" \/>\n\t<meta property=\"og:image:width\" content=\"600\" \/>\n\t<meta property=\"og:image:height\" content=\"600\" \/>\n\t<meta property=\"og:image:type\" content=\"image\/jpeg\" \/>\n<meta name=\"twitter:card\" content=\"summary_large_image\" \/>\n<meta name=\"twitter:label1\" content=\"Est. reading time\" \/>\n\t<meta name=\"twitter:data1\" content=\"2 minutes\" \/>\n<script type=\"application\/ld+json\" class=\"yoast-schema-graph\">{\"@context\":\"https:\\\/\\\/schema.org\",\"@graph\":[{\"@type\":\"WebPage\",\"@id\":\"https:\\\/\\\/medicinasinc.com\\\/ro\\\/product\\\/cumpara-al-lea-cristal-pvp\\\/\",\"url\":\"https:\\\/\\\/medicinasinc.com\\\/ro\\\/product\\\/cumpara-al-lea-cristal-pvp\\\/\",\"name\":\"Cump\u0103ra\u021bi cristale TH-PVP ieftine online - Best Global Medicine\",\"isPartOf\":{\"@id\":\"https:\\\/\\\/medicinasinc.com\\\/ro\\\/#website\"},\"primaryImageOfPage\":{\"@id\":\"https:\\\/\\\/medicinasinc.com\\\/ro\\\/product\\\/cumpara-al-lea-cristal-pvp\\\/#primaryimage\"},\"image\":{\"@id\":\"https:\\\/\\\/medicinasinc.com\\\/ro\\\/product\\\/cumpara-al-lea-cristal-pvp\\\/#primaryimage\"},\"thumbnailUrl\":\"https:\\\/\\\/medicinasinc.com\\\/ro\\\/wp-content\\\/uploads\\\/sites\\\/11\\\/2022\\\/02\\\/buy-cheap-th-pvp-crystal-online.jpg\",\"datePublished\":\"2022-02-22T00:06:57+00:00\",\"dateModified\":\"2022-03-22T00:57:13+00:00\",\"description\":\"Cump\u0103ra\u021bi online cristale TH-PVP ieftine. Cristal real TH-PVP online \u2013 Cristal TH-PVP de v\u00e2nzare | Cump\u0103ra\u021bi TH-PVP Crystal online | Cump\u0103ra\u021bi pulbere de cristal TH-PVP de v\u00e2nzare| Cump\u0103ra\u021bi ieftin TH-PVP Crystal pudr\u0103 | De unde s\u0103 cump\u0103ra\u021bi pulbere de cristal TH-PVP online.\",\"breadcrumb\":{\"@id\":\"https:\\\/\\\/medicinasinc.com\\\/ro\\\/product\\\/cumpara-al-lea-cristal-pvp\\\/#breadcrumb\"},\"inLanguage\":\"en-US\",\"potentialAction\":[{\"@type\":\"ReadAction\",\"target\":[\"https:\\\/\\\/medicinasinc.com\\\/ro\\\/product\\\/cumpara-al-lea-cristal-pvp\\\/\"]}]},{\"@type\":\"ImageObject\",\"inLanguage\":\"en-US\",\"@id\":\"https:\\\/\\\/medicinasinc.com\\\/ro\\\/product\\\/cumpara-al-lea-cristal-pvp\\\/#primaryimage\",\"url\":\"https:\\\/\\\/medicinasinc.com\\\/ro\\\/wp-content\\\/uploads\\\/sites\\\/11\\\/2022\\\/02\\\/buy-cheap-th-pvp-crystal-online.jpg\",\"contentUrl\":\"https:\\\/\\\/medicinasinc.com\\\/ro\\\/wp-content\\\/uploads\\\/sites\\\/11\\\/2022\\\/02\\\/buy-cheap-th-pvp-crystal-online.jpg\",\"width\":600,\"height\":600},{\"@type\":\"BreadcrumbList\",\"@id\":\"https:\\\/\\\/medicinasinc.com\\\/ro\\\/product\\\/cumpara-al-lea-cristal-pvp\\\/#breadcrumb\",\"itemListElement\":[{\"@type\":\"ListItem\",\"position\":1,\"name\":\"Magazin\",\"item\":\"https:\\\/\\\/medicinasinc.com\\\/ro\\\/magazin\\\/\"},{\"@type\":\"ListItem\",\"position\":2,\"name\":\"Cump\u0103ra\u021bi TH-PVP Crystal\"}]},{\"@type\":\"WebSite\",\"@id\":\"https:\\\/\\\/medicinasinc.com\\\/ro\\\/#website\",\"url\":\"https:\\\/\\\/medicinasinc.com\\\/ro\\\/\",\"name\":\"Medicinas Inc\",\"description\":\"Health Medical Clinic\",\"potentialAction\":[{\"@type\":\"SearchAction\",\"target\":{\"@type\":\"EntryPoint\",\"urlTemplate\":\"https:\\\/\\\/medicinasinc.com\\\/ro\\\/?s={search_term_string}\"},\"query-input\":{\"@type\":\"PropertyValueSpecification\",\"valueRequired\":true,\"valueName\":\"search_term_string\"}}],\"inLanguage\":\"en-US\"}]}<\/script>\n<!-- \/ Yoast SEO plugin. -->","yoast_head_json":{"title":"Cump\u0103ra\u021bi cristale TH-PVP ieftine online - Best Global Medicine","description":"Cump\u0103ra\u021bi online cristale TH-PVP ieftine. Cristal real TH-PVP online \u2013 Cristal TH-PVP de v\u00e2nzare | Cump\u0103ra\u021bi TH-PVP Crystal online | Cump\u0103ra\u021bi pulbere de cristal TH-PVP de v\u00e2nzare| Cump\u0103ra\u021bi ieftin TH-PVP Crystal pudr\u0103 | De unde s\u0103 cump\u0103ra\u021bi pulbere de cristal TH-PVP online.","robots":{"index":"index","follow":"follow","max-snippet":"max-snippet:-1","max-image-preview":"max-image-preview:large","max-video-preview":"max-video-preview:-1"},"canonical":"https:\/\/medicinasinc.com\/ro\/product\/cumpara-al-lea-cristal-pvp\/","og_locale":"en_US","og_type":"article","og_title":"Cump\u0103ra\u021bi cristale TH-PVP ieftine online - Best Global Medicine","og_description":"Cump\u0103ra\u021bi online cristale TH-PVP ieftine. Cristal real TH-PVP online \u2013 Cristal TH-PVP de v\u00e2nzare | Cump\u0103ra\u021bi TH-PVP Crystal online | Cump\u0103ra\u021bi pulbere de cristal TH-PVP de v\u00e2nzare| Cump\u0103ra\u021bi ieftin TH-PVP Crystal pudr\u0103 | De unde s\u0103 cump\u0103ra\u021bi pulbere de cristal TH-PVP online.","og_url":"https:\/\/medicinasinc.com\/ro\/product\/cumpara-al-lea-cristal-pvp\/","og_site_name":"Medicinas Inc","article_modified_time":"2022-03-22T00:57:13+00:00","og_image":[{"width":600,"height":600,"url":"https:\/\/medicinasinc.com\/ro\/wp-content\/uploads\/sites\/11\/2022\/02\/buy-cheap-th-pvp-crystal-online.jpg","type":"image\/jpeg"}],"twitter_card":"summary_large_image","twitter_misc":{"Est. reading time":"2 minutes"},"schema":{"@context":"https:\/\/schema.org","@graph":[{"@type":"WebPage","@id":"https:\/\/medicinasinc.com\/ro\/product\/cumpara-al-lea-cristal-pvp\/","url":"https:\/\/medicinasinc.com\/ro\/product\/cumpara-al-lea-cristal-pvp\/","name":"Cump\u0103ra\u021bi cristale TH-PVP ieftine online - Best Global Medicine","isPartOf":{"@id":"https:\/\/medicinasinc.com\/ro\/#website"},"primaryImageOfPage":{"@id":"https:\/\/medicinasinc.com\/ro\/product\/cumpara-al-lea-cristal-pvp\/#primaryimage"},"image":{"@id":"https:\/\/medicinasinc.com\/ro\/product\/cumpara-al-lea-cristal-pvp\/#primaryimage"},"thumbnailUrl":"https:\/\/medicinasinc.com\/ro\/wp-content\/uploads\/sites\/11\/2022\/02\/buy-cheap-th-pvp-crystal-online.jpg","datePublished":"2022-02-22T00:06:57+00:00","dateModified":"2022-03-22T00:57:13+00:00","description":"Cump\u0103ra\u021bi online cristale TH-PVP ieftine. Cristal real TH-PVP online \u2013 Cristal TH-PVP de v\u00e2nzare | Cump\u0103ra\u021bi TH-PVP Crystal online | Cump\u0103ra\u021bi pulbere de cristal TH-PVP de v\u00e2nzare| Cump\u0103ra\u021bi ieftin TH-PVP Crystal pudr\u0103 | De unde s\u0103 cump\u0103ra\u021bi pulbere de cristal TH-PVP online.","breadcrumb":{"@id":"https:\/\/medicinasinc.com\/ro\/product\/cumpara-al-lea-cristal-pvp\/#breadcrumb"},"inLanguage":"en-US","potentialAction":[{"@type":"ReadAction","target":["https:\/\/medicinasinc.com\/ro\/product\/cumpara-al-lea-cristal-pvp\/"]}]},{"@type":"ImageObject","inLanguage":"en-US","@id":"https:\/\/medicinasinc.com\/ro\/product\/cumpara-al-lea-cristal-pvp\/#primaryimage","url":"https:\/\/medicinasinc.com\/ro\/wp-content\/uploads\/sites\/11\/2022\/02\/buy-cheap-th-pvp-crystal-online.jpg","contentUrl":"https:\/\/medicinasinc.com\/ro\/wp-content\/uploads\/sites\/11\/2022\/02\/buy-cheap-th-pvp-crystal-online.jpg","width":600,"height":600},{"@type":"BreadcrumbList","@id":"https:\/\/medicinasinc.com\/ro\/product\/cumpara-al-lea-cristal-pvp\/#breadcrumb","itemListElement":[{"@type":"ListItem","position":1,"name":"Magazin","item":"https:\/\/medicinasinc.com\/ro\/magazin\/"},{"@type":"ListItem","position":2,"name":"Cump\u0103ra\u021bi TH-PVP Crystal"}]},{"@type":"WebSite","@id":"https:\/\/medicinasinc.com\/ro\/#website","url":"https:\/\/medicinasinc.com\/ro\/","name":"Medicinas Inc","description":"Health Medical Clinic","potentialAction":[{"@type":"SearchAction","target":{"@type":"EntryPoint","urlTemplate":"https:\/\/medicinasinc.com\/ro\/?s={search_term_string}"},"query-input":{"@type":"PropertyValueSpecification","valueRequired":true,"valueName":"search_term_string"}}],"inLanguage":"en-US"}]}},"_links":{"self":[{"href":"https:\/\/medicinasinc.com\/ro\/wp-json\/wp\/v2\/product\/5470","targetHints":{"allow":["GET"]}}],"collection":[{"href":"https:\/\/medicinasinc.com\/ro\/wp-json\/wp\/v2\/product"}],"about":[{"href":"https:\/\/medicinasinc.com\/ro\/wp-json\/wp\/v2\/types\/product"}],"replies":[{"embeddable":true,"href":"https:\/\/medicinasinc.com\/ro\/wp-json\/wp\/v2\/comments?post=5470"}],"wp:featuredmedia":[{"embeddable":true,"href":"https:\/\/medicinasinc.com\/ro\/wp-json\/wp\/v2\/media\/5481"}],"wp:attachment":[{"href":"https:\/\/medicinasinc.com\/ro\/wp-json\/wp\/v2\/media?parent=5470"}],"wp:term":[{"taxonomy":"product_brand","embeddable":true,"href":"https:\/\/medicinasinc.com\/ro\/wp-json\/wp\/v2\/product_brand?post=5470"},{"taxonomy":"product_cat","embeddable":true,"href":"https:\/\/medicinasinc.com\/ro\/wp-json\/wp\/v2\/product_cat?post=5470"},{"taxonomy":"product_tag","embeddable":true,"href":"https:\/\/medicinasinc.com\/ro\/wp-json\/wp\/v2\/product_tag?post=5470"}],"curies":[{"name":"wp","href":"https:\/\/api.w.org\/{rel}","templated":true}]}}