{"id":5469,"date":"2022-02-22T00:05:12","date_gmt":"2022-02-22T00:05:12","guid":{"rendered":"https:\/\/medicinasinc.com\/ro\/?post_type=product&#038;p=5469"},"modified":"2022-03-22T00:57:31","modified_gmt":"2022-03-22T00:57:31","slug":"cumpara-clonazolam-pulbere","status":"publish","type":"product","link":"https:\/\/medicinasinc.com\/ro\/product\/cumpara-clonazolam-pulbere\/","title":{"rendered":"Cump\u0103ra\u021bi pulbere de clonazolam"},"content":{"rendered":"<h1 style=\"font-weight: 600\"><b><strong>Cump\u0103ra\u021bi pulbere de clonazolam\u00a0<\/strong><\/b><\/h1>\n<p style=\"font-weight: 400\">Clonazolam lider \u00een magazinul de top din Europa Furnizor de produse chimice cu ridicata<\/p>\n<h2 style=\"font-weight: 600\">CLONAZOLAM Powder Furnizor din UE, Marea Britanie<\/h2>\n<ul style=\"font-weight: 400\">\n<li>Urm\u0103rit\u00a0 &#8211; Urm\u0103rit Asigurat sau normal livrare<\/li>\n<li>Detaliile transferului bancar sau pl\u0103\u021bilor bitcoin la check-out .<\/li>\n<li>Livrare de luni p\u00e2n\u0103 vineri<\/li>\n<li><b><strong>Re\u021bine\u021bi c\u0103 sunte\u021bi acoperit doar pentru pierderi dup\u0103 30 de zile 1 x Reexpediere gratuit\u0103 pe un serviciu asigurat urm\u0103rit &#8211; Ne pare r\u0103u, f\u0103r\u0103 excep\u021bii!<\/strong><\/b><\/li>\n<\/ul>\n<h3 style=\"font-weight: 600\"><\/h3>\n<h3 style=\"font-weight: 600\"><b><strong>Pudr\u0103 de clonazolam\u00a0<\/strong><\/b><\/h3>\n<ul style=\"font-weight: 400\">\n<li><b><a href=\"https:\/\/psychonautwiki.org\/wiki\/Sedation\">Sedation<\/a><\/b>\u00a0&#8211; Clonazolamul are poten\u021bialul de a fi extrem de sedativ \u0219i adesea duce la o stare cov\u00e2r\u0219itoare de letargie. La niveluri mai \u00eenalte, acest lucru \u00eei face pe utilizatori s\u0103 se simt\u0103 brusc ca \u0219i cum ar fi extrem de lipsi\u021bi de somn \u0219i nu au dormit zile \u00eentregi, for\u021b\u00e2ndu-i s\u0103 se a\u0219eze \u0219i, \u00een general, s\u0103 simt\u0103 c\u0103 sunt \u00een permanen\u021b\u0103 pe punctul de a le\u0219ina \u00een loc s\u0103 se angajeze \u00een activit\u0103\u021bi fizice. Acest sentiment de privare de somn cre\u0219te propor\u021bional cu doza \u0219i \u00een cele din urm\u0103 devine suficient de puternic pentru a for\u021ba o persoan\u0103 s\u0103 devin\u0103 complet incon\u0219tient\u0103.<\/li>\n<li><b><a href=\"https:\/\/psychonautwiki.org\/wiki\/Muscle_relaxation\"> Relaxare muscular\u0103<\/a><\/b>\u00a0&#8211; Acest efect este deosebit de puternic \u00een compara\u021bie cu alte benzodiazepine, cum ar fi\u00a0<a href=\"https:\/\/psychonautwiki.org\/wiki\/Alprazolam\">alprazolam<\/a>.<\/li>\n<li><b><a href=\"https:\/\/psychonautwiki.org\/wiki\/Motor_control_loss\">Pierderea controlului motorului<\/a><\/b><\/li>\n<li><b><a>Ame\u021beli<\/a><\/b><\/li>\n<li><b><a href=\"https:\/\/psychonautwiki.org\/wiki\/Cri\u0219terea_libidoului\">Libidoul crescut<\/a><\/b><\/li>\n<li><b><a href=\"https:\/\/psychonautwiki.org\/wiki\/Respiratory_depression\">Depresia respiratorie<\/a><\/b><\/li>\n<\/ul>\n<p style=\"font-weight: 400\"><b><strong>Clonazolamul\u00a0<\/strong><\/b>este \u00een clasa benzodiazepinelor. Benzodiazepinele con\u021bin un inel benzenic fuzionat cu un inel diazepin, care este un inel cu \u0219apte membri care are cei doi constituen\u021bi de azot localiza\u021bi la R1 \u0219i R4. Inelul benzilic al clonazolamului este substituit la R8 cu o grupare nitro NO2-. Inelul de diazepin\u0103 este, de asemenea, legat la R6, de un inel fenil 2-clorurat.<\/p>\n<p style=\"font-weight: 400\"><a href=\"https:\/\/www.bestglobalmeds.com\/product\/ research-chemicals\/buy-clonazolam-powder\/\">Clonazolam<\/a> con\u021bine un inel triazol 1-metilat fuzionat \u0219i care \u00eencorporeaz\u0103 R1 \u0219i R2 din inelul s\u0103u de diazepin\u0103. Clonazolamul apar\u021bine unei clase de benzodiazepine care con\u021bin acest inel triazol fuzionat, numite triazolobenzodiazepine, care se disting prin sufixul -zolam. Alte nitrobenzodiazepine includ clonazepam \u0219i flunitrazepam.<\/p>\n<p style=\"font-weight: 400\">6-(2-clorofenil)-1-metil-8-nitro-4H-s-triazolo- (4,3- a)-(1,4)-benzodiazepin\u0103<\/p>\n<p>Acest produs este v\u00e2ndut numai \u00een scopuri de cercetare \u0219i nu este utilizat \u00een alte scopuri, inclusiv, dar f\u0103r\u0103 a se limita la, scopuri de diagnostic in vivo, \u00een alimente, \u00een medicamente, \u00een dispozitive medicinale \u0219i\/sau \u00een produse cosmetice pentru oameni \u0219i\/sau animale.<\/p>\n<p style=\"font-weight: 400\">\u00cenainte de a comanda, v\u0103 rug\u0103m s\u0103 v\u0103 asigura\u021bi c\u0103 sunte\u021bi echipat corespunz\u0103tor pentru produse chimice de cercetare \u0219i c\u0103 zona dvs. de lucru este bine ventilat\u0103.<\/p>\n<p style=\"font-weight: 400\">Trebuie s\u0103 ave\u021bi 18 ani sau mai mult pentru a comanda acest produs.<\/p>\n","protected":false},"excerpt":{"rendered":"<div class=\"woocommerce-product-details__short-description\">\n<p>Cump\u0103ra\u021bi pudr\u0103 de clonazolam pur\u0103 de \u00eenalt\u0103 calitate Europa, Marea Britanie, UE online cu Bitcoin &#8211; Cump\u0103ra\u021bi medicamente legale online, cump\u0103ra\u021bi substan\u021be chimice clonazolam, cump\u0103ra\u021bi pulberi farmaceutice brute.<\/p>\n<p>Cu Bitcoin, pute\u021bi cump\u0103ra online pulbere de clonazolam pur\u0103, de \u00eenalt\u0103 calitate. Pute\u021bi cump\u0103ra medicamente legale, substan\u021be chimice de cercetare \u0219i pulberi brute farmaceutice pe tot internetul.<\/p>\n<p>Cump\u0103ra\u021bi Clonazolam pentru a v\u0103 reduce anxietatea \u0219i atacurile de panic\u0103. Are un efect pozitiv asupra bun\u0103st\u0103rii dumneavoastr\u0103 mentale.<\/p>\n<p>De unde pot ob\u021bine clonazolam \u00een S.U.A.? V\u00e2nz\u0103tor de clonazolam, livrare rapid\u0103, calitate excelent\u0103 \u0219i capacitatea de a evita cu u\u0219urin\u021b\u0103 v\u0103mile<\/p>\n<p>Cump\u0103ra\u021bi pulbere de clonazolam pe internet. Clonazolamul este identic din punct de vedere structural cu Clonazepam, cu excep\u021bia inelului 1,2,4-triazol fuzionat cu inelul benzenic. Pentru ce se utilizeaz\u0103 Clonazolam \u0219i cum \u00eei ajut\u0103 pe oameni? \u00centre timp, Clonazolam este disponibil exclusiv \u00een scopuri de cercetare \u0219i nu pentru consumul uman.<\/p>\n<\/p><\/div>\n","protected":false},"featured_media":5479,"comment_status":"open","ping_status":"closed","template":"","meta":[],"product_brand":[],"product_cat":[2014],"product_tag":[2748,2751,2752,2753,2754,2755,2757,2758,2763,2764,2760,2765,2772,2771,2770,2769,2750,2756,2749,2775,2776,2777,2768,2759,2767,2774,2761,2762,2773,2766],"class_list":{"0":"post-5469","1":"product","2":"type-product","3":"status-publish","4":"has-post-thumbnail","6":"product_cat-cumprare-cercetare-chimice","7":"product_tag-buy-cheap-clonazolam-powder-online","8":"product_tag-buy-clonazolam-online","9":"product_tag-buy-clonazolam-powder","10":"product_tag-buy-clonazolam-powder-online","11":"product_tag-buy-pure-clonazolam-powder-online","12":"product_tag-clonazolam","13":"product_tag-clonazolam-de-vnzare","14":"product_tag-clonazolam-powder","15":"product_tag-clonazolam-powder-price","16":"product_tag-clonazolam-price","17":"product_tag-clonazolam-pulbere-eu","18":"product_tag-clonazolam-research","19":"product_tag-comanda-c-lam-trott-2019-pudra","20":"product_tag-cum-se-comand-clonazolam-pulbere-online","21":"product_tag-cum-se-obine-pudr-de-clonazolam-pur-online","22":"product_tag-cum-se-consum-clonazolam-pulbere","23":"product_tag-cumpr-clonazolam","24":"product_tag-clonazolam-cumprare","25":"product_tag-buy-clon-clam-pudr","26":"product_tag-de-unde-s-cumpr-pulbere-de-clonazolam","27":"product_tag-de-unde-se-cumpr-clonazolam-pulbere-online","28":"product_tag-unde-se-achizitioneaza-clonitrazolam-pulbere-online","29":"product_tag-eclonazolam-powder-for-sale","30":"product_tag-clonazolam-pulbere-educare","31":"product_tag-pulbere-cristalin-clonazolam","32":"product_tag-calitate-clonazolam-pulbere","33":"product_tag-clonazolam-pulbere-in-canada","34":"product_tag-clonazolam-pulbere-online","35":"product_tag-pur-clonazolam-pulbere","36":"product_tag-clonitrazolam-pulbere-cel-mai-bun-pret-online","38":"first","39":"instock","40":"shipping-taxable","41":"purchasable","42":"product-type-variable","43":"has-default-attributes"},"yoast_head":"<!-- This site is optimized with the Yoast SEO plugin v27.3 - https:\/\/yoast.com\/product\/yoast-seo-wordpress\/ -->\n<title>Cump\u0103ra\u021bi pulbere de clonazolam - pulbere de clonazolam - cele mai bune medicamente globale<\/title>\n<meta name=\"description\" content=\"Cump\u0103ra\u021bi pulbere de clonazolam de \u00eenalt\u0103 calitate \u00een Europa, Marea Britanie, UE online cu Bitcoin - Cump\u0103ra\u021bi medicamente legale online, cump\u0103ra\u021bi substan\u021be chimice clonazolam, cump\u0103ra\u021bi pulberi farmaceutice brute.\" \/>\n<meta name=\"robots\" content=\"index, follow, max-snippet:-1, max-image-preview:large, max-video-preview:-1\" \/>\n<link rel=\"canonical\" href=\"https:\/\/medicinasinc.com\/ro\/product\/cumpara-clonazolam-pulbere\/\" \/>\n<meta property=\"og:locale\" content=\"en_US\" \/>\n<meta property=\"og:type\" content=\"article\" \/>\n<meta property=\"og:title\" content=\"Cump\u0103ra\u021bi pulbere de clonazolam - pulbere de clonazolam - cele mai bune medicamente globale\" \/>\n<meta property=\"og:description\" content=\"Cump\u0103ra\u021bi pulbere de clonazolam de \u00eenalt\u0103 calitate \u00een Europa, Marea Britanie, UE online cu Bitcoin - Cump\u0103ra\u021bi medicamente legale online, cump\u0103ra\u021bi substan\u021be chimice clonazolam, cump\u0103ra\u021bi pulberi farmaceutice brute.\" \/>\n<meta property=\"og:url\" content=\"https:\/\/medicinasinc.com\/ro\/product\/cumpara-clonazolam-pulbere\/\" \/>\n<meta property=\"og:site_name\" content=\"Medicinas Inc\" \/>\n<meta property=\"article:modified_time\" content=\"2022-03-22T00:57:31+00:00\" \/>\n<meta property=\"og:image\" content=\"https:\/\/medicinasinc.com\/ro\/wp-content\/uploads\/sites\/11\/2022\/02\/Buy-Clonazolam-Powder.jpeg\" \/>\n\t<meta property=\"og:image:width\" content=\"566\" \/>\n\t<meta property=\"og:image:height\" content=\"600\" \/>\n\t<meta property=\"og:image:type\" content=\"image\/jpeg\" \/>\n<meta name=\"twitter:card\" content=\"summary_large_image\" \/>\n<meta name=\"twitter:label1\" content=\"Est. reading time\" \/>\n\t<meta name=\"twitter:data1\" content=\"2 minutes\" \/>\n<script type=\"application\/ld+json\" class=\"yoast-schema-graph\">{\"@context\":\"https:\\\/\\\/schema.org\",\"@graph\":[{\"@type\":\"WebPage\",\"@id\":\"https:\\\/\\\/medicinasinc.com\\\/ro\\\/product\\\/cumpara-clonazolam-pulbere\\\/\",\"url\":\"https:\\\/\\\/medicinasinc.com\\\/ro\\\/product\\\/cumpara-clonazolam-pulbere\\\/\",\"name\":\"Cump\u0103ra\u021bi pulbere de clonazolam - pulbere de clonazolam - cele mai bune medicamente globale\",\"isPartOf\":{\"@id\":\"https:\\\/\\\/medicinasinc.com\\\/ro\\\/#website\"},\"primaryImageOfPage\":{\"@id\":\"https:\\\/\\\/medicinasinc.com\\\/ro\\\/product\\\/cumpara-clonazolam-pulbere\\\/#primaryimage\"},\"image\":{\"@id\":\"https:\\\/\\\/medicinasinc.com\\\/ro\\\/product\\\/cumpara-clonazolam-pulbere\\\/#primaryimage\"},\"thumbnailUrl\":\"https:\\\/\\\/medicinasinc.com\\\/ro\\\/wp-content\\\/uploads\\\/sites\\\/11\\\/2022\\\/02\\\/Buy-Clonazolam-Powder.jpeg\",\"datePublished\":\"2022-02-22T00:05:12+00:00\",\"dateModified\":\"2022-03-22T00:57:31+00:00\",\"description\":\"Cump\u0103ra\u021bi pulbere de clonazolam de \u00eenalt\u0103 calitate \u00een Europa, Marea Britanie, UE online cu Bitcoin - Cump\u0103ra\u021bi medicamente legale online, cump\u0103ra\u021bi substan\u021be chimice clonazolam, cump\u0103ra\u021bi pulberi farmaceutice brute.\",\"breadcrumb\":{\"@id\":\"https:\\\/\\\/medicinasinc.com\\\/ro\\\/product\\\/cumpara-clonazolam-pulbere\\\/#breadcrumb\"},\"inLanguage\":\"en-US\",\"potentialAction\":[{\"@type\":\"ReadAction\",\"target\":[\"https:\\\/\\\/medicinasinc.com\\\/ro\\\/product\\\/cumpara-clonazolam-pulbere\\\/\"]}]},{\"@type\":\"ImageObject\",\"inLanguage\":\"en-US\",\"@id\":\"https:\\\/\\\/medicinasinc.com\\\/ro\\\/product\\\/cumpara-clonazolam-pulbere\\\/#primaryimage\",\"url\":\"https:\\\/\\\/medicinasinc.com\\\/ro\\\/wp-content\\\/uploads\\\/sites\\\/11\\\/2022\\\/02\\\/Buy-Clonazolam-Powder.jpeg\",\"contentUrl\":\"https:\\\/\\\/medicinasinc.com\\\/ro\\\/wp-content\\\/uploads\\\/sites\\\/11\\\/2022\\\/02\\\/Buy-Clonazolam-Powder.jpeg\",\"width\":566,\"height\":600},{\"@type\":\"BreadcrumbList\",\"@id\":\"https:\\\/\\\/medicinasinc.com\\\/ro\\\/product\\\/cumpara-clonazolam-pulbere\\\/#breadcrumb\",\"itemListElement\":[{\"@type\":\"ListItem\",\"position\":1,\"name\":\"Magazin\",\"item\":\"https:\\\/\\\/medicinasinc.com\\\/ro\\\/magazin\\\/\"},{\"@type\":\"ListItem\",\"position\":2,\"name\":\"Cump\u0103ra\u021bi pulbere de clonazolam\"}]},{\"@type\":\"WebSite\",\"@id\":\"https:\\\/\\\/medicinasinc.com\\\/ro\\\/#website\",\"url\":\"https:\\\/\\\/medicinasinc.com\\\/ro\\\/\",\"name\":\"Medicinas Inc\",\"description\":\"Health Medical Clinic\",\"potentialAction\":[{\"@type\":\"SearchAction\",\"target\":{\"@type\":\"EntryPoint\",\"urlTemplate\":\"https:\\\/\\\/medicinasinc.com\\\/ro\\\/?s={search_term_string}\"},\"query-input\":{\"@type\":\"PropertyValueSpecification\",\"valueRequired\":true,\"valueName\":\"search_term_string\"}}],\"inLanguage\":\"en-US\"}]}<\/script>\n<!-- \/ Yoast SEO plugin. -->","yoast_head_json":{"title":"Cump\u0103ra\u021bi pulbere de clonazolam - pulbere de clonazolam - cele mai bune medicamente globale","description":"Cump\u0103ra\u021bi pulbere de clonazolam de \u00eenalt\u0103 calitate \u00een Europa, Marea Britanie, UE online cu Bitcoin - Cump\u0103ra\u021bi medicamente legale online, cump\u0103ra\u021bi substan\u021be chimice clonazolam, cump\u0103ra\u021bi pulberi farmaceutice brute.","robots":{"index":"index","follow":"follow","max-snippet":"max-snippet:-1","max-image-preview":"max-image-preview:large","max-video-preview":"max-video-preview:-1"},"canonical":"https:\/\/medicinasinc.com\/ro\/product\/cumpara-clonazolam-pulbere\/","og_locale":"en_US","og_type":"article","og_title":"Cump\u0103ra\u021bi pulbere de clonazolam - pulbere de clonazolam - cele mai bune medicamente globale","og_description":"Cump\u0103ra\u021bi pulbere de clonazolam de \u00eenalt\u0103 calitate \u00een Europa, Marea Britanie, UE online cu Bitcoin - Cump\u0103ra\u021bi medicamente legale online, cump\u0103ra\u021bi substan\u021be chimice clonazolam, cump\u0103ra\u021bi pulberi farmaceutice brute.","og_url":"https:\/\/medicinasinc.com\/ro\/product\/cumpara-clonazolam-pulbere\/","og_site_name":"Medicinas Inc","article_modified_time":"2022-03-22T00:57:31+00:00","og_image":[{"width":566,"height":600,"url":"https:\/\/medicinasinc.com\/ro\/wp-content\/uploads\/sites\/11\/2022\/02\/Buy-Clonazolam-Powder.jpeg","type":"image\/jpeg"}],"twitter_card":"summary_large_image","twitter_misc":{"Est. reading time":"2 minutes"},"schema":{"@context":"https:\/\/schema.org","@graph":[{"@type":"WebPage","@id":"https:\/\/medicinasinc.com\/ro\/product\/cumpara-clonazolam-pulbere\/","url":"https:\/\/medicinasinc.com\/ro\/product\/cumpara-clonazolam-pulbere\/","name":"Cump\u0103ra\u021bi pulbere de clonazolam - pulbere de clonazolam - cele mai bune medicamente globale","isPartOf":{"@id":"https:\/\/medicinasinc.com\/ro\/#website"},"primaryImageOfPage":{"@id":"https:\/\/medicinasinc.com\/ro\/product\/cumpara-clonazolam-pulbere\/#primaryimage"},"image":{"@id":"https:\/\/medicinasinc.com\/ro\/product\/cumpara-clonazolam-pulbere\/#primaryimage"},"thumbnailUrl":"https:\/\/medicinasinc.com\/ro\/wp-content\/uploads\/sites\/11\/2022\/02\/Buy-Clonazolam-Powder.jpeg","datePublished":"2022-02-22T00:05:12+00:00","dateModified":"2022-03-22T00:57:31+00:00","description":"Cump\u0103ra\u021bi pulbere de clonazolam de \u00eenalt\u0103 calitate \u00een Europa, Marea Britanie, UE online cu Bitcoin - Cump\u0103ra\u021bi medicamente legale online, cump\u0103ra\u021bi substan\u021be chimice clonazolam, cump\u0103ra\u021bi pulberi farmaceutice brute.","breadcrumb":{"@id":"https:\/\/medicinasinc.com\/ro\/product\/cumpara-clonazolam-pulbere\/#breadcrumb"},"inLanguage":"en-US","potentialAction":[{"@type":"ReadAction","target":["https:\/\/medicinasinc.com\/ro\/product\/cumpara-clonazolam-pulbere\/"]}]},{"@type":"ImageObject","inLanguage":"en-US","@id":"https:\/\/medicinasinc.com\/ro\/product\/cumpara-clonazolam-pulbere\/#primaryimage","url":"https:\/\/medicinasinc.com\/ro\/wp-content\/uploads\/sites\/11\/2022\/02\/Buy-Clonazolam-Powder.jpeg","contentUrl":"https:\/\/medicinasinc.com\/ro\/wp-content\/uploads\/sites\/11\/2022\/02\/Buy-Clonazolam-Powder.jpeg","width":566,"height":600},{"@type":"BreadcrumbList","@id":"https:\/\/medicinasinc.com\/ro\/product\/cumpara-clonazolam-pulbere\/#breadcrumb","itemListElement":[{"@type":"ListItem","position":1,"name":"Magazin","item":"https:\/\/medicinasinc.com\/ro\/magazin\/"},{"@type":"ListItem","position":2,"name":"Cump\u0103ra\u021bi pulbere de clonazolam"}]},{"@type":"WebSite","@id":"https:\/\/medicinasinc.com\/ro\/#website","url":"https:\/\/medicinasinc.com\/ro\/","name":"Medicinas Inc","description":"Health Medical Clinic","potentialAction":[{"@type":"SearchAction","target":{"@type":"EntryPoint","urlTemplate":"https:\/\/medicinasinc.com\/ro\/?s={search_term_string}"},"query-input":{"@type":"PropertyValueSpecification","valueRequired":true,"valueName":"search_term_string"}}],"inLanguage":"en-US"}]}},"_links":{"self":[{"href":"https:\/\/medicinasinc.com\/ro\/wp-json\/wp\/v2\/product\/5469","targetHints":{"allow":["GET"]}}],"collection":[{"href":"https:\/\/medicinasinc.com\/ro\/wp-json\/wp\/v2\/product"}],"about":[{"href":"https:\/\/medicinasinc.com\/ro\/wp-json\/wp\/v2\/types\/product"}],"replies":[{"embeddable":true,"href":"https:\/\/medicinasinc.com\/ro\/wp-json\/wp\/v2\/comments?post=5469"}],"wp:featuredmedia":[{"embeddable":true,"href":"https:\/\/medicinasinc.com\/ro\/wp-json\/wp\/v2\/media\/5479"}],"wp:attachment":[{"href":"https:\/\/medicinasinc.com\/ro\/wp-json\/wp\/v2\/media?parent=5469"}],"wp:term":[{"taxonomy":"product_brand","embeddable":true,"href":"https:\/\/medicinasinc.com\/ro\/wp-json\/wp\/v2\/product_brand?post=5469"},{"taxonomy":"product_cat","embeddable":true,"href":"https:\/\/medicinasinc.com\/ro\/wp-json\/wp\/v2\/product_cat?post=5469"},{"taxonomy":"product_tag","embeddable":true,"href":"https:\/\/medicinasinc.com\/ro\/wp-json\/wp\/v2\/product_tag?post=5469"}],"curies":[{"name":"wp","href":"https:\/\/api.w.org\/{rel}","templated":true}]}}