{"id":5468,"date":"2022-02-22T00:04:03","date_gmt":"2022-02-22T00:04:03","guid":{"rendered":"https:\/\/medicinasinc.com\/ro\/?post_type=product&#038;p=5468"},"modified":"2022-03-22T00:57:39","modified_gmt":"2022-03-22T00:57:39","slug":"cumpara-4-cl-pvp-cristale","status":"publish","type":"product","link":"https:\/\/medicinasinc.com\/ro\/product\/cumpara-4-cl-pvp-cristale\/","title":{"rendered":"Cump\u0103ra\u021bi cristale 4-CL-PVP"},"content":{"rendered":"<p>Ce este exact 4-CL-PVP?<\/p>\n<p>Echivalentul cristalin al a-PVP este 4-CL-PVP. Este un stimulent clasic. Investiga\u021biile de cercetare 4-CL-PVP produc adesea constat\u0103ri de vorb\u0103re\u021b, vigilen\u021b\u0103 crescut\u0103, energie crescut\u0103 \u0219i alte efecte stimulatoare. PVP-urile cu efecte 4-CL dureaz\u0103 adesea mai pu\u021bin de trei ore. \u00cen plus, s-a raportat c\u0103 substan\u021ba genereaz\u0103 efecte euforice u\u0219oare p\u00e2n\u0103 la severe. Cercet\u0103torii care caut\u0103 un \u00eenlocuitor pentru a-PVP vor g\u0103si c\u0103 4-CL-PVP este un \u00eenlocuitor acceptabil. 4-CL-PVP este un inhibitor al recapt\u0103rii norepinefrinei \u0219i dopaminei. Acest fapt contribuie semnificativ la propriet\u0103\u021bile stimulatoare ale acestei substan\u021be chimice.<\/p>\n<p>De unde pot cump\u0103ra 4-CL-PVP?<\/p>\n<p>Chemical Planet vinde 4-CL-PVP de o calitate extrem de \u00eenalt\u0103. De obicei, 4-CL-PVP nostru este furnizat sub form\u0103 de cristal. Dac\u0103 nu vede\u021bi formularul pe care \u00eel c\u0103uta\u021bi, v\u0103 rug\u0103m s\u0103 ne contacta\u021bi pentru a afla c\u00e2nd va fi disponibil din nou.<\/p>\n<p>Dac\u0103 dori\u021bi s\u0103 cump\u0103ra\u021bi 4-Cl-PVP de la Chemical Planet, trebuie s\u0103 v\u0103 afla\u021bi la cel pu\u021bin 18 ani \u0219i pe deplin \u00een conformitate cu toate legile locale de cercetare chimic\u0103. Compu\u0219ii no\u0219tri sunt destina\u021bi numai pentru cercetare \u0219i nu sunt pentru consumul uman sau animal.<\/p>\n<p>&nbsp;<\/p>\n<p>Legalitatea 4-CL-PVP<\/p>\n<p>Majoritatea \u021b\u0103rile din \u00eentreaga lume s-au ab\u021binut s\u0103 declare 4-CL-PVP o substan\u021b\u0103 chimic\u0103 interzis\u0103. Acest lucru \u00eenseamn\u0103 c\u0103 este neplanificat \u00een majoritatea loca\u021biilor. Dac\u0103 ave\u021bi nevoie de informa\u021bii suplimentare cu privire la statutul legal al 4-CL-PVP, v\u0103 rug\u0103m s\u0103 contacta\u021bi autorit\u0103\u021bile federale.<\/p>\n<p>Depozita\u021bi \u00eentotdeauna \u00eentr-un loc r\u0103coros \u0219i uscat pentru a asigura cea mai lung\u0103 perioad\u0103 de valabilitate posibil\u0103. Acest produs este destinat exclusiv \u00een scopuri criminalistice \u0219i de cercetare. Ca atare, NU este destinat consumului uman sau oric\u0103rui tip de experimentare in vivo pe animale sau orice alt\u0103 entitate vie.<\/p>\n","protected":false},"excerpt":{"rendered":"<p>Cristale 4-CL-PVP de v\u00e2nzare \u00een Regatul Unit, Europa \u0219i Uniunea European\u0103. Cump\u0103ra\u021bi cristale 4-CL-PVP online la cel mai bun pre\u021b, cu livrare gratuit\u0103 disponibil\u0103 \u00een toat\u0103 lumea.<\/p>\n<p>De v\u00e2nzare sunt cristale 4-CL-PVP.<\/p>\n<p>Cump\u0103ra\u021bi cristale 4-CL-PVP online la cel mai bun pre\u021b, cu livrare gratuit\u0103 disponibil\u0103 \u00een \u00eentreaga lume.<\/p>\n<p>Achizi\u021biona\u021bi cristale 4-CL-PVP cu reducere online.<\/p>\n<p>4-CL-PVP Crystal este un stimulant \u0219i omologul nou a popularului a-PVP.<\/p>\n","protected":false},"featured_media":5477,"comment_status":"open","ping_status":"closed","template":"","meta":[],"product_brand":[],"product_cat":[2014],"product_tag":[2738,2741,2739,2740,2743,2744,2745,2742,2746,2747],"class_list":{"0":"post-5468","1":"product","2":"type-product","3":"status-publish","4":"has-post-thumbnail","6":"product_cat-cumprare-cercetare-chimice","7":"product_tag-4-cl-pvp-cristale-de-vanzare","8":"product_tag-4-cl-pvp-de-vanzare","9":"product_tag-4-cl-pvp-effect","10":"product_tag-4-cl-pvp-europe","11":"product_tag-4-cl-pvp-reddit","12":"product_tag-buy-4-cl-pvp","13":"product_tag-buy-4-cl-pvp-crystal-online","14":"product_tag-4-cl-pvp-comanda","15":"product_tag-cumpara-4-cl-pvp-cristale-online","16":"product_tag-unde-s-cumprm-4-cl-pvp-crystals-online","18":"first","19":"instock","20":"shipping-taxable","21":"purchasable","22":"product-type-variable","23":"has-default-attributes"},"yoast_head":"<!-- This site is optimized with the Yoast SEO plugin v27.3 - https:\/\/yoast.com\/product\/yoast-seo-wordpress\/ -->\n<title>Cump\u0103ra\u021bi cristale 4-CL-PVP - Cristale 4-CL-PVP - Cele mai bune medicamente globale<\/title>\n<meta name=\"description\" content=\"Cump\u0103ra\u021bi cristale 4-CL-PVP de v\u00e2nzare Marea Britanie, Europa, UE. Cump\u0103ra\u021bi cristale 4-CL-PVP\u00a0online, livrare gratuit\u0103 de cea mai bun\u0103 calitate \u00een toat\u0103 lumea, cel mai ieftin, cel mai bun pre\u021b la comand\u0103.\" \/>\n<meta name=\"robots\" content=\"index, follow, max-snippet:-1, max-image-preview:large, max-video-preview:-1\" \/>\n<link rel=\"canonical\" href=\"https:\/\/medicinasinc.com\/ro\/product\/cumpara-4-cl-pvp-cristale\/\" \/>\n<meta property=\"og:locale\" content=\"en_US\" \/>\n<meta property=\"og:type\" content=\"article\" \/>\n<meta property=\"og:title\" content=\"Cump\u0103ra\u021bi cristale 4-CL-PVP - Cristale 4-CL-PVP - Cele mai bune medicamente globale\" \/>\n<meta property=\"og:description\" content=\"Cump\u0103ra\u021bi cristale 4-CL-PVP de v\u00e2nzare Marea Britanie, Europa, UE. Cump\u0103ra\u021bi cristale 4-CL-PVP\u00a0online, livrare gratuit\u0103 de cea mai bun\u0103 calitate \u00een toat\u0103 lumea, cel mai ieftin, cel mai bun pre\u021b la comand\u0103.\" \/>\n<meta property=\"og:url\" content=\"https:\/\/medicinasinc.com\/ro\/product\/cumpara-4-cl-pvp-cristale\/\" \/>\n<meta property=\"og:site_name\" content=\"Medicinas Inc\" \/>\n<meta property=\"article:modified_time\" content=\"2022-03-22T00:57:39+00:00\" \/>\n<meta property=\"og:image\" content=\"https:\/\/medicinasinc.com\/ro\/wp-content\/uploads\/sites\/11\/2022\/02\/Buy-4-CL-PVP-Crystals.jpg\" \/>\n\t<meta property=\"og:image:width\" content=\"275\" \/>\n\t<meta property=\"og:image:height\" content=\"183\" \/>\n\t<meta property=\"og:image:type\" content=\"image\/jpeg\" \/>\n<meta name=\"twitter:card\" content=\"summary_large_image\" \/>\n<meta name=\"twitter:label1\" content=\"Est. reading time\" \/>\n\t<meta name=\"twitter:data1\" content=\"2 minutes\" \/>\n<script type=\"application\/ld+json\" class=\"yoast-schema-graph\">{\"@context\":\"https:\\\/\\\/schema.org\",\"@graph\":[{\"@type\":\"WebPage\",\"@id\":\"https:\\\/\\\/medicinasinc.com\\\/ro\\\/product\\\/cumpara-4-cl-pvp-cristale\\\/\",\"url\":\"https:\\\/\\\/medicinasinc.com\\\/ro\\\/product\\\/cumpara-4-cl-pvp-cristale\\\/\",\"name\":\"Cump\u0103ra\u021bi cristale 4-CL-PVP - Cristale 4-CL-PVP - Cele mai bune medicamente globale\",\"isPartOf\":{\"@id\":\"https:\\\/\\\/medicinasinc.com\\\/ro\\\/#website\"},\"primaryImageOfPage\":{\"@id\":\"https:\\\/\\\/medicinasinc.com\\\/ro\\\/product\\\/cumpara-4-cl-pvp-cristale\\\/#primaryimage\"},\"image\":{\"@id\":\"https:\\\/\\\/medicinasinc.com\\\/ro\\\/product\\\/cumpara-4-cl-pvp-cristale\\\/#primaryimage\"},\"thumbnailUrl\":\"https:\\\/\\\/medicinasinc.com\\\/ro\\\/wp-content\\\/uploads\\\/sites\\\/11\\\/2022\\\/02\\\/Buy-4-CL-PVP-Crystals.jpg\",\"datePublished\":\"2022-02-22T00:04:03+00:00\",\"dateModified\":\"2022-03-22T00:57:39+00:00\",\"description\":\"Cump\u0103ra\u021bi cristale 4-CL-PVP de v\u00e2nzare Marea Britanie, Europa, UE. Cump\u0103ra\u021bi cristale 4-CL-PVP\u00a0online, livrare gratuit\u0103 de cea mai bun\u0103 calitate \u00een toat\u0103 lumea, cel mai ieftin, cel mai bun pre\u021b la comand\u0103.\",\"breadcrumb\":{\"@id\":\"https:\\\/\\\/medicinasinc.com\\\/ro\\\/product\\\/cumpara-4-cl-pvp-cristale\\\/#breadcrumb\"},\"inLanguage\":\"en-US\",\"potentialAction\":[{\"@type\":\"ReadAction\",\"target\":[\"https:\\\/\\\/medicinasinc.com\\\/ro\\\/product\\\/cumpara-4-cl-pvp-cristale\\\/\"]}]},{\"@type\":\"ImageObject\",\"inLanguage\":\"en-US\",\"@id\":\"https:\\\/\\\/medicinasinc.com\\\/ro\\\/product\\\/cumpara-4-cl-pvp-cristale\\\/#primaryimage\",\"url\":\"https:\\\/\\\/medicinasinc.com\\\/ro\\\/wp-content\\\/uploads\\\/sites\\\/11\\\/2022\\\/02\\\/Buy-4-CL-PVP-Crystals.jpg\",\"contentUrl\":\"https:\\\/\\\/medicinasinc.com\\\/ro\\\/wp-content\\\/uploads\\\/sites\\\/11\\\/2022\\\/02\\\/Buy-4-CL-PVP-Crystals.jpg\",\"width\":275,\"height\":183},{\"@type\":\"BreadcrumbList\",\"@id\":\"https:\\\/\\\/medicinasinc.com\\\/ro\\\/product\\\/cumpara-4-cl-pvp-cristale\\\/#breadcrumb\",\"itemListElement\":[{\"@type\":\"ListItem\",\"position\":1,\"name\":\"Magazin\",\"item\":\"https:\\\/\\\/medicinasinc.com\\\/ro\\\/magazin\\\/\"},{\"@type\":\"ListItem\",\"position\":2,\"name\":\"Cump\u0103ra\u021bi cristale 4-CL-PVP\"}]},{\"@type\":\"WebSite\",\"@id\":\"https:\\\/\\\/medicinasinc.com\\\/ro\\\/#website\",\"url\":\"https:\\\/\\\/medicinasinc.com\\\/ro\\\/\",\"name\":\"Medicinas Inc\",\"description\":\"Health Medical Clinic\",\"potentialAction\":[{\"@type\":\"SearchAction\",\"target\":{\"@type\":\"EntryPoint\",\"urlTemplate\":\"https:\\\/\\\/medicinasinc.com\\\/ro\\\/?s={search_term_string}\"},\"query-input\":{\"@type\":\"PropertyValueSpecification\",\"valueRequired\":true,\"valueName\":\"search_term_string\"}}],\"inLanguage\":\"en-US\"}]}<\/script>\n<!-- \/ Yoast SEO plugin. -->","yoast_head_json":{"title":"Cump\u0103ra\u021bi cristale 4-CL-PVP - Cristale 4-CL-PVP - Cele mai bune medicamente globale","description":"Cump\u0103ra\u021bi cristale 4-CL-PVP de v\u00e2nzare Marea Britanie, Europa, UE. Cump\u0103ra\u021bi cristale 4-CL-PVP\u00a0online, livrare gratuit\u0103 de cea mai bun\u0103 calitate \u00een toat\u0103 lumea, cel mai ieftin, cel mai bun pre\u021b la comand\u0103.","robots":{"index":"index","follow":"follow","max-snippet":"max-snippet:-1","max-image-preview":"max-image-preview:large","max-video-preview":"max-video-preview:-1"},"canonical":"https:\/\/medicinasinc.com\/ro\/product\/cumpara-4-cl-pvp-cristale\/","og_locale":"en_US","og_type":"article","og_title":"Cump\u0103ra\u021bi cristale 4-CL-PVP - Cristale 4-CL-PVP - Cele mai bune medicamente globale","og_description":"Cump\u0103ra\u021bi cristale 4-CL-PVP de v\u00e2nzare Marea Britanie, Europa, UE. Cump\u0103ra\u021bi cristale 4-CL-PVP\u00a0online, livrare gratuit\u0103 de cea mai bun\u0103 calitate \u00een toat\u0103 lumea, cel mai ieftin, cel mai bun pre\u021b la comand\u0103.","og_url":"https:\/\/medicinasinc.com\/ro\/product\/cumpara-4-cl-pvp-cristale\/","og_site_name":"Medicinas Inc","article_modified_time":"2022-03-22T00:57:39+00:00","og_image":[{"width":275,"height":183,"url":"https:\/\/medicinasinc.com\/ro\/wp-content\/uploads\/sites\/11\/2022\/02\/Buy-4-CL-PVP-Crystals.jpg","type":"image\/jpeg"}],"twitter_card":"summary_large_image","twitter_misc":{"Est. reading time":"2 minutes"},"schema":{"@context":"https:\/\/schema.org","@graph":[{"@type":"WebPage","@id":"https:\/\/medicinasinc.com\/ro\/product\/cumpara-4-cl-pvp-cristale\/","url":"https:\/\/medicinasinc.com\/ro\/product\/cumpara-4-cl-pvp-cristale\/","name":"Cump\u0103ra\u021bi cristale 4-CL-PVP - Cristale 4-CL-PVP - Cele mai bune medicamente globale","isPartOf":{"@id":"https:\/\/medicinasinc.com\/ro\/#website"},"primaryImageOfPage":{"@id":"https:\/\/medicinasinc.com\/ro\/product\/cumpara-4-cl-pvp-cristale\/#primaryimage"},"image":{"@id":"https:\/\/medicinasinc.com\/ro\/product\/cumpara-4-cl-pvp-cristale\/#primaryimage"},"thumbnailUrl":"https:\/\/medicinasinc.com\/ro\/wp-content\/uploads\/sites\/11\/2022\/02\/Buy-4-CL-PVP-Crystals.jpg","datePublished":"2022-02-22T00:04:03+00:00","dateModified":"2022-03-22T00:57:39+00:00","description":"Cump\u0103ra\u021bi cristale 4-CL-PVP de v\u00e2nzare Marea Britanie, Europa, UE. Cump\u0103ra\u021bi cristale 4-CL-PVP\u00a0online, livrare gratuit\u0103 de cea mai bun\u0103 calitate \u00een toat\u0103 lumea, cel mai ieftin, cel mai bun pre\u021b la comand\u0103.","breadcrumb":{"@id":"https:\/\/medicinasinc.com\/ro\/product\/cumpara-4-cl-pvp-cristale\/#breadcrumb"},"inLanguage":"en-US","potentialAction":[{"@type":"ReadAction","target":["https:\/\/medicinasinc.com\/ro\/product\/cumpara-4-cl-pvp-cristale\/"]}]},{"@type":"ImageObject","inLanguage":"en-US","@id":"https:\/\/medicinasinc.com\/ro\/product\/cumpara-4-cl-pvp-cristale\/#primaryimage","url":"https:\/\/medicinasinc.com\/ro\/wp-content\/uploads\/sites\/11\/2022\/02\/Buy-4-CL-PVP-Crystals.jpg","contentUrl":"https:\/\/medicinasinc.com\/ro\/wp-content\/uploads\/sites\/11\/2022\/02\/Buy-4-CL-PVP-Crystals.jpg","width":275,"height":183},{"@type":"BreadcrumbList","@id":"https:\/\/medicinasinc.com\/ro\/product\/cumpara-4-cl-pvp-cristale\/#breadcrumb","itemListElement":[{"@type":"ListItem","position":1,"name":"Magazin","item":"https:\/\/medicinasinc.com\/ro\/magazin\/"},{"@type":"ListItem","position":2,"name":"Cump\u0103ra\u021bi cristale 4-CL-PVP"}]},{"@type":"WebSite","@id":"https:\/\/medicinasinc.com\/ro\/#website","url":"https:\/\/medicinasinc.com\/ro\/","name":"Medicinas Inc","description":"Health Medical Clinic","potentialAction":[{"@type":"SearchAction","target":{"@type":"EntryPoint","urlTemplate":"https:\/\/medicinasinc.com\/ro\/?s={search_term_string}"},"query-input":{"@type":"PropertyValueSpecification","valueRequired":true,"valueName":"search_term_string"}}],"inLanguage":"en-US"}]}},"_links":{"self":[{"href":"https:\/\/medicinasinc.com\/ro\/wp-json\/wp\/v2\/product\/5468","targetHints":{"allow":["GET"]}}],"collection":[{"href":"https:\/\/medicinasinc.com\/ro\/wp-json\/wp\/v2\/product"}],"about":[{"href":"https:\/\/medicinasinc.com\/ro\/wp-json\/wp\/v2\/types\/product"}],"replies":[{"embeddable":true,"href":"https:\/\/medicinasinc.com\/ro\/wp-json\/wp\/v2\/comments?post=5468"}],"wp:featuredmedia":[{"embeddable":true,"href":"https:\/\/medicinasinc.com\/ro\/wp-json\/wp\/v2\/media\/5477"}],"wp:attachment":[{"href":"https:\/\/medicinasinc.com\/ro\/wp-json\/wp\/v2\/media?parent=5468"}],"wp:term":[{"taxonomy":"product_brand","embeddable":true,"href":"https:\/\/medicinasinc.com\/ro\/wp-json\/wp\/v2\/product_brand?post=5468"},{"taxonomy":"product_cat","embeddable":true,"href":"https:\/\/medicinasinc.com\/ro\/wp-json\/wp\/v2\/product_cat?post=5468"},{"taxonomy":"product_tag","embeddable":true,"href":"https:\/\/medicinasinc.com\/ro\/wp-json\/wp\/v2\/product_tag?post=5468"}],"curies":[{"name":"wp","href":"https:\/\/api.w.org\/{rel}","templated":true}]}}