{"id":5443,"date":"2022-02-21T23:37:16","date_gmt":"2022-02-21T23:37:16","guid":{"rendered":"https:\/\/medicinasinc.com\/ro\/?post_type=product&#038;p=5443"},"modified":"2022-03-22T00:57:50","modified_gmt":"2022-03-22T00:57:50","slug":"cumpara-bufedrona-pulbere","status":"publish","type":"product","link":"https:\/\/medicinasinc.com\/ro\/product\/cumpara-bufedrona-pulbere\/","title":{"rendered":"Cump\u0103ra\u021bi pudr\u0103 de Buphedrone"},"content":{"rendered":"<p>Achizi\u021biona\u021bi pudr\u0103 de Buphedrone<\/p>\n<p>R\u0103sfoi\u021bi catalogul nostru online Cump\u0103ra\u021bi pudr\u0103 sau cristale de Buphedrone. Oferim produse de \u00eenalt\u0103 calitate la pre\u021buri rezonabile. Comenzile cu un \u201esubtotal\u201d de cel pu\u021bin 10 g vor primi o reducere de 25%.<\/p>\n<p>Ce este mai exact Buphedrone?<br \/> Aceast\u0103 substan\u021b\u0103 chimic\u0103 de cercetare binecunoscut\u0103 este un stimulent al claselor chimice de fenetilamine \u0219i catinone. Buphedrona este o beta-ceton\u0103 care este legat\u0103 de compu\u0219ii naturali catinon\u0103 \u0219i catin\u0103. Este, de asemenea, cunoscut sub numele de -metilamino-butirofenon\u0103 sau fenilacetoetil-metilamin\u0103.<\/p>\n<p>Pudr\u0103 de bufedron\u0103\/Cump\u0103r\u0103 pudr\u0103 de bufedron\u0103<\/p>\n<p>Bufedron\u0103 pudr\u0103<\/p>\n<p>Este, de asemenea, \u00eenrudit cu metamfetamina, cu substituentul -ceton\u0103 (la carbonul beta) \u0219i o grupare etil \u00eenlocuind gruparea metil la carbonul alfa al aminei. Efectele sale asupra subiec\u021bilor de testare au fost comparate cu cele ale metamfetaminei, cu mai mult\u0103 euforie \u0219i mai pu\u021bin\u0103 stimulare fizic\u0103 observat\u0103 \u00een studii. Cre\u0219te eliberarea de dopamin\u0103 de la terminalele nervoase dopaminergice din creier.<\/p>\n<p>Bufedron sub form\u0103 de pulbere<\/p>\n<p>\u00cenlocuitorii de catinon\u0103, cum ar fi etcatinona, sunt compu\u0219i psihoactivi care sunt utiliza\u021bi \u00een mod obi\u0219nuit ca droguri recreative.<\/p>\n<p>Unele dintre ele au efecte asem\u0103n\u0103toare amfetaminei.<\/p>\n<p>3 Bufedrona (clorhidrat) este o catinon\u0103 substituit\u0103 cu o grupare etil \u00een pozi\u021bia alfa \u0219i o grupare metil la cap\u0103tul N-terminal. Acest compus a fost g\u0103sit \u00een produse legate de stimulente. 2 Propriet\u0103\u021bile sale biologice \u0219i toxicologice nu au fost \u00eenc\u0103 determinate. Acest produs este destinat utiliz\u0103rii medico-legale.<\/p>\n","protected":false},"excerpt":{"rendered":"<div class=\"woocommerce-product-details__short-description\">\n<p><em>Cump\u0103ra\u021bi<\/em>\u00a0pur\u0103 de \u00eenalt\u0103 calitate\u00a0<em>Buphedrone Powder<\/em>\u00a0online cu Bitcoin &#8211; <em>Cump\u0103ra\u021bi<\/em>\u00a0droguri legale online,\u00a0<em>cump\u0103ra\u021bi<\/em>\u00a0substan\u021be chimice de cercetare,\u00a0<em>cump\u0103ra\u021bi<\/em>\u00a0<em>pulberi farmaceutice brute<\/em>.<\/p>\n<p>Cump\u0103ra\u021bi Pulbere de buphedron\u0103 \u00een SUA Achizi\u021biona\u021bi \u00een vrac Buphedrona, cunoscut\u0103 \u0219i sub numele de MABP, este un stimulent de clas\u0103 chimic\u0103 de fenetilamin\u0103 \u0219i catinon\u0103.<\/p>\n<p>Achizi\u021biona\u021bi pulbere de buphedron\u0103 online.<\/p>\n<p>Buphedron\u0103, cunoscut\u0103 \u0219i sub numele de -metilamino -butirofenona (MABP), este un stimulent de fenetilamin\u0103 \u0219i catinon\u0103 care a fost sintetizat pentru prima dat\u0103 \u00een 1928.<\/p>\n<\/p><\/div>\n","protected":false},"featured_media":5455,"comment_status":"open","ping_status":"closed","template":"","meta":[],"product_brand":[],"product_cat":[2014],"product_tag":[2728,2729,2735,2734,2737,2727,2730,2731,2732,2736,2726,2733],"class_list":{"0":"post-5443","1":"product","2":"type-product","3":"status-publish","4":"has-post-thumbnail","6":"product_cat-cumprare-cercetare-chimice","7":"product_tag-buphedrone-powder-europe","8":"product_tag-buphedrone-powder-for-sale","9":"product_tag-comanda-bufedron-pulbere","10":"product_tag-cumpr-bufedron-pulbere","11":"product_tag-de-unde-se-cumpr-bufedron-pulbere","12":"product_tag-bufedrona-efect-pulbere","13":"product_tag-bufedron-pulbere-germania","14":"product_tag-bufedrona-pulbere-italia","15":"product_tag-buphedrone-pulbere-reddit","16":"product_tag-calitate-bufedron-pulbere","17":"product_tag-bufedron-pulbere","18":"product_tag-bufedron-pulbere-uk","20":"first","21":"instock","22":"shipping-taxable","23":"purchasable","24":"product-type-variable"},"yoast_head":"<!-- This site is optimized with the Yoast SEO plugin v27.3 - https:\/\/yoast.com\/product\/yoast-seo-wordpress\/ -->\n<title>Cump\u0103ra\u021bi pudr\u0103 de Buphedrone - Pudr\u0103 de Buphedrone - Best Global Meds<\/title>\n<meta name=\"description\" content=\"Cump\u0103ra\u021bi pulbere Buphedrone de v\u00e2nzare Marea Britanie, UE, Europa (\u03b1-metilamino-butirofenon\u0103 sau MABP) Cristal \u0219i pulbere cu puritate de 99,9% online cu .\" \/>\n<meta name=\"robots\" content=\"index, follow, max-snippet:-1, max-image-preview:large, max-video-preview:-1\" \/>\n<link rel=\"canonical\" href=\"https:\/\/medicinasinc.com\/ro\/product\/cumpara-bufedrona-pulbere\/\" \/>\n<meta property=\"og:locale\" content=\"en_US\" \/>\n<meta property=\"og:type\" content=\"article\" \/>\n<meta property=\"og:title\" content=\"Cump\u0103ra\u021bi pudr\u0103 de Buphedrone - Pudr\u0103 de Buphedrone - Best Global Meds\" \/>\n<meta property=\"og:description\" content=\"Cump\u0103ra\u021bi pulbere Buphedrone de v\u00e2nzare Marea Britanie, UE, Europa (\u03b1-metilamino-butirofenon\u0103 sau MABP) Cristal \u0219i pulbere cu puritate de 99,9% online cu .\" \/>\n<meta property=\"og:url\" content=\"https:\/\/medicinasinc.com\/ro\/product\/cumpara-bufedrona-pulbere\/\" \/>\n<meta property=\"og:site_name\" content=\"Medicinas Inc\" \/>\n<meta property=\"article:modified_time\" content=\"2022-03-22T00:57:50+00:00\" \/>\n<meta property=\"og:image\" content=\"https:\/\/medicinasinc.com\/ro\/wp-content\/uploads\/sites\/11\/2022\/02\/Buy-Buphedrone-powder.png\" \/>\n\t<meta property=\"og:image:width\" content=\"600\" \/>\n\t<meta property=\"og:image:height\" content=\"400\" \/>\n\t<meta property=\"og:image:type\" content=\"image\/png\" \/>\n<meta name=\"twitter:card\" content=\"summary_large_image\" \/>\n<meta name=\"twitter:label1\" content=\"Est. reading time\" \/>\n\t<meta name=\"twitter:data1\" content=\"1 minute\" \/>\n<script type=\"application\/ld+json\" class=\"yoast-schema-graph\">{\"@context\":\"https:\\\/\\\/schema.org\",\"@graph\":[{\"@type\":\"WebPage\",\"@id\":\"https:\\\/\\\/medicinasinc.com\\\/ro\\\/product\\\/cumpara-bufedrona-pulbere\\\/\",\"url\":\"https:\\\/\\\/medicinasinc.com\\\/ro\\\/product\\\/cumpara-bufedrona-pulbere\\\/\",\"name\":\"Cump\u0103ra\u021bi pudr\u0103 de Buphedrone - Pudr\u0103 de Buphedrone - Best Global Meds\",\"isPartOf\":{\"@id\":\"https:\\\/\\\/medicinasinc.com\\\/ro\\\/#website\"},\"primaryImageOfPage\":{\"@id\":\"https:\\\/\\\/medicinasinc.com\\\/ro\\\/product\\\/cumpara-bufedrona-pulbere\\\/#primaryimage\"},\"image\":{\"@id\":\"https:\\\/\\\/medicinasinc.com\\\/ro\\\/product\\\/cumpara-bufedrona-pulbere\\\/#primaryimage\"},\"thumbnailUrl\":\"https:\\\/\\\/medicinasinc.com\\\/ro\\\/wp-content\\\/uploads\\\/sites\\\/11\\\/2022\\\/02\\\/Buy-Buphedrone-powder.png\",\"datePublished\":\"2022-02-21T23:37:16+00:00\",\"dateModified\":\"2022-03-22T00:57:50+00:00\",\"description\":\"Cump\u0103ra\u021bi pulbere Buphedrone de v\u00e2nzare Marea Britanie, UE, Europa (\u03b1-metilamino-butirofenon\u0103 sau MABP) Cristal \u0219i pulbere cu puritate de 99,9% online cu .\",\"breadcrumb\":{\"@id\":\"https:\\\/\\\/medicinasinc.com\\\/ro\\\/product\\\/cumpara-bufedrona-pulbere\\\/#breadcrumb\"},\"inLanguage\":\"en-US\",\"potentialAction\":[{\"@type\":\"ReadAction\",\"target\":[\"https:\\\/\\\/medicinasinc.com\\\/ro\\\/product\\\/cumpara-bufedrona-pulbere\\\/\"]}]},{\"@type\":\"ImageObject\",\"inLanguage\":\"en-US\",\"@id\":\"https:\\\/\\\/medicinasinc.com\\\/ro\\\/product\\\/cumpara-bufedrona-pulbere\\\/#primaryimage\",\"url\":\"https:\\\/\\\/medicinasinc.com\\\/ro\\\/wp-content\\\/uploads\\\/sites\\\/11\\\/2022\\\/02\\\/Buy-Buphedrone-powder.png\",\"contentUrl\":\"https:\\\/\\\/medicinasinc.com\\\/ro\\\/wp-content\\\/uploads\\\/sites\\\/11\\\/2022\\\/02\\\/Buy-Buphedrone-powder.png\",\"width\":600,\"height\":400},{\"@type\":\"BreadcrumbList\",\"@id\":\"https:\\\/\\\/medicinasinc.com\\\/ro\\\/product\\\/cumpara-bufedrona-pulbere\\\/#breadcrumb\",\"itemListElement\":[{\"@type\":\"ListItem\",\"position\":1,\"name\":\"Magazin\",\"item\":\"https:\\\/\\\/medicinasinc.com\\\/ro\\\/magazin\\\/\"},{\"@type\":\"ListItem\",\"position\":2,\"name\":\"Cump\u0103ra\u021bi pudr\u0103 de Buphedrone\"}]},{\"@type\":\"WebSite\",\"@id\":\"https:\\\/\\\/medicinasinc.com\\\/ro\\\/#website\",\"url\":\"https:\\\/\\\/medicinasinc.com\\\/ro\\\/\",\"name\":\"Medicinas Inc\",\"description\":\"Health Medical Clinic\",\"potentialAction\":[{\"@type\":\"SearchAction\",\"target\":{\"@type\":\"EntryPoint\",\"urlTemplate\":\"https:\\\/\\\/medicinasinc.com\\\/ro\\\/?s={search_term_string}\"},\"query-input\":{\"@type\":\"PropertyValueSpecification\",\"valueRequired\":true,\"valueName\":\"search_term_string\"}}],\"inLanguage\":\"en-US\"}]}<\/script>\n<!-- \/ Yoast SEO plugin. -->","yoast_head_json":{"title":"Cump\u0103ra\u021bi pudr\u0103 de Buphedrone - Pudr\u0103 de Buphedrone - Best Global Meds","description":"Cump\u0103ra\u021bi pulbere Buphedrone de v\u00e2nzare Marea Britanie, UE, Europa (\u03b1-metilamino-butirofenon\u0103 sau MABP) Cristal \u0219i pulbere cu puritate de 99,9% online cu .","robots":{"index":"index","follow":"follow","max-snippet":"max-snippet:-1","max-image-preview":"max-image-preview:large","max-video-preview":"max-video-preview:-1"},"canonical":"https:\/\/medicinasinc.com\/ro\/product\/cumpara-bufedrona-pulbere\/","og_locale":"en_US","og_type":"article","og_title":"Cump\u0103ra\u021bi pudr\u0103 de Buphedrone - Pudr\u0103 de Buphedrone - Best Global Meds","og_description":"Cump\u0103ra\u021bi pulbere Buphedrone de v\u00e2nzare Marea Britanie, UE, Europa (\u03b1-metilamino-butirofenon\u0103 sau MABP) Cristal \u0219i pulbere cu puritate de 99,9% online cu .","og_url":"https:\/\/medicinasinc.com\/ro\/product\/cumpara-bufedrona-pulbere\/","og_site_name":"Medicinas Inc","article_modified_time":"2022-03-22T00:57:50+00:00","og_image":[{"width":600,"height":400,"url":"https:\/\/medicinasinc.com\/ro\/wp-content\/uploads\/sites\/11\/2022\/02\/Buy-Buphedrone-powder.png","type":"image\/png"}],"twitter_card":"summary_large_image","twitter_misc":{"Est. reading time":"1 minute"},"schema":{"@context":"https:\/\/schema.org","@graph":[{"@type":"WebPage","@id":"https:\/\/medicinasinc.com\/ro\/product\/cumpara-bufedrona-pulbere\/","url":"https:\/\/medicinasinc.com\/ro\/product\/cumpara-bufedrona-pulbere\/","name":"Cump\u0103ra\u021bi pudr\u0103 de Buphedrone - Pudr\u0103 de Buphedrone - Best Global Meds","isPartOf":{"@id":"https:\/\/medicinasinc.com\/ro\/#website"},"primaryImageOfPage":{"@id":"https:\/\/medicinasinc.com\/ro\/product\/cumpara-bufedrona-pulbere\/#primaryimage"},"image":{"@id":"https:\/\/medicinasinc.com\/ro\/product\/cumpara-bufedrona-pulbere\/#primaryimage"},"thumbnailUrl":"https:\/\/medicinasinc.com\/ro\/wp-content\/uploads\/sites\/11\/2022\/02\/Buy-Buphedrone-powder.png","datePublished":"2022-02-21T23:37:16+00:00","dateModified":"2022-03-22T00:57:50+00:00","description":"Cump\u0103ra\u021bi pulbere Buphedrone de v\u00e2nzare Marea Britanie, UE, Europa (\u03b1-metilamino-butirofenon\u0103 sau MABP) Cristal \u0219i pulbere cu puritate de 99,9% online cu .","breadcrumb":{"@id":"https:\/\/medicinasinc.com\/ro\/product\/cumpara-bufedrona-pulbere\/#breadcrumb"},"inLanguage":"en-US","potentialAction":[{"@type":"ReadAction","target":["https:\/\/medicinasinc.com\/ro\/product\/cumpara-bufedrona-pulbere\/"]}]},{"@type":"ImageObject","inLanguage":"en-US","@id":"https:\/\/medicinasinc.com\/ro\/product\/cumpara-bufedrona-pulbere\/#primaryimage","url":"https:\/\/medicinasinc.com\/ro\/wp-content\/uploads\/sites\/11\/2022\/02\/Buy-Buphedrone-powder.png","contentUrl":"https:\/\/medicinasinc.com\/ro\/wp-content\/uploads\/sites\/11\/2022\/02\/Buy-Buphedrone-powder.png","width":600,"height":400},{"@type":"BreadcrumbList","@id":"https:\/\/medicinasinc.com\/ro\/product\/cumpara-bufedrona-pulbere\/#breadcrumb","itemListElement":[{"@type":"ListItem","position":1,"name":"Magazin","item":"https:\/\/medicinasinc.com\/ro\/magazin\/"},{"@type":"ListItem","position":2,"name":"Cump\u0103ra\u021bi pudr\u0103 de Buphedrone"}]},{"@type":"WebSite","@id":"https:\/\/medicinasinc.com\/ro\/#website","url":"https:\/\/medicinasinc.com\/ro\/","name":"Medicinas Inc","description":"Health Medical Clinic","potentialAction":[{"@type":"SearchAction","target":{"@type":"EntryPoint","urlTemplate":"https:\/\/medicinasinc.com\/ro\/?s={search_term_string}"},"query-input":{"@type":"PropertyValueSpecification","valueRequired":true,"valueName":"search_term_string"}}],"inLanguage":"en-US"}]}},"_links":{"self":[{"href":"https:\/\/medicinasinc.com\/ro\/wp-json\/wp\/v2\/product\/5443","targetHints":{"allow":["GET"]}}],"collection":[{"href":"https:\/\/medicinasinc.com\/ro\/wp-json\/wp\/v2\/product"}],"about":[{"href":"https:\/\/medicinasinc.com\/ro\/wp-json\/wp\/v2\/types\/product"}],"replies":[{"embeddable":true,"href":"https:\/\/medicinasinc.com\/ro\/wp-json\/wp\/v2\/comments?post=5443"}],"wp:featuredmedia":[{"embeddable":true,"href":"https:\/\/medicinasinc.com\/ro\/wp-json\/wp\/v2\/media\/5455"}],"wp:attachment":[{"href":"https:\/\/medicinasinc.com\/ro\/wp-json\/wp\/v2\/media?parent=5443"}],"wp:term":[{"taxonomy":"product_brand","embeddable":true,"href":"https:\/\/medicinasinc.com\/ro\/wp-json\/wp\/v2\/product_brand?post=5443"},{"taxonomy":"product_cat","embeddable":true,"href":"https:\/\/medicinasinc.com\/ro\/wp-json\/wp\/v2\/product_cat?post=5443"},{"taxonomy":"product_tag","embeddable":true,"href":"https:\/\/medicinasinc.com\/ro\/wp-json\/wp\/v2\/product_tag?post=5443"}],"curies":[{"name":"wp","href":"https:\/\/api.w.org\/{rel}","templated":true}]}}