{"id":5442,"date":"2022-02-21T23:35:16","date_gmt":"2022-02-21T23:35:16","guid":{"rendered":"https:\/\/medicinasinc.com\/ro\/?post_type=product&#038;p=5442"},"modified":"2022-03-22T00:57:58","modified_gmt":"2022-03-22T00:57:58","slug":"cumpara-alprazolam-pulbere","status":"publish","type":"product","link":"https:\/\/medicinasinc.com\/ro\/product\/cumpara-alprazolam-pulbere\/","title":{"rendered":"Cump\u0103ra\u021bi pulbere de alprazolam"},"content":{"rendered":"<p>V\u00e2nzarea Alprazolam<\/p>\n<p>Alprazolam este o benzodiazepin\u0103 puternic\u0103, cu un timp de \u00eenjum\u0103t\u0103\u021bire scurt, care relaxeaz\u0103 sistemul nervos central. Acest medicament este utilizat \u00een principal pentru a trata tulbur\u0103rile de anxietate \u0219i panic\u0103. Cre\u0219terea popula\u021biei geriatrice vulnerabil\u0103 la depresie, precum \u0219i prevalen\u021ba tulbur\u0103rilor de anxietate, cum ar fi fobia \u0219i anxiet\u0103\u021bile generalizate, determin\u0103 cererea de pulbere de Alprazolam. \u00cen plus, cre\u0219terea industriei este alimentat\u0103 de stilul de via\u021b\u0103 rapid \u0219i stresant care duce la depresie. \u00cen plus, \u00een perioada de prognoz\u0103, sunt planificate lucr\u0103ri de cercetare \u0219i dezvoltare privind Alprazolam pentru a explora noi oportunit\u0103\u021bi. Pe de alt\u0103 parte, reglement\u0103rile guvernamentale stricte \u0219i efectele nefavorabile ale drogurilor, cum ar fi dependen\u021ba de droguri, \u00eempiedic\u0103 cre\u0219terea. ALPRAZOLAM poate fi achizi\u021bionat online, precum \u0219i ALPRAZOLAM pentru v\u00e2nzare.<\/p>\n<p>Utilizare<\/p>\n<p>Alprazolam este utilizat pentru a trata tulbur\u0103rile de anxietate \u0219i panic\u0103 (episoade bru\u0219te, imprevizibile de fric\u0103 intens\u0103 \u0219i \u00eengrijorare cu privire la aceste episoade). ). Alprazolamul apar\u021bine clasei de medicamente benzodiazepine. Acest lucru reduce excitarea excesiv\u0103 a creierului. Alprazolam este, de asemenea, utilizat pentru a trata depresia, anxietatea \u00een public \u0219i sindromul premenstrual. Poate fi folosit \u00een situa\u021bii dureroase. Discuta\u021bi cu medicul dumneavoastr\u0103 despre riscurile poten\u021biale pentru starea dumneavoastr\u0103 dac\u0103 utiliza\u021bi acest medicament.<\/p>\n<p>Dozaj<\/p>\n<p>Alprazolamul este disponibil sub form\u0103 de comprimate, comprimate cu eliberare prelungit\u0103 \u0219i sub form\u0103 de comprimate care se descompun pe cale oral\u0103 (un comprimat care rapid se dizolv\u0103 \u00een gur\u0103). Tableta, tableta cu dezintegrare oral\u0103 \u0219i solu\u021biile concentrate sunt de obicei luate de dou\u0103 p\u00e2n\u0103 la patru ori pe zi. Tableta de la distan\u021b\u0103 se ia de obicei o dat\u0103 pe zi, diminea\u021ba. Acorda\u021bi o aten\u021bie deosebit\u0103 notelor de pe fi\u0219a de re\u021bet\u0103 \u0219i cere\u021bi farmacistului sau medicului dumneavoastr\u0103 s\u0103 v\u0103 explice orice nu \u00een\u021belege\u021bi. Lua\u021bi alprazolam exact conform instruc\u021biunilor. Pentru a lua lichidul concentrat, folosi\u021bi doar picuratorul care a venit cu re\u021beta. Umple\u021bi picuratorul cu doza necesar\u0103. Stoarce\u021bi picuratorul \u00een alimente lichide sau semi-solide, cum ar fi ceai, lapte, sifon, sup\u0103 de mere sau budinc\u0103. Amesteca\u021bi u\u0219or lichidul sau alimentele pentru c\u00e2teva secunde. Lichidul este complet absorbit de alimente. Be\u021bi sau m\u00e2nca\u021bi \u00eentregul amestec imediat. Lua\u021bi pe cale oral\u0103 comprimatul din flacon chiar \u00eenainte de a primi doza. Cu palmele uscate, deschide\u021bi flaconul, scoate\u021bi tableta \u0219i pune\u021bi-o imediat pe limb\u0103. Comprimatul se poate dizolva \u0219i poate fi \u00eenghi\u021bit cu saliv\u0103.<\/p>\n","protected":false},"excerpt":{"rendered":"<div class=\"woocommerce-product-details__short-description\">\n<p><em>Cump\u0103ra\u021bi<\/em> Alprazolam Online &#8211; bestglobalmeds.com este cel mai bun furnizor \u0219i v\u00e2nz\u0103tor de <em>pulbere de alprazolam<\/em>\u00a0de unde pute\u021bi\u00a0<em>cump\u0103ra<\/em>\u00a0pudra de Xanax cu ridicata. <em>Comanda\u021bi<\/em>\u00a0acum!<\/p>\n<p>Pudra de alprazolam poate fi achizi\u021bionat\u0103 online. Pudr\u0103 de Alprazolam real de v\u00e2nzare online \u2013 Pudr\u0103 de Alprazolam de v\u00e2nzare online | Cump\u0103ra\u021bi pulbere de Alprazolam online | Cump\u0103ra\u021bi pulbere de alprazolam de v\u00e2nzare online | Cump\u0103ra\u021bi online pudr\u0103 de Alprazolam ieftin\u0103 | De unde s\u0103 cump\u0103ra\u021bi pulbere de Alprazolam online<\/p>\n<\/p><\/div>\n","protected":false},"featured_media":5453,"comment_status":"open","ping_status":"closed","template":"","meta":[],"product_brand":[],"product_cat":[2014],"product_tag":[2721,1153,2722,2723,2724,2725,2720,2719,1152],"class_list":{"0":"post-5442","1":"product","2":"type-product","3":"status-publish","4":"has-post-thumbnail","6":"product_cat-cumprare-cercetare-chimice","7":"product_tag-alprazolam-powder-europe","8":"product_tag-alprazolam-powder-for-sale","9":"product_tag-alprazolam-powder-reddit","10":"product_tag-alprazolam-pulbere-uk","11":"product_tag-cumpara-alprazolam-pulbere","12":"product_tag-cumpara-alprazolam-pulbere-europe","13":"product_tag-alprazolam-efect-pulbere","14":"product_tag-alprazolam-pulbere-cumprare","15":"product_tag-alprazolam-pulbere","17":"first","18":"instock","19":"shipping-taxable","20":"purchasable","21":"product-type-variable","22":"has-default-attributes"},"yoast_head":"<!-- This site is optimized with the Yoast SEO plugin v27.3 - https:\/\/yoast.com\/product\/yoast-seo-wordpress\/ -->\n<title>Cump\u0103ra\u021bi pulbere de alprazolam - pulbere de alprazolam - Best Global Meds<\/title>\n<meta name=\"description\" content=\"Cump\u0103ra\u021bi pulbere de Alprazolam online. Real Alprazolam pudr\u0103 online \u2013 Alprazolam pudr\u0103 de v\u00e2nzare | Cump\u0103ra\u021bi pulbere de Alprazolam online | Cump\u0103ra\u021bi pulbere de alprazolam de v\u00e2nzare| Cump\u0103ra\u021bi ieftin Alprazolam pudr\u0103 | De unde s\u0103 cump\u0103ra\u021bi pulbere de Alprazolam online\" \/>\n<meta name=\"robots\" content=\"index, follow, max-snippet:-1, max-image-preview:large, max-video-preview:-1\" \/>\n<link rel=\"canonical\" href=\"https:\/\/medicinasinc.com\/ro\/product\/cumpara-alprazolam-pulbere\/\" \/>\n<meta property=\"og:locale\" content=\"en_US\" \/>\n<meta property=\"og:type\" content=\"article\" \/>\n<meta property=\"og:title\" content=\"Cump\u0103ra\u021bi pulbere de alprazolam - pulbere de alprazolam - Best Global Meds\" \/>\n<meta property=\"og:description\" content=\"Cump\u0103ra\u021bi pulbere de Alprazolam online. Real Alprazolam pudr\u0103 online \u2013 Alprazolam pudr\u0103 de v\u00e2nzare | Cump\u0103ra\u021bi pulbere de Alprazolam online | Cump\u0103ra\u021bi pulbere de alprazolam de v\u00e2nzare| Cump\u0103ra\u021bi ieftin Alprazolam pudr\u0103 | De unde s\u0103 cump\u0103ra\u021bi pulbere de Alprazolam online\" \/>\n<meta property=\"og:url\" content=\"https:\/\/medicinasinc.com\/ro\/product\/cumpara-alprazolam-pulbere\/\" \/>\n<meta property=\"og:site_name\" content=\"Medicinas Inc\" \/>\n<meta property=\"article:modified_time\" content=\"2022-03-22T00:57:58+00:00\" \/>\n<meta property=\"og:image\" content=\"https:\/\/medicinasinc.com\/ro\/wp-content\/uploads\/sites\/11\/2022\/02\/Buy-Alprazolam-powder.jpg\" \/>\n\t<meta property=\"og:image:width\" content=\"259\" \/>\n\t<meta property=\"og:image:height\" content=\"194\" \/>\n\t<meta property=\"og:image:type\" content=\"image\/jpeg\" \/>\n<meta name=\"twitter:card\" content=\"summary_large_image\" \/>\n<meta name=\"twitter:label1\" content=\"Est. reading time\" \/>\n\t<meta name=\"twitter:data1\" content=\"2 minutes\" \/>\n<script type=\"application\/ld+json\" class=\"yoast-schema-graph\">{\"@context\":\"https:\\\/\\\/schema.org\",\"@graph\":[{\"@type\":\"WebPage\",\"@id\":\"https:\\\/\\\/medicinasinc.com\\\/ro\\\/product\\\/cumpara-alprazolam-pulbere\\\/\",\"url\":\"https:\\\/\\\/medicinasinc.com\\\/ro\\\/product\\\/cumpara-alprazolam-pulbere\\\/\",\"name\":\"Cump\u0103ra\u021bi pulbere de alprazolam - pulbere de alprazolam - Best Global Meds\",\"isPartOf\":{\"@id\":\"https:\\\/\\\/medicinasinc.com\\\/ro\\\/#website\"},\"primaryImageOfPage\":{\"@id\":\"https:\\\/\\\/medicinasinc.com\\\/ro\\\/product\\\/cumpara-alprazolam-pulbere\\\/#primaryimage\"},\"image\":{\"@id\":\"https:\\\/\\\/medicinasinc.com\\\/ro\\\/product\\\/cumpara-alprazolam-pulbere\\\/#primaryimage\"},\"thumbnailUrl\":\"https:\\\/\\\/medicinasinc.com\\\/ro\\\/wp-content\\\/uploads\\\/sites\\\/11\\\/2022\\\/02\\\/Buy-Alprazolam-powder.jpg\",\"datePublished\":\"2022-02-21T23:35:16+00:00\",\"dateModified\":\"2022-03-22T00:57:58+00:00\",\"description\":\"Cump\u0103ra\u021bi pulbere de Alprazolam online. Real Alprazolam pudr\u0103 online \u2013 Alprazolam pudr\u0103 de v\u00e2nzare | Cump\u0103ra\u021bi pulbere de Alprazolam online | Cump\u0103ra\u021bi pulbere de alprazolam de v\u00e2nzare| Cump\u0103ra\u021bi ieftin Alprazolam pudr\u0103 | De unde s\u0103 cump\u0103ra\u021bi pulbere de Alprazolam online\",\"breadcrumb\":{\"@id\":\"https:\\\/\\\/medicinasinc.com\\\/ro\\\/product\\\/cumpara-alprazolam-pulbere\\\/#breadcrumb\"},\"inLanguage\":\"en-US\",\"potentialAction\":[{\"@type\":\"ReadAction\",\"target\":[\"https:\\\/\\\/medicinasinc.com\\\/ro\\\/product\\\/cumpara-alprazolam-pulbere\\\/\"]}]},{\"@type\":\"ImageObject\",\"inLanguage\":\"en-US\",\"@id\":\"https:\\\/\\\/medicinasinc.com\\\/ro\\\/product\\\/cumpara-alprazolam-pulbere\\\/#primaryimage\",\"url\":\"https:\\\/\\\/medicinasinc.com\\\/ro\\\/wp-content\\\/uploads\\\/sites\\\/11\\\/2022\\\/02\\\/Buy-Alprazolam-powder.jpg\",\"contentUrl\":\"https:\\\/\\\/medicinasinc.com\\\/ro\\\/wp-content\\\/uploads\\\/sites\\\/11\\\/2022\\\/02\\\/Buy-Alprazolam-powder.jpg\",\"width\":259,\"height\":194},{\"@type\":\"BreadcrumbList\",\"@id\":\"https:\\\/\\\/medicinasinc.com\\\/ro\\\/product\\\/cumpara-alprazolam-pulbere\\\/#breadcrumb\",\"itemListElement\":[{\"@type\":\"ListItem\",\"position\":1,\"name\":\"Magazin\",\"item\":\"https:\\\/\\\/medicinasinc.com\\\/ro\\\/magazin\\\/\"},{\"@type\":\"ListItem\",\"position\":2,\"name\":\"Cump\u0103ra\u021bi pulbere de alprazolam\"}]},{\"@type\":\"WebSite\",\"@id\":\"https:\\\/\\\/medicinasinc.com\\\/ro\\\/#website\",\"url\":\"https:\\\/\\\/medicinasinc.com\\\/ro\\\/\",\"name\":\"Medicinas Inc\",\"description\":\"Health Medical Clinic\",\"potentialAction\":[{\"@type\":\"SearchAction\",\"target\":{\"@type\":\"EntryPoint\",\"urlTemplate\":\"https:\\\/\\\/medicinasinc.com\\\/ro\\\/?s={search_term_string}\"},\"query-input\":{\"@type\":\"PropertyValueSpecification\",\"valueRequired\":true,\"valueName\":\"search_term_string\"}}],\"inLanguage\":\"en-US\"}]}<\/script>\n<!-- \/ Yoast SEO plugin. -->","yoast_head_json":{"title":"Cump\u0103ra\u021bi pulbere de alprazolam - pulbere de alprazolam - Best Global Meds","description":"Cump\u0103ra\u021bi pulbere de Alprazolam online. Real Alprazolam pudr\u0103 online \u2013 Alprazolam pudr\u0103 de v\u00e2nzare | Cump\u0103ra\u021bi pulbere de Alprazolam online | Cump\u0103ra\u021bi pulbere de alprazolam de v\u00e2nzare| Cump\u0103ra\u021bi ieftin Alprazolam pudr\u0103 | De unde s\u0103 cump\u0103ra\u021bi pulbere de Alprazolam online","robots":{"index":"index","follow":"follow","max-snippet":"max-snippet:-1","max-image-preview":"max-image-preview:large","max-video-preview":"max-video-preview:-1"},"canonical":"https:\/\/medicinasinc.com\/ro\/product\/cumpara-alprazolam-pulbere\/","og_locale":"en_US","og_type":"article","og_title":"Cump\u0103ra\u021bi pulbere de alprazolam - pulbere de alprazolam - Best Global Meds","og_description":"Cump\u0103ra\u021bi pulbere de Alprazolam online. Real Alprazolam pudr\u0103 online \u2013 Alprazolam pudr\u0103 de v\u00e2nzare | Cump\u0103ra\u021bi pulbere de Alprazolam online | Cump\u0103ra\u021bi pulbere de alprazolam de v\u00e2nzare| Cump\u0103ra\u021bi ieftin Alprazolam pudr\u0103 | De unde s\u0103 cump\u0103ra\u021bi pulbere de Alprazolam online","og_url":"https:\/\/medicinasinc.com\/ro\/product\/cumpara-alprazolam-pulbere\/","og_site_name":"Medicinas Inc","article_modified_time":"2022-03-22T00:57:58+00:00","og_image":[{"width":259,"height":194,"url":"https:\/\/medicinasinc.com\/ro\/wp-content\/uploads\/sites\/11\/2022\/02\/Buy-Alprazolam-powder.jpg","type":"image\/jpeg"}],"twitter_card":"summary_large_image","twitter_misc":{"Est. reading time":"2 minutes"},"schema":{"@context":"https:\/\/schema.org","@graph":[{"@type":"WebPage","@id":"https:\/\/medicinasinc.com\/ro\/product\/cumpara-alprazolam-pulbere\/","url":"https:\/\/medicinasinc.com\/ro\/product\/cumpara-alprazolam-pulbere\/","name":"Cump\u0103ra\u021bi pulbere de alprazolam - pulbere de alprazolam - Best Global Meds","isPartOf":{"@id":"https:\/\/medicinasinc.com\/ro\/#website"},"primaryImageOfPage":{"@id":"https:\/\/medicinasinc.com\/ro\/product\/cumpara-alprazolam-pulbere\/#primaryimage"},"image":{"@id":"https:\/\/medicinasinc.com\/ro\/product\/cumpara-alprazolam-pulbere\/#primaryimage"},"thumbnailUrl":"https:\/\/medicinasinc.com\/ro\/wp-content\/uploads\/sites\/11\/2022\/02\/Buy-Alprazolam-powder.jpg","datePublished":"2022-02-21T23:35:16+00:00","dateModified":"2022-03-22T00:57:58+00:00","description":"Cump\u0103ra\u021bi pulbere de Alprazolam online. Real Alprazolam pudr\u0103 online \u2013 Alprazolam pudr\u0103 de v\u00e2nzare | Cump\u0103ra\u021bi pulbere de Alprazolam online | Cump\u0103ra\u021bi pulbere de alprazolam de v\u00e2nzare| Cump\u0103ra\u021bi ieftin Alprazolam pudr\u0103 | De unde s\u0103 cump\u0103ra\u021bi pulbere de Alprazolam online","breadcrumb":{"@id":"https:\/\/medicinasinc.com\/ro\/product\/cumpara-alprazolam-pulbere\/#breadcrumb"},"inLanguage":"en-US","potentialAction":[{"@type":"ReadAction","target":["https:\/\/medicinasinc.com\/ro\/product\/cumpara-alprazolam-pulbere\/"]}]},{"@type":"ImageObject","inLanguage":"en-US","@id":"https:\/\/medicinasinc.com\/ro\/product\/cumpara-alprazolam-pulbere\/#primaryimage","url":"https:\/\/medicinasinc.com\/ro\/wp-content\/uploads\/sites\/11\/2022\/02\/Buy-Alprazolam-powder.jpg","contentUrl":"https:\/\/medicinasinc.com\/ro\/wp-content\/uploads\/sites\/11\/2022\/02\/Buy-Alprazolam-powder.jpg","width":259,"height":194},{"@type":"BreadcrumbList","@id":"https:\/\/medicinasinc.com\/ro\/product\/cumpara-alprazolam-pulbere\/#breadcrumb","itemListElement":[{"@type":"ListItem","position":1,"name":"Magazin","item":"https:\/\/medicinasinc.com\/ro\/magazin\/"},{"@type":"ListItem","position":2,"name":"Cump\u0103ra\u021bi pulbere de alprazolam"}]},{"@type":"WebSite","@id":"https:\/\/medicinasinc.com\/ro\/#website","url":"https:\/\/medicinasinc.com\/ro\/","name":"Medicinas Inc","description":"Health Medical Clinic","potentialAction":[{"@type":"SearchAction","target":{"@type":"EntryPoint","urlTemplate":"https:\/\/medicinasinc.com\/ro\/?s={search_term_string}"},"query-input":{"@type":"PropertyValueSpecification","valueRequired":true,"valueName":"search_term_string"}}],"inLanguage":"en-US"}]}},"_links":{"self":[{"href":"https:\/\/medicinasinc.com\/ro\/wp-json\/wp\/v2\/product\/5442","targetHints":{"allow":["GET"]}}],"collection":[{"href":"https:\/\/medicinasinc.com\/ro\/wp-json\/wp\/v2\/product"}],"about":[{"href":"https:\/\/medicinasinc.com\/ro\/wp-json\/wp\/v2\/types\/product"}],"replies":[{"embeddable":true,"href":"https:\/\/medicinasinc.com\/ro\/wp-json\/wp\/v2\/comments?post=5442"}],"wp:featuredmedia":[{"embeddable":true,"href":"https:\/\/medicinasinc.com\/ro\/wp-json\/wp\/v2\/media\/5453"}],"wp:attachment":[{"href":"https:\/\/medicinasinc.com\/ro\/wp-json\/wp\/v2\/media?parent=5442"}],"wp:term":[{"taxonomy":"product_brand","embeddable":true,"href":"https:\/\/medicinasinc.com\/ro\/wp-json\/wp\/v2\/product_brand?post=5442"},{"taxonomy":"product_cat","embeddable":true,"href":"https:\/\/medicinasinc.com\/ro\/wp-json\/wp\/v2\/product_cat?post=5442"},{"taxonomy":"product_tag","embeddable":true,"href":"https:\/\/medicinasinc.com\/ro\/wp-json\/wp\/v2\/product_tag?post=5442"}],"curies":[{"name":"wp","href":"https:\/\/api.w.org\/{rel}","templated":true}]}}