{"id":5441,"date":"2022-02-21T23:32:20","date_gmt":"2022-02-21T23:32:20","guid":{"rendered":"https:\/\/medicinasinc.com\/ro\/?post_type=product&#038;p=5441"},"modified":"2022-03-22T00:58:09","modified_gmt":"2022-03-22T00:58:09","slug":"buy-alpha-pvp","status":"publish","type":"product","link":"https:\/\/medicinasinc.com\/ro\/product\/buy-alpha-pvp\/","title":{"rendered":"Cump\u0103ra\u021bi Alpha-PVP"},"content":{"rendered":"<p>Achizi\u021bie online Alpha-PVP<\/p>\n<p>Alpha-PVP este un stimulent sintetic utilizat \u00een domeniul medical pentru a trata o varietate de boli. Alfa este clasificat ca un promedicament din clasa catinonei. Alpha PVP a fost creat la \u00eenceput ca un medicament de design. Acum este foarte popular printre oameni pentru alte scopuri, cum ar fi ameliorarea durerii. Acest stimulent sintetic este folosit pentru a satisface nevoile consumatorilor de droguri. A c\u00e2\u0219tigat popularitate la 40 de ani de la lansarea primului s\u0103u produs, \u00een anul 2000. Cel mai important lucru de re\u021binut este c\u0103 nu a fost folosit nici m\u0103car de o mic\u0103 comunitate de oameni \u00eentre ace\u0219ti ani. Cu toate acestea, din 2000 \u0219i p\u00e2n\u0103 \u00een prezent, a crescut \u00een popularitate p\u00e2n\u0103 la punctul \u00een care este folosit de aproape 70% din popula\u021bia lumii.<\/p>\n<p>Motivul popularit\u0103\u021bii medicamentelor psihedelice Alpha-PVP<\/p>\n<p>De unde pot ob\u021bine PVP? Alpha-PVP<\/p>\n<p>Alpha-PVP este un membru al celei mai comune clase de pro-medicamente \u0219i este utilizat pe scar\u0103 larg\u0103. Principalul motiv pentru popularitatea sa este puterea sa mare \u0219i ac\u021biunea rapid\u0103. Func\u021bioneaz\u0103 \u00een mod similar cu al\u021bi stimulen\u021bi prin faptul c\u0103 ac\u021bioneaz\u0103 direct asupra sistemului nervos central.<\/p>\n<p>Cu toate acestea, func\u021bioneaz\u0103 rapid \u0219i elibereaz\u0103 hormoni pentru a efectua ac\u021biunile dorite. Datorit\u0103 modului s\u0103u de ac\u021biune, Alpha PVP este cunoscut \u0219i ca un stimulent al sistemului nervos central.<\/p>\n<p>Alfa-PVP Medicamente psihedelice pentru scopuri medicale<\/p>\n<p>Alfa-PVP ajut\u0103, de asemenea, mintea uman\u0103 s\u0103 controlul emo\u021biilor trec\u0103toare, cum ar fi fericirea, triste\u021bea sau durerea. Acest medicament ajut\u0103 mintea s\u0103-\u0219i imagineze un cadru normal \u00een care s\u0103 func\u021bioneze normal \u0219i f\u0103r\u0103 dificultate. \u00cen acest fel, Alpha-PVP este folosit pentru a atenua orice tip de \u0219oc.<\/p>\n<p>Acest pro-drog este folosit \u00een cluburi de dans \u0219i baruri. Cu toate acestea, acesta este utilizat numai \u00een anumite tratamente, conform ordinelor medicului.<\/p>\n<p>Medicii trateaz\u0103 pacien\u021bii cu medicamente pe baz\u0103 de Alpha-PVP. Aplica\u021bia principal\u0103 este tratarea depresiei \u0219i a anxiet\u0103\u021bii.<\/p>\n<p>Acestea sunt c\u00e2teva dintre caracteristicile cheie care conduc la cre\u0219terea utiliz\u0103rii Alpha-PVP. C\u00e2\u0219tig\u0103 popularitate \u00een ambele domenii de activitate.<\/p>\n<p>Cum s\u0103 achizi\u021biona\u021bi a-PVP \u00een siguran\u021b\u0103 \u2013 Descriere<\/p>\n<p>Nume IUPAC sistematic: 1-Fenil-2-(1-pirolidinil)-1 -pentanon\u0103 Denumirea chimic\u0103 complet\u0103: alfa-pirolidinopentiofenon\u0103<br \/> Nr. CAS 14530-33-7<br \/> Formula molecular\u0103C15H21NO Mas\u0103 molecular\u0103231,333 g\/mol Num\u0103r de p\u0103ianjen chimic9324063<\/p>\n<p>Pyrroonedidinop-fenorrolidinop-alfa-fenorona, PVP, alfa-PVP, O-2387, -ceton\u0103-prolintan) este un compus stimulant descoperit \u00een anii 1960, care este \u00eenrudit cu pirovaleron\u0103 \u0219i este analogul cetonului al prolintanului.<\/p>\n<p>Pe scar\u0103 larg\u0103, site-ul nostru online magazin oferte cu Alpha-PVP. Pute\u021bi ob\u021bine produsele dorite la pre\u021buri foarte mici. De asemenea, ve\u021bi primi produsul \u00eentr-o perioad\u0103 scurt\u0103 de timp datorit\u0103 serviciilor noastre de livrare online.<\/p>\n","protected":false},"excerpt":{"rendered":"<div class=\"woocommerce-product-details__short-description\">\n<p>c\u0103uta\u021bi s\u0103 cump\u0103ra\u021bi A-pvp ieftin, cump\u0103ra\u021bi alfa-pirolidinopentiofenon\u0103 de v\u00e2nzare Marea Britanie, Europa \u00een magazinul nostru bestglobalemeds.com cu livrare rapid\u0103 \u00een \u00eentreaga lume! Cel mai bun A-pvp pentru comand\u0103 \u00eel vei g\u0103si aici! <em>\u03b1<\/em>&#8211;<em>PVP<\/em>(numele complet este:<em>\u03b1<\/em>&#8211;<em>Pyrrolidinopentiophenone<\/em>) cunoscut \u0219i ca\u00a0<em>alfa<\/em>-pirolidinovalerofenon\u0103, A-<em>PVP<\/em>,\u00a0<em>alfa<\/em>&#8211;<em>PVP<\/em>,<\/p>\n<p>Ce este exact a-PVP?<br \/> A-PVP (alfa-pirolidinovalerofenon\u0103, -PVP, alfa-PVP, O-2387, -ceton\u0103-prolintan) este un compus stimulant dezvoltat \u00een anii 1960 care este \u00eenrudit cu pirovaleron\u0103 \u0219i este ceton\u0103 analog al prolintanului.<\/p>\n<\/p><\/div>\n","protected":false},"featured_media":5451,"comment_status":"open","ping_status":"closed","template":"","meta":[],"product_brand":[],"product_cat":[2014],"product_tag":[2665,2666,2667,2669,2671,2677,2670,2674,2675,2676,2668,2679,2680,2682,2685,2686,2687,2689,2691,2692,2693,2697,2698,2699,2700,2705,2706,2707,2716,2711,2712,2713,2673,2715,2690,2701,2708,2709,2694,2695,2696,2703,2702,2704,2717,2718,2672,2688,2710,2663,2664,2681,2714,2683,2684,2678],"class_list":{"0":"post-5441","1":"product","2":"type-product","3":"status-publish","4":"has-post-thumbnail","6":"product_cat-cumprare-cercetare-chimice","7":"product_tag-a-pvp-powder-or-crystals","8":"product_tag-a-pvp","9":"product_tag-a-pvp-pulbere","10":"product_tag-a-pvp-cristal","11":"product_tag-a-pvp-crystal-canada","12":"product_tag-a-pvp-crystal-usa","13":"product_tag-a-pvp-crystal-australia","14":"product_tag-a-pvp-crystal-review","15":"product_tag-a-pvp-crystal-supplier","16":"product_tag-a-pvp-crystal-uk","17":"product_tag-a-pvp-buy-usa","18":"product_tag-a-pvp-de-vnzare","19":"product_tag-a-pvp-for-sale-online","20":"product_tag-a-pvp-reddit","21":"product_tag-a-pvp-stimulants-for-sale","22":"product_tag-alpha-pvp-for-sale","23":"product_tag-alpha-pvp-wiki","24":"product_tag-apvp-powder","25":"product_tag-buy-a-pvp-powder-for-sale","26":"product_tag-buy-a-pvp-big-crystal","27":"product_tag-buy-a-pvp-big-crystal-reports","28":"product_tag-buy-a-pvp-big-crystals-made","29":"product_tag-buy-a-pvp-big-crystals-online","30":"product_tag-buy-a-pvp-big-crystalxp-net","31":"product_tag-buy-a-pvp-crystal-online","32":"product_tag-buy-a-pvp-powders","33":"product_tag-buy-a-pvp-stimulants","34":"product_tag-buy-alpha-pvp","35":"product_tag-cel-mai-bun-loc-pentru-a-cumpra-un-pvp-online","36":"product_tag-comanda-a-pvp","37":"product_tag-comanda-un-cristal-pvp","38":"product_tag-comanda-a-pvp-online","39":"product_tag-a-pvp-cristal-de-vanzare","40":"product_tag-pur-a-pvp-cristal","41":"product_tag-cumpr-un-pvp","42":"product_tag-cumpr-un-pvp-online","43":"product_tag-buy-apvp-overnight-shipping","44":"product_tag-buy-apvp-usa-card-credit","45":"product_tag-cumpr-o-pvp-cristale-mari","46":"product_tag-cumpr-o-pvp-cristale-mari-de-vnzare","47":"product_tag-cumpr-o-pvp-cristale-mari-fr","48":"product_tag-cumpr-un-pvp-produse-pulbere","49":"product_tag-cumpr-o-pvp-pudr","50":"product_tag-buy-a-pvp-powder-reviews","51":"product_tag-unde-s-cumprm-un-pvp","52":"product_tag-unde-s-cumprm-un-pvp-online","53":"product_tag-a-pvp-crystal-dozaj","54":"product_tag-efect-alfa-pvp","55":"product_tag-mail-a-pvp","56":"product_tag-a-pvp-buy","57":"product_tag-a-pvp-pulbere-de-vnzare","58":"product_tag-a-pvp-pulberi","59":"product_tag-purchase-a-pvp-online","60":"product_tag-a-pvp-review","61":"product_tag-a-pvp-stimulente","62":"product_tag-un-vnztor-de-cristale-pvp","64":"first","65":"instock","66":"shipping-taxable","67":"purchasable","68":"product-type-variable"},"yoast_head":"<!-- This site is optimized with the Yoast SEO plugin v27.3 - https:\/\/yoast.com\/product\/yoast-seo-wordpress\/ -->\n<title>Cump\u0103ra\u021bi Alpha-PVP - Alpha-PVP de v\u00e2nzare - Cele mai bune medicamente globale<\/title>\n<meta name=\"description\" content=\"Cump\u0103ra\u021bi A-pvp, cump\u0103ra\u021bi alfa-pirolidinopentiofenon\u0103 de v\u00e2nzare Marea Britanie, Europa \u00een magazinul nostru bestglobalemeds.com cu livrare rapid\u0103 \u00een \u00eentreaga lume! Cel mai bun A-pvp pentru comand\u0103 \u00eel vei g\u0103si aici!\" \/>\n<meta name=\"robots\" content=\"index, follow, max-snippet:-1, max-image-preview:large, max-video-preview:-1\" \/>\n<link rel=\"canonical\" href=\"https:\/\/medicinasinc.com\/ro\/product\/buy-alpha-pvp\/\" \/>\n<meta property=\"og:locale\" content=\"en_US\" \/>\n<meta property=\"og:type\" content=\"article\" \/>\n<meta property=\"og:title\" content=\"Cump\u0103ra\u021bi Alpha-PVP - Alpha-PVP de v\u00e2nzare - Cele mai bune medicamente globale\" \/>\n<meta property=\"og:description\" content=\"Cump\u0103ra\u021bi A-pvp, cump\u0103ra\u021bi alfa-pirolidinopentiofenon\u0103 de v\u00e2nzare Marea Britanie, Europa \u00een magazinul nostru bestglobalemeds.com cu livrare rapid\u0103 \u00een \u00eentreaga lume! Cel mai bun A-pvp pentru comand\u0103 \u00eel vei g\u0103si aici!\" \/>\n<meta property=\"og:url\" content=\"https:\/\/medicinasinc.com\/ro\/product\/buy-alpha-pvp\/\" \/>\n<meta property=\"og:site_name\" content=\"Medicinas Inc\" \/>\n<meta property=\"article:modified_time\" content=\"2022-03-22T00:58:09+00:00\" \/>\n<meta property=\"og:image\" content=\"https:\/\/medicinasinc.com\/ro\/wp-content\/uploads\/sites\/11\/2022\/02\/Buy-alpha-pvp.jpg\" \/>\n\t<meta property=\"og:image:width\" content=\"458\" \/>\n\t<meta property=\"og:image:height\" content=\"458\" \/>\n\t<meta property=\"og:image:type\" content=\"image\/jpeg\" \/>\n<meta name=\"twitter:card\" content=\"summary_large_image\" \/>\n<meta name=\"twitter:label1\" content=\"Est. reading time\" \/>\n\t<meta name=\"twitter:data1\" content=\"2 minutes\" \/>\n<script type=\"application\/ld+json\" class=\"yoast-schema-graph\">{\"@context\":\"https:\\\/\\\/schema.org\",\"@graph\":[{\"@type\":\"WebPage\",\"@id\":\"https:\\\/\\\/medicinasinc.com\\\/ro\\\/product\\\/buy-alpha-pvp\\\/\",\"url\":\"https:\\\/\\\/medicinasinc.com\\\/ro\\\/product\\\/buy-alpha-pvp\\\/\",\"name\":\"Cump\u0103ra\u021bi Alpha-PVP - Alpha-PVP de v\u00e2nzare - Cele mai bune medicamente globale\",\"isPartOf\":{\"@id\":\"https:\\\/\\\/medicinasinc.com\\\/ro\\\/#website\"},\"primaryImageOfPage\":{\"@id\":\"https:\\\/\\\/medicinasinc.com\\\/ro\\\/product\\\/buy-alpha-pvp\\\/#primaryimage\"},\"image\":{\"@id\":\"https:\\\/\\\/medicinasinc.com\\\/ro\\\/product\\\/buy-alpha-pvp\\\/#primaryimage\"},\"thumbnailUrl\":\"https:\\\/\\\/medicinasinc.com\\\/ro\\\/wp-content\\\/uploads\\\/sites\\\/11\\\/2022\\\/02\\\/Buy-alpha-pvp.jpg\",\"datePublished\":\"2022-02-21T23:32:20+00:00\",\"dateModified\":\"2022-03-22T00:58:09+00:00\",\"description\":\"Cump\u0103ra\u021bi A-pvp, cump\u0103ra\u021bi alfa-pirolidinopentiofenon\u0103 de v\u00e2nzare Marea Britanie, Europa \u00een magazinul nostru bestglobalemeds.com cu livrare rapid\u0103 \u00een \u00eentreaga lume! Cel mai bun A-pvp pentru comand\u0103 \u00eel vei g\u0103si aici!\",\"breadcrumb\":{\"@id\":\"https:\\\/\\\/medicinasinc.com\\\/ro\\\/product\\\/buy-alpha-pvp\\\/#breadcrumb\"},\"inLanguage\":\"en-US\",\"potentialAction\":[{\"@type\":\"ReadAction\",\"target\":[\"https:\\\/\\\/medicinasinc.com\\\/ro\\\/product\\\/buy-alpha-pvp\\\/\"]}]},{\"@type\":\"ImageObject\",\"inLanguage\":\"en-US\",\"@id\":\"https:\\\/\\\/medicinasinc.com\\\/ro\\\/product\\\/buy-alpha-pvp\\\/#primaryimage\",\"url\":\"https:\\\/\\\/medicinasinc.com\\\/ro\\\/wp-content\\\/uploads\\\/sites\\\/11\\\/2022\\\/02\\\/Buy-alpha-pvp.jpg\",\"contentUrl\":\"https:\\\/\\\/medicinasinc.com\\\/ro\\\/wp-content\\\/uploads\\\/sites\\\/11\\\/2022\\\/02\\\/Buy-alpha-pvp.jpg\",\"width\":458,\"height\":458},{\"@type\":\"BreadcrumbList\",\"@id\":\"https:\\\/\\\/medicinasinc.com\\\/ro\\\/product\\\/buy-alpha-pvp\\\/#breadcrumb\",\"itemListElement\":[{\"@type\":\"ListItem\",\"position\":1,\"name\":\"Magazin\",\"item\":\"https:\\\/\\\/medicinasinc.com\\\/ro\\\/magazin\\\/\"},{\"@type\":\"ListItem\",\"position\":2,\"name\":\"Cump\u0103ra\u021bi Alpha-PVP\"}]},{\"@type\":\"WebSite\",\"@id\":\"https:\\\/\\\/medicinasinc.com\\\/ro\\\/#website\",\"url\":\"https:\\\/\\\/medicinasinc.com\\\/ro\\\/\",\"name\":\"Medicinas Inc\",\"description\":\"Health Medical Clinic\",\"potentialAction\":[{\"@type\":\"SearchAction\",\"target\":{\"@type\":\"EntryPoint\",\"urlTemplate\":\"https:\\\/\\\/medicinasinc.com\\\/ro\\\/?s={search_term_string}\"},\"query-input\":{\"@type\":\"PropertyValueSpecification\",\"valueRequired\":true,\"valueName\":\"search_term_string\"}}],\"inLanguage\":\"en-US\"}]}<\/script>\n<!-- \/ Yoast SEO plugin. -->","yoast_head_json":{"title":"Cump\u0103ra\u021bi Alpha-PVP - Alpha-PVP de v\u00e2nzare - Cele mai bune medicamente globale","description":"Cump\u0103ra\u021bi A-pvp, cump\u0103ra\u021bi alfa-pirolidinopentiofenon\u0103 de v\u00e2nzare Marea Britanie, Europa \u00een magazinul nostru bestglobalemeds.com cu livrare rapid\u0103 \u00een \u00eentreaga lume! Cel mai bun A-pvp pentru comand\u0103 \u00eel vei g\u0103si aici!","robots":{"index":"index","follow":"follow","max-snippet":"max-snippet:-1","max-image-preview":"max-image-preview:large","max-video-preview":"max-video-preview:-1"},"canonical":"https:\/\/medicinasinc.com\/ro\/product\/buy-alpha-pvp\/","og_locale":"en_US","og_type":"article","og_title":"Cump\u0103ra\u021bi Alpha-PVP - Alpha-PVP de v\u00e2nzare - Cele mai bune medicamente globale","og_description":"Cump\u0103ra\u021bi A-pvp, cump\u0103ra\u021bi alfa-pirolidinopentiofenon\u0103 de v\u00e2nzare Marea Britanie, Europa \u00een magazinul nostru bestglobalemeds.com cu livrare rapid\u0103 \u00een \u00eentreaga lume! Cel mai bun A-pvp pentru comand\u0103 \u00eel vei g\u0103si aici!","og_url":"https:\/\/medicinasinc.com\/ro\/product\/buy-alpha-pvp\/","og_site_name":"Medicinas Inc","article_modified_time":"2022-03-22T00:58:09+00:00","og_image":[{"width":458,"height":458,"url":"https:\/\/medicinasinc.com\/ro\/wp-content\/uploads\/sites\/11\/2022\/02\/Buy-alpha-pvp.jpg","type":"image\/jpeg"}],"twitter_card":"summary_large_image","twitter_misc":{"Est. reading time":"2 minutes"},"schema":{"@context":"https:\/\/schema.org","@graph":[{"@type":"WebPage","@id":"https:\/\/medicinasinc.com\/ro\/product\/buy-alpha-pvp\/","url":"https:\/\/medicinasinc.com\/ro\/product\/buy-alpha-pvp\/","name":"Cump\u0103ra\u021bi Alpha-PVP - Alpha-PVP de v\u00e2nzare - Cele mai bune medicamente globale","isPartOf":{"@id":"https:\/\/medicinasinc.com\/ro\/#website"},"primaryImageOfPage":{"@id":"https:\/\/medicinasinc.com\/ro\/product\/buy-alpha-pvp\/#primaryimage"},"image":{"@id":"https:\/\/medicinasinc.com\/ro\/product\/buy-alpha-pvp\/#primaryimage"},"thumbnailUrl":"https:\/\/medicinasinc.com\/ro\/wp-content\/uploads\/sites\/11\/2022\/02\/Buy-alpha-pvp.jpg","datePublished":"2022-02-21T23:32:20+00:00","dateModified":"2022-03-22T00:58:09+00:00","description":"Cump\u0103ra\u021bi A-pvp, cump\u0103ra\u021bi alfa-pirolidinopentiofenon\u0103 de v\u00e2nzare Marea Britanie, Europa \u00een magazinul nostru bestglobalemeds.com cu livrare rapid\u0103 \u00een \u00eentreaga lume! Cel mai bun A-pvp pentru comand\u0103 \u00eel vei g\u0103si aici!","breadcrumb":{"@id":"https:\/\/medicinasinc.com\/ro\/product\/buy-alpha-pvp\/#breadcrumb"},"inLanguage":"en-US","potentialAction":[{"@type":"ReadAction","target":["https:\/\/medicinasinc.com\/ro\/product\/buy-alpha-pvp\/"]}]},{"@type":"ImageObject","inLanguage":"en-US","@id":"https:\/\/medicinasinc.com\/ro\/product\/buy-alpha-pvp\/#primaryimage","url":"https:\/\/medicinasinc.com\/ro\/wp-content\/uploads\/sites\/11\/2022\/02\/Buy-alpha-pvp.jpg","contentUrl":"https:\/\/medicinasinc.com\/ro\/wp-content\/uploads\/sites\/11\/2022\/02\/Buy-alpha-pvp.jpg","width":458,"height":458},{"@type":"BreadcrumbList","@id":"https:\/\/medicinasinc.com\/ro\/product\/buy-alpha-pvp\/#breadcrumb","itemListElement":[{"@type":"ListItem","position":1,"name":"Magazin","item":"https:\/\/medicinasinc.com\/ro\/magazin\/"},{"@type":"ListItem","position":2,"name":"Cump\u0103ra\u021bi Alpha-PVP"}]},{"@type":"WebSite","@id":"https:\/\/medicinasinc.com\/ro\/#website","url":"https:\/\/medicinasinc.com\/ro\/","name":"Medicinas Inc","description":"Health Medical Clinic","potentialAction":[{"@type":"SearchAction","target":{"@type":"EntryPoint","urlTemplate":"https:\/\/medicinasinc.com\/ro\/?s={search_term_string}"},"query-input":{"@type":"PropertyValueSpecification","valueRequired":true,"valueName":"search_term_string"}}],"inLanguage":"en-US"}]}},"_links":{"self":[{"href":"https:\/\/medicinasinc.com\/ro\/wp-json\/wp\/v2\/product\/5441","targetHints":{"allow":["GET"]}}],"collection":[{"href":"https:\/\/medicinasinc.com\/ro\/wp-json\/wp\/v2\/product"}],"about":[{"href":"https:\/\/medicinasinc.com\/ro\/wp-json\/wp\/v2\/types\/product"}],"replies":[{"embeddable":true,"href":"https:\/\/medicinasinc.com\/ro\/wp-json\/wp\/v2\/comments?post=5441"}],"wp:featuredmedia":[{"embeddable":true,"href":"https:\/\/medicinasinc.com\/ro\/wp-json\/wp\/v2\/media\/5451"}],"wp:attachment":[{"href":"https:\/\/medicinasinc.com\/ro\/wp-json\/wp\/v2\/media?parent=5441"}],"wp:term":[{"taxonomy":"product_brand","embeddable":true,"href":"https:\/\/medicinasinc.com\/ro\/wp-json\/wp\/v2\/product_brand?post=5441"},{"taxonomy":"product_cat","embeddable":true,"href":"https:\/\/medicinasinc.com\/ro\/wp-json\/wp\/v2\/product_cat?post=5441"},{"taxonomy":"product_tag","embeddable":true,"href":"https:\/\/medicinasinc.com\/ro\/wp-json\/wp\/v2\/product_tag?post=5441"}],"curies":[{"name":"wp","href":"https:\/\/api.w.org\/{rel}","templated":true}]}}