{"id":5440,"date":"2022-02-21T23:30:16","date_gmt":"2022-02-21T23:30:16","guid":{"rendered":"https:\/\/medicinasinc.com\/ro\/?post_type=product&#038;p=5440"},"modified":"2022-03-22T00:58:21","modified_gmt":"2022-03-22T00:58:21","slug":"buy-ald-52-blotters","status":"publish","type":"product","link":"https:\/\/medicinasinc.com\/ro\/product\/buy-ald-52-blotters\/","title":{"rendered":"Cump\u0103ra\u021bi ALD-52 Blotters"},"content":{"rendered":"<p>Blotterele ALD-52 pot fi achizi\u021bionate online. Blotterele care con\u021bin 100 mcg ALD-52<\/p>\n<p>Blotterele ALD-52 pot fi achizi\u021bionate online.<\/p>\n<p>Blotterele care con\u021bin 100mcg ALD-52<\/p>\n<p>ALD 52 Blotter, Cump\u0103ra\u021bi ALD 52 Blotter <\/p>\n<p>ALD-52 este un medicament la mod\u0103 care a fost consolidat de diverse substan\u021be chimice din cauza unui istoric \u00eent\u00e2rziat al ALD-52 \u0219i a diferitelor alte denumiri ALD-52. ALD-52 este achizi\u021bionat online de c\u0103tre cercet\u0103tori pentru utilizare \u00een domeniul medicamentelor, recrea\u021bionale \u0219i de cercetare. Atribu\u021biile psihotrope ale ALD-52 l-au f\u0103cut de necontestat printre lucr\u0103torii de laborator \u0219i exper\u021bii \u00een domeniu. O gam\u0103 larg\u0103 de clien\u021bi obi\u0219nui\u021bi aleg s\u0103 cumpere disponibil pentru a fi achizi\u021bionat pentru a avea entuziasm, satisfac\u021bie, men\u021bine re\u021binerea de energie \u0219i cre\u0219te activitatea sexual\u0103.<\/p>\n<p>Este important s\u0103 selecta\u021bi ALD-52 fabricat folosind cele mai bune tipuri a progresului prin metode pentru m\u0103sura de colectare complet controlat\u0103. Amestecuri extinse de contribu\u021bie la investiga\u021bia amestecurilor fabricate disponibile pentru cump\u0103rare sunt posibile pe pia\u021b\u0103 pentru a controla starea de lucru care creeaz\u0103 m\u0103suri \u00een laboratoarele chineze, unde sunt produse toate s\u0103rurile de du\u0219.<\/p>\n<p>Fiind un furnizor de neegalat, organiza\u021bia noastr\u0103 lucreaz\u0103 direct cu organiza\u021bii chineze legitime. V\u0103 permite s\u0103 comercializa\u021bi s\u0103ruri de du\u0219 de cea mai bun\u0103 calitate \u0219i impecabilitate. ALD-52 este amestecat sub strict\u0103 supraveghere \u0219i \u00een conformitate cu toate principiile. Folosind cele mai recente date consistente disponibile pentru a oferi cel mai uimitor pre\u021b pe cel mai bun site pentru a cump\u0103ra materiale de cercetare. Pele\u021bii ALD-52, suprafe\u021bele de pete ALD-52 \u0219i pulberile ALD-52 sunt transportate \u00een laboratoarele din China. Expeditorul ALD-52 livreaz\u0103 ALD-52 \u00een orice \u021bar\u0103. Lucrul \u00eendeaproape cu furnizorii legitimi ALD-52 asigur\u0103 c\u0103 rezultatele testelor \u0219i investiga\u021biilor dumneavoastr\u0103 sunt realizate \u00een timp util.<\/p>\n<p>De mult timp, furnizorul a fost un produc\u0103tor de \u00eencredere de chimie de evaluare. Clien\u021bii au oferit site-ului o reputa\u021bie cople\u0219itoare \u00een \u00eentreaga re\u021bea de produse chimice. ald 52 de v\u00e2nzare, ald 52 cump\u0103rare, ald 52 cump\u0103rare, ald-52 cump\u0103rare \u00cen calitate de furnizori de \u00eencredere RC ofer\u0103 asisten\u021b\u0103 organiza\u021biei pe tot parcursul zilei cu directori cu experien\u021b\u0103 prin chat live, care au date semnificative pentru a v\u0103 ajuta \u00een orice situa\u021bie sup\u0103r\u0103toare.<\/p>\n<p>\u00cen cadrul unei investiga\u021bii remarcabile concepute pentru a agrava conversa\u021biile online disponibile pentru cump\u0103rare, pute\u021bi g\u0103si reac\u021bii pozitive de la cump\u0103r\u0103torii no\u0219tri, care sunt \u00een prezent mul\u021bumi\u021bi de tipurile de ajutor oferite \u0219i cele mai bune lucruri achizi\u021bionate de pe acest online.<\/p>\n","protected":false},"excerpt":{"rendered":"<div class=\"char\">SPECIFICA\u021aII<\/div>\n<div class=\"specification\">\n<div class=\"sprow\"><span class=\"spname\">Numele produsului:<\/span><span>ALD-52<\/span><\/div>\n<div class=\"sprow\"><span class=\"spname\">Nume IUPAC:<\/span><span class=\"sptext\">1-Acetil-N, N-dietilisergamid\u0103, ALD<\/span><\/div>\n<div class=\"sprow\"><span class=\"spname\">Alte denumiri:<\/span><span class=\"sptext\">N-acetil-LSD, Dietilamida acidului acetil lisergic, dietilamida acidului d-acetil lisergic, d-acetildietillysergamida<\/span><\/div>\n<div class=\"sprow\"><span class=\"spname\">Num\u0103r CAS:<\/span><span class=\"sptext\">3270-02-8<\/span><\/div>\n<div class=\"sprow\"><span class=\"spname\">Formul\u0103 molecular\u0103:<\/span><span class=\"sptext\">C22H27N3O2<\/span><\/div>\n<div class=\"sprow\"><span class=\"spname\">Masa molar\u0103:<\/span><span class=\"sptext\">365,477 g\u2022mol-1<\/span><\/span><\/div>\n<p> div&gt; <\/p>\n<div class=\"sprow\"><span class=\"spname\">Efect:<\/span><span class=\"sptext\">psihedelic, halucinogen<\/span><\/div>\n<div class=\"sprow\"><\/div>\n<\/p><\/div>\n<p>Cump\u0103ra\u021bi online ALD-52 Blotters. <em>ALD<\/em>\u2013<em>52<\/em>\u00a0este derivatul N-acetil al LSD. <strong>100 mcg<\/strong>\u00a0ALD-52 Blotters.<\/p>\n<p>ALD-52 de v\u00e2nzare \u00een Europa, cump\u0103ra\u021bi cu Bitcoin \u0219i primi\u021bi livrare discret\u0103 din UE. Blottere ALD-52 de v\u00e2nzare, pulbere brut\u0103 ALD-52 de v\u00e2nzare, furnizor de produse chimice de cercetare<\/p>\n<p>Comanda\u021bi o prob\u0103 pentru testare sau cump\u0103ra\u021bi ALD-52 de v\u00e2nzare cu livrare gratuit\u0103 \u00een Marea Britanie, SUA sau Europa.<\/p>\n","protected":false},"featured_media":5449,"comment_status":"open","ping_status":"closed","template":"","meta":[],"product_brand":[],"product_cat":[2014],"product_tag":[2650,2651,2652,2654,2655,2656,2659,2657,2653,2662,2660,2661,2658],"class_list":{"0":"post-5440","1":"product","2":"type-product","3":"status-publish","4":"has-post-thumbnail","6":"product_cat-cumprare-cercetare-chimice","7":"product_tag-ald-52-blotters-for-sale","8":"product_tag-ald-52-blottere-vnzri-online","9":"product_tag-best-ald-52-blotters-online","10":"product_tag-buy-ald-52-blotters-online","11":"product_tag-buy-legit-ald-52-blotters-online","12":"product_tag-buy-pure-ald-52-blotters-online","13":"product_tag-comanda-ald-52-blottere-online","14":"product_tag-comprar-pedir-secantes-ald-52-en-linea","15":"product_tag-cumpr-ald-52-blottere-pentru-revnzare","16":"product_tag-unde-a-comanda-legit-ald-52-blotters-online","17":"product_tag-unde-s-cumprm-ald-52-blottere-online","18":"product_tag-unde-s-cumprm-pure-ald-52-blottere-online","19":"product_tag-discret-vnztor-ald-52","21":"first","22":"instock","23":"shipping-taxable","24":"purchasable","25":"product-type-variable","26":"has-default-attributes"},"yoast_head":"<!-- This site is optimized with the Yoast SEO plugin v27.3 - https:\/\/yoast.com\/product\/yoast-seo-wordpress\/ -->\n<title>Cump\u0103ra\u021bi ALD-52 Blotters - ALD-52 Blotters de calitate - Cele mai bune medicamente globale<\/title>\n<meta name=\"description\" content=\"Cump\u0103ra\u021bi online ALD-52 Blotters. cump\u0103ra\u021bi ALD-52\u00a0pentru v\u00e2nzare \u0219i primi\u021bi livrare gratuit\u0103 \u00een Marea Britanie, SUA sau Europa ALD-52 este derivatul N-acetil al LSD-ului. Blottere ALD-52 100 mcg.\" \/>\n<meta name=\"robots\" content=\"index, follow, max-snippet:-1, max-image-preview:large, max-video-preview:-1\" \/>\n<link rel=\"canonical\" href=\"https:\/\/medicinasinc.com\/ro\/product\/buy-ald-52-blotters\/\" \/>\n<meta property=\"og:locale\" content=\"en_US\" \/>\n<meta property=\"og:type\" content=\"article\" \/>\n<meta property=\"og:title\" content=\"Cump\u0103ra\u021bi ALD-52 Blotters - ALD-52 Blotters de calitate - Cele mai bune medicamente globale\" \/>\n<meta property=\"og:description\" content=\"Cump\u0103ra\u021bi online ALD-52 Blotters. cump\u0103ra\u021bi ALD-52\u00a0pentru v\u00e2nzare \u0219i primi\u021bi livrare gratuit\u0103 \u00een Marea Britanie, SUA sau Europa ALD-52 este derivatul N-acetil al LSD-ului. Blottere ALD-52 100 mcg.\" \/>\n<meta property=\"og:url\" content=\"https:\/\/medicinasinc.com\/ro\/product\/buy-ald-52-blotters\/\" \/>\n<meta property=\"og:site_name\" content=\"Medicinas Inc\" \/>\n<meta property=\"article:modified_time\" content=\"2022-03-22T00:58:21+00:00\" \/>\n<meta property=\"og:image\" content=\"https:\/\/medicinasinc.com\/ro\/wp-content\/uploads\/sites\/11\/2022\/02\/Buy-ALD-52-Blotters.jpg\" \/>\n\t<meta property=\"og:image:width\" content=\"350\" \/>\n\t<meta property=\"og:image:height\" content=\"350\" \/>\n\t<meta property=\"og:image:type\" content=\"image\/jpeg\" \/>\n<meta name=\"twitter:card\" content=\"summary_large_image\" \/>\n<meta name=\"twitter:label1\" content=\"Est. reading time\" \/>\n\t<meta name=\"twitter:data1\" content=\"2 minutes\" \/>\n<script type=\"application\/ld+json\" class=\"yoast-schema-graph\">{\"@context\":\"https:\\\/\\\/schema.org\",\"@graph\":[{\"@type\":\"WebPage\",\"@id\":\"https:\\\/\\\/medicinasinc.com\\\/ro\\\/product\\\/buy-ald-52-blotters\\\/\",\"url\":\"https:\\\/\\\/medicinasinc.com\\\/ro\\\/product\\\/buy-ald-52-blotters\\\/\",\"name\":\"Cump\u0103ra\u021bi ALD-52 Blotters - ALD-52 Blotters de calitate - Cele mai bune medicamente globale\",\"isPartOf\":{\"@id\":\"https:\\\/\\\/medicinasinc.com\\\/ro\\\/#website\"},\"primaryImageOfPage\":{\"@id\":\"https:\\\/\\\/medicinasinc.com\\\/ro\\\/product\\\/buy-ald-52-blotters\\\/#primaryimage\"},\"image\":{\"@id\":\"https:\\\/\\\/medicinasinc.com\\\/ro\\\/product\\\/buy-ald-52-blotters\\\/#primaryimage\"},\"thumbnailUrl\":\"https:\\\/\\\/medicinasinc.com\\\/ro\\\/wp-content\\\/uploads\\\/sites\\\/11\\\/2022\\\/02\\\/Buy-ALD-52-Blotters.jpg\",\"datePublished\":\"2022-02-21T23:30:16+00:00\",\"dateModified\":\"2022-03-22T00:58:21+00:00\",\"description\":\"Cump\u0103ra\u021bi online ALD-52 Blotters. cump\u0103ra\u021bi ALD-52\u00a0pentru v\u00e2nzare \u0219i primi\u021bi livrare gratuit\u0103 \u00een Marea Britanie, SUA sau Europa ALD-52 este derivatul N-acetil al LSD-ului. Blottere ALD-52 100 mcg.\",\"breadcrumb\":{\"@id\":\"https:\\\/\\\/medicinasinc.com\\\/ro\\\/product\\\/buy-ald-52-blotters\\\/#breadcrumb\"},\"inLanguage\":\"en-US\",\"potentialAction\":[{\"@type\":\"ReadAction\",\"target\":[\"https:\\\/\\\/medicinasinc.com\\\/ro\\\/product\\\/buy-ald-52-blotters\\\/\"]}]},{\"@type\":\"ImageObject\",\"inLanguage\":\"en-US\",\"@id\":\"https:\\\/\\\/medicinasinc.com\\\/ro\\\/product\\\/buy-ald-52-blotters\\\/#primaryimage\",\"url\":\"https:\\\/\\\/medicinasinc.com\\\/ro\\\/wp-content\\\/uploads\\\/sites\\\/11\\\/2022\\\/02\\\/Buy-ALD-52-Blotters.jpg\",\"contentUrl\":\"https:\\\/\\\/medicinasinc.com\\\/ro\\\/wp-content\\\/uploads\\\/sites\\\/11\\\/2022\\\/02\\\/Buy-ALD-52-Blotters.jpg\",\"width\":350,\"height\":350},{\"@type\":\"BreadcrumbList\",\"@id\":\"https:\\\/\\\/medicinasinc.com\\\/ro\\\/product\\\/buy-ald-52-blotters\\\/#breadcrumb\",\"itemListElement\":[{\"@type\":\"ListItem\",\"position\":1,\"name\":\"Magazin\",\"item\":\"https:\\\/\\\/medicinasinc.com\\\/ro\\\/magazin\\\/\"},{\"@type\":\"ListItem\",\"position\":2,\"name\":\"Cump\u0103ra\u021bi ALD-52 Blotters\"}]},{\"@type\":\"WebSite\",\"@id\":\"https:\\\/\\\/medicinasinc.com\\\/ro\\\/#website\",\"url\":\"https:\\\/\\\/medicinasinc.com\\\/ro\\\/\",\"name\":\"Medicinas Inc\",\"description\":\"Health Medical Clinic\",\"potentialAction\":[{\"@type\":\"SearchAction\",\"target\":{\"@type\":\"EntryPoint\",\"urlTemplate\":\"https:\\\/\\\/medicinasinc.com\\\/ro\\\/?s={search_term_string}\"},\"query-input\":{\"@type\":\"PropertyValueSpecification\",\"valueRequired\":true,\"valueName\":\"search_term_string\"}}],\"inLanguage\":\"en-US\"}]}<\/script>\n<!-- \/ Yoast SEO plugin. -->","yoast_head_json":{"title":"Cump\u0103ra\u021bi ALD-52 Blotters - ALD-52 Blotters de calitate - Cele mai bune medicamente globale","description":"Cump\u0103ra\u021bi online ALD-52 Blotters. cump\u0103ra\u021bi ALD-52\u00a0pentru v\u00e2nzare \u0219i primi\u021bi livrare gratuit\u0103 \u00een Marea Britanie, SUA sau Europa ALD-52 este derivatul N-acetil al LSD-ului. Blottere ALD-52 100 mcg.","robots":{"index":"index","follow":"follow","max-snippet":"max-snippet:-1","max-image-preview":"max-image-preview:large","max-video-preview":"max-video-preview:-1"},"canonical":"https:\/\/medicinasinc.com\/ro\/product\/buy-ald-52-blotters\/","og_locale":"en_US","og_type":"article","og_title":"Cump\u0103ra\u021bi ALD-52 Blotters - ALD-52 Blotters de calitate - Cele mai bune medicamente globale","og_description":"Cump\u0103ra\u021bi online ALD-52 Blotters. cump\u0103ra\u021bi ALD-52\u00a0pentru v\u00e2nzare \u0219i primi\u021bi livrare gratuit\u0103 \u00een Marea Britanie, SUA sau Europa ALD-52 este derivatul N-acetil al LSD-ului. Blottere ALD-52 100 mcg.","og_url":"https:\/\/medicinasinc.com\/ro\/product\/buy-ald-52-blotters\/","og_site_name":"Medicinas Inc","article_modified_time":"2022-03-22T00:58:21+00:00","og_image":[{"width":350,"height":350,"url":"https:\/\/medicinasinc.com\/ro\/wp-content\/uploads\/sites\/11\/2022\/02\/Buy-ALD-52-Blotters.jpg","type":"image\/jpeg"}],"twitter_card":"summary_large_image","twitter_misc":{"Est. reading time":"2 minutes"},"schema":{"@context":"https:\/\/schema.org","@graph":[{"@type":"WebPage","@id":"https:\/\/medicinasinc.com\/ro\/product\/buy-ald-52-blotters\/","url":"https:\/\/medicinasinc.com\/ro\/product\/buy-ald-52-blotters\/","name":"Cump\u0103ra\u021bi ALD-52 Blotters - ALD-52 Blotters de calitate - Cele mai bune medicamente globale","isPartOf":{"@id":"https:\/\/medicinasinc.com\/ro\/#website"},"primaryImageOfPage":{"@id":"https:\/\/medicinasinc.com\/ro\/product\/buy-ald-52-blotters\/#primaryimage"},"image":{"@id":"https:\/\/medicinasinc.com\/ro\/product\/buy-ald-52-blotters\/#primaryimage"},"thumbnailUrl":"https:\/\/medicinasinc.com\/ro\/wp-content\/uploads\/sites\/11\/2022\/02\/Buy-ALD-52-Blotters.jpg","datePublished":"2022-02-21T23:30:16+00:00","dateModified":"2022-03-22T00:58:21+00:00","description":"Cump\u0103ra\u021bi online ALD-52 Blotters. cump\u0103ra\u021bi ALD-52\u00a0pentru v\u00e2nzare \u0219i primi\u021bi livrare gratuit\u0103 \u00een Marea Britanie, SUA sau Europa ALD-52 este derivatul N-acetil al LSD-ului. Blottere ALD-52 100 mcg.","breadcrumb":{"@id":"https:\/\/medicinasinc.com\/ro\/product\/buy-ald-52-blotters\/#breadcrumb"},"inLanguage":"en-US","potentialAction":[{"@type":"ReadAction","target":["https:\/\/medicinasinc.com\/ro\/product\/buy-ald-52-blotters\/"]}]},{"@type":"ImageObject","inLanguage":"en-US","@id":"https:\/\/medicinasinc.com\/ro\/product\/buy-ald-52-blotters\/#primaryimage","url":"https:\/\/medicinasinc.com\/ro\/wp-content\/uploads\/sites\/11\/2022\/02\/Buy-ALD-52-Blotters.jpg","contentUrl":"https:\/\/medicinasinc.com\/ro\/wp-content\/uploads\/sites\/11\/2022\/02\/Buy-ALD-52-Blotters.jpg","width":350,"height":350},{"@type":"BreadcrumbList","@id":"https:\/\/medicinasinc.com\/ro\/product\/buy-ald-52-blotters\/#breadcrumb","itemListElement":[{"@type":"ListItem","position":1,"name":"Magazin","item":"https:\/\/medicinasinc.com\/ro\/magazin\/"},{"@type":"ListItem","position":2,"name":"Cump\u0103ra\u021bi ALD-52 Blotters"}]},{"@type":"WebSite","@id":"https:\/\/medicinasinc.com\/ro\/#website","url":"https:\/\/medicinasinc.com\/ro\/","name":"Medicinas Inc","description":"Health Medical Clinic","potentialAction":[{"@type":"SearchAction","target":{"@type":"EntryPoint","urlTemplate":"https:\/\/medicinasinc.com\/ro\/?s={search_term_string}"},"query-input":{"@type":"PropertyValueSpecification","valueRequired":true,"valueName":"search_term_string"}}],"inLanguage":"en-US"}]}},"_links":{"self":[{"href":"https:\/\/medicinasinc.com\/ro\/wp-json\/wp\/v2\/product\/5440","targetHints":{"allow":["GET"]}}],"collection":[{"href":"https:\/\/medicinasinc.com\/ro\/wp-json\/wp\/v2\/product"}],"about":[{"href":"https:\/\/medicinasinc.com\/ro\/wp-json\/wp\/v2\/types\/product"}],"replies":[{"embeddable":true,"href":"https:\/\/medicinasinc.com\/ro\/wp-json\/wp\/v2\/comments?post=5440"}],"wp:featuredmedia":[{"embeddable":true,"href":"https:\/\/medicinasinc.com\/ro\/wp-json\/wp\/v2\/media\/5449"}],"wp:attachment":[{"href":"https:\/\/medicinasinc.com\/ro\/wp-json\/wp\/v2\/media?parent=5440"}],"wp:term":[{"taxonomy":"product_brand","embeddable":true,"href":"https:\/\/medicinasinc.com\/ro\/wp-json\/wp\/v2\/product_brand?post=5440"},{"taxonomy":"product_cat","embeddable":true,"href":"https:\/\/medicinasinc.com\/ro\/wp-json\/wp\/v2\/product_cat?post=5440"},{"taxonomy":"product_tag","embeddable":true,"href":"https:\/\/medicinasinc.com\/ro\/wp-json\/wp\/v2\/product_tag?post=5440"}],"curies":[{"name":"wp","href":"https:\/\/api.w.org\/{rel}","templated":true}]}}