{"id":5419,"date":"2022-02-21T23:00:46","date_gmt":"2022-02-21T23:00:46","guid":{"rendered":"https:\/\/medicinasinc.com\/ro\/?post_type=product&#038;p=5419"},"modified":"2022-03-22T00:58:30","modified_gmt":"2022-03-22T00:58:30","slug":"buy-adb-pinaca-powder","status":"publish","type":"product","link":"https:\/\/medicinasinc.com\/ro\/product\/buy-adb-pinaca-powder\/","title":{"rendered":"Cump\u0103ra\u021bi pulbere ADB-PINACA"},"content":{"rendered":"<p><strong>Este disponibil\u0103 pulbere ADB-Pinaca de \u00eenalt\u0103 puritate<\/strong><\/p>\n<p>Pudr\u0103 \u0219i cristal de metiopropamin\u0103\/MPA pot fi achizi\u021bionate de la ADB-Pinaca Powder Purity 98% Chemical Stock<\/p>\n<p>Puritatea pulberii ADB-Pinaca<\/p>\n<p>ProName: 5F-MDMB-PINACA 5F-ADB 5FADB ADB pulbere<br \/> CasNo: 68585-34-2<br \/> Formula molecular\u0103: ADB<br \/> Aspect: pulbere cristalin\u0103 alb\u0103<br \/> Aplica\u021bie: intermediar farmaceutic<br \/> Timp de livrare: 4-7 zile pentru m\u0103rfuri gata<br \/> Pachet: 1kg\/Sac folie de aluminiu<br \/> Port: Tianjin<br \/> Capacitate de produc\u021bie : 10000 kilograme\/lun\u0103<br \/> Puritate: &gt;99,5%<br \/> Depozitare: r\u0103m\u00e2ne la rece, uscat \u0219i bine sigilat<br \/> Transport: prin EMS, DHL, FEDEX<br \/> Con\u021binut de umiditate: \u2264 0,01<\/p>\n<p>Cump\u0103ra\u021bi <a href=\"https:\/\/en.wikipedia.org\/wiki\/ADB-PINACA\">ADB-Pinaca<\/a> Pudr\u0103 Puritate 98% de v\u00e2nzare, cerceta\u021bi furnizorii de produse chimice, cump\u0103ra\u021bi produse chimice de cercetare china, cel mai bun site pentru a cump\u0103ra produse chimice de cercetare, produse chimice de cercetare reddit, substan\u021be chimice de cercetare pentru culturism, produse chimice de cercetare ieftine SUA, cump\u0103rare de cercetare c hemicals online europa<\/p>\n<p>&nbsp;<\/p>\n<div class=\"product-next-previous\">\n<div class=\"product-prev\"><\/div><\/div>\n","protected":false},"excerpt":{"rendered":"<p>Cump\u0103ra\u021bi ADB-Pinaca Powder High Purity. Cump\u0103ra\u021bi ADB-Pinaca Powder Purity 98% Chemical Stock available in Powder &amp; Cristal<\/p>\n<p>Cump\u0103ra\u021bi pulbere ADB-Pinaca\u00a0pentru v\u00e2nzare \u00een Europa, Marea Britanie, UE, China Puritate 98% Stoc chimic disponibil \u00een\u00a0Pudr\u0103\u00a0\u0219i amp; CrystalMethiopropamine\/MPA\u00a0ADB-Pinaca Pudr\u0103\u00a0puritate.<\/p>\n","protected":false},"featured_media":5431,"comment_status":"open","ping_status":"closed","template":"","meta":[],"product_brand":[],"product_cat":[2014],"product_tag":[2632,2634,2641,2648,2642,2643,2636,2637,2647,2638,2640,2639,2635,2646,2633,2644,2645,2649],"class_list":{"0":"post-5419","1":"product","2":"type-product","3":"status-publish","4":"has-post-thumbnail","6":"product_cat-cumprare-cercetare-chimice","7":"product_tag-adb-fubinaca-per-gram","8":"product_tag-adb-fubinaca-review","9":"product_tag-cat-cost-viteza-adb-fubinaca","10":"product_tag-ordine-adb-fubinaca","11":"product_tag-cum-se-cumpara-adb-fubinaca","12":"product_tag-cum-se-achizitioneaza-adb-fubinaca","13":"product_tag-buy-adb-fubinaca","14":"product_tag-buy-online-adb-fubinaca","15":"product_tag-online-buy-adb-fubinaca","16":"product_tag-descriere-adb-fubinaca","17":"product_tag-fubinaca-efecte","18":"product_tag-for-sale-adb-fubinaca","19":"product_tag-adb-fubinaca-furnizori","20":"product_tag-mdmb-fubinaca","21":"product_tag-adb-fubinaca-pret","22":"product_tag-low-pret-adb-fubinaca","23":"product_tag-low-rate-adb-fubinaca","24":"product_tag-review-adb-fubinaca","26":"first","27":"instock","28":"shipping-taxable","29":"purchasable","30":"product-type-variable","31":"has-default-attributes"},"yoast_head":"<!-- This site is optimized with the Yoast SEO plugin v27.3 - https:\/\/yoast.com\/product\/yoast-seo-wordpress\/ -->\n<title>Cump\u0103ra\u021bi pulbere ADB-PINACA - ADB-PINACA - Cele mai bune medicamente globale<\/title>\n<meta name=\"description\" content=\"Cump\u0103ra\u021bi pulbere ADB-Pinaca\u00a0de v\u00e2nzare \u00een Europa, Marea Britanie, UE, China Puritate 98% Stoc de substan\u021be chimice \u00een\u00a0pulbere\u00a0&amp; CrystalMethiopropamine \/ MPA\u00a0ADB-Pinaca Pulbere.\" \/>\n<meta name=\"robots\" content=\"index, follow, max-snippet:-1, max-image-preview:large, max-video-preview:-1\" \/>\n<link rel=\"canonical\" href=\"https:\/\/medicinasinc.com\/ro\/product\/buy-adb-pinaca-powder\/\" \/>\n<meta property=\"og:locale\" content=\"en_US\" \/>\n<meta property=\"og:type\" content=\"article\" \/>\n<meta property=\"og:title\" content=\"Cump\u0103ra\u021bi pulbere ADB-PINACA - ADB-PINACA - Cele mai bune medicamente globale\" \/>\n<meta property=\"og:description\" content=\"Cump\u0103ra\u021bi pulbere ADB-Pinaca\u00a0de v\u00e2nzare \u00een Europa, Marea Britanie, UE, China Puritate 98% Stoc de substan\u021be chimice \u00een\u00a0pulbere\u00a0&amp; CrystalMethiopropamine \/ MPA\u00a0ADB-Pinaca Pulbere.\" \/>\n<meta property=\"og:url\" content=\"https:\/\/medicinasinc.com\/ro\/product\/buy-adb-pinaca-powder\/\" \/>\n<meta property=\"og:site_name\" content=\"Medicinas Inc\" \/>\n<meta property=\"article:modified_time\" content=\"2022-03-22T00:58:30+00:00\" \/>\n<meta property=\"og:image\" content=\"https:\/\/medicinasinc.com\/ro\/wp-content\/uploads\/sites\/11\/2022\/02\/Buy-ADB-Pinaca-Powder.png\" \/>\n\t<meta property=\"og:image:width\" content=\"600\" \/>\n\t<meta property=\"og:image:height\" content=\"400\" \/>\n\t<meta property=\"og:image:type\" content=\"image\/png\" \/>\n<meta name=\"twitter:card\" content=\"summary_large_image\" \/>\n<meta name=\"twitter:label1\" content=\"Est. reading time\" \/>\n\t<meta name=\"twitter:data1\" content=\"1 minute\" \/>\n<script type=\"application\/ld+json\" class=\"yoast-schema-graph\">{\"@context\":\"https:\\\/\\\/schema.org\",\"@graph\":[{\"@type\":\"WebPage\",\"@id\":\"https:\\\/\\\/medicinasinc.com\\\/ro\\\/product\\\/buy-adb-pinaca-powder\\\/\",\"url\":\"https:\\\/\\\/medicinasinc.com\\\/ro\\\/product\\\/buy-adb-pinaca-powder\\\/\",\"name\":\"Cump\u0103ra\u021bi pulbere ADB-PINACA - ADB-PINACA - Cele mai bune medicamente globale\",\"isPartOf\":{\"@id\":\"https:\\\/\\\/medicinasinc.com\\\/ro\\\/#website\"},\"primaryImageOfPage\":{\"@id\":\"https:\\\/\\\/medicinasinc.com\\\/ro\\\/product\\\/buy-adb-pinaca-powder\\\/#primaryimage\"},\"image\":{\"@id\":\"https:\\\/\\\/medicinasinc.com\\\/ro\\\/product\\\/buy-adb-pinaca-powder\\\/#primaryimage\"},\"thumbnailUrl\":\"https:\\\/\\\/medicinasinc.com\\\/ro\\\/wp-content\\\/uploads\\\/sites\\\/11\\\/2022\\\/02\\\/Buy-ADB-Pinaca-Powder.png\",\"datePublished\":\"2022-02-21T23:00:46+00:00\",\"dateModified\":\"2022-03-22T00:58:30+00:00\",\"description\":\"Cump\u0103ra\u021bi pulbere ADB-Pinaca\u00a0de v\u00e2nzare \u00een Europa, Marea Britanie, UE, China Puritate 98% Stoc de substan\u021be chimice \u00een\u00a0pulbere\u00a0&amp; CrystalMethiopropamine \\\/ MPA\u00a0ADB-Pinaca Pulbere.\",\"breadcrumb\":{\"@id\":\"https:\\\/\\\/medicinasinc.com\\\/ro\\\/product\\\/buy-adb-pinaca-powder\\\/#breadcrumb\"},\"inLanguage\":\"en-US\",\"potentialAction\":[{\"@type\":\"ReadAction\",\"target\":[\"https:\\\/\\\/medicinasinc.com\\\/ro\\\/product\\\/buy-adb-pinaca-powder\\\/\"]}]},{\"@type\":\"ImageObject\",\"inLanguage\":\"en-US\",\"@id\":\"https:\\\/\\\/medicinasinc.com\\\/ro\\\/product\\\/buy-adb-pinaca-powder\\\/#primaryimage\",\"url\":\"https:\\\/\\\/medicinasinc.com\\\/ro\\\/wp-content\\\/uploads\\\/sites\\\/11\\\/2022\\\/02\\\/Buy-ADB-Pinaca-Powder.png\",\"contentUrl\":\"https:\\\/\\\/medicinasinc.com\\\/ro\\\/wp-content\\\/uploads\\\/sites\\\/11\\\/2022\\\/02\\\/Buy-ADB-Pinaca-Powder.png\",\"width\":600,\"height\":400},{\"@type\":\"BreadcrumbList\",\"@id\":\"https:\\\/\\\/medicinasinc.com\\\/ro\\\/product\\\/buy-adb-pinaca-powder\\\/#breadcrumb\",\"itemListElement\":[{\"@type\":\"ListItem\",\"position\":1,\"name\":\"Magazin\",\"item\":\"https:\\\/\\\/medicinasinc.com\\\/ro\\\/magazin\\\/\"},{\"@type\":\"ListItem\",\"position\":2,\"name\":\"Cump\u0103ra\u021bi pulbere ADB-PINACA\"}]},{\"@type\":\"WebSite\",\"@id\":\"https:\\\/\\\/medicinasinc.com\\\/ro\\\/#website\",\"url\":\"https:\\\/\\\/medicinasinc.com\\\/ro\\\/\",\"name\":\"Medicinas Inc\",\"description\":\"Health Medical Clinic\",\"potentialAction\":[{\"@type\":\"SearchAction\",\"target\":{\"@type\":\"EntryPoint\",\"urlTemplate\":\"https:\\\/\\\/medicinasinc.com\\\/ro\\\/?s={search_term_string}\"},\"query-input\":{\"@type\":\"PropertyValueSpecification\",\"valueRequired\":true,\"valueName\":\"search_term_string\"}}],\"inLanguage\":\"en-US\"}]}<\/script>\n<!-- \/ Yoast SEO plugin. -->","yoast_head_json":{"title":"Cump\u0103ra\u021bi pulbere ADB-PINACA - ADB-PINACA - Cele mai bune medicamente globale","description":"Cump\u0103ra\u021bi pulbere ADB-Pinaca\u00a0de v\u00e2nzare \u00een Europa, Marea Britanie, UE, China Puritate 98% Stoc de substan\u021be chimice \u00een\u00a0pulbere\u00a0&amp; CrystalMethiopropamine \/ MPA\u00a0ADB-Pinaca Pulbere.","robots":{"index":"index","follow":"follow","max-snippet":"max-snippet:-1","max-image-preview":"max-image-preview:large","max-video-preview":"max-video-preview:-1"},"canonical":"https:\/\/medicinasinc.com\/ro\/product\/buy-adb-pinaca-powder\/","og_locale":"en_US","og_type":"article","og_title":"Cump\u0103ra\u021bi pulbere ADB-PINACA - ADB-PINACA - Cele mai bune medicamente globale","og_description":"Cump\u0103ra\u021bi pulbere ADB-Pinaca\u00a0de v\u00e2nzare \u00een Europa, Marea Britanie, UE, China Puritate 98% Stoc de substan\u021be chimice \u00een\u00a0pulbere\u00a0&amp; CrystalMethiopropamine \/ MPA\u00a0ADB-Pinaca Pulbere.","og_url":"https:\/\/medicinasinc.com\/ro\/product\/buy-adb-pinaca-powder\/","og_site_name":"Medicinas Inc","article_modified_time":"2022-03-22T00:58:30+00:00","og_image":[{"width":600,"height":400,"url":"https:\/\/medicinasinc.com\/ro\/wp-content\/uploads\/sites\/11\/2022\/02\/Buy-ADB-Pinaca-Powder.png","type":"image\/png"}],"twitter_card":"summary_large_image","twitter_misc":{"Est. reading time":"1 minute"},"schema":{"@context":"https:\/\/schema.org","@graph":[{"@type":"WebPage","@id":"https:\/\/medicinasinc.com\/ro\/product\/buy-adb-pinaca-powder\/","url":"https:\/\/medicinasinc.com\/ro\/product\/buy-adb-pinaca-powder\/","name":"Cump\u0103ra\u021bi pulbere ADB-PINACA - ADB-PINACA - Cele mai bune medicamente globale","isPartOf":{"@id":"https:\/\/medicinasinc.com\/ro\/#website"},"primaryImageOfPage":{"@id":"https:\/\/medicinasinc.com\/ro\/product\/buy-adb-pinaca-powder\/#primaryimage"},"image":{"@id":"https:\/\/medicinasinc.com\/ro\/product\/buy-adb-pinaca-powder\/#primaryimage"},"thumbnailUrl":"https:\/\/medicinasinc.com\/ro\/wp-content\/uploads\/sites\/11\/2022\/02\/Buy-ADB-Pinaca-Powder.png","datePublished":"2022-02-21T23:00:46+00:00","dateModified":"2022-03-22T00:58:30+00:00","description":"Cump\u0103ra\u021bi pulbere ADB-Pinaca\u00a0de v\u00e2nzare \u00een Europa, Marea Britanie, UE, China Puritate 98% Stoc de substan\u021be chimice \u00een\u00a0pulbere\u00a0&amp; CrystalMethiopropamine \/ MPA\u00a0ADB-Pinaca Pulbere.","breadcrumb":{"@id":"https:\/\/medicinasinc.com\/ro\/product\/buy-adb-pinaca-powder\/#breadcrumb"},"inLanguage":"en-US","potentialAction":[{"@type":"ReadAction","target":["https:\/\/medicinasinc.com\/ro\/product\/buy-adb-pinaca-powder\/"]}]},{"@type":"ImageObject","inLanguage":"en-US","@id":"https:\/\/medicinasinc.com\/ro\/product\/buy-adb-pinaca-powder\/#primaryimage","url":"https:\/\/medicinasinc.com\/ro\/wp-content\/uploads\/sites\/11\/2022\/02\/Buy-ADB-Pinaca-Powder.png","contentUrl":"https:\/\/medicinasinc.com\/ro\/wp-content\/uploads\/sites\/11\/2022\/02\/Buy-ADB-Pinaca-Powder.png","width":600,"height":400},{"@type":"BreadcrumbList","@id":"https:\/\/medicinasinc.com\/ro\/product\/buy-adb-pinaca-powder\/#breadcrumb","itemListElement":[{"@type":"ListItem","position":1,"name":"Magazin","item":"https:\/\/medicinasinc.com\/ro\/magazin\/"},{"@type":"ListItem","position":2,"name":"Cump\u0103ra\u021bi pulbere ADB-PINACA"}]},{"@type":"WebSite","@id":"https:\/\/medicinasinc.com\/ro\/#website","url":"https:\/\/medicinasinc.com\/ro\/","name":"Medicinas Inc","description":"Health Medical Clinic","potentialAction":[{"@type":"SearchAction","target":{"@type":"EntryPoint","urlTemplate":"https:\/\/medicinasinc.com\/ro\/?s={search_term_string}"},"query-input":{"@type":"PropertyValueSpecification","valueRequired":true,"valueName":"search_term_string"}}],"inLanguage":"en-US"}]}},"_links":{"self":[{"href":"https:\/\/medicinasinc.com\/ro\/wp-json\/wp\/v2\/product\/5419","targetHints":{"allow":["GET"]}}],"collection":[{"href":"https:\/\/medicinasinc.com\/ro\/wp-json\/wp\/v2\/product"}],"about":[{"href":"https:\/\/medicinasinc.com\/ro\/wp-json\/wp\/v2\/types\/product"}],"replies":[{"embeddable":true,"href":"https:\/\/medicinasinc.com\/ro\/wp-json\/wp\/v2\/comments?post=5419"}],"wp:featuredmedia":[{"embeddable":true,"href":"https:\/\/medicinasinc.com\/ro\/wp-json\/wp\/v2\/media\/5431"}],"wp:attachment":[{"href":"https:\/\/medicinasinc.com\/ro\/wp-json\/wp\/v2\/media?parent=5419"}],"wp:term":[{"taxonomy":"product_brand","embeddable":true,"href":"https:\/\/medicinasinc.com\/ro\/wp-json\/wp\/v2\/product_brand?post=5419"},{"taxonomy":"product_cat","embeddable":true,"href":"https:\/\/medicinasinc.com\/ro\/wp-json\/wp\/v2\/product_cat?post=5419"},{"taxonomy":"product_tag","embeddable":true,"href":"https:\/\/medicinasinc.com\/ro\/wp-json\/wp\/v2\/product_tag?post=5419"}],"curies":[{"name":"wp","href":"https:\/\/api.w.org\/{rel}","templated":true}]}}