{"id":5418,"date":"2022-02-21T22:59:50","date_gmt":"2022-02-21T22:59:50","guid":{"rendered":"https:\/\/medicinasinc.com\/ro\/?post_type=product&#038;p=5418"},"modified":"2022-03-22T00:58:38","modified_gmt":"2022-03-22T00:58:38","slug":"cumparati-acetil-fentanil-pulbere-99-pura-online","status":"publish","type":"product","link":"https:\/\/medicinasinc.com\/ro\/product\/cumparati-acetil-fentanil-pulbere-99-pura-online\/","title":{"rendered":"Cump\u0103ra\u021bi Pudr\u0103 de Acetil Fentanil (99%+ Pure) Online"},"content":{"rendered":"<p>Cump\u0103ra\u021bi pulbere de acetil fentanil (99%+ pur) online<\/p>\n<p>CUMP\u0102R\u0102 ACETIL FENTANIL (clorhidrat)<\/p>\n<p>acetil fentanil (clorhidrat) este un opioid sintetic prescris \u00een mod obi\u0219nuit.<\/p>\n<p>EFECTELE ACETIL FENTANILUL (CLORIDUR\u0102)<\/p>\n<p>\u00cen timp ce ia acetil fentanil (clorhidrat), un utilizator poate prezenta euforie semnificativ\u0103, cre\u0219terea dispozi\u021biei, atenuarea durerii \u0219i sedare.<\/p>\n<p>Constipa\u021bie, somnolen\u021b\u0103. , incon\u0219tien\u021ba \u0219i depresia respiratorie sunt toate efectele secundare posibile ale acestui medicament.<\/p>\n<p>ACETIL FENTANIL (CLORIDUR\u0102) &#8211; DE UNDE SE CUMP\u0102R\u0102?<\/p>\n<p>Acetil Fentanil (clorhidrat) este disponibil pentru cump\u0103rare online la Farmacia online All Care Express. Acest produs poate fi achizi\u021bionat f\u0103r\u0103 prescrip\u021bie medical\u0103 la cele mai mari pre\u021buri disponibile aici. Comanda\u021bi acetil fentanil (clorhidrat) online acum \u0219i primi\u021bi-l la u\u0219\u0103 \u00een timp util.<\/p>\n","protected":false},"excerpt":{"rendered":"<p>Cump\u0103ra\u021bi online pudr\u0103 de acetil fentanil (99%+ pur\u0103). Folosit pentru durerea sever\u0103, continu\u0103, care nu poate fi controlat\u0103 cu alte medicamente. Acest medicament este un puternic analgezic narcotic.<\/p>\n<p>Cump\u0103ra\u021bi acetil fentanil online &#8211; de la farmacia online bestglobalmeds.com la pre\u021buri ieftine \u0219i accesibile, cu taxe de transport sigure \u0219i rapide, f\u0103r\u0103 taxe<\/p>\n","protected":false},"featured_media":5429,"comment_status":"open","ping_status":"closed","template":"","meta":[],"product_brand":[],"product_cat":[2014],"product_tag":[],"class_list":{"0":"post-5418","1":"product","2":"type-product","3":"status-publish","4":"has-post-thumbnail","6":"product_cat-cumprare-cercetare-chimice","8":"first","9":"instock","10":"shipping-taxable","11":"purchasable","12":"product-type-variable","13":"has-default-attributes"},"yoast_head":"<!-- This site is optimized with the Yoast SEO plugin v27.3 - https:\/\/yoast.com\/product\/yoast-seo-wordpress\/ -->\n<title>Cump\u0103ra\u021bi pulbere de acetil fentanil (99%+ pur) online - Cele mai bune medicamente globale<\/title>\n<meta name=\"description\" content=\"Cump\u0103ra\u021bi Pudr\u0103 de Acetil Fentanil (99%+ Pure) Online. Folosit pentru durerea sever\u0103, continu\u0103, care nu poate fi controlat\u0103 cu alte medicamente. Acest medicament este un puternic analgezic narcotic.\" \/>\n<meta name=\"robots\" content=\"index, follow, max-snippet:-1, max-image-preview:large, max-video-preview:-1\" \/>\n<link rel=\"canonical\" href=\"https:\/\/medicinasinc.com\/ro\/product\/cumparati-acetil-fentanil-pulbere-99-pura-online\/\" \/>\n<meta property=\"og:locale\" content=\"en_US\" \/>\n<meta property=\"og:type\" content=\"article\" \/>\n<meta property=\"og:title\" content=\"Cump\u0103ra\u021bi pulbere de acetil fentanil (99%+ pur) online - Cele mai bune medicamente globale\" \/>\n<meta property=\"og:description\" content=\"Cump\u0103ra\u021bi Pudr\u0103 de Acetil Fentanil (99%+ Pure) Online. Folosit pentru durerea sever\u0103, continu\u0103, care nu poate fi controlat\u0103 cu alte medicamente. Acest medicament este un puternic analgezic narcotic.\" \/>\n<meta property=\"og:url\" content=\"https:\/\/medicinasinc.com\/ro\/product\/cumparati-acetil-fentanil-pulbere-99-pura-online\/\" \/>\n<meta property=\"og:site_name\" content=\"Medicinas Inc\" \/>\n<meta property=\"article:modified_time\" content=\"2022-03-22T00:58:38+00:00\" \/>\n<meta property=\"og:image\" content=\"https:\/\/medicinasinc.com\/ro\/wp-content\/uploads\/sites\/11\/2022\/02\/Buy-Acetyl-Fentanyl-Powder-99-Pure-online.jpg\" \/>\n\t<meta property=\"og:image:width\" content=\"600\" \/>\n\t<meta property=\"og:image:height\" content=\"600\" \/>\n\t<meta property=\"og:image:type\" content=\"image\/jpeg\" \/>\n<meta name=\"twitter:card\" content=\"summary_large_image\" \/>\n<meta name=\"twitter:label1\" content=\"Est. reading time\" \/>\n\t<meta name=\"twitter:data1\" content=\"1 minute\" \/>\n<script type=\"application\/ld+json\" class=\"yoast-schema-graph\">{\"@context\":\"https:\\\/\\\/schema.org\",\"@graph\":[{\"@type\":\"WebPage\",\"@id\":\"https:\\\/\\\/medicinasinc.com\\\/ro\\\/product\\\/cumparati-acetil-fentanil-pulbere-99-pura-online\\\/\",\"url\":\"https:\\\/\\\/medicinasinc.com\\\/ro\\\/product\\\/cumparati-acetil-fentanil-pulbere-99-pura-online\\\/\",\"name\":\"Cump\u0103ra\u021bi pulbere de acetil fentanil (99%+ pur) online - Cele mai bune medicamente globale\",\"isPartOf\":{\"@id\":\"https:\\\/\\\/medicinasinc.com\\\/ro\\\/#website\"},\"primaryImageOfPage\":{\"@id\":\"https:\\\/\\\/medicinasinc.com\\\/ro\\\/product\\\/cumparati-acetil-fentanil-pulbere-99-pura-online\\\/#primaryimage\"},\"image\":{\"@id\":\"https:\\\/\\\/medicinasinc.com\\\/ro\\\/product\\\/cumparati-acetil-fentanil-pulbere-99-pura-online\\\/#primaryimage\"},\"thumbnailUrl\":\"https:\\\/\\\/medicinasinc.com\\\/ro\\\/wp-content\\\/uploads\\\/sites\\\/11\\\/2022\\\/02\\\/Buy-Acetyl-Fentanyl-Powder-99-Pure-online.jpg\",\"datePublished\":\"2022-02-21T22:59:50+00:00\",\"dateModified\":\"2022-03-22T00:58:38+00:00\",\"description\":\"Cump\u0103ra\u021bi Pudr\u0103 de Acetil Fentanil (99%+ Pure) Online. Folosit pentru durerea sever\u0103, continu\u0103, care nu poate fi controlat\u0103 cu alte medicamente. Acest medicament este un puternic analgezic narcotic.\",\"breadcrumb\":{\"@id\":\"https:\\\/\\\/medicinasinc.com\\\/ro\\\/product\\\/cumparati-acetil-fentanil-pulbere-99-pura-online\\\/#breadcrumb\"},\"inLanguage\":\"en-US\",\"potentialAction\":[{\"@type\":\"ReadAction\",\"target\":[\"https:\\\/\\\/medicinasinc.com\\\/ro\\\/product\\\/cumparati-acetil-fentanil-pulbere-99-pura-online\\\/\"]}]},{\"@type\":\"ImageObject\",\"inLanguage\":\"en-US\",\"@id\":\"https:\\\/\\\/medicinasinc.com\\\/ro\\\/product\\\/cumparati-acetil-fentanil-pulbere-99-pura-online\\\/#primaryimage\",\"url\":\"https:\\\/\\\/medicinasinc.com\\\/ro\\\/wp-content\\\/uploads\\\/sites\\\/11\\\/2022\\\/02\\\/Buy-Acetyl-Fentanyl-Powder-99-Pure-online.jpg\",\"contentUrl\":\"https:\\\/\\\/medicinasinc.com\\\/ro\\\/wp-content\\\/uploads\\\/sites\\\/11\\\/2022\\\/02\\\/Buy-Acetyl-Fentanyl-Powder-99-Pure-online.jpg\",\"width\":600,\"height\":600},{\"@type\":\"BreadcrumbList\",\"@id\":\"https:\\\/\\\/medicinasinc.com\\\/ro\\\/product\\\/cumparati-acetil-fentanil-pulbere-99-pura-online\\\/#breadcrumb\",\"itemListElement\":[{\"@type\":\"ListItem\",\"position\":1,\"name\":\"Magazin\",\"item\":\"https:\\\/\\\/medicinasinc.com\\\/ro\\\/magazin\\\/\"},{\"@type\":\"ListItem\",\"position\":2,\"name\":\"Cump\u0103ra\u021bi Pudr\u0103 de Acetil Fentanil (99%+ Pure) Online\"}]},{\"@type\":\"WebSite\",\"@id\":\"https:\\\/\\\/medicinasinc.com\\\/ro\\\/#website\",\"url\":\"https:\\\/\\\/medicinasinc.com\\\/ro\\\/\",\"name\":\"Medicinas Inc\",\"description\":\"Health Medical Clinic\",\"potentialAction\":[{\"@type\":\"SearchAction\",\"target\":{\"@type\":\"EntryPoint\",\"urlTemplate\":\"https:\\\/\\\/medicinasinc.com\\\/ro\\\/?s={search_term_string}\"},\"query-input\":{\"@type\":\"PropertyValueSpecification\",\"valueRequired\":true,\"valueName\":\"search_term_string\"}}],\"inLanguage\":\"en-US\"}]}<\/script>\n<!-- \/ Yoast SEO plugin. -->","yoast_head_json":{"title":"Cump\u0103ra\u021bi pulbere de acetil fentanil (99%+ pur) online - Cele mai bune medicamente globale","description":"Cump\u0103ra\u021bi Pudr\u0103 de Acetil Fentanil (99%+ Pure) Online. Folosit pentru durerea sever\u0103, continu\u0103, care nu poate fi controlat\u0103 cu alte medicamente. Acest medicament este un puternic analgezic narcotic.","robots":{"index":"index","follow":"follow","max-snippet":"max-snippet:-1","max-image-preview":"max-image-preview:large","max-video-preview":"max-video-preview:-1"},"canonical":"https:\/\/medicinasinc.com\/ro\/product\/cumparati-acetil-fentanil-pulbere-99-pura-online\/","og_locale":"en_US","og_type":"article","og_title":"Cump\u0103ra\u021bi pulbere de acetil fentanil (99%+ pur) online - Cele mai bune medicamente globale","og_description":"Cump\u0103ra\u021bi Pudr\u0103 de Acetil Fentanil (99%+ Pure) Online. Folosit pentru durerea sever\u0103, continu\u0103, care nu poate fi controlat\u0103 cu alte medicamente. Acest medicament este un puternic analgezic narcotic.","og_url":"https:\/\/medicinasinc.com\/ro\/product\/cumparati-acetil-fentanil-pulbere-99-pura-online\/","og_site_name":"Medicinas Inc","article_modified_time":"2022-03-22T00:58:38+00:00","og_image":[{"width":600,"height":600,"url":"https:\/\/medicinasinc.com\/ro\/wp-content\/uploads\/sites\/11\/2022\/02\/Buy-Acetyl-Fentanyl-Powder-99-Pure-online.jpg","type":"image\/jpeg"}],"twitter_card":"summary_large_image","twitter_misc":{"Est. reading time":"1 minute"},"schema":{"@context":"https:\/\/schema.org","@graph":[{"@type":"WebPage","@id":"https:\/\/medicinasinc.com\/ro\/product\/cumparati-acetil-fentanil-pulbere-99-pura-online\/","url":"https:\/\/medicinasinc.com\/ro\/product\/cumparati-acetil-fentanil-pulbere-99-pura-online\/","name":"Cump\u0103ra\u021bi pulbere de acetil fentanil (99%+ pur) online - Cele mai bune medicamente globale","isPartOf":{"@id":"https:\/\/medicinasinc.com\/ro\/#website"},"primaryImageOfPage":{"@id":"https:\/\/medicinasinc.com\/ro\/product\/cumparati-acetil-fentanil-pulbere-99-pura-online\/#primaryimage"},"image":{"@id":"https:\/\/medicinasinc.com\/ro\/product\/cumparati-acetil-fentanil-pulbere-99-pura-online\/#primaryimage"},"thumbnailUrl":"https:\/\/medicinasinc.com\/ro\/wp-content\/uploads\/sites\/11\/2022\/02\/Buy-Acetyl-Fentanyl-Powder-99-Pure-online.jpg","datePublished":"2022-02-21T22:59:50+00:00","dateModified":"2022-03-22T00:58:38+00:00","description":"Cump\u0103ra\u021bi Pudr\u0103 de Acetil Fentanil (99%+ Pure) Online. Folosit pentru durerea sever\u0103, continu\u0103, care nu poate fi controlat\u0103 cu alte medicamente. Acest medicament este un puternic analgezic narcotic.","breadcrumb":{"@id":"https:\/\/medicinasinc.com\/ro\/product\/cumparati-acetil-fentanil-pulbere-99-pura-online\/#breadcrumb"},"inLanguage":"en-US","potentialAction":[{"@type":"ReadAction","target":["https:\/\/medicinasinc.com\/ro\/product\/cumparati-acetil-fentanil-pulbere-99-pura-online\/"]}]},{"@type":"ImageObject","inLanguage":"en-US","@id":"https:\/\/medicinasinc.com\/ro\/product\/cumparati-acetil-fentanil-pulbere-99-pura-online\/#primaryimage","url":"https:\/\/medicinasinc.com\/ro\/wp-content\/uploads\/sites\/11\/2022\/02\/Buy-Acetyl-Fentanyl-Powder-99-Pure-online.jpg","contentUrl":"https:\/\/medicinasinc.com\/ro\/wp-content\/uploads\/sites\/11\/2022\/02\/Buy-Acetyl-Fentanyl-Powder-99-Pure-online.jpg","width":600,"height":600},{"@type":"BreadcrumbList","@id":"https:\/\/medicinasinc.com\/ro\/product\/cumparati-acetil-fentanil-pulbere-99-pura-online\/#breadcrumb","itemListElement":[{"@type":"ListItem","position":1,"name":"Magazin","item":"https:\/\/medicinasinc.com\/ro\/magazin\/"},{"@type":"ListItem","position":2,"name":"Cump\u0103ra\u021bi Pudr\u0103 de Acetil Fentanil (99%+ Pure) Online"}]},{"@type":"WebSite","@id":"https:\/\/medicinasinc.com\/ro\/#website","url":"https:\/\/medicinasinc.com\/ro\/","name":"Medicinas Inc","description":"Health Medical Clinic","potentialAction":[{"@type":"SearchAction","target":{"@type":"EntryPoint","urlTemplate":"https:\/\/medicinasinc.com\/ro\/?s={search_term_string}"},"query-input":{"@type":"PropertyValueSpecification","valueRequired":true,"valueName":"search_term_string"}}],"inLanguage":"en-US"}]}},"_links":{"self":[{"href":"https:\/\/medicinasinc.com\/ro\/wp-json\/wp\/v2\/product\/5418","targetHints":{"allow":["GET"]}}],"collection":[{"href":"https:\/\/medicinasinc.com\/ro\/wp-json\/wp\/v2\/product"}],"about":[{"href":"https:\/\/medicinasinc.com\/ro\/wp-json\/wp\/v2\/types\/product"}],"replies":[{"embeddable":true,"href":"https:\/\/medicinasinc.com\/ro\/wp-json\/wp\/v2\/comments?post=5418"}],"wp:featuredmedia":[{"embeddable":true,"href":"https:\/\/medicinasinc.com\/ro\/wp-json\/wp\/v2\/media\/5429"}],"wp:attachment":[{"href":"https:\/\/medicinasinc.com\/ro\/wp-json\/wp\/v2\/media?parent=5418"}],"wp:term":[{"taxonomy":"product_brand","embeddable":true,"href":"https:\/\/medicinasinc.com\/ro\/wp-json\/wp\/v2\/product_brand?post=5418"},{"taxonomy":"product_cat","embeddable":true,"href":"https:\/\/medicinasinc.com\/ro\/wp-json\/wp\/v2\/product_cat?post=5418"},{"taxonomy":"product_tag","embeddable":true,"href":"https:\/\/medicinasinc.com\/ro\/wp-json\/wp\/v2\/product_tag?post=5418"}],"curies":[{"name":"wp","href":"https:\/\/api.w.org\/{rel}","templated":true}]}}