{"id":5417,"date":"2022-02-21T22:57:54","date_gmt":"2022-02-21T22:57:54","guid":{"rendered":"https:\/\/medicinasinc.com\/ro\/?post_type=product&#038;p=5417"},"modified":"2022-03-22T00:58:49","modified_gmt":"2022-03-22T00:58:49","slug":"buy-5f-mdmb-2201-5f-mmb-pica-5f-amb-pica","status":"publish","type":"product","link":"https:\/\/medicinasinc.com\/ro\/product\/buy-5f-mdmb-2201-5f-mmb-pica-5f-amb-pica\/","title":{"rendered":"Cump\u0103ra\u021bi 5F MDMB 2201 &#8211; 5F-MMB-PICA, 5F-AMB-PICA"},"content":{"rendered":"<h1>Cump\u0103ra\u021bi 5f MDMB 2201 Crystals online.<\/h1>\n<p>Cump\u0103ra\u021bi 5f MDMB 2201 Crystals online.<\/p>\n<p>Este o indazol 3 carboxamid\u0103 care \u00eencepe s\u0103 fie v\u0103zut\u0103 \u00een produsele de canabis sintetice din \u00eentreaga lume .<\/p>\n<p>Farmacologie:<br \/> 5F-MDMB-2201 este \u00een\u021beles a fi un agonist CB1 foarte puternic, dar nu se \u0219tie dac\u0103 are o selectivitate puternic\u0103 pentru CB1 sau chiar dac\u0103 este selectiv la toate. Vor fi necesare mai multe teste \u00een acest domeniu.<\/p>\n<p>Compu\u0219i similari:<br \/> 5F-AB-PINACA<br \/> PX-3<br \/> MDMB-FUBINACA<br \/> MDMB-CHMICA<br \/> APINACA<br \/> APICA<br \/> ADB-PINACA<br \/> ADBICA<br \/> ADB-FUBINACA<br \/> ADB-CHMINACA<br \/> AB-PINACA<br \/> AB-FUBINACA<br \/> AB-CHMINACA<br \/> AB-CHFUPYCA<br \/> 5F-APINACA<br \/> 5F-AMB<\/p>\n<p>Legalitate:<br \/> 5F-MDMB-2201 nu este cunoscut a fi considerat\u0103 o substan\u021b\u0103 controlat\u0103 \u00een orice \u021bar\u0103 sau jurisdic\u021bie major\u0103 \u00een acest moment, dar poate fi considerat\u0103 un analog al 5F-ADB sau al compu\u0219ilor \u00eenrudi\u021bi. Acest lucru ar putea face v\u00e2nzarea sau de\u021binerea sa ilegal\u0103 \u00een anumite jurisdic\u021bii, a\u0219a c\u0103 ar trebui s\u0103 ave\u021bi grij\u0103 c\u00e2nd importa\u021bi aceast\u0103 substan\u021b\u0103 chimic\u0103.<br \/> 5F-MDMB-2201 este v\u00e2ndut exclusiv ca substan\u021b\u0103 chimic\u0103 de cercetare \u0219i, prin urmare, este impropriu consumului uman sau animal. Ar trebui s\u0103 fie utilizat numai de personal instruit \u00eentr-un laborator sau \u00een mediul criminalistic.<\/p>\n","protected":false},"excerpt":{"rendered":"<p>Cump\u0103ra\u021bi MMB-2201, 5F MDMB 2201 de v\u00e2nzare Marea Britanie, Europa (cunoscut \u0219i ca 5F-MMB-PICA, 5F-AMB-PICA \u0219i I-AMB) este un canabinoid sintetic puternic pe baz\u0103 de indol-3-carboxamid\u0103, care a fost v\u00e2ndut ca medicament de designer \u0219i ca ingredient activ \u00een amestecurile sintetice de canabis<\/p>\n<p>Achizi\u021bie online a 5f MDMB 2201 Crystals. 5F-MDMB-2201 este un canabinoid sintetic din familia indazolului, care este foarte asem\u0103n\u0103tor cu cel mai bine-cunoscut 5F-MDMB-PINACA.<\/p>\n<p>Cump\u0103ra\u021bi 5F-MDMB-2201 Pudr\u0103 de \u00eenalt\u0103 calitate online cu Bitcoin \u0219i #8211; Cump\u0103ra\u021bi online medicamente legale, substan\u021be chimice de cercetare \u0219i pulberi farmaceutice brute.<\/p>\n<p>5F-MDMB-2201<\/p>\n<p>Comanda\u021bi o prob\u0103 pentru testare sau cump\u0103ra\u021bi 5f-mdmb-2201 pentru v\u00e2nzare cu livrare gratuit\u0103 c\u0103tre Regatul Unit, SUA sau Europa.<\/p>\n","protected":false},"featured_media":5427,"comment_status":"open","ping_status":"closed","template":"","meta":[],"product_brand":[],"product_cat":[2596],"product_tag":[2598,2599,2600,2601,2602,2603,2604,2608,2609,2610,2611,2605,2606,2607,2612,2613,2616,2615,2614,2617,2618,2619,2620,2621,2623,2624,2626,2628,2627,2622,2631,2625,2629,2597,2630],"class_list":{"0":"post-5417","1":"product","2":"type-product","3":"status-publish","4":"has-post-thumbnail","6":"product_cat-canabinoizi-de-vnzare","7":"product_tag-4f-mdmb-binaca-uk","8":"product_tag-5f-pulbere","9":"product_tag-5f-mdmb-2201","10":"product_tag-5f-mdmb-2201-canabinoizi","11":"product_tag-5f-mdmb-2201-canabinoizi-de-vanzare","12":"product_tag-5f-mdmb-2201-de-vanzare","13":"product_tag-5f-mdmb-2201-de-vanzare-online","14":"product_tag-5f-mdmb-2201-powder-dosage","15":"product_tag-5f-mdmb-2201-powder-for-sale","16":"product_tag-5f-mdmb-2201-powder-review","17":"product_tag-5f-mdmb-2201-powder-supplier","18":"product_tag-5f-mdmb-2201-pulbere","19":"product_tag-5f-mdmb-2201-pulbere-australia","20":"product_tag-5f-mdmb-2201-pulbere-canada","21":"product_tag-5f-mdmb-2201-powder-uk","22":"product_tag-5f-mdmb-2201-powder-usa","23":"product_tag-5f-mdmb-2201-review","24":"product_tag-5f-mdmb-2201-reddit","25":"product_tag-5f-mdmb-2201-vanzator-pulbere","26":"product_tag-5f-mdmb-pinaca-buy","27":"product_tag-5f-sgt-151","28":"product_tag-buy-5f-mdmb-2201","29":"product_tag-buy-5f-mdmb-2201-cannabinoids","30":"product_tag-buy-5f-mdmb-2201-online","31":"product_tag-buy-diclazepam-uk","32":"product_tag-c-lichid-chimic-suspensie","33":"product_tag-comanda-5f-mdmb-2201","34":"product_tag-comanda-5f-mdmb-2201-pulbere","35":"product_tag-comanda-5f-mdmb-2201-online","36":"product_tag-cumpara-5f-mdmb-2201-powder-online","37":"product_tag-unde-se-cumpr-5f-mdmb-2201","38":"product_tag-mail-5f-mdmb-2201","39":"product_tag-pur-5f-mdmb-2201-pulbere","40":"product_tag-4f-adb-review","41":"product_tag-sgt-151-legal","43":"first","44":"instock","45":"shipping-taxable","46":"purchasable","47":"product-type-variable","48":"has-default-attributes"},"yoast_head":"<!-- This site is optimized with the Yoast SEO plugin v27.3 - https:\/\/yoast.com\/product\/yoast-seo-wordpress\/ -->\n<title>Cump\u0103ra\u021bi 5F MDMB 2201 - 5F-MMB-PICA, 5F-AMB-PICA \u0219i I-AMB<\/title>\n<meta name=\"description\" content=\"Cump\u0103ra\u021bi MMB-2201, 5F MDMB 2201 de v\u00e2nzare Marea Britanie, Europa (cunoscut \u0219i ca 5F-MMB-PICA, 5F-AMB-PICA \u0219i I-AMB) este un canabinoid sintetic puternic pe baz\u0103 de indol-3-carboxamid\u0103, care a fost v\u00e2ndut ca drog de design \u0219i ca ingredient activ \u00een amestecurile de canabis sintetic\" \/>\n<meta name=\"robots\" content=\"index, follow, max-snippet:-1, max-image-preview:large, max-video-preview:-1\" \/>\n<link rel=\"canonical\" href=\"https:\/\/medicinasinc.com\/ro\/product\/buy-5f-mdmb-2201-5f-mmb-pica-5f-amb-pica\/\" \/>\n<meta property=\"og:locale\" content=\"en_US\" \/>\n<meta property=\"og:type\" content=\"article\" \/>\n<meta property=\"og:title\" content=\"Cump\u0103ra\u021bi 5F MDMB 2201 - 5F-MMB-PICA, 5F-AMB-PICA \u0219i I-AMB\" \/>\n<meta property=\"og:description\" content=\"Cump\u0103ra\u021bi MMB-2201, 5F MDMB 2201 de v\u00e2nzare Marea Britanie, Europa (cunoscut \u0219i ca 5F-MMB-PICA, 5F-AMB-PICA \u0219i I-AMB) este un canabinoid sintetic puternic pe baz\u0103 de indol-3-carboxamid\u0103, care a fost v\u00e2ndut ca drog de design \u0219i ca ingredient activ \u00een amestecurile de canabis sintetic\" \/>\n<meta property=\"og:url\" content=\"https:\/\/medicinasinc.com\/ro\/product\/buy-5f-mdmb-2201-5f-mmb-pica-5f-amb-pica\/\" \/>\n<meta property=\"og:site_name\" content=\"Medicinas Inc\" \/>\n<meta property=\"article:modified_time\" content=\"2022-03-22T00:58:49+00:00\" \/>\n<meta property=\"og:image\" content=\"https:\/\/medicinasinc.com\/ro\/wp-content\/uploads\/sites\/11\/2022\/02\/Buy-5f-MDMB-2201.jpg\" \/>\n\t<meta property=\"og:image:width\" content=\"232\" \/>\n\t<meta property=\"og:image:height\" content=\"217\" \/>\n\t<meta property=\"og:image:type\" content=\"image\/jpeg\" \/>\n<meta name=\"twitter:card\" content=\"summary_large_image\" \/>\n<meta name=\"twitter:label1\" content=\"Est. reading time\" \/>\n\t<meta name=\"twitter:data1\" content=\"1 minute\" \/>\n<script type=\"application\/ld+json\" class=\"yoast-schema-graph\">{\"@context\":\"https:\\\/\\\/schema.org\",\"@graph\":[{\"@type\":\"WebPage\",\"@id\":\"https:\\\/\\\/medicinasinc.com\\\/ro\\\/product\\\/buy-5f-mdmb-2201-5f-mmb-pica-5f-amb-pica\\\/\",\"url\":\"https:\\\/\\\/medicinasinc.com\\\/ro\\\/product\\\/buy-5f-mdmb-2201-5f-mmb-pica-5f-amb-pica\\\/\",\"name\":\"Cump\u0103ra\u021bi 5F MDMB 2201 - 5F-MMB-PICA, 5F-AMB-PICA \u0219i I-AMB\",\"isPartOf\":{\"@id\":\"https:\\\/\\\/medicinasinc.com\\\/ro\\\/#website\"},\"primaryImageOfPage\":{\"@id\":\"https:\\\/\\\/medicinasinc.com\\\/ro\\\/product\\\/buy-5f-mdmb-2201-5f-mmb-pica-5f-amb-pica\\\/#primaryimage\"},\"image\":{\"@id\":\"https:\\\/\\\/medicinasinc.com\\\/ro\\\/product\\\/buy-5f-mdmb-2201-5f-mmb-pica-5f-amb-pica\\\/#primaryimage\"},\"thumbnailUrl\":\"https:\\\/\\\/medicinasinc.com\\\/ro\\\/wp-content\\\/uploads\\\/sites\\\/11\\\/2022\\\/02\\\/Buy-5f-MDMB-2201.jpg\",\"datePublished\":\"2022-02-21T22:57:54+00:00\",\"dateModified\":\"2022-03-22T00:58:49+00:00\",\"description\":\"Cump\u0103ra\u021bi MMB-2201, 5F MDMB 2201 de v\u00e2nzare Marea Britanie, Europa (cunoscut \u0219i ca 5F-MMB-PICA, 5F-AMB-PICA \u0219i I-AMB) este un canabinoid sintetic puternic pe baz\u0103 de indol-3-carboxamid\u0103, care a fost v\u00e2ndut ca drog de design \u0219i ca ingredient activ \u00een amestecurile de canabis sintetic\",\"breadcrumb\":{\"@id\":\"https:\\\/\\\/medicinasinc.com\\\/ro\\\/product\\\/buy-5f-mdmb-2201-5f-mmb-pica-5f-amb-pica\\\/#breadcrumb\"},\"inLanguage\":\"en-US\",\"potentialAction\":[{\"@type\":\"ReadAction\",\"target\":[\"https:\\\/\\\/medicinasinc.com\\\/ro\\\/product\\\/buy-5f-mdmb-2201-5f-mmb-pica-5f-amb-pica\\\/\"]}]},{\"@type\":\"ImageObject\",\"inLanguage\":\"en-US\",\"@id\":\"https:\\\/\\\/medicinasinc.com\\\/ro\\\/product\\\/buy-5f-mdmb-2201-5f-mmb-pica-5f-amb-pica\\\/#primaryimage\",\"url\":\"https:\\\/\\\/medicinasinc.com\\\/ro\\\/wp-content\\\/uploads\\\/sites\\\/11\\\/2022\\\/02\\\/Buy-5f-MDMB-2201.jpg\",\"contentUrl\":\"https:\\\/\\\/medicinasinc.com\\\/ro\\\/wp-content\\\/uploads\\\/sites\\\/11\\\/2022\\\/02\\\/Buy-5f-MDMB-2201.jpg\",\"width\":232,\"height\":217},{\"@type\":\"BreadcrumbList\",\"@id\":\"https:\\\/\\\/medicinasinc.com\\\/ro\\\/product\\\/buy-5f-mdmb-2201-5f-mmb-pica-5f-amb-pica\\\/#breadcrumb\",\"itemListElement\":[{\"@type\":\"ListItem\",\"position\":1,\"name\":\"Magazin\",\"item\":\"https:\\\/\\\/medicinasinc.com\\\/ro\\\/magazin\\\/\"},{\"@type\":\"ListItem\",\"position\":2,\"name\":\"Cump\u0103ra\u021bi 5F MDMB 2201 &#8211; 5F-MMB-PICA, 5F-AMB-PICA\"}]},{\"@type\":\"WebSite\",\"@id\":\"https:\\\/\\\/medicinasinc.com\\\/ro\\\/#website\",\"url\":\"https:\\\/\\\/medicinasinc.com\\\/ro\\\/\",\"name\":\"Medicinas Inc\",\"description\":\"Health Medical Clinic\",\"potentialAction\":[{\"@type\":\"SearchAction\",\"target\":{\"@type\":\"EntryPoint\",\"urlTemplate\":\"https:\\\/\\\/medicinasinc.com\\\/ro\\\/?s={search_term_string}\"},\"query-input\":{\"@type\":\"PropertyValueSpecification\",\"valueRequired\":true,\"valueName\":\"search_term_string\"}}],\"inLanguage\":\"en-US\"}]}<\/script>\n<!-- \/ Yoast SEO plugin. -->","yoast_head_json":{"title":"Cump\u0103ra\u021bi 5F MDMB 2201 - 5F-MMB-PICA, 5F-AMB-PICA \u0219i I-AMB","description":"Cump\u0103ra\u021bi MMB-2201, 5F MDMB 2201 de v\u00e2nzare Marea Britanie, Europa (cunoscut \u0219i ca 5F-MMB-PICA, 5F-AMB-PICA \u0219i I-AMB) este un canabinoid sintetic puternic pe baz\u0103 de indol-3-carboxamid\u0103, care a fost v\u00e2ndut ca drog de design \u0219i ca ingredient activ \u00een amestecurile de canabis sintetic","robots":{"index":"index","follow":"follow","max-snippet":"max-snippet:-1","max-image-preview":"max-image-preview:large","max-video-preview":"max-video-preview:-1"},"canonical":"https:\/\/medicinasinc.com\/ro\/product\/buy-5f-mdmb-2201-5f-mmb-pica-5f-amb-pica\/","og_locale":"en_US","og_type":"article","og_title":"Cump\u0103ra\u021bi 5F MDMB 2201 - 5F-MMB-PICA, 5F-AMB-PICA \u0219i I-AMB","og_description":"Cump\u0103ra\u021bi MMB-2201, 5F MDMB 2201 de v\u00e2nzare Marea Britanie, Europa (cunoscut \u0219i ca 5F-MMB-PICA, 5F-AMB-PICA \u0219i I-AMB) este un canabinoid sintetic puternic pe baz\u0103 de indol-3-carboxamid\u0103, care a fost v\u00e2ndut ca drog de design \u0219i ca ingredient activ \u00een amestecurile de canabis sintetic","og_url":"https:\/\/medicinasinc.com\/ro\/product\/buy-5f-mdmb-2201-5f-mmb-pica-5f-amb-pica\/","og_site_name":"Medicinas Inc","article_modified_time":"2022-03-22T00:58:49+00:00","og_image":[{"width":232,"height":217,"url":"https:\/\/medicinasinc.com\/ro\/wp-content\/uploads\/sites\/11\/2022\/02\/Buy-5f-MDMB-2201.jpg","type":"image\/jpeg"}],"twitter_card":"summary_large_image","twitter_misc":{"Est. reading time":"1 minute"},"schema":{"@context":"https:\/\/schema.org","@graph":[{"@type":"WebPage","@id":"https:\/\/medicinasinc.com\/ro\/product\/buy-5f-mdmb-2201-5f-mmb-pica-5f-amb-pica\/","url":"https:\/\/medicinasinc.com\/ro\/product\/buy-5f-mdmb-2201-5f-mmb-pica-5f-amb-pica\/","name":"Cump\u0103ra\u021bi 5F MDMB 2201 - 5F-MMB-PICA, 5F-AMB-PICA \u0219i I-AMB","isPartOf":{"@id":"https:\/\/medicinasinc.com\/ro\/#website"},"primaryImageOfPage":{"@id":"https:\/\/medicinasinc.com\/ro\/product\/buy-5f-mdmb-2201-5f-mmb-pica-5f-amb-pica\/#primaryimage"},"image":{"@id":"https:\/\/medicinasinc.com\/ro\/product\/buy-5f-mdmb-2201-5f-mmb-pica-5f-amb-pica\/#primaryimage"},"thumbnailUrl":"https:\/\/medicinasinc.com\/ro\/wp-content\/uploads\/sites\/11\/2022\/02\/Buy-5f-MDMB-2201.jpg","datePublished":"2022-02-21T22:57:54+00:00","dateModified":"2022-03-22T00:58:49+00:00","description":"Cump\u0103ra\u021bi MMB-2201, 5F MDMB 2201 de v\u00e2nzare Marea Britanie, Europa (cunoscut \u0219i ca 5F-MMB-PICA, 5F-AMB-PICA \u0219i I-AMB) este un canabinoid sintetic puternic pe baz\u0103 de indol-3-carboxamid\u0103, care a fost v\u00e2ndut ca drog de design \u0219i ca ingredient activ \u00een amestecurile de canabis sintetic","breadcrumb":{"@id":"https:\/\/medicinasinc.com\/ro\/product\/buy-5f-mdmb-2201-5f-mmb-pica-5f-amb-pica\/#breadcrumb"},"inLanguage":"en-US","potentialAction":[{"@type":"ReadAction","target":["https:\/\/medicinasinc.com\/ro\/product\/buy-5f-mdmb-2201-5f-mmb-pica-5f-amb-pica\/"]}]},{"@type":"ImageObject","inLanguage":"en-US","@id":"https:\/\/medicinasinc.com\/ro\/product\/buy-5f-mdmb-2201-5f-mmb-pica-5f-amb-pica\/#primaryimage","url":"https:\/\/medicinasinc.com\/ro\/wp-content\/uploads\/sites\/11\/2022\/02\/Buy-5f-MDMB-2201.jpg","contentUrl":"https:\/\/medicinasinc.com\/ro\/wp-content\/uploads\/sites\/11\/2022\/02\/Buy-5f-MDMB-2201.jpg","width":232,"height":217},{"@type":"BreadcrumbList","@id":"https:\/\/medicinasinc.com\/ro\/product\/buy-5f-mdmb-2201-5f-mmb-pica-5f-amb-pica\/#breadcrumb","itemListElement":[{"@type":"ListItem","position":1,"name":"Magazin","item":"https:\/\/medicinasinc.com\/ro\/magazin\/"},{"@type":"ListItem","position":2,"name":"Cump\u0103ra\u021bi 5F MDMB 2201 &#8211; 5F-MMB-PICA, 5F-AMB-PICA"}]},{"@type":"WebSite","@id":"https:\/\/medicinasinc.com\/ro\/#website","url":"https:\/\/medicinasinc.com\/ro\/","name":"Medicinas Inc","description":"Health Medical Clinic","potentialAction":[{"@type":"SearchAction","target":{"@type":"EntryPoint","urlTemplate":"https:\/\/medicinasinc.com\/ro\/?s={search_term_string}"},"query-input":{"@type":"PropertyValueSpecification","valueRequired":true,"valueName":"search_term_string"}}],"inLanguage":"en-US"}]}},"_links":{"self":[{"href":"https:\/\/medicinasinc.com\/ro\/wp-json\/wp\/v2\/product\/5417","targetHints":{"allow":["GET"]}}],"collection":[{"href":"https:\/\/medicinasinc.com\/ro\/wp-json\/wp\/v2\/product"}],"about":[{"href":"https:\/\/medicinasinc.com\/ro\/wp-json\/wp\/v2\/types\/product"}],"replies":[{"embeddable":true,"href":"https:\/\/medicinasinc.com\/ro\/wp-json\/wp\/v2\/comments?post=5417"}],"wp:featuredmedia":[{"embeddable":true,"href":"https:\/\/medicinasinc.com\/ro\/wp-json\/wp\/v2\/media\/5427"}],"wp:attachment":[{"href":"https:\/\/medicinasinc.com\/ro\/wp-json\/wp\/v2\/media?parent=5417"}],"wp:term":[{"taxonomy":"product_brand","embeddable":true,"href":"https:\/\/medicinasinc.com\/ro\/wp-json\/wp\/v2\/product_brand?post=5417"},{"taxonomy":"product_cat","embeddable":true,"href":"https:\/\/medicinasinc.com\/ro\/wp-json\/wp\/v2\/product_cat?post=5417"},{"taxonomy":"product_tag","embeddable":true,"href":"https:\/\/medicinasinc.com\/ro\/wp-json\/wp\/v2\/product_tag?post=5417"}],"curies":[{"name":"wp","href":"https:\/\/api.w.org\/{rel}","templated":true}]}}