{"id":5390,"date":"2022-02-21T22:27:36","date_gmt":"2022-02-21T22:27:36","guid":{"rendered":"https:\/\/medicinasinc.com\/ro\/?post_type=product&#038;p=5390"},"modified":"2022-03-22T00:59:06","modified_gmt":"2022-03-22T00:59:06","slug":"cumparati-5-metoximetilona-pulbere-online","status":"publish","type":"product","link":"https:\/\/medicinasinc.com\/ro\/product\/cumparati-5-metoximetilona-pulbere-online\/","title":{"rendered":"Cump\u0103ra\u021bi pulbere de 5-metoximetilon\u0103 online"},"content":{"rendered":"<p>Cump\u0103ra\u021bi pulbere de 5-metoximetilon\u0103 online.<\/p>\n<p>Medicamentul de design pe baz\u0103 de catinon\u0103 2-A1MP, sau pulbere de 5-metoximetilon\u0103, este un compus chimic care a fost oferit online ca medicament de design. 5-Metoxi-MDMA este o form\u0103 de beta-ceton\u0103 a acestui medicament. Structura molecular\u0103 nu pare s\u0103 fie asociat\u0103 cu denumirea mai r\u0103sp\u00e2ndit\u0103 2-AIMP\/2-A1MP. Ad\u0103ugarea unei grup\u0103ri metoxi la al 5-lea atom de carbon al inelului aromatic distinge cele dou\u0103 molecule de metilon\u0103. Cump\u0103ra\u021bi pulbere de 5-metoximetilon\u0103. Toxicitatea acestui compus este \u00eenc\u0103 neclar\u0103. Cump\u0103ra\u021bi 5-metoximetilon\u0103 de pe internet.<\/p>\n<p>Sub denumirea str\u0103zii 2-A1MP, 5-metoximetilona este clasificat\u0103 ca substan\u021b\u0103 controlat\u0103 \u00een Ungaria.<\/p>\n<p>Cump\u0103ra\u021bi 5-metoximetilon\u0103.<\/p>\n<p>Vezi \u0219i<br \/> Lophophine<br \/> 5-metiletilen\u0103<br \/> 5-metil-MDA<br \/> Cump\u0103r\u0103 pulbere BK-MMDMA online<\/p>\n<div class=\"product- next-previous\">\n<div class=\"product-prev\"><\/div><\/div>\n","protected":false},"excerpt":{"rendered":"<div class=\"woocommerce-product-details__short-description\">\n<p>Cump\u0103ra\u021bi 5-Methoxymethyl One, cump\u0103ra\u021bi 5-Methoxymethylone pudr\u0103 online. 5-Metoximetilon\u0103 real\u0103 online \u2013 5-Metoximetilon\u0103 de v\u00e2nzare | Cump\u0103ra\u021bi 5-Metoximetilon\u0103 online | Cump\u0103ra\u021bi pulbere de 5-metoximetilon\u0103 de v\u00e2nzare| Cump\u0103ra\u021bi pulbere ieftin\u0103 de 5-metoximetilon\u0103 | De unde s\u0103 cump\u0103ra\u021bi pulbere de 5-metoximetilon\u0103 online.<\/p>\n<\/p><\/div>\n","protected":false},"featured_media":5402,"comment_status":"open","ping_status":"closed","template":"","meta":[],"product_brand":[],"product_cat":[2014],"product_tag":[],"class_list":{"0":"post-5390","1":"product","2":"type-product","3":"status-publish","4":"has-post-thumbnail","6":"product_cat-cumprare-cercetare-chimice","8":"first","9":"instock","10":"shipping-taxable","11":"purchasable","12":"product-type-variable","13":"has-default-attributes"},"yoast_head":"<!-- This site is optimized with the Yoast SEO plugin v27.3 - https:\/\/yoast.com\/product\/yoast-seo-wordpress\/ -->\n<title>Cump\u0103ra\u021bi pulbere de 5-metoximetilon\u0103 online - Cele mai bune medicamente globale<\/title>\n<meta name=\"description\" content=\"Cump\u0103ra\u021bi 5-Methoxymethyl One, cump\u0103ra\u021bi 5-Methoxymethylone pulbere online. 5-Metoximetilon\u0103 real\u0103 online \u2013 5-Metoximetilon\u0103 de v\u00e2nzare | Cump\u0103ra\u021bi 5-Metoximetilon\u0103 online | Cump\u0103ra\u021bi pulbere de 5-metoximetilon\u0103 de v\u00e2nzare| Cump\u0103ra\u021bi pulbere ieftin\u0103 de 5-metoximetilon\u0103 | De unde s\u0103 cump\u0103ra\u021bi pulbere de 5-metoximetilon\u0103 online.\" \/>\n<meta name=\"robots\" content=\"index, follow, max-snippet:-1, max-image-preview:large, max-video-preview:-1\" \/>\n<link rel=\"canonical\" href=\"https:\/\/medicinasinc.com\/ro\/product\/cumparati-5-metoximetilona-pulbere-online\/\" \/>\n<meta property=\"og:locale\" content=\"en_US\" \/>\n<meta property=\"og:type\" content=\"article\" \/>\n<meta property=\"og:title\" content=\"Cump\u0103ra\u021bi pulbere de 5-metoximetilon\u0103 online - Cele mai bune medicamente globale\" \/>\n<meta property=\"og:description\" content=\"Cump\u0103ra\u021bi 5-Methoxymethyl One, cump\u0103ra\u021bi 5-Methoxymethylone pulbere online. 5-Metoximetilon\u0103 real\u0103 online \u2013 5-Metoximetilon\u0103 de v\u00e2nzare | Cump\u0103ra\u021bi 5-Metoximetilon\u0103 online | Cump\u0103ra\u021bi pulbere de 5-metoximetilon\u0103 de v\u00e2nzare| Cump\u0103ra\u021bi pulbere ieftin\u0103 de 5-metoximetilon\u0103 | De unde s\u0103 cump\u0103ra\u021bi pulbere de 5-metoximetilon\u0103 online.\" \/>\n<meta property=\"og:url\" content=\"https:\/\/medicinasinc.com\/ro\/product\/cumparati-5-metoximetilona-pulbere-online\/\" \/>\n<meta property=\"og:site_name\" content=\"Medicinas Inc\" \/>\n<meta property=\"article:modified_time\" content=\"2022-03-22T00:59:06+00:00\" \/>\n<meta property=\"og:image\" content=\"https:\/\/medicinasinc.com\/ro\/wp-content\/uploads\/sites\/11\/2022\/02\/buy-5-methoxymethylone-powder-online.jpg\" \/>\n\t<meta property=\"og:image:width\" content=\"600\" \/>\n\t<meta property=\"og:image:height\" content=\"600\" \/>\n\t<meta property=\"og:image:type\" content=\"image\/jpeg\" \/>\n<meta name=\"twitter:card\" content=\"summary_large_image\" \/>\n<meta name=\"twitter:label1\" content=\"Est. reading time\" \/>\n\t<meta name=\"twitter:data1\" content=\"1 minute\" \/>\n<script type=\"application\/ld+json\" class=\"yoast-schema-graph\">{\"@context\":\"https:\\\/\\\/schema.org\",\"@graph\":[{\"@type\":\"WebPage\",\"@id\":\"https:\\\/\\\/medicinasinc.com\\\/ro\\\/product\\\/cumparati-5-metoximetilona-pulbere-online\\\/\",\"url\":\"https:\\\/\\\/medicinasinc.com\\\/ro\\\/product\\\/cumparati-5-metoximetilona-pulbere-online\\\/\",\"name\":\"Cump\u0103ra\u021bi pulbere de 5-metoximetilon\u0103 online - Cele mai bune medicamente globale\",\"isPartOf\":{\"@id\":\"https:\\\/\\\/medicinasinc.com\\\/ro\\\/#website\"},\"primaryImageOfPage\":{\"@id\":\"https:\\\/\\\/medicinasinc.com\\\/ro\\\/product\\\/cumparati-5-metoximetilona-pulbere-online\\\/#primaryimage\"},\"image\":{\"@id\":\"https:\\\/\\\/medicinasinc.com\\\/ro\\\/product\\\/cumparati-5-metoximetilona-pulbere-online\\\/#primaryimage\"},\"thumbnailUrl\":\"https:\\\/\\\/medicinasinc.com\\\/ro\\\/wp-content\\\/uploads\\\/sites\\\/11\\\/2022\\\/02\\\/buy-5-methoxymethylone-powder-online.jpg\",\"datePublished\":\"2022-02-21T22:27:36+00:00\",\"dateModified\":\"2022-03-22T00:59:06+00:00\",\"description\":\"Cump\u0103ra\u021bi 5-Methoxymethyl One, cump\u0103ra\u021bi 5-Methoxymethylone pulbere online. 5-Metoximetilon\u0103 real\u0103 online \u2013 5-Metoximetilon\u0103 de v\u00e2nzare | Cump\u0103ra\u021bi 5-Metoximetilon\u0103 online | Cump\u0103ra\u021bi pulbere de 5-metoximetilon\u0103 de v\u00e2nzare| Cump\u0103ra\u021bi pulbere ieftin\u0103 de 5-metoximetilon\u0103 | De unde s\u0103 cump\u0103ra\u021bi pulbere de 5-metoximetilon\u0103 online.\",\"breadcrumb\":{\"@id\":\"https:\\\/\\\/medicinasinc.com\\\/ro\\\/product\\\/cumparati-5-metoximetilona-pulbere-online\\\/#breadcrumb\"},\"inLanguage\":\"en-US\",\"potentialAction\":[{\"@type\":\"ReadAction\",\"target\":[\"https:\\\/\\\/medicinasinc.com\\\/ro\\\/product\\\/cumparati-5-metoximetilona-pulbere-online\\\/\"]}]},{\"@type\":\"ImageObject\",\"inLanguage\":\"en-US\",\"@id\":\"https:\\\/\\\/medicinasinc.com\\\/ro\\\/product\\\/cumparati-5-metoximetilona-pulbere-online\\\/#primaryimage\",\"url\":\"https:\\\/\\\/medicinasinc.com\\\/ro\\\/wp-content\\\/uploads\\\/sites\\\/11\\\/2022\\\/02\\\/buy-5-methoxymethylone-powder-online.jpg\",\"contentUrl\":\"https:\\\/\\\/medicinasinc.com\\\/ro\\\/wp-content\\\/uploads\\\/sites\\\/11\\\/2022\\\/02\\\/buy-5-methoxymethylone-powder-online.jpg\",\"width\":600,\"height\":600},{\"@type\":\"BreadcrumbList\",\"@id\":\"https:\\\/\\\/medicinasinc.com\\\/ro\\\/product\\\/cumparati-5-metoximetilona-pulbere-online\\\/#breadcrumb\",\"itemListElement\":[{\"@type\":\"ListItem\",\"position\":1,\"name\":\"Magazin\",\"item\":\"https:\\\/\\\/medicinasinc.com\\\/ro\\\/magazin\\\/\"},{\"@type\":\"ListItem\",\"position\":2,\"name\":\"Cump\u0103ra\u021bi pulbere de 5-metoximetilon\u0103 online\"}]},{\"@type\":\"WebSite\",\"@id\":\"https:\\\/\\\/medicinasinc.com\\\/ro\\\/#website\",\"url\":\"https:\\\/\\\/medicinasinc.com\\\/ro\\\/\",\"name\":\"Medicinas Inc\",\"description\":\"Health Medical Clinic\",\"potentialAction\":[{\"@type\":\"SearchAction\",\"target\":{\"@type\":\"EntryPoint\",\"urlTemplate\":\"https:\\\/\\\/medicinasinc.com\\\/ro\\\/?s={search_term_string}\"},\"query-input\":{\"@type\":\"PropertyValueSpecification\",\"valueRequired\":true,\"valueName\":\"search_term_string\"}}],\"inLanguage\":\"en-US\"}]}<\/script>\n<!-- \/ Yoast SEO plugin. -->","yoast_head_json":{"title":"Cump\u0103ra\u021bi pulbere de 5-metoximetilon\u0103 online - Cele mai bune medicamente globale","description":"Cump\u0103ra\u021bi 5-Methoxymethyl One, cump\u0103ra\u021bi 5-Methoxymethylone pulbere online. 5-Metoximetilon\u0103 real\u0103 online \u2013 5-Metoximetilon\u0103 de v\u00e2nzare | Cump\u0103ra\u021bi 5-Metoximetilon\u0103 online | Cump\u0103ra\u021bi pulbere de 5-metoximetilon\u0103 de v\u00e2nzare| Cump\u0103ra\u021bi pulbere ieftin\u0103 de 5-metoximetilon\u0103 | De unde s\u0103 cump\u0103ra\u021bi pulbere de 5-metoximetilon\u0103 online.","robots":{"index":"index","follow":"follow","max-snippet":"max-snippet:-1","max-image-preview":"max-image-preview:large","max-video-preview":"max-video-preview:-1"},"canonical":"https:\/\/medicinasinc.com\/ro\/product\/cumparati-5-metoximetilona-pulbere-online\/","og_locale":"en_US","og_type":"article","og_title":"Cump\u0103ra\u021bi pulbere de 5-metoximetilon\u0103 online - Cele mai bune medicamente globale","og_description":"Cump\u0103ra\u021bi 5-Methoxymethyl One, cump\u0103ra\u021bi 5-Methoxymethylone pulbere online. 5-Metoximetilon\u0103 real\u0103 online \u2013 5-Metoximetilon\u0103 de v\u00e2nzare | Cump\u0103ra\u021bi 5-Metoximetilon\u0103 online | Cump\u0103ra\u021bi pulbere de 5-metoximetilon\u0103 de v\u00e2nzare| Cump\u0103ra\u021bi pulbere ieftin\u0103 de 5-metoximetilon\u0103 | De unde s\u0103 cump\u0103ra\u021bi pulbere de 5-metoximetilon\u0103 online.","og_url":"https:\/\/medicinasinc.com\/ro\/product\/cumparati-5-metoximetilona-pulbere-online\/","og_site_name":"Medicinas Inc","article_modified_time":"2022-03-22T00:59:06+00:00","og_image":[{"width":600,"height":600,"url":"https:\/\/medicinasinc.com\/ro\/wp-content\/uploads\/sites\/11\/2022\/02\/buy-5-methoxymethylone-powder-online.jpg","type":"image\/jpeg"}],"twitter_card":"summary_large_image","twitter_misc":{"Est. reading time":"1 minute"},"schema":{"@context":"https:\/\/schema.org","@graph":[{"@type":"WebPage","@id":"https:\/\/medicinasinc.com\/ro\/product\/cumparati-5-metoximetilona-pulbere-online\/","url":"https:\/\/medicinasinc.com\/ro\/product\/cumparati-5-metoximetilona-pulbere-online\/","name":"Cump\u0103ra\u021bi pulbere de 5-metoximetilon\u0103 online - Cele mai bune medicamente globale","isPartOf":{"@id":"https:\/\/medicinasinc.com\/ro\/#website"},"primaryImageOfPage":{"@id":"https:\/\/medicinasinc.com\/ro\/product\/cumparati-5-metoximetilona-pulbere-online\/#primaryimage"},"image":{"@id":"https:\/\/medicinasinc.com\/ro\/product\/cumparati-5-metoximetilona-pulbere-online\/#primaryimage"},"thumbnailUrl":"https:\/\/medicinasinc.com\/ro\/wp-content\/uploads\/sites\/11\/2022\/02\/buy-5-methoxymethylone-powder-online.jpg","datePublished":"2022-02-21T22:27:36+00:00","dateModified":"2022-03-22T00:59:06+00:00","description":"Cump\u0103ra\u021bi 5-Methoxymethyl One, cump\u0103ra\u021bi 5-Methoxymethylone pulbere online. 5-Metoximetilon\u0103 real\u0103 online \u2013 5-Metoximetilon\u0103 de v\u00e2nzare | Cump\u0103ra\u021bi 5-Metoximetilon\u0103 online | Cump\u0103ra\u021bi pulbere de 5-metoximetilon\u0103 de v\u00e2nzare| Cump\u0103ra\u021bi pulbere ieftin\u0103 de 5-metoximetilon\u0103 | De unde s\u0103 cump\u0103ra\u021bi pulbere de 5-metoximetilon\u0103 online.","breadcrumb":{"@id":"https:\/\/medicinasinc.com\/ro\/product\/cumparati-5-metoximetilona-pulbere-online\/#breadcrumb"},"inLanguage":"en-US","potentialAction":[{"@type":"ReadAction","target":["https:\/\/medicinasinc.com\/ro\/product\/cumparati-5-metoximetilona-pulbere-online\/"]}]},{"@type":"ImageObject","inLanguage":"en-US","@id":"https:\/\/medicinasinc.com\/ro\/product\/cumparati-5-metoximetilona-pulbere-online\/#primaryimage","url":"https:\/\/medicinasinc.com\/ro\/wp-content\/uploads\/sites\/11\/2022\/02\/buy-5-methoxymethylone-powder-online.jpg","contentUrl":"https:\/\/medicinasinc.com\/ro\/wp-content\/uploads\/sites\/11\/2022\/02\/buy-5-methoxymethylone-powder-online.jpg","width":600,"height":600},{"@type":"BreadcrumbList","@id":"https:\/\/medicinasinc.com\/ro\/product\/cumparati-5-metoximetilona-pulbere-online\/#breadcrumb","itemListElement":[{"@type":"ListItem","position":1,"name":"Magazin","item":"https:\/\/medicinasinc.com\/ro\/magazin\/"},{"@type":"ListItem","position":2,"name":"Cump\u0103ra\u021bi pulbere de 5-metoximetilon\u0103 online"}]},{"@type":"WebSite","@id":"https:\/\/medicinasinc.com\/ro\/#website","url":"https:\/\/medicinasinc.com\/ro\/","name":"Medicinas Inc","description":"Health Medical Clinic","potentialAction":[{"@type":"SearchAction","target":{"@type":"EntryPoint","urlTemplate":"https:\/\/medicinasinc.com\/ro\/?s={search_term_string}"},"query-input":{"@type":"PropertyValueSpecification","valueRequired":true,"valueName":"search_term_string"}}],"inLanguage":"en-US"}]}},"_links":{"self":[{"href":"https:\/\/medicinasinc.com\/ro\/wp-json\/wp\/v2\/product\/5390","targetHints":{"allow":["GET"]}}],"collection":[{"href":"https:\/\/medicinasinc.com\/ro\/wp-json\/wp\/v2\/product"}],"about":[{"href":"https:\/\/medicinasinc.com\/ro\/wp-json\/wp\/v2\/types\/product"}],"replies":[{"embeddable":true,"href":"https:\/\/medicinasinc.com\/ro\/wp-json\/wp\/v2\/comments?post=5390"}],"wp:featuredmedia":[{"embeddable":true,"href":"https:\/\/medicinasinc.com\/ro\/wp-json\/wp\/v2\/media\/5402"}],"wp:attachment":[{"href":"https:\/\/medicinasinc.com\/ro\/wp-json\/wp\/v2\/media?parent=5390"}],"wp:term":[{"taxonomy":"product_brand","embeddable":true,"href":"https:\/\/medicinasinc.com\/ro\/wp-json\/wp\/v2\/product_brand?post=5390"},{"taxonomy":"product_cat","embeddable":true,"href":"https:\/\/medicinasinc.com\/ro\/wp-json\/wp\/v2\/product_cat?post=5390"},{"taxonomy":"product_tag","embeddable":true,"href":"https:\/\/medicinasinc.com\/ro\/wp-json\/wp\/v2\/product_tag?post=5390"}],"curies":[{"name":"wp","href":"https:\/\/api.w.org\/{rel}","templated":true}]}}