{"id":5389,"date":"2022-02-21T22:26:02","date_gmt":"2022-02-21T22:26:02","guid":{"rendered":"https:\/\/medicinasinc.com\/ro\/?post_type=product&#038;p=5389"},"modified":"2022-03-22T00:59:16","modified_gmt":"2022-03-22T00:59:16","slug":"cumpara-5-mapb-pulbere-cristal","status":"publish","type":"product","link":"https:\/\/medicinasinc.com\/ro\/product\/cumpara-5-mapb-pulbere-cristal\/","title":{"rendered":"Cump\u0103ra\u021bi 5-MAPB Powder &amp; Cristal"},"content":{"rendered":"<p>Ai nevoie de 5-mapb-crystal \u0219i vrei s\u0103-l cumperi la un pre\u021b rezonabil? Apoi, pute\u021bi vizita magazinul nostru online de produse chimice chiar acum. Cu ajutorul Bestglobalmed.com, pute\u021bi cump\u0103ra online 5-mapb-crystal la costuri accesibile. La magazinul nostru de produse chimice online, suntem un furnizor \u0219i un furnizor binecunoscut care v\u0103 st\u0103 mereu la dispozi\u021bie. Comanda\u021bi\u00a05-mapb-crystal\u00a0azi!<\/p>\n<p>5-mapb-crystal este un tip de cristal.<\/p>\n<p>\u00cen structur\u0103 \u0219i efecte, 5-MAPB (1-(benzofuran-5-il) )-N-metil propan-2-amina) este similar cu MDMA, un entactogen sintetic. 5\u2019-(2-metil aminopropil)benzofuranul este un entactogen sintetic din familia chimiei benzo-substituite (abreviat ca 5-MAPB pe scurt).<\/p>\n<p>Cum afecteaz\u0103 5-mapb-cristalul organismul?<\/p>\n<p>Cristalul-5-mapb are un impact euforic, entactogen, stimulator \u0219i moderat psihedelic asupra corpului uman atunci c\u00e2nd este administrat oral.<\/p>\n<p>5 Cristalul MAPB este cunoscut sub numele de ce altceva?<\/p>\n<p>5 MAPB Crystal este cunoscut \u0219i ca 5-MAPB.<\/p>\n<p>Cum a\u021bi descrie 5 MAPB Crystal?<\/p>\n<p>Chimic, 5 MAPB Crystal este o molecul\u0103 de benzofuran (amfetamin\u0103). <\/p>\n<p>Cum pot pune m\u00e2na pe ni\u0219te cristale 5-mapb?<\/p>\n<p>Pute\u021bi ob\u021bine 5-cristale-mapb de pe site-ul nostru oficial \u0219i le pute\u021bi livra la adresa specificat\u0103 de dvs. \u00eentr-un interval de timp. cateva zile. Doar \u00een Statele Unite, Regatul Unit, Canada, Germania \u0219i Australia avem de-a face cu 5-mapb-crystal. Conecta\u021bi-v\u0103 chiar acum!<\/p>\n<p>Suntem furnizorul \u0219i distribuitorul de top de produse chimice de \u00eenalt\u0103 calitate la un pre\u021b rezonabil. Este u\u0219or pentru clien\u021bi s\u0103 se simt\u0103 \u00een largul lor atunci c\u00e2nd lucreaz\u0103 cu echipa noastr\u0103 de exper\u021bi. Drept urmare, sunt capabili s\u0103 men\u021bin\u0103 o aprovizionare suficient\u0103 \u0219i s\u0103 primeasc\u0103 livrare la timp pentru a-\u0219i satisface nevoile. Clien\u021bii ne iubesc \u0219i ne respect\u0103 pentru c\u0103 oferim produse de \u00eenalt\u0103 calitate la pre\u021buri rezonabile \u0219i servicii excelente pentru clien\u021bi. Nu este doar datoria noastr\u0103, ci \u0219i responsabilitatea noastr\u0103, s\u0103 v\u0103 \u00eendeplinim sau s\u0103 dep\u0103\u0219im a\u0219tept\u0103rile dumneavoastr\u0103. \u00cenainte de a cump\u0103ra mdpt, nu trebuie s\u0103 consulta\u021bi un medic.<\/p>\n<p>Mergem sus \u0219i mai sus pentru a ne asigura c\u0103 clientul este complet mul\u021bumit. A urm\u0103ri reputa\u021bia global\u0103 pentru produsele \u0219i serviciile sale \u00eenseamn\u0103 stabilirea pre\u021burilor \u00een conformitate cu normele din industrie.<\/p>\n<p>\u00cen plus, oferim o aten\u021bie egal\u0103 tuturor comenzilor dvs., indiferent de c\u00e2t de mari sau mici sunt acestea, \u0219i ne str\u0103duim pentru ca comanda s\u0103 fie expediat\u0103 c\u00e2t mai repede posibil.<\/p>\n<p>Dup\u0103 finalizarea achizi\u021biilor, suntem \u00eencrez\u0103tori c\u0103 nu ve\u021bi fi dezam\u0103gi\u021bi. Pentru a v\u0103 oferi cel mai \u00eenalt nivel posibil de calitate, folosim doar materiale care au fost procurate din cele mai bune surse posibile. Ve\u021bi primi ambalajul produsului \u00eentr-un pachet discret.<\/p>\n<p>Am reu\u0219it s\u0103 stabilim un punct de sprijin solid pe pia\u021ba chimic\u0103 de cercetare datorit\u0103 bogatiei noastre cuno\u0219tin\u021be. \u00cen calitate de furnizor principal de substan\u021be chimice de cercetare, credem \u00een construirea de rela\u021bii pe termen lung cu clien\u021bii no\u0219tri bazate pe \u00eencredere.<\/p>\n","protected":false},"excerpt":{"rendered":"<p>Pute\u021bi cump\u0103ra\u00a05-MAPB Powder Crystal de la Bestglobalmedics.com la un pre\u021b rezonabil, precum \u0219i 5-MAPB Research Chemicals de v\u00e2nzare. Cunoscut chimic ca 1-(benzofuran-5-il), 5-MAPB este un entactogen sintetic cu efecte \u0219i propriet\u0103\u021bi care sunt foarte asem\u0103n\u0103toare cu MDMA.<\/p>\n<p>5-MAPB Pudr\u0103 \u0219i amp; Cristal 1 oz. este disponibil pentru cump\u0103rare. Se recomand\u0103 o doz\u0103 de 100-200 miligrame de 5-MAPB, o pulbere similar\u0103 cu MDMA.<\/p>\n<p>Achizi\u021biona\u021bi Crystal 5-MAPB Dac\u0103 sunte\u021bi \u00een c\u0103utarea unui cristal 5-mapb la un pre\u021b bun , Nu mai c\u0103uta. Atunci contacta\u021bi magazinul nostru de produse chimice imediat prin internet.<\/p>\n","protected":false},"featured_media":5400,"comment_status":"open","ping_status":"closed","template":"","meta":[],"product_brand":[],"product_cat":[2014],"product_tag":[2569,2570,2571,2576,2577,2578,2579,2584,2572,2573,2574,2580,2582,2583,2586,2587,2588,2591,2593,2592,2589,2595,2575,2590,2594,2585,2581],"class_list":{"0":"post-5389","1":"product","2":"type-product","3":"status-publish","4":"has-post-thumbnail","6":"product_cat-cumprare-cercetare-chimice","7":"product_tag-5-mapb","8":"product_tag-5-mapb-de-vanzare","9":"product_tag-5-mapb-de-vnzare-online","10":"product_tag-5-mapb-powder-for-sale","11":"product_tag-5-mapb-powder-review","12":"product_tag-5-mapb-powder-supplier","13":"product_tag-5-mapb-powder-uk","14":"product_tag-5-mapb-cercetare-chimicale-de-vanzare","15":"product_tag-5-mapb-pulbere","16":"product_tag-5-mapb-pulbere-australia","17":"product_tag-5-mapb-pulbere-canada","18":"product_tag-5-mapb-pulbere-usa","19":"product_tag-5-mapb-reddit","20":"product_tag-5-mapb-cercetare-chimice","21":"product_tag-buy-5-mapb","22":"product_tag-buy-5-mapb-online","23":"product_tag-buy-5-mapb-powder-online","24":"product_tag-comanda-5-mapb","25":"product_tag-comanda-5-mapb-pulbere","26":"product_tag-comanda-5-mapb-online","27":"product_tag-cumpara-5-mapb-cercetare-chimicale","28":"product_tag-unde-s-cumprm-5-mapb","29":"product_tag-5-mapb-pulbere-dozare","30":"product_tag-mail-5-mapb","31":"product_tag-pur-5-mapb-pulbere","32":"product_tag-5-mapb-review","33":"product_tag-5-mapb-pulbere-vnztor","35":"first","36":"instock","37":"shipping-taxable","38":"purchasable","39":"product-type-variable","40":"has-default-attributes"},"yoast_head":"<!-- This site is optimized with the Yoast SEO plugin v27.3 - https:\/\/yoast.com\/product\/yoast-seo-wordpress\/ -->\n<title>Cump\u0103ra\u021bi 5-MAPB Powder &amp; Crystal - Cele mai bune cele mai bune medicamente globale<\/title>\n<meta name=\"description\" content=\"Cump\u0103ra\u021bi 5-MAPB Powder Crystal online, 5-MAPB Research Chemicals for Sale, Comanda\u021bi 5-MAPB Crystal \u00een SUA, Marea Britanie la un pre\u021b accesibil de la Bestglobalmeds.com. 5-MAPB (1-(benzofuran-5-il)-N-metilpropan-2-amina) este un medicament de proiectare entactogen similar cu MDMA \u00een structura \u0219i efectele sale\" \/>\n<meta name=\"robots\" content=\"index, follow, max-snippet:-1, max-image-preview:large, max-video-preview:-1\" \/>\n<link rel=\"canonical\" href=\"https:\/\/medicinasinc.com\/ro\/product\/cumpara-5-mapb-pulbere-cristal\/\" \/>\n<meta property=\"og:locale\" content=\"en_US\" \/>\n<meta property=\"og:type\" content=\"article\" \/>\n<meta property=\"og:title\" content=\"Cump\u0103ra\u021bi 5-MAPB Powder &amp; Crystal - Cele mai bune cele mai bune medicamente globale\" \/>\n<meta property=\"og:description\" content=\"Cump\u0103ra\u021bi 5-MAPB Powder Crystal online, 5-MAPB Research Chemicals for Sale, Comanda\u021bi 5-MAPB Crystal \u00een SUA, Marea Britanie la un pre\u021b accesibil de la Bestglobalmeds.com. 5-MAPB (1-(benzofuran-5-il)-N-metilpropan-2-amina) este un medicament de proiectare entactogen similar cu MDMA \u00een structura \u0219i efectele sale\" \/>\n<meta property=\"og:url\" content=\"https:\/\/medicinasinc.com\/ro\/product\/cumpara-5-mapb-pulbere-cristal\/\" \/>\n<meta property=\"og:site_name\" content=\"Medicinas Inc\" \/>\n<meta property=\"article:modified_time\" content=\"2022-03-22T00:59:16+00:00\" \/>\n<meta property=\"og:image\" content=\"https:\/\/medicinasinc.com\/ro\/wp-content\/uploads\/sites\/11\/2022\/02\/Buy-5-MAPB-Powder-Crystal.jpg\" \/>\n\t<meta property=\"og:image:width\" content=\"600\" \/>\n\t<meta property=\"og:image:height\" content=\"488\" \/>\n\t<meta property=\"og:image:type\" content=\"image\/jpeg\" \/>\n<meta name=\"twitter:card\" content=\"summary_large_image\" \/>\n<meta name=\"twitter:label1\" content=\"Est. reading time\" \/>\n\t<meta name=\"twitter:data1\" content=\"2 minutes\" \/>\n<script type=\"application\/ld+json\" class=\"yoast-schema-graph\">{\"@context\":\"https:\\\/\\\/schema.org\",\"@graph\":[{\"@type\":\"WebPage\",\"@id\":\"https:\\\/\\\/medicinasinc.com\\\/ro\\\/product\\\/cumpara-5-mapb-pulbere-cristal\\\/\",\"url\":\"https:\\\/\\\/medicinasinc.com\\\/ro\\\/product\\\/cumpara-5-mapb-pulbere-cristal\\\/\",\"name\":\"Cump\u0103ra\u021bi 5-MAPB Powder &amp; Crystal - Cele mai bune cele mai bune medicamente globale\",\"isPartOf\":{\"@id\":\"https:\\\/\\\/medicinasinc.com\\\/ro\\\/#website\"},\"primaryImageOfPage\":{\"@id\":\"https:\\\/\\\/medicinasinc.com\\\/ro\\\/product\\\/cumpara-5-mapb-pulbere-cristal\\\/#primaryimage\"},\"image\":{\"@id\":\"https:\\\/\\\/medicinasinc.com\\\/ro\\\/product\\\/cumpara-5-mapb-pulbere-cristal\\\/#primaryimage\"},\"thumbnailUrl\":\"https:\\\/\\\/medicinasinc.com\\\/ro\\\/wp-content\\\/uploads\\\/sites\\\/11\\\/2022\\\/02\\\/Buy-5-MAPB-Powder-Crystal.jpg\",\"datePublished\":\"2022-02-21T22:26:02+00:00\",\"dateModified\":\"2022-03-22T00:59:16+00:00\",\"description\":\"Cump\u0103ra\u021bi 5-MAPB Powder Crystal online, 5-MAPB Research Chemicals for Sale, Comanda\u021bi 5-MAPB Crystal \u00een SUA, Marea Britanie la un pre\u021b accesibil de la Bestglobalmeds.com. 5-MAPB (1-(benzofuran-5-il)-N-metilpropan-2-amina) este un medicament de proiectare entactogen similar cu MDMA \u00een structura \u0219i efectele sale\",\"breadcrumb\":{\"@id\":\"https:\\\/\\\/medicinasinc.com\\\/ro\\\/product\\\/cumpara-5-mapb-pulbere-cristal\\\/#breadcrumb\"},\"inLanguage\":\"en-US\",\"potentialAction\":[{\"@type\":\"ReadAction\",\"target\":[\"https:\\\/\\\/medicinasinc.com\\\/ro\\\/product\\\/cumpara-5-mapb-pulbere-cristal\\\/\"]}]},{\"@type\":\"ImageObject\",\"inLanguage\":\"en-US\",\"@id\":\"https:\\\/\\\/medicinasinc.com\\\/ro\\\/product\\\/cumpara-5-mapb-pulbere-cristal\\\/#primaryimage\",\"url\":\"https:\\\/\\\/medicinasinc.com\\\/ro\\\/wp-content\\\/uploads\\\/sites\\\/11\\\/2022\\\/02\\\/Buy-5-MAPB-Powder-Crystal.jpg\",\"contentUrl\":\"https:\\\/\\\/medicinasinc.com\\\/ro\\\/wp-content\\\/uploads\\\/sites\\\/11\\\/2022\\\/02\\\/Buy-5-MAPB-Powder-Crystal.jpg\",\"width\":600,\"height\":488},{\"@type\":\"BreadcrumbList\",\"@id\":\"https:\\\/\\\/medicinasinc.com\\\/ro\\\/product\\\/cumpara-5-mapb-pulbere-cristal\\\/#breadcrumb\",\"itemListElement\":[{\"@type\":\"ListItem\",\"position\":1,\"name\":\"Magazin\",\"item\":\"https:\\\/\\\/medicinasinc.com\\\/ro\\\/magazin\\\/\"},{\"@type\":\"ListItem\",\"position\":2,\"name\":\"Cump\u0103ra\u021bi 5-MAPB Powder &amp; Cristal\"}]},{\"@type\":\"WebSite\",\"@id\":\"https:\\\/\\\/medicinasinc.com\\\/ro\\\/#website\",\"url\":\"https:\\\/\\\/medicinasinc.com\\\/ro\\\/\",\"name\":\"Medicinas Inc\",\"description\":\"Health Medical Clinic\",\"potentialAction\":[{\"@type\":\"SearchAction\",\"target\":{\"@type\":\"EntryPoint\",\"urlTemplate\":\"https:\\\/\\\/medicinasinc.com\\\/ro\\\/?s={search_term_string}\"},\"query-input\":{\"@type\":\"PropertyValueSpecification\",\"valueRequired\":true,\"valueName\":\"search_term_string\"}}],\"inLanguage\":\"en-US\"}]}<\/script>\n<!-- \/ Yoast SEO plugin. -->","yoast_head_json":{"title":"Cump\u0103ra\u021bi 5-MAPB Powder &amp; Crystal - Cele mai bune cele mai bune medicamente globale","description":"Cump\u0103ra\u021bi 5-MAPB Powder Crystal online, 5-MAPB Research Chemicals for Sale, Comanda\u021bi 5-MAPB Crystal \u00een SUA, Marea Britanie la un pre\u021b accesibil de la Bestglobalmeds.com. 5-MAPB (1-(benzofuran-5-il)-N-metilpropan-2-amina) este un medicament de proiectare entactogen similar cu MDMA \u00een structura \u0219i efectele sale","robots":{"index":"index","follow":"follow","max-snippet":"max-snippet:-1","max-image-preview":"max-image-preview:large","max-video-preview":"max-video-preview:-1"},"canonical":"https:\/\/medicinasinc.com\/ro\/product\/cumpara-5-mapb-pulbere-cristal\/","og_locale":"en_US","og_type":"article","og_title":"Cump\u0103ra\u021bi 5-MAPB Powder &amp; Crystal - Cele mai bune cele mai bune medicamente globale","og_description":"Cump\u0103ra\u021bi 5-MAPB Powder Crystal online, 5-MAPB Research Chemicals for Sale, Comanda\u021bi 5-MAPB Crystal \u00een SUA, Marea Britanie la un pre\u021b accesibil de la Bestglobalmeds.com. 5-MAPB (1-(benzofuran-5-il)-N-metilpropan-2-amina) este un medicament de proiectare entactogen similar cu MDMA \u00een structura \u0219i efectele sale","og_url":"https:\/\/medicinasinc.com\/ro\/product\/cumpara-5-mapb-pulbere-cristal\/","og_site_name":"Medicinas Inc","article_modified_time":"2022-03-22T00:59:16+00:00","og_image":[{"width":600,"height":488,"url":"https:\/\/medicinasinc.com\/ro\/wp-content\/uploads\/sites\/11\/2022\/02\/Buy-5-MAPB-Powder-Crystal.jpg","type":"image\/jpeg"}],"twitter_card":"summary_large_image","twitter_misc":{"Est. reading time":"2 minutes"},"schema":{"@context":"https:\/\/schema.org","@graph":[{"@type":"WebPage","@id":"https:\/\/medicinasinc.com\/ro\/product\/cumpara-5-mapb-pulbere-cristal\/","url":"https:\/\/medicinasinc.com\/ro\/product\/cumpara-5-mapb-pulbere-cristal\/","name":"Cump\u0103ra\u021bi 5-MAPB Powder &amp; Crystal - Cele mai bune cele mai bune medicamente globale","isPartOf":{"@id":"https:\/\/medicinasinc.com\/ro\/#website"},"primaryImageOfPage":{"@id":"https:\/\/medicinasinc.com\/ro\/product\/cumpara-5-mapb-pulbere-cristal\/#primaryimage"},"image":{"@id":"https:\/\/medicinasinc.com\/ro\/product\/cumpara-5-mapb-pulbere-cristal\/#primaryimage"},"thumbnailUrl":"https:\/\/medicinasinc.com\/ro\/wp-content\/uploads\/sites\/11\/2022\/02\/Buy-5-MAPB-Powder-Crystal.jpg","datePublished":"2022-02-21T22:26:02+00:00","dateModified":"2022-03-22T00:59:16+00:00","description":"Cump\u0103ra\u021bi 5-MAPB Powder Crystal online, 5-MAPB Research Chemicals for Sale, Comanda\u021bi 5-MAPB Crystal \u00een SUA, Marea Britanie la un pre\u021b accesibil de la Bestglobalmeds.com. 5-MAPB (1-(benzofuran-5-il)-N-metilpropan-2-amina) este un medicament de proiectare entactogen similar cu MDMA \u00een structura \u0219i efectele sale","breadcrumb":{"@id":"https:\/\/medicinasinc.com\/ro\/product\/cumpara-5-mapb-pulbere-cristal\/#breadcrumb"},"inLanguage":"en-US","potentialAction":[{"@type":"ReadAction","target":["https:\/\/medicinasinc.com\/ro\/product\/cumpara-5-mapb-pulbere-cristal\/"]}]},{"@type":"ImageObject","inLanguage":"en-US","@id":"https:\/\/medicinasinc.com\/ro\/product\/cumpara-5-mapb-pulbere-cristal\/#primaryimage","url":"https:\/\/medicinasinc.com\/ro\/wp-content\/uploads\/sites\/11\/2022\/02\/Buy-5-MAPB-Powder-Crystal.jpg","contentUrl":"https:\/\/medicinasinc.com\/ro\/wp-content\/uploads\/sites\/11\/2022\/02\/Buy-5-MAPB-Powder-Crystal.jpg","width":600,"height":488},{"@type":"BreadcrumbList","@id":"https:\/\/medicinasinc.com\/ro\/product\/cumpara-5-mapb-pulbere-cristal\/#breadcrumb","itemListElement":[{"@type":"ListItem","position":1,"name":"Magazin","item":"https:\/\/medicinasinc.com\/ro\/magazin\/"},{"@type":"ListItem","position":2,"name":"Cump\u0103ra\u021bi 5-MAPB Powder &amp; Cristal"}]},{"@type":"WebSite","@id":"https:\/\/medicinasinc.com\/ro\/#website","url":"https:\/\/medicinasinc.com\/ro\/","name":"Medicinas Inc","description":"Health Medical Clinic","potentialAction":[{"@type":"SearchAction","target":{"@type":"EntryPoint","urlTemplate":"https:\/\/medicinasinc.com\/ro\/?s={search_term_string}"},"query-input":{"@type":"PropertyValueSpecification","valueRequired":true,"valueName":"search_term_string"}}],"inLanguage":"en-US"}]}},"_links":{"self":[{"href":"https:\/\/medicinasinc.com\/ro\/wp-json\/wp\/v2\/product\/5389","targetHints":{"allow":["GET"]}}],"collection":[{"href":"https:\/\/medicinasinc.com\/ro\/wp-json\/wp\/v2\/product"}],"about":[{"href":"https:\/\/medicinasinc.com\/ro\/wp-json\/wp\/v2\/types\/product"}],"replies":[{"embeddable":true,"href":"https:\/\/medicinasinc.com\/ro\/wp-json\/wp\/v2\/comments?post=5389"}],"wp:featuredmedia":[{"embeddable":true,"href":"https:\/\/medicinasinc.com\/ro\/wp-json\/wp\/v2\/media\/5400"}],"wp:attachment":[{"href":"https:\/\/medicinasinc.com\/ro\/wp-json\/wp\/v2\/media?parent=5389"}],"wp:term":[{"taxonomy":"product_brand","embeddable":true,"href":"https:\/\/medicinasinc.com\/ro\/wp-json\/wp\/v2\/product_brand?post=5389"},{"taxonomy":"product_cat","embeddable":true,"href":"https:\/\/medicinasinc.com\/ro\/wp-json\/wp\/v2\/product_cat?post=5389"},{"taxonomy":"product_tag","embeddable":true,"href":"https:\/\/medicinasinc.com\/ro\/wp-json\/wp\/v2\/product_tag?post=5389"}],"curies":[{"name":"wp","href":"https:\/\/api.w.org\/{rel}","templated":true}]}}