{"id":5387,"date":"2022-02-21T22:22:34","date_gmt":"2022-02-21T22:22:34","guid":{"rendered":"https:\/\/medicinasinc.com\/ro\/?post_type=product&#038;p=5387"},"modified":"2022-03-22T00:59:40","modified_gmt":"2022-03-22T00:59:40","slug":"cumpara-4-fa-pulbere","status":"publish","type":"product","link":"https:\/\/medicinasinc.com\/ro\/product\/cumpara-4-fa-pulbere\/","title":{"rendered":"Cump\u0103ra\u021bi pulbere 4-FA"},"content":{"rendered":"<p>Cump\u0103ra\u021bi pulbere 4-FA.<\/p>\n<p>Cump\u0103ra\u021bi online pulbere 4-FA ieftin\u0103 1 oz Pure.<\/p>\n<p>4-FA (4-fluoramfetamina) este un medicament asem\u0103n\u0103tor amfetaminei care are a ap\u0103rut abia recent pe pia\u021ba olandez\u0103. Din 2007 p\u00e2n\u0103 \u00een 2009, a fost comercializat \u00een principal ca vitez\u0103 sau MDMA. Acest lucru se datora faptului c\u0103 la acea vreme exista un deficit de materii prime pentru ace\u0219ti speciali\u0219ti, a\u0219a c\u0103 4-FA a fost folosit ca specialist \u00een t\u0103iere. \u00cen orice caz, din 2010, v\u00e2nz\u0103torii au v\u00e2ndut din ce \u00een ce mai mult 4-FA ca 4-FA, ceea ce \u00eenseamn\u0103 c\u0103 cump\u0103r\u0103torii \u00eel consider\u0103 un \u201emedicament de luare a deciziilor\u201d.<\/p>\n<p>4-FA este cunoscut \u0219i ca 4-FMP. , 4-Fluor, 4-Flava, 4-F \u0219i Flux. Este o substan\u021b\u0103 clasificat\u0103 ca o substan\u021b\u0103 psihoactiv\u0103 nou\u0103 (NPS). Acestea sunt substan\u021be care au devenit recent disponibile \u0219i au fost dezvoltate ca alternativ\u0103 la substan\u021bele ilicite tradi\u021bionale. NPS este cunoscut \u0219i sub denumirea de substan\u021be sintetice de cercetare sau medicamente ini\u021biale. F\u0103c\u00e2nd modific\u0103ri minore unei structuri compuse curente, numele substan\u021bei se schimb\u0103 \u0219i, \u00een consecin\u021b\u0103, nu mai este acoperit\u0103 de Legea Opiului \u0219i, prin urmare, este ilegal\u0103. Acest lucru face mai dificil\u0103 prevenirea cre\u0103rii, tranzac\u021biilor \u0219i de\u021binerii.<\/p>\n<p>4-FA se g\u0103se\u0219te cel mai frecvent sub form\u0103 de pulbere sau pastil\u0103. 4-FA se administreaz\u0103 oral sub form\u0103 de pastile. Clien\u021bii fie pun pulberea \u00eentr-o cutie sau \u00eentr-o h\u00e2rtie \u00een mi\u0219care (bomb\u0103), fie, \u00een unele cazuri, o dizolv\u0103 \u00eentr-o b\u0103utur\u0103. Nu exist\u0103 nicio diferen\u021b\u0103 fundamental\u0103 \u00eentre pastilele 4-FA, pulberile 4-FA \u0219i cutiile cu 4-FA.<\/p>\n<p>Recipientele sunt f\u0103cute dintr-o substan\u021b\u0103 plictisitoare sau dulce \u0219i pot fi simple sau pot avea o varietate de tonuri. O carcas\u0103 poate fi umplut\u0103 cu o mare varietate de substan\u021be. 4-FA, precum \u0219i diverse alte substan\u021be, de exemplu, amfetamina (vitez\u0103), MDMA, cofein\u0103 sau nimic. Unele articole smart shop sunt, de asemenea, \u00een cutii. Cutiile sunt de obicei \u00eentr-un sac, iar pachetul indic\u0103 ce este \u00een\u0103untru. Dac\u0103 clien\u021bii \u00ee\u0219i umple propriile recipiente, ei pot folosi o scal\u0103 mg pentru a determina o por\u021bie exact\u0103. 4-fa de v\u00e2nzare, de unde s\u0103 cump\u0103ra\u021bi 4fa, cump\u0103rare 4-fa, 4 fas de v\u00e2nzare, 4fa de v\u00e2nzare, 4 fas cump\u0103rare, cump\u0103rare 4fa, 4-fa cump\u0103rare, 4-fa de v\u00e2nzare, 4-fa de v\u00e2nzare, 4 -fa de v\u00e2nzare, 4-fa de v\u00e2nzare, 4-fa de v\u00e2nzare, 4-fa de v\u00e2nzare, 4-fa de v\u00e2nzare, 4-fa de v\u00e2nzare, 4-fa de v\u00e2nzare, 4-fa de v\u00e2nzare<\/p>\n<p>Ceea ce simte cineva dup\u0103 ce a luat 4-FA la \u00eenceput este determinat de m\u0103sur\u0103tori. Pentru a afla mai multe, 4-FA poate fi testat la o administrare de testare (vezi meniul). Efectele inger\u0103rii 4-FA dureaz\u0103 \u00eentre 20 \u0219i o or\u0103 pentru a se manifesta. 4-FA este finalizat \u00een 4 p\u00e2n\u0103 la 8 ore, de\u0219i unii clien\u021bi raporteaz\u0103 c\u0103 rezultatele finale pot dura p\u00e2n\u0103 la 12 ore.<\/p>\n<p>feroce, clare, potrivite \u0219i precaute<\/p>\n<p>A sentiment puternic de apartenen\u021b\u0103<\/p>\n<p>Atingerea \u0219i muzica ofer\u0103 o experien\u021b\u0103 senzorial\u0103 extrem\u0103.<\/p>\n<p>Contactul, vorbirea \u0219i apropierea sunt esen\u021biale.<\/p>\n","protected":false},"excerpt":{"rendered":"<p>Cump\u0103ra\u021bi 4-FA Pudr\u0103 1 oz Pure online ieftin. 4-FA Pudr\u0103 similar\u0103 cu MDMA \u0219i amp; Metamfetamina oral\u0103<br \/> Doza recomandat\u0103: 200mg.<\/p>\n<p>La magazinul nostru, pute\u021bi cump\u0103ra 4-FMA pur. \u00cen acela\u0219i mod \u00een care se face pulberea, 4-FMA, cunoscut\u0103 \u0219i sub denumirea de 4-Fluorrommetamfetamina, este, de asemenea, o substan\u021b\u0103 psihoactiv\u0103.<\/p>\n<p>Pudra 4-FA este cunoscut\u0103 \u0219i sub denumirea de para-fluoroamfetamina sau 4-Fluoroamfetamina, dar astea nu sunt acelasi lucru. Oamenii care studiaz\u0103 medicamente spun c\u0103 acesta este foarte bun.<\/p>\n","protected":false},"featured_media":5396,"comment_status":"open","ping_status":"closed","template":"","meta":[],"product_brand":[],"product_cat":[2014],"product_tag":[2502,2503,2504,2505,2507,2508,2506],"class_list":{"0":"post-5387","1":"product","2":"type-product","3":"status-publish","4":"has-post-thumbnail","6":"product_cat-cumprare-cercetare-chimice","7":"product_tag-2-fluoroamfetamina","8":"product_tag-4-fa-efecte","9":"product_tag-4-fa-research-chemical","10":"product_tag-4-fluoroamfetamina-statut-legal","11":"product_tag-is-4-fa-legal-in-the-us-2020","12":"product_tag-este-4-fma-legal","13":"product_tag-4-fluoroamfetamine-sintez","15":"first","16":"instock","17":"shipping-taxable","18":"purchasable","19":"product-type-variable","20":"has-default-attributes"},"yoast_head":"<!-- This site is optimized with the Yoast SEO plugin v27.3 - https:\/\/yoast.com\/product\/yoast-seo-wordpress\/ -->\n<title>Cump\u0103ra\u021bi pulbere 4-FA - 4-fluoroamfetamina - Cele mai bune medicamente globale<\/title>\n<meta name=\"description\" content=\"Cump\u0103ra\u021bi 4-FA pulbere 4-fluoroamfetamina de v\u00e2nzare Pure Online Ieftin. 4-FA Pudr\u0103 similar\u0103 cu MDMA \u0219i amp; Metamfetamina oral\u0103\" \/>\n<meta name=\"robots\" content=\"index, follow, max-snippet:-1, max-image-preview:large, max-video-preview:-1\" \/>\n<link rel=\"canonical\" href=\"https:\/\/medicinasinc.com\/ro\/product\/cumpara-4-fa-pulbere\/\" \/>\n<meta property=\"og:locale\" content=\"en_US\" \/>\n<meta property=\"og:type\" content=\"article\" \/>\n<meta property=\"og:title\" content=\"Cump\u0103ra\u021bi pulbere 4-FA - 4-fluoroamfetamina - Cele mai bune medicamente globale\" \/>\n<meta property=\"og:description\" content=\"Cump\u0103ra\u021bi 4-FA pulbere 4-fluoroamfetamina de v\u00e2nzare Pure Online Ieftin. 4-FA Pudr\u0103 similar\u0103 cu MDMA \u0219i amp; Metamfetamina oral\u0103\" \/>\n<meta property=\"og:url\" content=\"https:\/\/medicinasinc.com\/ro\/product\/cumpara-4-fa-pulbere\/\" \/>\n<meta property=\"og:site_name\" content=\"Medicinas Inc\" \/>\n<meta property=\"article:modified_time\" content=\"2022-03-22T00:59:40+00:00\" \/>\n<meta property=\"og:image\" content=\"https:\/\/medicinasinc.com\/ro\/wp-content\/uploads\/sites\/11\/2022\/02\/Buy-4-FA-Powder.jpeg\" \/>\n\t<meta property=\"og:image:width\" content=\"510\" \/>\n\t<meta property=\"og:image:height\" content=\"365\" \/>\n\t<meta property=\"og:image:type\" content=\"image\/jpeg\" \/>\n<meta name=\"twitter:card\" content=\"summary_large_image\" \/>\n<meta name=\"twitter:label1\" content=\"Est. reading time\" \/>\n\t<meta name=\"twitter:data1\" content=\"2 minutes\" \/>\n<script type=\"application\/ld+json\" class=\"yoast-schema-graph\">{\"@context\":\"https:\\\/\\\/schema.org\",\"@graph\":[{\"@type\":\"WebPage\",\"@id\":\"https:\\\/\\\/medicinasinc.com\\\/ro\\\/product\\\/cumpara-4-fa-pulbere\\\/\",\"url\":\"https:\\\/\\\/medicinasinc.com\\\/ro\\\/product\\\/cumpara-4-fa-pulbere\\\/\",\"name\":\"Cump\u0103ra\u021bi pulbere 4-FA - 4-fluoroamfetamina - Cele mai bune medicamente globale\",\"isPartOf\":{\"@id\":\"https:\\\/\\\/medicinasinc.com\\\/ro\\\/#website\"},\"primaryImageOfPage\":{\"@id\":\"https:\\\/\\\/medicinasinc.com\\\/ro\\\/product\\\/cumpara-4-fa-pulbere\\\/#primaryimage\"},\"image\":{\"@id\":\"https:\\\/\\\/medicinasinc.com\\\/ro\\\/product\\\/cumpara-4-fa-pulbere\\\/#primaryimage\"},\"thumbnailUrl\":\"https:\\\/\\\/medicinasinc.com\\\/ro\\\/wp-content\\\/uploads\\\/sites\\\/11\\\/2022\\\/02\\\/Buy-4-FA-Powder.jpeg\",\"datePublished\":\"2022-02-21T22:22:34+00:00\",\"dateModified\":\"2022-03-22T00:59:40+00:00\",\"description\":\"Cump\u0103ra\u021bi 4-FA pulbere 4-fluoroamfetamina de v\u00e2nzare Pure Online Ieftin. 4-FA Pudr\u0103 similar\u0103 cu MDMA \u0219i amp; Metamfetamina oral\u0103\",\"breadcrumb\":{\"@id\":\"https:\\\/\\\/medicinasinc.com\\\/ro\\\/product\\\/cumpara-4-fa-pulbere\\\/#breadcrumb\"},\"inLanguage\":\"en-US\",\"potentialAction\":[{\"@type\":\"ReadAction\",\"target\":[\"https:\\\/\\\/medicinasinc.com\\\/ro\\\/product\\\/cumpara-4-fa-pulbere\\\/\"]}]},{\"@type\":\"ImageObject\",\"inLanguage\":\"en-US\",\"@id\":\"https:\\\/\\\/medicinasinc.com\\\/ro\\\/product\\\/cumpara-4-fa-pulbere\\\/#primaryimage\",\"url\":\"https:\\\/\\\/medicinasinc.com\\\/ro\\\/wp-content\\\/uploads\\\/sites\\\/11\\\/2022\\\/02\\\/Buy-4-FA-Powder.jpeg\",\"contentUrl\":\"https:\\\/\\\/medicinasinc.com\\\/ro\\\/wp-content\\\/uploads\\\/sites\\\/11\\\/2022\\\/02\\\/Buy-4-FA-Powder.jpeg\",\"width\":510,\"height\":365},{\"@type\":\"BreadcrumbList\",\"@id\":\"https:\\\/\\\/medicinasinc.com\\\/ro\\\/product\\\/cumpara-4-fa-pulbere\\\/#breadcrumb\",\"itemListElement\":[{\"@type\":\"ListItem\",\"position\":1,\"name\":\"Magazin\",\"item\":\"https:\\\/\\\/medicinasinc.com\\\/ro\\\/magazin\\\/\"},{\"@type\":\"ListItem\",\"position\":2,\"name\":\"Cump\u0103ra\u021bi pulbere 4-FA\"}]},{\"@type\":\"WebSite\",\"@id\":\"https:\\\/\\\/medicinasinc.com\\\/ro\\\/#website\",\"url\":\"https:\\\/\\\/medicinasinc.com\\\/ro\\\/\",\"name\":\"Medicinas Inc\",\"description\":\"Health Medical Clinic\",\"potentialAction\":[{\"@type\":\"SearchAction\",\"target\":{\"@type\":\"EntryPoint\",\"urlTemplate\":\"https:\\\/\\\/medicinasinc.com\\\/ro\\\/?s={search_term_string}\"},\"query-input\":{\"@type\":\"PropertyValueSpecification\",\"valueRequired\":true,\"valueName\":\"search_term_string\"}}],\"inLanguage\":\"en-US\"}]}<\/script>\n<!-- \/ Yoast SEO plugin. -->","yoast_head_json":{"title":"Cump\u0103ra\u021bi pulbere 4-FA - 4-fluoroamfetamina - Cele mai bune medicamente globale","description":"Cump\u0103ra\u021bi 4-FA pulbere 4-fluoroamfetamina de v\u00e2nzare Pure Online Ieftin. 4-FA Pudr\u0103 similar\u0103 cu MDMA \u0219i amp; Metamfetamina oral\u0103","robots":{"index":"index","follow":"follow","max-snippet":"max-snippet:-1","max-image-preview":"max-image-preview:large","max-video-preview":"max-video-preview:-1"},"canonical":"https:\/\/medicinasinc.com\/ro\/product\/cumpara-4-fa-pulbere\/","og_locale":"en_US","og_type":"article","og_title":"Cump\u0103ra\u021bi pulbere 4-FA - 4-fluoroamfetamina - Cele mai bune medicamente globale","og_description":"Cump\u0103ra\u021bi 4-FA pulbere 4-fluoroamfetamina de v\u00e2nzare Pure Online Ieftin. 4-FA Pudr\u0103 similar\u0103 cu MDMA \u0219i amp; Metamfetamina oral\u0103","og_url":"https:\/\/medicinasinc.com\/ro\/product\/cumpara-4-fa-pulbere\/","og_site_name":"Medicinas Inc","article_modified_time":"2022-03-22T00:59:40+00:00","og_image":[{"width":510,"height":365,"url":"https:\/\/medicinasinc.com\/ro\/wp-content\/uploads\/sites\/11\/2022\/02\/Buy-4-FA-Powder.jpeg","type":"image\/jpeg"}],"twitter_card":"summary_large_image","twitter_misc":{"Est. reading time":"2 minutes"},"schema":{"@context":"https:\/\/schema.org","@graph":[{"@type":"WebPage","@id":"https:\/\/medicinasinc.com\/ro\/product\/cumpara-4-fa-pulbere\/","url":"https:\/\/medicinasinc.com\/ro\/product\/cumpara-4-fa-pulbere\/","name":"Cump\u0103ra\u021bi pulbere 4-FA - 4-fluoroamfetamina - Cele mai bune medicamente globale","isPartOf":{"@id":"https:\/\/medicinasinc.com\/ro\/#website"},"primaryImageOfPage":{"@id":"https:\/\/medicinasinc.com\/ro\/product\/cumpara-4-fa-pulbere\/#primaryimage"},"image":{"@id":"https:\/\/medicinasinc.com\/ro\/product\/cumpara-4-fa-pulbere\/#primaryimage"},"thumbnailUrl":"https:\/\/medicinasinc.com\/ro\/wp-content\/uploads\/sites\/11\/2022\/02\/Buy-4-FA-Powder.jpeg","datePublished":"2022-02-21T22:22:34+00:00","dateModified":"2022-03-22T00:59:40+00:00","description":"Cump\u0103ra\u021bi 4-FA pulbere 4-fluoroamfetamina de v\u00e2nzare Pure Online Ieftin. 4-FA Pudr\u0103 similar\u0103 cu MDMA \u0219i amp; Metamfetamina oral\u0103","breadcrumb":{"@id":"https:\/\/medicinasinc.com\/ro\/product\/cumpara-4-fa-pulbere\/#breadcrumb"},"inLanguage":"en-US","potentialAction":[{"@type":"ReadAction","target":["https:\/\/medicinasinc.com\/ro\/product\/cumpara-4-fa-pulbere\/"]}]},{"@type":"ImageObject","inLanguage":"en-US","@id":"https:\/\/medicinasinc.com\/ro\/product\/cumpara-4-fa-pulbere\/#primaryimage","url":"https:\/\/medicinasinc.com\/ro\/wp-content\/uploads\/sites\/11\/2022\/02\/Buy-4-FA-Powder.jpeg","contentUrl":"https:\/\/medicinasinc.com\/ro\/wp-content\/uploads\/sites\/11\/2022\/02\/Buy-4-FA-Powder.jpeg","width":510,"height":365},{"@type":"BreadcrumbList","@id":"https:\/\/medicinasinc.com\/ro\/product\/cumpara-4-fa-pulbere\/#breadcrumb","itemListElement":[{"@type":"ListItem","position":1,"name":"Magazin","item":"https:\/\/medicinasinc.com\/ro\/magazin\/"},{"@type":"ListItem","position":2,"name":"Cump\u0103ra\u021bi pulbere 4-FA"}]},{"@type":"WebSite","@id":"https:\/\/medicinasinc.com\/ro\/#website","url":"https:\/\/medicinasinc.com\/ro\/","name":"Medicinas Inc","description":"Health Medical Clinic","potentialAction":[{"@type":"SearchAction","target":{"@type":"EntryPoint","urlTemplate":"https:\/\/medicinasinc.com\/ro\/?s={search_term_string}"},"query-input":{"@type":"PropertyValueSpecification","valueRequired":true,"valueName":"search_term_string"}}],"inLanguage":"en-US"}]}},"_links":{"self":[{"href":"https:\/\/medicinasinc.com\/ro\/wp-json\/wp\/v2\/product\/5387","targetHints":{"allow":["GET"]}}],"collection":[{"href":"https:\/\/medicinasinc.com\/ro\/wp-json\/wp\/v2\/product"}],"about":[{"href":"https:\/\/medicinasinc.com\/ro\/wp-json\/wp\/v2\/types\/product"}],"replies":[{"embeddable":true,"href":"https:\/\/medicinasinc.com\/ro\/wp-json\/wp\/v2\/comments?post=5387"}],"wp:featuredmedia":[{"embeddable":true,"href":"https:\/\/medicinasinc.com\/ro\/wp-json\/wp\/v2\/media\/5396"}],"wp:attachment":[{"href":"https:\/\/medicinasinc.com\/ro\/wp-json\/wp\/v2\/media?parent=5387"}],"wp:term":[{"taxonomy":"product_brand","embeddable":true,"href":"https:\/\/medicinasinc.com\/ro\/wp-json\/wp\/v2\/product_brand?post=5387"},{"taxonomy":"product_cat","embeddable":true,"href":"https:\/\/medicinasinc.com\/ro\/wp-json\/wp\/v2\/product_cat?post=5387"},{"taxonomy":"product_tag","embeddable":true,"href":"https:\/\/medicinasinc.com\/ro\/wp-json\/wp\/v2\/product_tag?post=5387"}],"curies":[{"name":"wp","href":"https:\/\/api.w.org\/{rel}","templated":true}]}}