{"id":5368,"date":"2022-02-21T21:54:21","date_gmt":"2022-02-21T21:54:21","guid":{"rendered":"https:\/\/medicinasinc.com\/ro\/?post_type=product&#038;p=5368"},"modified":"2022-03-22T00:59:48","modified_gmt":"2022-03-22T00:59:48","slug":"cumpara-4-emc-4-etilmetcatinona","status":"publish","type":"product","link":"https:\/\/medicinasinc.com\/ro\/product\/cumpara-4-emc-4-etilmetcatinona\/","title":{"rendered":"Cump\u0103ra\u021bi 4-EMC 4-Etilmetcatinon\u0103"},"content":{"rendered":"<h1 class=\"product_title entry-title\">Cump\u0103ra\u021bi pulbere 4-EMC 4-Ethylmethcathinone online<\/h1>\n<p><strong>4-EMC este disponibil pentru cump\u0103rare online.<\/strong><\/p>\n<p> 2-metilaminopropan-1-on\u0103, monoclorhidrat este denumirea complet\u0103 IUPAC pentru 4-EMC, care apar\u021bine clasei de compu\u0219i de cercetare cunoscu\u021bi ca stimulen\u021bi ai sistemului nervos central. 4-EMC este cunoscut \u0219i sub denumirea de 4-etilfenol.<\/p>\n<p>Un entactogen \u0219i un stimulent, 4-etilmetcatinona (4-EMC) este un drog de proiectare recrea\u021bional. este un izomer structural 4-MEC<\/p>\n<p>C12H17NO este formula molecular\u0103 a 4-EMC, care apar\u021bine familiilor chimice de fenetilamine \u0219i amfetamine. \u00cen re\u021bet\u0103 sunt 191,270 g\/lun\u0103. De unde s\u0103 achizi\u021biona\u021bi 4-EMC<\/p>\n<p>Prezent\u0103m un nou produs catinonic care poate fi utilizat pentru studii \u0219tiin\u021bifice sofisticate din cauza cererii mari de pe pia\u021b\u0103. 4-etilmetcatinona este o versiune izomeric\u0103 a mefedronei, care este \u00een prezent interzis\u0103, iar to\u021bi compu\u0219ii men\u021biona\u021bi au efecte stimulatoare \u0219i entactogene.<\/p>\n<p>Dopamina \u0219i serotonina sunt cele mai probabile \u021binte primare ale 4-EMC, care este tipic acestei clase chimice \u0219i considerat\u0103 a \u00eempiedica recaptarea pe fanta sinaptic\u0103 a unor neurotransmi\u021b\u0103tori importan\u021bi.<\/p>\n<p>O pulbere cristalin\u0103, substan\u021ba poate fi u\u0219or fabricat\u0103 pentru testare f\u0103r\u0103 riscul de a introduce impurit\u0103\u021bi \u00een condi\u021bii normale. 4-EMC solubil \u00een ap\u0103 trebuie depozitat \u00eentr-un mediu uscat, etan\u0219 la aer.<\/p>\n<p>Cercet\u0103torii au o oportunitate unic\u0103 de a mapa profilul substan\u021bei de la zero, deoarece nu a fost examinat\u0103 am\u0103nun\u021bit \u00een trecut \u0219i cele mai multe dintre ele. \u0219tim c\u0103 vine prin paralele cu substan\u021be similare. C\u00e2nd se efectueaz\u0103 experimente, este important s\u0103 se \u021bin\u0103 cont de noutatea substan\u021bei chimice \u0219i s\u0103 se lase loc pentru erori. Afiliere la 4-EMC<\/p>\n","protected":false},"excerpt":{"rendered":"<p>De unde s\u0103 cump\u0103ra\u021bi 4-EMC 4-etilmetcatinon\u0103 \u00een pudr\u0103? Un stimulent \u0219i un entactogen, se \u00eencadreaz\u0103 \u00een aceast\u0103 din urm\u0103 categorie. Izomerii structurali ai 4-MEC pot fi g\u0103si\u021bi aici.<\/p>\n<p>Pudr\u0103 de cristal 4-EMC 4-Ethylmethcathinone de v\u00e2nzare \u00een Europa, UE \u0219i Regatul Unit. Un stimulent \u0219i un entactogen, se \u00eencadreaz\u0103 \u00een aceast\u0103 din urm\u0103 categorie. 4-MEC este un izomer structural al acestui compus.<\/p>\n<p>Familia catinonei include 4-EMC (cunoscut\u0103 \u0219i sub numele de 4-Ethylmethcathinone), o nou\u0103 molecul\u0103 de cercetare. Printre cercet\u0103torii chimi\u0219ti, 4-EMC este o alegere preferat\u0103 datorit\u0103 propriet\u0103\u021bilor sale stimulante \u0219i entactogene.<\/p>\n<h1>Cump\u0103ra\u021bi 4-EMC online<\/h1>\n<p>c\u00e2nd cump\u0103ra\u021bi 4-EMC online, dorin\u021ba este o calitate Drug Online este produse chimice de cercetare de \u00eenalt\u0103 calitate. Pute\u021bi cump\u0103ra 4-EMC de v\u00e2nzare online la pre\u021bul de gros de la furnizorul de \u00eencredere Top mark chemical.com Livrare sigur\u0103 4-EMC \u00een SUA, \u021a\u0103rile de Jos, Irlanda, UE, Marea Britanie \u0219i alte \u021b\u0103ri. <a href=\"https:\/\/www.bestglobalmeds.com\/product\/research-chemicals\/4-emc\/\">Cump\u0103ra\u021bi 4-EMC online<\/a><\/p>\n<p>Nr. CAS: 1225622-14- 9<br \/> Formula: C12H17NO<br \/> IUPAC: 1-(4-etilfenil)-2-(metilamino)propan-1-on\u0103<br \/> Aspect: Cristale albe\/g\u0103lbui<br \/> Puritate:<\/p>\n","protected":false},"featured_media":5380,"comment_status":"open","ping_status":"closed","template":"","meta":[],"product_brand":[],"product_cat":[2014],"product_tag":[2485,2486,2487,2489,2490,2491,2492,2495,2497,2498,2496,2488,2494,2493,2500,2501,2499],"class_list":{"0":"post-5368","1":"product","2":"type-product","3":"status-publish","4":"has-post-thumbnail","6":"product_cat-cumprare-cercetare-chimice","7":"product_tag-4-mec-de-vanzare","8":"product_tag-4-mec-supplier","9":"product_tag-4-mecsupplier-online","10":"product_tag-buy-4-mec-crystal-online","11":"product_tag-buy-4-mec-crystals-with-worldwide-shipping","12":"product_tag-buy-4-mec-online","13":"product_tag-buy-4-mec-online-for-sale","14":"product_tag-buy-research-chemicals-for-sale-online","15":"product_tag-comanda-4-mec-online","16":"product_tag-comanda-ieftin-4-mec-online","17":"product_tag-cum-pot-obine-4-mec-cercetare-chimice","18":"product_tag-cumpara-4-mec","19":"product_tag-buy-4-meconline-usa","20":"product_tag-cumpara-4-mec-research-chemicals-online","21":"product_tag-unde-s-cumprm-4-mec-online","22":"product_tag-unde-se-obine-4-cristale-mec-online","23":"product_tag-furnizor-de-incredere-pentru-4-mec-online","25":"first","26":"instock","27":"shipping-taxable","28":"purchasable","29":"product-type-variable","30":"has-default-attributes"},"yoast_head":"<!-- This site is optimized with the Yoast SEO plugin v27.3 - https:\/\/yoast.com\/product\/yoast-seo-wordpress\/ -->\n<title>Cump\u0103ra\u021bi 4-Ethylmethcathinone - Cump\u0103ra\u021bi 4-EMC - Cele mai bune medicamente globale<\/title>\n<meta name=\"description\" content=\"Cump\u0103ra\u021bi 4-EMC 4-Ethylmethcathinone Crystal Powder pentru v\u00e2nzare online \u00een Europa, UE, Marea Britanie. Apar\u021bine clasei de stimulente \u0219i entactogeni. Este un izomer structural al 4-MEC.\" \/>\n<meta name=\"robots\" content=\"index, follow, max-snippet:-1, max-image-preview:large, max-video-preview:-1\" \/>\n<link rel=\"canonical\" href=\"https:\/\/medicinasinc.com\/ro\/product\/cumpara-4-emc-4-etilmetcatinona\/\" \/>\n<meta property=\"og:locale\" content=\"en_US\" \/>\n<meta property=\"og:type\" content=\"article\" \/>\n<meta property=\"og:title\" content=\"Cump\u0103ra\u021bi 4-Ethylmethcathinone - Cump\u0103ra\u021bi 4-EMC - Cele mai bune medicamente globale\" \/>\n<meta property=\"og:description\" content=\"Cump\u0103ra\u021bi 4-EMC 4-Ethylmethcathinone Crystal Powder pentru v\u00e2nzare online \u00een Europa, UE, Marea Britanie. Apar\u021bine clasei de stimulente \u0219i entactogeni. Este un izomer structural al 4-MEC.\" \/>\n<meta property=\"og:url\" content=\"https:\/\/medicinasinc.com\/ro\/product\/cumpara-4-emc-4-etilmetcatinona\/\" \/>\n<meta property=\"og:site_name\" content=\"Medicinas Inc\" \/>\n<meta property=\"article:modified_time\" content=\"2022-03-22T00:59:48+00:00\" \/>\n<meta property=\"og:image\" content=\"https:\/\/medicinasinc.com\/ro\/wp-content\/uploads\/sites\/11\/2022\/02\/Buy-4-EMC.jpg\" \/>\n\t<meta property=\"og:image:width\" content=\"230\" \/>\n\t<meta property=\"og:image:height\" content=\"230\" \/>\n\t<meta property=\"og:image:type\" content=\"image\/jpeg\" \/>\n<meta name=\"twitter:card\" content=\"summary_large_image\" \/>\n<meta name=\"twitter:label1\" content=\"Est. reading time\" \/>\n\t<meta name=\"twitter:data1\" content=\"2 minutes\" \/>\n<script type=\"application\/ld+json\" class=\"yoast-schema-graph\">{\"@context\":\"https:\\\/\\\/schema.org\",\"@graph\":[{\"@type\":\"WebPage\",\"@id\":\"https:\\\/\\\/medicinasinc.com\\\/ro\\\/product\\\/cumpara-4-emc-4-etilmetcatinona\\\/\",\"url\":\"https:\\\/\\\/medicinasinc.com\\\/ro\\\/product\\\/cumpara-4-emc-4-etilmetcatinona\\\/\",\"name\":\"Cump\u0103ra\u021bi 4-Ethylmethcathinone - Cump\u0103ra\u021bi 4-EMC - Cele mai bune medicamente globale\",\"isPartOf\":{\"@id\":\"https:\\\/\\\/medicinasinc.com\\\/ro\\\/#website\"},\"primaryImageOfPage\":{\"@id\":\"https:\\\/\\\/medicinasinc.com\\\/ro\\\/product\\\/cumpara-4-emc-4-etilmetcatinona\\\/#primaryimage\"},\"image\":{\"@id\":\"https:\\\/\\\/medicinasinc.com\\\/ro\\\/product\\\/cumpara-4-emc-4-etilmetcatinona\\\/#primaryimage\"},\"thumbnailUrl\":\"https:\\\/\\\/medicinasinc.com\\\/ro\\\/wp-content\\\/uploads\\\/sites\\\/11\\\/2022\\\/02\\\/Buy-4-EMC.jpg\",\"datePublished\":\"2022-02-21T21:54:21+00:00\",\"dateModified\":\"2022-03-22T00:59:48+00:00\",\"description\":\"Cump\u0103ra\u021bi 4-EMC 4-Ethylmethcathinone Crystal Powder pentru v\u00e2nzare online \u00een Europa, UE, Marea Britanie. Apar\u021bine clasei de stimulente \u0219i entactogeni. Este un izomer structural al 4-MEC.\",\"breadcrumb\":{\"@id\":\"https:\\\/\\\/medicinasinc.com\\\/ro\\\/product\\\/cumpara-4-emc-4-etilmetcatinona\\\/#breadcrumb\"},\"inLanguage\":\"en-US\",\"potentialAction\":[{\"@type\":\"ReadAction\",\"target\":[\"https:\\\/\\\/medicinasinc.com\\\/ro\\\/product\\\/cumpara-4-emc-4-etilmetcatinona\\\/\"]}]},{\"@type\":\"ImageObject\",\"inLanguage\":\"en-US\",\"@id\":\"https:\\\/\\\/medicinasinc.com\\\/ro\\\/product\\\/cumpara-4-emc-4-etilmetcatinona\\\/#primaryimage\",\"url\":\"https:\\\/\\\/medicinasinc.com\\\/ro\\\/wp-content\\\/uploads\\\/sites\\\/11\\\/2022\\\/02\\\/Buy-4-EMC.jpg\",\"contentUrl\":\"https:\\\/\\\/medicinasinc.com\\\/ro\\\/wp-content\\\/uploads\\\/sites\\\/11\\\/2022\\\/02\\\/Buy-4-EMC.jpg\",\"width\":230,\"height\":230},{\"@type\":\"BreadcrumbList\",\"@id\":\"https:\\\/\\\/medicinasinc.com\\\/ro\\\/product\\\/cumpara-4-emc-4-etilmetcatinona\\\/#breadcrumb\",\"itemListElement\":[{\"@type\":\"ListItem\",\"position\":1,\"name\":\"Magazin\",\"item\":\"https:\\\/\\\/medicinasinc.com\\\/ro\\\/magazin\\\/\"},{\"@type\":\"ListItem\",\"position\":2,\"name\":\"Cump\u0103ra\u021bi 4-EMC 4-Etilmetcatinon\u0103\"}]},{\"@type\":\"WebSite\",\"@id\":\"https:\\\/\\\/medicinasinc.com\\\/ro\\\/#website\",\"url\":\"https:\\\/\\\/medicinasinc.com\\\/ro\\\/\",\"name\":\"Medicinas Inc\",\"description\":\"Health Medical Clinic\",\"potentialAction\":[{\"@type\":\"SearchAction\",\"target\":{\"@type\":\"EntryPoint\",\"urlTemplate\":\"https:\\\/\\\/medicinasinc.com\\\/ro\\\/?s={search_term_string}\"},\"query-input\":{\"@type\":\"PropertyValueSpecification\",\"valueRequired\":true,\"valueName\":\"search_term_string\"}}],\"inLanguage\":\"en-US\"}]}<\/script>\n<!-- \/ Yoast SEO plugin. -->","yoast_head_json":{"title":"Cump\u0103ra\u021bi 4-Ethylmethcathinone - Cump\u0103ra\u021bi 4-EMC - Cele mai bune medicamente globale","description":"Cump\u0103ra\u021bi 4-EMC 4-Ethylmethcathinone Crystal Powder pentru v\u00e2nzare online \u00een Europa, UE, Marea Britanie. Apar\u021bine clasei de stimulente \u0219i entactogeni. Este un izomer structural al 4-MEC.","robots":{"index":"index","follow":"follow","max-snippet":"max-snippet:-1","max-image-preview":"max-image-preview:large","max-video-preview":"max-video-preview:-1"},"canonical":"https:\/\/medicinasinc.com\/ro\/product\/cumpara-4-emc-4-etilmetcatinona\/","og_locale":"en_US","og_type":"article","og_title":"Cump\u0103ra\u021bi 4-Ethylmethcathinone - Cump\u0103ra\u021bi 4-EMC - Cele mai bune medicamente globale","og_description":"Cump\u0103ra\u021bi 4-EMC 4-Ethylmethcathinone Crystal Powder pentru v\u00e2nzare online \u00een Europa, UE, Marea Britanie. Apar\u021bine clasei de stimulente \u0219i entactogeni. Este un izomer structural al 4-MEC.","og_url":"https:\/\/medicinasinc.com\/ro\/product\/cumpara-4-emc-4-etilmetcatinona\/","og_site_name":"Medicinas Inc","article_modified_time":"2022-03-22T00:59:48+00:00","og_image":[{"width":230,"height":230,"url":"https:\/\/medicinasinc.com\/ro\/wp-content\/uploads\/sites\/11\/2022\/02\/Buy-4-EMC.jpg","type":"image\/jpeg"}],"twitter_card":"summary_large_image","twitter_misc":{"Est. reading time":"2 minutes"},"schema":{"@context":"https:\/\/schema.org","@graph":[{"@type":"WebPage","@id":"https:\/\/medicinasinc.com\/ro\/product\/cumpara-4-emc-4-etilmetcatinona\/","url":"https:\/\/medicinasinc.com\/ro\/product\/cumpara-4-emc-4-etilmetcatinona\/","name":"Cump\u0103ra\u021bi 4-Ethylmethcathinone - Cump\u0103ra\u021bi 4-EMC - Cele mai bune medicamente globale","isPartOf":{"@id":"https:\/\/medicinasinc.com\/ro\/#website"},"primaryImageOfPage":{"@id":"https:\/\/medicinasinc.com\/ro\/product\/cumpara-4-emc-4-etilmetcatinona\/#primaryimage"},"image":{"@id":"https:\/\/medicinasinc.com\/ro\/product\/cumpara-4-emc-4-etilmetcatinona\/#primaryimage"},"thumbnailUrl":"https:\/\/medicinasinc.com\/ro\/wp-content\/uploads\/sites\/11\/2022\/02\/Buy-4-EMC.jpg","datePublished":"2022-02-21T21:54:21+00:00","dateModified":"2022-03-22T00:59:48+00:00","description":"Cump\u0103ra\u021bi 4-EMC 4-Ethylmethcathinone Crystal Powder pentru v\u00e2nzare online \u00een Europa, UE, Marea Britanie. Apar\u021bine clasei de stimulente \u0219i entactogeni. Este un izomer structural al 4-MEC.","breadcrumb":{"@id":"https:\/\/medicinasinc.com\/ro\/product\/cumpara-4-emc-4-etilmetcatinona\/#breadcrumb"},"inLanguage":"en-US","potentialAction":[{"@type":"ReadAction","target":["https:\/\/medicinasinc.com\/ro\/product\/cumpara-4-emc-4-etilmetcatinona\/"]}]},{"@type":"ImageObject","inLanguage":"en-US","@id":"https:\/\/medicinasinc.com\/ro\/product\/cumpara-4-emc-4-etilmetcatinona\/#primaryimage","url":"https:\/\/medicinasinc.com\/ro\/wp-content\/uploads\/sites\/11\/2022\/02\/Buy-4-EMC.jpg","contentUrl":"https:\/\/medicinasinc.com\/ro\/wp-content\/uploads\/sites\/11\/2022\/02\/Buy-4-EMC.jpg","width":230,"height":230},{"@type":"BreadcrumbList","@id":"https:\/\/medicinasinc.com\/ro\/product\/cumpara-4-emc-4-etilmetcatinona\/#breadcrumb","itemListElement":[{"@type":"ListItem","position":1,"name":"Magazin","item":"https:\/\/medicinasinc.com\/ro\/magazin\/"},{"@type":"ListItem","position":2,"name":"Cump\u0103ra\u021bi 4-EMC 4-Etilmetcatinon\u0103"}]},{"@type":"WebSite","@id":"https:\/\/medicinasinc.com\/ro\/#website","url":"https:\/\/medicinasinc.com\/ro\/","name":"Medicinas Inc","description":"Health Medical Clinic","potentialAction":[{"@type":"SearchAction","target":{"@type":"EntryPoint","urlTemplate":"https:\/\/medicinasinc.com\/ro\/?s={search_term_string}"},"query-input":{"@type":"PropertyValueSpecification","valueRequired":true,"valueName":"search_term_string"}}],"inLanguage":"en-US"}]}},"_links":{"self":[{"href":"https:\/\/medicinasinc.com\/ro\/wp-json\/wp\/v2\/product\/5368","targetHints":{"allow":["GET"]}}],"collection":[{"href":"https:\/\/medicinasinc.com\/ro\/wp-json\/wp\/v2\/product"}],"about":[{"href":"https:\/\/medicinasinc.com\/ro\/wp-json\/wp\/v2\/types\/product"}],"replies":[{"embeddable":true,"href":"https:\/\/medicinasinc.com\/ro\/wp-json\/wp\/v2\/comments?post=5368"}],"wp:featuredmedia":[{"embeddable":true,"href":"https:\/\/medicinasinc.com\/ro\/wp-json\/wp\/v2\/media\/5380"}],"wp:attachment":[{"href":"https:\/\/medicinasinc.com\/ro\/wp-json\/wp\/v2\/media?parent=5368"}],"wp:term":[{"taxonomy":"product_brand","embeddable":true,"href":"https:\/\/medicinasinc.com\/ro\/wp-json\/wp\/v2\/product_brand?post=5368"},{"taxonomy":"product_cat","embeddable":true,"href":"https:\/\/medicinasinc.com\/ro\/wp-json\/wp\/v2\/product_cat?post=5368"},{"taxonomy":"product_tag","embeddable":true,"href":"https:\/\/medicinasinc.com\/ro\/wp-json\/wp\/v2\/product_tag?post=5368"}],"curies":[{"name":"wp","href":"https:\/\/api.w.org\/{rel}","templated":true}]}}