{"id":5366,"date":"2022-02-21T21:52:02","date_gmt":"2022-02-21T21:52:02","guid":{"rendered":"https:\/\/medicinasinc.com\/ro\/?post_type=product&#038;p=5366"},"modified":"2022-03-22T01:00:14","modified_gmt":"2022-03-22T01:00:14","slug":"cumpara-3f-fenmetrazina","status":"publish","type":"product","link":"https:\/\/medicinasinc.com\/ro\/product\/cumpara-3f-fenmetrazina\/","title":{"rendered":"Cump\u0103ra\u021bi 3F-Phenmetrazin\u0103"},"content":{"rendered":"<p>Ce \u00eenseamn\u0103 3-FPM?<\/p>\n<p>3-FPM este prescurtarea pentru 3-Fluorofenmetrazin\u0103 \u0219i \u00eenseamn\u0103 3-Fluorofenmetrazin\u0103. 3-FPM este o substan\u021b\u0103 chimic\u0103 folosit\u0103 \u00een cercetare, care are o mare putere de a face oamenii s\u0103 mearg\u0103. 3-FPM face parte din clasa de substan\u021be chimice numite fenol morfolin\u0103 \u0219i v\u0103 poate d\u0103una organismului. Rezultatele experimentelor cu 3-FPM sunt de obicei considerate a fi foarte asem\u0103n\u0103toare sau aproape la fel cu rezultatele experimentelor cu amfetamine. Experimentele cu 3-FPM arat\u0103 de obicei c\u0103 oamenii sunt mai concentra\u021bi \u0219i mai motiva\u021bi, g\u00e2ndurile lor se mi\u0219c\u0103 mai repede \u0219i se simt ferici\u021bi. Cu toate acestea, se spune adesea c\u0103 aceste rezultate sunt mai pu\u021bin intense dec\u00e2t cele ale amfetaminei sau ale altor medicamente care te fac mai alert. Mul\u021bi oameni nu devin nervo\u0219i sau adormi\u021bi c\u00e2nd folosesc 3-FPM.<\/p>\n<p>De unde pot cump\u0103ra 3-FPM?<\/p>\n<p>La Best Globel Med, avem o mul\u021bime de 3-FPM foarte bun de v\u00e2nzare. 3-FPM-ul nostru vine at\u00e2t sub form\u0103 de pulbere, c\u00e2t \u0219i sub form\u0103 de pelete, astfel \u00eenc\u00e2t s\u0103 \u00eel pute\u021bi ob\u021bine. Nu conteaz\u0103 care dintre aceste dou\u0103 st\u0103ri chimice preferi. V\u0103 asigur\u0103m.<\/p>\n<p>Avem un 3-FPM de v\u00e2nzare, care este doar pentru cercetare, nu pentru v\u00e2nzare. Nu este pentru utilizare acas\u0103. Persoanele care cump\u0103r\u0103 3-FPM de la noi trebuie s\u0103 aib\u0103 cel pu\u021bin 18 ani \u0219i s\u0103 respecte pe deplin legile din \u021bara lor.<\/p>\n<p>3-FPM este legal.<\/p>\n<p>3-FPM este nu este legal s\u0103 cump\u0103ra\u021bi, s\u0103 vinde\u021bi sau s\u0103 de\u021bine\u021bi \u00een Israel, Elve\u021bia sau Statele Unite, a\u0219a c\u0103 nu pute\u021bi face asta. \u00cen Regatul Unit, se crede c\u0103 este similar cu fenmetrazina, care este un medicament care nu este sigur pentru oameni.<\/p>\n<p>Un loc r\u0103coros \u0219i uscat este \u00eentotdeauna cel mai bun pentru cea mai bun\u0103 perioad\u0103 de valabilitate. Acest produs este doar pentru uz criminalistic \u0219i de cercetare. Nu este menit s\u0103 fie m\u00e2ncat de oameni sau testat pe animale sau pe orice alt\u0103 fiin\u021b\u0103 vie.<\/p>\n","protected":false},"excerpt":{"rendered":"<div class=\"woocommerce-product-details__short-description\">\n<p>CUMP\u0102R\u0102 3-FPM3-FPM (cunoscut \u0219i ca 3-Fluorophenmetrazine, 3F-Phenmetrazine \u0219i PAL-593) este un nou stimulent pe baz\u0103 de fenilmorfolin\u0103.<\/p>\n<p>3-Fluorofenmetrazina, cunoscut\u0103 \u0219i sub numele de 3F-Phenmetrazine, PAL-593 \u0219i 3-FPM, este un nou stimulent de clas\u0103 fenilmorfolin\u0103.<\/p>\n<p>Achizi\u021biona\u021bi 3-FPM online<\/p>\n<p>3F-Phenmetrazine poate fi achizi\u021bionat\u0103 online.<\/p>\n<p>3F-Phenmetrazine este disponibil\u0103 sub form\u0103 de substan\u021b\u0103 alb\u0103 cristalin\u0103 sau sub form\u0103 de pulbere. 3F-Fenmetrazina este solubil\u0103 \u00een solven\u021bi organici, cum ar fi metanol, etanol, dimetilformamid\u0103 (DMF) \u0219i diclormetan (DCM), care trebuie purja\u021bi cu un gaz inert.<\/p>\n<\/p><\/div>\n","protected":false},"featured_media":5376,"comment_status":"open","ping_status":"closed","template":"","meta":[],"product_brand":[],"product_cat":[2014],"product_tag":[],"class_list":{"0":"post-5366","1":"product","2":"type-product","3":"status-publish","4":"has-post-thumbnail","6":"product_cat-cumprare-cercetare-chimice","8":"first","9":"instock","10":"shipping-taxable","11":"purchasable","12":"product-type-variable","13":"has-default-attributes"},"yoast_head":"<!-- This site is optimized with the Yoast SEO plugin v27.3 - https:\/\/yoast.com\/product\/yoast-seo-wordpress\/ -->\n<title>Cump\u0103ra\u021bi 3F-Phenmetrazine - Cele mai bune medicamente globale<\/title>\n<meta name=\"description\" content=\"CUMP\u0102R\u0102 3-FPM3-FPM de v\u00e2nzare (cunoscut \u0219i ca 3-Fluorophenmetrazine, 3F-Phenmetrazine \u0219i PAL-593) este o substan\u021b\u0103 stimulatoare nou\u0103 din clasa fenilmorfolinei.\" \/>\n<meta name=\"robots\" content=\"index, follow, max-snippet:-1, max-image-preview:large, max-video-preview:-1\" \/>\n<link rel=\"canonical\" href=\"https:\/\/medicinasinc.com\/ro\/product\/cumpara-3f-fenmetrazina\/\" \/>\n<meta property=\"og:locale\" content=\"en_US\" \/>\n<meta property=\"og:type\" content=\"article\" \/>\n<meta property=\"og:title\" content=\"Cump\u0103ra\u021bi 3F-Phenmetrazine - Cele mai bune medicamente globale\" \/>\n<meta property=\"og:description\" content=\"CUMP\u0102R\u0102 3-FPM3-FPM de v\u00e2nzare (cunoscut \u0219i ca 3-Fluorophenmetrazine, 3F-Phenmetrazine \u0219i PAL-593) este o substan\u021b\u0103 stimulatoare nou\u0103 din clasa fenilmorfolinei.\" \/>\n<meta property=\"og:url\" content=\"https:\/\/medicinasinc.com\/ro\/product\/cumpara-3f-fenmetrazina\/\" \/>\n<meta property=\"og:site_name\" content=\"Medicinas Inc\" \/>\n<meta property=\"article:modified_time\" content=\"2022-03-22T01:00:14+00:00\" \/>\n<meta property=\"og:image\" content=\"https:\/\/medicinasinc.com\/ro\/wp-content\/uploads\/sites\/11\/2022\/02\/3fpm.jpg\" \/>\n\t<meta property=\"og:image:width\" content=\"600\" \/>\n\t<meta property=\"og:image:height\" content=\"600\" \/>\n\t<meta property=\"og:image:type\" content=\"image\/jpeg\" \/>\n<meta name=\"twitter:card\" content=\"summary_large_image\" \/>\n<meta name=\"twitter:label1\" content=\"Est. reading time\" \/>\n\t<meta name=\"twitter:data1\" content=\"2 minutes\" \/>\n<script type=\"application\/ld+json\" class=\"yoast-schema-graph\">{\"@context\":\"https:\\\/\\\/schema.org\",\"@graph\":[{\"@type\":\"WebPage\",\"@id\":\"https:\\\/\\\/medicinasinc.com\\\/ro\\\/product\\\/cumpara-3f-fenmetrazina\\\/\",\"url\":\"https:\\\/\\\/medicinasinc.com\\\/ro\\\/product\\\/cumpara-3f-fenmetrazina\\\/\",\"name\":\"Cump\u0103ra\u021bi 3F-Phenmetrazine - Cele mai bune medicamente globale\",\"isPartOf\":{\"@id\":\"https:\\\/\\\/medicinasinc.com\\\/ro\\\/#website\"},\"primaryImageOfPage\":{\"@id\":\"https:\\\/\\\/medicinasinc.com\\\/ro\\\/product\\\/cumpara-3f-fenmetrazina\\\/#primaryimage\"},\"image\":{\"@id\":\"https:\\\/\\\/medicinasinc.com\\\/ro\\\/product\\\/cumpara-3f-fenmetrazina\\\/#primaryimage\"},\"thumbnailUrl\":\"https:\\\/\\\/medicinasinc.com\\\/ro\\\/wp-content\\\/uploads\\\/sites\\\/11\\\/2022\\\/02\\\/3fpm.jpg\",\"datePublished\":\"2022-02-21T21:52:02+00:00\",\"dateModified\":\"2022-03-22T01:00:14+00:00\",\"description\":\"CUMP\u0102R\u0102 3-FPM3-FPM de v\u00e2nzare (cunoscut \u0219i ca 3-Fluorophenmetrazine, 3F-Phenmetrazine \u0219i PAL-593) este o substan\u021b\u0103 stimulatoare nou\u0103 din clasa fenilmorfolinei.\",\"breadcrumb\":{\"@id\":\"https:\\\/\\\/medicinasinc.com\\\/ro\\\/product\\\/cumpara-3f-fenmetrazina\\\/#breadcrumb\"},\"inLanguage\":\"en-US\",\"potentialAction\":[{\"@type\":\"ReadAction\",\"target\":[\"https:\\\/\\\/medicinasinc.com\\\/ro\\\/product\\\/cumpara-3f-fenmetrazina\\\/\"]}]},{\"@type\":\"ImageObject\",\"inLanguage\":\"en-US\",\"@id\":\"https:\\\/\\\/medicinasinc.com\\\/ro\\\/product\\\/cumpara-3f-fenmetrazina\\\/#primaryimage\",\"url\":\"https:\\\/\\\/medicinasinc.com\\\/ro\\\/wp-content\\\/uploads\\\/sites\\\/11\\\/2022\\\/02\\\/3fpm.jpg\",\"contentUrl\":\"https:\\\/\\\/medicinasinc.com\\\/ro\\\/wp-content\\\/uploads\\\/sites\\\/11\\\/2022\\\/02\\\/3fpm.jpg\",\"width\":600,\"height\":600},{\"@type\":\"BreadcrumbList\",\"@id\":\"https:\\\/\\\/medicinasinc.com\\\/ro\\\/product\\\/cumpara-3f-fenmetrazina\\\/#breadcrumb\",\"itemListElement\":[{\"@type\":\"ListItem\",\"position\":1,\"name\":\"Magazin\",\"item\":\"https:\\\/\\\/medicinasinc.com\\\/ro\\\/magazin\\\/\"},{\"@type\":\"ListItem\",\"position\":2,\"name\":\"Cump\u0103ra\u021bi 3F-Phenmetrazin\u0103\"}]},{\"@type\":\"WebSite\",\"@id\":\"https:\\\/\\\/medicinasinc.com\\\/ro\\\/#website\",\"url\":\"https:\\\/\\\/medicinasinc.com\\\/ro\\\/\",\"name\":\"Medicinas Inc\",\"description\":\"Health Medical Clinic\",\"potentialAction\":[{\"@type\":\"SearchAction\",\"target\":{\"@type\":\"EntryPoint\",\"urlTemplate\":\"https:\\\/\\\/medicinasinc.com\\\/ro\\\/?s={search_term_string}\"},\"query-input\":{\"@type\":\"PropertyValueSpecification\",\"valueRequired\":true,\"valueName\":\"search_term_string\"}}],\"inLanguage\":\"en-US\"}]}<\/script>\n<!-- \/ Yoast SEO plugin. -->","yoast_head_json":{"title":"Cump\u0103ra\u021bi 3F-Phenmetrazine - Cele mai bune medicamente globale","description":"CUMP\u0102R\u0102 3-FPM3-FPM de v\u00e2nzare (cunoscut \u0219i ca 3-Fluorophenmetrazine, 3F-Phenmetrazine \u0219i PAL-593) este o substan\u021b\u0103 stimulatoare nou\u0103 din clasa fenilmorfolinei.","robots":{"index":"index","follow":"follow","max-snippet":"max-snippet:-1","max-image-preview":"max-image-preview:large","max-video-preview":"max-video-preview:-1"},"canonical":"https:\/\/medicinasinc.com\/ro\/product\/cumpara-3f-fenmetrazina\/","og_locale":"en_US","og_type":"article","og_title":"Cump\u0103ra\u021bi 3F-Phenmetrazine - Cele mai bune medicamente globale","og_description":"CUMP\u0102R\u0102 3-FPM3-FPM de v\u00e2nzare (cunoscut \u0219i ca 3-Fluorophenmetrazine, 3F-Phenmetrazine \u0219i PAL-593) este o substan\u021b\u0103 stimulatoare nou\u0103 din clasa fenilmorfolinei.","og_url":"https:\/\/medicinasinc.com\/ro\/product\/cumpara-3f-fenmetrazina\/","og_site_name":"Medicinas Inc","article_modified_time":"2022-03-22T01:00:14+00:00","og_image":[{"width":600,"height":600,"url":"https:\/\/medicinasinc.com\/ro\/wp-content\/uploads\/sites\/11\/2022\/02\/3fpm.jpg","type":"image\/jpeg"}],"twitter_card":"summary_large_image","twitter_misc":{"Est. reading time":"2 minutes"},"schema":{"@context":"https:\/\/schema.org","@graph":[{"@type":"WebPage","@id":"https:\/\/medicinasinc.com\/ro\/product\/cumpara-3f-fenmetrazina\/","url":"https:\/\/medicinasinc.com\/ro\/product\/cumpara-3f-fenmetrazina\/","name":"Cump\u0103ra\u021bi 3F-Phenmetrazine - Cele mai bune medicamente globale","isPartOf":{"@id":"https:\/\/medicinasinc.com\/ro\/#website"},"primaryImageOfPage":{"@id":"https:\/\/medicinasinc.com\/ro\/product\/cumpara-3f-fenmetrazina\/#primaryimage"},"image":{"@id":"https:\/\/medicinasinc.com\/ro\/product\/cumpara-3f-fenmetrazina\/#primaryimage"},"thumbnailUrl":"https:\/\/medicinasinc.com\/ro\/wp-content\/uploads\/sites\/11\/2022\/02\/3fpm.jpg","datePublished":"2022-02-21T21:52:02+00:00","dateModified":"2022-03-22T01:00:14+00:00","description":"CUMP\u0102R\u0102 3-FPM3-FPM de v\u00e2nzare (cunoscut \u0219i ca 3-Fluorophenmetrazine, 3F-Phenmetrazine \u0219i PAL-593) este o substan\u021b\u0103 stimulatoare nou\u0103 din clasa fenilmorfolinei.","breadcrumb":{"@id":"https:\/\/medicinasinc.com\/ro\/product\/cumpara-3f-fenmetrazina\/#breadcrumb"},"inLanguage":"en-US","potentialAction":[{"@type":"ReadAction","target":["https:\/\/medicinasinc.com\/ro\/product\/cumpara-3f-fenmetrazina\/"]}]},{"@type":"ImageObject","inLanguage":"en-US","@id":"https:\/\/medicinasinc.com\/ro\/product\/cumpara-3f-fenmetrazina\/#primaryimage","url":"https:\/\/medicinasinc.com\/ro\/wp-content\/uploads\/sites\/11\/2022\/02\/3fpm.jpg","contentUrl":"https:\/\/medicinasinc.com\/ro\/wp-content\/uploads\/sites\/11\/2022\/02\/3fpm.jpg","width":600,"height":600},{"@type":"BreadcrumbList","@id":"https:\/\/medicinasinc.com\/ro\/product\/cumpara-3f-fenmetrazina\/#breadcrumb","itemListElement":[{"@type":"ListItem","position":1,"name":"Magazin","item":"https:\/\/medicinasinc.com\/ro\/magazin\/"},{"@type":"ListItem","position":2,"name":"Cump\u0103ra\u021bi 3F-Phenmetrazin\u0103"}]},{"@type":"WebSite","@id":"https:\/\/medicinasinc.com\/ro\/#website","url":"https:\/\/medicinasinc.com\/ro\/","name":"Medicinas Inc","description":"Health Medical Clinic","potentialAction":[{"@type":"SearchAction","target":{"@type":"EntryPoint","urlTemplate":"https:\/\/medicinasinc.com\/ro\/?s={search_term_string}"},"query-input":{"@type":"PropertyValueSpecification","valueRequired":true,"valueName":"search_term_string"}}],"inLanguage":"en-US"}]}},"_links":{"self":[{"href":"https:\/\/medicinasinc.com\/ro\/wp-json\/wp\/v2\/product\/5366","targetHints":{"allow":["GET"]}}],"collection":[{"href":"https:\/\/medicinasinc.com\/ro\/wp-json\/wp\/v2\/product"}],"about":[{"href":"https:\/\/medicinasinc.com\/ro\/wp-json\/wp\/v2\/types\/product"}],"replies":[{"embeddable":true,"href":"https:\/\/medicinasinc.com\/ro\/wp-json\/wp\/v2\/comments?post=5366"}],"wp:featuredmedia":[{"embeddable":true,"href":"https:\/\/medicinasinc.com\/ro\/wp-json\/wp\/v2\/media\/5376"}],"wp:attachment":[{"href":"https:\/\/medicinasinc.com\/ro\/wp-json\/wp\/v2\/media?parent=5366"}],"wp:term":[{"taxonomy":"product_brand","embeddable":true,"href":"https:\/\/medicinasinc.com\/ro\/wp-json\/wp\/v2\/product_brand?post=5366"},{"taxonomy":"product_cat","embeddable":true,"href":"https:\/\/medicinasinc.com\/ro\/wp-json\/wp\/v2\/product_cat?post=5366"},{"taxonomy":"product_tag","embeddable":true,"href":"https:\/\/medicinasinc.com\/ro\/wp-json\/wp\/v2\/product_tag?post=5366"}],"curies":[{"name":"wp","href":"https:\/\/api.w.org\/{rel}","templated":true}]}}