{"id":5341,"date":"2022-02-21T21:16:40","date_gmt":"2022-02-21T21:16:40","guid":{"rendered":"https:\/\/medicinasinc.com\/ro\/?post_type=product&#038;p=5341"},"modified":"2022-03-22T01:00:42","modified_gmt":"2022-03-22T01:00:42","slug":"cumpara-2c-e-cercetare-chimica","status":"publish","type":"product","link":"https:\/\/medicinasinc.com\/ro\/product\/cumpara-2c-e-cercetare-chimica\/","title":{"rendered":"Cump\u0103ra\u021bi 2C-E Research Chemical"},"content":{"rendered":"<p>Substan\u021ba chimic\u0103 2C-E Research poate fi achizi\u021bionat\u0103 online.<\/p>\n<p>Substan\u021ba chimic\u0103 2C-E Research poate fi achizi\u021bionat\u0103 online.<\/p>\n<p>V\u00e2nz\u0103torul 2c e, 2ce research chemical, 2c e cump\u0103r\u0103tor, 2c e de v\u00e2nzare<\/p>\n<p>Achizi\u021bie online de substan\u021be chimice de cercetare 2C-E<\/p>\n<p>Alexander Shulgin descoper\u0103 medicamentul 2C-E \u0219i c\u00e2\u0219tig\u0103 o mul\u021bime de urm\u0103ritori.<\/p>\n<p>Achizi\u021bie online de Substan\u021bele chimice de cercetare 2C-E<\/p>\n<p>Agentul chimic 2C-E (c\u0103l\u0103torie) este un membru al familiei 2C, care include \u0219i 2C-I \u0219i 2C-H. 2C-E este un compus halucinogen derivat din feniletilamin\u0103. \u00cen urma unei serii de teste de cercetare, \u0219tim acum c\u0103 doza tipic\u0103 de pulbere 2C-E pentru administrare intranazal\u0103 nu trebuie s\u0103 dep\u0103\u0219easc\u0103 5 miligrame. Cu toate acestea, doza nu trebuie s\u0103 dep\u0103\u0219easc\u0103 aproximativ 10-20 de miligrame atunci c\u00e2nd este utilizat\u0103 pe cale oral\u0103. Se raporteaz\u0103 c\u0103 dup\u0103 aproximativ 10 minute de inhalare prin nas, apare o arsur\u0103 semnificativ\u0103. Shulgin se refer\u0103 la 2C-E, \u00eempreun\u0103 cu mescalina, 2C-T-2, 2C-B \u0219i 2C-T-7, ca \u201ejum\u0103tate de duzin\u0103 magic\u0103\u201d \u00een cartea sa PiHKAL. Achizi\u021bia online de substan\u021be chimice de cercetare 2C-E<\/p>\n<p>2C-E are urm\u0103toarele efecte: o explozie de energie, o cre\u0219tere a inventivit\u0103\u021bii, efecte vizuale \u0219i o cre\u0219tere a tactiunii. \u00cen plus, exist\u0103 modific\u0103ri ale con\u0219tiin\u021bei, dificult\u0103\u021bi de concentrare, pulsul se accelereaz\u0103 \u0219i temperatura corpului poate cre\u0219te oarecum. \u00cen plus, 2C-E provoac\u0103 ame\u021beli, grea\u021b\u0103, hipersensibilitate la zgomot \u0219i panic\u0103. 2C-E de v\u00e2nzare pe internet<\/p>\n<p>Durata de ac\u021biune a 2C-E este de obicei \u00eentre 4 \u0219i 9 ore. C\u00e2nd compar\u0103m 2C-E cu 2C-I \u00een timpul test\u0103rii, descoperim c\u0103 2C-E produce impact vizual \u0219i auditiv mai vizibil.<\/p>\n<p>Pute\u021bi achizi\u021biona 2C-E (c\u0103l\u0103torie) de pe site-ul nostru doar pentru investiga\u021bii chimice \u0219i teste de laborator; cu toate acestea, ar trebui mai \u00eent\u00e2i s\u0103 determina\u021bi dac\u0103 acest preparat este legal \u00een loca\u021bia dvs. Oferim materiale de \u00eenalt\u0103 calitate.<\/p>\n","protected":false},"excerpt":{"rendered":"<p>&nbsp;<\/p>\n<p>Cump\u0103ra\u021bi substan\u021ba chimic\u0103 2C-E Research pentru v\u00e2nzare online \u00een Europa, Marea Britanie, UE. Cump\u0103ra\u021bi substan\u021ba chimic\u0103 2C-E Research. Sare\/pulbere 2C-E (4-etil-2,5-dimetoxi): o amfetamina psihedelic\u0103.<\/p>\n<p><em>Cump\u0103ra\u021bi 2C<\/em>&#8211;<em>E<\/em> Furnizor aprobat de cercetare chimic\u0103. Puritate de calitate superioar\u0103, pre\u021buri corecte, livrare rapid\u0103 garantat\u0103, politic\u0103 de rambursare \/ returnare, servicii excelente pentru clien\u021bi.<\/p>\n","protected":false},"featured_media":5352,"comment_status":"open","ping_status":"closed","template":"","meta":[],"product_brand":[],"product_cat":[2014],"product_tag":[2027,2028,2032,2029,2038,2040,2034,2035,2036,2041,2042,2043,2044,2030,2031,2046,2047,2048,2049,2051,2052,2053,2054,2055,2057,2058,2059,2064,2065,2066,2071,2072,2073,2075,2093,2094,2092,2091,2087,2080,2081,2082,2084,2083,2045,2061,2067,2056,2062,2070,2090,2063,2074,2069,2068,2095,2096,2076,2077,2033,2037,2079,2085,2086,2088,2089,2060,2050,2078,2039],"class_list":{"0":"post-5341","1":"product","2":"type-product","3":"status-publish","4":"has-post-thumbnail","6":"product_cat-cumprare-cercetare-chimice","7":"product_tag-2c-e-buy-online","8":"product_tag-2c-e","9":"product_tag-2c-e-test-drog","10":"product_tag-2c-e-buy","11":"product_tag-2c-e-de-vnzare","12":"product_tag-2c-e-de-vnzare-online","13":"product_tag-2c-e-erfahrung","14":"product_tag-2c-e-erowid","15":"product_tag-2c-e-europa","16":"product_tag-2c-e-heroic-dose","17":"product_tag-2c-e-is-a-psychedelic-phenethylamine-of-the-2c-family-it-was-first-synthesized-by-alexander-shulgin","18":"product_tag-2c-e-kaufen","19":"product_tag-2c-e-kopen","20":"product_tag-2c-e-medicament","21":"product_tag-2c-e-medicament-de-vanzare","22":"product_tag-2c-e-online","23":"product_tag-2c-e-psihonaut","24":"product_tag-2c-e-reddit","25":"product_tag-2c-e-sell","26":"product_tag-2c-e-wiki","27":"product_tag-2c-i-wikipedia","28":"product_tag-2c-e-nbome","29":"product_tag-2c-ef-vendor","30":"product_tag-2c-i","31":"product_tag-4-etil-2","32":"product_tag-4-metil-2-5-dimetoxiamfetamina","33":"product_tag-5-dimetoxi","34":"product_tag-buy-2c-e-drug","35":"product_tag-buy-2c-e-muscle-tension-online","36":"product_tag-buy-2c-e-online","37":"product_tag-buy-2c-e2c-online-usa","38":"product_tag-buy-2c-i","39":"product_tag-buy-hallucinogenic-drug-2c-e-online","40":"product_tag-buy-research-chemicals-nederland-doc-2c-e-online","41":"product_tag-care-este-diferena-ntre-2c-i-i-2c-e","42":"product_tag-care-este-valoarea-strzit-a-o-fiol-de-2c-e","43":"product_tag-ce-exact-sunt-efectele-2c-es-si-de-ce-este-popular-intre-oamenii-care-consum-droguri","44":"product_tag-cel-mai-bun-loc-de-cumprare-2c-i","45":"product_tag-comanda-2c-e-online","46":"product_tag-cum-se-cumpr-2c-e-online","47":"product_tag-cum-se-cumpr-2c-i","48":"product_tag-cum-s-cumprai-produse-chimice-de-cercetare-online","49":"product_tag-cum-se-lua-2c-e-cercetare-chimicale","50":"product_tag-cum-se-obine-produse-chimice-de-cercetare","51":"product_tag-2c-e-netherlands-buy-rc","52":"product_tag-cumpr-2c-e","53":"product_tag-buy-2c-e-online-usa","54":"product_tag-2ce-cumprare","55":"product_tag-cumpr-2c-e-4-etil-2","56":"product_tag-cumpara-2c-e-cu-livrare-eu-a-doua-zi","57":"product_tag-cumprare-2c-i","58":"product_tag-cumpr-2c-e-dozaj-online","59":"product_tag-cumprai-online-2c-e-cercetare-chimicale","60":"product_tag-cumpr-2c-e-research-chemicals-online","61":"product_tag-cumpr-2c-e-cercetare-chimic","62":"product_tag-unde-pot-cumpra-2c-e-online","63":"product_tag-unde-a-cumpra-2c-i","64":"product_tag-dmt","65":"product_tag-dmt-nexus-2c-e","66":"product_tag-2c-e-efecte","67":"product_tag-2c-e-experienta","68":"product_tag-get-2c-e-research-chemical-online","69":"product_tag-life-boostr-2c-e-rc-vendor","70":"product_tag-mescalina","71":"product_tag-ordin-2c-i","72":"product_tag-pre-pe-gram-de-2c-e","73":"product_tag-i-alte-psihedelice","74":"product_tag-2c-e-sintez-c4-83-c4-83","75":"product_tag-nu-ssris-interfere-cu-ciuperci","76":"product_tag-2c-e-de-vanzare-element-chimic","78":"first","79":"instock","80":"shipping-taxable","81":"purchasable","82":"product-type-variable","83":"has-default-attributes"},"yoast_head":"<!-- This site is optimized with the Yoast SEO plugin v27.3 - https:\/\/yoast.com\/product\/yoast-seo-wordpress\/ -->\n<title>Cump\u0103ra\u021bi 2C-E Research Chemical - Cele mai bune medicamente globale<\/title>\n<meta name=\"description\" content=\"Cump\u0103ra\u021bi substan\u021ba chimic\u0103 de cercetare 2C-E de v\u00e2nzare online \u00een Europa, Marea Britanie, UE. Cump\u0103ra\u021bi substan\u021ba chimic\u0103 2C-E Research. 2C-E (4-etil-2,5-dimetoxi) sare\/pulbere: o amfetamina psihedelic\u0103.\" \/>\n<meta name=\"robots\" content=\"index, follow, max-snippet:-1, max-image-preview:large, max-video-preview:-1\" \/>\n<link rel=\"canonical\" href=\"https:\/\/medicinasinc.com\/ro\/product\/cumpara-2c-e-cercetare-chimica\/\" \/>\n<meta property=\"og:locale\" content=\"en_US\" \/>\n<meta property=\"og:type\" content=\"article\" \/>\n<meta property=\"og:title\" content=\"Cump\u0103ra\u021bi 2C-E Research Chemical - Cele mai bune medicamente globale\" \/>\n<meta property=\"og:description\" content=\"Cump\u0103ra\u021bi substan\u021ba chimic\u0103 de cercetare 2C-E de v\u00e2nzare online \u00een Europa, Marea Britanie, UE. Cump\u0103ra\u021bi substan\u021ba chimic\u0103 2C-E Research. 2C-E (4-etil-2,5-dimetoxi) sare\/pulbere: o amfetamina psihedelic\u0103.\" \/>\n<meta property=\"og:url\" content=\"https:\/\/medicinasinc.com\/ro\/product\/cumpara-2c-e-cercetare-chimica\/\" \/>\n<meta property=\"og:site_name\" content=\"Medicinas Inc\" \/>\n<meta property=\"article:modified_time\" content=\"2022-03-22T01:00:42+00:00\" \/>\n<meta property=\"og:image\" content=\"https:\/\/medicinasinc.com\/ro\/wp-content\/uploads\/sites\/11\/2022\/02\/Buy-2C-E.jpg\" \/>\n\t<meta property=\"og:image:width\" content=\"234\" \/>\n\t<meta property=\"og:image:height\" content=\"215\" \/>\n\t<meta property=\"og:image:type\" content=\"image\/jpeg\" \/>\n<meta name=\"twitter:card\" content=\"summary_large_image\" \/>\n<meta name=\"twitter:label1\" content=\"Est. reading time\" \/>\n\t<meta name=\"twitter:data1\" content=\"2 minutes\" \/>\n<script type=\"application\/ld+json\" class=\"yoast-schema-graph\">{\"@context\":\"https:\\\/\\\/schema.org\",\"@graph\":[{\"@type\":\"WebPage\",\"@id\":\"https:\\\/\\\/medicinasinc.com\\\/ro\\\/product\\\/cumpara-2c-e-cercetare-chimica\\\/\",\"url\":\"https:\\\/\\\/medicinasinc.com\\\/ro\\\/product\\\/cumpara-2c-e-cercetare-chimica\\\/\",\"name\":\"Cump\u0103ra\u021bi 2C-E Research Chemical - Cele mai bune medicamente globale\",\"isPartOf\":{\"@id\":\"https:\\\/\\\/medicinasinc.com\\\/ro\\\/#website\"},\"primaryImageOfPage\":{\"@id\":\"https:\\\/\\\/medicinasinc.com\\\/ro\\\/product\\\/cumpara-2c-e-cercetare-chimica\\\/#primaryimage\"},\"image\":{\"@id\":\"https:\\\/\\\/medicinasinc.com\\\/ro\\\/product\\\/cumpara-2c-e-cercetare-chimica\\\/#primaryimage\"},\"thumbnailUrl\":\"https:\\\/\\\/medicinasinc.com\\\/ro\\\/wp-content\\\/uploads\\\/sites\\\/11\\\/2022\\\/02\\\/Buy-2C-E.jpg\",\"datePublished\":\"2022-02-21T21:16:40+00:00\",\"dateModified\":\"2022-03-22T01:00:42+00:00\",\"description\":\"Cump\u0103ra\u021bi substan\u021ba chimic\u0103 de cercetare 2C-E de v\u00e2nzare online \u00een Europa, Marea Britanie, UE. Cump\u0103ra\u021bi substan\u021ba chimic\u0103 2C-E Research. 2C-E (4-etil-2,5-dimetoxi) sare\\\/pulbere: o amfetamina psihedelic\u0103.\",\"breadcrumb\":{\"@id\":\"https:\\\/\\\/medicinasinc.com\\\/ro\\\/product\\\/cumpara-2c-e-cercetare-chimica\\\/#breadcrumb\"},\"inLanguage\":\"en-US\",\"potentialAction\":[{\"@type\":\"ReadAction\",\"target\":[\"https:\\\/\\\/medicinasinc.com\\\/ro\\\/product\\\/cumpara-2c-e-cercetare-chimica\\\/\"]}]},{\"@type\":\"ImageObject\",\"inLanguage\":\"en-US\",\"@id\":\"https:\\\/\\\/medicinasinc.com\\\/ro\\\/product\\\/cumpara-2c-e-cercetare-chimica\\\/#primaryimage\",\"url\":\"https:\\\/\\\/medicinasinc.com\\\/ro\\\/wp-content\\\/uploads\\\/sites\\\/11\\\/2022\\\/02\\\/Buy-2C-E.jpg\",\"contentUrl\":\"https:\\\/\\\/medicinasinc.com\\\/ro\\\/wp-content\\\/uploads\\\/sites\\\/11\\\/2022\\\/02\\\/Buy-2C-E.jpg\",\"width\":234,\"height\":215},{\"@type\":\"BreadcrumbList\",\"@id\":\"https:\\\/\\\/medicinasinc.com\\\/ro\\\/product\\\/cumpara-2c-e-cercetare-chimica\\\/#breadcrumb\",\"itemListElement\":[{\"@type\":\"ListItem\",\"position\":1,\"name\":\"Magazin\",\"item\":\"https:\\\/\\\/medicinasinc.com\\\/ro\\\/magazin\\\/\"},{\"@type\":\"ListItem\",\"position\":2,\"name\":\"Cump\u0103ra\u021bi 2C-E Research Chemical\"}]},{\"@type\":\"WebSite\",\"@id\":\"https:\\\/\\\/medicinasinc.com\\\/ro\\\/#website\",\"url\":\"https:\\\/\\\/medicinasinc.com\\\/ro\\\/\",\"name\":\"Medicinas Inc\",\"description\":\"Health Medical Clinic\",\"potentialAction\":[{\"@type\":\"SearchAction\",\"target\":{\"@type\":\"EntryPoint\",\"urlTemplate\":\"https:\\\/\\\/medicinasinc.com\\\/ro\\\/?s={search_term_string}\"},\"query-input\":{\"@type\":\"PropertyValueSpecification\",\"valueRequired\":true,\"valueName\":\"search_term_string\"}}],\"inLanguage\":\"en-US\"}]}<\/script>\n<!-- \/ Yoast SEO plugin. -->","yoast_head_json":{"title":"Cump\u0103ra\u021bi 2C-E Research Chemical - Cele mai bune medicamente globale","description":"Cump\u0103ra\u021bi substan\u021ba chimic\u0103 de cercetare 2C-E de v\u00e2nzare online \u00een Europa, Marea Britanie, UE. Cump\u0103ra\u021bi substan\u021ba chimic\u0103 2C-E Research. 2C-E (4-etil-2,5-dimetoxi) sare\/pulbere: o amfetamina psihedelic\u0103.","robots":{"index":"index","follow":"follow","max-snippet":"max-snippet:-1","max-image-preview":"max-image-preview:large","max-video-preview":"max-video-preview:-1"},"canonical":"https:\/\/medicinasinc.com\/ro\/product\/cumpara-2c-e-cercetare-chimica\/","og_locale":"en_US","og_type":"article","og_title":"Cump\u0103ra\u021bi 2C-E Research Chemical - Cele mai bune medicamente globale","og_description":"Cump\u0103ra\u021bi substan\u021ba chimic\u0103 de cercetare 2C-E de v\u00e2nzare online \u00een Europa, Marea Britanie, UE. Cump\u0103ra\u021bi substan\u021ba chimic\u0103 2C-E Research. 2C-E (4-etil-2,5-dimetoxi) sare\/pulbere: o amfetamina psihedelic\u0103.","og_url":"https:\/\/medicinasinc.com\/ro\/product\/cumpara-2c-e-cercetare-chimica\/","og_site_name":"Medicinas Inc","article_modified_time":"2022-03-22T01:00:42+00:00","og_image":[{"width":234,"height":215,"url":"https:\/\/medicinasinc.com\/ro\/wp-content\/uploads\/sites\/11\/2022\/02\/Buy-2C-E.jpg","type":"image\/jpeg"}],"twitter_card":"summary_large_image","twitter_misc":{"Est. reading time":"2 minutes"},"schema":{"@context":"https:\/\/schema.org","@graph":[{"@type":"WebPage","@id":"https:\/\/medicinasinc.com\/ro\/product\/cumpara-2c-e-cercetare-chimica\/","url":"https:\/\/medicinasinc.com\/ro\/product\/cumpara-2c-e-cercetare-chimica\/","name":"Cump\u0103ra\u021bi 2C-E Research Chemical - Cele mai bune medicamente globale","isPartOf":{"@id":"https:\/\/medicinasinc.com\/ro\/#website"},"primaryImageOfPage":{"@id":"https:\/\/medicinasinc.com\/ro\/product\/cumpara-2c-e-cercetare-chimica\/#primaryimage"},"image":{"@id":"https:\/\/medicinasinc.com\/ro\/product\/cumpara-2c-e-cercetare-chimica\/#primaryimage"},"thumbnailUrl":"https:\/\/medicinasinc.com\/ro\/wp-content\/uploads\/sites\/11\/2022\/02\/Buy-2C-E.jpg","datePublished":"2022-02-21T21:16:40+00:00","dateModified":"2022-03-22T01:00:42+00:00","description":"Cump\u0103ra\u021bi substan\u021ba chimic\u0103 de cercetare 2C-E de v\u00e2nzare online \u00een Europa, Marea Britanie, UE. Cump\u0103ra\u021bi substan\u021ba chimic\u0103 2C-E Research. 2C-E (4-etil-2,5-dimetoxi) sare\/pulbere: o amfetamina psihedelic\u0103.","breadcrumb":{"@id":"https:\/\/medicinasinc.com\/ro\/product\/cumpara-2c-e-cercetare-chimica\/#breadcrumb"},"inLanguage":"en-US","potentialAction":[{"@type":"ReadAction","target":["https:\/\/medicinasinc.com\/ro\/product\/cumpara-2c-e-cercetare-chimica\/"]}]},{"@type":"ImageObject","inLanguage":"en-US","@id":"https:\/\/medicinasinc.com\/ro\/product\/cumpara-2c-e-cercetare-chimica\/#primaryimage","url":"https:\/\/medicinasinc.com\/ro\/wp-content\/uploads\/sites\/11\/2022\/02\/Buy-2C-E.jpg","contentUrl":"https:\/\/medicinasinc.com\/ro\/wp-content\/uploads\/sites\/11\/2022\/02\/Buy-2C-E.jpg","width":234,"height":215},{"@type":"BreadcrumbList","@id":"https:\/\/medicinasinc.com\/ro\/product\/cumpara-2c-e-cercetare-chimica\/#breadcrumb","itemListElement":[{"@type":"ListItem","position":1,"name":"Magazin","item":"https:\/\/medicinasinc.com\/ro\/magazin\/"},{"@type":"ListItem","position":2,"name":"Cump\u0103ra\u021bi 2C-E Research Chemical"}]},{"@type":"WebSite","@id":"https:\/\/medicinasinc.com\/ro\/#website","url":"https:\/\/medicinasinc.com\/ro\/","name":"Medicinas Inc","description":"Health Medical Clinic","potentialAction":[{"@type":"SearchAction","target":{"@type":"EntryPoint","urlTemplate":"https:\/\/medicinasinc.com\/ro\/?s={search_term_string}"},"query-input":{"@type":"PropertyValueSpecification","valueRequired":true,"valueName":"search_term_string"}}],"inLanguage":"en-US"}]}},"_links":{"self":[{"href":"https:\/\/medicinasinc.com\/ro\/wp-json\/wp\/v2\/product\/5341","targetHints":{"allow":["GET"]}}],"collection":[{"href":"https:\/\/medicinasinc.com\/ro\/wp-json\/wp\/v2\/product"}],"about":[{"href":"https:\/\/medicinasinc.com\/ro\/wp-json\/wp\/v2\/types\/product"}],"replies":[{"embeddable":true,"href":"https:\/\/medicinasinc.com\/ro\/wp-json\/wp\/v2\/comments?post=5341"}],"wp:featuredmedia":[{"embeddable":true,"href":"https:\/\/medicinasinc.com\/ro\/wp-json\/wp\/v2\/media\/5352"}],"wp:attachment":[{"href":"https:\/\/medicinasinc.com\/ro\/wp-json\/wp\/v2\/media?parent=5341"}],"wp:term":[{"taxonomy":"product_brand","embeddable":true,"href":"https:\/\/medicinasinc.com\/ro\/wp-json\/wp\/v2\/product_brand?post=5341"},{"taxonomy":"product_cat","embeddable":true,"href":"https:\/\/medicinasinc.com\/ro\/wp-json\/wp\/v2\/product_cat?post=5341"},{"taxonomy":"product_tag","embeddable":true,"href":"https:\/\/medicinasinc.com\/ro\/wp-json\/wp\/v2\/product_tag?post=5341"}],"curies":[{"name":"wp","href":"https:\/\/api.w.org\/{rel}","templated":true}]}}