{"id":5340,"date":"2022-02-21T21:15:28","date_gmt":"2022-02-21T21:15:28","guid":{"rendered":"https:\/\/medicinasinc.com\/ro\/?post_type=product&#038;p=5340"},"modified":"2022-03-22T01:00:53","modified_gmt":"2022-03-22T01:00:53","slug":"cumpara-2-mppp-online","status":"publish","type":"product","link":"https:\/\/medicinasinc.com\/ro\/product\/cumpara-2-mppp-online\/","title":{"rendered":"Cump\u0103ra\u021bi 2-MPPP online"},"content":{"rendered":"<p>Achizi\u021biona\u021bi 2-MPPP online<\/p>\n<p>Achizi\u021biona\u021bi 2-MPPP online<\/p>\n<p>2-metil-1-fenil-3-(piperidin-1-il)<\/p>\n<p>Propan-1-ona este o substan\u021b\u0103 chimic\u0103 \u00eenrudit\u0103 structural cu 2-aminopropan-1-ona, cu excep\u021bia faptului c\u0103 azotul este legat de carbon \u00een a treia pozi\u021bie. Efectele fiziologice \u0219i toxicologice ale acestui compus nu au fost investigate.<\/p>\n<p>2-metil-1-fenil-3-(piperidin-1-il)<\/p>\n<p>Propan-1-ona poate fi utilizat\u0103 ca e\u0219antion de referin\u021b\u0103 pentru cercet\u0103torii care efectueaz\u0103 analize de cromatografie gazoas\u0103\/spectrometrie de mas\u0103 (GC\/MS), spectroscopie \u00een infraro\u0219u cu transformat\u0103 Fourier (FTIR) sau rezonan\u021b\u0103 magnetic\u0103 nuclear\u0103 (RMN).<\/p>\n<p>Proceduri \u00een laborator<\/p>\n<p>Recomand\u0103m p\u0103strarea 2-metil-1-fenil-3-(piperidin-1-il)propan-1-on\u0103 la -20\u00b0C pentru depozitare pe termen lung. Ar trebui s\u0103 r\u0103m\u00e2n\u0103 stabil pentru cel pu\u021bin doi ani.<\/p>\n<p>Se furnizeaz\u0103 substan\u021ba cristalin\u0103 alb\u0103 2-metil-1-fenil-3-(piperidin-1-il)propan-1-ona. 2-metil-1-fenil-3-(piperidin-1-il) Propan-1-ona este solubil\u0103 \u00een solven\u021bi organici cum ar fi metanol, dimetil sulfoxid (DMSO) \u0219i diclormetan (DCM), care ar trebui s\u0103 fie purja\u021bi cu un inert. gaz \u00eenainte de utilizare. 2-metil-1-fenil-3-(piperidin-1-il)propan-1-ona se dizolv\u0103 la aproximativ 22 mg\/ml \u00een etanol \u0219i DMF \u0219i la aproximativ 15 mg\/ml \u00een DMSO.<\/p>\n<p> \u00cenainte de a face teste, trebuie f\u0103cute dilu\u021bii suplimentare ale solu\u021biei stoc \u00een solu\u021bii tampon apoase sau solu\u021bie salin\u0103 izotonic\u0103. Asigura\u021bi-v\u0103 c\u0103 nu exist\u0103 reziduuri de solvent organic, deoarece solven\u021bii organici pot avea consecin\u021be fiziologice la concentra\u021bii sc\u0103zute. Solu\u021bii apoase f\u0103r\u0103 solven\u021bi organici Solidul cristalin 2-metil-1-fenil-3-(piperidin-1-il)propan-1-ona poate fi produs imediat \u00een solu\u021bii tampon apoase. 2-metil-1-fenil-3-(piperidin-1-il)propan-1-on\u0103 se dizolv\u0103 la o solubilitate de aproximativ 11 mg\/ml \u00een PBS, pH 6,4. Nu recomand\u0103m p\u0103strarea solu\u021biei apoase la frigider mai mult de o zi.<\/p>\n<div id=\"wb_Text13\"><strong>Specifica\u021bii<\/strong><\/div>\n<table id=\"Table1\" cellspacing=\"1\" cellpadding=\"0\">\n<tbody>\n<tr>\n<td class=\"cell0\">Sinonime<\/td>\n<td class=\"cell1\">2-MPPP<\/td>\n<\/tr>\n<tr>\n<td class=\"cell2\">IUPAC<\/td>\n<td class=\"cell3\">2-metil-1-fenil-3-(piperidin-1-il)propan-1-on\u0103<\/td>\n<\/tr>\n<tr>\n<td class=\"cell0\">PubChem<\/td>\n<td class=\"cell1\">N\/A<\/td>\n<\/tr>\n<tr>\n<td class=\"cell4\">Cas#<\/td>\n<td class=\"cell5\">N\/A<\/td>\n<\/tr>\n<tr>\n<td class=\"cell0\">Formul\u0103 molecular\u0103<\/td>\n<td class=\"cell1\">C15H21NO<\/td>\n<\/tr>\n<tr>\n<td class=\"cell0\">Puritate<\/td>\n<td class=\"cell1\">99%<\/td>\n<\/tr>\n<tr>\n<td class=\"cell0\">Forumare \/ Aspect<\/td>\n<td class=\"cell1\">Pudra de cristal alb<\/td>\n<\/tr>\n<\/tbody>\n<\/table>\n<p><strong>Referin\u021be<\/strong><\/p>\n<p>Jurnal indian de chimie, 1981,\u00a0 vol. 20 B,\u00a0 # 4\u00a0 p. 303 \u2013 307<\/p>\n<p>Ruddy; Buckley<br \/> Journal of the American Chemical Society, 1950 ,\u00a0 vol. 72, p. 718.719<\/p>\n<p>Kjaer; Petersen<br \/> Acta Chemica Scandinavica (1947-1973), 1951 ,\u00a0 vol. 5, p. 1145,1148<\/p>\n<p>Nasarow; Tscherkasowa<br \/> Zhurnal Obshchei Khimii, 1958 ,\u00a0 vol. 28, p. 122,124, 125<\/p>\n<div class=\"product-next-previous\">\n<div class=\"product-prev\"><\/div><\/div>\n","protected":false},"excerpt":{"rendered":"<div class=\"woocommerce-product-details__short-description\">\n<p>Cump\u0103ra\u021bi 2-MPPP online. Cump\u0103ra\u021bi 2-MPPP online la bestglobalmeds.com \u2013 2-metil-1-fenil-3-(piperidin-1-il)propan-1-ona, pulbere de cristal alb\u0103 2mpp de v\u00e2nzare. avem, de asemenea, cea mai bun\u0103 calitate \u0219i cele mai bune pre\u021buri.<\/p>\n<p><em>Cump\u0103ra\u021bi 2<\/em>&#8211;<em>MPPP online<\/em> de la o farmacie licen\u021biat\u0103 Best Global Meds. Oferim o gam\u0103 larg\u0103 de medicamente spre v\u00e2nzare. Livrare \u00een toat\u0103 lumea!<\/p>\n<\/p><\/div>\n","protected":false},"featured_media":5350,"comment_status":"open","ping_status":"closed","template":"","meta":[],"product_brand":[],"product_cat":[2014],"product_tag":[],"class_list":{"0":"post-5340","1":"product","2":"type-product","3":"status-publish","4":"has-post-thumbnail","6":"product_cat-cumprare-cercetare-chimice","8":"first","9":"instock","10":"shipping-taxable","11":"purchasable","12":"product-type-variable"},"yoast_head":"<!-- This site is optimized with the Yoast SEO plugin v27.3 - https:\/\/yoast.com\/product\/yoast-seo-wordpress\/ -->\n<title>Cump\u0103ra\u021bi online 2-MPPP - Cele mai bune medicamente globale<\/title>\n<meta name=\"description\" content=\"Cump\u0103ra\u021bi 2-MPPP online. Cump\u0103ra\u021bi 2-MPPP online la bestglobalmeds.com \u2013 2-metil-1-fenil-3-(piperidin-1-il)propan-1-ona, pulbere de cristal alb\u0103 2mpp de v\u00e2nzare. avem cea mai buna calitate si cele mai bune preturi\" \/>\n<meta name=\"robots\" content=\"index, follow, max-snippet:-1, max-image-preview:large, max-video-preview:-1\" \/>\n<link rel=\"canonical\" href=\"https:\/\/medicinasinc.com\/ro\/product\/cumpara-2-mppp-online\/\" \/>\n<meta property=\"og:locale\" content=\"en_US\" \/>\n<meta property=\"og:type\" content=\"article\" \/>\n<meta property=\"og:title\" content=\"Cump\u0103ra\u021bi online 2-MPPP - Cele mai bune medicamente globale\" \/>\n<meta property=\"og:description\" content=\"Cump\u0103ra\u021bi 2-MPPP online. Cump\u0103ra\u021bi 2-MPPP online la bestglobalmeds.com \u2013 2-metil-1-fenil-3-(piperidin-1-il)propan-1-ona, pulbere de cristal alb\u0103 2mpp de v\u00e2nzare. avem cea mai buna calitate si cele mai bune preturi\" \/>\n<meta property=\"og:url\" content=\"https:\/\/medicinasinc.com\/ro\/product\/cumpara-2-mppp-online\/\" \/>\n<meta property=\"og:site_name\" content=\"Medicinas Inc\" \/>\n<meta property=\"article:modified_time\" content=\"2022-03-22T01:00:53+00:00\" \/>\n<meta property=\"og:image\" content=\"https:\/\/medicinasinc.com\/ro\/wp-content\/uploads\/sites\/11\/2022\/02\/2mppp.jpg\" \/>\n\t<meta property=\"og:image:width\" content=\"600\" \/>\n\t<meta property=\"og:image:height\" content=\"600\" \/>\n\t<meta property=\"og:image:type\" content=\"image\/jpeg\" \/>\n<meta name=\"twitter:card\" content=\"summary_large_image\" \/>\n<meta name=\"twitter:label1\" content=\"Est. reading time\" \/>\n\t<meta name=\"twitter:data1\" content=\"2 minutes\" \/>\n<script type=\"application\/ld+json\" class=\"yoast-schema-graph\">{\"@context\":\"https:\\\/\\\/schema.org\",\"@graph\":[{\"@type\":\"WebPage\",\"@id\":\"https:\\\/\\\/medicinasinc.com\\\/ro\\\/product\\\/cumpara-2-mppp-online\\\/\",\"url\":\"https:\\\/\\\/medicinasinc.com\\\/ro\\\/product\\\/cumpara-2-mppp-online\\\/\",\"name\":\"Cump\u0103ra\u021bi online 2-MPPP - Cele mai bune medicamente globale\",\"isPartOf\":{\"@id\":\"https:\\\/\\\/medicinasinc.com\\\/ro\\\/#website\"},\"primaryImageOfPage\":{\"@id\":\"https:\\\/\\\/medicinasinc.com\\\/ro\\\/product\\\/cumpara-2-mppp-online\\\/#primaryimage\"},\"image\":{\"@id\":\"https:\\\/\\\/medicinasinc.com\\\/ro\\\/product\\\/cumpara-2-mppp-online\\\/#primaryimage\"},\"thumbnailUrl\":\"https:\\\/\\\/medicinasinc.com\\\/ro\\\/wp-content\\\/uploads\\\/sites\\\/11\\\/2022\\\/02\\\/2mppp.jpg\",\"datePublished\":\"2022-02-21T21:15:28+00:00\",\"dateModified\":\"2022-03-22T01:00:53+00:00\",\"description\":\"Cump\u0103ra\u021bi 2-MPPP online. Cump\u0103ra\u021bi 2-MPPP online la bestglobalmeds.com \u2013 2-metil-1-fenil-3-(piperidin-1-il)propan-1-ona, pulbere de cristal alb\u0103 2mpp de v\u00e2nzare. avem cea mai buna calitate si cele mai bune preturi\",\"breadcrumb\":{\"@id\":\"https:\\\/\\\/medicinasinc.com\\\/ro\\\/product\\\/cumpara-2-mppp-online\\\/#breadcrumb\"},\"inLanguage\":\"en-US\",\"potentialAction\":[{\"@type\":\"ReadAction\",\"target\":[\"https:\\\/\\\/medicinasinc.com\\\/ro\\\/product\\\/cumpara-2-mppp-online\\\/\"]}]},{\"@type\":\"ImageObject\",\"inLanguage\":\"en-US\",\"@id\":\"https:\\\/\\\/medicinasinc.com\\\/ro\\\/product\\\/cumpara-2-mppp-online\\\/#primaryimage\",\"url\":\"https:\\\/\\\/medicinasinc.com\\\/ro\\\/wp-content\\\/uploads\\\/sites\\\/11\\\/2022\\\/02\\\/2mppp.jpg\",\"contentUrl\":\"https:\\\/\\\/medicinasinc.com\\\/ro\\\/wp-content\\\/uploads\\\/sites\\\/11\\\/2022\\\/02\\\/2mppp.jpg\",\"width\":600,\"height\":600},{\"@type\":\"BreadcrumbList\",\"@id\":\"https:\\\/\\\/medicinasinc.com\\\/ro\\\/product\\\/cumpara-2-mppp-online\\\/#breadcrumb\",\"itemListElement\":[{\"@type\":\"ListItem\",\"position\":1,\"name\":\"Magazin\",\"item\":\"https:\\\/\\\/medicinasinc.com\\\/ro\\\/magazin\\\/\"},{\"@type\":\"ListItem\",\"position\":2,\"name\":\"Cump\u0103ra\u021bi 2-MPPP online\"}]},{\"@type\":\"WebSite\",\"@id\":\"https:\\\/\\\/medicinasinc.com\\\/ro\\\/#website\",\"url\":\"https:\\\/\\\/medicinasinc.com\\\/ro\\\/\",\"name\":\"Medicinas Inc\",\"description\":\"Health Medical Clinic\",\"potentialAction\":[{\"@type\":\"SearchAction\",\"target\":{\"@type\":\"EntryPoint\",\"urlTemplate\":\"https:\\\/\\\/medicinasinc.com\\\/ro\\\/?s={search_term_string}\"},\"query-input\":{\"@type\":\"PropertyValueSpecification\",\"valueRequired\":true,\"valueName\":\"search_term_string\"}}],\"inLanguage\":\"en-US\"}]}<\/script>\n<!-- \/ Yoast SEO plugin. -->","yoast_head_json":{"title":"Cump\u0103ra\u021bi online 2-MPPP - Cele mai bune medicamente globale","description":"Cump\u0103ra\u021bi 2-MPPP online. Cump\u0103ra\u021bi 2-MPPP online la bestglobalmeds.com \u2013 2-metil-1-fenil-3-(piperidin-1-il)propan-1-ona, pulbere de cristal alb\u0103 2mpp de v\u00e2nzare. avem cea mai buna calitate si cele mai bune preturi","robots":{"index":"index","follow":"follow","max-snippet":"max-snippet:-1","max-image-preview":"max-image-preview:large","max-video-preview":"max-video-preview:-1"},"canonical":"https:\/\/medicinasinc.com\/ro\/product\/cumpara-2-mppp-online\/","og_locale":"en_US","og_type":"article","og_title":"Cump\u0103ra\u021bi online 2-MPPP - Cele mai bune medicamente globale","og_description":"Cump\u0103ra\u021bi 2-MPPP online. Cump\u0103ra\u021bi 2-MPPP online la bestglobalmeds.com \u2013 2-metil-1-fenil-3-(piperidin-1-il)propan-1-ona, pulbere de cristal alb\u0103 2mpp de v\u00e2nzare. avem cea mai buna calitate si cele mai bune preturi","og_url":"https:\/\/medicinasinc.com\/ro\/product\/cumpara-2-mppp-online\/","og_site_name":"Medicinas Inc","article_modified_time":"2022-03-22T01:00:53+00:00","og_image":[{"width":600,"height":600,"url":"https:\/\/medicinasinc.com\/ro\/wp-content\/uploads\/sites\/11\/2022\/02\/2mppp.jpg","type":"image\/jpeg"}],"twitter_card":"summary_large_image","twitter_misc":{"Est. reading time":"2 minutes"},"schema":{"@context":"https:\/\/schema.org","@graph":[{"@type":"WebPage","@id":"https:\/\/medicinasinc.com\/ro\/product\/cumpara-2-mppp-online\/","url":"https:\/\/medicinasinc.com\/ro\/product\/cumpara-2-mppp-online\/","name":"Cump\u0103ra\u021bi online 2-MPPP - Cele mai bune medicamente globale","isPartOf":{"@id":"https:\/\/medicinasinc.com\/ro\/#website"},"primaryImageOfPage":{"@id":"https:\/\/medicinasinc.com\/ro\/product\/cumpara-2-mppp-online\/#primaryimage"},"image":{"@id":"https:\/\/medicinasinc.com\/ro\/product\/cumpara-2-mppp-online\/#primaryimage"},"thumbnailUrl":"https:\/\/medicinasinc.com\/ro\/wp-content\/uploads\/sites\/11\/2022\/02\/2mppp.jpg","datePublished":"2022-02-21T21:15:28+00:00","dateModified":"2022-03-22T01:00:53+00:00","description":"Cump\u0103ra\u021bi 2-MPPP online. Cump\u0103ra\u021bi 2-MPPP online la bestglobalmeds.com \u2013 2-metil-1-fenil-3-(piperidin-1-il)propan-1-ona, pulbere de cristal alb\u0103 2mpp de v\u00e2nzare. avem cea mai buna calitate si cele mai bune preturi","breadcrumb":{"@id":"https:\/\/medicinasinc.com\/ro\/product\/cumpara-2-mppp-online\/#breadcrumb"},"inLanguage":"en-US","potentialAction":[{"@type":"ReadAction","target":["https:\/\/medicinasinc.com\/ro\/product\/cumpara-2-mppp-online\/"]}]},{"@type":"ImageObject","inLanguage":"en-US","@id":"https:\/\/medicinasinc.com\/ro\/product\/cumpara-2-mppp-online\/#primaryimage","url":"https:\/\/medicinasinc.com\/ro\/wp-content\/uploads\/sites\/11\/2022\/02\/2mppp.jpg","contentUrl":"https:\/\/medicinasinc.com\/ro\/wp-content\/uploads\/sites\/11\/2022\/02\/2mppp.jpg","width":600,"height":600},{"@type":"BreadcrumbList","@id":"https:\/\/medicinasinc.com\/ro\/product\/cumpara-2-mppp-online\/#breadcrumb","itemListElement":[{"@type":"ListItem","position":1,"name":"Magazin","item":"https:\/\/medicinasinc.com\/ro\/magazin\/"},{"@type":"ListItem","position":2,"name":"Cump\u0103ra\u021bi 2-MPPP online"}]},{"@type":"WebSite","@id":"https:\/\/medicinasinc.com\/ro\/#website","url":"https:\/\/medicinasinc.com\/ro\/","name":"Medicinas Inc","description":"Health Medical Clinic","potentialAction":[{"@type":"SearchAction","target":{"@type":"EntryPoint","urlTemplate":"https:\/\/medicinasinc.com\/ro\/?s={search_term_string}"},"query-input":{"@type":"PropertyValueSpecification","valueRequired":true,"valueName":"search_term_string"}}],"inLanguage":"en-US"}]}},"_links":{"self":[{"href":"https:\/\/medicinasinc.com\/ro\/wp-json\/wp\/v2\/product\/5340","targetHints":{"allow":["GET"]}}],"collection":[{"href":"https:\/\/medicinasinc.com\/ro\/wp-json\/wp\/v2\/product"}],"about":[{"href":"https:\/\/medicinasinc.com\/ro\/wp-json\/wp\/v2\/types\/product"}],"replies":[{"embeddable":true,"href":"https:\/\/medicinasinc.com\/ro\/wp-json\/wp\/v2\/comments?post=5340"}],"wp:featuredmedia":[{"embeddable":true,"href":"https:\/\/medicinasinc.com\/ro\/wp-json\/wp\/v2\/media\/5350"}],"wp:attachment":[{"href":"https:\/\/medicinasinc.com\/ro\/wp-json\/wp\/v2\/media?parent=5340"}],"wp:term":[{"taxonomy":"product_brand","embeddable":true,"href":"https:\/\/medicinasinc.com\/ro\/wp-json\/wp\/v2\/product_brand?post=5340"},{"taxonomy":"product_cat","embeddable":true,"href":"https:\/\/medicinasinc.com\/ro\/wp-json\/wp\/v2\/product_cat?post=5340"},{"taxonomy":"product_tag","embeddable":true,"href":"https:\/\/medicinasinc.com\/ro\/wp-json\/wp\/v2\/product_tag?post=5340"}],"curies":[{"name":"wp","href":"https:\/\/api.w.org\/{rel}","templated":true}]}}