{"id":5324,"date":"2022-02-21T20:59:08","date_gmt":"2022-02-21T20:59:08","guid":{"rendered":"https:\/\/medicinasinc.com\/ro\/?post_type=product&#038;p=5324"},"modified":"2022-03-22T01:01:12","modified_gmt":"2022-03-22T01:01:12","slug":"buy-vicodin","status":"publish","type":"product","link":"https:\/\/medicinasinc.com\/ro\/product\/buy-vicodin\/","title":{"rendered":"Cump\u0103ra\u021bi Vicodin"},"content":{"rendered":"<p>Achizi\u021bie online de pastile cu hidrocodon\u0103 Vicodin<\/p>\n<p>VICODIN\u00ae (comprimate de bitartrat de hidrocodon\u0103 \u0219i acetaminofen, USP 5 mg\/300 mg): Una sau dou\u0103 comprimate la fiecare patru p\u00e2n\u0103 la \u0219ase ore, dup\u0103 cum este necesar pentru durerea la adul\u021bi. Doza maxim\u0103 zilnic\u0103 nu trebuie s\u0103 dep\u0103\u0219easc\u0103 opt pastile.<\/p>\n<p>Achizi\u021bionarea online de pastile cu hidrocodon\u0103 Vicodin<br \/> Cump\u0103ra\u021bi online Vicodin<\/p>\n<p>Vicodin con\u021bine o combina\u021bie de hidrocodon\u0103 \u0219i acetaminofen. Hidrocodona este un medicament opioid pentru durere. Frecvent, opioidele sunt denumite narcotice. Acetaminofenul este un analgezic mai pu\u021bin puternic care spore\u0219te efectele hidrocodonei. Vicodin poate fi achizi\u021bionat online, iar vicodin este disponibil \u0219i pentru v\u00e2nzare online. Pastilele Vicodin sunt utilizate pentru a trata durerea u\u0219oar\u0103 p\u00e2n\u0103 la moderat sever\u0103. Vicodin poate fi, de asemenea, inclus pentru utilizare neindicat\u0103 \u00een acest ghid de medicamente.<\/p>\n<p>Utilizare<\/p>\n<p>Medicamentul combinat este destinat s\u0103 trateze durerea u\u0219oar\u0103 p\u00e2n\u0103 la moderat sever\u0103. Aceasta amelioreaz\u0103 durerea prin morfin\u0103 (hidrocodon\u0103) \u0219i non-opioid (acetaminofen). Hidrocodona modific\u0103 percep\u021bia corpului \u0219i r\u0103spunsul la durerea din creier. Acetaminofenul poate ajuta, de asemenea, la reducerea severit\u0103\u021bii febrei. Medicamentul nu este permis copiilor mai mici de \u0219ase ani din cauza unui risc crescut de efecte adverse (cum ar fi respira\u021bia lent\u0103 \u0219i superficial\u0103).<\/p>\n<p>Care este scopul acestui medicament?<\/p>\n<p>Hidrocodona este combinat\u0103 cu alte substan\u021be chimice, iar pentru diverse indica\u021bii se administreaz\u0103 numeroase combina\u021bii de medicamente. Anumite medicamente combinate cu hidrocodon\u0103 sunt utilizate pentru a trata durerea u\u015foar\u0103 p\u00e2n\u0103 la sever\u0103. Alte medicamente care con\u021bin o combina\u021bie de hidrocodon\u0103 sunt utilizate pentru a reduce tusea. Hidrocodona este un analgezic opioid (narcotic) \u0219i o familie de medicamente cunoscute sub numele de antitusive. Hidrocodona amelioreaz\u0103 durerea modific\u00e2nd r\u0103spunsul la durere al creierului \u0219i al sistemului nervos. Hidrocodona amelioreaz\u0103 tusea prin inhibarea activit\u0103\u021bii creierului asociat\u0103 cu tusea. Lua\u021bi hidrocodon\u0103 \u00eempreun\u0103 cu cel pu\u021bin un alt medicament, dar monografia ofer\u0103 doar informa\u021bii despre hidrocodon\u0103. Citi\u021bi despre substan\u021bele suplimentare din medicamentul cu hidrocodon\u0103 pe care \u00eel lua\u021bi.<\/p>\n<p>Cum s\u0103 utiliza\u021bi?<\/p>\n<p>Produsele combinate cu hidrocodon\u0103 sunt disponibile \u00een urm\u0103toarele forme: pastil\u0103, gel, past\u0103, solu\u021bie ( clarificarea lichidului), gel cu eliberare prelungit\u0103 (cu ac\u021biune prelungit\u0103) \u0219i suspensie de suspans (lichid) cu ac\u021biune prelungit\u0103 pentru administrare oral\u0103. Tableta, capsula, siropul sau solu\u021bia pot fi luate la fiecare 4 p\u00e2n\u0103 la 6 ore, dup\u0103 cum este necesar. \u00cen mod normal, la fiecare 12 ore, capsulele cu eliberare prelungit\u0103 \u0219i suspensiile cu eliberare prelungit\u0103 sunt luate dup\u0103 cum este necesar. Dac\u0103 lua\u021bi hidrocodon\u0103 \u00een mod regulat, trebuie luat\u0103 la aceea\u0219i or\u0103 \u00een fiecare zi. Urma\u021bi cu aten\u021bie instruc\u021biunile de pe eticheta re\u021betei \u0219i ob\u021bine\u021bi clarific\u0103ri de la farmacistul sau medicul dumneavoastr\u0103, dac\u0103 este necesar. Agita\u021bi bine suspensia de desc\u0103rcare prelungit\u0103 \u00eenainte de utilizare pentru a v\u0103 asigura c\u0103 substan\u021ba este distribuit\u0103 uniform. Nu este recomandat s\u0103 combina\u021bi suspensia cu eliberare prelungit\u0103 cu alte substan\u021be sau fluide, cum ar fi apa.<\/p>\n<p>Dac\u0103 utiliza\u021bi o combina\u021bie de hidrocodon\u0103, sirop sau suspensie cu eliberare prelungit\u0103, nu utiliza\u021bi o cup\u0103 de ceai domestic\u0103 pentru m\u0103sura\u021bi-v\u0103 doza. Linguri\u021bele de acas\u0103 nu sunt instrumente de m\u0103surare precise \u0219i, dac\u0103 \u00ee\u021bi testezi dozele folosind o linguri\u021b\u0103 de uz casnic, ri\u0219ti s\u0103 iei prea multe sau prea pu\u021bine pastile. Mai degrab\u0103, utiliza\u021bi un dispozitiv de m\u0103surare bine definit, cum ar fi un picur\u0103tor, un medicament cu lingur\u0103 sau o sering\u0103 oral\u0103.<\/p>\n<p>Acest medicament combinat este utilizat pentru a trata durerea, de la u\u0219oar\u0103 la sever\u0103. Acesta cuprinde un analgezic opioid (hidrocodon\u0103), precum \u0219i un analgezic non-opioid (acetaminofen). Hidrocodona modific\u0103 modul \u00een care corpul dumneavoastr\u0103 percepe \u0219i r\u0103spunde la durere ac\u021bion\u00e2nd asupra creierului. Acetaminofenul poate ajuta, de asemenea, la reducerea febrei.<\/p>\n<p>Acest produs nu este recomandat copiilor sub v\u00e2rsta de \u0219ase ani din cauza unui risc crescut de efecte adverse grave (cum ar fi respira\u021bia superficial\u0103\/lent\u0103).<\/p>\n<p>Este hidrocodona vicodin?, Este hidrocodon\u0103 vicodin?, Este hidrocodon\u0103 vicodin?, Este hidrocodon\u0103 vicodin?, Este hidrocodon\u0103 vicodin?, Este hidrocodona vicodin?, Este hidrocodona vicodin? vicodin?, este hidrocodona vicodin?, este hidrocodona vicodin? este vicodin hydrocodone, este vicodin hydrocodone, este vicodin hydrocodone, este vicodin hydrocodone, este vicodin hydrocodone, este vicodin hydrocodone, este hidrocodin\u0103 la fel ca vicodin, care este diferen\u021ba dintre vicodin \u0219i hydrocodon, care este diferen\u021ba dintre vicodin \u0219i hydrocodon, vicodin vs hidrocodona Este vicodina \u0219i hidrocodona interschimbabile? este hidrocodona echivalent\u0103 cu vicodin sau percocet? Este vicodina mai puternic\u0103 dec\u00e2t hidrocodona? Este hidrocodona \u0219i vicodin acela\u0219i lucru? Care este diferen\u021ba dintre vicodin\u0103 \u0219i hidrocodon\u0103, hidrocodon\u0103 \u0219i vicodin\u0103, vicodin hidrocodon\u0103, este hidrocodon\u0103 la fel ca vicodin\u0103, este vicodin\u0103 la fel cu hidrocodon\u0103, hidrocodon\u0103 sau vicodin\u0103, vicodin\u0103 fa\u021b\u0103 de hidrocodon\u0103, este hidrocodon\u0103 vicodin\u0103?<\/p>\n","protected":false},"excerpt":{"rendered":"<div class=\"woocommerce-product-details__short-description\">\n<p>Fiecare comprimat de Vicodin con\u021bine 300 mg acetaminofen \u0219i trei doze diferite de hidrocodon\u0103: 5 mg, 7,5 mg \u0219i 10 mg.<\/p>\n<p>Online. farmacie de unde pute\u021bi cump\u0103ra Vicodin hydrocodone comprimate.<\/p>\n<p>Informa\u021bi medicul sau farmacistul \u00eenainte de a lua acest medicament dac\u0103 sunte\u021bi alergic la acesta; sau la orice alte narcotice (cum ar fi morfina, codeina); sau la orice alte medicamente.<\/p>\n<\/p><\/div>\n","protected":false},"featured_media":5335,"comment_status":"open","ping_status":"closed","template":"","meta":[],"product_brand":[],"product_cat":[1117],"product_tag":[1916,1917,1918,1919,1920,1970,1923,1924,2013,1987,1936,1939,1937,1938,2011,2012,2009,2008,2010,1935,1921,1922,1927,1928,1968,1929,1977,1978,1952,1930,1981,1931,1943,1944,1932,1933,1940,1941,1942,1979,1980,1946,1947,1948,1934,1996,1949,1994,1995,1993,1950,1778,1997,1925,1951,1999,1926,2006,1954,1953,1992,1955,1956,2000,1958,1959,1962,1963,1964,1966,1967,1969,1974,1975,1976,1982,1984,1985,1988,1989,1990,1991,1983,1986,1971,1998,2001,2002,1787,2003,2004,2005,2007,1957,1960,1961,1965,1945,1972,1973],"class_list":{"0":"post-5324","1":"product","2":"type-product","3":"status-publish","4":"has-post-thumbnail","6":"product_cat-cumparati-pastile-pentru-durere-somn-sex","7":"product_tag-1p466-vicodin","8":"product_tag-20-mg-vicodin","9":"product_tag-2172-pilul-vicodin","10":"product_tag-5-325-vicodin","11":"product_tag-5-mg-vicodin","12":"product_tag-vicodin-alternative","13":"product_tag-buy-vicodin-online","14":"product_tag-buy-vicodin-overnight-delivery","15":"product_tag-care-i-diferena-ntre-vicodin-i-percocet","16":"product_tag-vicodin-casa","17":"product_tag-ct-dureaz-vicodina","18":"product_tag-ct-de-timp-du-vicodin-la-lucrare","19":"product_tag-ct-de-timp-st-vicodin-n-sistemul-voastr","20":"product_tag-ct-de-timp-resta-vicodin-n-sistemul-dvs-pentru-un-test-drog","21":"product_tag-ce-este-in-vicodin","22":"product_tag-ce-este-vicodin","23":"product_tag-ce-face-vicodin-face","24":"product_tag-cum-are-o-pastil-vicodin","25":"product_tag-cum-are-arata-vicodin","26":"product_tag-cum-scrii-vicodin","27":"product_tag-buy-vicodin","28":"product_tag-cumpr-vicodin-din-canada","29":"product_tag-cwe-vicodin","30":"product_tag-darvocet-versus-vicodin","31":"product_tag-vicodin-dependenta","32":"product_tag-diferena-ntre-norco-i-vicodin","33":"product_tag-vicodin-doza","34":"product_tag-vicodin-doze","35":"product_tag-efecte-secundare-ale-vicodinei","36":"product_tag-efectele-vicodinei","37":"product_tag-vicodin-efecte","38":"product_tag-erowid-vicodin","39":"product_tag-este-percocetul-mai-puternic-decat-vicodina","40":"product_tag-este-vicodin-un-opioid","41":"product_tag-flexeril-and-vicodin","42":"product_tag-gabapentin-i-vicodin","43":"product_tag-hydrocodone-vicodin","44":"product_tag-ip-109-pill-vicodin","45":"product_tag-is-hydrocodone-vicodin","46":"product_tag-vicodin-medicament","47":"product_tag-vicodin-medicamente","48":"product_tag-norco-5-325-vs-vicodin","49":"product_tag-norco-vicodin","50":"product_tag-norco-vs-vicodin","51":"product_tag-nume-general-pentru-vicodin","52":"product_tag-vicodin-schedule","53":"product_tag-oxycodone-vs-vicodin","54":"product_tag-vicodin-pilul","55":"product_tag-vicodin-pastile","56":"product_tag-vicodin-pilule-durere","57":"product_tag-percocet-i-vicodin","58":"product_tag-percocet-vs-vicodin","59":"product_tag-termenul-de-valabilitate-al-vicodinei","60":"product_tag-poti-lua-advil-cu-vicodin","61":"product_tag-imagini-de-vicodin","62":"product_tag-vicodin-puncte-forte","63":"product_tag-poti-sa-lua-vicodin-si-ibuprofen-impreuna","64":"product_tag-vicodin-retragere","65":"product_tag-simptome-de-sevraj-vicodin","66":"product_tag-snorting-vicodin","67":"product_tag-supradozaj-de-vicodin","68":"product_tag-tramadol-hcl-50mg-vs-vicodin","69":"product_tag-tramadol-vs-vicodin","70":"product_tag-vicodin-utilizri","71":"product_tag-vicodin-10","72":"product_tag-vicodin-10-miligram","73":"product_tag-vicodin-5","74":"product_tag-vicodin-5-300","75":"product_tag-vicodin-5-300-mg","76":"product_tag-vicodin-7-5","77":"product_tag-vicodin-750","78":"product_tag-vicodin-alcohol","79":"product_tag-vicodin-and-xanax","80":"product_tag-vicodin-dosage","81":"product_tag-vicodin-dosage-5-325","82":"product_tag-vicodin-es","83":"product_tag-vicodin-generic","84":"product_tag-vicodin-generic-name","85":"product_tag-vicodin-hp","86":"product_tag-vicodin-mexic","87":"product_tag-vicodin-online","88":"product_tag-vicodin-online-peste-noapte","89":"product_tag-vicodin-pentru-migrene","90":"product_tag-vicodin-high","91":"product_tag-vicodin-i-advil","92":"product_tag-vicodin-side-effects","93":"product_tag-vicodin-vs-norco","94":"product_tag-vicodin-vs-oxicodon","95":"product_tag-vicodin-vs-percocet","96":"product_tag-vicodin-vs-codein","97":"product_tag-vicodin-vs-tramadol","98":"product_tag-vicodin-vs-tylenol-3","99":"product_tag-vicodin-xanax","100":"product_tag-vicodin","101":"product_tag-vicodin-10-mg","102":"product_tag-vicodin-30-mg","103":"product_tag-vicodin-5-325-mg","104":"product_tag-natural-vicodin","105":"product_tag-vicodin-c8-99i-alcool","106":"product_tag-vicodina-si-oxicotina-sunt-exemple-de","108":"first","109":"instock","110":"shipping-taxable","111":"purchasable","112":"product-type-variable","113":"has-default-attributes"},"yoast_head":"<!-- This site is optimized with the Yoast SEO plugin v27.3 - https:\/\/yoast.com\/product\/yoast-seo-wordpress\/ -->\n<title>Cump\u0103ra\u021bi pastile cu hidrocodon\u0103 Vicodin online - Cele mai bune medicamente globale<\/title>\n<meta name=\"description\" content=\"Cump\u0103ra\u021bi pastile cu hidrocodon\u0103 Vicodin online. Fiecare comprimat de Vicodin are 300 mg de acetaminofen \u0219i vine \u00een trei doze diferite de hidrocodon\u0103: 5 mg, 7,5 mg \u0219i 10 mg.\" \/>\n<meta name=\"robots\" content=\"index, follow, max-snippet:-1, max-image-preview:large, max-video-preview:-1\" \/>\n<link rel=\"canonical\" href=\"https:\/\/medicinasinc.com\/ro\/product\/buy-vicodin\/\" \/>\n<meta property=\"og:locale\" content=\"en_US\" \/>\n<meta property=\"og:type\" content=\"article\" \/>\n<meta property=\"og:title\" content=\"Cump\u0103ra\u021bi pastile cu hidrocodon\u0103 Vicodin online - Cele mai bune medicamente globale\" \/>\n<meta property=\"og:description\" content=\"Cump\u0103ra\u021bi pastile cu hidrocodon\u0103 Vicodin online. Fiecare comprimat de Vicodin are 300 mg de acetaminofen \u0219i vine \u00een trei doze diferite de hidrocodon\u0103: 5 mg, 7,5 mg \u0219i 10 mg.\" \/>\n<meta property=\"og:url\" content=\"https:\/\/medicinasinc.com\/ro\/product\/buy-vicodin\/\" \/>\n<meta property=\"og:site_name\" content=\"Medicinas Inc\" \/>\n<meta property=\"article:modified_time\" content=\"2022-03-22T01:01:12+00:00\" \/>\n<meta property=\"og:image\" content=\"https:\/\/medicinasinc.com\/ro\/wp-content\/uploads\/sites\/11\/2022\/02\/Buy-Vicodin.jpg\" \/>\n\t<meta property=\"og:image:width\" content=\"428\" \/>\n\t<meta property=\"og:image:height\" content=\"293\" \/>\n\t<meta property=\"og:image:type\" content=\"image\/jpeg\" \/>\n<meta name=\"twitter:card\" content=\"summary_large_image\" \/>\n<meta name=\"twitter:label1\" content=\"Est. reading time\" \/>\n\t<meta name=\"twitter:data1\" content=\"4 minutes\" \/>\n<script type=\"application\/ld+json\" class=\"yoast-schema-graph\">{\"@context\":\"https:\\\/\\\/schema.org\",\"@graph\":[{\"@type\":\"WebPage\",\"@id\":\"https:\\\/\\\/medicinasinc.com\\\/ro\\\/product\\\/buy-vicodin\\\/\",\"url\":\"https:\\\/\\\/medicinasinc.com\\\/ro\\\/product\\\/buy-vicodin\\\/\",\"name\":\"Cump\u0103ra\u021bi pastile cu hidrocodon\u0103 Vicodin online - Cele mai bune medicamente globale\",\"isPartOf\":{\"@id\":\"https:\\\/\\\/medicinasinc.com\\\/ro\\\/#website\"},\"primaryImageOfPage\":{\"@id\":\"https:\\\/\\\/medicinasinc.com\\\/ro\\\/product\\\/buy-vicodin\\\/#primaryimage\"},\"image\":{\"@id\":\"https:\\\/\\\/medicinasinc.com\\\/ro\\\/product\\\/buy-vicodin\\\/#primaryimage\"},\"thumbnailUrl\":\"https:\\\/\\\/medicinasinc.com\\\/ro\\\/wp-content\\\/uploads\\\/sites\\\/11\\\/2022\\\/02\\\/Buy-Vicodin.jpg\",\"datePublished\":\"2022-02-21T20:59:08+00:00\",\"dateModified\":\"2022-03-22T01:01:12+00:00\",\"description\":\"Cump\u0103ra\u021bi pastile cu hidrocodon\u0103 Vicodin online. Fiecare comprimat de Vicodin are 300 mg de acetaminofen \u0219i vine \u00een trei doze diferite de hidrocodon\u0103: 5 mg, 7,5 mg \u0219i 10 mg.\",\"breadcrumb\":{\"@id\":\"https:\\\/\\\/medicinasinc.com\\\/ro\\\/product\\\/buy-vicodin\\\/#breadcrumb\"},\"inLanguage\":\"en-US\",\"potentialAction\":[{\"@type\":\"ReadAction\",\"target\":[\"https:\\\/\\\/medicinasinc.com\\\/ro\\\/product\\\/buy-vicodin\\\/\"]}]},{\"@type\":\"ImageObject\",\"inLanguage\":\"en-US\",\"@id\":\"https:\\\/\\\/medicinasinc.com\\\/ro\\\/product\\\/buy-vicodin\\\/#primaryimage\",\"url\":\"https:\\\/\\\/medicinasinc.com\\\/ro\\\/wp-content\\\/uploads\\\/sites\\\/11\\\/2022\\\/02\\\/Buy-Vicodin.jpg\",\"contentUrl\":\"https:\\\/\\\/medicinasinc.com\\\/ro\\\/wp-content\\\/uploads\\\/sites\\\/11\\\/2022\\\/02\\\/Buy-Vicodin.jpg\",\"width\":428,\"height\":293},{\"@type\":\"BreadcrumbList\",\"@id\":\"https:\\\/\\\/medicinasinc.com\\\/ro\\\/product\\\/buy-vicodin\\\/#breadcrumb\",\"itemListElement\":[{\"@type\":\"ListItem\",\"position\":1,\"name\":\"Magazin\",\"item\":\"https:\\\/\\\/medicinasinc.com\\\/ro\\\/magazin\\\/\"},{\"@type\":\"ListItem\",\"position\":2,\"name\":\"Cump\u0103ra\u021bi Vicodin\"}]},{\"@type\":\"WebSite\",\"@id\":\"https:\\\/\\\/medicinasinc.com\\\/ro\\\/#website\",\"url\":\"https:\\\/\\\/medicinasinc.com\\\/ro\\\/\",\"name\":\"Medicinas Inc\",\"description\":\"Health Medical Clinic\",\"potentialAction\":[{\"@type\":\"SearchAction\",\"target\":{\"@type\":\"EntryPoint\",\"urlTemplate\":\"https:\\\/\\\/medicinasinc.com\\\/ro\\\/?s={search_term_string}\"},\"query-input\":{\"@type\":\"PropertyValueSpecification\",\"valueRequired\":true,\"valueName\":\"search_term_string\"}}],\"inLanguage\":\"en-US\"}]}<\/script>\n<!-- \/ Yoast SEO plugin. -->","yoast_head_json":{"title":"Cump\u0103ra\u021bi pastile cu hidrocodon\u0103 Vicodin online - Cele mai bune medicamente globale","description":"Cump\u0103ra\u021bi pastile cu hidrocodon\u0103 Vicodin online. Fiecare comprimat de Vicodin are 300 mg de acetaminofen \u0219i vine \u00een trei doze diferite de hidrocodon\u0103: 5 mg, 7,5 mg \u0219i 10 mg.","robots":{"index":"index","follow":"follow","max-snippet":"max-snippet:-1","max-image-preview":"max-image-preview:large","max-video-preview":"max-video-preview:-1"},"canonical":"https:\/\/medicinasinc.com\/ro\/product\/buy-vicodin\/","og_locale":"en_US","og_type":"article","og_title":"Cump\u0103ra\u021bi pastile cu hidrocodon\u0103 Vicodin online - Cele mai bune medicamente globale","og_description":"Cump\u0103ra\u021bi pastile cu hidrocodon\u0103 Vicodin online. Fiecare comprimat de Vicodin are 300 mg de acetaminofen \u0219i vine \u00een trei doze diferite de hidrocodon\u0103: 5 mg, 7,5 mg \u0219i 10 mg.","og_url":"https:\/\/medicinasinc.com\/ro\/product\/buy-vicodin\/","og_site_name":"Medicinas Inc","article_modified_time":"2022-03-22T01:01:12+00:00","og_image":[{"width":428,"height":293,"url":"https:\/\/medicinasinc.com\/ro\/wp-content\/uploads\/sites\/11\/2022\/02\/Buy-Vicodin.jpg","type":"image\/jpeg"}],"twitter_card":"summary_large_image","twitter_misc":{"Est. reading time":"4 minutes"},"schema":{"@context":"https:\/\/schema.org","@graph":[{"@type":"WebPage","@id":"https:\/\/medicinasinc.com\/ro\/product\/buy-vicodin\/","url":"https:\/\/medicinasinc.com\/ro\/product\/buy-vicodin\/","name":"Cump\u0103ra\u021bi pastile cu hidrocodon\u0103 Vicodin online - Cele mai bune medicamente globale","isPartOf":{"@id":"https:\/\/medicinasinc.com\/ro\/#website"},"primaryImageOfPage":{"@id":"https:\/\/medicinasinc.com\/ro\/product\/buy-vicodin\/#primaryimage"},"image":{"@id":"https:\/\/medicinasinc.com\/ro\/product\/buy-vicodin\/#primaryimage"},"thumbnailUrl":"https:\/\/medicinasinc.com\/ro\/wp-content\/uploads\/sites\/11\/2022\/02\/Buy-Vicodin.jpg","datePublished":"2022-02-21T20:59:08+00:00","dateModified":"2022-03-22T01:01:12+00:00","description":"Cump\u0103ra\u021bi pastile cu hidrocodon\u0103 Vicodin online. Fiecare comprimat de Vicodin are 300 mg de acetaminofen \u0219i vine \u00een trei doze diferite de hidrocodon\u0103: 5 mg, 7,5 mg \u0219i 10 mg.","breadcrumb":{"@id":"https:\/\/medicinasinc.com\/ro\/product\/buy-vicodin\/#breadcrumb"},"inLanguage":"en-US","potentialAction":[{"@type":"ReadAction","target":["https:\/\/medicinasinc.com\/ro\/product\/buy-vicodin\/"]}]},{"@type":"ImageObject","inLanguage":"en-US","@id":"https:\/\/medicinasinc.com\/ro\/product\/buy-vicodin\/#primaryimage","url":"https:\/\/medicinasinc.com\/ro\/wp-content\/uploads\/sites\/11\/2022\/02\/Buy-Vicodin.jpg","contentUrl":"https:\/\/medicinasinc.com\/ro\/wp-content\/uploads\/sites\/11\/2022\/02\/Buy-Vicodin.jpg","width":428,"height":293},{"@type":"BreadcrumbList","@id":"https:\/\/medicinasinc.com\/ro\/product\/buy-vicodin\/#breadcrumb","itemListElement":[{"@type":"ListItem","position":1,"name":"Magazin","item":"https:\/\/medicinasinc.com\/ro\/magazin\/"},{"@type":"ListItem","position":2,"name":"Cump\u0103ra\u021bi Vicodin"}]},{"@type":"WebSite","@id":"https:\/\/medicinasinc.com\/ro\/#website","url":"https:\/\/medicinasinc.com\/ro\/","name":"Medicinas Inc","description":"Health Medical Clinic","potentialAction":[{"@type":"SearchAction","target":{"@type":"EntryPoint","urlTemplate":"https:\/\/medicinasinc.com\/ro\/?s={search_term_string}"},"query-input":{"@type":"PropertyValueSpecification","valueRequired":true,"valueName":"search_term_string"}}],"inLanguage":"en-US"}]}},"_links":{"self":[{"href":"https:\/\/medicinasinc.com\/ro\/wp-json\/wp\/v2\/product\/5324","targetHints":{"allow":["GET"]}}],"collection":[{"href":"https:\/\/medicinasinc.com\/ro\/wp-json\/wp\/v2\/product"}],"about":[{"href":"https:\/\/medicinasinc.com\/ro\/wp-json\/wp\/v2\/types\/product"}],"replies":[{"embeddable":true,"href":"https:\/\/medicinasinc.com\/ro\/wp-json\/wp\/v2\/comments?post=5324"}],"wp:featuredmedia":[{"embeddable":true,"href":"https:\/\/medicinasinc.com\/ro\/wp-json\/wp\/v2\/media\/5335"}],"wp:attachment":[{"href":"https:\/\/medicinasinc.com\/ro\/wp-json\/wp\/v2\/media?parent=5324"}],"wp:term":[{"taxonomy":"product_brand","embeddable":true,"href":"https:\/\/medicinasinc.com\/ro\/wp-json\/wp\/v2\/product_brand?post=5324"},{"taxonomy":"product_cat","embeddable":true,"href":"https:\/\/medicinasinc.com\/ro\/wp-json\/wp\/v2\/product_cat?post=5324"},{"taxonomy":"product_tag","embeddable":true,"href":"https:\/\/medicinasinc.com\/ro\/wp-json\/wp\/v2\/product_tag?post=5324"}],"curies":[{"name":"wp","href":"https:\/\/api.w.org\/{rel}","templated":true}]}}