{"id":5323,"date":"2022-02-21T20:57:56","date_gmt":"2022-02-21T20:57:56","guid":{"rendered":"https:\/\/medicinasinc.com\/ro\/?post_type=product&#038;p=5323"},"modified":"2022-03-22T01:01:22","modified_gmt":"2022-03-22T01:01:22","slug":"cumpara-ultram-tramadol-200-mg","status":"publish","type":"product","link":"https:\/\/medicinasinc.com\/ro\/product\/cumpara-ultram-tramadol-200-mg\/","title":{"rendered":"Cump\u0103ra\u021bi Ultram Tramadol 200 mg"},"content":{"rendered":"<p>200 mg tramadol<\/p>\n<p>Tramadolul este un relaxant muscular cu adev\u0103rat unic, cu un efect mu-opioid u\u0219or (\u00een compara\u021bie cu alte opioide) \u0219i un efect monoaminergic u\u0219or (\u00een compara\u021bie cu antidepresivele triciclice). Tramadolul are un profil de efecte secundare tolerabil \u00een compara\u021bie cu antidepresivele triciclice \u0219i medicamentele antiepileptice.<\/p>\n<p>Toleran\u021ba \u0219i \u00eencrederea sunt consecin\u021be medicale neobi\u0219nuite, de\u0219i exist\u0103. Activitatea tramadolului nu se limiteaz\u0103 la neuropatie; de asemenea, diminueaz\u0103 senza\u021biile nepl\u0103cute (nociceptive), f\u0103c\u00e2ndu-l unul dintre cele patru tipuri de durere.<\/p>\n<p>Descriere:<\/p>\n<p>Tramadolul nu este pentru cei slabi de inim\u0103, deoarece este un puternic psihoactiv substan\u0163\u0103. Efectul analgezic dureaz\u0103 15-30 de minute pentru a face efect \u0219i dureaz\u0103 6 ore. Poate fi folosit \u0219i cu paracetamol. Tramadolul este un sedativ.<\/p>\n<p>Tramadolul, ca un medicament extrem de puternic, trebuie luat exact a\u0219a cum este prescris. \u00cen cele din urm\u0103, medicul este responsabil pentru determinarea duratei tratamentului. Consumul ilegal de droguri poate avea repercusiuni grave, chiar letale. \u00cen timpul tratamentului cu tramadol, ar trebui s\u0103 evita\u021bi s\u0103 conduce\u021bi o ma\u0219in\u0103 sau alte sarcini care necesit\u0103 un nivel ridicat de concentrare.<\/p>\n<p>Datorit\u0103 faptului c\u0103 tramadolul este un agonist opioid, are poten\u021bialul de a crea at\u00e2t mental c\u00e2t \u0219i fizic dependen\u021b\u0103. Conven\u021bia interna\u021bional\u0103 clasific\u0103 aceast\u0103 substan\u021b\u0103 chimic\u0103 drept narcotic. Prin urmare, este disponibil numai pe baz\u0103 de re\u021bet\u0103 de la un medic. Analgezicele non-opioide sunt prescrise numai atunci c\u00e2nd medicamentele non-opioide sunt ineficiente.<\/p>\n<p>Medicament:<\/p>\n<p>Lua\u021bi tramadol pe cale oral\u0103 a\u0219a cum v\u0103 prescrie medicul dumneavoastr\u0103, adesea la fiecare 4 p\u00e2n\u0103 la 6 ore, dup\u0103 cum este necesar. Tramadolul este sigur de luat cu sau f\u0103r\u0103 alimente. Dac\u0103 ave\u021bi grea\u021b\u0103, tramadolul luat cu alimente v\u0103 poate ajuta. M\u0103suri suplimentare de ameliorare a grea\u021bei pot fi abordate cu medicul dumneavoastr\u0103 sau farmacistul (cum ar fi culcat timp de 1 p\u00e2n\u0103 la 2 ore cu c\u00e2t mai pu\u021bine mi\u0219c\u0103ri ale capului). Site-ul nostru web v\u0103 permite s\u0103 cump\u0103ra\u021bi tramadol 200 mg online.<\/p>\n<p>Doza se bazeaz\u0103 pe starea dumneavoastr\u0103 medical\u0103 \u0219i reac\u021bia la tratament. Pentru a minimiza riscul de efecte nedorite, medicul dumneavoastr\u0103 v\u0103 poate sugera s\u0103 \u00eencepe\u021bi cu o doz\u0103 mic\u0103 de tramadol \u0219i s\u0103 o cre\u0219te\u021bi treptat. Respecta\u021bi \u00een conformitate cu sfatul medicului dumneavoastr\u0103. Cea mai mare doz\u0103 zilnic\u0103 recomandat\u0103 este de 400 mg. Doza maxim\u0103 recomandat\u0103 pentru persoanele cu v\u00e2rsta peste 75 de ani este de 300 mg pe zi. Nu cre\u0219te\u021bi doza de tramadol, utiliza\u021bi-o mai des sau pentru o perioad\u0103 mai lung\u0103 de timp dec\u00e2t este prescris. Atunci c\u00e2nd tramadolul este prescris, acesta trebuie \u00eentrerupt imediat.<\/p>\n<p>Se recomand\u0103 ca tramadolul online ieftin s\u0103 fie utilizat cu extrem de precau\u021bie la<\/p>\n<p>Persoanelor care sunt dependente de opioide; cei care au suferit o leziune cerebral\u0103, \u0219oc sau un nivel sc\u0103zut de con\u0219tien\u021b\u0103 dintr-un motiv necunoscut; \u0219i<\/p>\n<p>\u00cen plus fa\u021b\u0103 de tulbur\u0103rile centrului respirator sau ale func\u021biei respiratorii,<\/p>\n<p>o cre\u0219tere corespunz\u0103toare a presiunii intracraniene (ICP).<br \/> func\u021bionarea defectuoas\u0103 a sistemelor renale \u0219i hepatice<\/p>\n<p>Clorhidratul de tramadol trebuie luat cu pruden\u021b\u0103 la persoanele care sunt sensibile la opiacee.<\/p>\n","protected":false},"excerpt":{"rendered":"<p>Farmacie online pentru a cump\u0103ra Ultram Tramadol 200mg tablete<\/p>\n<p>Tramadol Ultram Achizi\u021biona\u021bi online.<\/p>\n<p>Comanda\u021bi Tramadol Cod peste noapte. Livrare ieftin\u0103 de tramadol peste noapte<\/p>\n<p>Afla\u021bi de unde s\u0103\u00a0comanda\u021bi Tramadol\u00a0online f\u0103r\u0103 prescrip\u021bie medical\u0103 la cel mai ieftin pre\u021b. &#8230; Comprimate disponibile \u00een urm\u0103toarele concentra\u021bii: 50 mg, 100 mg, 150 mg \u0219i 200 mg.<\/p>\n<div class=\"product-next-previous\">\n<div class=\"product-prev\"><\/div>\n<\/p><\/div>\n","protected":false},"featured_media":5333,"comment_status":"open","ping_status":"closed","template":"","meta":[],"product_brand":[],"product_cat":[1117],"product_tag":[1912,1904,1905,1906,1909,1914,1913,1911,1907,1910,1915,1908],"class_list":{"0":"post-5323","1":"product","2":"type-product","3":"status-publish","4":"has-post-thumbnail","6":"product_cat-cumparati-pastile-pentru-durere-somn-sex","7":"product_tag-tramadol-clorhidrat-paracetamol","8":"product_tag-cumpara-tramadol-in-florida","9":"product_tag-cumpara-tramadol-online-ieftin","10":"product_tag-cumpara-tramadol-online-peste-noapte","11":"product_tag-generic-ultram-er","12":"product_tag-ultram-interaciuni-medicament","13":"product_tag-tramadol-efecte-secunde-caini","14":"product_tag-tramadol-hcl-50mg-utilizat","15":"product_tag-tramadol-ieftin-fara-reteta","16":"product_tag-peste-noapte-tramadol","17":"product_tag-ultram-er-200","18":"product_tag-ieftin-ultram-fara-prescriptie-medicala","20":"first","21":"instock","22":"shipping-taxable","23":"purchasable","24":"product-type-variable","25":"has-default-attributes"},"yoast_head":"<!-- This site is optimized with the Yoast SEO plugin v27.3 - https:\/\/yoast.com\/product\/yoast-seo-wordpress\/ -->\n<title>Cump\u0103ra\u021bi Ultram Tramadol 200 mg pastile online - Cele mai bune medicamente globale<\/title>\n<meta name=\"description\" content=\"Cump\u0103ra\u021bi Tramadol Ultram 200 mg\u00a0Online. Comanda Tramadol\u00a0Overnight Cod. Detalii:\u00a0Tramadol ieftin\u00a0livrare online peste noapte\" \/>\n<meta name=\"robots\" content=\"index, follow, max-snippet:-1, max-image-preview:large, max-video-preview:-1\" \/>\n<link rel=\"canonical\" href=\"https:\/\/medicinasinc.com\/ro\/product\/cumpara-ultram-tramadol-200-mg\/\" \/>\n<meta property=\"og:locale\" content=\"en_US\" \/>\n<meta property=\"og:type\" content=\"article\" \/>\n<meta property=\"og:title\" content=\"Cump\u0103ra\u021bi Ultram Tramadol 200 mg pastile online - Cele mai bune medicamente globale\" \/>\n<meta property=\"og:description\" content=\"Cump\u0103ra\u021bi Tramadol Ultram 200 mg\u00a0Online. Comanda Tramadol\u00a0Overnight Cod. Detalii:\u00a0Tramadol ieftin\u00a0livrare online peste noapte\" \/>\n<meta property=\"og:url\" content=\"https:\/\/medicinasinc.com\/ro\/product\/cumpara-ultram-tramadol-200-mg\/\" \/>\n<meta property=\"og:site_name\" content=\"Medicinas Inc\" \/>\n<meta property=\"article:modified_time\" content=\"2022-03-22T01:01:22+00:00\" \/>\n<meta property=\"og:image\" content=\"https:\/\/medicinasinc.com\/ro\/wp-content\/uploads\/sites\/11\/2022\/02\/Buy-Ultram-Tramadol-200mg.jpg\" \/>\n\t<meta property=\"og:image:width\" content=\"300\" \/>\n\t<meta property=\"og:image:height\" content=\"225\" \/>\n\t<meta property=\"og:image:type\" content=\"image\/jpeg\" \/>\n<meta name=\"twitter:card\" content=\"summary_large_image\" \/>\n<meta name=\"twitter:label1\" content=\"Est. reading time\" \/>\n\t<meta name=\"twitter:data1\" content=\"2 minutes\" \/>\n<script type=\"application\/ld+json\" class=\"yoast-schema-graph\">{\"@context\":\"https:\\\/\\\/schema.org\",\"@graph\":[{\"@type\":\"WebPage\",\"@id\":\"https:\\\/\\\/medicinasinc.com\\\/ro\\\/product\\\/cumpara-ultram-tramadol-200-mg\\\/\",\"url\":\"https:\\\/\\\/medicinasinc.com\\\/ro\\\/product\\\/cumpara-ultram-tramadol-200-mg\\\/\",\"name\":\"Cump\u0103ra\u021bi Ultram Tramadol 200 mg pastile online - Cele mai bune medicamente globale\",\"isPartOf\":{\"@id\":\"https:\\\/\\\/medicinasinc.com\\\/ro\\\/#website\"},\"primaryImageOfPage\":{\"@id\":\"https:\\\/\\\/medicinasinc.com\\\/ro\\\/product\\\/cumpara-ultram-tramadol-200-mg\\\/#primaryimage\"},\"image\":{\"@id\":\"https:\\\/\\\/medicinasinc.com\\\/ro\\\/product\\\/cumpara-ultram-tramadol-200-mg\\\/#primaryimage\"},\"thumbnailUrl\":\"https:\\\/\\\/medicinasinc.com\\\/ro\\\/wp-content\\\/uploads\\\/sites\\\/11\\\/2022\\\/02\\\/Buy-Ultram-Tramadol-200mg.jpg\",\"datePublished\":\"2022-02-21T20:57:56+00:00\",\"dateModified\":\"2022-03-22T01:01:22+00:00\",\"description\":\"Cump\u0103ra\u021bi Tramadol Ultram 200 mg\u00a0Online. Comanda Tramadol\u00a0Overnight Cod. Detalii:\u00a0Tramadol ieftin\u00a0livrare online peste noapte\",\"breadcrumb\":{\"@id\":\"https:\\\/\\\/medicinasinc.com\\\/ro\\\/product\\\/cumpara-ultram-tramadol-200-mg\\\/#breadcrumb\"},\"inLanguage\":\"en-US\",\"potentialAction\":[{\"@type\":\"ReadAction\",\"target\":[\"https:\\\/\\\/medicinasinc.com\\\/ro\\\/product\\\/cumpara-ultram-tramadol-200-mg\\\/\"]}]},{\"@type\":\"ImageObject\",\"inLanguage\":\"en-US\",\"@id\":\"https:\\\/\\\/medicinasinc.com\\\/ro\\\/product\\\/cumpara-ultram-tramadol-200-mg\\\/#primaryimage\",\"url\":\"https:\\\/\\\/medicinasinc.com\\\/ro\\\/wp-content\\\/uploads\\\/sites\\\/11\\\/2022\\\/02\\\/Buy-Ultram-Tramadol-200mg.jpg\",\"contentUrl\":\"https:\\\/\\\/medicinasinc.com\\\/ro\\\/wp-content\\\/uploads\\\/sites\\\/11\\\/2022\\\/02\\\/Buy-Ultram-Tramadol-200mg.jpg\",\"width\":300,\"height\":225},{\"@type\":\"BreadcrumbList\",\"@id\":\"https:\\\/\\\/medicinasinc.com\\\/ro\\\/product\\\/cumpara-ultram-tramadol-200-mg\\\/#breadcrumb\",\"itemListElement\":[{\"@type\":\"ListItem\",\"position\":1,\"name\":\"Magazin\",\"item\":\"https:\\\/\\\/medicinasinc.com\\\/ro\\\/magazin\\\/\"},{\"@type\":\"ListItem\",\"position\":2,\"name\":\"Cump\u0103ra\u021bi Ultram Tramadol 200 mg\"}]},{\"@type\":\"WebSite\",\"@id\":\"https:\\\/\\\/medicinasinc.com\\\/ro\\\/#website\",\"url\":\"https:\\\/\\\/medicinasinc.com\\\/ro\\\/\",\"name\":\"Medicinas Inc\",\"description\":\"Health Medical Clinic\",\"potentialAction\":[{\"@type\":\"SearchAction\",\"target\":{\"@type\":\"EntryPoint\",\"urlTemplate\":\"https:\\\/\\\/medicinasinc.com\\\/ro\\\/?s={search_term_string}\"},\"query-input\":{\"@type\":\"PropertyValueSpecification\",\"valueRequired\":true,\"valueName\":\"search_term_string\"}}],\"inLanguage\":\"en-US\"}]}<\/script>\n<!-- \/ Yoast SEO plugin. -->","yoast_head_json":{"title":"Cump\u0103ra\u021bi Ultram Tramadol 200 mg pastile online - Cele mai bune medicamente globale","description":"Cump\u0103ra\u021bi Tramadol Ultram 200 mg\u00a0Online. Comanda Tramadol\u00a0Overnight Cod. Detalii:\u00a0Tramadol ieftin\u00a0livrare online peste noapte","robots":{"index":"index","follow":"follow","max-snippet":"max-snippet:-1","max-image-preview":"max-image-preview:large","max-video-preview":"max-video-preview:-1"},"canonical":"https:\/\/medicinasinc.com\/ro\/product\/cumpara-ultram-tramadol-200-mg\/","og_locale":"en_US","og_type":"article","og_title":"Cump\u0103ra\u021bi Ultram Tramadol 200 mg pastile online - Cele mai bune medicamente globale","og_description":"Cump\u0103ra\u021bi Tramadol Ultram 200 mg\u00a0Online. Comanda Tramadol\u00a0Overnight Cod. Detalii:\u00a0Tramadol ieftin\u00a0livrare online peste noapte","og_url":"https:\/\/medicinasinc.com\/ro\/product\/cumpara-ultram-tramadol-200-mg\/","og_site_name":"Medicinas Inc","article_modified_time":"2022-03-22T01:01:22+00:00","og_image":[{"width":300,"height":225,"url":"https:\/\/medicinasinc.com\/ro\/wp-content\/uploads\/sites\/11\/2022\/02\/Buy-Ultram-Tramadol-200mg.jpg","type":"image\/jpeg"}],"twitter_card":"summary_large_image","twitter_misc":{"Est. reading time":"2 minutes"},"schema":{"@context":"https:\/\/schema.org","@graph":[{"@type":"WebPage","@id":"https:\/\/medicinasinc.com\/ro\/product\/cumpara-ultram-tramadol-200-mg\/","url":"https:\/\/medicinasinc.com\/ro\/product\/cumpara-ultram-tramadol-200-mg\/","name":"Cump\u0103ra\u021bi Ultram Tramadol 200 mg pastile online - Cele mai bune medicamente globale","isPartOf":{"@id":"https:\/\/medicinasinc.com\/ro\/#website"},"primaryImageOfPage":{"@id":"https:\/\/medicinasinc.com\/ro\/product\/cumpara-ultram-tramadol-200-mg\/#primaryimage"},"image":{"@id":"https:\/\/medicinasinc.com\/ro\/product\/cumpara-ultram-tramadol-200-mg\/#primaryimage"},"thumbnailUrl":"https:\/\/medicinasinc.com\/ro\/wp-content\/uploads\/sites\/11\/2022\/02\/Buy-Ultram-Tramadol-200mg.jpg","datePublished":"2022-02-21T20:57:56+00:00","dateModified":"2022-03-22T01:01:22+00:00","description":"Cump\u0103ra\u021bi Tramadol Ultram 200 mg\u00a0Online. Comanda Tramadol\u00a0Overnight Cod. Detalii:\u00a0Tramadol ieftin\u00a0livrare online peste noapte","breadcrumb":{"@id":"https:\/\/medicinasinc.com\/ro\/product\/cumpara-ultram-tramadol-200-mg\/#breadcrumb"},"inLanguage":"en-US","potentialAction":[{"@type":"ReadAction","target":["https:\/\/medicinasinc.com\/ro\/product\/cumpara-ultram-tramadol-200-mg\/"]}]},{"@type":"ImageObject","inLanguage":"en-US","@id":"https:\/\/medicinasinc.com\/ro\/product\/cumpara-ultram-tramadol-200-mg\/#primaryimage","url":"https:\/\/medicinasinc.com\/ro\/wp-content\/uploads\/sites\/11\/2022\/02\/Buy-Ultram-Tramadol-200mg.jpg","contentUrl":"https:\/\/medicinasinc.com\/ro\/wp-content\/uploads\/sites\/11\/2022\/02\/Buy-Ultram-Tramadol-200mg.jpg","width":300,"height":225},{"@type":"BreadcrumbList","@id":"https:\/\/medicinasinc.com\/ro\/product\/cumpara-ultram-tramadol-200-mg\/#breadcrumb","itemListElement":[{"@type":"ListItem","position":1,"name":"Magazin","item":"https:\/\/medicinasinc.com\/ro\/magazin\/"},{"@type":"ListItem","position":2,"name":"Cump\u0103ra\u021bi Ultram Tramadol 200 mg"}]},{"@type":"WebSite","@id":"https:\/\/medicinasinc.com\/ro\/#website","url":"https:\/\/medicinasinc.com\/ro\/","name":"Medicinas Inc","description":"Health Medical Clinic","potentialAction":[{"@type":"SearchAction","target":{"@type":"EntryPoint","urlTemplate":"https:\/\/medicinasinc.com\/ro\/?s={search_term_string}"},"query-input":{"@type":"PropertyValueSpecification","valueRequired":true,"valueName":"search_term_string"}}],"inLanguage":"en-US"}]}},"_links":{"self":[{"href":"https:\/\/medicinasinc.com\/ro\/wp-json\/wp\/v2\/product\/5323","targetHints":{"allow":["GET"]}}],"collection":[{"href":"https:\/\/medicinasinc.com\/ro\/wp-json\/wp\/v2\/product"}],"about":[{"href":"https:\/\/medicinasinc.com\/ro\/wp-json\/wp\/v2\/types\/product"}],"replies":[{"embeddable":true,"href":"https:\/\/medicinasinc.com\/ro\/wp-json\/wp\/v2\/comments?post=5323"}],"wp:featuredmedia":[{"embeddable":true,"href":"https:\/\/medicinasinc.com\/ro\/wp-json\/wp\/v2\/media\/5333"}],"wp:attachment":[{"href":"https:\/\/medicinasinc.com\/ro\/wp-json\/wp\/v2\/media?parent=5323"}],"wp:term":[{"taxonomy":"product_brand","embeddable":true,"href":"https:\/\/medicinasinc.com\/ro\/wp-json\/wp\/v2\/product_brand?post=5323"},{"taxonomy":"product_cat","embeddable":true,"href":"https:\/\/medicinasinc.com\/ro\/wp-json\/wp\/v2\/product_cat?post=5323"},{"taxonomy":"product_tag","embeddable":true,"href":"https:\/\/medicinasinc.com\/ro\/wp-json\/wp\/v2\/product_tag?post=5323"}],"curies":[{"name":"wp","href":"https:\/\/api.w.org\/{rel}","templated":true}]}}