{"id":5322,"date":"2022-02-21T20:57:13","date_gmt":"2022-02-21T20:57:13","guid":{"rendered":"https:\/\/medicinasinc.com\/ro\/?post_type=product&#038;p=5322"},"modified":"2022-03-22T01:01:34","modified_gmt":"2022-03-22T01:01:34","slug":"tramadol-100-mg","status":"publish","type":"product","link":"https:\/\/medicinasinc.com\/ro\/product\/tramadol-100-mg\/","title":{"rendered":"Tramadol 100 mg"},"content":{"rendered":"<p>Tramadol 100 mg pentru durere sever\u0103<\/p>\n<p>Anumite leziuni necesit\u0103 ani de vindecare, timp \u00een care victima trebuie s\u0103 suporte disconfort. Durerea asociat\u0103 cu r\u0103nirea poate varia de la u\u0219oar\u0103 la sever\u0103, \u00een func\u021bie de ad\u00e2ncimea \u0219i dimensiunea r\u0103nii. Cu toate acestea, durerea fulger\u0103toare poate perturba ocazional rutina obi\u0219nuit\u0103 a individului. \u00cen astfel de cazuri, oamenii vor trebui s\u0103 g\u0103seasc\u0103 un mijloc de supravie\u021buire. Ei pot atinge supravie\u021buirea dorit\u0103 prin atenuarea unei p\u0103r\u021bi a durerii. Ace\u0219tia pot cump\u0103ra tramadol 100 mg online dintr-o varietate de surse pentru a ameliora imediat durerea.<\/p>\n<p>Tramadol 100mg este eficient<\/p>\n<p>Achizi\u021biona\u021bi tramadol 100mg online pentru a ajuta la ameliorarea durerii \u0219i pentru a le permite s\u0103 continue cu rutina lor. Cu toate acestea, tramadolul func\u021bioneaz\u0103 diferit fa\u021b\u0103 de celelalte medicamente. Func\u021bia principal\u0103 a tabletei este de a atenua durerea, nu de a vindeca leziunea. Comprimatele au un efect asupra nervilor de durere ai creierului. Amorte\u0219te venele, \u00eempiedic\u00e2ndu-le s\u0103 experimenteze durere. Drept urmare, amor\u021beala \u00eei va ajuta s\u0103 supravie\u021buiasc\u0103 zilei f\u0103r\u0103 a interfera cu rutina lor obi\u0219nuit\u0103.<\/p>\n<p>Reac\u021bii adverse severe<\/p>\n<p>Durerea are loc la nivelul creierului, iar comprimatele modific\u0103 modul creierul func\u021bioneaz\u0103, duc\u00e2nd la o varietate de dificult\u0103\u021bi. Efectele secundare severe includ amor\u021beal\u0103 la nivelul creierului, pierderea tranzitorie a memoriei \u0219i alte tulbur\u0103ri de aceast\u0103 natur\u0103. Ame\u021belile \u0219i alte dificult\u0103\u021bi vor fi un eveniment comun. Ca urmare, doza de comprimate individual\u0103 va trebui ajustat\u0103 pentru a evita efectele adverse severe.<\/p>\n<p>Doza zilnic\u0103 recomandat\u0103 de comprimat este \u00eentre 50 \u0219i 300 mg \u0219i trebuie utilizat\u0103 numai o data pe zi. Pute\u021bi ob\u021bine tramadol online de pe o varietate de site-uri web, dar ingerarea ar trebui s\u0103 se bazeze pe recomandarea unui medic. Sfatul medicului va fi critic \u00een prevenirea consecin\u021belor adverse.<\/p>\n","protected":false},"excerpt":{"rendered":"<div class=\"woocommerce-product-details__short-description\">\n<p>Comprimatele Tramadol SR 100mg pot fi achizi\u021bionate online. Cump\u0103ra\u021bi Tramadol online Tramal SR 100mg f\u0103r\u0103 prescrip\u021bie medical\u0103 la un pre\u021b cu 80% mai mic dec\u00e2t a\u021bi pl\u0103ti la o farmacie din SUA.<\/p>\n<\/p><\/div>\n","protected":false},"featured_media":5331,"comment_status":"open","ping_status":"closed","template":"","meta":[],"product_brand":[],"product_cat":[1117],"product_tag":[],"class_list":{"0":"post-5322","1":"product","2":"type-product","3":"status-publish","4":"has-post-thumbnail","6":"product_cat-cumparati-pastile-pentru-durere-somn-sex","8":"first","9":"instock","10":"shipping-taxable","11":"purchasable","12":"product-type-variable","13":"has-default-attributes"},"yoast_head":"<!-- This site is optimized with the Yoast SEO plugin v27.3 - https:\/\/yoast.com\/product\/yoast-seo-wordpress\/ -->\n<title>Cump\u0103ra\u021bi online pastile Tramal SR 100mg - Cele mai bune medicamente globale<\/title>\n<meta name=\"description\" content=\"Cump\u0103ra\u021bi online pastile Tramal SR 100mg. Cump\u0103ra\u021bi Tramadol Online Tramal SR 100mg f\u0103r\u0103 prescrip\u021bie medical\u0103 la pre\u021b cu 80% mai mic dec\u00e2t farmaciile din SUA.\" \/>\n<meta name=\"robots\" content=\"index, follow, max-snippet:-1, max-image-preview:large, max-video-preview:-1\" \/>\n<link rel=\"canonical\" href=\"https:\/\/medicinasinc.com\/ro\/product\/tramadol-100-mg\/\" \/>\n<meta property=\"og:locale\" content=\"en_US\" \/>\n<meta property=\"og:type\" content=\"article\" \/>\n<meta property=\"og:title\" content=\"Cump\u0103ra\u021bi online pastile Tramal SR 100mg - Cele mai bune medicamente globale\" \/>\n<meta property=\"og:description\" content=\"Cump\u0103ra\u021bi online pastile Tramal SR 100mg. Cump\u0103ra\u021bi Tramadol Online Tramal SR 100mg f\u0103r\u0103 prescrip\u021bie medical\u0103 la pre\u021b cu 80% mai mic dec\u00e2t farmaciile din SUA.\" \/>\n<meta property=\"og:url\" content=\"https:\/\/medicinasinc.com\/ro\/product\/tramadol-100-mg\/\" \/>\n<meta property=\"og:site_name\" content=\"Medicinas Inc\" \/>\n<meta property=\"article:modified_time\" content=\"2022-03-22T01:01:34+00:00\" \/>\n<meta property=\"og:image\" content=\"https:\/\/medicinasinc.com\/ro\/wp-content\/uploads\/sites\/11\/2022\/02\/Tramadol-100mg-1.jpg\" \/>\n\t<meta property=\"og:image:width\" content=\"600\" \/>\n\t<meta property=\"og:image:height\" content=\"358\" \/>\n\t<meta property=\"og:image:type\" content=\"image\/jpeg\" \/>\n<meta name=\"twitter:card\" content=\"summary_large_image\" \/>\n<meta name=\"twitter:label1\" content=\"Est. reading time\" \/>\n\t<meta name=\"twitter:data1\" content=\"2 minutes\" \/>\n<script type=\"application\/ld+json\" class=\"yoast-schema-graph\">{\"@context\":\"https:\\\/\\\/schema.org\",\"@graph\":[{\"@type\":\"WebPage\",\"@id\":\"https:\\\/\\\/medicinasinc.com\\\/ro\\\/product\\\/tramadol-100-mg\\\/\",\"url\":\"https:\\\/\\\/medicinasinc.com\\\/ro\\\/product\\\/tramadol-100-mg\\\/\",\"name\":\"Cump\u0103ra\u021bi online pastile Tramal SR 100mg - Cele mai bune medicamente globale\",\"isPartOf\":{\"@id\":\"https:\\\/\\\/medicinasinc.com\\\/ro\\\/#website\"},\"primaryImageOfPage\":{\"@id\":\"https:\\\/\\\/medicinasinc.com\\\/ro\\\/product\\\/tramadol-100-mg\\\/#primaryimage\"},\"image\":{\"@id\":\"https:\\\/\\\/medicinasinc.com\\\/ro\\\/product\\\/tramadol-100-mg\\\/#primaryimage\"},\"thumbnailUrl\":\"https:\\\/\\\/medicinasinc.com\\\/ro\\\/wp-content\\\/uploads\\\/sites\\\/11\\\/2022\\\/02\\\/Tramadol-100mg-1.jpg\",\"datePublished\":\"2022-02-21T20:57:13+00:00\",\"dateModified\":\"2022-03-22T01:01:34+00:00\",\"description\":\"Cump\u0103ra\u021bi online pastile Tramal SR 100mg. Cump\u0103ra\u021bi Tramadol Online Tramal SR 100mg f\u0103r\u0103 prescrip\u021bie medical\u0103 la pre\u021b cu 80% mai mic dec\u00e2t farmaciile din SUA.\",\"breadcrumb\":{\"@id\":\"https:\\\/\\\/medicinasinc.com\\\/ro\\\/product\\\/tramadol-100-mg\\\/#breadcrumb\"},\"inLanguage\":\"en-US\",\"potentialAction\":[{\"@type\":\"ReadAction\",\"target\":[\"https:\\\/\\\/medicinasinc.com\\\/ro\\\/product\\\/tramadol-100-mg\\\/\"]}]},{\"@type\":\"ImageObject\",\"inLanguage\":\"en-US\",\"@id\":\"https:\\\/\\\/medicinasinc.com\\\/ro\\\/product\\\/tramadol-100-mg\\\/#primaryimage\",\"url\":\"https:\\\/\\\/medicinasinc.com\\\/ro\\\/wp-content\\\/uploads\\\/sites\\\/11\\\/2022\\\/02\\\/Tramadol-100mg-1.jpg\",\"contentUrl\":\"https:\\\/\\\/medicinasinc.com\\\/ro\\\/wp-content\\\/uploads\\\/sites\\\/11\\\/2022\\\/02\\\/Tramadol-100mg-1.jpg\",\"width\":600,\"height\":358},{\"@type\":\"BreadcrumbList\",\"@id\":\"https:\\\/\\\/medicinasinc.com\\\/ro\\\/product\\\/tramadol-100-mg\\\/#breadcrumb\",\"itemListElement\":[{\"@type\":\"ListItem\",\"position\":1,\"name\":\"Magazin\",\"item\":\"https:\\\/\\\/medicinasinc.com\\\/ro\\\/magazin\\\/\"},{\"@type\":\"ListItem\",\"position\":2,\"name\":\"Tramadol 100 mg\"}]},{\"@type\":\"WebSite\",\"@id\":\"https:\\\/\\\/medicinasinc.com\\\/ro\\\/#website\",\"url\":\"https:\\\/\\\/medicinasinc.com\\\/ro\\\/\",\"name\":\"Medicinas Inc\",\"description\":\"Health Medical Clinic\",\"potentialAction\":[{\"@type\":\"SearchAction\",\"target\":{\"@type\":\"EntryPoint\",\"urlTemplate\":\"https:\\\/\\\/medicinasinc.com\\\/ro\\\/?s={search_term_string}\"},\"query-input\":{\"@type\":\"PropertyValueSpecification\",\"valueRequired\":true,\"valueName\":\"search_term_string\"}}],\"inLanguage\":\"en-US\"}]}<\/script>\n<!-- \/ Yoast SEO plugin. -->","yoast_head_json":{"title":"Cump\u0103ra\u021bi online pastile Tramal SR 100mg - Cele mai bune medicamente globale","description":"Cump\u0103ra\u021bi online pastile Tramal SR 100mg. Cump\u0103ra\u021bi Tramadol Online Tramal SR 100mg f\u0103r\u0103 prescrip\u021bie medical\u0103 la pre\u021b cu 80% mai mic dec\u00e2t farmaciile din SUA.","robots":{"index":"index","follow":"follow","max-snippet":"max-snippet:-1","max-image-preview":"max-image-preview:large","max-video-preview":"max-video-preview:-1"},"canonical":"https:\/\/medicinasinc.com\/ro\/product\/tramadol-100-mg\/","og_locale":"en_US","og_type":"article","og_title":"Cump\u0103ra\u021bi online pastile Tramal SR 100mg - Cele mai bune medicamente globale","og_description":"Cump\u0103ra\u021bi online pastile Tramal SR 100mg. Cump\u0103ra\u021bi Tramadol Online Tramal SR 100mg f\u0103r\u0103 prescrip\u021bie medical\u0103 la pre\u021b cu 80% mai mic dec\u00e2t farmaciile din SUA.","og_url":"https:\/\/medicinasinc.com\/ro\/product\/tramadol-100-mg\/","og_site_name":"Medicinas Inc","article_modified_time":"2022-03-22T01:01:34+00:00","og_image":[{"width":600,"height":358,"url":"https:\/\/medicinasinc.com\/ro\/wp-content\/uploads\/sites\/11\/2022\/02\/Tramadol-100mg-1.jpg","type":"image\/jpeg"}],"twitter_card":"summary_large_image","twitter_misc":{"Est. reading time":"2 minutes"},"schema":{"@context":"https:\/\/schema.org","@graph":[{"@type":"WebPage","@id":"https:\/\/medicinasinc.com\/ro\/product\/tramadol-100-mg\/","url":"https:\/\/medicinasinc.com\/ro\/product\/tramadol-100-mg\/","name":"Cump\u0103ra\u021bi online pastile Tramal SR 100mg - Cele mai bune medicamente globale","isPartOf":{"@id":"https:\/\/medicinasinc.com\/ro\/#website"},"primaryImageOfPage":{"@id":"https:\/\/medicinasinc.com\/ro\/product\/tramadol-100-mg\/#primaryimage"},"image":{"@id":"https:\/\/medicinasinc.com\/ro\/product\/tramadol-100-mg\/#primaryimage"},"thumbnailUrl":"https:\/\/medicinasinc.com\/ro\/wp-content\/uploads\/sites\/11\/2022\/02\/Tramadol-100mg-1.jpg","datePublished":"2022-02-21T20:57:13+00:00","dateModified":"2022-03-22T01:01:34+00:00","description":"Cump\u0103ra\u021bi online pastile Tramal SR 100mg. Cump\u0103ra\u021bi Tramadol Online Tramal SR 100mg f\u0103r\u0103 prescrip\u021bie medical\u0103 la pre\u021b cu 80% mai mic dec\u00e2t farmaciile din SUA.","breadcrumb":{"@id":"https:\/\/medicinasinc.com\/ro\/product\/tramadol-100-mg\/#breadcrumb"},"inLanguage":"en-US","potentialAction":[{"@type":"ReadAction","target":["https:\/\/medicinasinc.com\/ro\/product\/tramadol-100-mg\/"]}]},{"@type":"ImageObject","inLanguage":"en-US","@id":"https:\/\/medicinasinc.com\/ro\/product\/tramadol-100-mg\/#primaryimage","url":"https:\/\/medicinasinc.com\/ro\/wp-content\/uploads\/sites\/11\/2022\/02\/Tramadol-100mg-1.jpg","contentUrl":"https:\/\/medicinasinc.com\/ro\/wp-content\/uploads\/sites\/11\/2022\/02\/Tramadol-100mg-1.jpg","width":600,"height":358},{"@type":"BreadcrumbList","@id":"https:\/\/medicinasinc.com\/ro\/product\/tramadol-100-mg\/#breadcrumb","itemListElement":[{"@type":"ListItem","position":1,"name":"Magazin","item":"https:\/\/medicinasinc.com\/ro\/magazin\/"},{"@type":"ListItem","position":2,"name":"Tramadol 100 mg"}]},{"@type":"WebSite","@id":"https:\/\/medicinasinc.com\/ro\/#website","url":"https:\/\/medicinasinc.com\/ro\/","name":"Medicinas Inc","description":"Health Medical Clinic","potentialAction":[{"@type":"SearchAction","target":{"@type":"EntryPoint","urlTemplate":"https:\/\/medicinasinc.com\/ro\/?s={search_term_string}"},"query-input":{"@type":"PropertyValueSpecification","valueRequired":true,"valueName":"search_term_string"}}],"inLanguage":"en-US"}]}},"_links":{"self":[{"href":"https:\/\/medicinasinc.com\/ro\/wp-json\/wp\/v2\/product\/5322","targetHints":{"allow":["GET"]}}],"collection":[{"href":"https:\/\/medicinasinc.com\/ro\/wp-json\/wp\/v2\/product"}],"about":[{"href":"https:\/\/medicinasinc.com\/ro\/wp-json\/wp\/v2\/types\/product"}],"replies":[{"embeddable":true,"href":"https:\/\/medicinasinc.com\/ro\/wp-json\/wp\/v2\/comments?post=5322"}],"wp:featuredmedia":[{"embeddable":true,"href":"https:\/\/medicinasinc.com\/ro\/wp-json\/wp\/v2\/media\/5331"}],"wp:attachment":[{"href":"https:\/\/medicinasinc.com\/ro\/wp-json\/wp\/v2\/media?parent=5322"}],"wp:term":[{"taxonomy":"product_brand","embeddable":true,"href":"https:\/\/medicinasinc.com\/ro\/wp-json\/wp\/v2\/product_brand?post=5322"},{"taxonomy":"product_cat","embeddable":true,"href":"https:\/\/medicinasinc.com\/ro\/wp-json\/wp\/v2\/product_cat?post=5322"},{"taxonomy":"product_tag","embeddable":true,"href":"https:\/\/medicinasinc.com\/ro\/wp-json\/wp\/v2\/product_tag?post=5322"}],"curies":[{"name":"wp","href":"https:\/\/api.w.org\/{rel}","templated":true}]}}