{"id":5309,"date":"2022-02-21T18:36:34","date_gmt":"2022-02-21T18:36:34","guid":{"rendered":"https:\/\/medicinasinc.com\/ro\/?post_type=product&#038;p=5309"},"modified":"2022-03-22T01:01:55","modified_gmt":"2022-03-22T01:01:55","slug":"cumpara-restoril-30-mg-temazepam-pastile","status":"publish","type":"product","link":"https:\/\/medicinasinc.com\/ro\/product\/cumpara-restoril-30-mg-temazepam-pastile\/","title":{"rendered":"Cump\u0103ra\u021bi pastile Restoril 30 mg Temazepam"},"content":{"rendered":"<div class=\"product-next-previous\">\n<div>\n<p>Farmacie online pentru a cump\u0103ra tablete Restoril Temezepam (30Mg)<br \/> Restoril: Ce este \u0219i cum se utilizeaz\u0103?<\/p>\n<p> Restoril este un medicament pe baz\u0103 de prescrip\u021bie medical\u0103 care este utilizat pentru a trata problemele de insomnie. Restoril poate fi luat singur sau \u00een combina\u021bie cu alte medicamente.<\/p>\n<p>Restoril este un medicament sedativ\/hipnotic.<\/p>\n<p>Nu se \u0219tie c\u0103 Restoril este sigur sau eficient la copii.<\/p>\n<p>Care sunt riscurile probabile asociate cu Restoril?<\/p>\n<p>Restoril poate avea efecte adverse majore, inclusiv urm\u0103toarele:<\/p>\n<p>Confuzie, agita\u021bie, agresivitate, halucina\u021bii, anxietate, probleme de memorie, \u0219i starea de spirit trist\u0103 sunt toate simptomele schizofreniei.<\/p>\n<p>&nbsp;<\/p>\n<p>Temazepamul, la fel ca multe alte benzodiazepine similare \u0219i \u00eenrudite, func\u021bioneaz\u0103 ca un modulator GABA \u0219i este capabil s\u0103 induc\u0103 o serie de efecte, inclusiv somnolen\u021b\u0103, hipnoz\u0103, relaxare muscular\u0103 scheletic\u0103, activitate anticonvulsiv\u0103 \u0219i ac\u021biune anxiolitic\u0103 6,7,13,14.<\/p>\n<p>De\u0219i sinteza chimic\u0103 a temazepamului a fost descoperit\u0103 \u00een 1965 9, utilizarea sa modern\u0103 pe scar\u0103 larg\u0103 nu a \u00eenceput p\u00e2n\u0103 c\u00e2nd utilizarea real\u0103 a medicamentului ca tratament pentru insomnie a fost recunoscut\u0103 \u0219i autorizat\u0103 ulterior. \u00cenainte ca temazepamul s\u0103 devin\u0103 un medicament prescris \u00een mod obi\u0219nuit pentru civili, a fost \u2013 \u0219i continu\u0103 s\u0103 fie \u2013 folosit de armata american\u0103 ca medicament sedativ-hipnotic pentru a fi luat de solda\u021bi, pilo\u021bi \u0219i al\u021bii pentru a ob\u021bine odihna necesar\u0103 pentru recuperarea medical\u0103 sau manevre \u0219i opera\u021bii programate 10. Oricum, temazepamul a devenit unul dintre cele mai des prescrise medicamente la nivel mondial, cu milioane de re\u021bete scrise \u00een fiecare an. Din p\u0103cate, din cauza utiliz\u0103rii sale pe scar\u0103 larg\u0103 \u0219i a naturii inerente a efectelor sale farmacologice, temazepamul \u2013 la fel ca multe alte benzodiazepine \u2013 are un poten\u021bial semnificativ de abuz \u0219i este capabil s\u0103-i determine pe utilizatori s\u0103 dezvolte toleran\u021b\u0103 la droguri, dependen\u021b\u0103 fizic\u0103 \u0219i dependen\u021b\u0103.<\/p>\n<p>GroupsApproved, InvestigationalStructureSmall Molecules<\/p>\n<div class=\"structure\"><a class=\"moldbi-vector-thumbnail\"><img decoding=\"async\" src=\"https:\/\/go.drugbank.com\/structures\/DB00231\/thumb.svg\" alt=\"Thumb\" \/><\/a><\/div>\n<dl class=\"right-dl col- xl-6 col-lg-12\"><\/dl>\n<\/p><\/div>\n<div class=\"product-prev\"><strong>temazepam (restoril), temazepam restoril, restoril temazepam, temazepam (restoril) efecte secundare, temazepam (restoril, cumpara restoril temazepam online, cumpara temazepam (restoril), restoril temazepam generic, temazepam restoril cumpara, restoril (temazepam) 30mg de vanzare, este temazepam la fel ca restoril, temazepam (restoril) davis, temazepam (restoril) pilula e, de unde pute\u021bi cump\u0103ra temazepam (restoril), temazepam (restoril) cvs, temazepam (restoril) cump\u0103ra\u021bi, temazepam la fel ca \u0219i restoril, temazepam (restoril)\u00a0<img decoding=\"async\" class=\"emoji\" role=\"img\" src=\"https:\/ \/sworg\/images\/core\/emoji\/13.1.0\/svg\/2714.svg\" alt=\"\u2714\" \/>\u00a0<img decoding=\"async\" class=\"emoji\" role=\"img\" src=\"https:\/\/sworg\/images \/core\/emoji\/13.1.0\/svg\/2714.svg\" alt=\"\u2714\" \/>\u00a0<img decoding=\"async\" class=\"emoji\" role=\"img\" src=\"https:\/\/sworg\/images\/core\/emoji\/ 13.1.0\/svg\/2714.svg\" alt=\"\u2714\" \/>, restoril temazepam 30mg, alternativ\u0103 sigur\u0103 la restoril (temazepam), temazepam (restoril) pre\u021b, temazepam (restoril) otc, temazepam restoril efecte secundare, temazepam (brand) nume restoril), restoril (temazepam)<\/strong><\/div><\/div>\n<div class=\"product-next-previous\">\n<div class=\"product-prev\"><\/div><\/div>\n","protected":false},"excerpt":{"rendered":"<p>Cump\u0103ra\u021bi tabletele Restoril 30mg Temezepam pot fi achizi\u021bionate online.<\/p>\n<p>Nume de marc\u0103:\u00a0<strong>Restoril<\/strong><br \/> Generic:\u00a0<strong>Temazepam<\/strong><br \/> Putere Disponibil: 30 mg<br \/> Ambalare: blister<br \/> Fabricat de : Novartis<\/p>\n<p>&nbsp;<\/p>\n","protected":false},"featured_media":5319,"comment_status":"open","ping_status":"closed","template":"","meta":[],"product_brand":[],"product_cat":[1117],"product_tag":[1863,1851,1852,1878,1854,1855,1877,1859,1860,1856,1857,1858,1853,1861,1862,1864,1865,1866,1867,1868,1872,1870,1869,1871,1873,1874,1876,1875],"class_list":{"0":"post-5309","1":"product","2":"type-product","3":"status-publish","4":"has-post-thumbnail","6":"product_cat-cumparati-pastile-pentru-durere-somn-sex","7":"product_tag-alternativ-sigur-la-restoril-temazepam","8":"product_tag-cumpara-restoril-temazepam-online","9":"product_tag-buy-temazepam-restoril","10":"product_tag-de-unde-poi-cumpra-temazepam-restoril","11":"product_tag-este-temazepam-la-la-fel-ca-restoril","12":"product_tag-nlocuitor-fr-prescripie-medical-pentru-temazepam","13":"product_tag-temazepam-scdere-n-greutate","14":"product_tag-restaural-30-mg-pret","15":"product_tag-restoril-tablet-online","16":"product_tag-restoril-temazepam-30mg-de-vanzare","17":"product_tag-restoril-15-mg","18":"product_tag-restoril-15-mg-online","19":"product_tag-generic-restoril-temazepam","20":"product_tag-restoril-temazepam","21":"product_tag-restoril-temazepam-30mg","22":"product_tag-temazepam-brand-name-restoril","23":"product_tag-temazepam-restoril","24":"product_tag-temazepam-restoril---","25":"product_tag-temazepam-restoril-cvs","26":"product_tag-temazepam-restoril-davis","27":"product_tag-temazepam-restoril-efecte-secundare","28":"product_tag-temazepam-restoril-pilul-sticl","29":"product_tag-temazepam-restoril-otc","30":"product_tag-temazepam-restoril-pret","31":"product_tag-temazepam-30-mg","32":"product_tag-temazepam-30-mg-efecte-secundare","33":"product_tag-temazepam-la-fel-ca-restoril","34":"product_tag-temazepam-restoril-buy","36":"first","37":"instock","38":"shipping-taxable","39":"purchasable","40":"product-type-variable","41":"has-default-attributes"},"yoast_head":"<!-- This site is optimized with the Yoast SEO plugin v27.3 - https:\/\/yoast.com\/product\/yoast-seo-wordpress\/ -->\n<title>Cump\u0103ra\u021bi Pastile Restoril 30 mg Temazepam - Cele mai bune medicamente globale<\/title>\n<meta name=\"description\" content=\"Pilula cu amprenta RESTORIL 30 mg M FOR SLEEP este Albastru\/Maroon, \u00een form\u0103 de capsul\u0103 \u0219i a fost identificat\u0103 ca Restoril 30 mg. Cumpara RESTORIL 30 mg M PENTRU SOMMN.\" \/>\n<meta name=\"robots\" content=\"index, follow, max-snippet:-1, max-image-preview:large, max-video-preview:-1\" \/>\n<link rel=\"canonical\" href=\"https:\/\/medicinasinc.com\/ro\/product\/cumpara-restoril-30-mg-temazepam-pastile\/\" \/>\n<meta property=\"og:locale\" content=\"en_US\" \/>\n<meta property=\"og:type\" content=\"article\" \/>\n<meta property=\"og:title\" content=\"Cump\u0103ra\u021bi Pastile Restoril 30 mg Temazepam - Cele mai bune medicamente globale\" \/>\n<meta property=\"og:description\" content=\"Pilula cu amprenta RESTORIL 30 mg M FOR SLEEP este Albastru\/Maroon, \u00een form\u0103 de capsul\u0103 \u0219i a fost identificat\u0103 ca Restoril 30 mg. Cumpara RESTORIL 30 mg M PENTRU SOMMN.\" \/>\n<meta property=\"og:url\" content=\"https:\/\/medicinasinc.com\/ro\/product\/cumpara-restoril-30-mg-temazepam-pastile\/\" \/>\n<meta property=\"og:site_name\" content=\"Medicinas Inc\" \/>\n<meta property=\"article:modified_time\" content=\"2022-03-22T01:01:55+00:00\" \/>\n<meta property=\"og:image\" content=\"https:\/\/medicinasinc.com\/ro\/wp-content\/uploads\/sites\/11\/2022\/02\/Buy-Restoril-30-mg-Temazepam-pills.jpg\" \/>\n\t<meta property=\"og:image:width\" content=\"2064\" \/>\n\t<meta property=\"og:image:height\" content=\"1073\" \/>\n\t<meta property=\"og:image:type\" content=\"image\/jpeg\" \/>\n<meta name=\"twitter:card\" content=\"summary_large_image\" \/>\n<meta name=\"twitter:label1\" content=\"Est. reading time\" \/>\n\t<meta name=\"twitter:data1\" content=\"3 minutes\" \/>\n<script type=\"application\/ld+json\" class=\"yoast-schema-graph\">{\"@context\":\"https:\\\/\\\/schema.org\",\"@graph\":[{\"@type\":\"WebPage\",\"@id\":\"https:\\\/\\\/medicinasinc.com\\\/ro\\\/product\\\/cumpara-restoril-30-mg-temazepam-pastile\\\/\",\"url\":\"https:\\\/\\\/medicinasinc.com\\\/ro\\\/product\\\/cumpara-restoril-30-mg-temazepam-pastile\\\/\",\"name\":\"Cump\u0103ra\u021bi Pastile Restoril 30 mg Temazepam - Cele mai bune medicamente globale\",\"isPartOf\":{\"@id\":\"https:\\\/\\\/medicinasinc.com\\\/ro\\\/#website\"},\"primaryImageOfPage\":{\"@id\":\"https:\\\/\\\/medicinasinc.com\\\/ro\\\/product\\\/cumpara-restoril-30-mg-temazepam-pastile\\\/#primaryimage\"},\"image\":{\"@id\":\"https:\\\/\\\/medicinasinc.com\\\/ro\\\/product\\\/cumpara-restoril-30-mg-temazepam-pastile\\\/#primaryimage\"},\"thumbnailUrl\":\"https:\\\/\\\/medicinasinc.com\\\/ro\\\/wp-content\\\/uploads\\\/sites\\\/11\\\/2022\\\/02\\\/Buy-Restoril-30-mg-Temazepam-pills.jpg\",\"datePublished\":\"2022-02-21T18:36:34+00:00\",\"dateModified\":\"2022-03-22T01:01:55+00:00\",\"description\":\"Pilula cu amprenta RESTORIL 30 mg M FOR SLEEP este Albastru\\\/Maroon, \u00een form\u0103 de capsul\u0103 \u0219i a fost identificat\u0103 ca Restoril 30 mg. Cumpara RESTORIL 30 mg M PENTRU SOMMN.\",\"breadcrumb\":{\"@id\":\"https:\\\/\\\/medicinasinc.com\\\/ro\\\/product\\\/cumpara-restoril-30-mg-temazepam-pastile\\\/#breadcrumb\"},\"inLanguage\":\"en-US\",\"potentialAction\":[{\"@type\":\"ReadAction\",\"target\":[\"https:\\\/\\\/medicinasinc.com\\\/ro\\\/product\\\/cumpara-restoril-30-mg-temazepam-pastile\\\/\"]}]},{\"@type\":\"ImageObject\",\"inLanguage\":\"en-US\",\"@id\":\"https:\\\/\\\/medicinasinc.com\\\/ro\\\/product\\\/cumpara-restoril-30-mg-temazepam-pastile\\\/#primaryimage\",\"url\":\"https:\\\/\\\/medicinasinc.com\\\/ro\\\/wp-content\\\/uploads\\\/sites\\\/11\\\/2022\\\/02\\\/Buy-Restoril-30-mg-Temazepam-pills.jpg\",\"contentUrl\":\"https:\\\/\\\/medicinasinc.com\\\/ro\\\/wp-content\\\/uploads\\\/sites\\\/11\\\/2022\\\/02\\\/Buy-Restoril-30-mg-Temazepam-pills.jpg\",\"width\":2064,\"height\":1073},{\"@type\":\"BreadcrumbList\",\"@id\":\"https:\\\/\\\/medicinasinc.com\\\/ro\\\/product\\\/cumpara-restoril-30-mg-temazepam-pastile\\\/#breadcrumb\",\"itemListElement\":[{\"@type\":\"ListItem\",\"position\":1,\"name\":\"Magazin\",\"item\":\"https:\\\/\\\/medicinasinc.com\\\/ro\\\/magazin\\\/\"},{\"@type\":\"ListItem\",\"position\":2,\"name\":\"Cump\u0103ra\u021bi pastile Restoril 30 mg Temazepam\"}]},{\"@type\":\"WebSite\",\"@id\":\"https:\\\/\\\/medicinasinc.com\\\/ro\\\/#website\",\"url\":\"https:\\\/\\\/medicinasinc.com\\\/ro\\\/\",\"name\":\"Medicinas Inc\",\"description\":\"Health Medical Clinic\",\"potentialAction\":[{\"@type\":\"SearchAction\",\"target\":{\"@type\":\"EntryPoint\",\"urlTemplate\":\"https:\\\/\\\/medicinasinc.com\\\/ro\\\/?s={search_term_string}\"},\"query-input\":{\"@type\":\"PropertyValueSpecification\",\"valueRequired\":true,\"valueName\":\"search_term_string\"}}],\"inLanguage\":\"en-US\"}]}<\/script>\n<!-- \/ Yoast SEO plugin. -->","yoast_head_json":{"title":"Cump\u0103ra\u021bi Pastile Restoril 30 mg Temazepam - Cele mai bune medicamente globale","description":"Pilula cu amprenta RESTORIL 30 mg M FOR SLEEP este Albastru\/Maroon, \u00een form\u0103 de capsul\u0103 \u0219i a fost identificat\u0103 ca Restoril 30 mg. Cumpara RESTORIL 30 mg M PENTRU SOMMN.","robots":{"index":"index","follow":"follow","max-snippet":"max-snippet:-1","max-image-preview":"max-image-preview:large","max-video-preview":"max-video-preview:-1"},"canonical":"https:\/\/medicinasinc.com\/ro\/product\/cumpara-restoril-30-mg-temazepam-pastile\/","og_locale":"en_US","og_type":"article","og_title":"Cump\u0103ra\u021bi Pastile Restoril 30 mg Temazepam - Cele mai bune medicamente globale","og_description":"Pilula cu amprenta RESTORIL 30 mg M FOR SLEEP este Albastru\/Maroon, \u00een form\u0103 de capsul\u0103 \u0219i a fost identificat\u0103 ca Restoril 30 mg. Cumpara RESTORIL 30 mg M PENTRU SOMMN.","og_url":"https:\/\/medicinasinc.com\/ro\/product\/cumpara-restoril-30-mg-temazepam-pastile\/","og_site_name":"Medicinas Inc","article_modified_time":"2022-03-22T01:01:55+00:00","og_image":[{"width":2064,"height":1073,"url":"https:\/\/medicinasinc.com\/ro\/wp-content\/uploads\/sites\/11\/2022\/02\/Buy-Restoril-30-mg-Temazepam-pills.jpg","type":"image\/jpeg"}],"twitter_card":"summary_large_image","twitter_misc":{"Est. reading time":"3 minutes"},"schema":{"@context":"https:\/\/schema.org","@graph":[{"@type":"WebPage","@id":"https:\/\/medicinasinc.com\/ro\/product\/cumpara-restoril-30-mg-temazepam-pastile\/","url":"https:\/\/medicinasinc.com\/ro\/product\/cumpara-restoril-30-mg-temazepam-pastile\/","name":"Cump\u0103ra\u021bi Pastile Restoril 30 mg Temazepam - Cele mai bune medicamente globale","isPartOf":{"@id":"https:\/\/medicinasinc.com\/ro\/#website"},"primaryImageOfPage":{"@id":"https:\/\/medicinasinc.com\/ro\/product\/cumpara-restoril-30-mg-temazepam-pastile\/#primaryimage"},"image":{"@id":"https:\/\/medicinasinc.com\/ro\/product\/cumpara-restoril-30-mg-temazepam-pastile\/#primaryimage"},"thumbnailUrl":"https:\/\/medicinasinc.com\/ro\/wp-content\/uploads\/sites\/11\/2022\/02\/Buy-Restoril-30-mg-Temazepam-pills.jpg","datePublished":"2022-02-21T18:36:34+00:00","dateModified":"2022-03-22T01:01:55+00:00","description":"Pilula cu amprenta RESTORIL 30 mg M FOR SLEEP este Albastru\/Maroon, \u00een form\u0103 de capsul\u0103 \u0219i a fost identificat\u0103 ca Restoril 30 mg. Cumpara RESTORIL 30 mg M PENTRU SOMMN.","breadcrumb":{"@id":"https:\/\/medicinasinc.com\/ro\/product\/cumpara-restoril-30-mg-temazepam-pastile\/#breadcrumb"},"inLanguage":"en-US","potentialAction":[{"@type":"ReadAction","target":["https:\/\/medicinasinc.com\/ro\/product\/cumpara-restoril-30-mg-temazepam-pastile\/"]}]},{"@type":"ImageObject","inLanguage":"en-US","@id":"https:\/\/medicinasinc.com\/ro\/product\/cumpara-restoril-30-mg-temazepam-pastile\/#primaryimage","url":"https:\/\/medicinasinc.com\/ro\/wp-content\/uploads\/sites\/11\/2022\/02\/Buy-Restoril-30-mg-Temazepam-pills.jpg","contentUrl":"https:\/\/medicinasinc.com\/ro\/wp-content\/uploads\/sites\/11\/2022\/02\/Buy-Restoril-30-mg-Temazepam-pills.jpg","width":2064,"height":1073},{"@type":"BreadcrumbList","@id":"https:\/\/medicinasinc.com\/ro\/product\/cumpara-restoril-30-mg-temazepam-pastile\/#breadcrumb","itemListElement":[{"@type":"ListItem","position":1,"name":"Magazin","item":"https:\/\/medicinasinc.com\/ro\/magazin\/"},{"@type":"ListItem","position":2,"name":"Cump\u0103ra\u021bi pastile Restoril 30 mg Temazepam"}]},{"@type":"WebSite","@id":"https:\/\/medicinasinc.com\/ro\/#website","url":"https:\/\/medicinasinc.com\/ro\/","name":"Medicinas Inc","description":"Health Medical Clinic","potentialAction":[{"@type":"SearchAction","target":{"@type":"EntryPoint","urlTemplate":"https:\/\/medicinasinc.com\/ro\/?s={search_term_string}"},"query-input":{"@type":"PropertyValueSpecification","valueRequired":true,"valueName":"search_term_string"}}],"inLanguage":"en-US"}]}},"_links":{"self":[{"href":"https:\/\/medicinasinc.com\/ro\/wp-json\/wp\/v2\/product\/5309","targetHints":{"allow":["GET"]}}],"collection":[{"href":"https:\/\/medicinasinc.com\/ro\/wp-json\/wp\/v2\/product"}],"about":[{"href":"https:\/\/medicinasinc.com\/ro\/wp-json\/wp\/v2\/types\/product"}],"replies":[{"embeddable":true,"href":"https:\/\/medicinasinc.com\/ro\/wp-json\/wp\/v2\/comments?post=5309"}],"wp:featuredmedia":[{"embeddable":true,"href":"https:\/\/medicinasinc.com\/ro\/wp-json\/wp\/v2\/media\/5319"}],"wp:attachment":[{"href":"https:\/\/medicinasinc.com\/ro\/wp-json\/wp\/v2\/media?parent=5309"}],"wp:term":[{"taxonomy":"product_brand","embeddable":true,"href":"https:\/\/medicinasinc.com\/ro\/wp-json\/wp\/v2\/product_brand?post=5309"},{"taxonomy":"product_cat","embeddable":true,"href":"https:\/\/medicinasinc.com\/ro\/wp-json\/wp\/v2\/product_cat?post=5309"},{"taxonomy":"product_tag","embeddable":true,"href":"https:\/\/medicinasinc.com\/ro\/wp-json\/wp\/v2\/product_tag?post=5309"}],"curies":[{"name":"wp","href":"https:\/\/api.w.org\/{rel}","templated":true}]}}