{"id":5296,"date":"2022-02-21T18:20:49","date_gmt":"2022-02-21T18:20:49","guid":{"rendered":"https:\/\/medicinasinc.com\/ro\/?post_type=product&#038;p=5296"},"modified":"2022-03-22T01:02:05","modified_gmt":"2022-03-22T01:02:05","slug":"cumpara-phenida-pastile-10mg","status":"publish","type":"product","link":"https:\/\/medicinasinc.com\/ro\/product\/cumpara-phenida-pastile-10mg\/","title":{"rendered":"Cump\u0103ra\u021bi pastile Phenida 10mg"},"content":{"rendered":"<p>Phenida (metilfenidat hcl) Pastile de 10 mg pot fi cump\u0103rate de pe internet.<\/p>\n<p>Avem cea mai bun\u0103 farmacie online de unde pute\u021bi cump\u0103ra Phenida, a\u0219a c\u0103 cump\u0103ra\u021bi-o acum.<\/p>\n<p>PHENIDA este un medicament care ajut\u0103 persoanele cu ADD\/ADHD. Aici pute\u021bi g\u0103si mai multe informa\u021bii despre ADD\/ADHD \u0219i alte fenide.<\/p>\n<p>ADD\/ADHD:<\/p>\n<p>Dac\u0103 ave\u021bi ADHD, este posibil s\u0103 nu v\u0103 pute\u021bi men\u021bine aten\u021bia, fi\u021bi prea activ sau nu v\u0103 pute\u021bi controla comportamentul. V\u00e2rsta \u0219i dezvoltarea unei persoane nu pot face aceste probleme ADHD dac\u0103 sunt \u00een afara limitelor normale pentru v\u00e2rsta sau dezvoltarea acelei persoane.<\/p>\n<p>Medicament pentru ADD \u0219i ADHD? Acest site vinde phenida (metilfenidat hcl) 10 mg.<\/p>\n<p>Tulburarea de hiperactivitate cu deficit de aten\u021bie (ADHD) este una dintre cele mai frecvente tulbur\u0103ri ale copil\u0103riei \u0219i poate dura p\u00e2n\u0103 la adolescen\u021b\u0103 \u0219i p\u00e2n\u0103 la v\u00e2rsta adult\u0103. Printre simptome se num\u0103r\u0103 probleme de concentrare \u0219i aten\u021bie, probleme de control al comportamentului \u0219i hiperactivitate (supraactivitate).<\/p>\n<p>Pentru a cump\u0103ra tablete ADD (Tulburare cu deficit de aten\u021bie) online f\u0103r\u0103 prescrip\u021bie medical\u0103, pute\u021bi accesa site-ul web .<\/p>\n<p>Urmtoarele sunt diferitele tipuri de metilfenidat: metilfenidat HCL, metilfenidat HCL, metilfenidat HCL ER, metilfenidat HCL, metilfenidat HCL, metilfenidat HCL, metilfenidat HCL 20mg, metilfenidat HCL 10mg, si metilfenidat HCL 10m. C\u00e2nd cump\u0103ra\u021bi tablete de metilfenidat hcl, care sunt acestea? metilfenidat hcl 20 mg, metilfenidat hcl 18 mg, metilfenidat hcl er cd, metilfenidat hcl er 10 mg, forme de dozare metilfenidat hcl \u0219i metilfenidat hcl fa\u021b\u0103 de metilfenidat hcl sunt c\u00e2teva dintre \u00eentreb\u0103rile pe care le pun oamenii.<\/p>\n","protected":false},"excerpt":{"rendered":"<div class=\"woocommerce-product-details__short-description\">\n<p>Phenida 10mg pilulele pot fi achizi\u021bionate online. somnifere f\u0103r\u0103 prescrip\u021bie medical\u0103, farmacie online uk, pastile cu steroizi de v\u00e2nzare, somnifere puternice, medicamente pentru ameliorarea durerii.<\/p>\n<\/p><\/div>\n","protected":false},"featured_media":5307,"comment_status":"open","ping_status":"closed","template":"","meta":[],"product_brand":[],"product_cat":[1117],"product_tag":[1794,1795,1800,1801,1802,1847,1848,1846,1796,1798,1803,1799,1849,1807,1808,1809,1829,1840,1841,1831,1804,1805,1810,1815,1816,1817,1818,1823,1824,1825,1826,1811,1812,1813,1814,1827,1820,1819,1821,1822,1828,1830,1833,1835,1832,1834,1797,1837,1838,1839,1842,1843,1844,1845,1806,1836,1850],"class_list":{"0":"post-5296","1":"product","2":"type-product","3":"status-publish","4":"has-post-thumbnail","6":"product_cat-cumparati-pastile-pentru-durere-somn-sex","7":"product_tag-accepts-paypal","8":"product_tag-adhd","9":"product_tag-buy-phenida-online","10":"product_tag-buy-phenidano-prescription","11":"product_tag-buy-phenida-10mg","12":"product_tag-ce-este-metilfenidatul-hcl","13":"product_tag-ce-este-phenida","14":"product_tag-ce-nseamn-phenida","15":"product_tag-cel-mai-bun-phenida-methylphenidate-hcl-10mg-online","16":"product_tag-buy-phenida","17":"product_tag-buyphenidacredit-card","18":"product_tag-cumpara-phenida-metilfenidat-hcl-10mg-online","19":"product_tag-de-unde-s-cumpr-phenida","20":"product_tag-este-phenida-acelasi-adderal","21":"product_tag-este-phenida-la-fel-ca-ritalin","22":"product_tag-este-phenida-acelai-asadder","23":"product_tag-fr-prescripii","24":"product_tag-phenida-online-farmacie-de-incredere","25":"product_tag-phenida-online-trusted-pharmacy-bitcoin","26":"product_tag-fenida","27":"product_tag-generic-ritalin-phenida","28":"product_tag-generic-phenida","29":"product_tag-methylphenidate-hcl","30":"product_tag-methylphenidate-hcl-5mg","31":"product_tag-methylphenidate-hcl-cd","32":"product_tag-methylphenidate-hcl-dosage-forms","33":"product_tag-methylphenidate-hcl-er","34":"product_tag-methylphenidate-hcl-er-36-mg","35":"product_tag-methylphenidate-hcl-er-54-mg","36":"product_tag-methylphenidate-hcl-er-cd","37":"product_tag-methylphenidate-hcl-er-tablets","38":"product_tag-metilfenidat-hcl-10mg","39":"product_tag-metilfenidat-hcl-18mg","40":"product_tag-metilfenidat-hcl-20-mg","41":"product_tag-metilfenidat-hcl-20mg","42":"product_tag-metilfenidat-hcl-efecte-secundare","43":"product_tag-metilfenidat-hcl-er-18-mg","44":"product_tag-metilfenidat-hcl-er-10-mg","45":"product_tag-metilfenidat-hcl-er-20-mg","46":"product_tag-metilfenidat-hcl-er-27-mg","47":"product_tag-metilfenidat-vs-metilfenidat-hcl","48":"product_tag-orderphenida","49":"product_tag-fenida-metilfenidat-hcl-10mg-de-vnzare-online","50":"product_tag-phenida-methylphenidate-hcl-10mg-review","51":"product_tag-fenida-metilfenidat-hcl-10mg","52":"product_tag-fenida-metilfenidat-hcl-10mg-pret","53":"product_tag-bulgaria-phenida","54":"product_tag-fenida-bulgeria","55":"product_tag-phenida-no-prescription","56":"product_tag-phenida-online","57":"product_tag-phenida-recenzii","58":"product_tag-fenida-ritalin","59":"product_tag-phenida-ritalin-zafa","60":"product_tag-phenida-zafa","61":"product_tag-este-focalin-numit-i-phenida","62":"product_tag-phenida-sticl","63":"product_tag-zafa-phenida","65":"first","66":"instock","67":"shipping-taxable","68":"purchasable","69":"product-type-variable","70":"has-default-attributes"},"yoast_head":"<!-- This site is optimized with the Yoast SEO plugin v27.3 - https:\/\/yoast.com\/product\/yoast-seo-wordpress\/ -->\n<title>Cump\u0103ra\u021bi pastile Phenida 10mg - Cele mai bune medicamente globale<\/title>\n<meta name=\"description\" content=\"Cump\u0103ra\u021bi Phenida 10mg pastile online. somnifere f\u0103r\u0103 prescrip\u021bie medical\u0103, comanda\u021bi pastile online, pastile cu steroizi de v\u00e2nzare, somnifere puternice, medicamente pentru calmarea durerii, farmacie online din Marea Britanie.\" \/>\n<meta name=\"robots\" content=\"index, follow, max-snippet:-1, max-image-preview:large, max-video-preview:-1\" \/>\n<link rel=\"canonical\" href=\"https:\/\/medicinasinc.com\/ro\/product\/cumpara-phenida-pastile-10mg\/\" \/>\n<meta property=\"og:locale\" content=\"en_US\" \/>\n<meta property=\"og:type\" content=\"article\" \/>\n<meta property=\"og:title\" content=\"Cump\u0103ra\u021bi pastile Phenida 10mg - Cele mai bune medicamente globale\" \/>\n<meta property=\"og:description\" content=\"Cump\u0103ra\u021bi Phenida 10mg pastile online. somnifere f\u0103r\u0103 prescrip\u021bie medical\u0103, comanda\u021bi pastile online, pastile cu steroizi de v\u00e2nzare, somnifere puternice, medicamente pentru calmarea durerii, farmacie online din Marea Britanie.\" \/>\n<meta property=\"og:url\" content=\"https:\/\/medicinasinc.com\/ro\/product\/cumpara-phenida-pastile-10mg\/\" \/>\n<meta property=\"og:site_name\" content=\"Medicinas Inc\" \/>\n<meta property=\"article:modified_time\" content=\"2022-03-22T01:02:05+00:00\" \/>\n<meta property=\"og:image\" content=\"https:\/\/medicinasinc.com\/ro\/wp-content\/uploads\/sites\/11\/2022\/02\/buy-phenida-10mg-pills-online.jpg\" \/>\n\t<meta property=\"og:image:width\" content=\"600\" \/>\n\t<meta property=\"og:image:height\" content=\"600\" \/>\n\t<meta property=\"og:image:type\" content=\"image\/jpeg\" \/>\n<meta name=\"twitter:card\" content=\"summary_large_image\" \/>\n<meta name=\"twitter:label1\" content=\"Est. reading time\" \/>\n\t<meta name=\"twitter:data1\" content=\"2 minutes\" \/>\n<script type=\"application\/ld+json\" class=\"yoast-schema-graph\">{\"@context\":\"https:\\\/\\\/schema.org\",\"@graph\":[{\"@type\":\"WebPage\",\"@id\":\"https:\\\/\\\/medicinasinc.com\\\/ro\\\/product\\\/cumpara-phenida-pastile-10mg\\\/\",\"url\":\"https:\\\/\\\/medicinasinc.com\\\/ro\\\/product\\\/cumpara-phenida-pastile-10mg\\\/\",\"name\":\"Cump\u0103ra\u021bi pastile Phenida 10mg - Cele mai bune medicamente globale\",\"isPartOf\":{\"@id\":\"https:\\\/\\\/medicinasinc.com\\\/ro\\\/#website\"},\"primaryImageOfPage\":{\"@id\":\"https:\\\/\\\/medicinasinc.com\\\/ro\\\/product\\\/cumpara-phenida-pastile-10mg\\\/#primaryimage\"},\"image\":{\"@id\":\"https:\\\/\\\/medicinasinc.com\\\/ro\\\/product\\\/cumpara-phenida-pastile-10mg\\\/#primaryimage\"},\"thumbnailUrl\":\"https:\\\/\\\/medicinasinc.com\\\/ro\\\/wp-content\\\/uploads\\\/sites\\\/11\\\/2022\\\/02\\\/buy-phenida-10mg-pills-online.jpg\",\"datePublished\":\"2022-02-21T18:20:49+00:00\",\"dateModified\":\"2022-03-22T01:02:05+00:00\",\"description\":\"Cump\u0103ra\u021bi Phenida 10mg pastile online. somnifere f\u0103r\u0103 prescrip\u021bie medical\u0103, comanda\u021bi pastile online, pastile cu steroizi de v\u00e2nzare, somnifere puternice, medicamente pentru calmarea durerii, farmacie online din Marea Britanie.\",\"breadcrumb\":{\"@id\":\"https:\\\/\\\/medicinasinc.com\\\/ro\\\/product\\\/cumpara-phenida-pastile-10mg\\\/#breadcrumb\"},\"inLanguage\":\"en-US\",\"potentialAction\":[{\"@type\":\"ReadAction\",\"target\":[\"https:\\\/\\\/medicinasinc.com\\\/ro\\\/product\\\/cumpara-phenida-pastile-10mg\\\/\"]}]},{\"@type\":\"ImageObject\",\"inLanguage\":\"en-US\",\"@id\":\"https:\\\/\\\/medicinasinc.com\\\/ro\\\/product\\\/cumpara-phenida-pastile-10mg\\\/#primaryimage\",\"url\":\"https:\\\/\\\/medicinasinc.com\\\/ro\\\/wp-content\\\/uploads\\\/sites\\\/11\\\/2022\\\/02\\\/buy-phenida-10mg-pills-online.jpg\",\"contentUrl\":\"https:\\\/\\\/medicinasinc.com\\\/ro\\\/wp-content\\\/uploads\\\/sites\\\/11\\\/2022\\\/02\\\/buy-phenida-10mg-pills-online.jpg\",\"width\":600,\"height\":600},{\"@type\":\"BreadcrumbList\",\"@id\":\"https:\\\/\\\/medicinasinc.com\\\/ro\\\/product\\\/cumpara-phenida-pastile-10mg\\\/#breadcrumb\",\"itemListElement\":[{\"@type\":\"ListItem\",\"position\":1,\"name\":\"Magazin\",\"item\":\"https:\\\/\\\/medicinasinc.com\\\/ro\\\/magazin\\\/\"},{\"@type\":\"ListItem\",\"position\":2,\"name\":\"Cump\u0103ra\u021bi pastile Phenida 10mg\"}]},{\"@type\":\"WebSite\",\"@id\":\"https:\\\/\\\/medicinasinc.com\\\/ro\\\/#website\",\"url\":\"https:\\\/\\\/medicinasinc.com\\\/ro\\\/\",\"name\":\"Medicinas Inc\",\"description\":\"Health Medical Clinic\",\"potentialAction\":[{\"@type\":\"SearchAction\",\"target\":{\"@type\":\"EntryPoint\",\"urlTemplate\":\"https:\\\/\\\/medicinasinc.com\\\/ro\\\/?s={search_term_string}\"},\"query-input\":{\"@type\":\"PropertyValueSpecification\",\"valueRequired\":true,\"valueName\":\"search_term_string\"}}],\"inLanguage\":\"en-US\"}]}<\/script>\n<!-- \/ Yoast SEO plugin. -->","yoast_head_json":{"title":"Cump\u0103ra\u021bi pastile Phenida 10mg - Cele mai bune medicamente globale","description":"Cump\u0103ra\u021bi Phenida 10mg pastile online. somnifere f\u0103r\u0103 prescrip\u021bie medical\u0103, comanda\u021bi pastile online, pastile cu steroizi de v\u00e2nzare, somnifere puternice, medicamente pentru calmarea durerii, farmacie online din Marea Britanie.","robots":{"index":"index","follow":"follow","max-snippet":"max-snippet:-1","max-image-preview":"max-image-preview:large","max-video-preview":"max-video-preview:-1"},"canonical":"https:\/\/medicinasinc.com\/ro\/product\/cumpara-phenida-pastile-10mg\/","og_locale":"en_US","og_type":"article","og_title":"Cump\u0103ra\u021bi pastile Phenida 10mg - Cele mai bune medicamente globale","og_description":"Cump\u0103ra\u021bi Phenida 10mg pastile online. somnifere f\u0103r\u0103 prescrip\u021bie medical\u0103, comanda\u021bi pastile online, pastile cu steroizi de v\u00e2nzare, somnifere puternice, medicamente pentru calmarea durerii, farmacie online din Marea Britanie.","og_url":"https:\/\/medicinasinc.com\/ro\/product\/cumpara-phenida-pastile-10mg\/","og_site_name":"Medicinas Inc","article_modified_time":"2022-03-22T01:02:05+00:00","og_image":[{"width":600,"height":600,"url":"https:\/\/medicinasinc.com\/ro\/wp-content\/uploads\/sites\/11\/2022\/02\/buy-phenida-10mg-pills-online.jpg","type":"image\/jpeg"}],"twitter_card":"summary_large_image","twitter_misc":{"Est. reading time":"2 minutes"},"schema":{"@context":"https:\/\/schema.org","@graph":[{"@type":"WebPage","@id":"https:\/\/medicinasinc.com\/ro\/product\/cumpara-phenida-pastile-10mg\/","url":"https:\/\/medicinasinc.com\/ro\/product\/cumpara-phenida-pastile-10mg\/","name":"Cump\u0103ra\u021bi pastile Phenida 10mg - Cele mai bune medicamente globale","isPartOf":{"@id":"https:\/\/medicinasinc.com\/ro\/#website"},"primaryImageOfPage":{"@id":"https:\/\/medicinasinc.com\/ro\/product\/cumpara-phenida-pastile-10mg\/#primaryimage"},"image":{"@id":"https:\/\/medicinasinc.com\/ro\/product\/cumpara-phenida-pastile-10mg\/#primaryimage"},"thumbnailUrl":"https:\/\/medicinasinc.com\/ro\/wp-content\/uploads\/sites\/11\/2022\/02\/buy-phenida-10mg-pills-online.jpg","datePublished":"2022-02-21T18:20:49+00:00","dateModified":"2022-03-22T01:02:05+00:00","description":"Cump\u0103ra\u021bi Phenida 10mg pastile online. somnifere f\u0103r\u0103 prescrip\u021bie medical\u0103, comanda\u021bi pastile online, pastile cu steroizi de v\u00e2nzare, somnifere puternice, medicamente pentru calmarea durerii, farmacie online din Marea Britanie.","breadcrumb":{"@id":"https:\/\/medicinasinc.com\/ro\/product\/cumpara-phenida-pastile-10mg\/#breadcrumb"},"inLanguage":"en-US","potentialAction":[{"@type":"ReadAction","target":["https:\/\/medicinasinc.com\/ro\/product\/cumpara-phenida-pastile-10mg\/"]}]},{"@type":"ImageObject","inLanguage":"en-US","@id":"https:\/\/medicinasinc.com\/ro\/product\/cumpara-phenida-pastile-10mg\/#primaryimage","url":"https:\/\/medicinasinc.com\/ro\/wp-content\/uploads\/sites\/11\/2022\/02\/buy-phenida-10mg-pills-online.jpg","contentUrl":"https:\/\/medicinasinc.com\/ro\/wp-content\/uploads\/sites\/11\/2022\/02\/buy-phenida-10mg-pills-online.jpg","width":600,"height":600},{"@type":"BreadcrumbList","@id":"https:\/\/medicinasinc.com\/ro\/product\/cumpara-phenida-pastile-10mg\/#breadcrumb","itemListElement":[{"@type":"ListItem","position":1,"name":"Magazin","item":"https:\/\/medicinasinc.com\/ro\/magazin\/"},{"@type":"ListItem","position":2,"name":"Cump\u0103ra\u021bi pastile Phenida 10mg"}]},{"@type":"WebSite","@id":"https:\/\/medicinasinc.com\/ro\/#website","url":"https:\/\/medicinasinc.com\/ro\/","name":"Medicinas Inc","description":"Health Medical Clinic","potentialAction":[{"@type":"SearchAction","target":{"@type":"EntryPoint","urlTemplate":"https:\/\/medicinasinc.com\/ro\/?s={search_term_string}"},"query-input":{"@type":"PropertyValueSpecification","valueRequired":true,"valueName":"search_term_string"}}],"inLanguage":"en-US"}]}},"_links":{"self":[{"href":"https:\/\/medicinasinc.com\/ro\/wp-json\/wp\/v2\/product\/5296","targetHints":{"allow":["GET"]}}],"collection":[{"href":"https:\/\/medicinasinc.com\/ro\/wp-json\/wp\/v2\/product"}],"about":[{"href":"https:\/\/medicinasinc.com\/ro\/wp-json\/wp\/v2\/types\/product"}],"replies":[{"embeddable":true,"href":"https:\/\/medicinasinc.com\/ro\/wp-json\/wp\/v2\/comments?post=5296"}],"wp:featuredmedia":[{"embeddable":true,"href":"https:\/\/medicinasinc.com\/ro\/wp-json\/wp\/v2\/media\/5307"}],"wp:attachment":[{"href":"https:\/\/medicinasinc.com\/ro\/wp-json\/wp\/v2\/media?parent=5296"}],"wp:term":[{"taxonomy":"product_brand","embeddable":true,"href":"https:\/\/medicinasinc.com\/ro\/wp-json\/wp\/v2\/product_brand?post=5296"},{"taxonomy":"product_cat","embeddable":true,"href":"https:\/\/medicinasinc.com\/ro\/wp-json\/wp\/v2\/product_cat?post=5296"},{"taxonomy":"product_tag","embeddable":true,"href":"https:\/\/medicinasinc.com\/ro\/wp-json\/wp\/v2\/product_tag?post=5296"}],"curies":[{"name":"wp","href":"https:\/\/api.w.org\/{rel}","templated":true}]}}