{"id":5295,"date":"2022-02-21T18:18:17","date_gmt":"2022-02-21T18:18:17","guid":{"rendered":"https:\/\/medicinasinc.com\/ro\/?post_type=product&#038;p=5295"},"modified":"2022-03-22T01:02:19","modified_gmt":"2022-03-22T01:02:19","slug":"cumpara-percocet-pastile-de-10-mg","status":"publish","type":"product","link":"https:\/\/medicinasinc.com\/ro\/product\/cumpara-percocet-pastile-de-10-mg\/","title":{"rendered":"Cump\u0103ra\u021bi pastile Percocet 10mg"},"content":{"rendered":"<h1 style=\"text-align: center\">Cump\u0103ra\u021bi pastile de Percocet 10mg online.<\/h1>\n<div class=\"Section\" style=\"text-align: center\">\n<h1>DESCRIERE<\/h1>\n<p class=\"First\"><span class=\"Bold\">Clorhidratul de oxicodon\u0103 \u0219i acetaminofenul sunt disponibile sub form\u0103 de tablete pentru administrare oral\u0103.<\/span><\/p>\n<p>Fiecare comprimat pentru administrare oral\u0103 con\u021bine clorhidrat de oxicodon\u0103 \u0219i acetaminofen \u00een urm\u0103toarele concentra\u021bii :<\/p>\n<p>Clorhidrat de oxicodon\u0103, USP\u00a0\u00a0\u00a0\u00a0\u00a0\u00a0\u00a0\u00a0\u00a0\u00a0\u00a0\u00a0 2,5 mg*<br \/> (*2,5 mg de clorhidrat de oxicodon\u0103 este echivalent cu 2,2409 mg de oxicodon\u0103.)<br \/> Acetaminofen, USP\u00a0\u00a0\u00a0\u00a0\u00a0\u00a0\u00a0\u00a0\u00a0\u00a0\u00a0\u00a0\u00a0\u00a0\u00a0\u00a0\u00a0\u00a0\u00a0\u00a0\u00a0\u00a0\u00a0\u00a0\u00a0\u00a0\u00a0\u00a0\u00a0\u00a0\u00a0\u00a0\u00a0\u00a0\u00a0\u00a0\u00a0\u00a0\u00a0\u00a0\u00a0\u00a0\u00a0\u00a0\u00a0\u00a0\u00a0\u00a0\u00a0\u00a0\u00a0\u00a0\u00a0\u00a0\u00a0\u00a0\u00a0\u00a0\u00a0\u00a0\u00a0\u00a0\u00a0\u00a0\u00a0\u00a0\u00a0\u00a0\u00a0\u00a0\u00a0\u00a0\u00a0\u00a0\u00a0\u00a0\u00a0\u00a0\u00a0\u00a0\u00a0\u00a0\u00a0\u00a0\u00a0\u00a0\u00a0\u00a0\u00a0\u00a0\u00a0\u00a0\u00a0\u00a0\u00a0\u00a0\u00a0\u00a0\u00a0\u00a0\u00a0\u00a0\u00a0\u00a0\u00a0\u00a0\u00a0\u00a0\u00a0\u00a0\u00a0\u00a0\u00a0\u00a0\u00a0\u00a0Clorhidrat de oxicodon\u0103, USP\u00a0\u00a0\u00a0\u00a0\u00a0\u00a0\u00a0\u00a0\u00a0\u00a0\u00a0\u00a0 5 mg*<br \/> (*5 mg de clorhidrat de oxicodon\u0103 este echivalent cu 4,4815 mg de oxicodon\u0103.)<br \/> Acetaminofen, USP\u00a0\u00a0\u00a0\u00a0\u00a0\u00a0\u00a0\u00a0\u00a0\u00a0\u00a0\u00a0\u00a0\u00a0\u00a0\u00a0\u00a0\u00a0\u00a0\u00a0\u00a0\u00a0\u00a0\u00a0\u00a0\u00a0\u00a0\u00a0\u00a0\u00a0\u00a0\u00a0\u00a0\u00a0\u00a0\u00a0\u00a0\u00a0\u00a0\u00a0\u00a0\u00a0\u00a0\u00a0\u00a0\u00a0\u00a0\u00a0\u00a0\u00a0\u00a0\u00a0\u00a0\u00a0\u00a0\u00a0\u00a0\u00a0\u00a0\u00a0\u00a0\u00a0\u00a0\u00a0\u00a0\u00a0\u00a0\u00a0\u00a0\u00a0\u00a0\u00a0\u00a0\u00a0\u00a0\u00a0\u00a0\u00a0\u00a0\u00a0\u00a0\u00a0\u00a0\u00a0\u00a0\u00a0\u00a0\u00a0\u00a0\u00a0\u00a0\u00a0\u00a0\u00a0\u00a0\u00a0\u00a0\u00a0\u00a0\u00a0\u00a0\u00a0\u00a0\u00a0\u00a0\u00a0\u00a0\u00a0\u00a0\u00a0\u00a0\u00a0\u00a0\u00a0\u00a0\u00a0\u00a0\u00a0\u00a0\u00a0\u00a0\u00a0\u00a0\u00a0\u00a0\u00a0\u00a0\u00a0\u00a0\u00a0\u00a0\u00a0\u00a0\u00a0\u00a0\u00a0\u00a0\u00a0\u00a0\u00a0\u00a0\u00a0\u00a0\u00a0\u00a0\u00a0\u00a0\u00a0\u00a0\u00a0\u00a0\u00a0\u00a0\u00a0\u00a0\u00a0\u00a0\u00a0\u00a0\u00a0\u00a0\u00a0\u00a0\u00a0\u00a0\u00a0\u00a0\u00a0\u00a0\u00a0\u00a0\u00a0\u00a0\u00a0\u00a0\u00a0\u00a0\u00a0\u00a0\u00a0\u00a0\u00a0\u00a0\u00a0\u00a0\u00a0\u00a0mg 5 mg de clorhidrat de oxicodon\u0103 de clorhidrat de 4,4815 mg de oxicodon\u0103.) br \/&gt; (*7,5 mg clorhidrat de oxicodon\u0103 este echivalent cu 6,7228 mg de oxicodon\u0103.)<br \/> Acetaminofen, USP\u00a0\u00a0\u00a0\u00a0\u00a0\u00a0\u00a0\u00a0\u00a0\u00a0\u00a0\u00a0\u00a0\u00a0 \u00a0\u00a0\u00a0\u00a0\u00a0\u00a0\u00a0\u00a0\u00a0\u00a0\u00a0\u00a0 325 mg<\/p>\n<p>Oxicodon\u0103 H clorhidrat, USP\u00a0\u00a0\u00a0\u00a0\u00a0\u00a0\u00a0\u00a0\u00a0\u00a0\u00a0\u00a0 10 mg*<br \/> (*10 mg clorhidrat de oxicodon\u0103 este echivalent cu 8,9637 mg de oxicodon\u0103.)<br \/> Acetaminofen, USP\u00a0\u00a0\u00a0\u00a0\u00a0\u00a0\u00a0\u00a0\u00a0\u00a0\u00a0\u00a0\u00a0\u00a0\u00a0\u00a0 \u00a0\u00a0\u00a0\u00a0\u00a0\u00a0\u00a0\u00a0 \u00a0\u00a0\u00a0\u00a0\u00a0\u00a0\u00a0\u00a0 \u00a0\u00a0\u00a0\u00a0\u00a0\u00a0\u00a0\u00a0&gt; 3\u00a0mg de concentra\u021bie de CO2    3\u00a0mg de CO2 puternice puternic&gt;\u00a0con\u021bin, de asemenea, urm\u0103toarele ingrediente inactive: dioxid de siliciu coloidal, croscarmeloz\u0103 de sodiu, celuloz\u0103 microcristalin\u0103, povidon\u0103, amidon de porumb pregelatinizat \u0219i acid stearic. Poate con\u021bine \u0219i crospovidon\u0103. \u00cen plus, concentra\u021bia de 2,5 mg\/325 mg con\u021bine FD&amp;C Red No. 40 Aluminium Lake \u0219i concentra\u021bia de 5 mg\/325 mg con\u021bine FD&amp;C Blue No. 1 Aluminium Lake. Concentra\u021bia de 7,5 mg\/325 mg con\u021bine FD&amp;C Yellow No. 6 Aluminium Lake. Concentra\u021bia de 10 mg\/325 mg con\u021bine D&amp;C Yellow No. 10 Aluminium Lake. Concentra\u021bia de 7,5 mg\/325 mg \u0219i concentra\u021bia de 10 mg\/325 mg pot con\u021bine, de asemenea, amidon de porumb.<\/p>\n<p>Comprimatele clorhidrat de oxicodon\u0103 \u0219i acetaminofen con\u021bin oxicodon\u0103, 14-hidroxidihidrocodeinon\u0103, un analgezic opioid semisintetic care apare sub form\u0103 de alb p\u00e2n\u0103 la pulbere cristalin\u0103 fin\u0103 alb murdar. Formula molecular\u0103 a clorhidratului de oxicodon\u0103 este C<span class=\"Sub\">18<\/span>H<span class=\"Sub\">21<\/span>NO<span class=\"Sub\">4<\/span>\u00a0\u2219 HCl \u0219i greutatea molecular\u0103 este 351,82. Este derivat din alcaloidul de opiu, tebain\u0103, \u0219i poate fi reprezentat prin urm\u0103toarea formul\u0103 structural\u0103:<\/p>\n<div class=\"Figure\"><img decoding=\"async\" src=\"https:\/\/www.endo.com\/Image%20Library \/Endo\/EndoPharma\/Products\/Prescribing_Information\/pert-oxy-and-apap-tab-usp-1.jpg\" alt=\"structura chimic\u0103 a clorhidratului de oxicodon\u0103\" \/><\/div>\n<p>Comprimatele de clorhidrat de oxicodon\u0103 \u0219i acetaminofen con\u021bin acetaminofen, 4\u2032-hidroxiacetanilida, este un analgezic \u0219i antipiretic non-opiaceu, non-salicilat, care apare sub form\u0103 de pulbere cristalin\u0103 alb\u0103, inodor\u0103. Formula molecular\u0103 pentru acetaminofen este C<span class=\"Sub\">8<\/span>H<span class=\"Sub\">9<\/span>NO<span class=\"Sub\">2<\/span>\u00a0\u0219i greutatea molecular\u0103 este 151,16. Poate fi reprezentat prin urm\u0103toarea formul\u0103 structural\u0103:<\/p>\n<div class=\"Figure\"><img decoding=\"async\" src=\"https:\/\/www.endo.com\/Image%20Library\/Endo\/EndoPharma\/Products\/Prescribing_Information\/pert -oxy-and-apap-tab-usp-2.jpg\" alt=\"Formula structurala acetaminofenului\" \/>&nbsp;<\/p>\n<p class=\"MultiMediaCaption\">Formula structurala acetaminofenului<\/p>\n<\/p><\/div><\/div>\n<div class=\"Section\" style=\"text-align: center\">\n<p>Fiecare comprimat, pentru administrare oral\u0103, con\u021bine clorhidrat de oxicodon\u0103 \u0219i acetaminofen \u00een urm\u0103toarele concentra\u021bii:<\/p>\n<p>Clorhidrat de oxicodon\u0103, USP\u00a02,5 mg*<br \/> Acetaminofen, USP 325 mg<br \/> *2,5 mg oxicodon\u0103 HCI este echivalent cu 2,2409 mg oxicodon\u0103.<\/p>\n<p>Clorhidrat de oxicodon\u0103, USP\u00a05 mg*<br \/> Acetaminofen, USP 325 mg<br \/> *5 mg oxicodon\u0103 HCI este echivalent cu 4,4815 mg oxicodon\u0103.<\/p>\n<p>Clorhidrat de oxicodon\u0103, USP\u00a07,5 mg*<br \/> Acetaminofen, USP 325 mg<br \/> *7,5 mg oxicodon\u0103 HCI este echivalent\u0103 cu 6,7228 mg de oxicodon\u0103.<\/p>\n<p>Clorhidrat de oxicodon\u0103, USP\u00a010 mg*<br \/> Acetami nophen, USP 325 mg<br \/> *10 mg oxicodon\u0103 HCI este echivalent cu 8,9637 mg oxicodon\u0103.<\/p>\n<p>Toate concentra\u021biile PERCOCET con\u021bin, de asemenea, urm\u0103toarele ingrediente inactive: Dioxid de siliciu coloidal, croscarmeloz\u0103 sodic\u0103, crospovidon\u0103, celuloz\u0103 microcristalin\u0103, povidon\u0103, amidon de porumb pregelatinizat \u0219i acid stearic. \u00cen plus, concentra\u021bia de 2,5 mg\/325 mg con\u021bine FD&amp;C Red No. 40 Aluminium Lake, iar concentra\u021bia de 5 mg\/325 mg con\u021bine FD&amp;C Blue No. 1 Aluminium Lake. Concentra\u021bia de 7,5 mg\/325 mg con\u021bine lac de aluminiu FD&amp;C galben nr. Concentra\u021bia de 10 mg\/325 mg con\u021bine D&amp;C Yellow No. 10 Aluminium Lake. Concentra\u021biile de 7,5 mg\/325 mg \u0219i 10 mg\/325 mg pot con\u021bine, de asemenea, amidon de porumb.<\/p>\n<p>Oxicodona, 14-hidroxidihidrocodeinon\u0103, este un analgezic opioid semisintetic care apare sub form\u0103 de pulbere cristalin\u0103 alb\u0103, inodor\u0103, cu o solu\u021bie salin\u0103. , gust amar. Formula molecular\u0103 pentru clorhidratul de oxicodon\u0103 este C<sub>18<\/sub>H<sub>21<\/sub>NO<sub>4<\/sub>\u2022HCl \u0219i greutatea molecular\u0103 este 351,82. Este derivat din alcaloidul de opiu tebain\u0103 \u0219i poate fi reprezentat prin urm\u0103toarea formul\u0103 structural\u0103:<\/p>\n<p>&nbsp;<\/p>\n<table class=\"blackpic\" width=\"256\" cellspacing=\"0\">\n<tbody>\n<tr>\n<td><img loading=\"lazy\" decoding=\"async\" title=\"Oxicodon\u0103 - ilustra\u021bie cu formula structural\u0103\" src=\"https:\/\/images.rxlist.com\/images\/rxlist\/oxyapap1.gif\" alt=\"Oxicodon\u0103 - ilustra\u021bie cu formula structural\u0103\" width=\"256\" height=\"154\" \/><\/td>\n<\/tr>\n<\/tbody>\n<\/table>\n<p>&nbsp;<\/p>\n<p>Acetaminofenul, 4\u2032-hidroxiacetanilida, este un\u00a0non -opiaceu,\u00a0analgezic nesalicilat \u0219i\u00a0antipiretic\u00a0care apare sub form\u0103 de pulbere cristalin\u0103 alb\u0103, inodor\u0103, cu gust u\u0219or amar. Formula molecular\u0103 pentru acetaminofen este C<sub>8<\/sub>H<sub>9<\/sub>NO<sub>2<\/sub>\u00a0\u0219i greutatea molecular\u0103 este 151,17. Poate fi reprezentat prin urm\u0103toarea formul\u0103 structural\u0103:<\/p>\n<p>&nbsp;<\/p>\n<table class=\"blackpic\" width=\"232\" cellspacing=\"0\">\n<tbody>\n<tr>\n<td> <img decoding=\"async\" title=\"Acetaminofen - ilustra\u021bie cu formula structural\u0103\" src=\"https:\/\/images.rxlist.com\/images\/rxlist\/oxyapap2.gif\" alt=\"Acetaminofen - ilustra\u021bie cu formula structural\u0103\" width=\"232\" height=\"106 \" \/><\/td>\n<\/tr>\n<\/tbody>\n<\/table><\/div>\n<p style=\"text-align: center\">Cump\u0103ra\u021bi online pastile Percocet 10mg. Sunt disponibile \u0219i alte pastile precum oxicodona. Somnifere f\u0103r\u0103 prescrip\u021bie medical\u0103 de v\u00e2nzare la pre\u021buri foarte ieftine.<\/p>\n<p style=\"text-align: center\"><strong>c\u00e2t timp r\u0103m\u00e2ne percocet \u00een sistemul dumneavoastr\u0103, c\u00e2t timp r\u0103m\u00e2ne percocet \u00een sistemul dumneavoastr\u0103 , cum arat\u0103 un percocet, cum se simte percocet, c\u00e2t timp r\u0103m\u00e2ne percocet \u00een urin\u0103, ce este un percocet, cum arat\u0103 percocet, pentru ce se utilizeaz\u0103 percocet, cum s\u0103 ob\u021bine\u021bi percocet prescris, c\u00e2t timp r\u0103m\u00e2ne percocet r\u0103m\u00e2i \u00een urin\u0103, ce se afl\u0103 \u00een percocet, c\u00e2t dureaz\u0103 percocetul, cum arat\u0103 un percocet 10, c\u00e2t dureaz\u0103 retragerea percocetului, ce culoare este percocetul, de ce percocetul te provoac\u0103 m\u00e2nc\u0103rime, ce \u00ee\u021bi face percocetul, ce se simte un percocet high, cum arat\u0103 pastilele percocet, c\u00e2t cost\u0103 percocet, cum arat\u0103 un percocet 30, c\u00e2t pot s\u0103 v\u00e2nd percocet 5 325, c\u00e2te percocet s\u0103 supradozezi, ce este mai puternic norco sau percocet, m\u00e2nc\u0103rime de percocet cum se opre\u0219te, c\u00e2t cost\u0103 percocet f\u0103r\u0103 asigurare, c\u00e2t dureaz\u0103 percocet high, c\u00e2t timp r\u0103m\u00e2ne un percocet \u00een sistemul t\u0103u, care este oxicodon\u0103 sau percocet mai puternic\u0103, ce este vicodin sau percocet mai puternic, de unde s\u0103 ob\u021bii percocet, cum te face percocetul s\u0103 te sim\u021bi<\/strong><\/p>\n","protected":false},"excerpt":{"rendered":"<div class=\"woocommerce-product-details__short-description\">\n<p>Cump\u0103ra\u021bi online pastile Percocet 10mg. Somnifere puternice, medicamente pentru ameliorarea durerii, farmacie online din Marea Britanie, , pastile pentru durere de v\u00e2nzare, medicamente pentru ameliorarea durerii, cump\u0103rare de medicamente online, cump\u0103rare calmante online, cump\u0103rare medicamente pentru durere online.<\/p>\n<\/p><\/div>\n","protected":false},"featured_media":5305,"comment_status":"open","ping_status":"closed","template":"","meta":[],"product_brand":[],"product_cat":[1117],"product_tag":[1721,1722,1723,1735,1775,1730,1731,1791,1725,1788,1789,1790,1724,1758,1784,1774,1726,1732,1729,1773,1792,1733,1734,1691,1736,1770,1781,1782,1769,1771,1728,1737,1772,1793,1738,1739,1745,1740,1741,1742,1743,1744,1746,1747,1748,1749,1750,1751,1752,1753,1754,1756,1757,1761,1762,1763,1727,1766,1765,1767,1768,1783,1759,1760,1776,1777,1778,1780,1755,1779,1764,1786,1785,1787],"class_list":{"0":"post-5295","1":"product","2":"type-product","3":"status-publish","4":"has-post-thumbnail","6":"product_cat-cumparati-pastile-pentru-durere-somn-sex","7":"product_tag-30-mg-percocet","8":"product_tag-5-mg-percocet","9":"product_tag-blue-percocet","10":"product_tag-molly-percocet-cntec","11":"product_tag-percocet-cntec","12":"product_tag-ct-de-timp-percocet-st-n-sistemul-voastr","13":"product_tag-ct-de-timp-resta-percocetul-n-urin","14":"product_tag-ce-este-percocet","15":"product_tag-cheap-percocet-pills","16":"product_tag-cum-arata-pastilele-percocet","17":"product_tag-ce-arata-un-percocet","18":"product_tag-ce-se-simt-percocet-ca","19":"product_tag-cumpr-percocet-online","20":"product_tag-percocet-7-5-325-efecte","21":"product_tag-efecte-secundare-de-percocet","22":"product_tag-efecte-secundare-percocet","23":"product_tag-efecte-de-percocet","24":"product_tag-este-oxicodona-la-aceeai-cu-percocetul","25":"product_tag-generic-percocet","26":"product_tag-percocet-pastile-imagini","27":"product_tag-la-ce-este-folosit-percocetul","28":"product_tag-mncrime-percocet","29":"product_tag-molly-percocet","30":"product_tag-oxicodon-vs-percocet","31":"product_tag-oxycontin-vs-percocet","32":"product_tag-percocet-pilul","33":"product_tag-pastile-care-seamn-percocet","34":"product_tag-pastile-care-seamn-percocet-5mg","35":"product_tag-percocet-pilule-durere","36":"product_tag-percocet-pastile","37":"product_tag-pastile-percocet-fals","38":"product_tag-durere-pastile-de-vanzare-percocet","39":"product_tag-pastile-percocet-de-vanzare","40":"product_tag-galben-percoce","41":"product_tag-percocet-10","42":"product_tag-percocet-10-imagini","43":"product_tag-percocet-10-mg","44":"product_tag-percocet-10-yellow","45":"product_tag-percocet-10-325","46":"product_tag-percocet-10-325-efecte","47":"product_tag-percocet-10-325-efectos-alb","48":"product_tag-percocet-10-325-espanol","49":"product_tag-percocet-15","50":"product_tag-percocet-15-mg","51":"product_tag-percocet-20-mg","52":"product_tag-percocet-30","53":"product_tag-percocet-30-mg","54":"product_tag-percocet-325","55":"product_tag-percocet-5","56":"product_tag-percocet-5-mg","57":"product_tag-percocet-5-325","58":"product_tag-percocet-512","59":"product_tag-percocet-7-5","60":"product_tag-percocet-dosage","61":"product_tag-percocet-drug","62":"product_tag-percocet-effects","63":"product_tag-fals-percocet","64":"product_tag-percocet-in-spaniola","65":"product_tag-percocet-high","66":"product_tag-percocet-molly","67":"product_tag-percocet-online","68":"product_tag-roz-percocet","69":"product_tag-percocet-i-alcool","70":"product_tag-percocet-i-xanax","71":"product_tag-percocet-strada-valoare","72":"product_tag-percocet-vs-tramadol","73":"product_tag-percocet-vs-vicodin","74":"product_tag-poze-de-pastile-percocet","75":"product_tag-percocet-5-325-pret","76":"product_tag-percocet-retragere","77":"product_tag-percocet-sentiment","78":"product_tag-tramadol-vs-percocet","79":"product_tag-strada-valoare-de-percocet","80":"product_tag-vicodin-vs-percocet","82":"first","83":"instock","84":"shipping-taxable","85":"purchasable","86":"product-type-variable","87":"has-default-attributes"},"yoast_head":"<!-- This site is optimized with the Yoast SEO plugin v27.3 - https:\/\/yoast.com\/product\/yoast-seo-wordpress\/ -->\n<title>Cump\u0103ra\u021bi pastile de 10 mg Percocet - Cele mai bune medicamente globale<\/title>\n<meta name=\"description\" content=\"Cump\u0103ra\u021bi pastile Percocet 10mg online. Somnifere puternice, medicamente pentru ameliorarea durerii, farmacie online Marea Britanie, , pastile pentru durere de v\u00e2nzare, medicamente pentru calmarea durerii, cump\u0103rare de medicamente online, cump\u0103rare analgezice online, cump\u0103rare medicamente pentru durere online.\" \/>\n<meta name=\"robots\" content=\"index, follow, max-snippet:-1, max-image-preview:large, max-video-preview:-1\" \/>\n<link rel=\"canonical\" href=\"https:\/\/medicinasinc.com\/ro\/product\/cumpara-percocet-pastile-de-10-mg\/\" \/>\n<meta property=\"og:locale\" content=\"en_US\" \/>\n<meta property=\"og:type\" content=\"article\" \/>\n<meta property=\"og:title\" content=\"Cump\u0103ra\u021bi pastile de 10 mg Percocet - Cele mai bune medicamente globale\" \/>\n<meta property=\"og:description\" content=\"Cump\u0103ra\u021bi pastile Percocet 10mg online. Somnifere puternice, medicamente pentru ameliorarea durerii, farmacie online Marea Britanie, , pastile pentru durere de v\u00e2nzare, medicamente pentru calmarea durerii, cump\u0103rare de medicamente online, cump\u0103rare analgezice online, cump\u0103rare medicamente pentru durere online.\" \/>\n<meta property=\"og:url\" content=\"https:\/\/medicinasinc.com\/ro\/product\/cumpara-percocet-pastile-de-10-mg\/\" \/>\n<meta property=\"og:site_name\" content=\"Medicinas Inc\" \/>\n<meta property=\"article:modified_time\" content=\"2022-03-22T01:02:19+00:00\" \/>\n<meta property=\"og:image\" content=\"https:\/\/medicinasinc.com\/ro\/wp-content\/uploads\/sites\/11\/2022\/02\/Buy-Percocet-10mg-pills.jpg\" \/>\n\t<meta property=\"og:image:width\" content=\"600\" \/>\n\t<meta property=\"og:image:height\" content=\"400\" \/>\n\t<meta property=\"og:image:type\" content=\"image\/jpeg\" \/>\n<meta name=\"twitter:card\" content=\"summary_large_image\" \/>\n<meta name=\"twitter:label1\" content=\"Est. reading time\" \/>\n\t<meta name=\"twitter:data1\" content=\"5 minutes\" \/>\n<script type=\"application\/ld+json\" class=\"yoast-schema-graph\">{\"@context\":\"https:\\\/\\\/schema.org\",\"@graph\":[{\"@type\":\"WebPage\",\"@id\":\"https:\\\/\\\/medicinasinc.com\\\/ro\\\/product\\\/cumpara-percocet-pastile-de-10-mg\\\/\",\"url\":\"https:\\\/\\\/medicinasinc.com\\\/ro\\\/product\\\/cumpara-percocet-pastile-de-10-mg\\\/\",\"name\":\"Cump\u0103ra\u021bi pastile de 10 mg Percocet - Cele mai bune medicamente globale\",\"isPartOf\":{\"@id\":\"https:\\\/\\\/medicinasinc.com\\\/ro\\\/#website\"},\"primaryImageOfPage\":{\"@id\":\"https:\\\/\\\/medicinasinc.com\\\/ro\\\/product\\\/cumpara-percocet-pastile-de-10-mg\\\/#primaryimage\"},\"image\":{\"@id\":\"https:\\\/\\\/medicinasinc.com\\\/ro\\\/product\\\/cumpara-percocet-pastile-de-10-mg\\\/#primaryimage\"},\"thumbnailUrl\":\"https:\\\/\\\/medicinasinc.com\\\/ro\\\/wp-content\\\/uploads\\\/sites\\\/11\\\/2022\\\/02\\\/Buy-Percocet-10mg-pills.jpg\",\"datePublished\":\"2022-02-21T18:18:17+00:00\",\"dateModified\":\"2022-03-22T01:02:19+00:00\",\"description\":\"Cump\u0103ra\u021bi pastile Percocet 10mg online. Somnifere puternice, medicamente pentru ameliorarea durerii, farmacie online Marea Britanie, , pastile pentru durere de v\u00e2nzare, medicamente pentru calmarea durerii, cump\u0103rare de medicamente online, cump\u0103rare analgezice online, cump\u0103rare medicamente pentru durere online.\",\"breadcrumb\":{\"@id\":\"https:\\\/\\\/medicinasinc.com\\\/ro\\\/product\\\/cumpara-percocet-pastile-de-10-mg\\\/#breadcrumb\"},\"inLanguage\":\"en-US\",\"potentialAction\":[{\"@type\":\"ReadAction\",\"target\":[\"https:\\\/\\\/medicinasinc.com\\\/ro\\\/product\\\/cumpara-percocet-pastile-de-10-mg\\\/\"]}]},{\"@type\":\"ImageObject\",\"inLanguage\":\"en-US\",\"@id\":\"https:\\\/\\\/medicinasinc.com\\\/ro\\\/product\\\/cumpara-percocet-pastile-de-10-mg\\\/#primaryimage\",\"url\":\"https:\\\/\\\/medicinasinc.com\\\/ro\\\/wp-content\\\/uploads\\\/sites\\\/11\\\/2022\\\/02\\\/Buy-Percocet-10mg-pills.jpg\",\"contentUrl\":\"https:\\\/\\\/medicinasinc.com\\\/ro\\\/wp-content\\\/uploads\\\/sites\\\/11\\\/2022\\\/02\\\/Buy-Percocet-10mg-pills.jpg\",\"width\":600,\"height\":400},{\"@type\":\"BreadcrumbList\",\"@id\":\"https:\\\/\\\/medicinasinc.com\\\/ro\\\/product\\\/cumpara-percocet-pastile-de-10-mg\\\/#breadcrumb\",\"itemListElement\":[{\"@type\":\"ListItem\",\"position\":1,\"name\":\"Magazin\",\"item\":\"https:\\\/\\\/medicinasinc.com\\\/ro\\\/magazin\\\/\"},{\"@type\":\"ListItem\",\"position\":2,\"name\":\"Cump\u0103ra\u021bi pastile Percocet 10mg\"}]},{\"@type\":\"WebSite\",\"@id\":\"https:\\\/\\\/medicinasinc.com\\\/ro\\\/#website\",\"url\":\"https:\\\/\\\/medicinasinc.com\\\/ro\\\/\",\"name\":\"Medicinas Inc\",\"description\":\"Health Medical Clinic\",\"potentialAction\":[{\"@type\":\"SearchAction\",\"target\":{\"@type\":\"EntryPoint\",\"urlTemplate\":\"https:\\\/\\\/medicinasinc.com\\\/ro\\\/?s={search_term_string}\"},\"query-input\":{\"@type\":\"PropertyValueSpecification\",\"valueRequired\":true,\"valueName\":\"search_term_string\"}}],\"inLanguage\":\"en-US\"}]}<\/script>\n<!-- \/ Yoast SEO plugin. -->","yoast_head_json":{"title":"Cump\u0103ra\u021bi pastile de 10 mg Percocet - Cele mai bune medicamente globale","description":"Cump\u0103ra\u021bi pastile Percocet 10mg online. Somnifere puternice, medicamente pentru ameliorarea durerii, farmacie online Marea Britanie, , pastile pentru durere de v\u00e2nzare, medicamente pentru calmarea durerii, cump\u0103rare de medicamente online, cump\u0103rare analgezice online, cump\u0103rare medicamente pentru durere online.","robots":{"index":"index","follow":"follow","max-snippet":"max-snippet:-1","max-image-preview":"max-image-preview:large","max-video-preview":"max-video-preview:-1"},"canonical":"https:\/\/medicinasinc.com\/ro\/product\/cumpara-percocet-pastile-de-10-mg\/","og_locale":"en_US","og_type":"article","og_title":"Cump\u0103ra\u021bi pastile de 10 mg Percocet - Cele mai bune medicamente globale","og_description":"Cump\u0103ra\u021bi pastile Percocet 10mg online. Somnifere puternice, medicamente pentru ameliorarea durerii, farmacie online Marea Britanie, , pastile pentru durere de v\u00e2nzare, medicamente pentru calmarea durerii, cump\u0103rare de medicamente online, cump\u0103rare analgezice online, cump\u0103rare medicamente pentru durere online.","og_url":"https:\/\/medicinasinc.com\/ro\/product\/cumpara-percocet-pastile-de-10-mg\/","og_site_name":"Medicinas Inc","article_modified_time":"2022-03-22T01:02:19+00:00","og_image":[{"width":600,"height":400,"url":"https:\/\/medicinasinc.com\/ro\/wp-content\/uploads\/sites\/11\/2022\/02\/Buy-Percocet-10mg-pills.jpg","type":"image\/jpeg"}],"twitter_card":"summary_large_image","twitter_misc":{"Est. reading time":"5 minutes"},"schema":{"@context":"https:\/\/schema.org","@graph":[{"@type":"WebPage","@id":"https:\/\/medicinasinc.com\/ro\/product\/cumpara-percocet-pastile-de-10-mg\/","url":"https:\/\/medicinasinc.com\/ro\/product\/cumpara-percocet-pastile-de-10-mg\/","name":"Cump\u0103ra\u021bi pastile de 10 mg Percocet - Cele mai bune medicamente globale","isPartOf":{"@id":"https:\/\/medicinasinc.com\/ro\/#website"},"primaryImageOfPage":{"@id":"https:\/\/medicinasinc.com\/ro\/product\/cumpara-percocet-pastile-de-10-mg\/#primaryimage"},"image":{"@id":"https:\/\/medicinasinc.com\/ro\/product\/cumpara-percocet-pastile-de-10-mg\/#primaryimage"},"thumbnailUrl":"https:\/\/medicinasinc.com\/ro\/wp-content\/uploads\/sites\/11\/2022\/02\/Buy-Percocet-10mg-pills.jpg","datePublished":"2022-02-21T18:18:17+00:00","dateModified":"2022-03-22T01:02:19+00:00","description":"Cump\u0103ra\u021bi pastile Percocet 10mg online. Somnifere puternice, medicamente pentru ameliorarea durerii, farmacie online Marea Britanie, , pastile pentru durere de v\u00e2nzare, medicamente pentru calmarea durerii, cump\u0103rare de medicamente online, cump\u0103rare analgezice online, cump\u0103rare medicamente pentru durere online.","breadcrumb":{"@id":"https:\/\/medicinasinc.com\/ro\/product\/cumpara-percocet-pastile-de-10-mg\/#breadcrumb"},"inLanguage":"en-US","potentialAction":[{"@type":"ReadAction","target":["https:\/\/medicinasinc.com\/ro\/product\/cumpara-percocet-pastile-de-10-mg\/"]}]},{"@type":"ImageObject","inLanguage":"en-US","@id":"https:\/\/medicinasinc.com\/ro\/product\/cumpara-percocet-pastile-de-10-mg\/#primaryimage","url":"https:\/\/medicinasinc.com\/ro\/wp-content\/uploads\/sites\/11\/2022\/02\/Buy-Percocet-10mg-pills.jpg","contentUrl":"https:\/\/medicinasinc.com\/ro\/wp-content\/uploads\/sites\/11\/2022\/02\/Buy-Percocet-10mg-pills.jpg","width":600,"height":400},{"@type":"BreadcrumbList","@id":"https:\/\/medicinasinc.com\/ro\/product\/cumpara-percocet-pastile-de-10-mg\/#breadcrumb","itemListElement":[{"@type":"ListItem","position":1,"name":"Magazin","item":"https:\/\/medicinasinc.com\/ro\/magazin\/"},{"@type":"ListItem","position":2,"name":"Cump\u0103ra\u021bi pastile Percocet 10mg"}]},{"@type":"WebSite","@id":"https:\/\/medicinasinc.com\/ro\/#website","url":"https:\/\/medicinasinc.com\/ro\/","name":"Medicinas Inc","description":"Health Medical Clinic","potentialAction":[{"@type":"SearchAction","target":{"@type":"EntryPoint","urlTemplate":"https:\/\/medicinasinc.com\/ro\/?s={search_term_string}"},"query-input":{"@type":"PropertyValueSpecification","valueRequired":true,"valueName":"search_term_string"}}],"inLanguage":"en-US"}]}},"_links":{"self":[{"href":"https:\/\/medicinasinc.com\/ro\/wp-json\/wp\/v2\/product\/5295","targetHints":{"allow":["GET"]}}],"collection":[{"href":"https:\/\/medicinasinc.com\/ro\/wp-json\/wp\/v2\/product"}],"about":[{"href":"https:\/\/medicinasinc.com\/ro\/wp-json\/wp\/v2\/types\/product"}],"replies":[{"embeddable":true,"href":"https:\/\/medicinasinc.com\/ro\/wp-json\/wp\/v2\/comments?post=5295"}],"wp:featuredmedia":[{"embeddable":true,"href":"https:\/\/medicinasinc.com\/ro\/wp-json\/wp\/v2\/media\/5305"}],"wp:attachment":[{"href":"https:\/\/medicinasinc.com\/ro\/wp-json\/wp\/v2\/media?parent=5295"}],"wp:term":[{"taxonomy":"product_brand","embeddable":true,"href":"https:\/\/medicinasinc.com\/ro\/wp-json\/wp\/v2\/product_brand?post=5295"},{"taxonomy":"product_cat","embeddable":true,"href":"https:\/\/medicinasinc.com\/ro\/wp-json\/wp\/v2\/product_cat?post=5295"},{"taxonomy":"product_tag","embeddable":true,"href":"https:\/\/medicinasinc.com\/ro\/wp-json\/wp\/v2\/product_tag?post=5295"}],"curies":[{"name":"wp","href":"https:\/\/api.w.org\/{rel}","templated":true}]}}