{"id":5294,"date":"2022-02-21T18:18:05","date_gmt":"2022-02-21T18:18:05","guid":{"rendered":"https:\/\/medicinasinc.com\/ro\/?post_type=product&#038;p=5294"},"modified":"2022-03-22T01:02:29","modified_gmt":"2022-03-22T01:02:29","slug":"cumpara-oxicodona-80-mg","status":"publish","type":"product","link":"https:\/\/medicinasinc.com\/ro\/product\/cumpara-oxicodona-80-mg\/","title":{"rendered":"Cump\u0103ra\u021bi oxicodon\u0103 80 mg"},"content":{"rendered":"<div class=\"woocommerce-tabs wc-tabs-wrapper\">\n<div id=\"tab-description\" class=\"woocommerce-Tabs-panel woocommerce-Tabs-panel--panoul descriere intrare-con\u021binut wc-tab\" style=\"text-align: center\" role=\"tabpanel\" aria-labelledby=\"tab-title-description\">\n<p>Farmacie online pentru a cump\u0103ra comprimate de oxycontin 80 mg.<\/p>\n<p>Achizi\u021bie online de tablete de oxycodone 80 mg. \u00cen plus, sunt disponibile pastile de oxicodon\u0103 de 40 mg. Achizi\u021biona\u021bi de la noi numai medicamente de cea mai \u00eenalt\u0103 calitate.<\/p>\n<p>REZUMAT Oxicodona este un medicament pentru durere opioid utilizat pentru a trata durerea moderat\u0103 p\u00e2n\u0103 la sever\u0103.<br \/> NUMELE MARCILOR<br \/> Endocet \u0219i Endodan sunt ambele anti- medicamente pentru diaree. Mai 2009, reformulat Xolox, Xtampza, Nalocet, Oxaydo, Oxy.IR, Oxycontin, Oxyneo, Percocet, Prolate, Rivacocet, Roxicet, Roxicodone, Targin, Targiniq<br \/> DENUMIRE GENERAL<br \/> NUM\u0102R DE ACCES BANCA DE DROGUMENTE Oxy00codon\u0103497 -DB <br \/> CONTEXT<br \/> Oxicodona este un analgezic opioid semisintetic care a fost dezvoltat \u00een 1917 \u00een Germania din tebain\u0103.<br \/> 3<br \/> Acum este aprobat ca produs cu eliberare imediat\u0103 pentru durerea moderat\u0103 p\u00e2n\u0103 la sever\u0103 \u0219i ca produs cu eliberare prelungit\u0103 pentru durerea cronic\u0103 moderat\u0103 p\u00e2n\u0103 la sever\u0103 care necesit\u0103 analgezice opioide continue pentru o perioad\u0103 lung\u0103 de timp.<br \/> FDA a aprobat primul medicament care con\u021bine oxicodon\u0103, Percodan, la 12 aprilie 1950.<br \/> TIPURI DE MOLECULE MICI<br \/> GRUPURI<br \/> Aprobate, ilegale \u0219i investigative<\/p>\n<\/p><\/div><\/div>\n","protected":false},"excerpt":{"rendered":"<p>Achizi\u021bie online de comprimate de Oxicodon\u0103 80 mg.<\/p>\n<p>Achizi\u021bie online de tablete de Oxicodon\u0103 80 mg. Oxicodon\u0103 80 mg de v\u00e2nzare \u00een Regatul Unit \u0219i Europa. \u00cen plus, sunt disponibile pastile de 80 mg de oxicodon\u0103. Achizi\u021biona\u021bi de la noi numai medicamente de cea mai \u00eenalt\u0103 calitate.<\/p>\n<p>Achizi\u021bionarea online a comprimatelor de Oxicodon\u0103 80 mg. \u00cen plus, sunt disponibile pastile de 80 mg de oxicodon\u0103. Cump\u0103ra\u021bi de la noi numai medicamente de cea mai \u00eenalt\u0103 calitate.<\/p>\n","protected":false},"featured_media":5303,"comment_status":"open","ping_status":"closed","template":"","meta":[],"product_brand":[],"product_cat":[1117],"product_tag":[1638,1639,1640,1643,1719,1718,1720,1717,1682,1683,1671,1698,1675,1688,1676,1699,1644,1685,1646,1654,1709,1713,1647,1650,1651,1652,1655,1705,1657,1649,1660,1661,1662,1663,1665,1667,1668,1669,1670,1684,1680,1679,1645,1681,1672,1673,1674,1690,1691,1692,1693,1694,1696,1697,1056,1704,1653,1658,1659,1664,1666,1678,1687,1700,1701,1703,1706,1686,1656,1707,1708,1710,1711,1712,1714,1702,1677,1716,1715,1689],"class_list":{"0":"post-5294","1":"product","2":"type-product","3":"status-publish","4":"has-post-thumbnail","6":"product_cat-cumparati-pastile-pentru-durere-somn-sex","7":"product_tag-15-mg-oxicodon","8":"product_tag-20-mg-oxicodon","9":"product_tag-20mg-oxycodone","10":"product_tag-cat-dureaza-oxicodona","11":"product_tag-ce-este-oximorfona","12":"product_tag-ce-este-oxi","13":"product_tag-ce-este-roxicodona","14":"product_tag-ce-face-oxicodona","15":"product_tag-clorhidrat-de-oxicodon","16":"product_tag-oxicodon-clorhidrat-5-mg","17":"product_tag-oxicodon-dependen","18":"product_tag-oxycontin-dozaj","19":"product_tag-oxicodon-doze","20":"product_tag-efecte-secundare-ale-oxicodonei","21":"product_tag-efecte-de-oxicodon","22":"product_tag-efecte-de-oxicontin","23":"product_tag-este-oxicodon-un-opioid","24":"product_tag-ingrediente-oxicodon","25":"product_tag-liquid-oxycontin","26":"product_tag-oxi-droguri","27":"product_tag-reet-medicamente-durere","28":"product_tag-roxy-drog","29":"product_tag-opioid-painkillers","30":"product_tag-oxi","31":"product_tag-oxi-10","32":"product_tag-oxi-5-mg","33":"product_tag-oxi-pilul","34":"product_tag-oxicobuton","35":"product_tag-oxicodin","36":"product_tag-oxicodon","37":"product_tag-oxicodon-10","38":"product_tag-oxicodon-10-mg","39":"product_tag-oxicodon-10mg-roz","40":"product_tag-oxicodon-15-mg","41":"product_tag-oxicodon-20-mg","42":"product_tag-oxicodon-30-mg","43":"product_tag-oxicodon-5","44":"product_tag-oxicodon-5-325","45":"product_tag-oxicodon-5-mg","46":"product_tag-oxicodon-eliberare-imediat","47":"product_tag-oxicodon-hcl-5mg","48":"product_tag-oxicodon-hcl-5-mg-comprimat","49":"product_tag-lichid-oxicodon","50":"product_tag-oxicodon-high","51":"product_tag-oxicodon-i-alcool","52":"product_tag-oxicodon-i-ibuprofen","53":"product_tag-oxicodon-i-tilenol","54":"product_tag-oxicodon-vs-oxycontin","55":"product_tag-oxicodon-vs-percocet","56":"product_tag-oxicodon-acetaminofen","57":"product_tag-oxicodon-acetaminofen-5-325","58":"product_tag-oxicodon-apap","59":"product_tag-oxicontin","60":"product_tag-oxicontin-30-mg","61":"product_tag-oxicontin-80-mg","62":"product_tag-oxicoton","63":"product_tag-oxi-medicament","64":"product_tag-oxycodon","65":"product_tag-oxycodone","66":"product_tag-oxycodone-15mg","67":"product_tag-oxycodone-20mg","68":"product_tag-oxycodone-hcl","69":"product_tag-oxycodone-pills","70":"product_tag-oxycontin-generic","71":"product_tag-oxycontin-ir","72":"product_tag-oxycontin-vs-oxycodone","73":"product_tag-oxys","74":"product_tag-oxicodon-pilul","75":"product_tag-oxi-pastile","76":"product_tag-oxitocin-pastile","77":"product_tag-pill-20","78":"product_tag-roxicodon-vs-oxicodon","79":"product_tag-roxy-10","80":"product_tag-roxy-30s","81":"product_tag-side-effects-of-oxycodone","82":"product_tag-oxycontin-suprdozaj","83":"product_tag-oxicodon-timp-de-njumtire","84":"product_tag-tipuri-de-analgezice","85":"product_tag-tipuri-de-opioide","86":"product_tag-oxicodon-utilizri","88":"first","89":"instock","90":"shipping-taxable","91":"purchasable","92":"product-type-variable","93":"has-default-attributes"},"yoast_head":"<!-- This site is optimized with the Yoast SEO plugin v27.3 - https:\/\/yoast.com\/product\/yoast-seo-wordpress\/ -->\n<title>Cump\u0103ra\u021bi Oxicodon\u0103 80 mg - Cele mai bune medicamente globale<\/title>\n<meta name=\"description\" content=\"Cump\u0103ra\u021bi online pastile de Oxicodon\u0103 80 mg. Cump\u0103ra\u021bi Oxicodon\u0103 80mg de v\u00e2nzare Marea Britanie, Europa. De asemenea, sunt disponibile pastile de oxicodon\u0103 80 mg. Cump\u0103ra\u021bi de la noi pastile de cea mai bun\u0103 calitate.\" \/>\n<meta name=\"robots\" content=\"index, follow, max-snippet:-1, max-image-preview:large, max-video-preview:-1\" \/>\n<link rel=\"canonical\" href=\"https:\/\/medicinasinc.com\/ro\/product\/cumpara-oxicodona-80-mg\/\" \/>\n<meta property=\"og:locale\" content=\"en_US\" \/>\n<meta property=\"og:type\" content=\"article\" \/>\n<meta property=\"og:title\" content=\"Cump\u0103ra\u021bi Oxicodon\u0103 80 mg - Cele mai bune medicamente globale\" \/>\n<meta property=\"og:description\" content=\"Cump\u0103ra\u021bi online pastile de Oxicodon\u0103 80 mg. Cump\u0103ra\u021bi Oxicodon\u0103 80mg de v\u00e2nzare Marea Britanie, Europa. De asemenea, sunt disponibile pastile de oxicodon\u0103 80 mg. Cump\u0103ra\u021bi de la noi pastile de cea mai bun\u0103 calitate.\" \/>\n<meta property=\"og:url\" content=\"https:\/\/medicinasinc.com\/ro\/product\/cumpara-oxicodona-80-mg\/\" \/>\n<meta property=\"og:site_name\" content=\"Medicinas Inc\" \/>\n<meta property=\"article:modified_time\" content=\"2022-03-22T01:02:29+00:00\" \/>\n<meta property=\"og:image\" content=\"https:\/\/medicinasinc.com\/ro\/wp-content\/uploads\/sites\/11\/2022\/02\/Buy-Oxycodone-80mg.jpg\" \/>\n\t<meta property=\"og:image:width\" content=\"600\" \/>\n\t<meta property=\"og:image:height\" content=\"514\" \/>\n\t<meta property=\"og:image:type\" content=\"image\/jpeg\" \/>\n<meta name=\"twitter:card\" content=\"summary_large_image\" \/>\n<meta name=\"twitter:label1\" content=\"Est. reading time\" \/>\n\t<meta name=\"twitter:data1\" content=\"1 minute\" \/>\n<script type=\"application\/ld+json\" class=\"yoast-schema-graph\">{\"@context\":\"https:\\\/\\\/schema.org\",\"@graph\":[{\"@type\":\"WebPage\",\"@id\":\"https:\\\/\\\/medicinasinc.com\\\/ro\\\/product\\\/cumpara-oxicodona-80-mg\\\/\",\"url\":\"https:\\\/\\\/medicinasinc.com\\\/ro\\\/product\\\/cumpara-oxicodona-80-mg\\\/\",\"name\":\"Cump\u0103ra\u021bi Oxicodon\u0103 80 mg - Cele mai bune medicamente globale\",\"isPartOf\":{\"@id\":\"https:\\\/\\\/medicinasinc.com\\\/ro\\\/#website\"},\"primaryImageOfPage\":{\"@id\":\"https:\\\/\\\/medicinasinc.com\\\/ro\\\/product\\\/cumpara-oxicodona-80-mg\\\/#primaryimage\"},\"image\":{\"@id\":\"https:\\\/\\\/medicinasinc.com\\\/ro\\\/product\\\/cumpara-oxicodona-80-mg\\\/#primaryimage\"},\"thumbnailUrl\":\"https:\\\/\\\/medicinasinc.com\\\/ro\\\/wp-content\\\/uploads\\\/sites\\\/11\\\/2022\\\/02\\\/Buy-Oxycodone-80mg.jpg\",\"datePublished\":\"2022-02-21T18:18:05+00:00\",\"dateModified\":\"2022-03-22T01:02:29+00:00\",\"description\":\"Cump\u0103ra\u021bi online pastile de Oxicodon\u0103 80 mg. Cump\u0103ra\u021bi Oxicodon\u0103 80mg de v\u00e2nzare Marea Britanie, Europa. De asemenea, sunt disponibile pastile de oxicodon\u0103 80 mg. Cump\u0103ra\u021bi de la noi pastile de cea mai bun\u0103 calitate.\",\"breadcrumb\":{\"@id\":\"https:\\\/\\\/medicinasinc.com\\\/ro\\\/product\\\/cumpara-oxicodona-80-mg\\\/#breadcrumb\"},\"inLanguage\":\"en-US\",\"potentialAction\":[{\"@type\":\"ReadAction\",\"target\":[\"https:\\\/\\\/medicinasinc.com\\\/ro\\\/product\\\/cumpara-oxicodona-80-mg\\\/\"]}]},{\"@type\":\"ImageObject\",\"inLanguage\":\"en-US\",\"@id\":\"https:\\\/\\\/medicinasinc.com\\\/ro\\\/product\\\/cumpara-oxicodona-80-mg\\\/#primaryimage\",\"url\":\"https:\\\/\\\/medicinasinc.com\\\/ro\\\/wp-content\\\/uploads\\\/sites\\\/11\\\/2022\\\/02\\\/Buy-Oxycodone-80mg.jpg\",\"contentUrl\":\"https:\\\/\\\/medicinasinc.com\\\/ro\\\/wp-content\\\/uploads\\\/sites\\\/11\\\/2022\\\/02\\\/Buy-Oxycodone-80mg.jpg\",\"width\":600,\"height\":514},{\"@type\":\"BreadcrumbList\",\"@id\":\"https:\\\/\\\/medicinasinc.com\\\/ro\\\/product\\\/cumpara-oxicodona-80-mg\\\/#breadcrumb\",\"itemListElement\":[{\"@type\":\"ListItem\",\"position\":1,\"name\":\"Magazin\",\"item\":\"https:\\\/\\\/medicinasinc.com\\\/ro\\\/magazin\\\/\"},{\"@type\":\"ListItem\",\"position\":2,\"name\":\"Cump\u0103ra\u021bi oxicodon\u0103 80 mg\"}]},{\"@type\":\"WebSite\",\"@id\":\"https:\\\/\\\/medicinasinc.com\\\/ro\\\/#website\",\"url\":\"https:\\\/\\\/medicinasinc.com\\\/ro\\\/\",\"name\":\"Medicinas Inc\",\"description\":\"Health Medical Clinic\",\"potentialAction\":[{\"@type\":\"SearchAction\",\"target\":{\"@type\":\"EntryPoint\",\"urlTemplate\":\"https:\\\/\\\/medicinasinc.com\\\/ro\\\/?s={search_term_string}\"},\"query-input\":{\"@type\":\"PropertyValueSpecification\",\"valueRequired\":true,\"valueName\":\"search_term_string\"}}],\"inLanguage\":\"en-US\"}]}<\/script>\n<!-- \/ Yoast SEO plugin. -->","yoast_head_json":{"title":"Cump\u0103ra\u021bi Oxicodon\u0103 80 mg - Cele mai bune medicamente globale","description":"Cump\u0103ra\u021bi online pastile de Oxicodon\u0103 80 mg. Cump\u0103ra\u021bi Oxicodon\u0103 80mg de v\u00e2nzare Marea Britanie, Europa. De asemenea, sunt disponibile pastile de oxicodon\u0103 80 mg. Cump\u0103ra\u021bi de la noi pastile de cea mai bun\u0103 calitate.","robots":{"index":"index","follow":"follow","max-snippet":"max-snippet:-1","max-image-preview":"max-image-preview:large","max-video-preview":"max-video-preview:-1"},"canonical":"https:\/\/medicinasinc.com\/ro\/product\/cumpara-oxicodona-80-mg\/","og_locale":"en_US","og_type":"article","og_title":"Cump\u0103ra\u021bi Oxicodon\u0103 80 mg - Cele mai bune medicamente globale","og_description":"Cump\u0103ra\u021bi online pastile de Oxicodon\u0103 80 mg. Cump\u0103ra\u021bi Oxicodon\u0103 80mg de v\u00e2nzare Marea Britanie, Europa. De asemenea, sunt disponibile pastile de oxicodon\u0103 80 mg. Cump\u0103ra\u021bi de la noi pastile de cea mai bun\u0103 calitate.","og_url":"https:\/\/medicinasinc.com\/ro\/product\/cumpara-oxicodona-80-mg\/","og_site_name":"Medicinas Inc","article_modified_time":"2022-03-22T01:02:29+00:00","og_image":[{"width":600,"height":514,"url":"https:\/\/medicinasinc.com\/ro\/wp-content\/uploads\/sites\/11\/2022\/02\/Buy-Oxycodone-80mg.jpg","type":"image\/jpeg"}],"twitter_card":"summary_large_image","twitter_misc":{"Est. reading time":"1 minute"},"schema":{"@context":"https:\/\/schema.org","@graph":[{"@type":"WebPage","@id":"https:\/\/medicinasinc.com\/ro\/product\/cumpara-oxicodona-80-mg\/","url":"https:\/\/medicinasinc.com\/ro\/product\/cumpara-oxicodona-80-mg\/","name":"Cump\u0103ra\u021bi Oxicodon\u0103 80 mg - Cele mai bune medicamente globale","isPartOf":{"@id":"https:\/\/medicinasinc.com\/ro\/#website"},"primaryImageOfPage":{"@id":"https:\/\/medicinasinc.com\/ro\/product\/cumpara-oxicodona-80-mg\/#primaryimage"},"image":{"@id":"https:\/\/medicinasinc.com\/ro\/product\/cumpara-oxicodona-80-mg\/#primaryimage"},"thumbnailUrl":"https:\/\/medicinasinc.com\/ro\/wp-content\/uploads\/sites\/11\/2022\/02\/Buy-Oxycodone-80mg.jpg","datePublished":"2022-02-21T18:18:05+00:00","dateModified":"2022-03-22T01:02:29+00:00","description":"Cump\u0103ra\u021bi online pastile de Oxicodon\u0103 80 mg. Cump\u0103ra\u021bi Oxicodon\u0103 80mg de v\u00e2nzare Marea Britanie, Europa. De asemenea, sunt disponibile pastile de oxicodon\u0103 80 mg. Cump\u0103ra\u021bi de la noi pastile de cea mai bun\u0103 calitate.","breadcrumb":{"@id":"https:\/\/medicinasinc.com\/ro\/product\/cumpara-oxicodona-80-mg\/#breadcrumb"},"inLanguage":"en-US","potentialAction":[{"@type":"ReadAction","target":["https:\/\/medicinasinc.com\/ro\/product\/cumpara-oxicodona-80-mg\/"]}]},{"@type":"ImageObject","inLanguage":"en-US","@id":"https:\/\/medicinasinc.com\/ro\/product\/cumpara-oxicodona-80-mg\/#primaryimage","url":"https:\/\/medicinasinc.com\/ro\/wp-content\/uploads\/sites\/11\/2022\/02\/Buy-Oxycodone-80mg.jpg","contentUrl":"https:\/\/medicinasinc.com\/ro\/wp-content\/uploads\/sites\/11\/2022\/02\/Buy-Oxycodone-80mg.jpg","width":600,"height":514},{"@type":"BreadcrumbList","@id":"https:\/\/medicinasinc.com\/ro\/product\/cumpara-oxicodona-80-mg\/#breadcrumb","itemListElement":[{"@type":"ListItem","position":1,"name":"Magazin","item":"https:\/\/medicinasinc.com\/ro\/magazin\/"},{"@type":"ListItem","position":2,"name":"Cump\u0103ra\u021bi oxicodon\u0103 80 mg"}]},{"@type":"WebSite","@id":"https:\/\/medicinasinc.com\/ro\/#website","url":"https:\/\/medicinasinc.com\/ro\/","name":"Medicinas Inc","description":"Health Medical Clinic","potentialAction":[{"@type":"SearchAction","target":{"@type":"EntryPoint","urlTemplate":"https:\/\/medicinasinc.com\/ro\/?s={search_term_string}"},"query-input":{"@type":"PropertyValueSpecification","valueRequired":true,"valueName":"search_term_string"}}],"inLanguage":"en-US"}]}},"_links":{"self":[{"href":"https:\/\/medicinasinc.com\/ro\/wp-json\/wp\/v2\/product\/5294","targetHints":{"allow":["GET"]}}],"collection":[{"href":"https:\/\/medicinasinc.com\/ro\/wp-json\/wp\/v2\/product"}],"about":[{"href":"https:\/\/medicinasinc.com\/ro\/wp-json\/wp\/v2\/types\/product"}],"replies":[{"embeddable":true,"href":"https:\/\/medicinasinc.com\/ro\/wp-json\/wp\/v2\/comments?post=5294"}],"wp:featuredmedia":[{"embeddable":true,"href":"https:\/\/medicinasinc.com\/ro\/wp-json\/wp\/v2\/media\/5303"}],"wp:attachment":[{"href":"https:\/\/medicinasinc.com\/ro\/wp-json\/wp\/v2\/media?parent=5294"}],"wp:term":[{"taxonomy":"product_brand","embeddable":true,"href":"https:\/\/medicinasinc.com\/ro\/wp-json\/wp\/v2\/product_brand?post=5294"},{"taxonomy":"product_cat","embeddable":true,"href":"https:\/\/medicinasinc.com\/ro\/wp-json\/wp\/v2\/product_cat?post=5294"},{"taxonomy":"product_tag","embeddable":true,"href":"https:\/\/medicinasinc.com\/ro\/wp-json\/wp\/v2\/product_tag?post=5294"}],"curies":[{"name":"wp","href":"https:\/\/api.w.org\/{rel}","templated":true}]}}