{"id":5293,"date":"2022-02-21T18:15:16","date_gmt":"2022-02-21T18:15:16","guid":{"rendered":"https:\/\/medicinasinc.com\/ro\/?post_type=product&#038;p=5293"},"modified":"2022-03-22T01:02:38","modified_gmt":"2022-03-22T01:02:38","slug":"cumpara-oxicodona-40mg-pastile","status":"publish","type":"product","link":"https:\/\/medicinasinc.com\/ro\/product\/cumpara-oxicodona-40mg-pastile\/","title":{"rendered":"Cump\u0103ra\u021bi pastile OxyCodone 40mg"},"content":{"rendered":"<p>Achizi\u021bie online de Oxycodone 40 mg comprimate.<\/p>\n<p>Achizi\u021bie online de Oxycodone 40 mg comprimate. \u00cen plus, vindem codein\u0103. \u00cen \u00eentreaga lume, sunt utilizate analgezice \u0219i alte medicamente.<\/p>\n<p>Farmacie online pentru a cump\u0103ra OxyCodone 40 mg comprimate.<\/p>\n<p>Cump\u0103ra\u021bi Oxicodon\u0103 Online | Cump\u0103ra\u021bi Oxicodon\u0103 40 mg f\u0103r\u0103 prescrip\u021bie medical\u0103<\/p>\n<p>Pute\u021bi ob\u021bine livrare rapid\u0103 folosind un card de credit.<\/p>\n<p>Acest medicament este utilizat pentru a ajuta la ameliorarea durerii severe \u0219i persistente (cum ar fi cauzat\u0103 de cancer).<\/p>\n<p>Oxicodona este un analgezic opioid. Func\u021bioneaz\u0103 prin modificarea modului \u00een care corpul dumneavoastr\u0103 percepe \u0219i r\u0103spunde la durerea din creier.<\/p>\n<p>Dozele mai mari ale acestui medicament (mai mult de 40 mg per comprimat) trebuie utilizate numai dac\u0103 a\u021bi luat doze moderate p\u00e2n\u0103 la mari. de medicamente pentru durere opioide \u00een mod regulat. Aceste puncte forte pot duce la supradozaj (\u0219i poate deces) dac\u0103 sunt luate de c\u0103tre cineva care nu a folosit opioide \u00een mod constant.<\/p>\n<p>Evita\u021bi s\u0103 utiliza\u021bi oxicodon\u0103 cu eliberare prelungit\u0103 pentru a trata durerea care este minim\u0103 sau se va rezolva \u00eentr-un interval de timp. cateva zile. Acest medicament nu este destinat utiliz\u0103rii \u201ea\u0219a cum este necesar\u201d.<\/p>\n","protected":false},"excerpt":{"rendered":"<div class=\"woocommerce-product-details__short-description\">\n<p>Farmacie online pentru a cump\u0103ra OxyCodone 40mg comprimate. Cump\u0103ra\u021bi oxicodon\u0103 online | Cump\u0103ra\u021bi Oxycodone 40mg f\u0103r\u0103 prescrip\u021bie medical\u0103 Pute\u021bi ob\u021bine livrare rapid\u0103 utiliz\u00e2nd un transfer bancar.<\/p>\n<p>Cump\u0103ra\u021bi Oxycodone 40mg Pills online \u00een Regatul Unit \u0219i Europa, Comanda\u021bi online Oxycodone Pills ieftine cu&#8230; Pute\u021bi cump\u0103ra tablete de oxicodon\u0103 online f\u0103r\u0103 prescrip\u021bie medical\u0103 (f\u0103r\u0103 RX).<\/p>\n<\/p><\/div>\n","protected":false},"featured_media":5301,"comment_status":"open","ping_status":"closed","template":"","meta":[],"product_brand":[],"product_cat":[1117],"product_tag":[1638,1639,1640,1643,1719,1718,1720,1717,1682,1683,1671,1642,1641,1698,1675,1688,1676,1699,1644,1685,1646,1654,1709,1713,1647,1650,1651,1652,1655,1705,1657,1695,1649,1648,1660,1661,1662,1663,1665,1667,1668,1669,1670,1684,1680,1679,1645,1681,1672,1673,1674,1690,1691,1692,1693,1694,1696,1697,1056,1704,1653,1658,1659,1664,1666,1678,1687,1700,1701,1703,1706,1686,1656,1707,1708,1710,1711,1712,1714,1702,1677,1716,1715,1689],"class_list":{"0":"post-5293","1":"product","2":"type-product","3":"status-publish","4":"has-post-thumbnail","6":"product_cat-cumparati-pastile-pentru-durere-somn-sex","7":"product_tag-15-mg-oxicodon","8":"product_tag-20-mg-oxicodon","9":"product_tag-20mg-oxycodone","10":"product_tag-cat-dureaza-oxicodona","11":"product_tag-ce-este-oximorfona","12":"product_tag-ce-este-oxi","13":"product_tag-ce-este-roxicodona","14":"product_tag-ce-face-oxicodona","15":"product_tag-clorhidrat-de-oxicodon","16":"product_tag-oxicodon-clorhidrat-5-mg","17":"product_tag-oxicodon-dependen","18":"product_tag-dihidroxicodeinon","19":"product_tag-dihydrohydroxycodeinone","20":"product_tag-oxycontin-dozaj","21":"product_tag-oxicodon-doze","22":"product_tag-efecte-secundare-ale-oxicodonei","23":"product_tag-efecte-de-oxicodon","24":"product_tag-efecte-de-oxicontin","25":"product_tag-este-oxicodon-un-opioid","26":"product_tag-ingrediente-oxicodon","27":"product_tag-liquid-oxycontin","28":"product_tag-oxi-droguri","29":"product_tag-reet-medicamente-durere","30":"product_tag-roxy-drog","31":"product_tag-opioid-painkillers","32":"product_tag-oxi","33":"product_tag-oxi-10","34":"product_tag-oxi-5-mg","35":"product_tag-oxi-pilul","36":"product_tag-oxicobuton","37":"product_tag-oxicodin","38":"product_tag-oxicodon","40":"product_tag-oxicodona","41":"product_tag-oxicodon-10","42":"product_tag-oxicodon-10-mg","43":"product_tag-oxicodon-10mg-roz","44":"product_tag-oxicodon-15-mg","45":"product_tag-oxicodon-20-mg","46":"product_tag-oxicodon-30-mg","47":"product_tag-oxicodon-5","48":"product_tag-oxicodon-5-325","49":"product_tag-oxicodon-5-mg","50":"product_tag-oxicodon-eliberare-imediat","51":"product_tag-oxicodon-hcl-5mg","52":"product_tag-oxicodon-hcl-5-mg-comprimat","53":"product_tag-lichid-oxicodon","54":"product_tag-oxicodon-high","55":"product_tag-oxicodon-i-alcool","56":"product_tag-oxicodon-i-ibuprofen","57":"product_tag-oxicodon-i-tilenol","58":"product_tag-oxicodon-vs-oxycontin","59":"product_tag-oxicodon-vs-percocet","60":"product_tag-oxicodon-acetaminofen","61":"product_tag-oxicodon-acetaminofen-5-325","62":"product_tag-oxicodon-apap","63":"product_tag-oxicontin","64":"product_tag-oxicontin-30-mg","65":"product_tag-oxicontin-80-mg","66":"product_tag-oxicoton","67":"product_tag-oxi-medicament","68":"product_tag-oxycodon","69":"product_tag-oxycodone","70":"product_tag-oxycodone-15mg","71":"product_tag-oxycodone-20mg","72":"product_tag-oxycodone-hcl","73":"product_tag-oxycodone-pills","74":"product_tag-oxycontin-generic","75":"product_tag-oxycontin-ir","76":"product_tag-oxycontin-vs-oxycodone","77":"product_tag-oxys","78":"product_tag-oxicodon-pilul","79":"product_tag-oxi-pastile","80":"product_tag-oxitocin-pastile","81":"product_tag-pill-20","82":"product_tag-roxicodon-vs-oxicodon","83":"product_tag-roxy-10","84":"product_tag-roxy-30s","85":"product_tag-side-effects-of-oxycodone","86":"product_tag-oxycontin-suprdozaj","87":"product_tag-oxicodon-timp-de-njumtire","88":"product_tag-tipuri-de-analgezice","89":"product_tag-tipuri-de-opioide","90":"product_tag-oxicodon-utilizri","92":"first","93":"instock","94":"shipping-taxable","95":"purchasable","96":"product-type-variable","97":"has-default-attributes"},"yoast_head":"<!-- This site is optimized with the Yoast SEO plugin v27.3 - https:\/\/yoast.com\/product\/yoast-seo-wordpress\/ -->\n<title>Cump\u0103ra\u021bi pastile OxyCodone 40 mg - Cele mai bune medicamente globale<\/title>\n<meta name=\"description\" content=\"Cump\u0103ra\u021bi pastile de oxicodon\u0103 de 40 mg de v\u00e2nzare \u00een Marea Britanie, Europa online, comanda\u021bi online pastile ieftine de oxicodon\u0103 de 40 mg cu... Pute\u021bi cump\u0103ra tablete online de oxicodon\u0103 f\u0103r\u0103 prescrip\u021bie medical\u0103 (f\u0103r\u0103 RX).\" \/>\n<meta name=\"robots\" content=\"index, follow, max-snippet:-1, max-image-preview:large, max-video-preview:-1\" \/>\n<link rel=\"canonical\" href=\"https:\/\/medicinasinc.com\/ro\/product\/cumpara-oxicodona-40mg-pastile\/\" \/>\n<meta property=\"og:locale\" content=\"en_US\" \/>\n<meta property=\"og:type\" content=\"article\" \/>\n<meta property=\"og:title\" content=\"Cump\u0103ra\u021bi pastile OxyCodone 40 mg - Cele mai bune medicamente globale\" \/>\n<meta property=\"og:description\" content=\"Cump\u0103ra\u021bi pastile de oxicodon\u0103 de 40 mg de v\u00e2nzare \u00een Marea Britanie, Europa online, comanda\u021bi online pastile ieftine de oxicodon\u0103 de 40 mg cu... Pute\u021bi cump\u0103ra tablete online de oxicodon\u0103 f\u0103r\u0103 prescrip\u021bie medical\u0103 (f\u0103r\u0103 RX).\" \/>\n<meta property=\"og:url\" content=\"https:\/\/medicinasinc.com\/ro\/product\/cumpara-oxicodona-40mg-pastile\/\" \/>\n<meta property=\"og:site_name\" content=\"Medicinas Inc\" \/>\n<meta property=\"article:modified_time\" content=\"2022-03-22T01:02:38+00:00\" \/>\n<meta property=\"og:image\" content=\"https:\/\/medicinasinc.com\/ro\/wp-content\/uploads\/sites\/11\/2022\/02\/Buy-OxyCodone-40mg.jpg\" \/>\n\t<meta property=\"og:image:width\" content=\"600\" \/>\n\t<meta property=\"og:image:height\" content=\"400\" \/>\n\t<meta property=\"og:image:type\" content=\"image\/jpeg\" \/>\n<meta name=\"twitter:card\" content=\"summary_large_image\" \/>\n<meta name=\"twitter:label1\" content=\"Est. reading time\" \/>\n\t<meta name=\"twitter:data1\" content=\"1 minute\" \/>\n<script type=\"application\/ld+json\" class=\"yoast-schema-graph\">{\"@context\":\"https:\\\/\\\/schema.org\",\"@graph\":[{\"@type\":\"WebPage\",\"@id\":\"https:\\\/\\\/medicinasinc.com\\\/ro\\\/product\\\/cumpara-oxicodona-40mg-pastile\\\/\",\"url\":\"https:\\\/\\\/medicinasinc.com\\\/ro\\\/product\\\/cumpara-oxicodona-40mg-pastile\\\/\",\"name\":\"Cump\u0103ra\u021bi pastile OxyCodone 40 mg - Cele mai bune medicamente globale\",\"isPartOf\":{\"@id\":\"https:\\\/\\\/medicinasinc.com\\\/ro\\\/#website\"},\"primaryImageOfPage\":{\"@id\":\"https:\\\/\\\/medicinasinc.com\\\/ro\\\/product\\\/cumpara-oxicodona-40mg-pastile\\\/#primaryimage\"},\"image\":{\"@id\":\"https:\\\/\\\/medicinasinc.com\\\/ro\\\/product\\\/cumpara-oxicodona-40mg-pastile\\\/#primaryimage\"},\"thumbnailUrl\":\"https:\\\/\\\/medicinasinc.com\\\/ro\\\/wp-content\\\/uploads\\\/sites\\\/11\\\/2022\\\/02\\\/Buy-OxyCodone-40mg.jpg\",\"datePublished\":\"2022-02-21T18:15:16+00:00\",\"dateModified\":\"2022-03-22T01:02:38+00:00\",\"description\":\"Cump\u0103ra\u021bi pastile de oxicodon\u0103 de 40 mg de v\u00e2nzare \u00een Marea Britanie, Europa online, comanda\u021bi online pastile ieftine de oxicodon\u0103 de 40 mg cu... Pute\u021bi cump\u0103ra tablete online de oxicodon\u0103 f\u0103r\u0103 prescrip\u021bie medical\u0103 (f\u0103r\u0103 RX).\",\"breadcrumb\":{\"@id\":\"https:\\\/\\\/medicinasinc.com\\\/ro\\\/product\\\/cumpara-oxicodona-40mg-pastile\\\/#breadcrumb\"},\"inLanguage\":\"en-US\",\"potentialAction\":[{\"@type\":\"ReadAction\",\"target\":[\"https:\\\/\\\/medicinasinc.com\\\/ro\\\/product\\\/cumpara-oxicodona-40mg-pastile\\\/\"]}]},{\"@type\":\"ImageObject\",\"inLanguage\":\"en-US\",\"@id\":\"https:\\\/\\\/medicinasinc.com\\\/ro\\\/product\\\/cumpara-oxicodona-40mg-pastile\\\/#primaryimage\",\"url\":\"https:\\\/\\\/medicinasinc.com\\\/ro\\\/wp-content\\\/uploads\\\/sites\\\/11\\\/2022\\\/02\\\/Buy-OxyCodone-40mg.jpg\",\"contentUrl\":\"https:\\\/\\\/medicinasinc.com\\\/ro\\\/wp-content\\\/uploads\\\/sites\\\/11\\\/2022\\\/02\\\/Buy-OxyCodone-40mg.jpg\",\"width\":600,\"height\":400},{\"@type\":\"BreadcrumbList\",\"@id\":\"https:\\\/\\\/medicinasinc.com\\\/ro\\\/product\\\/cumpara-oxicodona-40mg-pastile\\\/#breadcrumb\",\"itemListElement\":[{\"@type\":\"ListItem\",\"position\":1,\"name\":\"Magazin\",\"item\":\"https:\\\/\\\/medicinasinc.com\\\/ro\\\/magazin\\\/\"},{\"@type\":\"ListItem\",\"position\":2,\"name\":\"Cump\u0103ra\u021bi pastile OxyCodone 40mg\"}]},{\"@type\":\"WebSite\",\"@id\":\"https:\\\/\\\/medicinasinc.com\\\/ro\\\/#website\",\"url\":\"https:\\\/\\\/medicinasinc.com\\\/ro\\\/\",\"name\":\"Medicinas Inc\",\"description\":\"Health Medical Clinic\",\"potentialAction\":[{\"@type\":\"SearchAction\",\"target\":{\"@type\":\"EntryPoint\",\"urlTemplate\":\"https:\\\/\\\/medicinasinc.com\\\/ro\\\/?s={search_term_string}\"},\"query-input\":{\"@type\":\"PropertyValueSpecification\",\"valueRequired\":true,\"valueName\":\"search_term_string\"}}],\"inLanguage\":\"en-US\"}]}<\/script>\n<!-- \/ Yoast SEO plugin. -->","yoast_head_json":{"title":"Cump\u0103ra\u021bi pastile OxyCodone 40 mg - Cele mai bune medicamente globale","description":"Cump\u0103ra\u021bi pastile de oxicodon\u0103 de 40 mg de v\u00e2nzare \u00een Marea Britanie, Europa online, comanda\u021bi online pastile ieftine de oxicodon\u0103 de 40 mg cu... Pute\u021bi cump\u0103ra tablete online de oxicodon\u0103 f\u0103r\u0103 prescrip\u021bie medical\u0103 (f\u0103r\u0103 RX).","robots":{"index":"index","follow":"follow","max-snippet":"max-snippet:-1","max-image-preview":"max-image-preview:large","max-video-preview":"max-video-preview:-1"},"canonical":"https:\/\/medicinasinc.com\/ro\/product\/cumpara-oxicodona-40mg-pastile\/","og_locale":"en_US","og_type":"article","og_title":"Cump\u0103ra\u021bi pastile OxyCodone 40 mg - Cele mai bune medicamente globale","og_description":"Cump\u0103ra\u021bi pastile de oxicodon\u0103 de 40 mg de v\u00e2nzare \u00een Marea Britanie, Europa online, comanda\u021bi online pastile ieftine de oxicodon\u0103 de 40 mg cu... Pute\u021bi cump\u0103ra tablete online de oxicodon\u0103 f\u0103r\u0103 prescrip\u021bie medical\u0103 (f\u0103r\u0103 RX).","og_url":"https:\/\/medicinasinc.com\/ro\/product\/cumpara-oxicodona-40mg-pastile\/","og_site_name":"Medicinas Inc","article_modified_time":"2022-03-22T01:02:38+00:00","og_image":[{"width":600,"height":400,"url":"https:\/\/medicinasinc.com\/ro\/wp-content\/uploads\/sites\/11\/2022\/02\/Buy-OxyCodone-40mg.jpg","type":"image\/jpeg"}],"twitter_card":"summary_large_image","twitter_misc":{"Est. reading time":"1 minute"},"schema":{"@context":"https:\/\/schema.org","@graph":[{"@type":"WebPage","@id":"https:\/\/medicinasinc.com\/ro\/product\/cumpara-oxicodona-40mg-pastile\/","url":"https:\/\/medicinasinc.com\/ro\/product\/cumpara-oxicodona-40mg-pastile\/","name":"Cump\u0103ra\u021bi pastile OxyCodone 40 mg - Cele mai bune medicamente globale","isPartOf":{"@id":"https:\/\/medicinasinc.com\/ro\/#website"},"primaryImageOfPage":{"@id":"https:\/\/medicinasinc.com\/ro\/product\/cumpara-oxicodona-40mg-pastile\/#primaryimage"},"image":{"@id":"https:\/\/medicinasinc.com\/ro\/product\/cumpara-oxicodona-40mg-pastile\/#primaryimage"},"thumbnailUrl":"https:\/\/medicinasinc.com\/ro\/wp-content\/uploads\/sites\/11\/2022\/02\/Buy-OxyCodone-40mg.jpg","datePublished":"2022-02-21T18:15:16+00:00","dateModified":"2022-03-22T01:02:38+00:00","description":"Cump\u0103ra\u021bi pastile de oxicodon\u0103 de 40 mg de v\u00e2nzare \u00een Marea Britanie, Europa online, comanda\u021bi online pastile ieftine de oxicodon\u0103 de 40 mg cu... Pute\u021bi cump\u0103ra tablete online de oxicodon\u0103 f\u0103r\u0103 prescrip\u021bie medical\u0103 (f\u0103r\u0103 RX).","breadcrumb":{"@id":"https:\/\/medicinasinc.com\/ro\/product\/cumpara-oxicodona-40mg-pastile\/#breadcrumb"},"inLanguage":"en-US","potentialAction":[{"@type":"ReadAction","target":["https:\/\/medicinasinc.com\/ro\/product\/cumpara-oxicodona-40mg-pastile\/"]}]},{"@type":"ImageObject","inLanguage":"en-US","@id":"https:\/\/medicinasinc.com\/ro\/product\/cumpara-oxicodona-40mg-pastile\/#primaryimage","url":"https:\/\/medicinasinc.com\/ro\/wp-content\/uploads\/sites\/11\/2022\/02\/Buy-OxyCodone-40mg.jpg","contentUrl":"https:\/\/medicinasinc.com\/ro\/wp-content\/uploads\/sites\/11\/2022\/02\/Buy-OxyCodone-40mg.jpg","width":600,"height":400},{"@type":"BreadcrumbList","@id":"https:\/\/medicinasinc.com\/ro\/product\/cumpara-oxicodona-40mg-pastile\/#breadcrumb","itemListElement":[{"@type":"ListItem","position":1,"name":"Magazin","item":"https:\/\/medicinasinc.com\/ro\/magazin\/"},{"@type":"ListItem","position":2,"name":"Cump\u0103ra\u021bi pastile OxyCodone 40mg"}]},{"@type":"WebSite","@id":"https:\/\/medicinasinc.com\/ro\/#website","url":"https:\/\/medicinasinc.com\/ro\/","name":"Medicinas Inc","description":"Health Medical Clinic","potentialAction":[{"@type":"SearchAction","target":{"@type":"EntryPoint","urlTemplate":"https:\/\/medicinasinc.com\/ro\/?s={search_term_string}"},"query-input":{"@type":"PropertyValueSpecification","valueRequired":true,"valueName":"search_term_string"}}],"inLanguage":"en-US"}]}},"_links":{"self":[{"href":"https:\/\/medicinasinc.com\/ro\/wp-json\/wp\/v2\/product\/5293","targetHints":{"allow":["GET"]}}],"collection":[{"href":"https:\/\/medicinasinc.com\/ro\/wp-json\/wp\/v2\/product"}],"about":[{"href":"https:\/\/medicinasinc.com\/ro\/wp-json\/wp\/v2\/types\/product"}],"replies":[{"embeddable":true,"href":"https:\/\/medicinasinc.com\/ro\/wp-json\/wp\/v2\/comments?post=5293"}],"wp:featuredmedia":[{"embeddable":true,"href":"https:\/\/medicinasinc.com\/ro\/wp-json\/wp\/v2\/media\/5301"}],"wp:attachment":[{"href":"https:\/\/medicinasinc.com\/ro\/wp-json\/wp\/v2\/media?parent=5293"}],"wp:term":[{"taxonomy":"product_brand","embeddable":true,"href":"https:\/\/medicinasinc.com\/ro\/wp-json\/wp\/v2\/product_brand?post=5293"},{"taxonomy":"product_cat","embeddable":true,"href":"https:\/\/medicinasinc.com\/ro\/wp-json\/wp\/v2\/product_cat?post=5293"},{"taxonomy":"product_tag","embeddable":true,"href":"https:\/\/medicinasinc.com\/ro\/wp-json\/wp\/v2\/product_tag?post=5293"}],"curies":[{"name":"wp","href":"https:\/\/api.w.org\/{rel}","templated":true}]}}