{"id":5265,"date":"2022-02-20T22:55:20","date_gmt":"2022-02-20T22:55:20","guid":{"rendered":"https:\/\/medicinasinc.com\/ro\/?post_type=product&#038;p=5265"},"modified":"2022-03-22T01:02:47","modified_gmt":"2022-03-22T01:02:47","slug":"cumpara-mogadon-nitrazepam-5mg-pastile","status":"publish","type":"product","link":"https:\/\/medicinasinc.com\/ro\/product\/cumpara-mogadon-nitrazepam-5mg-pastile\/","title":{"rendered":"Cump\u0103ra\u021bi pastile Mogadon Nitrazepam 5mg"},"content":{"rendered":"<p>Achizi\u021bia online a pastilelor Mogadon Nitrazepam 5mg<br \/> Mogadon cost\u0103 0,31 USD per comprimat la noi la PocketPills. Mogadon poate fi mai pu\u021bin costisitor dac\u0103 asigurarea dumneavoastr\u0103 \u00eel acoper\u0103. Pentru a ob\u021bine \u00eentregul cost al Mogadon, trebuie s\u0103 include\u021bi \u00een plus cheltuielile de distribuire \u0219i expediere.<\/p>\n<p>C\u00e2t este taxa de distribuire Mogadon?<\/p>\n<p>Costul de distribuire a Mogadon la noi este de doar 7 USD . Pocketpills se str\u0103duie\u0219te s\u0103 v\u0103 ofere cele mai mici pre\u021buri la Mogadon din Canada.<br \/> Re\u021bine\u021bi c\u0103 oferim LIVRARE GRATUIT\u0102 pentru toate comenzile la nivel global.<\/p>\n<div>\n<div>\n<div>\n<div class=\"margin- tl\">\n<div class=\"drugcontent-wrapper\">\n<div class=\"h4\">\n<ul>\n<li>Nu uita\u021bi, v\u0103 oferim transport GRATUIT \u00een Canada.<\/li>\n<\/ul><\/div><\/div><\/div><\/div><\/div><\/div>\n<div class=\"product-next-previous\">\n<div class=\"product-prev\"><\/div><\/div>\n","protected":false},"excerpt":{"rendered":"<p>Mogadon Nitrazepam 5mg pastile de v\u00e2nzare \u00een Regatul Unit \u0219i Europa. dificult\u0103\u021bi de a adormi, treziri repetate \u00een timpul nop\u021bii \u0219i trezire diminea\u021ba devreme. \u00cen plus, este utilizat pentru a monitoriza crizele mioclonice.<\/p>\n<p>Mogadon Buy Online &#8211; Pastile de cea mai \u00eenalt\u0103 calitate Cump\u0103ra\u021bi Nitrazepam online f\u0103r\u0103 prescrip\u021bie medical\u0103, Comanda\u021bi \u0219i primi\u021bi Mogadon-ul dumneavoastr\u0103 la nivel interna\u021bional prin livrare rapid\u0103.<\/p>\n<p>Achizi\u021biona\u021bi nitrazepam xr 30 mg<\/p>\n<p>cump\u0103ra\u021bi nitrazepam livrare peste noapte cump\u0103ra\u021bi nitrazepam f\u0103r\u0103 prescrip\u021bie medical\u0103 online cump\u0103ra\u021bi nitrazepam \u00een Costa Rica, Europa, Dubai, China, Uniunea European\u0103 \u0219i \u00een \u00eentreaga lume. Tablete de nitrazepam generic<\/p>\n","protected":false},"featured_media":5995,"comment_status":"open","ping_status":"closed","template":"","meta":[],"product_brand":[],"product_cat":[1117],"product_tag":[1630,1629,1631,1632,1634,1635,1636,1637,1633],"class_list":{"0":"post-5265","1":"product","2":"type-product","3":"status-publish","4":"has-post-thumbnail","6":"product_cat-cumparati-pastile-pentru-durere-somn-sex","7":"product_tag-buy-cheap-mogadon-nitrazepam","8":"product_tag-cumpara-nitrazepam-10mg-cumpar-mogadon-online-nitrazepam-5mg-de-vanzare-cumpar-mogadon-10mg","9":"product_tag-mogadon-nitrazepam","10":"product_tag-mogadon-nitrazepam-cum-se-renunta","11":"product_tag-nitrazepam-mogadon","12":"product_tag-reddit-mogadon-nitrazepam","13":"product_tag-reddit-mogadon-nitrazepam-retragere","14":"product_tag-reddit-nitrazepam-mogadon-retragere","15":"product_tag-mogadon-nitrazepam-sevraj","17":"first","18":"instock","19":"shipping-taxable","20":"purchasable","21":"product-type-variable","22":"has-default-attributes"},"yoast_head":"<!-- This site is optimized with the Yoast SEO plugin v27.3 - https:\/\/yoast.com\/product\/yoast-seo-wordpress\/ -->\n<title>Cump\u0103ra\u021bi pastile Mogadon Nitrazepam 5mg - Cele mai bune medicamente globale<\/title>\n<meta name=\"description\" content=\"Cump\u0103ra\u021bi Mogadon Nitrazepam 5mg pastile de v\u00e2nzare \u00een Marea Britanie, Europa online. probleme de \u00eenclinare din cap, excit\u0103ri succesive pe tot parcursul nop\u021bii \u0219i trezire diminea\u021ba devreme. \u00cen plus, este folosit pentru a supraveghea convulsii mioclonice.\" \/>\n<meta name=\"robots\" content=\"index, follow, max-snippet:-1, max-image-preview:large, max-video-preview:-1\" \/>\n<link rel=\"canonical\" href=\"https:\/\/medicinasinc.com\/ro\/product\/cumpara-mogadon-nitrazepam-5mg-pastile\/\" \/>\n<meta property=\"og:locale\" content=\"en_US\" \/>\n<meta property=\"og:type\" content=\"article\" \/>\n<meta property=\"og:title\" content=\"Cump\u0103ra\u021bi pastile Mogadon Nitrazepam 5mg - Cele mai bune medicamente globale\" \/>\n<meta property=\"og:description\" content=\"Cump\u0103ra\u021bi Mogadon Nitrazepam 5mg pastile de v\u00e2nzare \u00een Marea Britanie, Europa online. probleme de \u00eenclinare din cap, excit\u0103ri succesive pe tot parcursul nop\u021bii \u0219i trezire diminea\u021ba devreme. \u00cen plus, este folosit pentru a supraveghea convulsii mioclonice.\" \/>\n<meta property=\"og:url\" content=\"https:\/\/medicinasinc.com\/ro\/product\/cumpara-mogadon-nitrazepam-5mg-pastile\/\" \/>\n<meta property=\"og:site_name\" content=\"Medicinas Inc\" \/>\n<meta property=\"article:modified_time\" content=\"2022-03-22T01:02:47+00:00\" \/>\n<meta property=\"og:image\" content=\"https:\/\/medicinasinc.com\/ro\/wp-content\/uploads\/sites\/11\/2022\/02\/Buy-Mogadon-Nitrazepam-5mg-pills.jpg\" \/>\n\t<meta property=\"og:image:width\" content=\"640\" \/>\n\t<meta property=\"og:image:height\" content=\"480\" \/>\n\t<meta property=\"og:image:type\" content=\"image\/jpeg\" \/>\n<meta name=\"twitter:card\" content=\"summary_large_image\" \/>\n<meta name=\"twitter:label1\" content=\"Est. reading time\" \/>\n\t<meta name=\"twitter:data1\" content=\"1 minute\" \/>\n<script type=\"application\/ld+json\" class=\"yoast-schema-graph\">{\"@context\":\"https:\\\/\\\/schema.org\",\"@graph\":[{\"@type\":\"WebPage\",\"@id\":\"https:\\\/\\\/medicinasinc.com\\\/ro\\\/product\\\/cumpara-mogadon-nitrazepam-5mg-pastile\\\/\",\"url\":\"https:\\\/\\\/medicinasinc.com\\\/ro\\\/product\\\/cumpara-mogadon-nitrazepam-5mg-pastile\\\/\",\"name\":\"Cump\u0103ra\u021bi pastile Mogadon Nitrazepam 5mg - Cele mai bune medicamente globale\",\"isPartOf\":{\"@id\":\"https:\\\/\\\/medicinasinc.com\\\/ro\\\/#website\"},\"primaryImageOfPage\":{\"@id\":\"https:\\\/\\\/medicinasinc.com\\\/ro\\\/product\\\/cumpara-mogadon-nitrazepam-5mg-pastile\\\/#primaryimage\"},\"image\":{\"@id\":\"https:\\\/\\\/medicinasinc.com\\\/ro\\\/product\\\/cumpara-mogadon-nitrazepam-5mg-pastile\\\/#primaryimage\"},\"thumbnailUrl\":\"https:\\\/\\\/medicinasinc.com\\\/ro\\\/wp-content\\\/uploads\\\/sites\\\/11\\\/2022\\\/02\\\/Buy-Mogadon-Nitrazepam-5mg-pills.jpg\",\"datePublished\":\"2022-02-20T22:55:20+00:00\",\"dateModified\":\"2022-03-22T01:02:47+00:00\",\"description\":\"Cump\u0103ra\u021bi Mogadon Nitrazepam 5mg pastile de v\u00e2nzare \u00een Marea Britanie, Europa online. probleme de \u00eenclinare din cap, excit\u0103ri succesive pe tot parcursul nop\u021bii \u0219i trezire diminea\u021ba devreme. \u00cen plus, este folosit pentru a supraveghea convulsii mioclonice.\",\"breadcrumb\":{\"@id\":\"https:\\\/\\\/medicinasinc.com\\\/ro\\\/product\\\/cumpara-mogadon-nitrazepam-5mg-pastile\\\/#breadcrumb\"},\"inLanguage\":\"en-US\",\"potentialAction\":[{\"@type\":\"ReadAction\",\"target\":[\"https:\\\/\\\/medicinasinc.com\\\/ro\\\/product\\\/cumpara-mogadon-nitrazepam-5mg-pastile\\\/\"]}]},{\"@type\":\"ImageObject\",\"inLanguage\":\"en-US\",\"@id\":\"https:\\\/\\\/medicinasinc.com\\\/ro\\\/product\\\/cumpara-mogadon-nitrazepam-5mg-pastile\\\/#primaryimage\",\"url\":\"https:\\\/\\\/medicinasinc.com\\\/ro\\\/wp-content\\\/uploads\\\/sites\\\/11\\\/2022\\\/02\\\/Buy-Mogadon-Nitrazepam-5mg-pills.jpg\",\"contentUrl\":\"https:\\\/\\\/medicinasinc.com\\\/ro\\\/wp-content\\\/uploads\\\/sites\\\/11\\\/2022\\\/02\\\/Buy-Mogadon-Nitrazepam-5mg-pills.jpg\",\"width\":640,\"height\":480,\"caption\":\"Buy Mogadon Nitrazepam 5mg pills\"},{\"@type\":\"BreadcrumbList\",\"@id\":\"https:\\\/\\\/medicinasinc.com\\\/ro\\\/product\\\/cumpara-mogadon-nitrazepam-5mg-pastile\\\/#breadcrumb\",\"itemListElement\":[{\"@type\":\"ListItem\",\"position\":1,\"name\":\"Magazin\",\"item\":\"https:\\\/\\\/medicinasinc.com\\\/ro\\\/magazin\\\/\"},{\"@type\":\"ListItem\",\"position\":2,\"name\":\"Cump\u0103ra\u021bi pastile Mogadon Nitrazepam 5mg\"}]},{\"@type\":\"WebSite\",\"@id\":\"https:\\\/\\\/medicinasinc.com\\\/ro\\\/#website\",\"url\":\"https:\\\/\\\/medicinasinc.com\\\/ro\\\/\",\"name\":\"Medicinas Inc\",\"description\":\"Health Medical Clinic\",\"potentialAction\":[{\"@type\":\"SearchAction\",\"target\":{\"@type\":\"EntryPoint\",\"urlTemplate\":\"https:\\\/\\\/medicinasinc.com\\\/ro\\\/?s={search_term_string}\"},\"query-input\":{\"@type\":\"PropertyValueSpecification\",\"valueRequired\":true,\"valueName\":\"search_term_string\"}}],\"inLanguage\":\"en-US\"}]}<\/script>\n<!-- \/ Yoast SEO plugin. -->","yoast_head_json":{"title":"Cump\u0103ra\u021bi pastile Mogadon Nitrazepam 5mg - Cele mai bune medicamente globale","description":"Cump\u0103ra\u021bi Mogadon Nitrazepam 5mg pastile de v\u00e2nzare \u00een Marea Britanie, Europa online. probleme de \u00eenclinare din cap, excit\u0103ri succesive pe tot parcursul nop\u021bii \u0219i trezire diminea\u021ba devreme. \u00cen plus, este folosit pentru a supraveghea convulsii mioclonice.","robots":{"index":"index","follow":"follow","max-snippet":"max-snippet:-1","max-image-preview":"max-image-preview:large","max-video-preview":"max-video-preview:-1"},"canonical":"https:\/\/medicinasinc.com\/ro\/product\/cumpara-mogadon-nitrazepam-5mg-pastile\/","og_locale":"en_US","og_type":"article","og_title":"Cump\u0103ra\u021bi pastile Mogadon Nitrazepam 5mg - Cele mai bune medicamente globale","og_description":"Cump\u0103ra\u021bi Mogadon Nitrazepam 5mg pastile de v\u00e2nzare \u00een Marea Britanie, Europa online. probleme de \u00eenclinare din cap, excit\u0103ri succesive pe tot parcursul nop\u021bii \u0219i trezire diminea\u021ba devreme. \u00cen plus, este folosit pentru a supraveghea convulsii mioclonice.","og_url":"https:\/\/medicinasinc.com\/ro\/product\/cumpara-mogadon-nitrazepam-5mg-pastile\/","og_site_name":"Medicinas Inc","article_modified_time":"2022-03-22T01:02:47+00:00","og_image":[{"width":640,"height":480,"url":"https:\/\/medicinasinc.com\/ro\/wp-content\/uploads\/sites\/11\/2022\/02\/Buy-Mogadon-Nitrazepam-5mg-pills.jpg","type":"image\/jpeg"}],"twitter_card":"summary_large_image","twitter_misc":{"Est. reading time":"1 minute"},"schema":{"@context":"https:\/\/schema.org","@graph":[{"@type":"WebPage","@id":"https:\/\/medicinasinc.com\/ro\/product\/cumpara-mogadon-nitrazepam-5mg-pastile\/","url":"https:\/\/medicinasinc.com\/ro\/product\/cumpara-mogadon-nitrazepam-5mg-pastile\/","name":"Cump\u0103ra\u021bi pastile Mogadon Nitrazepam 5mg - Cele mai bune medicamente globale","isPartOf":{"@id":"https:\/\/medicinasinc.com\/ro\/#website"},"primaryImageOfPage":{"@id":"https:\/\/medicinasinc.com\/ro\/product\/cumpara-mogadon-nitrazepam-5mg-pastile\/#primaryimage"},"image":{"@id":"https:\/\/medicinasinc.com\/ro\/product\/cumpara-mogadon-nitrazepam-5mg-pastile\/#primaryimage"},"thumbnailUrl":"https:\/\/medicinasinc.com\/ro\/wp-content\/uploads\/sites\/11\/2022\/02\/Buy-Mogadon-Nitrazepam-5mg-pills.jpg","datePublished":"2022-02-20T22:55:20+00:00","dateModified":"2022-03-22T01:02:47+00:00","description":"Cump\u0103ra\u021bi Mogadon Nitrazepam 5mg pastile de v\u00e2nzare \u00een Marea Britanie, Europa online. probleme de \u00eenclinare din cap, excit\u0103ri succesive pe tot parcursul nop\u021bii \u0219i trezire diminea\u021ba devreme. \u00cen plus, este folosit pentru a supraveghea convulsii mioclonice.","breadcrumb":{"@id":"https:\/\/medicinasinc.com\/ro\/product\/cumpara-mogadon-nitrazepam-5mg-pastile\/#breadcrumb"},"inLanguage":"en-US","potentialAction":[{"@type":"ReadAction","target":["https:\/\/medicinasinc.com\/ro\/product\/cumpara-mogadon-nitrazepam-5mg-pastile\/"]}]},{"@type":"ImageObject","inLanguage":"en-US","@id":"https:\/\/medicinasinc.com\/ro\/product\/cumpara-mogadon-nitrazepam-5mg-pastile\/#primaryimage","url":"https:\/\/medicinasinc.com\/ro\/wp-content\/uploads\/sites\/11\/2022\/02\/Buy-Mogadon-Nitrazepam-5mg-pills.jpg","contentUrl":"https:\/\/medicinasinc.com\/ro\/wp-content\/uploads\/sites\/11\/2022\/02\/Buy-Mogadon-Nitrazepam-5mg-pills.jpg","width":640,"height":480,"caption":"Buy Mogadon Nitrazepam 5mg pills"},{"@type":"BreadcrumbList","@id":"https:\/\/medicinasinc.com\/ro\/product\/cumpara-mogadon-nitrazepam-5mg-pastile\/#breadcrumb","itemListElement":[{"@type":"ListItem","position":1,"name":"Magazin","item":"https:\/\/medicinasinc.com\/ro\/magazin\/"},{"@type":"ListItem","position":2,"name":"Cump\u0103ra\u021bi pastile Mogadon Nitrazepam 5mg"}]},{"@type":"WebSite","@id":"https:\/\/medicinasinc.com\/ro\/#website","url":"https:\/\/medicinasinc.com\/ro\/","name":"Medicinas Inc","description":"Health Medical Clinic","potentialAction":[{"@type":"SearchAction","target":{"@type":"EntryPoint","urlTemplate":"https:\/\/medicinasinc.com\/ro\/?s={search_term_string}"},"query-input":{"@type":"PropertyValueSpecification","valueRequired":true,"valueName":"search_term_string"}}],"inLanguage":"en-US"}]}},"_links":{"self":[{"href":"https:\/\/medicinasinc.com\/ro\/wp-json\/wp\/v2\/product\/5265","targetHints":{"allow":["GET"]}}],"collection":[{"href":"https:\/\/medicinasinc.com\/ro\/wp-json\/wp\/v2\/product"}],"about":[{"href":"https:\/\/medicinasinc.com\/ro\/wp-json\/wp\/v2\/types\/product"}],"replies":[{"embeddable":true,"href":"https:\/\/medicinasinc.com\/ro\/wp-json\/wp\/v2\/comments?post=5265"}],"wp:featuredmedia":[{"embeddable":true,"href":"https:\/\/medicinasinc.com\/ro\/wp-json\/wp\/v2\/media\/5995"}],"wp:attachment":[{"href":"https:\/\/medicinasinc.com\/ro\/wp-json\/wp\/v2\/media?parent=5265"}],"wp:term":[{"taxonomy":"product_brand","embeddable":true,"href":"https:\/\/medicinasinc.com\/ro\/wp-json\/wp\/v2\/product_brand?post=5265"},{"taxonomy":"product_cat","embeddable":true,"href":"https:\/\/medicinasinc.com\/ro\/wp-json\/wp\/v2\/product_cat?post=5265"},{"taxonomy":"product_tag","embeddable":true,"href":"https:\/\/medicinasinc.com\/ro\/wp-json\/wp\/v2\/product_tag?post=5265"}],"curies":[{"name":"wp","href":"https:\/\/api.w.org\/{rel}","templated":true}]}}