{"id":5264,"date":"2022-02-20T22:53:05","date_gmt":"2022-02-20T22:53:05","guid":{"rendered":"https:\/\/medicinasinc.com\/ro\/?post_type=product&#038;p=5264"},"modified":"2022-03-22T01:03:01","modified_gmt":"2022-03-22T01:03:01","slug":"cumpara-motrin-ibuprofen-600mg-pastile","status":"publish","type":"product","link":"https:\/\/medicinasinc.com\/ro\/product\/cumpara-motrin-ibuprofen-600mg-pastile\/","title":{"rendered":"Cump\u0103ra\u021bi pastile Motrin Ibuprofen 600 mg"},"content":{"rendered":"<p>Motrin \u2013 Pastilele de ibuprofen 600 mg pot fi achizi\u021bionate online.<br \/> Pastilele Motrin Ibuprofen 600 mg pot fi cump\u0103rate online.<\/p>\n<p>Ibuprofenul 600 mg este disponibil sub form\u0103 de tablet\u0103. Este un membru al clasei de medicamente cunoscute sub numele de AINS \u2013 Medicamente antiinflamatoare nesteroidiene. Este utilizat pentru a trata osteoartrita, artrita reumatoid\u0103, artrita coloanei vertebrale, articula\u021biile umflate, um\u0103rul \u00eenghe\u021bat, bursita, tendinita, tenosinovita, disconfortul spatelui inferior \u0219i entorsele \u0219i tulpinile.<\/p>\n<p>Ibuprofen 600 mg comprimate ar trebui s\u0103 fie \u021binute departe de comprimatele copiilor. vedere \u0219i atingere. Trebuie p\u0103strat \u00een ambalajul original \u0219i p\u0103strat la o temperatur\u0103 de cel mult 25 de grade Celsius.<\/p>\n","protected":false},"excerpt":{"rendered":"<div class=\"woocommerce-product-details__short-description\">\n<p>Motrin \u2013 Pastilele de ibuprofen 600 mg pot fi achizi\u021bionate online. Cump\u0103ra\u021bi Ibuprofen Online la costuri extrem de mici. Comenzile angro se calific\u0103 pentru transport gratuit. Dac\u0103 a\u021bi c\u0103utat s\u0103 cump\u0103ra\u021bi online medicamente pe baz\u0103 de re\u021bet\u0103 f\u0103r\u0103 prescrip\u021bie medical\u0103, c\u0103utarea dvs. este finalizat\u0103.<\/p>\n<p>Ibuprofen 600 mg este disponibil sub form\u0103 de tablete. Este un membru al clasei de medicamente cunoscute sub numele de AINS &#8211; Medicamente antiinflamatoare nesteroidiene.<\/p>\n<p>Ibuprofen 600 mg comprimate, ibuprofen 600 mg concentra\u021bie prescris\u0103, ibuprofen 600 mg f\u0103r\u0103 prescrip\u021bie medical\u0103, ibuprofen 600 mg doz\u0103 pentru adul\u021bi, ibuprofen 600 mg cost per pilula, ibuprofen 600 mg cizme, motrin 600 mg, ibuprofen 600 mg over the counter uk<\/p>\n<\/p><\/div>\n","protected":false},"featured_media":5282,"comment_status":"open","ping_status":"closed","template":"","meta":[],"product_brand":[],"product_cat":[1117],"product_tag":[1571,1572,1576,1627,1628,1582,1577,1578,1621,1602,1601,1600,1599,1610,1607,1605,1608,1609,1604,1603,1583,1584,1589,1587,1585,1586,1588,1590,1597,1593,1594,1595,1596,1591,1598,1592,1606,1611,1612,1613,1580,1579,1581,1622,1618,1619,1620,1623,1614,1616,1617,1615,1624,1625,1626,1574,1573,1575],"class_list":{"0":"post-5264","1":"product","2":"type-product","3":"status-publish","4":"has-post-thumbnail","6":"product_cat-cumparati-pastile-pentru-durere-somn-sex","7":"product_tag-600-mg-de-ibuprofen-fr-prescripie-medical-din-regatul-unit","8":"product_tag-advil-motrin-ibuprofen","9":"product_tag-are-motrin-and-ibuprofen-the-same-thing","10":"product_tag-care-este-diferena-ntre-ibuprofen-i-motrin","11":"product_tag-care-este-diferena-ntre-motrin-i-ibuprofen","12":"product_tag-ct-ibuprofen-n-motrin","13":"product_tag-diferena-ntre-ibuprofen-i-motrin","14":"product_tag-diferena-ntre-motrin-i-ibuprofen","15":"product_tag-motrin-ibuprofen-dozare","16":"product_tag-este-ibuprofen-acelai-cu-motrin","17":"product_tag-este-ibuprofen-motrin","18":"product_tag-este-ibuprofen-i-motrin-acelai-lucru","19":"product_tag-este-ibuprofen-i-motrin-acelai","20":"product_tag-este-motrin-acelai-lucru-ca-ibuprofen","21":"product_tag-este-motrin-like-ibuprofen","22":"product_tag-este-motrin-ibuprofen","23":"product_tag-este-motrin-la-fel-ca-ibuprofenul","24":"product_tag-este-motrin-la-la-fel-cu-ibuprofenul","25":"product_tag-este-motrin-i-ibuprofen-acelai-lucru","26":"product_tag-este-motrin-i-ibuprofen-acelai","27":"product_tag-ibuprofen-200mg-comprimate","28":"product_tag-ibuprofen-600-mg-boots","29":"product_tag-ibuprofen-600mg-comprimate","30":"product_tag-ibuprofen-600-mg-reet-trie","31":"product_tag-ibuprofen-600-mg-dosage-for-adults","32":"product_tag-ibuprofen-600-mg-fr-prescripie-medical","33":"product_tag-ibuprofen-600-mg-pret-pe-pastil","34":"product_tag-ibuprofen-advil-motrin","35":"product_tag-ibuprofen-la-fel-ca-motrin","36":"product_tag-ibuprofen-motrin","37":"product_tag-ibuprofen-motrin-600-mg","38":"product_tag-ibuprofen-motrin-800-mg","39":"product_tag-ibuprofen-motrin-800mg","40":"product_tag-ibuprofen-i-motrin","41":"product_tag-ibuprofen-vs-motrin","42":"product_tag-ibuprofen-este-motrin","43":"product_tag-is-motrin-ibuprofen-or-acetaminophen","44":"product_tag-motrin-600-mg","45":"product_tag-motrin-600-mg-vs-ibuprofen","46":"product_tag-motrin-800-vs-ibuprofen","47":"product_tag-nu-motrin-are-ibuprofen","48":"product_tag-motrin-contine-ibuprofen","49":"product_tag-are-motrin-ibuprofen-n-el","50":"product_tag-motrin-este-ibuprofen","51":"product_tag-motrin-ib","52":"product_tag-motrin-ibuprofen","53":"product_tag-motrin-ibuprofen-200-mg","54":"product_tag-motrin-la-la-fel-ca-ibuprofen","55":"product_tag-motrin-i-ibuprofen","56":"product_tag-motrin-si-ibuprofen-acelasi-lucru","57":"product_tag-motrin-i-ibuprofen-mpreun","58":"product_tag-motrin-si-ibuprofen-la-fel","59":"product_tag-motrin-versus-ibuprofen","60":"product_tag-motrin-vs-advil-vs-ibuprofen","61":"product_tag-motrin-vs-ibuprofen","62":"product_tag-sunt-ibuprofen-i-motrin-acelai-lucru","63":"product_tag-sunt-ibuprofen-i-motrin-la-fel","64":"product_tag-sunt-motrin-si-ibuprofen-la-fel","66":"first","67":"instock","68":"shipping-taxable","69":"purchasable","70":"product-type-variable","71":"has-default-attributes"},"yoast_head":"<!-- This site is optimized with the Yoast SEO plugin v27.3 - https:\/\/yoast.com\/product\/yoast-seo-wordpress\/ -->\n<title>Cump\u0103ra\u021bi Motrin Ibuprofen 600 mg pastile - Cele mai bune medicamente globale<\/title>\n<meta name=\"description\" content=\"Cump\u0103ra\u021bi online Motrin Ibuprofen 600 mg pastile. Cump\u0103ra\u021bi Ibuprofen 600mg Online la pre\u021buri foarte ieftine. Livrare gratuit\u0103 la comenzile angro. Dac\u0103 a\u021bi c\u0103utat s\u0103 cump\u0103ra\u021bi medicamente online f\u0103r\u0103 prescrip\u021bie medical\u0103, atunci c\u0103utarea dvs. s-a \u00eencheiat.\" \/>\n<meta name=\"robots\" content=\"index, follow, max-snippet:-1, max-image-preview:large, max-video-preview:-1\" \/>\n<link rel=\"canonical\" href=\"https:\/\/medicinasinc.com\/ro\/product\/cumpara-motrin-ibuprofen-600mg-pastile\/\" \/>\n<meta property=\"og:locale\" content=\"en_US\" \/>\n<meta property=\"og:type\" content=\"article\" \/>\n<meta property=\"og:title\" content=\"Cump\u0103ra\u021bi Motrin Ibuprofen 600 mg pastile - Cele mai bune medicamente globale\" \/>\n<meta property=\"og:description\" content=\"Cump\u0103ra\u021bi online Motrin Ibuprofen 600 mg pastile. Cump\u0103ra\u021bi Ibuprofen 600mg Online la pre\u021buri foarte ieftine. Livrare gratuit\u0103 la comenzile angro. Dac\u0103 a\u021bi c\u0103utat s\u0103 cump\u0103ra\u021bi medicamente online f\u0103r\u0103 prescrip\u021bie medical\u0103, atunci c\u0103utarea dvs. s-a \u00eencheiat.\" \/>\n<meta property=\"og:url\" content=\"https:\/\/medicinasinc.com\/ro\/product\/cumpara-motrin-ibuprofen-600mg-pastile\/\" \/>\n<meta property=\"og:site_name\" content=\"Medicinas Inc\" \/>\n<meta property=\"article:modified_time\" content=\"2022-03-22T01:03:01+00:00\" \/>\n<meta property=\"og:image\" content=\"https:\/\/medicinasinc.com\/ro\/wp-content\/uploads\/sites\/11\/2022\/02\/Buy-Motrin-Ibuprofen-600mg.jpg\" \/>\n\t<meta property=\"og:image:width\" content=\"1200\" \/>\n\t<meta property=\"og:image:height\" content=\"1200\" \/>\n\t<meta property=\"og:image:type\" content=\"image\/jpeg\" \/>\n<meta name=\"twitter:card\" content=\"summary_large_image\" \/>\n<meta name=\"twitter:label1\" content=\"Est. reading time\" \/>\n\t<meta name=\"twitter:data1\" content=\"1 minute\" \/>\n<script type=\"application\/ld+json\" class=\"yoast-schema-graph\">{\"@context\":\"https:\\\/\\\/schema.org\",\"@graph\":[{\"@type\":\"WebPage\",\"@id\":\"https:\\\/\\\/medicinasinc.com\\\/ro\\\/product\\\/cumpara-motrin-ibuprofen-600mg-pastile\\\/\",\"url\":\"https:\\\/\\\/medicinasinc.com\\\/ro\\\/product\\\/cumpara-motrin-ibuprofen-600mg-pastile\\\/\",\"name\":\"Cump\u0103ra\u021bi Motrin Ibuprofen 600 mg pastile - Cele mai bune medicamente globale\",\"isPartOf\":{\"@id\":\"https:\\\/\\\/medicinasinc.com\\\/ro\\\/#website\"},\"primaryImageOfPage\":{\"@id\":\"https:\\\/\\\/medicinasinc.com\\\/ro\\\/product\\\/cumpara-motrin-ibuprofen-600mg-pastile\\\/#primaryimage\"},\"image\":{\"@id\":\"https:\\\/\\\/medicinasinc.com\\\/ro\\\/product\\\/cumpara-motrin-ibuprofen-600mg-pastile\\\/#primaryimage\"},\"thumbnailUrl\":\"https:\\\/\\\/medicinasinc.com\\\/ro\\\/wp-content\\\/uploads\\\/sites\\\/11\\\/2022\\\/02\\\/Buy-Motrin-Ibuprofen-600mg.jpg\",\"datePublished\":\"2022-02-20T22:53:05+00:00\",\"dateModified\":\"2022-03-22T01:03:01+00:00\",\"description\":\"Cump\u0103ra\u021bi online Motrin Ibuprofen 600 mg pastile. Cump\u0103ra\u021bi Ibuprofen 600mg Online la pre\u021buri foarte ieftine. Livrare gratuit\u0103 la comenzile angro. Dac\u0103 a\u021bi c\u0103utat s\u0103 cump\u0103ra\u021bi medicamente online f\u0103r\u0103 prescrip\u021bie medical\u0103, atunci c\u0103utarea dvs. s-a \u00eencheiat.\",\"breadcrumb\":{\"@id\":\"https:\\\/\\\/medicinasinc.com\\\/ro\\\/product\\\/cumpara-motrin-ibuprofen-600mg-pastile\\\/#breadcrumb\"},\"inLanguage\":\"en-US\",\"potentialAction\":[{\"@type\":\"ReadAction\",\"target\":[\"https:\\\/\\\/medicinasinc.com\\\/ro\\\/product\\\/cumpara-motrin-ibuprofen-600mg-pastile\\\/\"]}]},{\"@type\":\"ImageObject\",\"inLanguage\":\"en-US\",\"@id\":\"https:\\\/\\\/medicinasinc.com\\\/ro\\\/product\\\/cumpara-motrin-ibuprofen-600mg-pastile\\\/#primaryimage\",\"url\":\"https:\\\/\\\/medicinasinc.com\\\/ro\\\/wp-content\\\/uploads\\\/sites\\\/11\\\/2022\\\/02\\\/Buy-Motrin-Ibuprofen-600mg.jpg\",\"contentUrl\":\"https:\\\/\\\/medicinasinc.com\\\/ro\\\/wp-content\\\/uploads\\\/sites\\\/11\\\/2022\\\/02\\\/Buy-Motrin-Ibuprofen-600mg.jpg\",\"width\":1200,\"height\":1200},{\"@type\":\"BreadcrumbList\",\"@id\":\"https:\\\/\\\/medicinasinc.com\\\/ro\\\/product\\\/cumpara-motrin-ibuprofen-600mg-pastile\\\/#breadcrumb\",\"itemListElement\":[{\"@type\":\"ListItem\",\"position\":1,\"name\":\"Magazin\",\"item\":\"https:\\\/\\\/medicinasinc.com\\\/ro\\\/magazin\\\/\"},{\"@type\":\"ListItem\",\"position\":2,\"name\":\"Cump\u0103ra\u021bi pastile Motrin Ibuprofen 600 mg\"}]},{\"@type\":\"WebSite\",\"@id\":\"https:\\\/\\\/medicinasinc.com\\\/ro\\\/#website\",\"url\":\"https:\\\/\\\/medicinasinc.com\\\/ro\\\/\",\"name\":\"Medicinas Inc\",\"description\":\"Health Medical Clinic\",\"potentialAction\":[{\"@type\":\"SearchAction\",\"target\":{\"@type\":\"EntryPoint\",\"urlTemplate\":\"https:\\\/\\\/medicinasinc.com\\\/ro\\\/?s={search_term_string}\"},\"query-input\":{\"@type\":\"PropertyValueSpecification\",\"valueRequired\":true,\"valueName\":\"search_term_string\"}}],\"inLanguage\":\"en-US\"}]}<\/script>\n<!-- \/ Yoast SEO plugin. -->","yoast_head_json":{"title":"Cump\u0103ra\u021bi Motrin Ibuprofen 600 mg pastile - Cele mai bune medicamente globale","description":"Cump\u0103ra\u021bi online Motrin Ibuprofen 600 mg pastile. Cump\u0103ra\u021bi Ibuprofen 600mg Online la pre\u021buri foarte ieftine. Livrare gratuit\u0103 la comenzile angro. Dac\u0103 a\u021bi c\u0103utat s\u0103 cump\u0103ra\u021bi medicamente online f\u0103r\u0103 prescrip\u021bie medical\u0103, atunci c\u0103utarea dvs. s-a \u00eencheiat.","robots":{"index":"index","follow":"follow","max-snippet":"max-snippet:-1","max-image-preview":"max-image-preview:large","max-video-preview":"max-video-preview:-1"},"canonical":"https:\/\/medicinasinc.com\/ro\/product\/cumpara-motrin-ibuprofen-600mg-pastile\/","og_locale":"en_US","og_type":"article","og_title":"Cump\u0103ra\u021bi Motrin Ibuprofen 600 mg pastile - Cele mai bune medicamente globale","og_description":"Cump\u0103ra\u021bi online Motrin Ibuprofen 600 mg pastile. Cump\u0103ra\u021bi Ibuprofen 600mg Online la pre\u021buri foarte ieftine. Livrare gratuit\u0103 la comenzile angro. Dac\u0103 a\u021bi c\u0103utat s\u0103 cump\u0103ra\u021bi medicamente online f\u0103r\u0103 prescrip\u021bie medical\u0103, atunci c\u0103utarea dvs. s-a \u00eencheiat.","og_url":"https:\/\/medicinasinc.com\/ro\/product\/cumpara-motrin-ibuprofen-600mg-pastile\/","og_site_name":"Medicinas Inc","article_modified_time":"2022-03-22T01:03:01+00:00","og_image":[{"width":1200,"height":1200,"url":"https:\/\/medicinasinc.com\/ro\/wp-content\/uploads\/sites\/11\/2022\/02\/Buy-Motrin-Ibuprofen-600mg.jpg","type":"image\/jpeg"}],"twitter_card":"summary_large_image","twitter_misc":{"Est. reading time":"1 minute"},"schema":{"@context":"https:\/\/schema.org","@graph":[{"@type":"WebPage","@id":"https:\/\/medicinasinc.com\/ro\/product\/cumpara-motrin-ibuprofen-600mg-pastile\/","url":"https:\/\/medicinasinc.com\/ro\/product\/cumpara-motrin-ibuprofen-600mg-pastile\/","name":"Cump\u0103ra\u021bi Motrin Ibuprofen 600 mg pastile - Cele mai bune medicamente globale","isPartOf":{"@id":"https:\/\/medicinasinc.com\/ro\/#website"},"primaryImageOfPage":{"@id":"https:\/\/medicinasinc.com\/ro\/product\/cumpara-motrin-ibuprofen-600mg-pastile\/#primaryimage"},"image":{"@id":"https:\/\/medicinasinc.com\/ro\/product\/cumpara-motrin-ibuprofen-600mg-pastile\/#primaryimage"},"thumbnailUrl":"https:\/\/medicinasinc.com\/ro\/wp-content\/uploads\/sites\/11\/2022\/02\/Buy-Motrin-Ibuprofen-600mg.jpg","datePublished":"2022-02-20T22:53:05+00:00","dateModified":"2022-03-22T01:03:01+00:00","description":"Cump\u0103ra\u021bi online Motrin Ibuprofen 600 mg pastile. Cump\u0103ra\u021bi Ibuprofen 600mg Online la pre\u021buri foarte ieftine. Livrare gratuit\u0103 la comenzile angro. Dac\u0103 a\u021bi c\u0103utat s\u0103 cump\u0103ra\u021bi medicamente online f\u0103r\u0103 prescrip\u021bie medical\u0103, atunci c\u0103utarea dvs. s-a \u00eencheiat.","breadcrumb":{"@id":"https:\/\/medicinasinc.com\/ro\/product\/cumpara-motrin-ibuprofen-600mg-pastile\/#breadcrumb"},"inLanguage":"en-US","potentialAction":[{"@type":"ReadAction","target":["https:\/\/medicinasinc.com\/ro\/product\/cumpara-motrin-ibuprofen-600mg-pastile\/"]}]},{"@type":"ImageObject","inLanguage":"en-US","@id":"https:\/\/medicinasinc.com\/ro\/product\/cumpara-motrin-ibuprofen-600mg-pastile\/#primaryimage","url":"https:\/\/medicinasinc.com\/ro\/wp-content\/uploads\/sites\/11\/2022\/02\/Buy-Motrin-Ibuprofen-600mg.jpg","contentUrl":"https:\/\/medicinasinc.com\/ro\/wp-content\/uploads\/sites\/11\/2022\/02\/Buy-Motrin-Ibuprofen-600mg.jpg","width":1200,"height":1200},{"@type":"BreadcrumbList","@id":"https:\/\/medicinasinc.com\/ro\/product\/cumpara-motrin-ibuprofen-600mg-pastile\/#breadcrumb","itemListElement":[{"@type":"ListItem","position":1,"name":"Magazin","item":"https:\/\/medicinasinc.com\/ro\/magazin\/"},{"@type":"ListItem","position":2,"name":"Cump\u0103ra\u021bi pastile Motrin Ibuprofen 600 mg"}]},{"@type":"WebSite","@id":"https:\/\/medicinasinc.com\/ro\/#website","url":"https:\/\/medicinasinc.com\/ro\/","name":"Medicinas Inc","description":"Health Medical Clinic","potentialAction":[{"@type":"SearchAction","target":{"@type":"EntryPoint","urlTemplate":"https:\/\/medicinasinc.com\/ro\/?s={search_term_string}"},"query-input":{"@type":"PropertyValueSpecification","valueRequired":true,"valueName":"search_term_string"}}],"inLanguage":"en-US"}]}},"_links":{"self":[{"href":"https:\/\/medicinasinc.com\/ro\/wp-json\/wp\/v2\/product\/5264","targetHints":{"allow":["GET"]}}],"collection":[{"href":"https:\/\/medicinasinc.com\/ro\/wp-json\/wp\/v2\/product"}],"about":[{"href":"https:\/\/medicinasinc.com\/ro\/wp-json\/wp\/v2\/types\/product"}],"replies":[{"embeddable":true,"href":"https:\/\/medicinasinc.com\/ro\/wp-json\/wp\/v2\/comments?post=5264"}],"wp:featuredmedia":[{"embeddable":true,"href":"https:\/\/medicinasinc.com\/ro\/wp-json\/wp\/v2\/media\/5282"}],"wp:attachment":[{"href":"https:\/\/medicinasinc.com\/ro\/wp-json\/wp\/v2\/media?parent=5264"}],"wp:term":[{"taxonomy":"product_brand","embeddable":true,"href":"https:\/\/medicinasinc.com\/ro\/wp-json\/wp\/v2\/product_brand?post=5264"},{"taxonomy":"product_cat","embeddable":true,"href":"https:\/\/medicinasinc.com\/ro\/wp-json\/wp\/v2\/product_cat?post=5264"},{"taxonomy":"product_tag","embeddable":true,"href":"https:\/\/medicinasinc.com\/ro\/wp-json\/wp\/v2\/product_tag?post=5264"}],"curies":[{"name":"wp","href":"https:\/\/api.w.org\/{rel}","templated":true}]}}