{"id":5263,"date":"2022-02-20T22:51:56","date_gmt":"2022-02-20T22:51:56","guid":{"rendered":"https:\/\/medicinasinc.com\/ro\/?post_type=product&#038;p=5263"},"modified":"2022-03-22T01:03:10","modified_gmt":"2022-03-22T01:03:10","slug":"cumpara-naze-2mg-clonazepam","status":"publish","type":"product","link":"https:\/\/medicinasinc.com\/ro\/product\/cumpara-naze-2mg-clonazepam\/","title":{"rendered":"Cump\u0103ra\u021bi Naze 2mg Clonazepam"},"content":{"rendered":"<p>Achizi\u021bia online de tablete Naze 2mg Clonazepam<\/p>\n<p>Clonazepam este utilizat pentru a trata convulsii (epilepsie sau convulsii) \u0219i incidente nea\u0219teptate de fric\u0103 sever\u0103, precum \u0219i anxietatea cu privire la aceste atacuri (tulburare de panic\u0103), cu sau f\u0103r\u0103 o team\u0103 de locuri publice (agorafobie).<br \/> Clonazepamul este un membru al clasei de medicamente cunoscute sub numele de benzodiazepine. Metoda precis\u0103 de ac\u021biune a clonazepamului este necunoscut\u0103; cu toate acestea, se crede c\u0103 \u00eembun\u0103t\u0103\u021be\u0219te func\u021bia unei substan\u021be chimice de semnalizare din creier numit\u0103 acid gama-aminobutiric (GABA), care ajut\u0103 la calmarea activit\u0103\u021bii nervoase electrice excesive care provoac\u0103 convulsii \u0219i tulbur\u0103ri de panic\u0103.<\/p>\n<p>Cump\u0103ra\u021bi Naze (Clonazepam) 2mg online f\u0103r\u0103 prescrip\u021bie medical\u0103 din magazinul nostru prin transfer bancar. Livrare discret\u0103 peste noapte este asigurat\u0103 din Europa, Regatul Unit \u0219i Statele Unite.<\/p>\n<p>Pastilele Naze 2mg Clonazepam pot fi achizi\u021bionate online.<\/p>\n<p>Lua\u021bi clonazepam exact a\u0219a cum v-a prescris medicul dumneavoastr\u0103.<\/p>\n<p>Naze\u00a0(Clonazepam)\u00a02 mg. Pute\u021bi ob\u021bine Naze (Clonazepam) comprimate de 2 mg f\u0103r\u0103 prescrip\u021bie medical\u0103 online (f\u0103r\u0103 RX). Pre\u021bul produsului este dup\u0103 cum urmeaz\u0103: pe pastil\u0103.<\/p>\n","protected":false},"excerpt":{"rendered":"<p>Cump\u0103ra\u021bi Naze (Clonazepam) 2mg online f\u0103r\u0103 prescrip\u021bie medical\u0103 din magazinul nostru prin transfer bancar. Livrare discret\u0103 peste noapte este asigurat\u0103 din Europa, Regatul Unit \u0219i Statele Unite.<\/p>\n<p>Pastilele Naze 2mg Clonazepam pot fi achizi\u021bionate online.<\/p>\n<p>Lua\u021bi clonazepam exact a\u0219a cum v-a prescris medicul dumneavoastr\u0103.<\/p>\n<p>Naze\u00a0(Clonazepam)\u00a02 mg. Pute\u021bi ob\u021bine Naze (Clonazepam) comprimate de 2 mg f\u0103r\u0103 prescrip\u021bie medical\u0103 online (f\u0103r\u0103 RX)<\/p>\n<div class=\"ULSxyf\">\n<div class=\"EyBRub\">\n<div>\n<div id=\"_QM5vYYzICdD2gQa--6GgAw40\" class=\"yp\" data-jiis=\"up\" data-async-type=\"kp_feedback\" data-ved=\"2ahUKEwiM6ImnxNjzAhVQe8AKHb59CDQQ68cEegQIKhAA\"><\/div>\n<\/p><\/div>\n<div class=\"LnbJhc\" data-count=\"11 \" data-iu=\"1\" data-hveid=\"CCoQAQ\" data-ved=\"2ahUKEwiM6ImnxNjzAhVQe8AKHb59CDQQyA0oAHoECCoQAQ\"><\/div>\n<\/p><\/div>\n<\/p><\/div>\n<p>&nbsp;<\/p>\n","protected":false},"featured_media":5280,"comment_status":"open","ping_status":"closed","template":"","meta":[],"product_brand":[],"product_cat":[1117],"product_tag":[1564,1563,1568,1567,1565,1566,1570,1569],"class_list":{"0":"post-5263","1":"product","2":"type-product","3":"status-publish","4":"has-post-thumbnail","6":"product_cat-cumparati-pastile-pentru-durere-somn-sex","7":"product_tag-naze-2mg-alternativ","8":"product_tag-clonazepam-uses","9":"product_tag-naze-2mg-comprimate-utilizri","10":"product_tag-naze-2mg-tablet-pakistan","11":"product_tag-naze-2mg-online","12":"product_tag-naze-2mg-price-in-pakistan","13":"product_tag-naze-tablet-2mg-efecte-secundare","14":"product_tag-naze-tablet-uses","16":"first","17":"instock","18":"shipping-taxable","19":"purchasable","20":"product-type-variable","21":"has-default-attributes"},"yoast_head":"<!-- This site is optimized with the Yoast SEO plugin v27.3 - https:\/\/yoast.com\/product\/yoast-seo-wordpress\/ -->\n<title>Cump\u0103ra\u021bi pastile Naze 2mg Clonazepam - Cele mai bune medicamente globale<\/title>\n<meta name=\"description\" content=\"Cump\u0103ra\u021bi Naze\u00a0(Clonazepam)\u00a02mg online cu transfer bancar f\u0103r\u0103 prescrip\u021bie medical\u0103 din magazinul nostru. Livrare discret\u0103 peste noapte disponibil\u0103 din Europa, Marea Britanie \u0219i SUA.\" \/>\n<meta name=\"robots\" content=\"index, follow, max-snippet:-1, max-image-preview:large, max-video-preview:-1\" \/>\n<link rel=\"canonical\" href=\"https:\/\/medicinasinc.com\/ro\/product\/cumpara-naze-2mg-clonazepam\/\" \/>\n<meta property=\"og:locale\" content=\"en_US\" \/>\n<meta property=\"og:type\" content=\"article\" \/>\n<meta property=\"og:title\" content=\"Cump\u0103ra\u021bi pastile Naze 2mg Clonazepam - Cele mai bune medicamente globale\" \/>\n<meta property=\"og:description\" content=\"Cump\u0103ra\u021bi Naze\u00a0(Clonazepam)\u00a02mg online cu transfer bancar f\u0103r\u0103 prescrip\u021bie medical\u0103 din magazinul nostru. Livrare discret\u0103 peste noapte disponibil\u0103 din Europa, Marea Britanie \u0219i SUA.\" \/>\n<meta property=\"og:url\" content=\"https:\/\/medicinasinc.com\/ro\/product\/cumpara-naze-2mg-clonazepam\/\" \/>\n<meta property=\"og:site_name\" content=\"Medicinas Inc\" \/>\n<meta property=\"article:modified_time\" content=\"2022-03-22T01:03:10+00:00\" \/>\n<meta property=\"og:image\" content=\"https:\/\/medicinasinc.com\/ro\/wp-content\/uploads\/sites\/11\/2022\/02\/buy-naze-2mg-clonazepam-pills-online.jpg\" \/>\n\t<meta property=\"og:image:width\" content=\"600\" \/>\n\t<meta property=\"og:image:height\" content=\"600\" \/>\n\t<meta property=\"og:image:type\" content=\"image\/jpeg\" \/>\n<meta name=\"twitter:card\" content=\"summary_large_image\" \/>\n<meta name=\"twitter:label1\" content=\"Est. reading time\" \/>\n\t<meta name=\"twitter:data1\" content=\"1 minute\" \/>\n<script type=\"application\/ld+json\" class=\"yoast-schema-graph\">{\"@context\":\"https:\\\/\\\/schema.org\",\"@graph\":[{\"@type\":\"WebPage\",\"@id\":\"https:\\\/\\\/medicinasinc.com\\\/ro\\\/product\\\/cumpara-naze-2mg-clonazepam\\\/\",\"url\":\"https:\\\/\\\/medicinasinc.com\\\/ro\\\/product\\\/cumpara-naze-2mg-clonazepam\\\/\",\"name\":\"Cump\u0103ra\u021bi pastile Naze 2mg Clonazepam - Cele mai bune medicamente globale\",\"isPartOf\":{\"@id\":\"https:\\\/\\\/medicinasinc.com\\\/ro\\\/#website\"},\"primaryImageOfPage\":{\"@id\":\"https:\\\/\\\/medicinasinc.com\\\/ro\\\/product\\\/cumpara-naze-2mg-clonazepam\\\/#primaryimage\"},\"image\":{\"@id\":\"https:\\\/\\\/medicinasinc.com\\\/ro\\\/product\\\/cumpara-naze-2mg-clonazepam\\\/#primaryimage\"},\"thumbnailUrl\":\"https:\\\/\\\/medicinasinc.com\\\/ro\\\/wp-content\\\/uploads\\\/sites\\\/11\\\/2022\\\/02\\\/buy-naze-2mg-clonazepam-pills-online.jpg\",\"datePublished\":\"2022-02-20T22:51:56+00:00\",\"dateModified\":\"2022-03-22T01:03:10+00:00\",\"description\":\"Cump\u0103ra\u021bi Naze\u00a0(Clonazepam)\u00a02mg online cu transfer bancar f\u0103r\u0103 prescrip\u021bie medical\u0103 din magazinul nostru. Livrare discret\u0103 peste noapte disponibil\u0103 din Europa, Marea Britanie \u0219i SUA.\",\"breadcrumb\":{\"@id\":\"https:\\\/\\\/medicinasinc.com\\\/ro\\\/product\\\/cumpara-naze-2mg-clonazepam\\\/#breadcrumb\"},\"inLanguage\":\"en-US\",\"potentialAction\":[{\"@type\":\"ReadAction\",\"target\":[\"https:\\\/\\\/medicinasinc.com\\\/ro\\\/product\\\/cumpara-naze-2mg-clonazepam\\\/\"]}]},{\"@type\":\"ImageObject\",\"inLanguage\":\"en-US\",\"@id\":\"https:\\\/\\\/medicinasinc.com\\\/ro\\\/product\\\/cumpara-naze-2mg-clonazepam\\\/#primaryimage\",\"url\":\"https:\\\/\\\/medicinasinc.com\\\/ro\\\/wp-content\\\/uploads\\\/sites\\\/11\\\/2022\\\/02\\\/buy-naze-2mg-clonazepam-pills-online.jpg\",\"contentUrl\":\"https:\\\/\\\/medicinasinc.com\\\/ro\\\/wp-content\\\/uploads\\\/sites\\\/11\\\/2022\\\/02\\\/buy-naze-2mg-clonazepam-pills-online.jpg\",\"width\":600,\"height\":600},{\"@type\":\"BreadcrumbList\",\"@id\":\"https:\\\/\\\/medicinasinc.com\\\/ro\\\/product\\\/cumpara-naze-2mg-clonazepam\\\/#breadcrumb\",\"itemListElement\":[{\"@type\":\"ListItem\",\"position\":1,\"name\":\"Magazin\",\"item\":\"https:\\\/\\\/medicinasinc.com\\\/ro\\\/magazin\\\/\"},{\"@type\":\"ListItem\",\"position\":2,\"name\":\"Cump\u0103ra\u021bi Naze 2mg Clonazepam\"}]},{\"@type\":\"WebSite\",\"@id\":\"https:\\\/\\\/medicinasinc.com\\\/ro\\\/#website\",\"url\":\"https:\\\/\\\/medicinasinc.com\\\/ro\\\/\",\"name\":\"Medicinas Inc\",\"description\":\"Health Medical Clinic\",\"potentialAction\":[{\"@type\":\"SearchAction\",\"target\":{\"@type\":\"EntryPoint\",\"urlTemplate\":\"https:\\\/\\\/medicinasinc.com\\\/ro\\\/?s={search_term_string}\"},\"query-input\":{\"@type\":\"PropertyValueSpecification\",\"valueRequired\":true,\"valueName\":\"search_term_string\"}}],\"inLanguage\":\"en-US\"}]}<\/script>\n<!-- \/ Yoast SEO plugin. -->","yoast_head_json":{"title":"Cump\u0103ra\u021bi pastile Naze 2mg Clonazepam - Cele mai bune medicamente globale","description":"Cump\u0103ra\u021bi Naze\u00a0(Clonazepam)\u00a02mg online cu transfer bancar f\u0103r\u0103 prescrip\u021bie medical\u0103 din magazinul nostru. Livrare discret\u0103 peste noapte disponibil\u0103 din Europa, Marea Britanie \u0219i SUA.","robots":{"index":"index","follow":"follow","max-snippet":"max-snippet:-1","max-image-preview":"max-image-preview:large","max-video-preview":"max-video-preview:-1"},"canonical":"https:\/\/medicinasinc.com\/ro\/product\/cumpara-naze-2mg-clonazepam\/","og_locale":"en_US","og_type":"article","og_title":"Cump\u0103ra\u021bi pastile Naze 2mg Clonazepam - Cele mai bune medicamente globale","og_description":"Cump\u0103ra\u021bi Naze\u00a0(Clonazepam)\u00a02mg online cu transfer bancar f\u0103r\u0103 prescrip\u021bie medical\u0103 din magazinul nostru. Livrare discret\u0103 peste noapte disponibil\u0103 din Europa, Marea Britanie \u0219i SUA.","og_url":"https:\/\/medicinasinc.com\/ro\/product\/cumpara-naze-2mg-clonazepam\/","og_site_name":"Medicinas Inc","article_modified_time":"2022-03-22T01:03:10+00:00","og_image":[{"width":600,"height":600,"url":"https:\/\/medicinasinc.com\/ro\/wp-content\/uploads\/sites\/11\/2022\/02\/buy-naze-2mg-clonazepam-pills-online.jpg","type":"image\/jpeg"}],"twitter_card":"summary_large_image","twitter_misc":{"Est. reading time":"1 minute"},"schema":{"@context":"https:\/\/schema.org","@graph":[{"@type":"WebPage","@id":"https:\/\/medicinasinc.com\/ro\/product\/cumpara-naze-2mg-clonazepam\/","url":"https:\/\/medicinasinc.com\/ro\/product\/cumpara-naze-2mg-clonazepam\/","name":"Cump\u0103ra\u021bi pastile Naze 2mg Clonazepam - Cele mai bune medicamente globale","isPartOf":{"@id":"https:\/\/medicinasinc.com\/ro\/#website"},"primaryImageOfPage":{"@id":"https:\/\/medicinasinc.com\/ro\/product\/cumpara-naze-2mg-clonazepam\/#primaryimage"},"image":{"@id":"https:\/\/medicinasinc.com\/ro\/product\/cumpara-naze-2mg-clonazepam\/#primaryimage"},"thumbnailUrl":"https:\/\/medicinasinc.com\/ro\/wp-content\/uploads\/sites\/11\/2022\/02\/buy-naze-2mg-clonazepam-pills-online.jpg","datePublished":"2022-02-20T22:51:56+00:00","dateModified":"2022-03-22T01:03:10+00:00","description":"Cump\u0103ra\u021bi Naze\u00a0(Clonazepam)\u00a02mg online cu transfer bancar f\u0103r\u0103 prescrip\u021bie medical\u0103 din magazinul nostru. Livrare discret\u0103 peste noapte disponibil\u0103 din Europa, Marea Britanie \u0219i SUA.","breadcrumb":{"@id":"https:\/\/medicinasinc.com\/ro\/product\/cumpara-naze-2mg-clonazepam\/#breadcrumb"},"inLanguage":"en-US","potentialAction":[{"@type":"ReadAction","target":["https:\/\/medicinasinc.com\/ro\/product\/cumpara-naze-2mg-clonazepam\/"]}]},{"@type":"ImageObject","inLanguage":"en-US","@id":"https:\/\/medicinasinc.com\/ro\/product\/cumpara-naze-2mg-clonazepam\/#primaryimage","url":"https:\/\/medicinasinc.com\/ro\/wp-content\/uploads\/sites\/11\/2022\/02\/buy-naze-2mg-clonazepam-pills-online.jpg","contentUrl":"https:\/\/medicinasinc.com\/ro\/wp-content\/uploads\/sites\/11\/2022\/02\/buy-naze-2mg-clonazepam-pills-online.jpg","width":600,"height":600},{"@type":"BreadcrumbList","@id":"https:\/\/medicinasinc.com\/ro\/product\/cumpara-naze-2mg-clonazepam\/#breadcrumb","itemListElement":[{"@type":"ListItem","position":1,"name":"Magazin","item":"https:\/\/medicinasinc.com\/ro\/magazin\/"},{"@type":"ListItem","position":2,"name":"Cump\u0103ra\u021bi Naze 2mg Clonazepam"}]},{"@type":"WebSite","@id":"https:\/\/medicinasinc.com\/ro\/#website","url":"https:\/\/medicinasinc.com\/ro\/","name":"Medicinas Inc","description":"Health Medical Clinic","potentialAction":[{"@type":"SearchAction","target":{"@type":"EntryPoint","urlTemplate":"https:\/\/medicinasinc.com\/ro\/?s={search_term_string}"},"query-input":{"@type":"PropertyValueSpecification","valueRequired":true,"valueName":"search_term_string"}}],"inLanguage":"en-US"}]}},"_links":{"self":[{"href":"https:\/\/medicinasinc.com\/ro\/wp-json\/wp\/v2\/product\/5263","targetHints":{"allow":["GET"]}}],"collection":[{"href":"https:\/\/medicinasinc.com\/ro\/wp-json\/wp\/v2\/product"}],"about":[{"href":"https:\/\/medicinasinc.com\/ro\/wp-json\/wp\/v2\/types\/product"}],"replies":[{"embeddable":true,"href":"https:\/\/medicinasinc.com\/ro\/wp-json\/wp\/v2\/comments?post=5263"}],"wp:featuredmedia":[{"embeddable":true,"href":"https:\/\/medicinasinc.com\/ro\/wp-json\/wp\/v2\/media\/5280"}],"wp:attachment":[{"href":"https:\/\/medicinasinc.com\/ro\/wp-json\/wp\/v2\/media?parent=5263"}],"wp:term":[{"taxonomy":"product_brand","embeddable":true,"href":"https:\/\/medicinasinc.com\/ro\/wp-json\/wp\/v2\/product_brand?post=5263"},{"taxonomy":"product_cat","embeddable":true,"href":"https:\/\/medicinasinc.com\/ro\/wp-json\/wp\/v2\/product_cat?post=5263"},{"taxonomy":"product_tag","embeddable":true,"href":"https:\/\/medicinasinc.com\/ro\/wp-json\/wp\/v2\/product_tag?post=5263"}],"curies":[{"name":"wp","href":"https:\/\/api.w.org\/{rel}","templated":true}]}}