{"id":5262,"date":"2022-02-20T22:49:49","date_gmt":"2022-02-20T22:49:49","guid":{"rendered":"https:\/\/medicinasinc.com\/ro\/?post_type=product&#038;p=5262"},"modified":"2022-03-22T01:03:19","modified_gmt":"2022-03-22T01:03:19","slug":"cumpara-onax-2mg-alprazolam","status":"publish","type":"product","link":"https:\/\/medicinasinc.com\/ro\/product\/cumpara-onax-2mg-alprazolam\/","title":{"rendered":"Cump\u0103ra\u021bi Onax 2mg Alprazolam"},"content":{"rendered":"<p>Cump\u0103ra\u021bi Onax 2mg Alprazolam pastile online | Cump\u0103ra\u021bi Onax online | Cump\u0103ra\u021bi batoane Onax<\/p>\n<p>Ce este Onax? Cump\u0103ra\u021bi Onax online<\/p>\n<p>Baroanele Onax 2mg (Alprazolam) sunt binecunoscute pentru efectul lor sedativ. Este utilizat pentru a trata privarea de somn la orice or\u0103 din zi sau din noapte. Xanax XR este o benzodiazepin\u0103 care este utilizat\u0103 pentru a trata anxietatea, tulburarea de panic\u0103 \u0219i depresia. Dac\u0103 cump\u0103ra\u021bi batoane Onax 2mg de la noi, v\u0103 rug\u0103m s\u0103 v\u0103 asigura\u021bi c\u0103 ave\u021bi nevoie de ele cu adev\u0103rat \u0219i c\u0103 Onax este sugerat de un medic. PandaPharmacy.com nu este responsabil pentru nicio daune sau efecte adverse cauzate de Xanax 3mg.<\/p>\n<p>Abuzul de medicament poate duce la un grad limitat de dependen\u021b\u0103 fizic\u0103 sau psihologic\u0103 \u00een compara\u021bie cu medicamentele din programul 3. Pute\u021bi ob\u021bine batoane Onax 2mg online la noi, indiferent de metoda de plat\u0103. Accept\u0103m \u0219i PayPal. \u00cen afar\u0103 de PayPal, ordinele de plat\u0103 pot fi folosite pentru a cump\u0103ra batoane Onax 2mg. V\u0103 rug\u0103m s\u0103 re\u021bine\u021bi c\u0103 acest medicament este extrem de d\u0103un\u0103tor \u0219i poate duce la dependen\u021b\u0103. Onax-ul nostru ar fi de grad superior. V\u0103 rug\u0103m s\u0103 citi\u021bi \u201e\u201d pentru a ob\u021bine majoritatea solu\u021biilor la \u00eentreb\u0103rile care v-au ap\u0103rut \u00een cap.<\/p>\n<p>Ce este Onax? Cump\u0103ra\u021bi Onax online<\/p>\n<p>Baroanele Onax 2mg (Alprazolam) sunt binecunoscute pentru propriet\u0103\u021bile lor sedative. Este utilizat pentru a trata privarea de somn la orice or\u0103 din zi sau din noapte. Xanax XR este o benzodiazepin\u0103 care este utilizat\u0103 pentru a trata anxietatea, tulburarea de panic\u0103 \u0219i depresia. Dac\u0103 cump\u0103ra\u021bi batoane Onax 2mg de la noi, v\u0103 rug\u0103m s\u0103 v\u0103 asigura\u021bi c\u0103 le ave\u021bi cu adev\u0103rat \u0219i c\u0103 Onax este aprobat de medicul dumneavoastr\u0103. PandaPharmacy.com nu este responsabil pentru nicio daune sau efecte adverse cauzate de Xanax 3mg.<\/p>\n<p>Abuzul de medicament poate duce la un grad limitat de dependen\u021b\u0103 fizic\u0103 sau psihologic\u0103 \u00een compara\u021bie cu medicamentele din schema 3.<\/p>\n<p>Pute\u021bi ob\u021bine online batoane Onax 2mg la noi, indiferent de metoda de plat\u0103. Accept\u0103m \u0219i PayPal. \u00cen afar\u0103 de PayPal, ordinele de plat\u0103 pot fi folosite pentru a cump\u0103ra batoane Onax 2mg. V\u0103 rug\u0103m s\u0103 re\u021bine\u021bi c\u0103 acest medicament este extrem de d\u0103un\u0103tor \u0219i poate duce la dependen\u021b\u0103. Onax-ul nostru ar fi de grad superior. V\u0103 rug\u0103m s\u0103 citi\u021bi \u201e pentru a ob\u021bine r\u0103spunsuri la majoritatea problemelor care au ap\u0103rut \u00een g\u00e2ndurile dumneavoastr\u0103. Comanda<\/p>\n","protected":false},"excerpt":{"rendered":"<p>Achizi\u021bia online a tabletelor Onax 2mg Alprazolam. Alprazolam este utilizat pentru a trata anxietatea, frenezia \u0219i nelini\u0219tea asociat\u0103 cu nenorocirea. Achizi\u021bionarea online a tabletelor Onax 2mg Alprazolam&#8221;. Alprazolam 2mg Onax<\/p>\n<p>Onax 2mg batoane\/tablete de cump\u0103rat<\/p>\n<p>Onax (Alprazolam) este utilizat pentru a trata anxietatea, atacurile de panic\u0103, insomnia (dificult\u0103\u021bi de somn) \u0219i anxietatea asociat\u0103 cu depresia.<\/p>\n<p>Pute\u021bi cump\u0103ra Onax 2mg online de la noi; pastilele noastre Onax 2mg sunt de cea mai \u00eenalt\u0103 calitate. Onax 2mg este denumirea oficial\u0103 a medicamentului. Aceste pastile vor fi trimise \u00eentr-o manier\u0103 discret\u0103.<\/p>\n<p>Cump\u0103ra\u021bi batoane Onax 2mg (Alprazolam), care este binecunoscut pentru efectul s\u0103u sedativ. Este folosit pentru a combate lipsa de somn la orice or\u0103 din zi sau din noapte.<\/p>\n","protected":false},"featured_media":5278,"comment_status":"open","ping_status":"closed","template":"","meta":[],"product_brand":[],"product_cat":[1117],"product_tag":[1520,1537,1538,1539,1521,1522,1541,1523,1524,1531,1549,1526,1527,1528,1529,1532,1530,1533,1534,1535,1536,1540,1542,1543,1544,1545,1551,1547,1548,1550,1552,1553,1525,1558,1559,1557,1546,1560,1554,1555,1556,1561,1562],"class_list":{"0":"post-5262","1":"product","2":"type-product","3":"status-publish","4":"has-post-thumbnail","6":"product_cat-cumparati-pastile-pentru-durere-somn-sex","7":"product_tag-are-onax-bars-good","8":"product_tag-onax-bars","9":"product_tag-onax-batoane-3mg","10":"product_tag-onax-bars-de-vanzare","11":"product_tag-buy-onax","12":"product_tag-buy-onax-2mg","13":"product_tag-onax-durere-de-cap","14":"product_tag-cumpara-onax-online","15":"product_tag-dj-onax","16":"product_tag-onax-2-pill-identifier","17":"product_tag-onax-vlack-kitchenaid-mixer","18":"product_tag-ocean-farmaceutice-onax","19":"product_tag-onax","20":"product_tag-onax-2","21":"product_tag-onax-2-bars","22":"product_tag-onax-2-pastil-alb","23":"product_tag-onax-2-pilul-id","24":"product_tag-onax-2mg","25":"product_tag-onax-2mg-bar","26":"product_tag-onax-2mg-batoane","27":"product_tag-onax-ag-it-solutions","28":"product_tag-onax-dr-germantown","29":"product_tag-onax-llc","30":"product_tag-onax-orv-park-mojave-ca-pictures","31":"product_tag-onax-pc-ames","32":"product_tag-onax-pex","33":"product_tag-onax-pastil-alb","34":"product_tag-onax-punta-cana","35":"product_tag-onax-statues","36":"product_tag-onax-vs-xanax","37":"product_tag-onax-xanax","38":"product_tag-onax-xanax-bars","39":"product_tag-lung-alb-pilula-onax","40":"product_tag-alb-pilula-onax","41":"product_tag-alb-pilula-onax-2","42":"product_tag-alb-bar-pastil-onax","43":"product_tag-onax-pilul","44":"product_tag-alb-dreptunghi-pastil-onax-2","45":"product_tag-pill-onax-2","46":"product_tag-reddit-onax","47":"product_tag-reddit-onax-pentru-nasul-tau","48":"product_tag-xanax-2mg-onax","49":"product_tag-xanax-bars-onax","51":"first","52":"instock","53":"shipping-taxable","54":"purchasable","55":"product-type-variable","56":"has-default-attributes"},"yoast_head":"<!-- This site is optimized with the Yoast SEO plugin v27.3 - https:\/\/yoast.com\/product\/yoast-seo-wordpress\/ -->\n<title>Cump\u0103ra\u021bi pastile Onax 2mg Alprazolam - Cele mai bune medicamente globale<\/title>\n<meta name=\"description\" content=\"cump\u0103r\u0103 onax 2mg batoane\/tablete:\u00a0Onax\u00a0(Alprazolam) trateaz\u0103 anxietatea, tulburarea de panic\u0103, insomnia (probleme de somn) \u0219i anxietatea cauzat\u0103 de depresie.\" \/>\n<meta name=\"robots\" content=\"index, follow, max-snippet:-1, max-image-preview:large, max-video-preview:-1\" \/>\n<link rel=\"canonical\" href=\"https:\/\/medicinasinc.com\/ro\/product\/cumpara-onax-2mg-alprazolam\/\" \/>\n<meta property=\"og:locale\" content=\"en_US\" \/>\n<meta property=\"og:type\" content=\"article\" \/>\n<meta property=\"og:title\" content=\"Cump\u0103ra\u021bi pastile Onax 2mg Alprazolam - Cele mai bune medicamente globale\" \/>\n<meta property=\"og:description\" content=\"cump\u0103r\u0103 onax 2mg batoane\/tablete:\u00a0Onax\u00a0(Alprazolam) trateaz\u0103 anxietatea, tulburarea de panic\u0103, insomnia (probleme de somn) \u0219i anxietatea cauzat\u0103 de depresie.\" \/>\n<meta property=\"og:url\" content=\"https:\/\/medicinasinc.com\/ro\/product\/cumpara-onax-2mg-alprazolam\/\" \/>\n<meta property=\"og:site_name\" content=\"Medicinas Inc\" \/>\n<meta property=\"article:modified_time\" content=\"2022-03-22T01:03:19+00:00\" \/>\n<meta property=\"og:image\" content=\"https:\/\/medicinasinc.com\/ro\/wp-content\/uploads\/sites\/11\/2022\/02\/Buy-Onax-2mg.jpg\" \/>\n\t<meta property=\"og:image:width\" content=\"400\" \/>\n\t<meta property=\"og:image:height\" content=\"300\" \/>\n\t<meta property=\"og:image:type\" content=\"image\/jpeg\" \/>\n<meta name=\"twitter:card\" content=\"summary_large_image\" \/>\n<meta name=\"twitter:label1\" content=\"Est. reading time\" \/>\n\t<meta name=\"twitter:data1\" content=\"2 minutes\" \/>\n<script type=\"application\/ld+json\" class=\"yoast-schema-graph\">{\"@context\":\"https:\\\/\\\/schema.org\",\"@graph\":[{\"@type\":\"WebPage\",\"@id\":\"https:\\\/\\\/medicinasinc.com\\\/ro\\\/product\\\/cumpara-onax-2mg-alprazolam\\\/\",\"url\":\"https:\\\/\\\/medicinasinc.com\\\/ro\\\/product\\\/cumpara-onax-2mg-alprazolam\\\/\",\"name\":\"Cump\u0103ra\u021bi pastile Onax 2mg Alprazolam - Cele mai bune medicamente globale\",\"isPartOf\":{\"@id\":\"https:\\\/\\\/medicinasinc.com\\\/ro\\\/#website\"},\"primaryImageOfPage\":{\"@id\":\"https:\\\/\\\/medicinasinc.com\\\/ro\\\/product\\\/cumpara-onax-2mg-alprazolam\\\/#primaryimage\"},\"image\":{\"@id\":\"https:\\\/\\\/medicinasinc.com\\\/ro\\\/product\\\/cumpara-onax-2mg-alprazolam\\\/#primaryimage\"},\"thumbnailUrl\":\"https:\\\/\\\/medicinasinc.com\\\/ro\\\/wp-content\\\/uploads\\\/sites\\\/11\\\/2022\\\/02\\\/Buy-Onax-2mg.jpg\",\"datePublished\":\"2022-02-20T22:49:49+00:00\",\"dateModified\":\"2022-03-22T01:03:19+00:00\",\"description\":\"cump\u0103r\u0103 onax 2mg batoane\\\/tablete:\u00a0Onax\u00a0(Alprazolam) trateaz\u0103 anxietatea, tulburarea de panic\u0103, insomnia (probleme de somn) \u0219i anxietatea cauzat\u0103 de depresie.\",\"breadcrumb\":{\"@id\":\"https:\\\/\\\/medicinasinc.com\\\/ro\\\/product\\\/cumpara-onax-2mg-alprazolam\\\/#breadcrumb\"},\"inLanguage\":\"en-US\",\"potentialAction\":[{\"@type\":\"ReadAction\",\"target\":[\"https:\\\/\\\/medicinasinc.com\\\/ro\\\/product\\\/cumpara-onax-2mg-alprazolam\\\/\"]}]},{\"@type\":\"ImageObject\",\"inLanguage\":\"en-US\",\"@id\":\"https:\\\/\\\/medicinasinc.com\\\/ro\\\/product\\\/cumpara-onax-2mg-alprazolam\\\/#primaryimage\",\"url\":\"https:\\\/\\\/medicinasinc.com\\\/ro\\\/wp-content\\\/uploads\\\/sites\\\/11\\\/2022\\\/02\\\/Buy-Onax-2mg.jpg\",\"contentUrl\":\"https:\\\/\\\/medicinasinc.com\\\/ro\\\/wp-content\\\/uploads\\\/sites\\\/11\\\/2022\\\/02\\\/Buy-Onax-2mg.jpg\",\"width\":400,\"height\":300},{\"@type\":\"BreadcrumbList\",\"@id\":\"https:\\\/\\\/medicinasinc.com\\\/ro\\\/product\\\/cumpara-onax-2mg-alprazolam\\\/#breadcrumb\",\"itemListElement\":[{\"@type\":\"ListItem\",\"position\":1,\"name\":\"Magazin\",\"item\":\"https:\\\/\\\/medicinasinc.com\\\/ro\\\/magazin\\\/\"},{\"@type\":\"ListItem\",\"position\":2,\"name\":\"Cump\u0103ra\u021bi Onax 2mg Alprazolam\"}]},{\"@type\":\"WebSite\",\"@id\":\"https:\\\/\\\/medicinasinc.com\\\/ro\\\/#website\",\"url\":\"https:\\\/\\\/medicinasinc.com\\\/ro\\\/\",\"name\":\"Medicinas Inc\",\"description\":\"Health Medical Clinic\",\"potentialAction\":[{\"@type\":\"SearchAction\",\"target\":{\"@type\":\"EntryPoint\",\"urlTemplate\":\"https:\\\/\\\/medicinasinc.com\\\/ro\\\/?s={search_term_string}\"},\"query-input\":{\"@type\":\"PropertyValueSpecification\",\"valueRequired\":true,\"valueName\":\"search_term_string\"}}],\"inLanguage\":\"en-US\"}]}<\/script>\n<!-- \/ Yoast SEO plugin. -->","yoast_head_json":{"title":"Cump\u0103ra\u021bi pastile Onax 2mg Alprazolam - Cele mai bune medicamente globale","description":"cump\u0103r\u0103 onax 2mg batoane\/tablete:\u00a0Onax\u00a0(Alprazolam) trateaz\u0103 anxietatea, tulburarea de panic\u0103, insomnia (probleme de somn) \u0219i anxietatea cauzat\u0103 de depresie.","robots":{"index":"index","follow":"follow","max-snippet":"max-snippet:-1","max-image-preview":"max-image-preview:large","max-video-preview":"max-video-preview:-1"},"canonical":"https:\/\/medicinasinc.com\/ro\/product\/cumpara-onax-2mg-alprazolam\/","og_locale":"en_US","og_type":"article","og_title":"Cump\u0103ra\u021bi pastile Onax 2mg Alprazolam - Cele mai bune medicamente globale","og_description":"cump\u0103r\u0103 onax 2mg batoane\/tablete:\u00a0Onax\u00a0(Alprazolam) trateaz\u0103 anxietatea, tulburarea de panic\u0103, insomnia (probleme de somn) \u0219i anxietatea cauzat\u0103 de depresie.","og_url":"https:\/\/medicinasinc.com\/ro\/product\/cumpara-onax-2mg-alprazolam\/","og_site_name":"Medicinas Inc","article_modified_time":"2022-03-22T01:03:19+00:00","og_image":[{"width":400,"height":300,"url":"https:\/\/medicinasinc.com\/ro\/wp-content\/uploads\/sites\/11\/2022\/02\/Buy-Onax-2mg.jpg","type":"image\/jpeg"}],"twitter_card":"summary_large_image","twitter_misc":{"Est. reading time":"2 minutes"},"schema":{"@context":"https:\/\/schema.org","@graph":[{"@type":"WebPage","@id":"https:\/\/medicinasinc.com\/ro\/product\/cumpara-onax-2mg-alprazolam\/","url":"https:\/\/medicinasinc.com\/ro\/product\/cumpara-onax-2mg-alprazolam\/","name":"Cump\u0103ra\u021bi pastile Onax 2mg Alprazolam - Cele mai bune medicamente globale","isPartOf":{"@id":"https:\/\/medicinasinc.com\/ro\/#website"},"primaryImageOfPage":{"@id":"https:\/\/medicinasinc.com\/ro\/product\/cumpara-onax-2mg-alprazolam\/#primaryimage"},"image":{"@id":"https:\/\/medicinasinc.com\/ro\/product\/cumpara-onax-2mg-alprazolam\/#primaryimage"},"thumbnailUrl":"https:\/\/medicinasinc.com\/ro\/wp-content\/uploads\/sites\/11\/2022\/02\/Buy-Onax-2mg.jpg","datePublished":"2022-02-20T22:49:49+00:00","dateModified":"2022-03-22T01:03:19+00:00","description":"cump\u0103r\u0103 onax 2mg batoane\/tablete:\u00a0Onax\u00a0(Alprazolam) trateaz\u0103 anxietatea, tulburarea de panic\u0103, insomnia (probleme de somn) \u0219i anxietatea cauzat\u0103 de depresie.","breadcrumb":{"@id":"https:\/\/medicinasinc.com\/ro\/product\/cumpara-onax-2mg-alprazolam\/#breadcrumb"},"inLanguage":"en-US","potentialAction":[{"@type":"ReadAction","target":["https:\/\/medicinasinc.com\/ro\/product\/cumpara-onax-2mg-alprazolam\/"]}]},{"@type":"ImageObject","inLanguage":"en-US","@id":"https:\/\/medicinasinc.com\/ro\/product\/cumpara-onax-2mg-alprazolam\/#primaryimage","url":"https:\/\/medicinasinc.com\/ro\/wp-content\/uploads\/sites\/11\/2022\/02\/Buy-Onax-2mg.jpg","contentUrl":"https:\/\/medicinasinc.com\/ro\/wp-content\/uploads\/sites\/11\/2022\/02\/Buy-Onax-2mg.jpg","width":400,"height":300},{"@type":"BreadcrumbList","@id":"https:\/\/medicinasinc.com\/ro\/product\/cumpara-onax-2mg-alprazolam\/#breadcrumb","itemListElement":[{"@type":"ListItem","position":1,"name":"Magazin","item":"https:\/\/medicinasinc.com\/ro\/magazin\/"},{"@type":"ListItem","position":2,"name":"Cump\u0103ra\u021bi Onax 2mg Alprazolam"}]},{"@type":"WebSite","@id":"https:\/\/medicinasinc.com\/ro\/#website","url":"https:\/\/medicinasinc.com\/ro\/","name":"Medicinas Inc","description":"Health Medical Clinic","potentialAction":[{"@type":"SearchAction","target":{"@type":"EntryPoint","urlTemplate":"https:\/\/medicinasinc.com\/ro\/?s={search_term_string}"},"query-input":{"@type":"PropertyValueSpecification","valueRequired":true,"valueName":"search_term_string"}}],"inLanguage":"en-US"}]}},"_links":{"self":[{"href":"https:\/\/medicinasinc.com\/ro\/wp-json\/wp\/v2\/product\/5262","targetHints":{"allow":["GET"]}}],"collection":[{"href":"https:\/\/medicinasinc.com\/ro\/wp-json\/wp\/v2\/product"}],"about":[{"href":"https:\/\/medicinasinc.com\/ro\/wp-json\/wp\/v2\/types\/product"}],"replies":[{"embeddable":true,"href":"https:\/\/medicinasinc.com\/ro\/wp-json\/wp\/v2\/comments?post=5262"}],"wp:featuredmedia":[{"embeddable":true,"href":"https:\/\/medicinasinc.com\/ro\/wp-json\/wp\/v2\/media\/5278"}],"wp:attachment":[{"href":"https:\/\/medicinasinc.com\/ro\/wp-json\/wp\/v2\/media?parent=5262"}],"wp:term":[{"taxonomy":"product_brand","embeddable":true,"href":"https:\/\/medicinasinc.com\/ro\/wp-json\/wp\/v2\/product_brand?post=5262"},{"taxonomy":"product_cat","embeddable":true,"href":"https:\/\/medicinasinc.com\/ro\/wp-json\/wp\/v2\/product_cat?post=5262"},{"taxonomy":"product_tag","embeddable":true,"href":"https:\/\/medicinasinc.com\/ro\/wp-json\/wp\/v2\/product_tag?post=5262"}],"curies":[{"name":"wp","href":"https:\/\/api.w.org\/{rel}","templated":true}]}}