{"id":5239,"date":"2022-02-20T22:28:45","date_gmt":"2022-02-20T22:28:45","guid":{"rendered":"https:\/\/medicinasinc.com\/ro\/?post_type=product&#038;p=5239"},"modified":"2022-03-22T01:03:30","modified_gmt":"2022-03-22T01:03:30","slug":"cumpara-magnus-mr-morphine-30mg-online","status":"publish","type":"product","link":"https:\/\/medicinasinc.com\/ro\/product\/cumpara-magnus-mr-morphine-30mg-online\/","title":{"rendered":"Cump\u0103ra\u021bi Magnus MR Morphine 30mg online"},"content":{"rendered":"<div id=\"productDescription\" class=\"productGeneral biggerText\">\n<p>Magnus MR Morphine 30 mg cump\u0103rare online<br \/> Magnus MR (Morphine Sulfate) 30 mg Capsule Cump\u0103ra\u021bi Magnus MR (Morfin\u0103 Sulfat) 30 mg Capsule online \u00een siguran\u021b\u0103<\/p>\n<p>Capsula Magnus MR (sulfat de morfin\u0103) 30 mg \u2013 Comand\u0103 f\u0103r\u0103 prescrip\u021bie medical\u0103 \u2013 Livrare peste noapte<\/p>\n<p>Magnus MR (sulfat de morfin\u0103) 30 mg de v\u00e2nzare \u00een Statele Unite ale Americii \u2013 Farmacie de \u00eencredere pentru durere<\/p>\n<p>Magnus MR de v\u00e2nzare (sulfat de morfin\u0103) 30 mg online la cele mai mici pre\u021buri din EUROPA \u0219i amp; AMERICA<\/p>\n<p>De unde \u0219i cum s\u0103 achizi\u021biona\u021bi \u00een siguran\u021b\u0103 Magnus MR (Morfin\u0103 Sulfat) 30 mg online ast\u0103zi<\/p>\n<p>1. Rhotard Morphine SR 30 mg comprimate Morphgesic SR 30 mg comprimate de v\u00e2nzare<\/p>\n<p>2. Compozi\u021bie \u00een termeni calitativi \u0219i cantitativi<br \/> Morphgesic SR 30mg Tablete\/Rhotard Morphine SR 30mg Comprimate<br \/> \u00cen fiecare pastil\u0103 sunt con\u021binute 30 mg sulfat de morfin\u0103.<br \/> Excipien\u021bi cu efect bine definit:<br \/> Glucoz\u0103 (63.000 mg per comprimat).<\/p>\n<p>3. Formulare farmacologic\u0103<br \/> Comprimate cu eliberare controlat\u0103<br \/> Fiecare comprimat de 30 mg este un comprimat filmat rotund biconvex, de culoare violet\u0103.<\/p>\n<p>4. Specific clinic<br \/> 4.1 Indica\u021bii de utilizare<br \/> Comprimatele Rhotard Morphine SR \/ Morphgesic SR sunt destinate adul\u021bilor pentru tratamentul durerii severe pe o perioad\u0103 lung\u0103 de timp.<\/p>\n<p>4.2 Doze \u0219i tehnic\u0103 de administrare <br \/> Doze Popula\u021bia copiilor<br \/> Utilizarea comprimatelor Rhotard Morphine SR \/ Morphgesic SR la copii nu este recomandat\u0103.<\/p>\n<p>Adul\u021bi: Doza este determinat\u0103 de intensitatea durerii \u0219i de istoricul pacientului. de utilizare a analgezicelor. De obicei, comprimatele trebuie luate de dou\u0103 ori pe zi, la intervale de 12 ore. Pentru pacien\u021bii cu dureri severe, este indicat\u0103 o doz\u0103 ini\u021bial\u0103 de una sau dou\u0103 comprimate de 10 mg (10 mg) de dou\u0103 ori pe zi. Se recomand\u0103 ca pe m\u0103sur\u0103 ce severitatea durerii cre\u0219te, doza de morfin\u0103 s\u0103 fie crescut\u0103 pentru a ob\u021bine atenuarea dorit\u0103. Doza poate fi ajustat\u0103 prin combinarea comprimatelor cu diferite concentra\u021bii (10, 30, 60 \u0219i 100 mg) sau prin utilizarea comprimatelor cu o concentra\u021bie mai mare \u00een monoterapie.<br \/> Se sugereaz\u0103 ca pacien\u021bii care au trecut de la un alt preparat oral de morfin\u0103. cu o biodisponibilitate comparabil\u0103 cu lichidul de morfin\u0103 oral, ob\u021bine\u021bi aceea\u0219i doz\u0103 total\u0103 de morfin\u0103 \u00eentr-o perioad\u0103 de 24 de ore. Toat\u0103 aceast\u0103 doz\u0103 trebuie \u00eemp\u0103r\u021bit\u0103 \u00een jum\u0103tate \u0219i administrat\u0103 diminea\u021ba \u0219i seara. Pot fi necesare titrarea dozei \u0219i examinarea clinic\u0103.<br \/> Dac\u0103 un pacient a primit morfin\u0103 parenteral\u0103 \u00eenainte de a fi trecut la comprimate Rhotard Morphine SR\/Morphgesic SR, poate fi necesar\u0103 o doz\u0103 mai mare de morfin\u0103. Vor fi necesare ajust\u0103ri individuale ale dozelor pentru a compensa orice pierdere a eficacit\u0103\u021bii analgezice din cauza administr\u0103rii orale.<br \/> Nu se recomand\u0103 administrarea comprimatelor Rhotard Morphine SR\/Morphgesic SR \u00een primele 24 de ore dup\u0103 interven\u021bie chirurgical\u0103 pentru a calma durerea postoperatorie. Dup\u0103 aceast\u0103 perioad\u0103 ini\u021bial\u0103, doza trebuie stabilit\u0103 de c\u0103tre medic.<br \/> La unii pacien\u021bi poate fi necesar\u0103 administrarea de morfin\u0103 parenteral\u0103 suplimentar\u0103, ceea ce este pe deplin adecvat. Cu toate acestea, trebuie avut\u0103 precau\u021bie cu privire la doza total\u0103 de morfin\u0103, precum \u0219i la efectele \u00eent\u00e2rziate ale morfinei \u00een formularea Rhotard Morphine SR\/ Morphgesic SR. preparate cu morfin\u0103), dar mai ales dup\u0103 opera\u021bia abdominal\u0103.<br \/> Motilitatea stomacului ar fi trebuit reluat\u0103 \u0219i trebuie men\u021binut\u0103.<\/p>\n<p>Tehnica de administrare<br \/> Comprimatele orale Rhotard Morphine SR \/ Morphgesic SR nu trebuie s\u0103 fie mestecat.<\/p>\n<p>5.1 Propriet\u0103\u021bi farmacodinamice<br \/> Grup de agen\u021bi farmacoterapeutici: Opioizi<br \/> N02A este codul ATC.<\/p>\n<p>Mecanism de eficacitate<br \/> MAGNUS MR SULFATE ER 30 MG func\u021bioneaz\u0103 ca un agonist la receptorii opiacei ai sistemului nervos central, \u00een primul r\u00e2nd Mu \u0219i, \u00eentr-o m\u0103sur\u0103 mai mic\u0103, receptorii Kappa. Se presupune c\u0103 analgezia supraspinal\u0103, depresia respiratorie \u0219i euforia sunt mediate de receptorii Mu, \u00een timp ce analgezia spinal\u0103, mioza \u0219i sedarea sunt mediate de receptorii Kappa.<\/p>\n<p>Sistemul nervos central: efectele terapeutice primare ale morfinei sunt analgezia \u0219i somnolen\u021ba (adic\u0103 somnolen\u021ba \u0219i anxioliza). MAGNUS MR SULFATE ER 30 MG exercit\u0103 un efect sedativ asupra centrilor respiratori ai trunchiului cerebral. Morfina ac\u021bioneaz\u0103 direct asupra centrului tusei din medular, suprim\u00e2nd reflexul tusei. Efectele antitusive sunt posibile la doze mai mici dec\u00e2t cele necesare pentru analgezie. Morfina induce mioz\u0103 \u00een \u00eentuneric complet. De\u0219i pupilele precise indic\u0103 supradozajul cu opioide, ele nu sunt diagnostice (de exemplu, leziunile pontine de origine hemoragic\u0103 sau ischemic\u0103 pot produce rezultate similare). Hipoxia se poate manifesta mai degrab\u0103 ca midriaz\u0103 marcat\u0103 dec\u00e2t mioz\u0103 \u00een cazul supradozajului cu morfin\u0103.<\/p>\n<p>MAGNUS MR SULFATE ER 30 MG \u0219i analgezicele similare au poten\u021bialul de a provoca dependen\u021b\u0103 fizic\u0103 \u0219i psihologic\u0103 \u0219i trebuie utilizate cu pruden\u021b\u0103. \u00cen plus, se poate dezvolta toleran\u021b\u0103.<\/p>\n<p>Mu\u0219chii netezi ai tractului gastrointestinal \u0219i al\u021bi mu\u0219chi netezi<br \/> MAGNUS MR SULFATE ER 30 MG inhib\u0103 motilitatea prin cre\u0219terea tonusului mu\u0219chilor netezi din stomac \u0219i antrul duodenal. Digestia alimentelor este \u00eencetinit\u0103 \u00een intestinul sub\u021bire, iar contrac\u021biile propulsive sunt reduse. Constipa\u021bia este cauzat\u0103 de o sc\u0103dere a undelor peristaltice de propulsie \u00een colon \u0219i de o cre\u0219tere a tonusului p\u00e2n\u0103 la spasm. Morfina, \u00een general, cre\u0219te tonusul mu\u0219chilor netezi, \u00een special \u00een sfincterele gastrointestinale \u0219i ale sistemului biliar. Morfina poate provoca spasme \u00een sfincterul Oddi, cresc\u00e2nd prin urmare presiunea intrabiliar\u0103.<\/p>\n<p>MAGNUS MR SULFATE ER 30 MG poate provoca eliberarea de histamin\u0103 cu sau f\u0103r\u0103 vasodilata\u021bie periferic\u0103 \u00eenso\u021bitoare. Pruritul, \u00eenro\u0219irea fe\u021bei, ochi ro\u0219ii, transpira\u021bia \u0219i\/sau hipotensiunea ortostatic\u0103 sunt toate semne ale eliber\u0103rii de histamin\u0103 \u0219i\/sau vasodilata\u021biei periferice.<\/p>\n<p>Endocrinologie<br \/> S-a demonstrat c\u0103 opioidele au un efect asupra sistemului hipotalamic. axele hipofizo-suprarenale sau -gonadale. Pot fi observate mai multe modific\u0103ri, inclusiv o cre\u0219tere a prolactinei serice \u0219i sc\u0103deri ale cortizolului \u0219i testosteronului plasmatic \u00een prezen\u021ba unor niveluri anormal de sc\u0103zute sau normale de ACTH, LH sau FSH. Anumite femei aflate \u00een premenopauz\u0103 pot avea estrogeni insuficienti. Aceste modific\u0103ri hormonale pot produce semne clinice.<\/p>\n<p>Consecin\u021be farmacologice suplimentare<br \/> Cercet\u0103rile in vitro \u0219i pe animale arat\u0103 c\u0103 opioidele naturale, cum ar fi morfina, au o varietate de efecte asupra componentelor sistemului imunitar; cu toate acestea, relevan\u021ba clinic\u0103 a acestor constat\u0103ri este incert\u0103.<\/p>\n<p>Modurile de administrare oral\u0103, subcutanat\u0103, intramuscular\u0103, intravenoas\u0103, intraspinal\u0103 \u0219i rectal\u0103 sunt disponibile. Dozele parenterale pot fi administrate sub form\u0103 de injec\u021bii intermitente sau ca perfuzii continue sau intermitente, \u00een func\u021bie de cerin\u021bele analgezice ale pacientului.<\/p>\n<p>UTILIZ\u0102RI<br \/> Acest medicament este utilizat pentru a ajuta la ameliorarea durerii severe, persistente (cum ar fi ca din cauza cancerului). Morfina este clasificat\u0103 ca un analgezic opioid (narcotic). Func\u021bioneaz\u0103 prin modificarea modului \u00een care corpul dumneavoastr\u0103 percepe \u0219i r\u0103spunde la durerea din creier.<\/p>\n<p>Dozele mai mari ale acestui medicament (100 mg sau mai mult per comprimat) trebuie utilizate numai dac\u0103 a\u021bi luat doze moderate p\u00e2n\u0103 la mari. de medicamente pentru durere opioide \u00een mod regulat. Aceste puncte forte pot duce la supradozaj (\u0219i poate deces) dac\u0103 sunt luate de cineva care nu a folosit opioide \u00een mod constant.<\/p>\n<p>Evita\u021bi utilizarea morfinei cu eliberare prelungit\u0103 pentru a trata durerea care este moderat\u0103 sau se va rezolva \u00eentr-un interval de timp. cateva zile. Acest medicament nu este destinat utiliz\u0103rii \u201ea\u0219a cum este necesar\u201d.<\/p>\n<p>MAGNUS MR SULFATE ER 30 MG TABLET INSTRUC\u021aIUNI DE UTILIZARE<\/p>\n<p>\u00cenainte de a \u00eencepe s\u0103 utiliza\u021bi morfin\u0103 \u0219i de fiecare dat\u0103 c\u00e2nd primi\u021bi o re\u00eenc\u0103rcare, citi\u021bi Ghidul de medicamente emis de farmacistul dumneavoastr\u0103. Consulta\u021bi-v\u0103 medicul sau farmacistul dac\u0103 ave\u021bi \u00eentreb\u0103ri.<\/p>\n<p>Lua\u021bi acest medicament \u00een mod regulat, nu a\u0219a cum este necesar pentru durerea sever\u0103 (punctiv\u0103), a\u0219a cum v-a recomandat medicul dumneavoastr\u0103. Lua\u021bi acest medicament cu sau f\u0103r\u0103 mese, de obicei la fiecare 8 p\u00e2n\u0103 la 12 ore, conform recomand\u0103rilor medicului dumneavoastr\u0103. Anumite m\u0103rci ar trebui luate doar o dat\u0103 la 12 ore. Dac\u0103 ave\u021bi grea\u021b\u0103, poate fi benefic s\u0103 lua\u021bi acest medicament cu mese. Consulta\u021bi-v\u0103 medicul sau farmacistul pentru alte strategii pentru a atenua grea\u021ba (cum ar fi culcarea timp de 1 p\u00e2n\u0103 la 2 ore cu c\u00e2t mai pu\u021bin\u0103 mi\u0219care a capului). Consulta\u021bi-v\u0103 medicul dac\u0103 grea\u021ba persist\u0103.<\/p>\n<p>Consuma\u021bi comprimatele \u00een \u00eentregime. Comprimatul nu trebuie spart, zdrobit, mestecat sau dizolvat. Acest lucru poate duce la eliberarea complet\u0103 a medicamentului, cresc\u00e2nd pericolul supradozajului cu morfin\u0103.<\/p>\n<p>Doza este determinat\u0103 de istoricul dumneavoastr\u0103 medical \u0219i de reac\u021bia la tratament. Nu cre\u0219te\u021bi doza \u0219i nu lua\u021bi acest medicament mai des sau pentru o perioad\u0103 mai lung\u0103 de timp dec\u00e2t este sugerat, deoarece riscul de a experimenta reac\u021bii adverse poate cre\u0219te. C\u00e2nd vi se recomand\u0103, \u00eentrerupe\u021bi medicamentul \u00een mod corespunz\u0103tor.<\/p>\n<p>Dac\u0103 \u00eentrerupe\u021bi brusc utilizarea acestui medicament, este posibil s\u0103 ave\u021bi simptome de sevraj (cum ar fi nelini\u0219te, l\u0103crimare a ochilor, secre\u021bii nazale, grea\u021b\u0103, transpira\u021bii, dureri musculare). Pentru a evita sevrajul, medicul dumneavoastr\u0103 v\u0103 poate reduce treptat doza. Simptomele de sevraj sunt mai probabil s\u0103 apar\u0103 dac\u0103 a\u021bi luat morfin\u0103 pentru o perioad\u0103 lung\u0103 de timp sau \u00een doze mari. Informa\u021bi imediat medicul sau farmacistul dac\u0103 ave\u021bi simptome de sevraj.<\/p>\n<p>C\u00e2nd acest medicament este utilizat pentru o perioad\u0103 lung\u0103 de timp, acesta \u00ee\u0219i poate pierde eficacitatea. Consulta\u021bi-v\u0103 medicul dac\u0103 acest medicament \u00eenceteaz\u0103 s\u0103 func\u021bioneze corect.<\/p>\n<p>De\u0219i acest medicament aduce beneficii unui num\u0103r mare de oameni, poate duce ocazional la dependen\u021b\u0103. Acest risc poate fi crescut dac\u0103 ave\u021bi o tulburare legat\u0103 de consumul de substan\u021be (cum ar fi consumul excesiv de droguri\/alcool sau dependen\u021ba). Pentru a minimiza pericolul de dependen\u021b\u0103, utiliza\u021bi acest medicament exact conform instruc\u021biunilor. Consulta\u021bi-v\u0103 medicul sau farmacistul pentru informa\u021bii suplimentare.<\/p>\n<\/p><\/div>\n<div class=\"product-next-previous\">\n<div class=\"product-prev\"><\/div><\/div>\n","protected":false},"excerpt":{"rendered":"<div class=\"woocommerce-product-details__short-description\">\n<p>Magnus MR Morphine 30 mg este disponibil pentru cump\u0103rare online. Morfina func\u021bioneaz\u0103 ca un analgezic opioid, ac\u021bion\u00e2nd ca un agonist la receptorii opioizi saturabili din SNC \u0219i alte organe.<\/p>\n<p>Pilulele Magnus MR (sulfat de morfin\u0103) de 30 mg sunt disponibile f\u0103r\u0103 prescrip\u021bie medical\u0103 online (f\u0103r\u0103 RX). Morfin\u0103 30 mg de v\u00e2nzare \u00een Regatul Unit \u0219i Europa<\/p>\n<\/p><\/div>\n","protected":false},"featured_media":5258,"comment_status":"closed","ping_status":"closed","template":"","meta":[],"product_brand":[],"product_cat":[1117],"product_tag":[1514,1517,1515,1516,1518,1519],"class_list":{"0":"post-5239","1":"product","2":"type-product","3":"status-publish","4":"has-post-thumbnail","6":"product_cat-cumparati-pastile-pentru-durere-somn-sex","7":"product_tag-buy-magnus-mr-30mg-morfin-sulfat","8":"product_tag-magnus-mr-morphine-sulphate-street-price-for-bottle","9":"product_tag-magnus-mr-morfin-sulfat-30mg","10":"product_tag-magnus-mr-morfina-sulfat-street-pret","11":"product_tag-magnus-mr-30-mg-morfin-sulfat","12":"product_tag-magnus-mr-morfina-30mg","14":"first","15":"instock","16":"shipping-taxable","17":"purchasable","18":"product-type-variable"},"yoast_head":"<!-- This site is optimized with the Yoast SEO plugin v27.3 - https:\/\/yoast.com\/product\/yoast-seo-wordpress\/ -->\n<title>Cump\u0103ra\u021bi Magnus MR Morphine 30mg - Cele mai bune medicamente globale<\/title>\n<meta name=\"description\" content=\"Pute\u021bi cump\u0103ra Magnus MR (Morfin\u0103 Sulfat) capsule de 30 mg online f\u0103r\u0103 prescrip\u021bie medical\u0103 (F\u0103r\u0103 RX). Morfin\u0103 30 mg de v\u00e2nzare Marea Britanie, Europa\" \/>\n<meta name=\"robots\" content=\"index, follow, max-snippet:-1, max-image-preview:large, max-video-preview:-1\" \/>\n<link rel=\"canonical\" href=\"https:\/\/medicinasinc.com\/ro\/product\/cumpara-magnus-mr-morphine-30mg-online\/\" \/>\n<meta property=\"og:locale\" content=\"en_US\" \/>\n<meta property=\"og:type\" content=\"article\" \/>\n<meta property=\"og:title\" content=\"Cump\u0103ra\u021bi Magnus MR Morphine 30mg - Cele mai bune medicamente globale\" \/>\n<meta property=\"og:description\" content=\"Pute\u021bi cump\u0103ra Magnus MR (Morfin\u0103 Sulfat) capsule de 30 mg online f\u0103r\u0103 prescrip\u021bie medical\u0103 (F\u0103r\u0103 RX). Morfin\u0103 30 mg de v\u00e2nzare Marea Britanie, Europa\" \/>\n<meta property=\"og:url\" content=\"https:\/\/medicinasinc.com\/ro\/product\/cumpara-magnus-mr-morphine-30mg-online\/\" \/>\n<meta property=\"og:site_name\" content=\"Medicinas Inc\" \/>\n<meta property=\"article:modified_time\" content=\"2022-03-22T01:03:30+00:00\" \/>\n<meta property=\"og:image\" content=\"https:\/\/medicinasinc.com\/ro\/wp-content\/uploads\/sites\/11\/2022\/02\/Buy-Magnus-MR-Morphine-30mg.jpg\" \/>\n\t<meta property=\"og:image:width\" content=\"600\" \/>\n\t<meta property=\"og:image:height\" content=\"600\" \/>\n\t<meta property=\"og:image:type\" content=\"image\/jpeg\" \/>\n<meta name=\"twitter:card\" content=\"summary_large_image\" \/>\n<meta name=\"twitter:label1\" content=\"Est. reading time\" \/>\n\t<meta name=\"twitter:data1\" content=\"7 minutes\" \/>\n<script type=\"application\/ld+json\" class=\"yoast-schema-graph\">{\"@context\":\"https:\\\/\\\/schema.org\",\"@graph\":[{\"@type\":\"WebPage\",\"@id\":\"https:\\\/\\\/medicinasinc.com\\\/ro\\\/product\\\/cumpara-magnus-mr-morphine-30mg-online\\\/\",\"url\":\"https:\\\/\\\/medicinasinc.com\\\/ro\\\/product\\\/cumpara-magnus-mr-morphine-30mg-online\\\/\",\"name\":\"Cump\u0103ra\u021bi Magnus MR Morphine 30mg - Cele mai bune medicamente globale\",\"isPartOf\":{\"@id\":\"https:\\\/\\\/medicinasinc.com\\\/ro\\\/#website\"},\"primaryImageOfPage\":{\"@id\":\"https:\\\/\\\/medicinasinc.com\\\/ro\\\/product\\\/cumpara-magnus-mr-morphine-30mg-online\\\/#primaryimage\"},\"image\":{\"@id\":\"https:\\\/\\\/medicinasinc.com\\\/ro\\\/product\\\/cumpara-magnus-mr-morphine-30mg-online\\\/#primaryimage\"},\"thumbnailUrl\":\"https:\\\/\\\/medicinasinc.com\\\/ro\\\/wp-content\\\/uploads\\\/sites\\\/11\\\/2022\\\/02\\\/Buy-Magnus-MR-Morphine-30mg.jpg\",\"datePublished\":\"2022-02-20T22:28:45+00:00\",\"dateModified\":\"2022-03-22T01:03:30+00:00\",\"description\":\"Pute\u021bi cump\u0103ra Magnus MR (Morfin\u0103 Sulfat) capsule de 30 mg online f\u0103r\u0103 prescrip\u021bie medical\u0103 (F\u0103r\u0103 RX). Morfin\u0103 30 mg de v\u00e2nzare Marea Britanie, Europa\",\"breadcrumb\":{\"@id\":\"https:\\\/\\\/medicinasinc.com\\\/ro\\\/product\\\/cumpara-magnus-mr-morphine-30mg-online\\\/#breadcrumb\"},\"inLanguage\":\"en-US\",\"potentialAction\":[{\"@type\":\"ReadAction\",\"target\":[\"https:\\\/\\\/medicinasinc.com\\\/ro\\\/product\\\/cumpara-magnus-mr-morphine-30mg-online\\\/\"]}]},{\"@type\":\"ImageObject\",\"inLanguage\":\"en-US\",\"@id\":\"https:\\\/\\\/medicinasinc.com\\\/ro\\\/product\\\/cumpara-magnus-mr-morphine-30mg-online\\\/#primaryimage\",\"url\":\"https:\\\/\\\/medicinasinc.com\\\/ro\\\/wp-content\\\/uploads\\\/sites\\\/11\\\/2022\\\/02\\\/Buy-Magnus-MR-Morphine-30mg.jpg\",\"contentUrl\":\"https:\\\/\\\/medicinasinc.com\\\/ro\\\/wp-content\\\/uploads\\\/sites\\\/11\\\/2022\\\/02\\\/Buy-Magnus-MR-Morphine-30mg.jpg\",\"width\":600,\"height\":600},{\"@type\":\"BreadcrumbList\",\"@id\":\"https:\\\/\\\/medicinasinc.com\\\/ro\\\/product\\\/cumpara-magnus-mr-morphine-30mg-online\\\/#breadcrumb\",\"itemListElement\":[{\"@type\":\"ListItem\",\"position\":1,\"name\":\"Magazin\",\"item\":\"https:\\\/\\\/medicinasinc.com\\\/ro\\\/magazin\\\/\"},{\"@type\":\"ListItem\",\"position\":2,\"name\":\"Cump\u0103ra\u021bi Magnus MR Morphine 30mg online\"}]},{\"@type\":\"WebSite\",\"@id\":\"https:\\\/\\\/medicinasinc.com\\\/ro\\\/#website\",\"url\":\"https:\\\/\\\/medicinasinc.com\\\/ro\\\/\",\"name\":\"Medicinas Inc\",\"description\":\"Health Medical Clinic\",\"potentialAction\":[{\"@type\":\"SearchAction\",\"target\":{\"@type\":\"EntryPoint\",\"urlTemplate\":\"https:\\\/\\\/medicinasinc.com\\\/ro\\\/?s={search_term_string}\"},\"query-input\":{\"@type\":\"PropertyValueSpecification\",\"valueRequired\":true,\"valueName\":\"search_term_string\"}}],\"inLanguage\":\"en-US\"}]}<\/script>\n<!-- \/ Yoast SEO plugin. -->","yoast_head_json":{"title":"Cump\u0103ra\u021bi Magnus MR Morphine 30mg - Cele mai bune medicamente globale","description":"Pute\u021bi cump\u0103ra Magnus MR (Morfin\u0103 Sulfat) capsule de 30 mg online f\u0103r\u0103 prescrip\u021bie medical\u0103 (F\u0103r\u0103 RX). Morfin\u0103 30 mg de v\u00e2nzare Marea Britanie, Europa","robots":{"index":"index","follow":"follow","max-snippet":"max-snippet:-1","max-image-preview":"max-image-preview:large","max-video-preview":"max-video-preview:-1"},"canonical":"https:\/\/medicinasinc.com\/ro\/product\/cumpara-magnus-mr-morphine-30mg-online\/","og_locale":"en_US","og_type":"article","og_title":"Cump\u0103ra\u021bi Magnus MR Morphine 30mg - Cele mai bune medicamente globale","og_description":"Pute\u021bi cump\u0103ra Magnus MR (Morfin\u0103 Sulfat) capsule de 30 mg online f\u0103r\u0103 prescrip\u021bie medical\u0103 (F\u0103r\u0103 RX). Morfin\u0103 30 mg de v\u00e2nzare Marea Britanie, Europa","og_url":"https:\/\/medicinasinc.com\/ro\/product\/cumpara-magnus-mr-morphine-30mg-online\/","og_site_name":"Medicinas Inc","article_modified_time":"2022-03-22T01:03:30+00:00","og_image":[{"width":600,"height":600,"url":"https:\/\/medicinasinc.com\/ro\/wp-content\/uploads\/sites\/11\/2022\/02\/Buy-Magnus-MR-Morphine-30mg.jpg","type":"image\/jpeg"}],"twitter_card":"summary_large_image","twitter_misc":{"Est. reading time":"7 minutes"},"schema":{"@context":"https:\/\/schema.org","@graph":[{"@type":"WebPage","@id":"https:\/\/medicinasinc.com\/ro\/product\/cumpara-magnus-mr-morphine-30mg-online\/","url":"https:\/\/medicinasinc.com\/ro\/product\/cumpara-magnus-mr-morphine-30mg-online\/","name":"Cump\u0103ra\u021bi Magnus MR Morphine 30mg - Cele mai bune medicamente globale","isPartOf":{"@id":"https:\/\/medicinasinc.com\/ro\/#website"},"primaryImageOfPage":{"@id":"https:\/\/medicinasinc.com\/ro\/product\/cumpara-magnus-mr-morphine-30mg-online\/#primaryimage"},"image":{"@id":"https:\/\/medicinasinc.com\/ro\/product\/cumpara-magnus-mr-morphine-30mg-online\/#primaryimage"},"thumbnailUrl":"https:\/\/medicinasinc.com\/ro\/wp-content\/uploads\/sites\/11\/2022\/02\/Buy-Magnus-MR-Morphine-30mg.jpg","datePublished":"2022-02-20T22:28:45+00:00","dateModified":"2022-03-22T01:03:30+00:00","description":"Pute\u021bi cump\u0103ra Magnus MR (Morfin\u0103 Sulfat) capsule de 30 mg online f\u0103r\u0103 prescrip\u021bie medical\u0103 (F\u0103r\u0103 RX). Morfin\u0103 30 mg de v\u00e2nzare Marea Britanie, Europa","breadcrumb":{"@id":"https:\/\/medicinasinc.com\/ro\/product\/cumpara-magnus-mr-morphine-30mg-online\/#breadcrumb"},"inLanguage":"en-US","potentialAction":[{"@type":"ReadAction","target":["https:\/\/medicinasinc.com\/ro\/product\/cumpara-magnus-mr-morphine-30mg-online\/"]}]},{"@type":"ImageObject","inLanguage":"en-US","@id":"https:\/\/medicinasinc.com\/ro\/product\/cumpara-magnus-mr-morphine-30mg-online\/#primaryimage","url":"https:\/\/medicinasinc.com\/ro\/wp-content\/uploads\/sites\/11\/2022\/02\/Buy-Magnus-MR-Morphine-30mg.jpg","contentUrl":"https:\/\/medicinasinc.com\/ro\/wp-content\/uploads\/sites\/11\/2022\/02\/Buy-Magnus-MR-Morphine-30mg.jpg","width":600,"height":600},{"@type":"BreadcrumbList","@id":"https:\/\/medicinasinc.com\/ro\/product\/cumpara-magnus-mr-morphine-30mg-online\/#breadcrumb","itemListElement":[{"@type":"ListItem","position":1,"name":"Magazin","item":"https:\/\/medicinasinc.com\/ro\/magazin\/"},{"@type":"ListItem","position":2,"name":"Cump\u0103ra\u021bi Magnus MR Morphine 30mg online"}]},{"@type":"WebSite","@id":"https:\/\/medicinasinc.com\/ro\/#website","url":"https:\/\/medicinasinc.com\/ro\/","name":"Medicinas Inc","description":"Health Medical Clinic","potentialAction":[{"@type":"SearchAction","target":{"@type":"EntryPoint","urlTemplate":"https:\/\/medicinasinc.com\/ro\/?s={search_term_string}"},"query-input":{"@type":"PropertyValueSpecification","valueRequired":true,"valueName":"search_term_string"}}],"inLanguage":"en-US"}]}},"_links":{"self":[{"href":"https:\/\/medicinasinc.com\/ro\/wp-json\/wp\/v2\/product\/5239","targetHints":{"allow":["GET"]}}],"collection":[{"href":"https:\/\/medicinasinc.com\/ro\/wp-json\/wp\/v2\/product"}],"about":[{"href":"https:\/\/medicinasinc.com\/ro\/wp-json\/wp\/v2\/types\/product"}],"replies":[{"embeddable":true,"href":"https:\/\/medicinasinc.com\/ro\/wp-json\/wp\/v2\/comments?post=5239"}],"wp:featuredmedia":[{"embeddable":true,"href":"https:\/\/medicinasinc.com\/ro\/wp-json\/wp\/v2\/media\/5258"}],"wp:attachment":[{"href":"https:\/\/medicinasinc.com\/ro\/wp-json\/wp\/v2\/media?parent=5239"}],"wp:term":[{"taxonomy":"product_brand","embeddable":true,"href":"https:\/\/medicinasinc.com\/ro\/wp-json\/wp\/v2\/product_brand?post=5239"},{"taxonomy":"product_cat","embeddable":true,"href":"https:\/\/medicinasinc.com\/ro\/wp-json\/wp\/v2\/product_cat?post=5239"},{"taxonomy":"product_tag","embeddable":true,"href":"https:\/\/medicinasinc.com\/ro\/wp-json\/wp\/v2\/product_tag?post=5239"}],"curies":[{"name":"wp","href":"https:\/\/api.w.org\/{rel}","templated":true}]}}