{"id":5238,"date":"2022-02-20T22:26:29","date_gmt":"2022-02-20T22:26:29","guid":{"rendered":"https:\/\/medicinasinc.com\/ro\/?post_type=product&#038;p=5238"},"modified":"2022-03-22T01:03:42","modified_gmt":"2022-03-22T01:03:42","slug":"cumpara-lortab-10-325mg","status":"publish","type":"product","link":"https:\/\/medicinasinc.com\/ro\/product\/cumpara-lortab-10-325mg\/","title":{"rendered":"Cump\u0103ra\u021bi Lortab 10\/325mg"},"content":{"rendered":"<p>Pastilele Lortab 10\/325mg pot fi achizi\u021bionate online.<br \/> Lortab &#8211; Ce este?<br \/> Riscurile Lortab<\/p>\n<p>Acest medicament combinat este utilizat pentru a trata durerea, de la u\u0219oar\u0103 la sever\u0103. Acesta cuprinde un analgezic opioid (hidrocodon\u0103), precum \u0219i un analgezic non-opioid (acetaminofen). Hidrocodona modific\u0103 modul \u00een care corpul dumneavoastr\u0103 percepe \u0219i r\u0103spunde la durere ac\u021bion\u00e2nd asupra creierului. Acetaminofenul poate ajuta, de asemenea, la reducerea febrei.<\/p>\n<p>Acest produs nu este recomandat copiilor cu v\u00e2rsta sub \u0219ase ani din cauza riscului crescut de efecte adverse grave (cum ar fi respira\u021bia superficial\u0103\/lent\u0103).<\/p>\n","protected":false},"excerpt":{"rendered":"<div class=\"woocommerce-product-details__short-description\">\n<p>Cump\u0103ra\u021bi pastilele Lortab 10\/325mg pot fi achizi\u021bionate online. cump\u0103rare online de analgezice, cump\u0103rare online de medicamente pentru durere, cump\u0103rare online de analgezice severe<\/p>\n<p>Lortab 10\/325mg pilule de v\u00e2nzare \u00een Regatul Unit \u0219i Europa. cump\u0103ra\u021bi analgezice online, cump\u0103ra\u021bi medicamente pentru durere online, f\u0103r\u0103 prescrip\u021bie medical\u0103, oxicodon\u0103 online, pastile pentru durere, analgezice, pastile pentru ADD\/ADHD, pastile cu steroizi, pastile pentru anxietate, pastile pentru depresie, pastile pentru pierderea \u00een greutate.<\/p>\n<p>Cump\u0103ra\u021bi lortab. acetaminofen comprimate 5mg 7,5mg 10mg cu amprenta m367 legal de la o farmacie online de renume care ofer\u0103 livrare peste noapte.<\/p>\n<\/p><\/div>\n","protected":false},"featured_media":5256,"comment_status":"open","ping_status":"closed","template":"","meta":[],"product_brand":[],"product_cat":[1117],"product_tag":[1487,1473,1474,1512,1511,1510,1488,1470,1486,1471,1489,1500,1475,1490,1498,1493,1494,1320,1476,1477,1478,1479,1480,1481,1482,1485,1483,1484,1513,1472,1495,1496,1497,1501,1502,1503,1504,1505,1507,1508,1509,1491,1492,1499,1506],"class_list":{"0":"post-5238","1":"product","2":"type-product","3":"status-publish","4":"has-post-thumbnail","6":"product_cat-cumparati-pastile-pentru-durere-somn-sex","7":"product_tag-lortab-adugare","8":"product_tag-ct-de-timp-rmne-lortab-n-sistemul-voastr","9":"product_tag-ct-de-timp-resta-lortab-n-urin","10":"product_tag-ce-este-lortab","11":"product_tag-ce-este-o-lortab","12":"product_tag-ce-sunt-lortab","13":"product_tag-lortab-clasificare","14":"product_tag-cumprnd-lortab-online","15":"product_tag-lortab-dependente","16":"product_tag-diferena-ntre-lortab-i-percocet","17":"product_tag-lortab-dozaj","18":"product_tag-lortab-efecte-secundare","19":"product_tag-hydrocodone-lortab","20":"product_tag-ottenab-elixir","21":"product_tag-lortab-imagina","22":"product_tag-ingredient-lortab","23":"product_tag-lortab-ingrediente","24":"product_tag-lortab","25":"product_tag-lortab-10","26":"product_tag-lortab-10-325-street-value","27":"product_tag-lortab-10-mg","28":"product_tag-lortab-10-imagini","29":"product_tag-lortab-5","30":"product_tag-lortab-5-mg","31":"product_tag-lortab-5-325","32":"product_tag-lortab-7-5-mg","33":"product_tag-lortab-7-5","34":"product_tag-lortab-7-5-325","35":"product_tag-galben-lortab-10","36":"product_tag-generic-lortab","37":"product_tag-lortab-m367","38":"product_tag-lortab-on-line","39":"product_tag-lortab-pic","40":"product_tag-lortab-strength","41":"product_tag-lortab-ten","42":"product_tag-lortab-vs-norco","43":"product_tag-lortab-vs-oxicodon","44":"product_tag-lortab-vs-vicodin","45":"product_tag-m366-lortab","46":"product_tag-norco-lortab","47":"product_tag-norco-vs-lortab","48":"product_tag-lortab-nume-generic","49":"product_tag-lortab-numele-generice","50":"product_tag-lortab-imagini","51":"product_tag-lortab-retragere","53":"first","54":"instock","55":"shipping-taxable","56":"purchasable","57":"product-type-variable","58":"has-default-attributes"},"yoast_head":"<!-- This site is optimized with the Yoast SEO plugin v27.3 - https:\/\/yoast.com\/product\/yoast-seo-wordpress\/ -->\n<title>Cump\u0103ra\u021bi Lortab 10\/325mg - Cele mai bune medicamente globale<\/title>\n<meta name=\"description\" content=\"Cump\u0103ra\u021bi pastile Lortab 10\/325mg de v\u00e2nzare Marea Britanie, Europa. cump\u0103r\u0103 analgezice online, cump\u0103r\u0103 medicamente pentru durere online, list\u0103 cu analgezice puternice, f\u0103r\u0103 prescrip\u021bie medical\u0103, oxicodon\u0103 online, pastile pentru durere, Calmante, Pastile ADD\/ADHD, Pastile cu steroizi, Pastile pentru anxietate, Pastile pentru depresie, Pastile pentru sl\u0103bit.\" \/>\n<meta name=\"robots\" content=\"index, follow, max-snippet:-1, max-image-preview:large, max-video-preview:-1\" \/>\n<link rel=\"canonical\" href=\"https:\/\/medicinasinc.com\/ro\/product\/cumpara-lortab-10-325mg\/\" \/>\n<meta property=\"og:locale\" content=\"en_US\" \/>\n<meta property=\"og:type\" content=\"article\" \/>\n<meta property=\"og:title\" content=\"Cump\u0103ra\u021bi Lortab 10\/325mg - Cele mai bune medicamente globale\" \/>\n<meta property=\"og:description\" content=\"Cump\u0103ra\u021bi pastile Lortab 10\/325mg de v\u00e2nzare Marea Britanie, Europa. cump\u0103r\u0103 analgezice online, cump\u0103r\u0103 medicamente pentru durere online, list\u0103 cu analgezice puternice, f\u0103r\u0103 prescrip\u021bie medical\u0103, oxicodon\u0103 online, pastile pentru durere, Calmante, Pastile ADD\/ADHD, Pastile cu steroizi, Pastile pentru anxietate, Pastile pentru depresie, Pastile pentru sl\u0103bit.\" \/>\n<meta property=\"og:url\" content=\"https:\/\/medicinasinc.com\/ro\/product\/cumpara-lortab-10-325mg\/\" \/>\n<meta property=\"og:site_name\" content=\"Medicinas Inc\" \/>\n<meta property=\"article:modified_time\" content=\"2022-03-22T01:03:42+00:00\" \/>\n<meta property=\"og:image\" content=\"https:\/\/medicinasinc.com\/ro\/wp-content\/uploads\/sites\/11\/2022\/02\/buy-lortab-10-325mg-pills-online.jpg\" \/>\n\t<meta property=\"og:image:width\" content=\"600\" \/>\n\t<meta property=\"og:image:height\" content=\"600\" \/>\n\t<meta property=\"og:image:type\" content=\"image\/jpeg\" \/>\n<meta name=\"twitter:card\" content=\"summary_large_image\" \/>\n<meta name=\"twitter:label1\" content=\"Est. reading time\" \/>\n\t<meta name=\"twitter:data1\" content=\"1 minute\" \/>\n<script type=\"application\/ld+json\" class=\"yoast-schema-graph\">{\"@context\":\"https:\\\/\\\/schema.org\",\"@graph\":[{\"@type\":\"WebPage\",\"@id\":\"https:\\\/\\\/medicinasinc.com\\\/ro\\\/product\\\/cumpara-lortab-10-325mg\\\/\",\"url\":\"https:\\\/\\\/medicinasinc.com\\\/ro\\\/product\\\/cumpara-lortab-10-325mg\\\/\",\"name\":\"Cump\u0103ra\u021bi Lortab 10\\\/325mg - Cele mai bune medicamente globale\",\"isPartOf\":{\"@id\":\"https:\\\/\\\/medicinasinc.com\\\/ro\\\/#website\"},\"primaryImageOfPage\":{\"@id\":\"https:\\\/\\\/medicinasinc.com\\\/ro\\\/product\\\/cumpara-lortab-10-325mg\\\/#primaryimage\"},\"image\":{\"@id\":\"https:\\\/\\\/medicinasinc.com\\\/ro\\\/product\\\/cumpara-lortab-10-325mg\\\/#primaryimage\"},\"thumbnailUrl\":\"https:\\\/\\\/medicinasinc.com\\\/ro\\\/wp-content\\\/uploads\\\/sites\\\/11\\\/2022\\\/02\\\/buy-lortab-10-325mg-pills-online.jpg\",\"datePublished\":\"2022-02-20T22:26:29+00:00\",\"dateModified\":\"2022-03-22T01:03:42+00:00\",\"description\":\"Cump\u0103ra\u021bi pastile Lortab 10\\\/325mg de v\u00e2nzare Marea Britanie, Europa. cump\u0103r\u0103 analgezice online, cump\u0103r\u0103 medicamente pentru durere online, list\u0103 cu analgezice puternice, f\u0103r\u0103 prescrip\u021bie medical\u0103, oxicodon\u0103 online, pastile pentru durere, Calmante, Pastile ADD\\\/ADHD, Pastile cu steroizi, Pastile pentru anxietate, Pastile pentru depresie, Pastile pentru sl\u0103bit.\",\"breadcrumb\":{\"@id\":\"https:\\\/\\\/medicinasinc.com\\\/ro\\\/product\\\/cumpara-lortab-10-325mg\\\/#breadcrumb\"},\"inLanguage\":\"en-US\",\"potentialAction\":[{\"@type\":\"ReadAction\",\"target\":[\"https:\\\/\\\/medicinasinc.com\\\/ro\\\/product\\\/cumpara-lortab-10-325mg\\\/\"]}]},{\"@type\":\"ImageObject\",\"inLanguage\":\"en-US\",\"@id\":\"https:\\\/\\\/medicinasinc.com\\\/ro\\\/product\\\/cumpara-lortab-10-325mg\\\/#primaryimage\",\"url\":\"https:\\\/\\\/medicinasinc.com\\\/ro\\\/wp-content\\\/uploads\\\/sites\\\/11\\\/2022\\\/02\\\/buy-lortab-10-325mg-pills-online.jpg\",\"contentUrl\":\"https:\\\/\\\/medicinasinc.com\\\/ro\\\/wp-content\\\/uploads\\\/sites\\\/11\\\/2022\\\/02\\\/buy-lortab-10-325mg-pills-online.jpg\",\"width\":600,\"height\":600},{\"@type\":\"BreadcrumbList\",\"@id\":\"https:\\\/\\\/medicinasinc.com\\\/ro\\\/product\\\/cumpara-lortab-10-325mg\\\/#breadcrumb\",\"itemListElement\":[{\"@type\":\"ListItem\",\"position\":1,\"name\":\"Magazin\",\"item\":\"https:\\\/\\\/medicinasinc.com\\\/ro\\\/magazin\\\/\"},{\"@type\":\"ListItem\",\"position\":2,\"name\":\"Cump\u0103ra\u021bi Lortab 10\\\/325mg\"}]},{\"@type\":\"WebSite\",\"@id\":\"https:\\\/\\\/medicinasinc.com\\\/ro\\\/#website\",\"url\":\"https:\\\/\\\/medicinasinc.com\\\/ro\\\/\",\"name\":\"Medicinas Inc\",\"description\":\"Health Medical Clinic\",\"potentialAction\":[{\"@type\":\"SearchAction\",\"target\":{\"@type\":\"EntryPoint\",\"urlTemplate\":\"https:\\\/\\\/medicinasinc.com\\\/ro\\\/?s={search_term_string}\"},\"query-input\":{\"@type\":\"PropertyValueSpecification\",\"valueRequired\":true,\"valueName\":\"search_term_string\"}}],\"inLanguage\":\"en-US\"}]}<\/script>\n<!-- \/ Yoast SEO plugin. -->","yoast_head_json":{"title":"Cump\u0103ra\u021bi Lortab 10\/325mg - Cele mai bune medicamente globale","description":"Cump\u0103ra\u021bi pastile Lortab 10\/325mg de v\u00e2nzare Marea Britanie, Europa. cump\u0103r\u0103 analgezice online, cump\u0103r\u0103 medicamente pentru durere online, list\u0103 cu analgezice puternice, f\u0103r\u0103 prescrip\u021bie medical\u0103, oxicodon\u0103 online, pastile pentru durere, Calmante, Pastile ADD\/ADHD, Pastile cu steroizi, Pastile pentru anxietate, Pastile pentru depresie, Pastile pentru sl\u0103bit.","robots":{"index":"index","follow":"follow","max-snippet":"max-snippet:-1","max-image-preview":"max-image-preview:large","max-video-preview":"max-video-preview:-1"},"canonical":"https:\/\/medicinasinc.com\/ro\/product\/cumpara-lortab-10-325mg\/","og_locale":"en_US","og_type":"article","og_title":"Cump\u0103ra\u021bi Lortab 10\/325mg - Cele mai bune medicamente globale","og_description":"Cump\u0103ra\u021bi pastile Lortab 10\/325mg de v\u00e2nzare Marea Britanie, Europa. cump\u0103r\u0103 analgezice online, cump\u0103r\u0103 medicamente pentru durere online, list\u0103 cu analgezice puternice, f\u0103r\u0103 prescrip\u021bie medical\u0103, oxicodon\u0103 online, pastile pentru durere, Calmante, Pastile ADD\/ADHD, Pastile cu steroizi, Pastile pentru anxietate, Pastile pentru depresie, Pastile pentru sl\u0103bit.","og_url":"https:\/\/medicinasinc.com\/ro\/product\/cumpara-lortab-10-325mg\/","og_site_name":"Medicinas Inc","article_modified_time":"2022-03-22T01:03:42+00:00","og_image":[{"width":600,"height":600,"url":"https:\/\/medicinasinc.com\/ro\/wp-content\/uploads\/sites\/11\/2022\/02\/buy-lortab-10-325mg-pills-online.jpg","type":"image\/jpeg"}],"twitter_card":"summary_large_image","twitter_misc":{"Est. reading time":"1 minute"},"schema":{"@context":"https:\/\/schema.org","@graph":[{"@type":"WebPage","@id":"https:\/\/medicinasinc.com\/ro\/product\/cumpara-lortab-10-325mg\/","url":"https:\/\/medicinasinc.com\/ro\/product\/cumpara-lortab-10-325mg\/","name":"Cump\u0103ra\u021bi Lortab 10\/325mg - Cele mai bune medicamente globale","isPartOf":{"@id":"https:\/\/medicinasinc.com\/ro\/#website"},"primaryImageOfPage":{"@id":"https:\/\/medicinasinc.com\/ro\/product\/cumpara-lortab-10-325mg\/#primaryimage"},"image":{"@id":"https:\/\/medicinasinc.com\/ro\/product\/cumpara-lortab-10-325mg\/#primaryimage"},"thumbnailUrl":"https:\/\/medicinasinc.com\/ro\/wp-content\/uploads\/sites\/11\/2022\/02\/buy-lortab-10-325mg-pills-online.jpg","datePublished":"2022-02-20T22:26:29+00:00","dateModified":"2022-03-22T01:03:42+00:00","description":"Cump\u0103ra\u021bi pastile Lortab 10\/325mg de v\u00e2nzare Marea Britanie, Europa. cump\u0103r\u0103 analgezice online, cump\u0103r\u0103 medicamente pentru durere online, list\u0103 cu analgezice puternice, f\u0103r\u0103 prescrip\u021bie medical\u0103, oxicodon\u0103 online, pastile pentru durere, Calmante, Pastile ADD\/ADHD, Pastile cu steroizi, Pastile pentru anxietate, Pastile pentru depresie, Pastile pentru sl\u0103bit.","breadcrumb":{"@id":"https:\/\/medicinasinc.com\/ro\/product\/cumpara-lortab-10-325mg\/#breadcrumb"},"inLanguage":"en-US","potentialAction":[{"@type":"ReadAction","target":["https:\/\/medicinasinc.com\/ro\/product\/cumpara-lortab-10-325mg\/"]}]},{"@type":"ImageObject","inLanguage":"en-US","@id":"https:\/\/medicinasinc.com\/ro\/product\/cumpara-lortab-10-325mg\/#primaryimage","url":"https:\/\/medicinasinc.com\/ro\/wp-content\/uploads\/sites\/11\/2022\/02\/buy-lortab-10-325mg-pills-online.jpg","contentUrl":"https:\/\/medicinasinc.com\/ro\/wp-content\/uploads\/sites\/11\/2022\/02\/buy-lortab-10-325mg-pills-online.jpg","width":600,"height":600},{"@type":"BreadcrumbList","@id":"https:\/\/medicinasinc.com\/ro\/product\/cumpara-lortab-10-325mg\/#breadcrumb","itemListElement":[{"@type":"ListItem","position":1,"name":"Magazin","item":"https:\/\/medicinasinc.com\/ro\/magazin\/"},{"@type":"ListItem","position":2,"name":"Cump\u0103ra\u021bi Lortab 10\/325mg"}]},{"@type":"WebSite","@id":"https:\/\/medicinasinc.com\/ro\/#website","url":"https:\/\/medicinasinc.com\/ro\/","name":"Medicinas Inc","description":"Health Medical Clinic","potentialAction":[{"@type":"SearchAction","target":{"@type":"EntryPoint","urlTemplate":"https:\/\/medicinasinc.com\/ro\/?s={search_term_string}"},"query-input":{"@type":"PropertyValueSpecification","valueRequired":true,"valueName":"search_term_string"}}],"inLanguage":"en-US"}]}},"_links":{"self":[{"href":"https:\/\/medicinasinc.com\/ro\/wp-json\/wp\/v2\/product\/5238","targetHints":{"allow":["GET"]}}],"collection":[{"href":"https:\/\/medicinasinc.com\/ro\/wp-json\/wp\/v2\/product"}],"about":[{"href":"https:\/\/medicinasinc.com\/ro\/wp-json\/wp\/v2\/types\/product"}],"replies":[{"embeddable":true,"href":"https:\/\/medicinasinc.com\/ro\/wp-json\/wp\/v2\/comments?post=5238"}],"wp:featuredmedia":[{"embeddable":true,"href":"https:\/\/medicinasinc.com\/ro\/wp-json\/wp\/v2\/media\/5256"}],"wp:attachment":[{"href":"https:\/\/medicinasinc.com\/ro\/wp-json\/wp\/v2\/media?parent=5238"}],"wp:term":[{"taxonomy":"product_brand","embeddable":true,"href":"https:\/\/medicinasinc.com\/ro\/wp-json\/wp\/v2\/product_brand?post=5238"},{"taxonomy":"product_cat","embeddable":true,"href":"https:\/\/medicinasinc.com\/ro\/wp-json\/wp\/v2\/product_cat?post=5238"},{"taxonomy":"product_tag","embeddable":true,"href":"https:\/\/medicinasinc.com\/ro\/wp-json\/wp\/v2\/product_tag?post=5238"}],"curies":[{"name":"wp","href":"https:\/\/api.w.org\/{rel}","templated":true}]}}