{"id":5237,"date":"2022-02-20T22:24:46","date_gmt":"2022-02-20T22:24:46","guid":{"rendered":"https:\/\/medicinasinc.com\/ro\/?post_type=product&#038;p=5237"},"modified":"2022-03-22T01:03:53","modified_gmt":"2022-03-22T01:03:53","slug":"cumpara-lioresal-baclofen-25mg-pastile","status":"publish","type":"product","link":"https:\/\/medicinasinc.com\/ro\/product\/cumpara-lioresal-baclofen-25mg-pastile\/","title":{"rendered":"Cump\u0103ra\u021bi pastile Lioresal Baclofen 25mg"},"content":{"rendered":"<p>Lioresal Baclofen 25 mg comprimate pot fi achizi\u021bionate online.<\/p>\n<p>INDICA\u021aII<\/p>\n<p>Lioresal (Baclofen) este un antispastic \u0219i relaxant muscular.<\/p>\n<p>Baclofenul este utilizat pentru a trata spasme musculare, disconfort \u0219i rigiditate asociate cu scleroza multipl\u0103.<\/p>\n<p>Baclofenul poate fi utilizat pentru afec\u021biuni suplimentare care nu sunt incluse \u00een acest ghid de medicamente.<\/p>\n<p>INSTRUC\u021aIUNI<\/p>\n<p>Lua\u021bi exact conform indica\u021biilor medicului dumneavoastr\u0103. Nu consuma\u021bi mai mult sau mai pu\u021bin dec\u00e2t cantitatea sugerat\u0103 sau mai mult dec\u00e2t cea recomandat\u0103. Respecta\u021bi instruc\u021biunile specificate pe eticheta medicamentului.<\/p>\n<p>Medicul dumneavoastr\u0103 v\u0103 poate ajusta ocazional doza pentru a v\u0103 asigura c\u0103 ob\u021bine\u021bi cele mai bune rezultate posibile.<br \/> Consulta\u021bi-v\u0103 medicul dac\u0103 pl\u00e2ngerile dumneavoastr\u0103 musculare persist\u0103 dup\u0103 dou\u0103 s\u0103pt\u0103m\u00e2ni de tratament cu acest medicament. Nu \u00eentrerupe\u021bi administrarea acestui medicament f\u0103r\u0103 a consulta mai \u00eent\u00e2i medicul dumneavoastr\u0103. C\u00e2nd \u00eenceta\u021bi s\u0103 lua\u021bi baclofen dup\u0103 o perioad\u0103 prelungit\u0103 de utilizare, este posibil s\u0103 ave\u021bi simptome de sevraj, cum ar fi convulsii sau halucina\u021bii. Este posibil s\u0103 fie nevoie s\u0103 utiliza\u021bi medicamentul din ce \u00een ce mai pu\u021bin p\u00e2n\u0103 c\u00e2nd \u00eel \u00eentrerupe\u021bi complet.<\/p>\n<p>DOZARE<\/p>\n<p>Lua\u021bi medicamentul exact a\u0219a cum v-a prescris medicul dumneavoastr\u0103.<\/p>\n<p>Pacien\u021bi adul\u021bi cu spasticitate m\u0103duvei spin\u0103rii: Dup\u0103 primele 24 de ore, doza zilnic\u0103 pentru pacien\u021bii adul\u021bi trebuie crescut\u0103 treptat cu 10-30% \u0219i numai o dat\u0103 la 24 de ore, p\u00e2n\u0103 la ob\u021binerea impactului terapeutic dorit.<\/p>\n<p>Adul\u021bi. cu spasticitate cerebral\u0103: Dup\u0103 primele 24 de ore, doza zilnic\u0103 trebuie crescut\u0103 treptat cu 5-15% la fiecare 24 de ore, p\u00e2n\u0103 la ob\u021binerea impactului terapeutic dorit.<\/p>\n<p>Dup\u0103 primele 24 de ore, doza zilnic\u0103. trebuie crescut\u0103 treptat cu 5-15 la sut\u0103 la fiecare 24 de ore, p\u00e2n\u0103 la ob\u021binerea efectului terapeutic dorit. Dac\u0103 o cre\u0219tere a dozei zilnice nu produce un r\u0103spuns clinic semnificativ, verifica\u021bi func\u021bionarea bun\u0103 a pompei \u0219i permeabilitatea cateterului. \u00cen timpul fazei de screening \u0219i al perioadei de titrare a dozei imediat dup\u0103 implant, pacien\u021bii trebuie monitoriza\u021bi \u00een mod regulat \u00eentr-un mediu bine echipat \u0219i cu personal. Echipamentul de resuscitare ar trebui s\u0103 fie disponibil cu u\u0219urin\u021b\u0103 \u00een cazul unor efecte adverse poten\u021bial fatale sau inacceptabile.<\/p>\n<p>DEPOZITARE<\/p>\n<p>Nu este necesar\u0103 refrigerarea.<\/p>\n<p>A se p\u0103stra la temperaturi sub 86\u00b0F ( 30\u00b0C).<\/p>\n<p>Evita\u021bi \u00eenghe\u021barea.<\/p>\n<p>Evita\u021bi sterilizarea la c\u0103ldur\u0103.<\/p>\n<p>INFORMA\u021aII SUPLIMENTARE:<\/p>\n<p>Baclofenul este componenta activ\u0103.<\/p>\n<p>Lioresal este un analgezic. Reduce semnificativ frecven\u021ba \u0219i intensitatea spasmelor musculare cauzate de boli neurologice precum scleroza multipl\u0103.<\/p>\n<p>INFORMA\u021aII IMPORTANTE DE SIGURAN\u021a\u0102<\/p>\n<p>Dac\u0103 sunte\u021bi alergic la baclofen, ar trebui s\u0103 evita\u021bi utilizarea acestuia.<\/p>\n<p>Informa\u021bi medicul dumneavoastr\u0103 dac\u0103 ave\u021bi oricare dintre urm\u0103toarele afec\u021biuni suplimentare pentru a v\u0103 asigura c\u0103 pute\u021bi lua baclofen \u00een siguran\u021b\u0103:<\/p>\n<p>boala rinichilor<\/p>\n<p>o boal\u0103 convulsiv\u0103, cum ar fi epilepsie; sau<\/p>\n<p>un istoric personal sau familial de accident vascular cerebral sau cheaguri de s\u00e2nge.<\/p>\n<p>Utilizarea baclofenului poate cre\u0219te riscul de a dezvolta un chist ovarian. Consulta\u021bi-v\u0103 medicul cu privire la riscul dumneavoastr\u0103 specific. Clasificarea FDA a sarcinii C. Nu se \u0219tie dac\u0103 baclofenul este toxic pentru un copil nen\u0103scut. Informa\u021bi-v\u0103 medicul dac\u0103 sunte\u021bi gravid\u0103 sau dori\u021bi s\u0103 r\u0103m\u00e2ne\u021bi gravid\u0103 \u00een timp ce lua\u021bi acest medicament. Nu se \u0219tie dac\u0103 baclofenul intr\u0103 \u00een laptele matern sau dac\u0103 este d\u0103un\u0103tor pentru sugarii care al\u0103pteaz\u0103. Al\u0103ptarea trebuie evitat\u0103 atunci c\u00e2nd lua\u021bi baclofen. Nu administra\u021bi niciodat\u0103 acest medicament unui copil sub 12 ani. B\u0103tr\u00e2nii pot fi mai sensibili la efectele acestui medicament.<\/p>\n<p>Informa\u021bii de siguran\u021b\u0103 care sunt esen\u021biale<\/p>\n<p>Acest medicament are poten\u021bialul de a v\u0103 afecta g\u00e2ndirea \u0219i reac\u021biile. Fi\u021bi precaut dac\u0103 conduce\u021bi sau face\u021bi orice altceva care necesit\u0103 vigilen\u021b\u0103. Consumul de alcool poate exacerba anumite efecte adverse ale baclofenului. Evita\u021bi utilizarea baclofenului \u00een perioadele \u00een care tonusul muscular este necesar pentru echilibru \u0219i mobilitate adecvate \u00een timpul activit\u0103\u021bilor specifice. \u00cen unele circumstan\u021be, a fi \u00eentr-o stare de tonus muscular sc\u0103zut v\u0103 poate pune \u00een pericol siguran\u021ba fizic\u0103.<\/p>\n<div class=\"product-next-previous\">\n<div class=\"product-prev\">\n<p><strong>EFECTE SECUNDARE<\/strong><\/p>\n<p>Solicita\u021bi asisten\u021b\u0103 medical\u0103 de urgen\u021b\u0103 dac\u0103 ave\u021bi oricare dintre aceste semne ale unei reac\u021bii alergice: urticarie; respira\u021bie dificil\u0103; umflarea fe\u021bei, buzelor, limbii sau g\u00e2tului. Adresa\u021bi-v\u0103 imediat medicului dumneavoastr\u0103 dac\u0103 ave\u021bi un efect secundar grav, cum ar fi:<\/p>\n<p>convulsii (convulsii);<\/p>\n<p>confuzie, halucina\u021bii; sau<\/p>\n<p>b\u0103t\u0103i neuniforme ale inimii.<\/p>\n<p>Efectele secundare mai pu\u021bin grave pot include:<\/p>\n<p>somnolen\u021b\u0103, ame\u021beli, sl\u0103biciune, senza\u021bie de oboseal\u0103;<\/p>\n<p>dureri de cap ;<\/p>\n<p>probleme de somn (insomnie);<\/p>\n<p>grea\u021b\u0103, constipa\u021bie; sau<\/p>\n<p>urina\u021bi mai des dec\u00e2t de obicei.<\/p>\n<p>Aceasta nu este o list\u0103 complet\u0103 de reac\u021bii adverse \u0219i pot ap\u0103rea altele.<\/p>\n<p>Apela\u021bi medicul dumneavoastr\u0103 pentru sfaturi medicale despre efecte secundare efecte.<\/p>\n<\/p><\/div><\/div>\n<div class=\"product-next-previous\">\n<div class=\"product-prev\"><\/div><\/div>\n","protected":false},"excerpt":{"rendered":"<p>Cump\u0103ra\u021bi Lioresal Baclofen 25mg pastile de v\u00e2nzare online \u00een Europa \u0219i Regatul Unit. Comprimatele Lioresal cu formula tridimensional\u0103 de Baclofen trebuie \u00eenghi\u021bite \u00eentregi, \u00eempreun\u0103 cu alimente. Doza ini\u021bial\u0103 este de 5 mg de trei ori pe zi.<\/p>\n<p>Lioresal 25 mg comprimat (10 comprimate) poate fi achizi\u021bionat online. BACLOFEN 25MG este denumirea generic\u0103. Lioresal\u00a0&#8230; Baclofen 25 mg este con\u021binut \u00een fiecare comprimat Lioresal 25 mg neacoperit.<\/p>\n<p>utilizarea baclofen \u00een pastilele de baclofen din Marea Britanie care sunt acestea&#8230; medicamento lioresal 25 mg baclofen lioresal 10 mg comprimat<\/p>\n<p>10 mg baclofen comprimat<\/p>\n","protected":false},"featured_media":5254,"comment_status":"open","ping_status":"closed","template":"","meta":[],"product_brand":[],"product_cat":[1117],"product_tag":[1439,1440,1441,1442,1443,1445,1446,1447,1463,1464,1448,1465,1449,1451,1452,1453,1454,1455,1450,1456,1468,1457,1459,1461,1462,1467,1458,1466,1444,1469,1460],"class_list":{"0":"post-5237","1":"product","2":"type-product","3":"status-publish","4":"has-post-thumbnail","6":"product_cat-cumparati-pastile-pentru-durere-somn-sex","7":"product_tag-an-unlabeled-use-for-baclofen-lioresal-is-for-treating","8":"product_tag-baclofen-lioresal","9":"product_tag-baclofen-lioresal-20mg","10":"product_tag-baclofen-lioresal-1-la-2-luni","11":"product_tag-baclofen-lioresal-10-mg-oral-ta","12":"product_tag-efecte-secundare-baclofen-lioresal","13":"product_tag-baclofen-10-mg-generic-pentru-lioresal-trebuie-sa-manca-nainte","14":"product_tag-baclofen-gablofen-lioresal","15":"product_tag-lioresal-baclofen","16":"product_tag-lioresal-baclofen-10-mg","17":"product_tag-baclofen-lioresal-10-mg","18":"product_tag-lioresal-baclofen-25-mg","19":"product_tag-baclofen-lioresal-buy-mexic","20":"product_tag-baclofen-lioresal-oral-intratecal","21":"product_tag-baclofen-lioresal-tizanidin-zanaflex","22":"product_tag-baclofen-lioresal-why-am-i-so-tired","23":"product_tag-baclofen-vs-lioresal","24":"product_tag-baclofen","25":"product_tag-baclofen-lioresal-clasa-de-medicamente","26":"product_tag-dantrolen-dantrium","27":"product_tag-efecte-secundare-lioresale","28":"product_tag-lioresal-10-mg-baclofen","29":"product_tag-lioresal-10-mg-efecte-secundare","30":"product_tag-lioresal-25-mg-baclofen","31":"product_tag-lioresal-25-side-effects","32":"product_tag-lioresal-dosage","33":"product_tag-doza-lioresal-10-mg","34":"product_tag-lioresal-baclofen-prospect","35":"product_tag-baclofen-lioresal-stimulant","36":"product_tag-tizanidin","37":"product_tag-lioresal-10-mg-comprimate-utilizri","39":"first","40":"instock","41":"shipping-taxable","42":"purchasable","43":"product-type-variable","44":"has-default-attributes"},"yoast_head":"<!-- This site is optimized with the Yoast SEO plugin v27.3 - https:\/\/yoast.com\/product\/yoast-seo-wordpress\/ -->\n<title>Cump\u0103ra\u021bi pastile Lioresal Baclofen 25mg - Cele mai bune medicamente globale<\/title>\n<meta name=\"description\" content=\"Cump\u0103ra\u021bi Lioresal Baclofen 25mg pastile de v\u00e2nzare online \u00een Europa, Marea Britanie. Comprimatele de Baclofen 3d formula Lioresal trebuie luate pe cale oral\u0103, cu alimente. Doza ini\u021bial\u0103 este de 5 mg de 3 ori pe zi.\" \/>\n<meta name=\"robots\" content=\"index, follow, max-snippet:-1, max-image-preview:large, max-video-preview:-1\" \/>\n<link rel=\"canonical\" href=\"https:\/\/medicinasinc.com\/ro\/product\/cumpara-lioresal-baclofen-25mg-pastile\/\" \/>\n<meta property=\"og:locale\" content=\"en_US\" \/>\n<meta property=\"og:type\" content=\"article\" \/>\n<meta property=\"og:title\" content=\"Cump\u0103ra\u021bi pastile Lioresal Baclofen 25mg - Cele mai bune medicamente globale\" \/>\n<meta property=\"og:description\" content=\"Cump\u0103ra\u021bi Lioresal Baclofen 25mg pastile de v\u00e2nzare online \u00een Europa, Marea Britanie. Comprimatele de Baclofen 3d formula Lioresal trebuie luate pe cale oral\u0103, cu alimente. Doza ini\u021bial\u0103 este de 5 mg de 3 ori pe zi.\" \/>\n<meta property=\"og:url\" content=\"https:\/\/medicinasinc.com\/ro\/product\/cumpara-lioresal-baclofen-25mg-pastile\/\" \/>\n<meta property=\"og:site_name\" content=\"Medicinas Inc\" \/>\n<meta property=\"article:modified_time\" content=\"2022-03-22T01:03:53+00:00\" \/>\n<meta property=\"og:image\" content=\"https:\/\/medicinasinc.com\/ro\/wp-content\/uploads\/sites\/11\/2022\/02\/Buy-Lioresal-Baclofen-25mg.jpg\" \/>\n\t<meta property=\"og:image:width\" content=\"1280\" \/>\n\t<meta property=\"og:image:height\" content=\"720\" \/>\n\t<meta property=\"og:image:type\" content=\"image\/jpeg\" \/>\n<meta name=\"twitter:card\" content=\"summary_large_image\" \/>\n<meta name=\"twitter:label1\" content=\"Est. reading time\" \/>\n\t<meta name=\"twitter:data1\" content=\"3 minutes\" \/>\n<script type=\"application\/ld+json\" class=\"yoast-schema-graph\">{\"@context\":\"https:\\\/\\\/schema.org\",\"@graph\":[{\"@type\":\"WebPage\",\"@id\":\"https:\\\/\\\/medicinasinc.com\\\/ro\\\/product\\\/cumpara-lioresal-baclofen-25mg-pastile\\\/\",\"url\":\"https:\\\/\\\/medicinasinc.com\\\/ro\\\/product\\\/cumpara-lioresal-baclofen-25mg-pastile\\\/\",\"name\":\"Cump\u0103ra\u021bi pastile Lioresal Baclofen 25mg - Cele mai bune medicamente globale\",\"isPartOf\":{\"@id\":\"https:\\\/\\\/medicinasinc.com\\\/ro\\\/#website\"},\"primaryImageOfPage\":{\"@id\":\"https:\\\/\\\/medicinasinc.com\\\/ro\\\/product\\\/cumpara-lioresal-baclofen-25mg-pastile\\\/#primaryimage\"},\"image\":{\"@id\":\"https:\\\/\\\/medicinasinc.com\\\/ro\\\/product\\\/cumpara-lioresal-baclofen-25mg-pastile\\\/#primaryimage\"},\"thumbnailUrl\":\"https:\\\/\\\/medicinasinc.com\\\/ro\\\/wp-content\\\/uploads\\\/sites\\\/11\\\/2022\\\/02\\\/Buy-Lioresal-Baclofen-25mg.jpg\",\"datePublished\":\"2022-02-20T22:24:46+00:00\",\"dateModified\":\"2022-03-22T01:03:53+00:00\",\"description\":\"Cump\u0103ra\u021bi Lioresal Baclofen 25mg pastile de v\u00e2nzare online \u00een Europa, Marea Britanie. Comprimatele de Baclofen 3d formula Lioresal trebuie luate pe cale oral\u0103, cu alimente. Doza ini\u021bial\u0103 este de 5 mg de 3 ori pe zi.\",\"breadcrumb\":{\"@id\":\"https:\\\/\\\/medicinasinc.com\\\/ro\\\/product\\\/cumpara-lioresal-baclofen-25mg-pastile\\\/#breadcrumb\"},\"inLanguage\":\"en-US\",\"potentialAction\":[{\"@type\":\"ReadAction\",\"target\":[\"https:\\\/\\\/medicinasinc.com\\\/ro\\\/product\\\/cumpara-lioresal-baclofen-25mg-pastile\\\/\"]}]},{\"@type\":\"ImageObject\",\"inLanguage\":\"en-US\",\"@id\":\"https:\\\/\\\/medicinasinc.com\\\/ro\\\/product\\\/cumpara-lioresal-baclofen-25mg-pastile\\\/#primaryimage\",\"url\":\"https:\\\/\\\/medicinasinc.com\\\/ro\\\/wp-content\\\/uploads\\\/sites\\\/11\\\/2022\\\/02\\\/Buy-Lioresal-Baclofen-25mg.jpg\",\"contentUrl\":\"https:\\\/\\\/medicinasinc.com\\\/ro\\\/wp-content\\\/uploads\\\/sites\\\/11\\\/2022\\\/02\\\/Buy-Lioresal-Baclofen-25mg.jpg\",\"width\":1280,\"height\":720},{\"@type\":\"BreadcrumbList\",\"@id\":\"https:\\\/\\\/medicinasinc.com\\\/ro\\\/product\\\/cumpara-lioresal-baclofen-25mg-pastile\\\/#breadcrumb\",\"itemListElement\":[{\"@type\":\"ListItem\",\"position\":1,\"name\":\"Magazin\",\"item\":\"https:\\\/\\\/medicinasinc.com\\\/ro\\\/magazin\\\/\"},{\"@type\":\"ListItem\",\"position\":2,\"name\":\"Cump\u0103ra\u021bi pastile Lioresal Baclofen 25mg\"}]},{\"@type\":\"WebSite\",\"@id\":\"https:\\\/\\\/medicinasinc.com\\\/ro\\\/#website\",\"url\":\"https:\\\/\\\/medicinasinc.com\\\/ro\\\/\",\"name\":\"Medicinas Inc\",\"description\":\"Health Medical Clinic\",\"potentialAction\":[{\"@type\":\"SearchAction\",\"target\":{\"@type\":\"EntryPoint\",\"urlTemplate\":\"https:\\\/\\\/medicinasinc.com\\\/ro\\\/?s={search_term_string}\"},\"query-input\":{\"@type\":\"PropertyValueSpecification\",\"valueRequired\":true,\"valueName\":\"search_term_string\"}}],\"inLanguage\":\"en-US\"}]}<\/script>\n<!-- \/ Yoast SEO plugin. -->","yoast_head_json":{"title":"Cump\u0103ra\u021bi pastile Lioresal Baclofen 25mg - Cele mai bune medicamente globale","description":"Cump\u0103ra\u021bi Lioresal Baclofen 25mg pastile de v\u00e2nzare online \u00een Europa, Marea Britanie. Comprimatele de Baclofen 3d formula Lioresal trebuie luate pe cale oral\u0103, cu alimente. Doza ini\u021bial\u0103 este de 5 mg de 3 ori pe zi.","robots":{"index":"index","follow":"follow","max-snippet":"max-snippet:-1","max-image-preview":"max-image-preview:large","max-video-preview":"max-video-preview:-1"},"canonical":"https:\/\/medicinasinc.com\/ro\/product\/cumpara-lioresal-baclofen-25mg-pastile\/","og_locale":"en_US","og_type":"article","og_title":"Cump\u0103ra\u021bi pastile Lioresal Baclofen 25mg - Cele mai bune medicamente globale","og_description":"Cump\u0103ra\u021bi Lioresal Baclofen 25mg pastile de v\u00e2nzare online \u00een Europa, Marea Britanie. Comprimatele de Baclofen 3d formula Lioresal trebuie luate pe cale oral\u0103, cu alimente. Doza ini\u021bial\u0103 este de 5 mg de 3 ori pe zi.","og_url":"https:\/\/medicinasinc.com\/ro\/product\/cumpara-lioresal-baclofen-25mg-pastile\/","og_site_name":"Medicinas Inc","article_modified_time":"2022-03-22T01:03:53+00:00","og_image":[{"width":1280,"height":720,"url":"https:\/\/medicinasinc.com\/ro\/wp-content\/uploads\/sites\/11\/2022\/02\/Buy-Lioresal-Baclofen-25mg.jpg","type":"image\/jpeg"}],"twitter_card":"summary_large_image","twitter_misc":{"Est. reading time":"3 minutes"},"schema":{"@context":"https:\/\/schema.org","@graph":[{"@type":"WebPage","@id":"https:\/\/medicinasinc.com\/ro\/product\/cumpara-lioresal-baclofen-25mg-pastile\/","url":"https:\/\/medicinasinc.com\/ro\/product\/cumpara-lioresal-baclofen-25mg-pastile\/","name":"Cump\u0103ra\u021bi pastile Lioresal Baclofen 25mg - Cele mai bune medicamente globale","isPartOf":{"@id":"https:\/\/medicinasinc.com\/ro\/#website"},"primaryImageOfPage":{"@id":"https:\/\/medicinasinc.com\/ro\/product\/cumpara-lioresal-baclofen-25mg-pastile\/#primaryimage"},"image":{"@id":"https:\/\/medicinasinc.com\/ro\/product\/cumpara-lioresal-baclofen-25mg-pastile\/#primaryimage"},"thumbnailUrl":"https:\/\/medicinasinc.com\/ro\/wp-content\/uploads\/sites\/11\/2022\/02\/Buy-Lioresal-Baclofen-25mg.jpg","datePublished":"2022-02-20T22:24:46+00:00","dateModified":"2022-03-22T01:03:53+00:00","description":"Cump\u0103ra\u021bi Lioresal Baclofen 25mg pastile de v\u00e2nzare online \u00een Europa, Marea Britanie. Comprimatele de Baclofen 3d formula Lioresal trebuie luate pe cale oral\u0103, cu alimente. Doza ini\u021bial\u0103 este de 5 mg de 3 ori pe zi.","breadcrumb":{"@id":"https:\/\/medicinasinc.com\/ro\/product\/cumpara-lioresal-baclofen-25mg-pastile\/#breadcrumb"},"inLanguage":"en-US","potentialAction":[{"@type":"ReadAction","target":["https:\/\/medicinasinc.com\/ro\/product\/cumpara-lioresal-baclofen-25mg-pastile\/"]}]},{"@type":"ImageObject","inLanguage":"en-US","@id":"https:\/\/medicinasinc.com\/ro\/product\/cumpara-lioresal-baclofen-25mg-pastile\/#primaryimage","url":"https:\/\/medicinasinc.com\/ro\/wp-content\/uploads\/sites\/11\/2022\/02\/Buy-Lioresal-Baclofen-25mg.jpg","contentUrl":"https:\/\/medicinasinc.com\/ro\/wp-content\/uploads\/sites\/11\/2022\/02\/Buy-Lioresal-Baclofen-25mg.jpg","width":1280,"height":720},{"@type":"BreadcrumbList","@id":"https:\/\/medicinasinc.com\/ro\/product\/cumpara-lioresal-baclofen-25mg-pastile\/#breadcrumb","itemListElement":[{"@type":"ListItem","position":1,"name":"Magazin","item":"https:\/\/medicinasinc.com\/ro\/magazin\/"},{"@type":"ListItem","position":2,"name":"Cump\u0103ra\u021bi pastile Lioresal Baclofen 25mg"}]},{"@type":"WebSite","@id":"https:\/\/medicinasinc.com\/ro\/#website","url":"https:\/\/medicinasinc.com\/ro\/","name":"Medicinas Inc","description":"Health Medical Clinic","potentialAction":[{"@type":"SearchAction","target":{"@type":"EntryPoint","urlTemplate":"https:\/\/medicinasinc.com\/ro\/?s={search_term_string}"},"query-input":{"@type":"PropertyValueSpecification","valueRequired":true,"valueName":"search_term_string"}}],"inLanguage":"en-US"}]}},"_links":{"self":[{"href":"https:\/\/medicinasinc.com\/ro\/wp-json\/wp\/v2\/product\/5237","targetHints":{"allow":["GET"]}}],"collection":[{"href":"https:\/\/medicinasinc.com\/ro\/wp-json\/wp\/v2\/product"}],"about":[{"href":"https:\/\/medicinasinc.com\/ro\/wp-json\/wp\/v2\/types\/product"}],"replies":[{"embeddable":true,"href":"https:\/\/medicinasinc.com\/ro\/wp-json\/wp\/v2\/comments?post=5237"}],"wp:featuredmedia":[{"embeddable":true,"href":"https:\/\/medicinasinc.com\/ro\/wp-json\/wp\/v2\/media\/5254"}],"wp:attachment":[{"href":"https:\/\/medicinasinc.com\/ro\/wp-json\/wp\/v2\/media?parent=5237"}],"wp:term":[{"taxonomy":"product_brand","embeddable":true,"href":"https:\/\/medicinasinc.com\/ro\/wp-json\/wp\/v2\/product_brand?post=5237"},{"taxonomy":"product_cat","embeddable":true,"href":"https:\/\/medicinasinc.com\/ro\/wp-json\/wp\/v2\/product_cat?post=5237"},{"taxonomy":"product_tag","embeddable":true,"href":"https:\/\/medicinasinc.com\/ro\/wp-json\/wp\/v2\/product_tag?post=5237"}],"curies":[{"name":"wp","href":"https:\/\/api.w.org\/{rel}","templated":true}]}}