{"id":5236,"date":"2022-02-20T22:23:28","date_gmt":"2022-02-20T22:23:28","guid":{"rendered":"https:\/\/medicinasinc.com\/ro\/?post_type=product&#038;p=5236"},"modified":"2022-03-22T01:04:02","modified_gmt":"2022-03-22T01:04:02","slug":"cumpara-lexotanil-bromazepam-3mg-pastile-online","status":"publish","type":"product","link":"https:\/\/medicinasinc.com\/ro\/product\/cumpara-lexotanil-bromazepam-3mg-pastile-online\/","title":{"rendered":"Cump\u0103ra\u021bi online Lexotanil Bromazepam 3mg pastile"},"content":{"rendered":"<p>Lexotanil Bromazepam 3mg comprimate pentru a cump\u0103ra online<br \/> Lexotanil Bromazepam 3mg pastile online | lexotanil bromazepam<br \/> Care este scopul bromazepamului lexotanil 3 mg?<br \/> Bromazepam (numele de marc\u0103 Lexotan\u00ae) este o benzodiazepin\u0103. Este folosit \u00een principal pentru a ajuta la tratarea simptomelor de anxietate. \u00cen plus, poate fi utilizat pentru a atenua simptomele de panic\u0103 \u0219i anxietate social\u0103. Este fabricat sub form\u0103 de tablete.<\/p>\n<p>Care este doza tipic\u0103 de bromazepam?<\/p>\n<p>Bromazepamul este de obicei prescris la adul\u021bi pentru anxietate \u00eentr-o doz\u0103 de 3-18 mg pe zi, r\u0103sp\u00e2ndit\u0103 \u00een mod obi\u0219nuit pe tot parcursul vie\u021bii. ziua. La adul\u021bii \u00een v\u00e2rst\u0103, doza trebuie redus\u0103 la jum\u0103tate, adic\u0103 jum\u0103tate din doza pentru adul\u021bi.<\/p>\n<p>Cum \u0219i c\u00e2nd trebuie luat Lexotan lexotanil 3 mg?<\/p>\n<p>\u00cen timp ce sta\u021bi sau st\u00e2nd \u00een picioare, \u00eenghi\u021bi\u021bi pastilele cu cel pu\u021bin jum\u0103tate de pahar cu ap\u0103. Acest lucru asigur\u0103 c\u0103 ajunge \u00een stomac \u0219i nu se blocheaz\u0103 \u00een g\u00e2t. Bromazepam este sigur de luat \u00eenainte, cu sau dup\u0103 mas\u0103.<\/p>\n<p>C\u00e2t timp va dura bromazepam pentru a face efect?<br \/> Bromazepam \u00eencepe adesea s\u0103 ac\u021bioneze dup\u0103 aproximativ o or\u0103. Efectul se poate intensifica apoi pe parcursul mai multor zile sau s\u0103pt\u0103m\u00e2ni.<br \/> C\u00e2t timp trebuie s\u0103 continui s\u0103 iau lexotanil 3 mg?<br \/> Acest lucru va varia \u00een func\u021bie de scopul pentru care \u00eel lua\u021bi. LEXOTANIL, adesea scris Lexotan<\/p>\n<p>Pot s\u0103 renun\u021b brusc la bromazepam?<\/p>\n<p>Dac\u0103 lua\u021bi bromazepam zilnic timp de mai mult de aproximativ 4 p\u00e2n\u0103 la 6 s\u0103pt\u0103m\u00e2ni, pute\u021bi dezvolta o dependen\u021b\u0103 de acesta , dar acest lucru nu este o \u00eengrijorare dac\u0103 \u00eel lua\u021bi pentru epilepsie. Dac\u0103 a\u021bi luat-o \u00een mod regulat, poate fi prudent s\u0103 reduce\u021bi treptat doza \u00een c\u00e2teva zile sau s\u0103pt\u0103m\u00e2ni. Ar trebui s\u0103 discuta\u021bi acest lucru \u00een detaliu cu medicul care v\u0103 prescrie, medicul, asistenta sau farmacistul. Dac\u0103 \u00eel lua\u021bi \u201ela nevoie\u201d la fiecare c\u00e2teva zile, ar trebui s\u0103 pute\u021bi \u00eentrerupe tratamentul atunci c\u00e2nd nu mai ave\u021bi nevoie. 3 lexotanil<\/p>\n<p>Ce fac dac\u0103 omit o doz\u0103 de LEXOTAN?<br \/> Lua\u021bi doza care lipse\u0219te imediat ce v\u0103 aminti\u021bi, cu excep\u021bia cazului \u00een care sunt cu mai pu\u021bin de 4 ore \u00eenainte de urm\u0103toarea doz\u0103.<br \/> Dac\u0103 v\u0103 aminti\u021bi c\u0103 a\u021bi urmat aceasta, pur \u0219i simplu lua\u021bi urm\u0103toarea doz\u0103 ca de obicei. Nu \u00eencerca\u021bi s\u0103 v\u0103 recupera\u021bi lu\u00e2nd dou\u0103 doze \u00een acela\u0219i timp, deoarece acest lucru poate duce la cre\u0219terea efectelor adverse.<br \/> Pot consuma alcool c\u00e2nd iau bromazepam? Cump\u0103ra\u021bi BROMAZEPAM LEXOTANIL, cunoscut \u0219i sub numele de Lexotan 3 MG.<br \/> Dac\u0103 be\u021bi alcool \u00een timp ce lua\u021bi LEXOTANIL, este posibil s\u0103 ave\u021bi somnolen\u021b\u0103 crescut\u0103. Acest lucru este deosebit de important dac\u0103 ve\u021bi conduce vehicule sau utiliza\u021bi utilaje \u0219i ar trebui s\u0103 primi\u021bi sfaturi \u00een acest sens.<\/p>\n<p>Ce tipuri de reac\u021bii adverse sunt probabil s\u0103 resimt dac\u0103 iau bromazepam? Cump\u0103ra\u021bi BROMAZEPAM LEXOTANIL, cunoscut \u0219i sub denumirea de Lexotan 3 MG.<\/p>\n<p>Num\u0103re persoane ob\u021bin: Doar pu\u021bine persoane ob\u021bin: Doar c\u00e2teva persoane selecteaz\u0103:<br \/> Ame\u021beli<br \/> Somnolen\u021b\u0103<br \/> a doua zi, este posibil s\u0103 v\u0103 sim\u021bi\u021bi instabil pe picioare.<br \/> Dureri de cap<br \/> Confuzie<br \/> Insomnie (uitare de lucruri)<br \/> Nu v\u0103 alarma\u021bi de urm\u0103toarea list\u0103 de efecte adverse. Unii indivizi nu sufer\u0103 deloc efecte adverse, \u00een timp ce al\u021bii pot experimenta unele care nu sunt incluse aici. Dac\u0103 crede\u021bi c\u0103 este posibil s\u0103 ave\u021bi un efect secundar de la medica\u021bia dumneavoastr\u0103, consulta\u021bi-v\u0103 medicul, asistenta sau farmacistul.<\/p>\n<p>Este sigur pentru mine s\u0103 conduc sau s\u0103 merg cu bicicleta \u00een timp ce iau LEXOTANIL?<\/p>\n<p> Bromazepamul v\u0103 poate afecta capacitatea de a conduce vehicule \u0219i v\u0103 poate provoca ame\u021beli u\u0219oare \u0219i ame\u021beli.<\/p>\n<p>Ave\u021bi grij\u0103 c\u00e2nd conduce\u021bi vehicule sau folosi\u021bi utilaje p\u00e2n\u0103 c\u00e2nd \u0219ti\u021bi cum v\u0103 afecteaz\u0103 bromazepamul. Ar trebui s\u0103 fi\u021bi precaut, deoarece poate duce la \u00eencetinirea timpului de reac\u021bie.<\/p>\n","protected":false},"excerpt":{"rendered":"<p>Comprimatele Lexotanil Bromazepam 3mg pot fi achizi\u021bionate online. Bromazepam (Lexotanil) este un membru al clasei de medicamente benzodiazepine, care include antidepresive, agen\u021bi anti-panic\u0103 \u0219i relaxante musculare.<\/p>\n<p>Bromazepamul este o benzodiazepin\u0103 cu ac\u021biune scurt\u0103, cu debut lent, care este utilizat\u0103 frecvent. 8230; Tablet, 3 mg, oral, Alti-bromazepam 3mg Tablete, Cele mai bune medicamente globale<\/p>\n<p>Achizi\u021biona\u021bi Bromazepam online f\u0103r\u0103 prescrip\u021bie medical\u0103 | Cump\u0103ra\u021bi Lexotan 6mg online f\u0103r\u0103 prescrip\u021bie medical\u0103<\/p>\n<p>Bromazepamul (Lexotanil) este o benzodiazepin\u0103.<\/p>\n","protected":false},"featured_media":5252,"comment_status":"open","ping_status":"closed","template":"","meta":[],"product_brand":[],"product_cat":[1117],"product_tag":[1419,1421,1420,1422,1423,1424,1425,1428,1426,1427,1429,1430,1431,1432,1433,1434,1435,1436,1437,1438],"class_list":{"0":"post-5236","1":"product","2":"type-product","3":"status-publish","4":"has-post-thumbnail","6":"product_cat-cumparati-pastile-pentru-durere-somn-sex","7":"product_tag-3-mgs","8":"product_tag-3mg-klonopin","9":"product_tag-3mg","10":"product_tag-bromazepam","11":"product_tag-bromazepam-lexotanil","12":"product_tag-bromazepam-lexotanil-6mg-de-vnzare","13":"product_tag-bromazepam-lexotanil-de-vnzare","14":"product_tag-can-you-overdose-on-lexapro","15":"product_tag-cumpr-lexotanil-bromazepam","16":"product_tag-cumpr-lexotanil-bromazepam-din-canada","17":"product_tag-este-lexapro-a-benzodiazepine","18":"product_tag-lexapro-generic-name","19":"product_tag-lexatina","20":"product_tag-lexomil","21":"product_tag-lexotan","22":"product_tag-lexotan-3mg","23":"product_tag-lexotanil","24":"product_tag-lexotanil-bromazepam","25":"product_tag-lexotanil-bromazepam-3mg","26":"product_tag-comprimate-pastile-medicamente","28":"first","29":"instock","30":"shipping-taxable","31":"purchasable","32":"product-type-variable","33":"has-default-attributes"},"yoast_head":"<!-- This site is optimized with the Yoast SEO plugin v27.3 - https:\/\/yoast.com\/product\/yoast-seo-wordpress\/ -->\n<title>Cump\u0103ra\u021bi Lexotanil Bromazepam 3mg pastile online - Cele mai bune medicamente globale<\/title>\n<meta name=\"description\" content=\"Cump\u0103ra\u021bi Lexotanil Bromazepam 3mg pastile de v\u00e2nzare online \u00een Marea Britanie, Europa. Bromazepam (Lexotanil) face parte din grupul de medicamente cunoscut sub numele de benzodiazepine, o clas\u0103 de antidepresive, agen\u021bi anti-panic\u0103 \u0219i relaxante musculare.\" \/>\n<meta name=\"robots\" content=\"index, follow, max-snippet:-1, max-image-preview:large, max-video-preview:-1\" \/>\n<link rel=\"canonical\" href=\"https:\/\/medicinasinc.com\/ro\/product\/cumpara-lexotanil-bromazepam-3mg-pastile-online\/\" \/>\n<meta property=\"og:locale\" content=\"en_US\" \/>\n<meta property=\"og:type\" content=\"article\" \/>\n<meta property=\"og:title\" content=\"Cump\u0103ra\u021bi Lexotanil Bromazepam 3mg pastile online - Cele mai bune medicamente globale\" \/>\n<meta property=\"og:description\" content=\"Cump\u0103ra\u021bi Lexotanil Bromazepam 3mg pastile de v\u00e2nzare online \u00een Marea Britanie, Europa. Bromazepam (Lexotanil) face parte din grupul de medicamente cunoscut sub numele de benzodiazepine, o clas\u0103 de antidepresive, agen\u021bi anti-panic\u0103 \u0219i relaxante musculare.\" \/>\n<meta property=\"og:url\" content=\"https:\/\/medicinasinc.com\/ro\/product\/cumpara-lexotanil-bromazepam-3mg-pastile-online\/\" \/>\n<meta property=\"og:site_name\" content=\"Medicinas Inc\" \/>\n<meta property=\"article:modified_time\" content=\"2022-03-22T01:04:02+00:00\" \/>\n<meta property=\"og:image\" content=\"https:\/\/medicinasinc.com\/ro\/wp-content\/uploads\/sites\/11\/2022\/02\/Buy-Lexotan-Bromazepam-3mg.jpg\" \/>\n\t<meta property=\"og:image:width\" content=\"600\" \/>\n\t<meta property=\"og:image:height\" content=\"600\" \/>\n\t<meta property=\"og:image:type\" content=\"image\/jpeg\" \/>\n<meta name=\"twitter:card\" content=\"summary_large_image\" \/>\n<meta name=\"twitter:label1\" content=\"Est. reading time\" \/>\n\t<meta name=\"twitter:data1\" content=\"3 minutes\" \/>\n<script type=\"application\/ld+json\" class=\"yoast-schema-graph\">{\"@context\":\"https:\\\/\\\/schema.org\",\"@graph\":[{\"@type\":\"WebPage\",\"@id\":\"https:\\\/\\\/medicinasinc.com\\\/ro\\\/product\\\/cumpara-lexotanil-bromazepam-3mg-pastile-online\\\/\",\"url\":\"https:\\\/\\\/medicinasinc.com\\\/ro\\\/product\\\/cumpara-lexotanil-bromazepam-3mg-pastile-online\\\/\",\"name\":\"Cump\u0103ra\u021bi Lexotanil Bromazepam 3mg pastile online - Cele mai bune medicamente globale\",\"isPartOf\":{\"@id\":\"https:\\\/\\\/medicinasinc.com\\\/ro\\\/#website\"},\"primaryImageOfPage\":{\"@id\":\"https:\\\/\\\/medicinasinc.com\\\/ro\\\/product\\\/cumpara-lexotanil-bromazepam-3mg-pastile-online\\\/#primaryimage\"},\"image\":{\"@id\":\"https:\\\/\\\/medicinasinc.com\\\/ro\\\/product\\\/cumpara-lexotanil-bromazepam-3mg-pastile-online\\\/#primaryimage\"},\"thumbnailUrl\":\"https:\\\/\\\/medicinasinc.com\\\/ro\\\/wp-content\\\/uploads\\\/sites\\\/11\\\/2022\\\/02\\\/Buy-Lexotan-Bromazepam-3mg.jpg\",\"datePublished\":\"2022-02-20T22:23:28+00:00\",\"dateModified\":\"2022-03-22T01:04:02+00:00\",\"description\":\"Cump\u0103ra\u021bi Lexotanil Bromazepam 3mg pastile de v\u00e2nzare online \u00een Marea Britanie, Europa. Bromazepam (Lexotanil) face parte din grupul de medicamente cunoscut sub numele de benzodiazepine, o clas\u0103 de antidepresive, agen\u021bi anti-panic\u0103 \u0219i relaxante musculare.\",\"breadcrumb\":{\"@id\":\"https:\\\/\\\/medicinasinc.com\\\/ro\\\/product\\\/cumpara-lexotanil-bromazepam-3mg-pastile-online\\\/#breadcrumb\"},\"inLanguage\":\"en-US\",\"potentialAction\":[{\"@type\":\"ReadAction\",\"target\":[\"https:\\\/\\\/medicinasinc.com\\\/ro\\\/product\\\/cumpara-lexotanil-bromazepam-3mg-pastile-online\\\/\"]}]},{\"@type\":\"ImageObject\",\"inLanguage\":\"en-US\",\"@id\":\"https:\\\/\\\/medicinasinc.com\\\/ro\\\/product\\\/cumpara-lexotanil-bromazepam-3mg-pastile-online\\\/#primaryimage\",\"url\":\"https:\\\/\\\/medicinasinc.com\\\/ro\\\/wp-content\\\/uploads\\\/sites\\\/11\\\/2022\\\/02\\\/Buy-Lexotan-Bromazepam-3mg.jpg\",\"contentUrl\":\"https:\\\/\\\/medicinasinc.com\\\/ro\\\/wp-content\\\/uploads\\\/sites\\\/11\\\/2022\\\/02\\\/Buy-Lexotan-Bromazepam-3mg.jpg\",\"width\":600,\"height\":600},{\"@type\":\"BreadcrumbList\",\"@id\":\"https:\\\/\\\/medicinasinc.com\\\/ro\\\/product\\\/cumpara-lexotanil-bromazepam-3mg-pastile-online\\\/#breadcrumb\",\"itemListElement\":[{\"@type\":\"ListItem\",\"position\":1,\"name\":\"Magazin\",\"item\":\"https:\\\/\\\/medicinasinc.com\\\/ro\\\/magazin\\\/\"},{\"@type\":\"ListItem\",\"position\":2,\"name\":\"Cump\u0103ra\u021bi online Lexotanil Bromazepam 3mg pastile\"}]},{\"@type\":\"WebSite\",\"@id\":\"https:\\\/\\\/medicinasinc.com\\\/ro\\\/#website\",\"url\":\"https:\\\/\\\/medicinasinc.com\\\/ro\\\/\",\"name\":\"Medicinas Inc\",\"description\":\"Health Medical Clinic\",\"potentialAction\":[{\"@type\":\"SearchAction\",\"target\":{\"@type\":\"EntryPoint\",\"urlTemplate\":\"https:\\\/\\\/medicinasinc.com\\\/ro\\\/?s={search_term_string}\"},\"query-input\":{\"@type\":\"PropertyValueSpecification\",\"valueRequired\":true,\"valueName\":\"search_term_string\"}}],\"inLanguage\":\"en-US\"}]}<\/script>\n<!-- \/ Yoast SEO plugin. -->","yoast_head_json":{"title":"Cump\u0103ra\u021bi Lexotanil Bromazepam 3mg pastile online - Cele mai bune medicamente globale","description":"Cump\u0103ra\u021bi Lexotanil Bromazepam 3mg pastile de v\u00e2nzare online \u00een Marea Britanie, Europa. Bromazepam (Lexotanil) face parte din grupul de medicamente cunoscut sub numele de benzodiazepine, o clas\u0103 de antidepresive, agen\u021bi anti-panic\u0103 \u0219i relaxante musculare.","robots":{"index":"index","follow":"follow","max-snippet":"max-snippet:-1","max-image-preview":"max-image-preview:large","max-video-preview":"max-video-preview:-1"},"canonical":"https:\/\/medicinasinc.com\/ro\/product\/cumpara-lexotanil-bromazepam-3mg-pastile-online\/","og_locale":"en_US","og_type":"article","og_title":"Cump\u0103ra\u021bi Lexotanil Bromazepam 3mg pastile online - Cele mai bune medicamente globale","og_description":"Cump\u0103ra\u021bi Lexotanil Bromazepam 3mg pastile de v\u00e2nzare online \u00een Marea Britanie, Europa. Bromazepam (Lexotanil) face parte din grupul de medicamente cunoscut sub numele de benzodiazepine, o clas\u0103 de antidepresive, agen\u021bi anti-panic\u0103 \u0219i relaxante musculare.","og_url":"https:\/\/medicinasinc.com\/ro\/product\/cumpara-lexotanil-bromazepam-3mg-pastile-online\/","og_site_name":"Medicinas Inc","article_modified_time":"2022-03-22T01:04:02+00:00","og_image":[{"width":600,"height":600,"url":"https:\/\/medicinasinc.com\/ro\/wp-content\/uploads\/sites\/11\/2022\/02\/Buy-Lexotan-Bromazepam-3mg.jpg","type":"image\/jpeg"}],"twitter_card":"summary_large_image","twitter_misc":{"Est. reading time":"3 minutes"},"schema":{"@context":"https:\/\/schema.org","@graph":[{"@type":"WebPage","@id":"https:\/\/medicinasinc.com\/ro\/product\/cumpara-lexotanil-bromazepam-3mg-pastile-online\/","url":"https:\/\/medicinasinc.com\/ro\/product\/cumpara-lexotanil-bromazepam-3mg-pastile-online\/","name":"Cump\u0103ra\u021bi Lexotanil Bromazepam 3mg pastile online - Cele mai bune medicamente globale","isPartOf":{"@id":"https:\/\/medicinasinc.com\/ro\/#website"},"primaryImageOfPage":{"@id":"https:\/\/medicinasinc.com\/ro\/product\/cumpara-lexotanil-bromazepam-3mg-pastile-online\/#primaryimage"},"image":{"@id":"https:\/\/medicinasinc.com\/ro\/product\/cumpara-lexotanil-bromazepam-3mg-pastile-online\/#primaryimage"},"thumbnailUrl":"https:\/\/medicinasinc.com\/ro\/wp-content\/uploads\/sites\/11\/2022\/02\/Buy-Lexotan-Bromazepam-3mg.jpg","datePublished":"2022-02-20T22:23:28+00:00","dateModified":"2022-03-22T01:04:02+00:00","description":"Cump\u0103ra\u021bi Lexotanil Bromazepam 3mg pastile de v\u00e2nzare online \u00een Marea Britanie, Europa. Bromazepam (Lexotanil) face parte din grupul de medicamente cunoscut sub numele de benzodiazepine, o clas\u0103 de antidepresive, agen\u021bi anti-panic\u0103 \u0219i relaxante musculare.","breadcrumb":{"@id":"https:\/\/medicinasinc.com\/ro\/product\/cumpara-lexotanil-bromazepam-3mg-pastile-online\/#breadcrumb"},"inLanguage":"en-US","potentialAction":[{"@type":"ReadAction","target":["https:\/\/medicinasinc.com\/ro\/product\/cumpara-lexotanil-bromazepam-3mg-pastile-online\/"]}]},{"@type":"ImageObject","inLanguage":"en-US","@id":"https:\/\/medicinasinc.com\/ro\/product\/cumpara-lexotanil-bromazepam-3mg-pastile-online\/#primaryimage","url":"https:\/\/medicinasinc.com\/ro\/wp-content\/uploads\/sites\/11\/2022\/02\/Buy-Lexotan-Bromazepam-3mg.jpg","contentUrl":"https:\/\/medicinasinc.com\/ro\/wp-content\/uploads\/sites\/11\/2022\/02\/Buy-Lexotan-Bromazepam-3mg.jpg","width":600,"height":600},{"@type":"BreadcrumbList","@id":"https:\/\/medicinasinc.com\/ro\/product\/cumpara-lexotanil-bromazepam-3mg-pastile-online\/#breadcrumb","itemListElement":[{"@type":"ListItem","position":1,"name":"Magazin","item":"https:\/\/medicinasinc.com\/ro\/magazin\/"},{"@type":"ListItem","position":2,"name":"Cump\u0103ra\u021bi online Lexotanil Bromazepam 3mg pastile"}]},{"@type":"WebSite","@id":"https:\/\/medicinasinc.com\/ro\/#website","url":"https:\/\/medicinasinc.com\/ro\/","name":"Medicinas Inc","description":"Health Medical Clinic","potentialAction":[{"@type":"SearchAction","target":{"@type":"EntryPoint","urlTemplate":"https:\/\/medicinasinc.com\/ro\/?s={search_term_string}"},"query-input":{"@type":"PropertyValueSpecification","valueRequired":true,"valueName":"search_term_string"}}],"inLanguage":"en-US"}]}},"_links":{"self":[{"href":"https:\/\/medicinasinc.com\/ro\/wp-json\/wp\/v2\/product\/5236","targetHints":{"allow":["GET"]}}],"collection":[{"href":"https:\/\/medicinasinc.com\/ro\/wp-json\/wp\/v2\/product"}],"about":[{"href":"https:\/\/medicinasinc.com\/ro\/wp-json\/wp\/v2\/types\/product"}],"replies":[{"embeddable":true,"href":"https:\/\/medicinasinc.com\/ro\/wp-json\/wp\/v2\/comments?post=5236"}],"wp:featuredmedia":[{"embeddable":true,"href":"https:\/\/medicinasinc.com\/ro\/wp-json\/wp\/v2\/media\/5252"}],"wp:attachment":[{"href":"https:\/\/medicinasinc.com\/ro\/wp-json\/wp\/v2\/media?parent=5236"}],"wp:term":[{"taxonomy":"product_brand","embeddable":true,"href":"https:\/\/medicinasinc.com\/ro\/wp-json\/wp\/v2\/product_brand?post=5236"},{"taxonomy":"product_cat","embeddable":true,"href":"https:\/\/medicinasinc.com\/ro\/wp-json\/wp\/v2\/product_cat?post=5236"},{"taxonomy":"product_tag","embeddable":true,"href":"https:\/\/medicinasinc.com\/ro\/wp-json\/wp\/v2\/product_tag?post=5236"}],"curies":[{"name":"wp","href":"https:\/\/api.w.org\/{rel}","templated":true}]}}