{"id":5209,"date":"2022-02-20T21:59:55","date_gmt":"2022-02-20T21:59:55","guid":{"rendered":"https:\/\/medicinasinc.com\/ro\/?post_type=product&#038;p=5209"},"modified":"2022-03-22T01:04:11","modified_gmt":"2022-03-22T01:04:11","slug":"cumpara-klonopin-2-mg","status":"publish","type":"product","link":"https:\/\/medicinasinc.com\/ro\/product\/cumpara-klonopin-2-mg\/","title":{"rendered":"Cump\u0103ra\u021bi Klonopin 2 mg"},"content":{"rendered":"<p>Online, pute\u021bi cump\u0103ra pastile Klonopin 2 mg spre v\u00e2nzare la un pre\u021b mic.<\/p>\n<p>Klonopin este un adev\u0103rat elixir care v\u0103 va ajuta s\u0103 v\u0103 rezolva\u021bi problemele. De asemenea, v\u0103 va face s\u0103 v\u0103 sim\u021bi\u021bi mai bine.<\/p>\n<p>Klonopin este un sedativ \u0219i anticonvulsivant cu benzodiazepin\u0103 \u0219i poate ajuta oamenii s\u0103 se relaxeze \u0219i s\u0103 nu mai aib\u0103 convulsii. Este folosit mai ales pentru a trata tulbur\u0103rile de anxietate, cum ar fi tulburarea de panic\u0103.<\/p>\n<p>Arunc\u0103 o privire mai atent\u0103 la Klonopin acum.<\/p>\n<p>Klonopin este singura benzodiazepin\u0103 pe care FDA a aprobat-o pentru a trata tulburarea de panic\u0103. . Mul\u021bi oameni folosesc Klonopin pentru a trata anxietatea, agita\u021bia, mania acut\u0103 (\u00een combina\u021bie cu alte medicamente) \u0219i pentru a opri rapid convulsiile. Utilizare: Este utilizat ca un medicament anticonvulsivant pe termen lung, ca un somnifer, pentru a trata durerile nervoase.<\/p>\n<p>Ele pot fi calmi, poate mari \u0219i pu\u021bin obosi\u021bi dup\u0103 ce au luat Klonopin. Efectele secundare variaz\u0103 de la persoan\u0103 la persoan\u0103 \u0219i se bazeaz\u0103 pe c\u00e2t de mult lua\u021bi. \u00cen cele mai multe cazuri, Klonopin este administrat de dou\u0103 ori pe zi, pentru aproximativ 0,25 mg p\u00e2n\u0103 la 2 mg. Persoanele cu epilepsie pot lua p\u00e2n\u0103 la 20 mg pe zi.<\/p>\n<p>A\u0219a func\u021bioneaz\u0103 Klonopin: afecteaz\u0103 neurotransmi\u021b\u0103torul GABA, care este un antidot. Deoarece Klonopin face at\u00e2t de multe lucruri simultan, \u00eencetine\u0219te creierul prin reducerea capacit\u0103\u021bii nervilor de a trimite impulsuri. Ca urmare a activit\u0103\u021bii mai reduse, oamenii devin mai pu\u021bin anxio\u0219i, iar \u0219ansa de a avea o convulsie scade, de asemenea.<\/p>\n<p>\u00cen medicin\u0103, Klonopin este utilizat pentru a trata crizele \u0219i atacurile de panic\u0103. Poate fi folosit \u0219i ca hipnotic pentru a trata tulbur\u0103rile de anxietate, tulburarea de panic\u0103 \u0219i durerea. Utilizarea benzodiazepinei va ajuta la oprirea convulsiilor \u0219i la readucerea activit\u0103\u021bii creierului la normal. Acest lucru poate ajuta, de asemenea, cu durerea, \u00een special durerea neuropat\u0103, deoarece \u00eengreuneaz\u0103 neuronii s\u0103 trimit\u0103 semnale de durere, ceea ce \u00eei face mai pu\u021bin sensibili.<\/p>\n<p>Lucruri despre care s\u0103 discuta\u021bi cu medicul \u00eenainte de a lua Klonopin<\/p>\n<p>Ar trebui s\u0103 spune\u021bi medicului dumneavoastr\u0103 dac\u0103:<\/p>\n<p>Cel pu\u021bin una dintre aceste afec\u021biuni:<\/p>\n<p>\u2022 probleme cu ficatul<\/p>\n<p>\u2022 abuz de alcool sau droguri, fie \u00een prezent, fie \u00een trecut;<\/p>\n<p>Persoane care au astm, bron\u0219it\u0103, emfizem sau alte boli respiratorii;<\/p>\n<p>\u2022 triste\u021be sau g\u00e2nduri de sinucidere.<\/p>\n<p>A multe persoane care sufer\u0103 de bolile de mai sus nu pot lua Klonopin sau vor trebui s\u0103 ia o doz\u0103 mai mic\u0103 de medicament \u0219i s\u0103 fie examinate de medicul lor.<\/p>\n<p>Dac\u0103 ave\u021bi peste 60 de ani, \u0219ansele ca efectele secundare ale medicamentului sunt foarte mari. Din acest motiv, doza dumneavoastr\u0103 de Klonopin ar trebui s\u0103 fie modificat\u0103 \u00een func\u021bie de s\u0103n\u0103tatea dumneavoastr\u0103.<\/p>\n<p>Pentru utilizare:<\/p>\n<p>Klonopin ar trebui s\u0103 fie luat numai \u00een modul \u00een care v\u0103 spune medicul. Adresa\u021bi-v\u0103 medicului dumneavoastr\u0103 sau farmacistului pentru sfaturi despre cum s\u0103 \u00eel utiliza\u021bi. C\u00e2nd iei pilula, ar trebui s\u0103 bei tot. Nu lua\u021bi mai mult dec\u00e2t v-a spus medicul dumneavoastr\u0103. \u00cenainte de a termina de administrat produsul, discuta\u021bi cu medicul dumneavoastr\u0103.<\/p>\n<p>Uita\u021bi-v\u0103 la ce se \u00eent\u00e2mpl\u0103 c\u00e2nd lua\u021bi prea mult medicament.<\/p>\n<p>\u00cen cazul unei supradoze, suna\u021bi corect un medic. departe.<\/p>\n<p>Semne ale unei supradoze:<\/p>\n<p>somnolen\u021b\u0103, ame\u021beli, confuzie, b\u0103t\u0103i lente ale inimii, simptome asem\u0103n\u0103toare alcoolului \u0219i pierderea con\u0219tien\u021bei sunt toate semne ale alcoolismului.<\/p>\n<p>Dac\u0103 cineva ia prea mult medicament, se efectueaz\u0103 sp\u0103larea gastric\u0103 \u0219i tratamentul pentru efectele secundare.<\/p>\n<p>C\u00e2nd conduce\u021bi vehicule, folosi\u021bi utilaje sau face\u021bi alte activit\u0103\u021bi care ar putea fi periculoase, ave\u021bi grij\u0103.<\/p>\n<p> p&gt; <\/p>\n<p>\u00cen caz de somnolen\u021b\u0103 sau ame\u021beli, nu trebuie s\u0103 face\u021bi astfel de lucruri.<\/p>\n<p>Alcoolul nu trebuie amestecat cu Klonopin. Alcoolul face ca Klonopin s\u0103 provoace reac\u021bii adverse grave. Ca urmare, exist\u0103 o \u0219ans\u0103 mai mare de a avea \u0219i convulsii.<\/p>\n<p>Ce are Klonopin?<\/p>\n<p>alergie: dificult\u0103\u021bi de respira\u021bie, umflarea buzelor, fe\u021bei, limbii sau erup\u021bie cutanat\u0103 <\/p>\n<p>Exist\u0103, de asemenea, \u0219ansa ca alte reac\u021bii adverse mai pu\u021bin grave s\u0103 apar\u0103.<\/p>\n<p>Continua\u021bi s\u0103 lua\u021bi medicamentul \u0219i spune\u021bi medicului dumneavoastr\u0103 dac\u0103 ave\u021bi:<\/p>\n<p>Somnolen\u021b\u0103 ; ame\u021beli sau mi\u0219c\u0103ri incomode; depresie; ame\u021beli, grea\u021b\u0103, diaree sau constipa\u021bie; dificult\u0103\u021bi de urinare, co\u0219maruri, dureri de cap, gur\u0103 uscat\u0103, o sc\u0103dere a dorin\u021bei sexuale \u0219i modific\u0103ri ale comportamentului sunt toate semne de depresie.<\/p>\n<p>Dozajul \u0219i modul \u00een care se face<\/p>\n<p>Terapia cu Klonopin \u00eencepe cu doze mici \u0219i le cre\u0219te treptat pentru a ob\u021bine cele mai bune rezultate. Deoarece fiecare persoan\u0103 are o condi\u021bie \u0219i o reac\u021bie diferit\u0103 a corpului la administrarea unui medicament, doza este adaptat\u0103 nevoilor sale. Cea mai frecvent\u0103 doz\u0103 de Klonopin este de 0,5 mg de trei ori pe zi. Dac\u0103 efectul terapeutic nu este atins, doza poate fi crescut\u0103 la fiecare a treia zi de terapie p\u00e2n\u0103 c\u00e2nd este.<\/p>\n<p>C\u00e2nd medicamentul este luat \u00een doze mari, mai ales pe o perioad\u0103 lung\u0103 de timp, poate provoca probleme cu articula\u021bia, diplopie, nistagmus, reac\u021bii paradoxale (cum ar fi excitarea brusc\u0103) \u0219i amnezie anterograd\u0103. De c\u00e2teva ori o persoan\u0103 are o reac\u021bie de hipersensibilitate, sl\u0103biciune muscular\u0103 sau depresie. Persoanele cu anumite tipuri de epilepsie pot avea mai multe convulsii dac\u0103 primesc tratament pentru o perioad\u0103 lung\u0103 de timp.<\/p>\n","protected":false},"excerpt":{"rendered":"<p>Cump\u0103ra\u021bi pastile Klonopin 2 mg pentru v\u00e2nzare \u00een Marea Britanie, Europa \u0219i \u00een restul lumii. Klonopin (Clonazepam) poate ajuta persoanele cu convulsii, tulburare de panic\u0103 \u0219i anxietate. Benzodiazepinele sunt medicamente care te fac s\u0103 te sim\u021bi calm.<\/p>\n<p>Clonazepam klonopin 2mg poate fi cump\u0103rat online la cel mai bun pre\u021b \u00een cel mai bun loc. Best Global Meds este o farmacie online bine-cunoscut\u0103 care vinde numai medicamente legale. C\u00e2nd comanda\u021bi online, pute\u021bi economisi bani \u0219i timp.<\/p>\n<p>Marea Britanie, Europa: vreau Klonopin de v\u00e2nzare. Exist\u0103 locuri \u00een Europa de unde pute\u021bi cump\u0103ra clonazepam online \u0219i pute\u021bi cump\u0103ra klonopin 2 mg comprimate.<\/p>\n","protected":false},"featured_media":5228,"comment_status":"open","ping_status":"closed","template":"","meta":[],"product_brand":[],"product_cat":[1117],"product_tag":[1370,1371,1373,1379,1382,1378,1380,1381,1383,1416,1415,1375,1414,1392,1395,1413,1404,1384,1386,1385,1387,1377,1388,1389,1390,1391,1372,1394,1398,1376,1399,1400,1396,1397,1403,1393,1406,1407,1408,1409,1412,1417,1401,1374,1411,1410,1402,1405,1418],"class_list":{"0":"post-5209","1":"product","2":"type-product","3":"status-publish","4":"has-post-thumbnail","6":"product_cat-cumparati-pastile-pentru-durere-somn-sex","7":"product_tag-1-mg-klonopin","8":"product_tag-ativan-vs-klonopin","9":"product_tag-blue-klonopin-2mg","10":"product_tag-ct-ine-klonopin-ul","11":"product_tag-ct-de-timp-du-klonopin-la-slujb","12":"product_tag-ct-i-ar-dura-pentru-clonopin-pentru-kick-in","13":"product_tag-ct-de-timp-rmne-klonopin-n-sistemul-voastr","14":"product_tag-ct-de-timp-resta-klonopin-n-urin","15":"product_tag-cate-ore-intre-doze-de-klonopin","16":"product_tag-ce-este-klonopin","17":"product_tag-ce-este-o-doza-mare-de-klonopin","18":"product_tag-clonazepam-klonopin-orange-pill-1-2","19":"product_tag-cum-arata-klonopin","20":"product_tag-klonopin-dependenta","21":"product_tag-klonopin-doze","22":"product_tag-efecte-secundare-ale-klonopin","23":"product_tag-klonopin-efecte-secundare","24":"product_tag-este-1mg-de-klonopin-o-doz-mic","25":"product_tag-este-klonopin-o-substan-controlat","26":"product_tag-este-klonopin-a-benzo","27":"product_tag-este-klonopin-un-narcotic","28":"product_tag-half-life-of-klonopin","29":"product_tag-klonopin","30":"product_tag-klonopin-10-mg","31":"product_tag-klonopin-1mg","32":"product_tag-klonopin-2-mg","33":"product_tag-albastru-klonopin","34":"product_tag-klonopin-dosage","35":"product_tag-klonopin-generic","36":"product_tag-generic-klonopin","37":"product_tag-klonopin-half-life","38":"product_tag-klonopin-high","39":"product_tag-klonopin-pentru-anxietate","40":"product_tag-klonopin-pentru-somn","41":"product_tag-klonopin-pill","42":"product_tag-klonopin-c8i-alcool","43":"product_tag-klonopin-vs-tivan","44":"product_tag-klonopin-vs-valium","45":"product_tag-klonopin-vs-xanax","46":"product_tag-klonopin-vs-xanax-reddit","47":"product_tag-klonopin-withdrawal-symptoms","48":"product_tag-la-ce-este-utilizat-klonopin-ul","49":"product_tag-klonopin-medicament","50":"product_tag-poti-lua-klonopin-pe-o-viata","51":"product_tag-klonopin-retragere","52":"product_tag-klonopin-scdere-n-greutate","53":"product_tag-klonopin-suprdozaj","54":"product_tag-klonopin-utilizri","55":"product_tag-xanax-vs-klonopin","57":"first","58":"instock","59":"shipping-taxable","60":"purchasable","61":"product-type-variable","62":"has-default-attributes"},"yoast_head":"<!-- This site is optimized with the Yoast SEO plugin v27.3 - https:\/\/yoast.com\/product\/yoast-seo-wordpress\/ -->\n<title>Cump\u0103ra\u021bi Klonopin 2 mg - Vanzare online Klonopin - Cele mai bune medicamente globale<\/title>\n<meta name=\"description\" content=\"Cump\u0103ra\u021bi pastile Klonopin 2 mg pentru v\u00e2nzare online \u00een Marea Britanie, Europa. Klonopin (Clonazepam) trateaz\u0103 convulsii, tulburarea de panic\u0103 \u0219i anxietatea. Acest medicament este o benzodiazepin\u0103.\" \/>\n<meta name=\"robots\" content=\"index, follow, max-snippet:-1, max-image-preview:large, max-video-preview:-1\" \/>\n<link rel=\"canonical\" href=\"https:\/\/medicinasinc.com\/ro\/product\/cumpara-klonopin-2-mg\/\" \/>\n<meta property=\"og:locale\" content=\"en_US\" \/>\n<meta property=\"og:type\" content=\"article\" \/>\n<meta property=\"og:title\" content=\"Cump\u0103ra\u021bi Klonopin 2 mg - Vanzare online Klonopin - Cele mai bune medicamente globale\" \/>\n<meta property=\"og:description\" content=\"Cump\u0103ra\u021bi pastile Klonopin 2 mg pentru v\u00e2nzare online \u00een Marea Britanie, Europa. Klonopin (Clonazepam) trateaz\u0103 convulsii, tulburarea de panic\u0103 \u0219i anxietatea. Acest medicament este o benzodiazepin\u0103.\" \/>\n<meta property=\"og:url\" content=\"https:\/\/medicinasinc.com\/ro\/product\/cumpara-klonopin-2-mg\/\" \/>\n<meta property=\"og:site_name\" content=\"Medicinas Inc\" \/>\n<meta property=\"article:modified_time\" content=\"2022-03-22T01:04:11+00:00\" \/>\n<meta property=\"og:image\" content=\"https:\/\/medicinasinc.com\/ro\/wp-content\/uploads\/sites\/11\/2022\/02\/Buy-Klonopin-2-mg.jpeg\" \/>\n\t<meta property=\"og:image:width\" content=\"236\" \/>\n\t<meta property=\"og:image:height\" content=\"296\" \/>\n\t<meta property=\"og:image:type\" content=\"image\/jpeg\" \/>\n<meta name=\"twitter:card\" content=\"summary_large_image\" \/>\n<meta name=\"twitter:label1\" content=\"Est. reading time\" \/>\n\t<meta name=\"twitter:data1\" content=\"4 minutes\" \/>\n<script type=\"application\/ld+json\" class=\"yoast-schema-graph\">{\"@context\":\"https:\\\/\\\/schema.org\",\"@graph\":[{\"@type\":\"WebPage\",\"@id\":\"https:\\\/\\\/medicinasinc.com\\\/ro\\\/product\\\/cumpara-klonopin-2-mg\\\/\",\"url\":\"https:\\\/\\\/medicinasinc.com\\\/ro\\\/product\\\/cumpara-klonopin-2-mg\\\/\",\"name\":\"Cump\u0103ra\u021bi Klonopin 2 mg - Vanzare online Klonopin - Cele mai bune medicamente globale\",\"isPartOf\":{\"@id\":\"https:\\\/\\\/medicinasinc.com\\\/ro\\\/#website\"},\"primaryImageOfPage\":{\"@id\":\"https:\\\/\\\/medicinasinc.com\\\/ro\\\/product\\\/cumpara-klonopin-2-mg\\\/#primaryimage\"},\"image\":{\"@id\":\"https:\\\/\\\/medicinasinc.com\\\/ro\\\/product\\\/cumpara-klonopin-2-mg\\\/#primaryimage\"},\"thumbnailUrl\":\"https:\\\/\\\/medicinasinc.com\\\/ro\\\/wp-content\\\/uploads\\\/sites\\\/11\\\/2022\\\/02\\\/Buy-Klonopin-2-mg.jpeg\",\"datePublished\":\"2022-02-20T21:59:55+00:00\",\"dateModified\":\"2022-03-22T01:04:11+00:00\",\"description\":\"Cump\u0103ra\u021bi pastile Klonopin 2 mg pentru v\u00e2nzare online \u00een Marea Britanie, Europa. Klonopin (Clonazepam) trateaz\u0103 convulsii, tulburarea de panic\u0103 \u0219i anxietatea. Acest medicament este o benzodiazepin\u0103.\",\"breadcrumb\":{\"@id\":\"https:\\\/\\\/medicinasinc.com\\\/ro\\\/product\\\/cumpara-klonopin-2-mg\\\/#breadcrumb\"},\"inLanguage\":\"en-US\",\"potentialAction\":[{\"@type\":\"ReadAction\",\"target\":[\"https:\\\/\\\/medicinasinc.com\\\/ro\\\/product\\\/cumpara-klonopin-2-mg\\\/\"]}]},{\"@type\":\"ImageObject\",\"inLanguage\":\"en-US\",\"@id\":\"https:\\\/\\\/medicinasinc.com\\\/ro\\\/product\\\/cumpara-klonopin-2-mg\\\/#primaryimage\",\"url\":\"https:\\\/\\\/medicinasinc.com\\\/ro\\\/wp-content\\\/uploads\\\/sites\\\/11\\\/2022\\\/02\\\/Buy-Klonopin-2-mg.jpeg\",\"contentUrl\":\"https:\\\/\\\/medicinasinc.com\\\/ro\\\/wp-content\\\/uploads\\\/sites\\\/11\\\/2022\\\/02\\\/Buy-Klonopin-2-mg.jpeg\",\"width\":236,\"height\":296},{\"@type\":\"BreadcrumbList\",\"@id\":\"https:\\\/\\\/medicinasinc.com\\\/ro\\\/product\\\/cumpara-klonopin-2-mg\\\/#breadcrumb\",\"itemListElement\":[{\"@type\":\"ListItem\",\"position\":1,\"name\":\"Magazin\",\"item\":\"https:\\\/\\\/medicinasinc.com\\\/ro\\\/magazin\\\/\"},{\"@type\":\"ListItem\",\"position\":2,\"name\":\"Cump\u0103ra\u021bi Klonopin 2 mg\"}]},{\"@type\":\"WebSite\",\"@id\":\"https:\\\/\\\/medicinasinc.com\\\/ro\\\/#website\",\"url\":\"https:\\\/\\\/medicinasinc.com\\\/ro\\\/\",\"name\":\"Medicinas Inc\",\"description\":\"Health Medical Clinic\",\"potentialAction\":[{\"@type\":\"SearchAction\",\"target\":{\"@type\":\"EntryPoint\",\"urlTemplate\":\"https:\\\/\\\/medicinasinc.com\\\/ro\\\/?s={search_term_string}\"},\"query-input\":{\"@type\":\"PropertyValueSpecification\",\"valueRequired\":true,\"valueName\":\"search_term_string\"}}],\"inLanguage\":\"en-US\"}]}<\/script>\n<!-- \/ Yoast SEO plugin. -->","yoast_head_json":{"title":"Cump\u0103ra\u021bi Klonopin 2 mg - Vanzare online Klonopin - Cele mai bune medicamente globale","description":"Cump\u0103ra\u021bi pastile Klonopin 2 mg pentru v\u00e2nzare online \u00een Marea Britanie, Europa. Klonopin (Clonazepam) trateaz\u0103 convulsii, tulburarea de panic\u0103 \u0219i anxietatea. Acest medicament este o benzodiazepin\u0103.","robots":{"index":"index","follow":"follow","max-snippet":"max-snippet:-1","max-image-preview":"max-image-preview:large","max-video-preview":"max-video-preview:-1"},"canonical":"https:\/\/medicinasinc.com\/ro\/product\/cumpara-klonopin-2-mg\/","og_locale":"en_US","og_type":"article","og_title":"Cump\u0103ra\u021bi Klonopin 2 mg - Vanzare online Klonopin - Cele mai bune medicamente globale","og_description":"Cump\u0103ra\u021bi pastile Klonopin 2 mg pentru v\u00e2nzare online \u00een Marea Britanie, Europa. Klonopin (Clonazepam) trateaz\u0103 convulsii, tulburarea de panic\u0103 \u0219i anxietatea. Acest medicament este o benzodiazepin\u0103.","og_url":"https:\/\/medicinasinc.com\/ro\/product\/cumpara-klonopin-2-mg\/","og_site_name":"Medicinas Inc","article_modified_time":"2022-03-22T01:04:11+00:00","og_image":[{"width":236,"height":296,"url":"https:\/\/medicinasinc.com\/ro\/wp-content\/uploads\/sites\/11\/2022\/02\/Buy-Klonopin-2-mg.jpeg","type":"image\/jpeg"}],"twitter_card":"summary_large_image","twitter_misc":{"Est. reading time":"4 minutes"},"schema":{"@context":"https:\/\/schema.org","@graph":[{"@type":"WebPage","@id":"https:\/\/medicinasinc.com\/ro\/product\/cumpara-klonopin-2-mg\/","url":"https:\/\/medicinasinc.com\/ro\/product\/cumpara-klonopin-2-mg\/","name":"Cump\u0103ra\u021bi Klonopin 2 mg - Vanzare online Klonopin - Cele mai bune medicamente globale","isPartOf":{"@id":"https:\/\/medicinasinc.com\/ro\/#website"},"primaryImageOfPage":{"@id":"https:\/\/medicinasinc.com\/ro\/product\/cumpara-klonopin-2-mg\/#primaryimage"},"image":{"@id":"https:\/\/medicinasinc.com\/ro\/product\/cumpara-klonopin-2-mg\/#primaryimage"},"thumbnailUrl":"https:\/\/medicinasinc.com\/ro\/wp-content\/uploads\/sites\/11\/2022\/02\/Buy-Klonopin-2-mg.jpeg","datePublished":"2022-02-20T21:59:55+00:00","dateModified":"2022-03-22T01:04:11+00:00","description":"Cump\u0103ra\u021bi pastile Klonopin 2 mg pentru v\u00e2nzare online \u00een Marea Britanie, Europa. Klonopin (Clonazepam) trateaz\u0103 convulsii, tulburarea de panic\u0103 \u0219i anxietatea. Acest medicament este o benzodiazepin\u0103.","breadcrumb":{"@id":"https:\/\/medicinasinc.com\/ro\/product\/cumpara-klonopin-2-mg\/#breadcrumb"},"inLanguage":"en-US","potentialAction":[{"@type":"ReadAction","target":["https:\/\/medicinasinc.com\/ro\/product\/cumpara-klonopin-2-mg\/"]}]},{"@type":"ImageObject","inLanguage":"en-US","@id":"https:\/\/medicinasinc.com\/ro\/product\/cumpara-klonopin-2-mg\/#primaryimage","url":"https:\/\/medicinasinc.com\/ro\/wp-content\/uploads\/sites\/11\/2022\/02\/Buy-Klonopin-2-mg.jpeg","contentUrl":"https:\/\/medicinasinc.com\/ro\/wp-content\/uploads\/sites\/11\/2022\/02\/Buy-Klonopin-2-mg.jpeg","width":236,"height":296},{"@type":"BreadcrumbList","@id":"https:\/\/medicinasinc.com\/ro\/product\/cumpara-klonopin-2-mg\/#breadcrumb","itemListElement":[{"@type":"ListItem","position":1,"name":"Magazin","item":"https:\/\/medicinasinc.com\/ro\/magazin\/"},{"@type":"ListItem","position":2,"name":"Cump\u0103ra\u021bi Klonopin 2 mg"}]},{"@type":"WebSite","@id":"https:\/\/medicinasinc.com\/ro\/#website","url":"https:\/\/medicinasinc.com\/ro\/","name":"Medicinas Inc","description":"Health Medical Clinic","potentialAction":[{"@type":"SearchAction","target":{"@type":"EntryPoint","urlTemplate":"https:\/\/medicinasinc.com\/ro\/?s={search_term_string}"},"query-input":{"@type":"PropertyValueSpecification","valueRequired":true,"valueName":"search_term_string"}}],"inLanguage":"en-US"}]}},"_links":{"self":[{"href":"https:\/\/medicinasinc.com\/ro\/wp-json\/wp\/v2\/product\/5209","targetHints":{"allow":["GET"]}}],"collection":[{"href":"https:\/\/medicinasinc.com\/ro\/wp-json\/wp\/v2\/product"}],"about":[{"href":"https:\/\/medicinasinc.com\/ro\/wp-json\/wp\/v2\/types\/product"}],"replies":[{"embeddable":true,"href":"https:\/\/medicinasinc.com\/ro\/wp-json\/wp\/v2\/comments?post=5209"}],"wp:featuredmedia":[{"embeddable":true,"href":"https:\/\/medicinasinc.com\/ro\/wp-json\/wp\/v2\/media\/5228"}],"wp:attachment":[{"href":"https:\/\/medicinasinc.com\/ro\/wp-json\/wp\/v2\/media?parent=5209"}],"wp:term":[{"taxonomy":"product_brand","embeddable":true,"href":"https:\/\/medicinasinc.com\/ro\/wp-json\/wp\/v2\/product_brand?post=5209"},{"taxonomy":"product_cat","embeddable":true,"href":"https:\/\/medicinasinc.com\/ro\/wp-json\/wp\/v2\/product_cat?post=5209"},{"taxonomy":"product_tag","embeddable":true,"href":"https:\/\/medicinasinc.com\/ro\/wp-json\/wp\/v2\/product_tag?post=5209"}],"curies":[{"name":"wp","href":"https:\/\/api.w.org\/{rel}","templated":true}]}}