{"id":5208,"date":"2022-02-20T21:58:44","date_gmt":"2022-02-20T21:58:44","guid":{"rendered":"https:\/\/medicinasinc.com\/ro\/?post_type=product&#038;p=5208"},"modified":"2022-03-22T01:04:24","modified_gmt":"2022-03-22T01:04:24","slug":"cumpara-imovane-zopiclone-7-5-mg","status":"publish","type":"product","link":"https:\/\/medicinasinc.com\/ro\/product\/cumpara-imovane-zopiclone-7-5-mg\/","title":{"rendered":"Cump\u0103ra\u021bi Imovane Zopiclone 7,5 mg"},"content":{"rendered":"<p>Comprimatele Imovane Zopiclone pot fi achizi\u021bionate online.<\/p>\n<p>Comprimatele Imovane Zopiclone pot fi achizi\u021bionate online.<\/p>\n<p>Imovane: Zopiclone apar\u021bine clasei de medicamente sedative-hipnotice. Este prescris pentru atenuarea simptomatic\u0103 a problemelor de somn pe termen scurt.<\/p>\n","protected":false},"excerpt":{"rendered":"<div class=\"woocommerce-product-details__short-description\">\n<p>Cump\u0103ra\u021bi online comprimate de zopiclone 7,5mg, zopiclone 7,5mg uk, zopiclone online, zopiclone eu, zopiclone singapore, zopiclone uk, zopiclone amazon, zopiclone 7,5mg comprimate a doua zi livrare<\/p>\n<p>Imovane comprimatele Zopiclone pot fi achizi\u021bionate online.<\/p>\n<p>Imovane: Zopiclone este un medicament sedativ-hipnotic. Este folosit pentru a trata problemele de somn pe termen scurt \u0219i ca tratament simptomatic.<\/p>\n<p>Imovane (Zopiclone) poate fi achizi\u021bionat online cu o re\u021bet\u0103 australian\u0103 valabil\u0103. Bestglobalmeds.com ofer\u0103 transport gratuit pentru toate articolele eliberate pe baz\u0103 de re\u021bet\u0103 \u00een Australia.<\/p>\n<p>Imovane (Zopiclone) este un medicament sedativ-hipnotic. Este folosit pentru a trata problemele de somn pe termen scurt \u0219i ca tratament simptomatic.<\/p>\n<\/p><\/div>\n","protected":false},"featured_media":5226,"comment_status":"open","ping_status":"closed","template":"","meta":[],"product_brand":[],"product_cat":[1117],"product_tag":[1362,1367,1368,1364,1365,1366,1363,1369],"class_list":{"0":"post-5208","1":"product","2":"type-product","3":"status-publish","4":"has-post-thumbnail","6":"product_cat-cumparati-pastile-pentru-durere-somn-sex","7":"product_tag-buy-zopiclone-7-5mg-tablets-next-day-delivery","8":"product_tag-buy-zopiclone-singapore","9":"product_tag-buy-zopiclone-uk","10":"product_tag-cumpr-zopiclone-7-5mg-uk","11":"product_tag-buy-zopiclone-eu","12":"product_tag-cumpr-zopiclone-online","13":"product_tag-cumpara-zopiclone-7-5mg-tablete-online","14":"product_tag-zopiclone-amazon","16":"first","17":"instock","18":"shipping-taxable","19":"purchasable","20":"product-type-variable","21":"has-default-attributes"},"yoast_head":"<!-- This site is optimized with the Yoast SEO plugin v27.3 - https:\/\/yoast.com\/product\/yoast-seo-wordpress\/ -->\n<title>Cump\u0103ra\u021bi Imovane Zopiclone 7,5 mg - Cele mai bune medicamente globale<\/title>\n<meta name=\"description\" content=\"cump\u0103ra\u021bi zopiclone 7,5 mg comprimate online, cump\u0103ra\u021bi zopiclone 7,5 mg uk, cump\u0103ra\u021bi zopiclone online, cump\u0103ra\u021bi zopiclone eu, cump\u0103ra\u021bi zopiclone singapore, cump\u0103ra\u021bi zopiclone uk, zopiclone amazon, cump\u0103ra\u021bi zopiclone 7,5 mg comprimate livrare \u00een ziua urm\u0103toare,\" \/>\n<meta name=\"robots\" content=\"index, follow, max-snippet:-1, max-image-preview:large, max-video-preview:-1\" \/>\n<link rel=\"canonical\" href=\"https:\/\/medicinasinc.com\/ro\/product\/cumpara-imovane-zopiclone-7-5-mg\/\" \/>\n<meta property=\"og:locale\" content=\"en_US\" \/>\n<meta property=\"og:type\" content=\"article\" \/>\n<meta property=\"og:title\" content=\"Cump\u0103ra\u021bi Imovane Zopiclone 7,5 mg - Cele mai bune medicamente globale\" \/>\n<meta property=\"og:description\" content=\"cump\u0103ra\u021bi zopiclone 7,5 mg comprimate online, cump\u0103ra\u021bi zopiclone 7,5 mg uk, cump\u0103ra\u021bi zopiclone online, cump\u0103ra\u021bi zopiclone eu, cump\u0103ra\u021bi zopiclone singapore, cump\u0103ra\u021bi zopiclone uk, zopiclone amazon, cump\u0103ra\u021bi zopiclone 7,5 mg comprimate livrare \u00een ziua urm\u0103toare,\" \/>\n<meta property=\"og:url\" content=\"https:\/\/medicinasinc.com\/ro\/product\/cumpara-imovane-zopiclone-7-5-mg\/\" \/>\n<meta property=\"og:site_name\" content=\"Medicinas Inc\" \/>\n<meta property=\"article:modified_time\" content=\"2022-03-22T01:04:24+00:00\" \/>\n<meta property=\"og:image\" content=\"https:\/\/medicinasinc.com\/ro\/wp-content\/uploads\/sites\/11\/2022\/02\/Buy-Imovane-Zopiclone-7.5-mg.jpg\" \/>\n\t<meta property=\"og:image:width\" content=\"570\" \/>\n\t<meta property=\"og:image:height\" content=\"340\" \/>\n\t<meta property=\"og:image:type\" content=\"image\/jpeg\" \/>\n<meta name=\"twitter:card\" content=\"summary_large_image\" \/>\n<meta name=\"twitter:label1\" content=\"Est. reading time\" \/>\n\t<meta name=\"twitter:data1\" content=\"1 minute\" \/>\n<script type=\"application\/ld+json\" class=\"yoast-schema-graph\">{\"@context\":\"https:\\\/\\\/schema.org\",\"@graph\":[{\"@type\":\"WebPage\",\"@id\":\"https:\\\/\\\/medicinasinc.com\\\/ro\\\/product\\\/cumpara-imovane-zopiclone-7-5-mg\\\/\",\"url\":\"https:\\\/\\\/medicinasinc.com\\\/ro\\\/product\\\/cumpara-imovane-zopiclone-7-5-mg\\\/\",\"name\":\"Cump\u0103ra\u021bi Imovane Zopiclone 7,5 mg - Cele mai bune medicamente globale\",\"isPartOf\":{\"@id\":\"https:\\\/\\\/medicinasinc.com\\\/ro\\\/#website\"},\"primaryImageOfPage\":{\"@id\":\"https:\\\/\\\/medicinasinc.com\\\/ro\\\/product\\\/cumpara-imovane-zopiclone-7-5-mg\\\/#primaryimage\"},\"image\":{\"@id\":\"https:\\\/\\\/medicinasinc.com\\\/ro\\\/product\\\/cumpara-imovane-zopiclone-7-5-mg\\\/#primaryimage\"},\"thumbnailUrl\":\"https:\\\/\\\/medicinasinc.com\\\/ro\\\/wp-content\\\/uploads\\\/sites\\\/11\\\/2022\\\/02\\\/Buy-Imovane-Zopiclone-7.5-mg.jpg\",\"datePublished\":\"2022-02-20T21:58:44+00:00\",\"dateModified\":\"2022-03-22T01:04:24+00:00\",\"description\":\"cump\u0103ra\u021bi zopiclone 7,5 mg comprimate online, cump\u0103ra\u021bi zopiclone 7,5 mg uk, cump\u0103ra\u021bi zopiclone online, cump\u0103ra\u021bi zopiclone eu, cump\u0103ra\u021bi zopiclone singapore, cump\u0103ra\u021bi zopiclone uk, zopiclone amazon, cump\u0103ra\u021bi zopiclone 7,5 mg comprimate livrare \u00een ziua urm\u0103toare,\",\"breadcrumb\":{\"@id\":\"https:\\\/\\\/medicinasinc.com\\\/ro\\\/product\\\/cumpara-imovane-zopiclone-7-5-mg\\\/#breadcrumb\"},\"inLanguage\":\"en-US\",\"potentialAction\":[{\"@type\":\"ReadAction\",\"target\":[\"https:\\\/\\\/medicinasinc.com\\\/ro\\\/product\\\/cumpara-imovane-zopiclone-7-5-mg\\\/\"]}]},{\"@type\":\"ImageObject\",\"inLanguage\":\"en-US\",\"@id\":\"https:\\\/\\\/medicinasinc.com\\\/ro\\\/product\\\/cumpara-imovane-zopiclone-7-5-mg\\\/#primaryimage\",\"url\":\"https:\\\/\\\/medicinasinc.com\\\/ro\\\/wp-content\\\/uploads\\\/sites\\\/11\\\/2022\\\/02\\\/Buy-Imovane-Zopiclone-7.5-mg.jpg\",\"contentUrl\":\"https:\\\/\\\/medicinasinc.com\\\/ro\\\/wp-content\\\/uploads\\\/sites\\\/11\\\/2022\\\/02\\\/Buy-Imovane-Zopiclone-7.5-mg.jpg\",\"width\":570,\"height\":340},{\"@type\":\"BreadcrumbList\",\"@id\":\"https:\\\/\\\/medicinasinc.com\\\/ro\\\/product\\\/cumpara-imovane-zopiclone-7-5-mg\\\/#breadcrumb\",\"itemListElement\":[{\"@type\":\"ListItem\",\"position\":1,\"name\":\"Magazin\",\"item\":\"https:\\\/\\\/medicinasinc.com\\\/ro\\\/magazin\\\/\"},{\"@type\":\"ListItem\",\"position\":2,\"name\":\"Cump\u0103ra\u021bi Imovane Zopiclone 7,5 mg\"}]},{\"@type\":\"WebSite\",\"@id\":\"https:\\\/\\\/medicinasinc.com\\\/ro\\\/#website\",\"url\":\"https:\\\/\\\/medicinasinc.com\\\/ro\\\/\",\"name\":\"Medicinas Inc\",\"description\":\"Health Medical Clinic\",\"potentialAction\":[{\"@type\":\"SearchAction\",\"target\":{\"@type\":\"EntryPoint\",\"urlTemplate\":\"https:\\\/\\\/medicinasinc.com\\\/ro\\\/?s={search_term_string}\"},\"query-input\":{\"@type\":\"PropertyValueSpecification\",\"valueRequired\":true,\"valueName\":\"search_term_string\"}}],\"inLanguage\":\"en-US\"}]}<\/script>\n<!-- \/ Yoast SEO plugin. -->","yoast_head_json":{"title":"Cump\u0103ra\u021bi Imovane Zopiclone 7,5 mg - Cele mai bune medicamente globale","description":"cump\u0103ra\u021bi zopiclone 7,5 mg comprimate online, cump\u0103ra\u021bi zopiclone 7,5 mg uk, cump\u0103ra\u021bi zopiclone online, cump\u0103ra\u021bi zopiclone eu, cump\u0103ra\u021bi zopiclone singapore, cump\u0103ra\u021bi zopiclone uk, zopiclone amazon, cump\u0103ra\u021bi zopiclone 7,5 mg comprimate livrare \u00een ziua urm\u0103toare,","robots":{"index":"index","follow":"follow","max-snippet":"max-snippet:-1","max-image-preview":"max-image-preview:large","max-video-preview":"max-video-preview:-1"},"canonical":"https:\/\/medicinasinc.com\/ro\/product\/cumpara-imovane-zopiclone-7-5-mg\/","og_locale":"en_US","og_type":"article","og_title":"Cump\u0103ra\u021bi Imovane Zopiclone 7,5 mg - Cele mai bune medicamente globale","og_description":"cump\u0103ra\u021bi zopiclone 7,5 mg comprimate online, cump\u0103ra\u021bi zopiclone 7,5 mg uk, cump\u0103ra\u021bi zopiclone online, cump\u0103ra\u021bi zopiclone eu, cump\u0103ra\u021bi zopiclone singapore, cump\u0103ra\u021bi zopiclone uk, zopiclone amazon, cump\u0103ra\u021bi zopiclone 7,5 mg comprimate livrare \u00een ziua urm\u0103toare,","og_url":"https:\/\/medicinasinc.com\/ro\/product\/cumpara-imovane-zopiclone-7-5-mg\/","og_site_name":"Medicinas Inc","article_modified_time":"2022-03-22T01:04:24+00:00","og_image":[{"width":570,"height":340,"url":"https:\/\/medicinasinc.com\/ro\/wp-content\/uploads\/sites\/11\/2022\/02\/Buy-Imovane-Zopiclone-7.5-mg.jpg","type":"image\/jpeg"}],"twitter_card":"summary_large_image","twitter_misc":{"Est. reading time":"1 minute"},"schema":{"@context":"https:\/\/schema.org","@graph":[{"@type":"WebPage","@id":"https:\/\/medicinasinc.com\/ro\/product\/cumpara-imovane-zopiclone-7-5-mg\/","url":"https:\/\/medicinasinc.com\/ro\/product\/cumpara-imovane-zopiclone-7-5-mg\/","name":"Cump\u0103ra\u021bi Imovane Zopiclone 7,5 mg - Cele mai bune medicamente globale","isPartOf":{"@id":"https:\/\/medicinasinc.com\/ro\/#website"},"primaryImageOfPage":{"@id":"https:\/\/medicinasinc.com\/ro\/product\/cumpara-imovane-zopiclone-7-5-mg\/#primaryimage"},"image":{"@id":"https:\/\/medicinasinc.com\/ro\/product\/cumpara-imovane-zopiclone-7-5-mg\/#primaryimage"},"thumbnailUrl":"https:\/\/medicinasinc.com\/ro\/wp-content\/uploads\/sites\/11\/2022\/02\/Buy-Imovane-Zopiclone-7.5-mg.jpg","datePublished":"2022-02-20T21:58:44+00:00","dateModified":"2022-03-22T01:04:24+00:00","description":"cump\u0103ra\u021bi zopiclone 7,5 mg comprimate online, cump\u0103ra\u021bi zopiclone 7,5 mg uk, cump\u0103ra\u021bi zopiclone online, cump\u0103ra\u021bi zopiclone eu, cump\u0103ra\u021bi zopiclone singapore, cump\u0103ra\u021bi zopiclone uk, zopiclone amazon, cump\u0103ra\u021bi zopiclone 7,5 mg comprimate livrare \u00een ziua urm\u0103toare,","breadcrumb":{"@id":"https:\/\/medicinasinc.com\/ro\/product\/cumpara-imovane-zopiclone-7-5-mg\/#breadcrumb"},"inLanguage":"en-US","potentialAction":[{"@type":"ReadAction","target":["https:\/\/medicinasinc.com\/ro\/product\/cumpara-imovane-zopiclone-7-5-mg\/"]}]},{"@type":"ImageObject","inLanguage":"en-US","@id":"https:\/\/medicinasinc.com\/ro\/product\/cumpara-imovane-zopiclone-7-5-mg\/#primaryimage","url":"https:\/\/medicinasinc.com\/ro\/wp-content\/uploads\/sites\/11\/2022\/02\/Buy-Imovane-Zopiclone-7.5-mg.jpg","contentUrl":"https:\/\/medicinasinc.com\/ro\/wp-content\/uploads\/sites\/11\/2022\/02\/Buy-Imovane-Zopiclone-7.5-mg.jpg","width":570,"height":340},{"@type":"BreadcrumbList","@id":"https:\/\/medicinasinc.com\/ro\/product\/cumpara-imovane-zopiclone-7-5-mg\/#breadcrumb","itemListElement":[{"@type":"ListItem","position":1,"name":"Magazin","item":"https:\/\/medicinasinc.com\/ro\/magazin\/"},{"@type":"ListItem","position":2,"name":"Cump\u0103ra\u021bi Imovane Zopiclone 7,5 mg"}]},{"@type":"WebSite","@id":"https:\/\/medicinasinc.com\/ro\/#website","url":"https:\/\/medicinasinc.com\/ro\/","name":"Medicinas Inc","description":"Health Medical Clinic","potentialAction":[{"@type":"SearchAction","target":{"@type":"EntryPoint","urlTemplate":"https:\/\/medicinasinc.com\/ro\/?s={search_term_string}"},"query-input":{"@type":"PropertyValueSpecification","valueRequired":true,"valueName":"search_term_string"}}],"inLanguage":"en-US"}]}},"_links":{"self":[{"href":"https:\/\/medicinasinc.com\/ro\/wp-json\/wp\/v2\/product\/5208","targetHints":{"allow":["GET"]}}],"collection":[{"href":"https:\/\/medicinasinc.com\/ro\/wp-json\/wp\/v2\/product"}],"about":[{"href":"https:\/\/medicinasinc.com\/ro\/wp-json\/wp\/v2\/types\/product"}],"replies":[{"embeddable":true,"href":"https:\/\/medicinasinc.com\/ro\/wp-json\/wp\/v2\/comments?post=5208"}],"wp:featuredmedia":[{"embeddable":true,"href":"https:\/\/medicinasinc.com\/ro\/wp-json\/wp\/v2\/media\/5226"}],"wp:attachment":[{"href":"https:\/\/medicinasinc.com\/ro\/wp-json\/wp\/v2\/media?parent=5208"}],"wp:term":[{"taxonomy":"product_brand","embeddable":true,"href":"https:\/\/medicinasinc.com\/ro\/wp-json\/wp\/v2\/product_brand?post=5208"},{"taxonomy":"product_cat","embeddable":true,"href":"https:\/\/medicinasinc.com\/ro\/wp-json\/wp\/v2\/product_cat?post=5208"},{"taxonomy":"product_tag","embeddable":true,"href":"https:\/\/medicinasinc.com\/ro\/wp-json\/wp\/v2\/product_tag?post=5208"}],"curies":[{"name":"wp","href":"https:\/\/api.w.org\/{rel}","templated":true}]}}